{"id":50774,"date":"2022-03-31T19:25:43","date_gmt":"2022-03-31T18:25:43","guid":{"rendered":"https:\/\/standuppaddleboardworld.com\/?page_id=50774"},"modified":"2024-03-07T09:40:23","modified_gmt":"2024-03-07T08:40:23","slug":"koop-mijn-boards","status":"publish","type":"page","link":"https:\/\/standuppaddleboardworld.com\/nl\/koop-mijn-boards\/","title":{"rendered":"Tweedehands SUP kopen? Koop mijn boards!"},"content":{"rendered":"\n<p>Zoals jullie vast en zeker opgemerkt hebben, krijg ik ieder jaar veel boards om te testen op mijn website. S<\/p>\n\n\n\n<p>Op deze pagina vind je SUP boards die ik in totaal zo&#8217;n 2 dagen getest heb om de review te kunnen schrijven. Deze boards mogen tegen hoge korting weg (<em>zo&#8217;n 60 &#8211; 70% van de nieuwprijs, maar in nieuwstaat)<\/em>, omdat mijn kelder t\u00e9 vol raakt. Heb je interesse in \u00e9\u00e9n van de boards? Stuur mij even een mailtje naar <strong><a href=\"mailto:TOMGROENEN@GMAIL.COM\" target=\"_blank\" rel=\"noreferrer noopener\">TOMGROENEN@GMAIL.COM<\/a><\/strong>. Boards zijn op te halen in Arnhem.  <\/p>\n\n\n\n<p><strong>Let op: deze pagina wordt regelmatig vernieuwd! <\/strong>Het kan zijn dat niet alle boards op deze pagina staan, dus mail me gerust even!<\/p>\n\n\n\n<div class=\"wp-block-buttons is-layout-flex wp-block-buttons-is-layout-flex\">\n<div class=\"wp-block-button\"><a class=\"wp-block-button__link wp-element-button\" href=\"mailto:tomgroenen@gmail.com\" target=\"_blank\" rel=\"noreferrer noopener\">Interesse in een board? Mail mij! <\/a><\/div>\n<\/div>\n\n\n\n<hr class=\"wp-block-separator has-css-opacity\"\/>\n\n\n\n<hr class=\"wp-block-separator has-css-opacity\"\/>\n\n\n\n<div class=\"wp-block-columns is-layout-flex wp-container-core-columns-is-layout-9d6595d7 wp-block-columns-is-layout-flex\">\n<div class=\"wp-block-column is-layout-flow wp-block-column-is-layout-flow\">\n<figure class=\"wp-block-image size-full\"><img loading=\"lazy\" decoding=\"async\" width=\"600\" height=\"600\" src=\"https:\/\/standuppaddleboardworld.com\/wp-content\/uploads\/2023\/07\/EN_2022_Cruise-108_Miami-Pink-01-600x600-1.webp\" alt=\"\" class=\"wp-image-73487\" title=\"\" srcset=\"https:\/\/standuppaddleboardworld.com\/wp-content\/uploads\/2023\/07\/EN_2022_Cruise-108_Miami-Pink-01-600x600-1.webp 600w, https:\/\/standuppaddleboardworld.com\/wp-content\/uploads\/2023\/07\/EN_2022_Cruise-108_Miami-Pink-01-600x600-1-300x300.webp 300w, https:\/\/standuppaddleboardworld.com\/wp-content\/uploads\/2023\/07\/EN_2022_Cruise-108_Miami-Pink-01-600x600-1-150x150.webp 150w, https:\/\/standuppaddleboardworld.com\/wp-content\/uploads\/2023\/07\/EN_2022_Cruise-108_Miami-Pink-01-600x600-1-75x75.webp 75w\" sizes=\"auto, (max-width: 600px) 100vw, 600px\" \/><\/figure>\n<\/div>\n\n\n\n<div class=\"wp-block-column is-layout-flow wp-block-column-is-layout-flow\">\n<p><strong>Product: <\/strong><br>Bluefin Cruise Miami Pink<\/p>\n\n\n\n<p><a href=\"https:\/\/bluefinsupboards.com\/nl\/all-round-paddle-boards\/\" target=\"_blank\" rel=\"noopener\">info<\/a><\/p>\n\n\n\n<p><br><\/p>\n<\/div>\n\n\n\n<div class=\"wp-block-column is-layout-flow wp-block-column-is-layout-flow\">\n<p><strong>Prijs: <\/strong> <br>Originele prijs: \u20ac549 <em>(op 7 juni 2023)<\/em><br>Op te halen voor: <strong>\u20ac<\/strong>400<\/p>\n<\/div>\n<\/div>\n\n\n\n<div class=\"wp-block-columns is-layout-flex wp-container-core-columns-is-layout-9d6595d7 wp-block-columns-is-layout-flex\">\n<div class=\"wp-block-column is-layout-flow wp-block-column-is-layout-flow\">\n<figure class=\"wp-block-image size-full\"><img loading=\"lazy\" decoding=\"async\" width=\"600\" height=\"600\" src=\"https:\/\/standuppaddleboardworld.com\/wp-content\/uploads\/2023\/07\/EN_2022_Cruise-108_Gecko-Blue-01-600x600-1.webp\" alt=\"\" class=\"wp-image-73511\" title=\"\" srcset=\"https:\/\/standuppaddleboardworld.com\/wp-content\/uploads\/2023\/07\/EN_2022_Cruise-108_Gecko-Blue-01-600x600-1.webp 600w, https:\/\/standuppaddleboardworld.com\/wp-content\/uploads\/2023\/07\/EN_2022_Cruise-108_Gecko-Blue-01-600x600-1-300x300.webp 300w, https:\/\/standuppaddleboardworld.com\/wp-content\/uploads\/2023\/07\/EN_2022_Cruise-108_Gecko-Blue-01-600x600-1-150x150.webp 150w, https:\/\/standuppaddleboardworld.com\/wp-content\/uploads\/2023\/07\/EN_2022_Cruise-108_Gecko-Blue-01-600x600-1-75x75.webp 75w\" sizes=\"auto, (max-width: 600px) 100vw, 600px\" \/><\/figure>\n<\/div>\n\n\n\n<div class=\"wp-block-column is-layout-flow wp-block-column-is-layout-flow\">\n<p><strong>Product: <\/strong><br>Bluefin Cruise Gecko Blue<\/p>\n\n\n\n<p><a href=\"https:\/\/bluefinsupboards.com\/nl\/all-round-paddle-boards\/\" target=\"_blank\" rel=\"noopener\">info<\/a><\/p>\n\n\n\n<p><br><\/p>\n<\/div>\n\n\n\n<div class=\"wp-block-column is-layout-flow wp-block-column-is-layout-flow\">\n<p><strong>Prijs: <\/strong> <br>Originele prijs: \u20ac699 <em>(op 7 juni 2023)<\/em><br>Op te halen voor: <strong>\u20ac<\/strong>450<\/p>\n<\/div>\n<\/div>\n\n\n\n<div class=\"wp-block-columns is-layout-flex wp-container-core-columns-is-layout-9d6595d7 wp-block-columns-is-layout-flex\">\n<div class=\"wp-block-column is-layout-flow wp-block-column-is-layout-flow\">\n<figure class=\"wp-block-image size-full\"><img loading=\"lazy\" decoding=\"async\" width=\"600\" height=\"600\" src=\"https:\/\/standuppaddleboardworld.com\/wp-content\/uploads\/2023\/07\/EN_2022_Cruise-108_Sunburst-Orange-01-600x600-1.webp\" alt=\"\" class=\"wp-image-73499\" title=\"\" srcset=\"https:\/\/standuppaddleboardworld.com\/wp-content\/uploads\/2023\/07\/EN_2022_Cruise-108_Sunburst-Orange-01-600x600-1.webp 600w, https:\/\/standuppaddleboardworld.com\/wp-content\/uploads\/2023\/07\/EN_2022_Cruise-108_Sunburst-Orange-01-600x600-1-300x300.webp 300w, https:\/\/standuppaddleboardworld.com\/wp-content\/uploads\/2023\/07\/EN_2022_Cruise-108_Sunburst-Orange-01-600x600-1-150x150.webp 150w, https:\/\/standuppaddleboardworld.com\/wp-content\/uploads\/2023\/07\/EN_2022_Cruise-108_Sunburst-Orange-01-600x600-1-75x75.webp 75w\" sizes=\"auto, (max-width: 600px) 100vw, 600px\" \/><\/figure>\n<\/div>\n\n\n\n<div class=\"wp-block-column is-layout-flow wp-block-column-is-layout-flow\">\n<p><strong>Product: <\/strong><br>Bluefin Cruise Oranje &#8211; ongebruikt in doos! <\/p>\n\n\n\n<p><a href=\"https:\/\/bluefinsupboards.com\/nl\/all-round-paddle-boards\/\" target=\"_blank\" rel=\"noopener\">info<\/a><\/p>\n\n\n\n<p><br><\/p>\n<\/div>\n\n\n\n<div class=\"wp-block-column is-layout-flow wp-block-column-is-layout-flow\">\n<p><strong>Prijs: <\/strong> <br>Originele prijs: \u20ac699 <em>(op 7 juni 2023)<\/em><br>Op te halen voor: <strong>\u20ac<\/strong>450<\/p>\n<\/div>\n<\/div>\n\n\n\n<div class=\"wp-block-columns is-layout-flex wp-container-core-columns-is-layout-9d6595d7 wp-block-columns-is-layout-flex\">\n<div class=\"wp-block-column is-layout-flow wp-block-column-is-layout-flow\">\n<figure class=\"wp-block-image size-full\"><img loading=\"lazy\" decoding=\"async\" width=\"600\" height=\"600\" src=\"https:\/\/standuppaddleboardworld.com\/wp-content\/uploads\/2023\/07\/NL_Cruise_V4.5_Annotated-Image-with-Kayak-Flash-600x600-1.webp\" alt=\"\" class=\"wp-image-73505\" title=\"\" srcset=\"https:\/\/standuppaddleboardworld.com\/wp-content\/uploads\/2023\/07\/NL_Cruise_V4.5_Annotated-Image-with-Kayak-Flash-600x600-1.webp 600w, https:\/\/standuppaddleboardworld.com\/wp-content\/uploads\/2023\/07\/NL_Cruise_V4.5_Annotated-Image-with-Kayak-Flash-600x600-1-300x300.webp 300w, https:\/\/standuppaddleboardworld.com\/wp-content\/uploads\/2023\/07\/NL_Cruise_V4.5_Annotated-Image-with-Kayak-Flash-600x600-1-150x150.webp 150w, https:\/\/standuppaddleboardworld.com\/wp-content\/uploads\/2023\/07\/NL_Cruise_V4.5_Annotated-Image-with-Kayak-Flash-600x600-1-75x75.webp 75w\" sizes=\"auto, (max-width: 600px) 100vw, 600px\" \/><\/figure>\n<\/div>\n\n\n\n<div class=\"wp-block-column is-layout-flow wp-block-column-is-layout-flow\">\n<p><strong>Product: <\/strong><br>Bluefin Cruise legacy blue- ongebruikt in doos! <\/p>\n\n\n\n<p><a href=\"https:\/\/bluefinsupboards.com\/nl\/all-round-paddle-boards\/\" target=\"_blank\" rel=\"noopener\">info<\/a><\/p>\n\n\n\n<p><br><\/p>\n<\/div>\n\n\n\n<div class=\"wp-block-column is-layout-flow wp-block-column-is-layout-flow\">\n<p><strong>Prijs: <\/strong> <br>Originele prijs: \u20ac599 <em>(op 7 juni 2023)<\/em><br>Op te halen voor: <strong>\u20ac<\/strong>400<\/p>\n<\/div>\n<\/div>\n\n\n\n<div class=\"wp-block-columns is-layout-flex wp-container-core-columns-is-layout-9d6595d7 wp-block-columns-is-layout-flex\">\n<div class=\"wp-block-column is-layout-flow wp-block-column-is-layout-flow\">\n<figure class=\"wp-block-image size-large\"><img loading=\"lazy\" decoding=\"async\" width=\"895\" height=\"1024\" src=\"https:\/\/standuppaddleboardworld.com\/wp-content\/uploads\/2022\/07\/Screenshot-2022-07-25-at-12.39.12-895x1024.png\" alt=\"bluefin mammoth\" class=\"wp-image-56860\" title=\"\" srcset=\"https:\/\/standuppaddleboardworld.com\/wp-content\/uploads\/2022\/07\/Screenshot-2022-07-25-at-12.39.12-895x1024.png 895w, https:\/\/standuppaddleboardworld.com\/wp-content\/uploads\/2022\/07\/Screenshot-2022-07-25-at-12.39.12-262x300.png 262w, https:\/\/standuppaddleboardworld.com\/wp-content\/uploads\/2022\/07\/Screenshot-2022-07-25-at-12.39.12-768x879.png 768w, https:\/\/standuppaddleboardworld.com\/wp-content\/uploads\/2022\/07\/Screenshot-2022-07-25-at-12.39.12.png 915w\" sizes=\"auto, (max-width: 895px) 100vw, 895px\" \/><figcaption class=\"wp-element-caption\">bluefin mammoth<\/figcaption><\/figure>\n<\/div>\n\n\n\n<div class=\"wp-block-column is-layout-flow wp-block-column-is-layout-flow\">\n<p><strong>Product: <\/strong><br>Bluefin Mammoth &#8211; gebruikssporen, niet alle vinnen meer aanwezig <\/p>\n\n\n\n<p><a href=\"https:\/\/bluefinsupboards.com\/nl\/sup-board-mammoth\/\" target=\"_blank\" rel=\"noopener\">info<\/a><\/p>\n\n\n\n<p><br><\/p>\n<\/div>\n\n\n\n<div class=\"wp-block-column is-layout-flow wp-block-column-is-layout-flow\">\n<p><strong>Prijs: <\/strong> <br>Originele prijs: \u20ac1299 <em>(op 7 juni 2023)<\/em><br>Op te halen voor: <strong>\u20ac<\/strong>550<\/p>\n<\/div>\n<\/div>\n\n\n\n<div class=\"wp-block-columns is-layout-flex wp-container-core-columns-is-layout-9d6595d7 wp-block-columns-is-layout-flex\">\n<div class=\"wp-block-column is-layout-flow wp-block-column-is-layout-flow\">\n<figure class=\"wp-block-image size-large\"><img loading=\"lazy\" decoding=\"async\" width=\"1024\" height=\"768\" src=\"https:\/\/standuppaddleboardworld.com\/wp-content\/uploads\/2021\/08\/SIPA-Board-Tom-6-1024x768.jpg\" alt=\"SIPA-Board-Tom (6)\" class=\"wp-image-42707\" title=\"\" srcset=\"https:\/\/standuppaddleboardworld.com\/wp-content\/uploads\/2021\/08\/SIPA-Board-Tom-6-1024x768.jpg 1024w, https:\/\/standuppaddleboardworld.com\/wp-content\/uploads\/2021\/08\/SIPA-Board-Tom-6-300x225.jpg 300w, https:\/\/standuppaddleboardworld.com\/wp-content\/uploads\/2021\/08\/SIPA-Board-Tom-6-768x576.jpg 768w, https:\/\/standuppaddleboardworld.com\/wp-content\/uploads\/2021\/08\/SIPA-Board-Tom-6-1536x1152.jpg 1536w, https:\/\/standuppaddleboardworld.com\/wp-content\/uploads\/2021\/08\/SIPA-Board-Tom-6-2048x1536.jpg 2048w, https:\/\/standuppaddleboardworld.com\/wp-content\/uploads\/2021\/08\/SIPA-Board-Tom-6-702x526.jpg 702w\" sizes=\"auto, (max-width: 1024px) 100vw, 1024px\" \/><\/figure>\n<\/div>\n\n\n\n<div class=\"wp-block-column is-layout-flow wp-block-column-is-layout-flow\">\n<p><strong>Product: <\/strong><br>SIPA Drive all-rounder <br><a href=\"https:\/\/standuppaddleboardworld.com\/sipa-boards\/sipa-drive-all-arounder\/\">Link naar review<\/a><\/p>\n<\/div>\n\n\n\n<div class=\"wp-block-column is-layout-flow wp-block-column-is-layout-flow\">\n<p><strong>Prijs: <\/strong> <br>Originele prijs: \u20ac<a href=\"https:\/\/sipaboards.com\/product\/drive-allrounder\/\" target=\"_blank\" rel=\"noreferrer noopener\">2290 <\/a><br>Op te halen voor: <strong>\u20ac1300<\/strong><\/p>\n<\/div>\n<\/div>\n\n\n\n<hr class=\"wp-block-separator has-css-opacity\"\/>\n\n\n\n<div class=\"wp-block-columns is-layout-flex wp-container-core-columns-is-layout-9d6595d7 wp-block-columns-is-layout-flex\">\n<div class=\"wp-block-column is-layout-flow wp-block-column-is-layout-flow\">\n<figure class=\"wp-block-image size-large\"><img loading=\"lazy\" decoding=\"async\" width=\"768\" height=\"1024\" src=\"https:\/\/standuppaddleboardworld.com\/wp-content\/uploads\/2022\/08\/IMG_20220823_094824-768x1024.jpg\" alt=\"\" class=\"wp-image-58388\" title=\"\" srcset=\"https:\/\/standuppaddleboardworld.com\/wp-content\/uploads\/2022\/08\/IMG_20220823_094824-768x1024.jpg 768w, https:\/\/standuppaddleboardworld.com\/wp-content\/uploads\/2022\/08\/IMG_20220823_094824-225x300.jpg 225w, https:\/\/standuppaddleboardworld.com\/wp-content\/uploads\/2022\/08\/IMG_20220823_094824-1152x1536.jpg 1152w, https:\/\/standuppaddleboardworld.com\/wp-content\/uploads\/2022\/08\/IMG_20220823_094824.jpg 1400w\" sizes=\"auto, (max-width: 768px) 100vw, 768px\" \/><\/figure>\n<\/div>\n\n\n\n<div class=\"wp-block-column is-layout-flow wp-block-column-is-layout-flow\">\n<p><strong>Product: <\/strong><br>Gili 15&#8242; Manta Ray (orange)<\/p>\n\n\n\n<p><a href=\"https:\/\/www.gilisports.com\/collections\/stand-up-paddle-boards\/products\/manta-ray-stand-up-paddle-board?variant=37656706810014\" target=\"_blank\" rel=\"noreferrer noopener\">info<\/a><\/p>\n\n\n\n<p><br><\/p>\n<\/div>\n\n\n\n<div class=\"wp-block-column is-layout-flow wp-block-column-is-layout-flow\">\n<p><strong>Prijs: <\/strong> <br>Originele prijs: $1150 <em>(op 7 juni 2023)<\/em><br>Op te halen voor: <strong>\u20ac<\/strong>700<\/p>\n<\/div>\n<\/div>\n\n\n\n<hr class=\"wp-block-separator has-css-opacity\"\/>\n\n\n\n<hr class=\"wp-block-separator has-css-opacity\"\/>\n\n\n\n<div class=\"wp-block-buttons is-layout-flex wp-block-buttons-is-layout-flex\">\n<div class=\"wp-block-button\"><a class=\"wp-block-button__link wp-element-button\" href=\"mailto:tomgroenen@gmail.com\">Interesse in een board? Mail mij<\/a><\/div>\n<\/div>\n","protected":false},"excerpt":{"rendered":"<p>Zoals jullie vast en zeker opgemerkt hebben, krijg ik ieder jaar veel boards om te testen op mijn website. S Op deze pagina vind je SUP boards die ik in totaal zo&#8217;n 2 dagen getest heb om de review te kunnen schrijven. Deze boards mogen tegen hoge korting weg (zo&#8217;n 60 &#8211; 70% van de [&hellip;]<\/p>\n","protected":false},"author":1,"featured_media":43677,"parent":0,"menu_order":0,"comment_status":"closed","ping_status":"closed","template":"","meta":{"_genesis_hide_title":false,"_genesis_hide_breadcrumbs":false,"_genesis_hide_singular_image":false,"_genesis_hide_footer_widgets":false,"_genesis_custom_body_class":"","_genesis_custom_post_class":"","_genesis_layout":"","footnotes":""},"categories":[],"tags":[],"class_list":{"0":"post-50774","1":"page","2":"type-page","3":"status-publish","4":"has-post-thumbnail","6":"entry"},"acf":[],"_links":{"self":[{"href":"https:\/\/standuppaddleboardworld.com\/nl\/wp-json\/wp\/v2\/pages\/50774","targetHints":{"allow":["GET"]}}],"collection":[{"href":"https:\/\/standuppaddleboardworld.com\/nl\/wp-json\/wp\/v2\/pages"}],"about":[{"href":"https:\/\/standuppaddleboardworld.com\/nl\/wp-json\/wp\/v2\/types\/page"}],"author":[{"embeddable":true,"href":"https:\/\/standuppaddleboardworld.com\/nl\/wp-json\/wp\/v2\/users\/1"}],"replies":[{"embeddable":true,"href":"https:\/\/standuppaddleboardworld.com\/nl\/wp-json\/wp\/v2\/comments?post=50774"}],"version-history":[{"count":4,"href":"https:\/\/standuppaddleboardworld.com\/nl\/wp-json\/wp\/v2\/pages\/50774\/revisions"}],"predecessor-version":[{"id":77752,"href":"https:\/\/standuppaddleboardworld.com\/nl\/wp-json\/wp\/v2\/pages\/50774\/revisions\/77752"}],"wp:featuredmedia":[{"embeddable":true,"href":"https:\/\/standuppaddleboardworld.com\/nl\/wp-json\/wp\/v2\/media\/43677"}],"wp:attachment":[{"href":"https:\/\/standuppaddleboardworld.com\/nl\/wp-json\/wp\/v2\/media?parent=50774"}],"wp:term":[{"taxonomy":"category","embeddable":true,"href":"https:\/\/standuppaddleboardworld.com\/nl\/wp-json\/wp\/v2\/categories?post=50774"},{"taxonomy":"post_tag","embeddable":true,"href":"https:\/\/standuppaddleboardworld.com\/nl\/wp-json\/wp\/v2\/tags?post=50774"}],"curies":[{"name":"wp","href":"https:\/\/api.w.org\/{rel}","templated":true}]}}