{"id":18043,"date":"2023-02-23T15:06:15","date_gmt":"2023-02-23T14:06:15","guid":{"rendered":"https:\/\/standuppaddleboardworld.com\/?page_id=18043"},"modified":"2023-02-23T15:06:18","modified_gmt":"2023-02-23T14:06:18","slug":"wetsuit-of-drysuit","status":"publish","type":"page","link":"https:\/\/standuppaddleboardworld.com\/nl\/wetsuit\/wetsuit-of-drysuit\/","title":{"rendered":"Wetsuit of drysuit: wat zijn de belangrijkste verschillen?"},"content":{"rendered":"\n<p>Misschien vraag je je af wat je moet kopen om je peddel-, duik- of surfervaring nog aangenamer te maken. Een wetsuit of drysuit? En wat zijn de belangrijkste verschillen?<\/p>\n\n\n\n<p>In ieder geval ben je hier aan het juiste adres, want in dit artikel bespreek ik de voor- en nadelen van deze twee soorten pakken. Zo zul je makkelijk kunnen beslissen wat het best bij jou en je wateravonturen past.<\/p>\n\n\n\n<h2 class=\"wp-block-heading\"><span class=\"ez-toc-section\" id=\"Wat_is_het_verschil_tussen_een_wetsuit_en_een_drysuit\"><\/span>Wat is het verschil tussen een wetsuit en een drysuit?<span class=\"ez-toc-section-end\"><\/span><\/h2><div id=\"ez-toc-container\" class=\"ez-toc-v2_0_82_2 counter-flat ez-toc-counter ez-toc-custom ez-toc-container-direction\">\n<label for=\"ez-toc-cssicon-toggle-item-69d72631808f6\" class=\"ez-toc-cssicon-toggle-label\"><span class=\"\"><span class=\"eztoc-hide\" style=\"display:none;\">Toggle<\/span><span class=\"ez-toc-icon-toggle-span\"><svg style=\"fill: #1a2b49;color:#1a2b49\" xmlns=\"http:\/\/www.w3.org\/2000\/svg\" class=\"list-377408\" width=\"20px\" height=\"20px\" viewBox=\"0 0 24 24\" fill=\"none\"><path d=\"M6 6H4v2h2V6zm14 0H8v2h12V6zM4 11h2v2H4v-2zm16 0H8v2h12v-2zM4 16h2v2H4v-2zm16 0H8v2h12v-2z\" fill=\"currentColor\"><\/path><\/svg><svg style=\"fill: #1a2b49;color:#1a2b49\" class=\"arrow-unsorted-368013\" xmlns=\"http:\/\/www.w3.org\/2000\/svg\" width=\"10px\" height=\"10px\" viewBox=\"0 0 24 24\" version=\"1.2\" baseProfile=\"tiny\"><path d=\"M18.2 9.3l-6.2-6.3-6.2 6.3c-.2.2-.3.4-.3.7s.1.5.3.7c.2.2.4.3.7.3h11c.3 0 .5-.1.7-.3.2-.2.3-.5.3-.7s-.1-.5-.3-.7zM5.8 14.7l6.2 6.3 6.2-6.3c.2-.2.3-.5.3-.7s-.1-.5-.3-.7c-.2-.2-.4-.3-.7-.3h-11c-.3 0-.5.1-.7.3-.2.2-.3.5-.3.7s.1.5.3.7z\"\/><\/svg><\/span><\/span><\/label><input type=\"checkbox\"  id=\"ez-toc-cssicon-toggle-item-69d72631808f6\"  aria-label=\"Toggle\" \/><nav><ul class='ez-toc-list ez-toc-list-level-1 ' ><li class='ez-toc-page-1'><a class=\"ez-toc-link ez-toc-heading-1\" href=\"https:\/\/standuppaddleboardworld.com\/nl\/wetsuit\/wetsuit-of-drysuit\/#Wat_is_het_verschil_tussen_een_wetsuit_en_een_drysuit\" >Wat is het verschil tussen een wetsuit en een drysuit?<\/a><\/li><li class='ez-toc-page-1'><a class=\"ez-toc-link ez-toc-heading-2\" href=\"https:\/\/standuppaddleboardworld.com\/nl\/wetsuit\/wetsuit-of-drysuit\/#Other_articles_that_might_be_interesting_to_you\" >Other articles that might be interesting to you<\/a><\/li><li class='ez-toc-page-1'><a class=\"ez-toc-link ez-toc-heading-3\" href=\"https:\/\/standuppaddleboardworld.com\/nl\/wetsuit\/wetsuit-of-drysuit\/#Wetsuit_of_drysuit_de_verschillen\" >Wetsuit of drysuit: de verschillen<\/a><\/li><li class='ez-toc-page-1'><a class=\"ez-toc-link ez-toc-heading-4\" href=\"https:\/\/standuppaddleboardworld.com\/nl\/wetsuit\/wetsuit-of-drysuit\/#Wetsuit_of_drysuit_warmte\" >Wetsuit of drysuit: warmte<\/a><\/li><li class='ez-toc-page-1'><a class=\"ez-toc-link ez-toc-heading-5\" href=\"https:\/\/standuppaddleboardworld.com\/nl\/wetsuit\/wetsuit-of-drysuit\/#Wetsuit_of_drysuit_gewicht\" >Wetsuit of drysuit: gewicht<\/a><\/li><li class='ez-toc-page-1'><a class=\"ez-toc-link ez-toc-heading-6\" href=\"https:\/\/standuppaddleboardworld.com\/nl\/wetsuit\/wetsuit-of-drysuit\/#Wetsuit_of_drysuit_drijfvermogen\" >Wetsuit of drysuit: drijfvermogen<\/a><\/li><li class='ez-toc-page-1'><a class=\"ez-toc-link ez-toc-heading-7\" href=\"https:\/\/standuppaddleboardworld.com\/nl\/wetsuit\/wetsuit-of-drysuit\/#Wetsuit_of_drysuit_kostprijs\" >Wetsuit of drysuit: kostprijs<\/a><\/li><li class='ez-toc-page-1'><a class=\"ez-toc-link ez-toc-heading-8\" href=\"https:\/\/standuppaddleboardworld.com\/nl\/wetsuit\/wetsuit-of-drysuit\/#Wetsuit_of_drysuit_onderhoudskost\" >Wetsuit of drysuit: onderhoudskost<\/a><\/li><\/ul><\/nav><\/div>\n\n\n\n\n<p>De kans is groot dat je deze vraag ooit al aan iemand hebt gesteld, en dat het enige antwoord dat je hebt gekregen is <em>dat je met drysuits alleen maar je haar hoeft te drogen na een duik.<\/em> Hoewel dat inderdaad klopt, zijn er ook andere verschillen waar je rekening mee moet houden om een ge\u00efnformeerde aankoopbeslissing te kunnen maken.<\/p>\n\n\n<div class=\"crp-list-container\"><h3 class=\"crp-list-title\"><span class=\"ez-toc-section\" id=\"Other_articles_that_might_be_interesting_to_you\"><\/span>Other articles that might be interesting to you<span class=\"ez-toc-section-end\"><\/span><\/h3><ul class=\"crp-list\"><li class=\"crp-list-item crp-list-item-image-left crp-list-item-has-image\"><div class=\"crp-list-item-image\"><a href=\"https:\/\/standuppaddleboardworld.com\/nl\/wetsuit\/beste-dames-wetsuit\/\"><img loading=\"lazy\" decoding=\"async\" data-pin-nopin=\"true\" style=\"max-width: 50px; height: auto;\" width=\"50\" height=\"50\" src=\"https:\/\/standuppaddleboardworld.com\/wp-content\/uploads\/2020\/07\/Girl-Water-Wetsuit-75x75.jpg\" class=\"attachment-50x50 size-50x50\" alt=\"Girl-Water-Wetsuit\" srcset=\"https:\/\/standuppaddleboardworld.com\/wp-content\/uploads\/2020\/07\/Girl-Water-Wetsuit-75x75.jpg 75w, https:\/\/standuppaddleboardworld.com\/wp-content\/uploads\/2020\/07\/Girl-Water-Wetsuit-150x150.jpg 150w\" sizes=\"auto, (max-width: 50px) 100vw, 50px\" title=\"\"><\/a><\/div><div class=\"crp-list-item-title\"><a href=\"https:\/\/standuppaddleboardworld.com\/nl\/wetsuit\/beste-dames-wetsuit\/\">De beste dames wetsuit &#8211; blijf veilig op het water (2022)<\/a><\/div><\/li><li class=\"crp-list-item crp-list-item-image-left crp-list-item-has-image\"><div class=\"crp-list-item-image\"><a href=\"https:\/\/standuppaddleboardworld.com\/nl\/wetsuit\/neopreen-laarzen\/\"><img loading=\"lazy\" decoding=\"async\" data-pin-nopin=\"true\" style=\"max-width: 50px; height: auto;\" width=\"50\" height=\"50\" src=\"https:\/\/standuppaddleboardworld.com\/wp-content\/uploads\/2021\/02\/Aqua-Shoes-on-Sand-75x75.jpg\" class=\"attachment-50x50 size-50x50\" alt=\"Aqua Shoes on Sand\" srcset=\"https:\/\/standuppaddleboardworld.com\/wp-content\/uploads\/2021\/02\/Aqua-Shoes-on-Sand-75x75.jpg 75w, https:\/\/standuppaddleboardworld.com\/wp-content\/uploads\/2021\/02\/Aqua-Shoes-on-Sand-150x150.jpg 150w\" sizes=\"auto, (max-width: 50px) 100vw, 50px\" title=\"\"><\/a><\/div><div class=\"crp-list-item-title\"><a href=\"https:\/\/standuppaddleboardworld.com\/nl\/wetsuit\/neopreen-laarzen\/\">Top 5 beste neopreen laarzen \u2013 Houd je natte voeten warm<\/a><\/div><\/li><li class=\"crp-list-item crp-list-item-image-left crp-list-item-has-image\"><div class=\"crp-list-item-image\"><a href=\"https:\/\/standuppaddleboardworld.com\/nl\/wetsuit\/wat-is-een-wetsuit\/\"><img loading=\"lazy\" decoding=\"async\" data-pin-nopin=\"true\" style=\"max-width: 50px; height: auto;\" width=\"50\" height=\"50\" src=\"https:\/\/standuppaddleboardworld.com\/wp-content\/uploads\/2020\/07\/Man-Wetsuit-Snow-Cold-75x75.jpg\" class=\"attachment-50x50 size-50x50\" alt=\"Man-Wetsuit-Snow-Cold\" srcset=\"https:\/\/standuppaddleboardworld.com\/wp-content\/uploads\/2020\/07\/Man-Wetsuit-Snow-Cold-75x75.jpg 75w, https:\/\/standuppaddleboardworld.com\/wp-content\/uploads\/2020\/07\/Man-Wetsuit-Snow-Cold-150x150.jpg 150w\" sizes=\"auto, (max-width: 50px) 100vw, 50px\" title=\"\"><\/a><\/div><div class=\"crp-list-item-title\"><a href=\"https:\/\/standuppaddleboardworld.com\/nl\/wetsuit\/wat-is-een-wetsuit\/\">Wat is een wetsuit?<\/a><\/div><\/li><\/ul><\/div>\n\n\n<figure class=\"wp-block-embed is-type-video is-provider-youtube wp-block-embed-youtube wp-embed-aspect-16-9 wp-has-aspect-ratio\"><div class=\"wp-block-embed__wrapper\">\n<iframe loading=\"lazy\" title=\"Wetsuits vs Drysuits - What You Should Know for Cold Water Sports\" width=\"500\" height=\"281\" src=\"https:\/\/www.youtube.com\/embed\/xDG3whJ2e0k?feature=oembed\" frameborder=\"0\" allow=\"accelerometer; autoplay; clipboard-write; encrypted-media; gyroscope; picture-in-picture; web-share\" referrerpolicy=\"strict-origin-when-cross-origin\" allowfullscreen><\/iframe>\n<\/div><figcaption>Wetsuit of drysuit? Een uitgebreide video met uitleg over de belangrijkste verschillen!<\/figcaption><\/figure>\n\n\n\n<h2 class=\"wp-block-heading\"><span class=\"ez-toc-section\" id=\"Wetsuit_of_drysuit_de_verschillen\"><\/span>Wetsuit of drysuit: de verschillen<span class=\"ez-toc-section-end\"><\/span><\/h2>\n\n\n\n<p>Beide pakken zijn gemaakt om je warm te houden in het water. Hoewel ze dit elk op hun eigen manier doen, is het ultieme doel van zowel een wetsuit als een drysuit voorkomen dat de warmte je lichaam net zo snel verlaat als wanneer je niets zou dragen.<\/p>\n\n\n\n<p>De belangrijkste verschillen in de manier waarop je je warm houdt, zijn dus het resultaat van de materialen en de constructiewijze. <\/p>\n\n\n\n<p><strong>Voordat ik deze verschillen op een rijtje zet, is hier alvast een snelkoppeling naar het antwoord.<\/strong><\/p>\n\n\n\n<p><strong>Wetsuits <\/strong>zijn gemaakt van rubber neopreen en zijn ontworpen <strong>om je warm te houden als je nat bent.<\/strong> Dit betekent dus dat je niet droog bent als je in het water zit. Daarom zijn bij wetsuits <a href=\"https:\/\/standuppaddleboardworld.com\/nl\/wetsuit\/wetsuit-aantrekken\/\" class=\"rank-math-link\">de pasvorm en de maat erg belangrijk<\/a>, zoals ik in dat artikel heb besproken.<br><br>Als je<strong> wetsuit<\/strong> <strong>te los<\/strong> zit, zal het meer water binnenlaten dan nodig is, en zul je het <strong>veel sneller koud krijgen.<\/strong> Als je echter de <strong>juiste pasvorm<\/strong> hebt, zul je merken dat wetsuits ideaal zijn voor koude watersporten. In vergelijking met drysuits kun je er namelijk <strong>sportiever <\/strong>mee zijn. <\/p>\n\n\n\n<p>Hoewel <strong>drysuits <\/strong>volledig waterdicht zijn, geven ze niet veel warmte als je er niets anders bij draagt. Klik <a href=\"https:\/\/standuppaddleboardworld.com\/nl\/wetsuit\/wat-draag-je-onder-een-wetsuit\/\" class=\"rank-math-link\">hier <\/a>om te weten te komen welke onderkleding ideaal is om onder je pak aan te trekken. <\/p>\n\n\n\n<p>In principe doet je drysuit dienst als <strong>schelp<\/strong> en <strong>houdt het je volledig droog,<\/strong> maar het past ook losjes als een grote ski-jas. Dit is meteen ook de reden waarom wetsuits meer bewegingen en manoeuvres in het water mogelijk maken, terwijl drysuits geschikter zijn om te duiken.<\/p>\n\n\n\n<p>Hieronder lees je meer over de manier waarop zowel wetsuits als drysuits werken en hoe ze van elkaar verschillen.<\/p>\n\n\n\n<figure class=\"wp-block-image size-large\"><img loading=\"lazy\" decoding=\"async\" width=\"1024\" height=\"683\" src=\"https:\/\/standuppaddleboardworld.com\/wp-content\/uploads\/2020\/07\/Man-Wetsuit-Snow-Cold-1024x683.jpg\" alt=\"Man-Wetsuit-Sneeuw-Koud wetsuit of drysuit\" class=\"wp-image-9297\" title=\"\" srcset=\"https:\/\/standuppaddleboardworld.com\/wp-content\/uploads\/2020\/07\/Man-Wetsuit-Snow-Cold-1024x683.jpg 1024w, https:\/\/standuppaddleboardworld.com\/wp-content\/uploads\/2020\/07\/Man-Wetsuit-Snow-Cold-300x200.jpg 300w, https:\/\/standuppaddleboardworld.com\/wp-content\/uploads\/2020\/07\/Man-Wetsuit-Snow-Cold-768x512.jpg 768w, https:\/\/standuppaddleboardworld.com\/wp-content\/uploads\/2020\/07\/Man-Wetsuit-Snow-Cold.jpg 1200w\" sizes=\"auto, (max-width: 1024px) 100vw, 1024px\" \/><\/figure>\n\n\n\n<h3 class=\"wp-block-heading\"><span class=\"ez-toc-section\" id=\"Wetsuit_of_drysuit_warmte\"><\/span>Wetsuit of drysuit: warmte<span class=\"ez-toc-section-end\"><\/span><\/h3>\n\n\n\n<p>Mensen kiezen meestal voor een drysuit omwille van de watertemperatuur. Als je je op het noordelijk halfrond bevindt en je besluit om te duiken of peddelen, zou je inderdaad kunnen denken dat een drysuit een betere optie is.<\/p>\n\n\n\n<p>Maar wist je dat noch een wetsuit, noch een drysuit is ontworpen om <em><span style=\"text-decoration: underline;\">jou<\/span><\/em> warm te maken? Het enige wat ze doen, is de snelheid waarmee je lichaam warmte verliest, vertragen.<\/p>\n\n\n\n<p><strong>Wetsuits<\/strong> doen dit via hun neopreen, dat een kleine hoeveelheid water op je huid laat binnendringen. Dit water warmt je lichaam zelf op en blijft ook warm. Daarom is het cruciaal om je wetsuit niet te ruim te kopen, want dit zou voortdurend water laten wegvloeien in plaats van de warmte op je lichaam te houden.<\/p>\n\n\n\n<p><strong>Drysuits <\/strong>zorgen voor warmte door je droog te houden met de toevoeging van de onderkleding die je onder je pak draagt. Bij drysuits is er geen water dat de warmte wegneemt en kun je meerdere lagen onderkleding toevoegen voor een extra warm gevoel.<\/p>\n\n\n\n<h3 class=\"wp-block-heading\"><span class=\"ez-toc-section\" id=\"Wetsuit_of_drysuit_gewicht\"><\/span>Wetsuit of drysuit: gewicht<span class=\"ez-toc-section-end\"><\/span><\/h3>\n\n\n\n<p>Hoewel dit meer een probleem vormt voor duikers dan voor surfers of peddelaars, is het toch het vermelden waard.<\/p>\n\n\n\n<p>Het neopreen in het <strong>wetsuit <\/strong>voegt veel drijfvermogen toe, wat geweldig is als je niet duikt, maar alleen maar blijft drijven. Door de compressie van het pak word je echter behoorlijk zwaar als je met een wetsuit gaat diepzeeduiken.<\/p>\n\n\n\n<p>Het leuke aan een <strong>drysuit <\/strong>is dat je hier wat het drijfvermogen betreft min of meer constant mee blijft, zodat je geen verhoogde of verlaagde druk voelt.<\/p>\n\n\n\n<figure class=\"wp-block-image size-large\"><img loading=\"lazy\" decoding=\"async\" width=\"1024\" height=\"683\" src=\"https:\/\/standuppaddleboardworld.com\/wp-content\/uploads\/2020\/07\/Girl-Water-Wetsuit-1024x683.jpg\" alt=\"Meisje-Water-Wetsuit\" class=\"wp-image-9303\" title=\"\" srcset=\"https:\/\/standuppaddleboardworld.com\/wp-content\/uploads\/2020\/07\/Girl-Water-Wetsuit-1024x683.jpg 1024w, https:\/\/standuppaddleboardworld.com\/wp-content\/uploads\/2020\/07\/Girl-Water-Wetsuit-300x200.jpg 300w, https:\/\/standuppaddleboardworld.com\/wp-content\/uploads\/2020\/07\/Girl-Water-Wetsuit-768x512.jpg 768w, https:\/\/standuppaddleboardworld.com\/wp-content\/uploads\/2020\/07\/Girl-Water-Wetsuit.jpg 1200w\" sizes=\"auto, (max-width: 1024px) 100vw, 1024px\" \/><\/figure>\n\n\n\n<h3 class=\"wp-block-heading\"><span class=\"ez-toc-section\" id=\"Wetsuit_of_drysuit_drijfvermogen\"><\/span>Wetsuit of drysuit: drijfvermogen<span class=\"ez-toc-section-end\"><\/span><\/h3>\n\n\n\n<p>Nu we het toch over gewicht hebben &#8230; Zoals ik al zei, comprimeren wetsuits als je dieper het water ingaat, terwijl een drysuit je de kans geeft om lucht toe te voegen en de verhoogde druk op diepte te compenseren. Met een wetsuit kan dit niet, omdat het van nature strak op je huid blijft zitten. Daarom wordt je wetsuit tijdens het duiken dunner en verliest het zijn isolerend vermogen.<\/p>\n\n\n\n<h3 class=\"wp-block-heading\"><span class=\"ez-toc-section\" id=\"Wetsuit_of_drysuit_kostprijs\"><\/span>Wetsuit of drysuit: kostprijs<span class=\"ez-toc-section-end\"><\/span><\/h3>\n\n\n\n<p>Zoals je misschien al weet, zijn drysuits een pak duurder dan wetsuits. In het verleden was dit prijsverschil nog groter door de unieke constructie en vormgeving. Met de introductie van nieuwe materialen en de concurrentie bij de productie, kan een kwaliteitsvol instapmodel drysuit nu echter voor ongeveer dezelfde prijs als een duurder wetsuit worden aangeboden.<\/p>\n\n\n\n<p>Misschien vind je deze kostprijs zelfs aanvaardbaar, omdat je de onderkleding kunt afwisselen afhankelijk van de weersomstandigheden. Zo kun je de kost van verschillende wetsuits met verschillende diktes voor elk seizoen drukken. <\/p>\n\n\n\n<p>Praktisch gezien zal \u00e9\u00e9n drysuit geschikt zijn voor verschillende gelegenheden, en dit is h\u00e9t grote voordeel in vergelijking met een wetsuit. Een wetsuit biedt nu eenmaal niet de flexibiliteit van een drysuit.<\/p>\n\n\n\n<figure class=\"wp-block-image size-large\"><img loading=\"lazy\" decoding=\"async\" width=\"1024\" height=\"680\" src=\"https:\/\/standuppaddleboardworld.com\/wp-content\/uploads\/2020\/07\/triathlon-group-wetsuits-1024x680.jpg\" alt=\"triathlon-groep-wetsuits\" class=\"wp-image-9263\" title=\"\" srcset=\"https:\/\/standuppaddleboardworld.com\/wp-content\/uploads\/2020\/07\/triathlon-group-wetsuits-1024x680.jpg 1024w, https:\/\/standuppaddleboardworld.com\/wp-content\/uploads\/2020\/07\/triathlon-group-wetsuits-300x199.jpg 300w, https:\/\/standuppaddleboardworld.com\/wp-content\/uploads\/2020\/07\/triathlon-group-wetsuits-768x510.jpg 768w, https:\/\/standuppaddleboardworld.com\/wp-content\/uploads\/2020\/07\/triathlon-group-wetsuits.jpg 1280w\" sizes=\"auto, (max-width: 1024px) 100vw, 1024px\" \/><\/figure>\n\n\n\n<h3 class=\"wp-block-heading\"><span class=\"ez-toc-section\" id=\"Wetsuit_of_drysuit_onderhoudskost\"><\/span>Wetsuit of drysuit: onderhoudskost<span class=\"ez-toc-section-end\"><\/span><\/h3>\n\n\n\n<p>Persoonlijk vind ik dat een wetsuit veel praktischer en comfortabeler te onderhouden is, omdat je het na een sessie in het water alleen maar goed hoeft af te spoelen. Makkelijker kan haast niet!<\/p>\n\n\n\n<p>Drysuits vragen na verloop van tijd wat meer aandacht. Afhankelijk van hoe vaak je je pak gebruikt, moet je de afdichtingen vervangen. Bovendien kunnen er ook lekken ontstaan, die je ook moet dichten, en is de kans groot dat je je laarzen, sokken of rits moet laten vervangen.<\/p>\n\n\n\n<p>Al deze puntjes hebben bij een drysuit wat meer aandacht nodig en kunnen best wel wat kosten. De kans is echter groot dat je een drysuit bij meer dan 90 duiken per jaar 10 tot 15 jaar kunt gebruiken, terwijl wetsuits met dezelfde jaarlijkse activiteit niet meer dan 6 jaar meegaan.<\/p>\n\n\n\n<p>Op lange termijn kan een drysuit dus eigenlijk goedkoper zijn. Vooral omdat drysuits meestal hun waarde behouden op de tweedehandsmarkt, terwijl gebruikte wetsuits in de vuilnisbak worden gegooid.<\/p>\n","protected":false},"excerpt":{"rendered":"<p>Misschien vraag je je af wat je moet kopen om je peddel-, duik- of surfervaring nog aangenamer te maken. Een wetsuit of drysuit? En wat zijn de belangrijkste verschillen? In ieder geval ben je hier aan het juiste adres, want in dit artikel bespreek ik de voor- en nadelen van deze twee soorten pakken. Zo [&hellip;]<\/p>\n","protected":false},"author":1,"featured_media":7053,"parent":10221,"menu_order":0,"comment_status":"open","ping_status":"closed","template":"page-templates\/reviews.php","meta":{"_genesis_hide_title":false,"_genesis_hide_breadcrumbs":false,"_genesis_hide_singular_image":false,"_genesis_hide_footer_widgets":false,"_genesis_custom_body_class":"","_genesis_custom_post_class":"","_genesis_layout":"","footnotes":""},"categories":[],"tags":[],"class_list":{"0":"post-18043","1":"page","2":"type-page","3":"status-publish","4":"has-post-thumbnail","6":"entry"},"acf":[],"_links":{"self":[{"href":"https:\/\/standuppaddleboardworld.com\/nl\/wp-json\/wp\/v2\/pages\/18043","targetHints":{"allow":["GET"]}}],"collection":[{"href":"https:\/\/standuppaddleboardworld.com\/nl\/wp-json\/wp\/v2\/pages"}],"about":[{"href":"https:\/\/standuppaddleboardworld.com\/nl\/wp-json\/wp\/v2\/types\/page"}],"author":[{"embeddable":true,"href":"https:\/\/standuppaddleboardworld.com\/nl\/wp-json\/wp\/v2\/users\/1"}],"replies":[{"embeddable":true,"href":"https:\/\/standuppaddleboardworld.com\/nl\/wp-json\/wp\/v2\/comments?post=18043"}],"version-history":[{"count":0,"href":"https:\/\/standuppaddleboardworld.com\/nl\/wp-json\/wp\/v2\/pages\/18043\/revisions"}],"up":[{"embeddable":true,"href":"https:\/\/standuppaddleboardworld.com\/nl\/wp-json\/wp\/v2\/pages\/10221"}],"wp:featuredmedia":[{"embeddable":true,"href":"https:\/\/standuppaddleboardworld.com\/nl\/wp-json\/wp\/v2\/media\/7053"}],"wp:attachment":[{"href":"https:\/\/standuppaddleboardworld.com\/nl\/wp-json\/wp\/v2\/media?parent=18043"}],"wp:term":[{"taxonomy":"category","embeddable":true,"href":"https:\/\/standuppaddleboardworld.com\/nl\/wp-json\/wp\/v2\/categories?post=18043"},{"taxonomy":"post_tag","embeddable":true,"href":"https:\/\/standuppaddleboardworld.com\/nl\/wp-json\/wp\/v2\/tags?post=18043"}],"curies":[{"name":"wp","href":"https:\/\/api.w.org\/{rel}","templated":true}]}}