{"id":39210,"date":"2021-06-29T16:48:09","date_gmt":"2021-06-29T15:48:09","guid":{"rendered":"https:\/\/standuppaddleboardworld.com\/?page_id=39210"},"modified":"2022-01-27T09:31:23","modified_gmt":"2022-01-27T08:31:23","slug":"harnais-de-kitesurf","status":"publish","type":"page","link":"https:\/\/standuppaddleboardworld.com\/fr\/harnais-de-kitesurf\/","title":{"rendered":"Les 5 meilleurs harnais de kitesurf"},"content":{"rendered":"\n<p class=\"block-highlight-filled\">Si vous abandonnez le statut de kitesurfeur d\u00e9butant pour enfin vous \u00e9quiper avec votre propre \u00ab\u00a0mat\u00e9riel\u00a0\u00bb afin de perfectionner vos comp\u00e9tences, vous devriez probablement faire des recherches sur les bons harnais de kitesurf.  Mais, pas d&rsquo;inqui\u00e9tude, je l&rsquo;ai fait pour vous. Dans cet article, nous parlons de l&rsquo;importance du harnais de kitesurf qui est souvent l&rsquo;\u00e9quipement le plus sous-estim\u00e9 en kitesurf. <br><br>Nous abordons \u00e9galement les deux types de harnais de kitesurf et comment choisir celui qui vous convient le mieux. Pour finir, je vous propose un petit guide d&rsquo;achat de harnais de kitesurf pour que vous puissiez acheter votre \u00e9quipement sans tarder.<br><\/p>\n\n\n<div class=\"crp-list-container\"><h3 class=\"crp-list-title\"><span class=\"ez-toc-section\" id=\"Other_Interesting_Articles\"><\/span>Other Interesting Articles<span class=\"ez-toc-section-end\"><\/span><\/h3><div id=\"ez-toc-container\" class=\"ez-toc-v2_0_82_2 counter-flat ez-toc-counter ez-toc-custom ez-toc-container-direction\">\n<label for=\"ez-toc-cssicon-toggle-item-69da709258c20\" class=\"ez-toc-cssicon-toggle-label\"><span class=\"\"><span class=\"eztoc-hide\" style=\"display:none;\">Toggle<\/span><span class=\"ez-toc-icon-toggle-span\"><svg style=\"fill: #1a2b49;color:#1a2b49\" xmlns=\"http:\/\/www.w3.org\/2000\/svg\" class=\"list-377408\" width=\"20px\" height=\"20px\" viewBox=\"0 0 24 24\" fill=\"none\"><path d=\"M6 6H4v2h2V6zm14 0H8v2h12V6zM4 11h2v2H4v-2zm16 0H8v2h12v-2zM4 16h2v2H4v-2zm16 0H8v2h12v-2z\" fill=\"currentColor\"><\/path><\/svg><svg style=\"fill: #1a2b49;color:#1a2b49\" class=\"arrow-unsorted-368013\" xmlns=\"http:\/\/www.w3.org\/2000\/svg\" width=\"10px\" height=\"10px\" viewBox=\"0 0 24 24\" version=\"1.2\" baseProfile=\"tiny\"><path d=\"M18.2 9.3l-6.2-6.3-6.2 6.3c-.2.2-.3.4-.3.7s.1.5.3.7c.2.2.4.3.7.3h11c.3 0 .5-.1.7-.3.2-.2.3-.5.3-.7s-.1-.5-.3-.7zM5.8 14.7l6.2 6.3 6.2-6.3c.2-.2.3-.5.3-.7s-.1-.5-.3-.7c-.2-.2-.4-.3-.7-.3h-11c-.3 0-.5.1-.7.3-.2.2-.3.5-.3.7s.1.5.3.7z\"\/><\/svg><\/span><\/span><\/label><input type=\"checkbox\"  id=\"ez-toc-cssicon-toggle-item-69da709258c20\"  aria-label=\"Toggle\" \/><nav><ul class='ez-toc-list ez-toc-list-level-1 ' ><li class='ez-toc-page-1'><a class=\"ez-toc-link ez-toc-heading-1\" href=\"https:\/\/standuppaddleboardworld.com\/fr\/harnais-de-kitesurf\/#Other_Interesting_Articles\" >Other Interesting Articles<\/a><\/li><li class='ez-toc-page-1'><a class=\"ez-toc-link ez-toc-heading-2\" href=\"https:\/\/standuppaddleboardworld.com\/fr\/harnais-de-kitesurf\/#Quest-ce_quun_harnais_de_kitesurf\" >Qu&rsquo;est-ce qu&rsquo;un harnais de kitesurf ?<\/a><\/li><li class='ez-toc-page-1'><a class=\"ez-toc-link ez-toc-heading-3\" href=\"https:\/\/standuppaddleboardworld.com\/fr\/harnais-de-kitesurf\/#Les_types_de_harnais_de_kitesurf\" >Les types de harnais de kitesurf<\/a><\/li><li class='ez-toc-page-1'><a class=\"ez-toc-link ez-toc-heading-4\" href=\"https:\/\/standuppaddleboardworld.com\/fr\/harnais-de-kitesurf\/#Comment_choisir_le_bon\" >Comment choisir le bon&nbsp;<\/a><\/li><li class='ez-toc-page-1'><a class=\"ez-toc-link ez-toc-heading-5\" href=\"https:\/\/standuppaddleboardworld.com\/fr\/harnais-de-kitesurf\/#Prenez_en_compte_le_niveau_de_confort\" >Prenez en compte le niveau de confort<\/a><\/li><li class='ez-toc-page-1'><a class=\"ez-toc-link ez-toc-heading-6\" href=\"https:\/\/standuppaddleboardworld.com\/fr\/harnais-de-kitesurf\/#La_securite_est_primordiale\" >La s\u00e9curit\u00e9 est primordiale<\/a><\/li><li class='ez-toc-page-1'><a class=\"ez-toc-link ez-toc-heading-7\" href=\"https:\/\/standuppaddleboardworld.com\/fr\/harnais-de-kitesurf\/#Procurez-vous_un_equipement_de_haute_qualite\" >Procurez-vous un \u00e9quipement de haute qualit\u00e9<\/a><\/li><li class='ez-toc-page-1'><a class=\"ez-toc-link ez-toc-heading-8\" href=\"https:\/\/standuppaddleboardworld.com\/fr\/harnais-de-kitesurf\/#Recommandations_produits\" >Recommandations produits<\/a><\/li><li class='ez-toc-page-1'><a class=\"ez-toc-link ez-toc-heading-9\" href=\"https:\/\/standuppaddleboardworld.com\/fr\/harnais-de-kitesurf\/#Harnais_Ride_Engine_Elite\" >Harnais Ride Engine Elite<\/a><\/li><li class='ez-toc-page-1'><a class=\"ez-toc-link ez-toc-heading-10\" href=\"https:\/\/standuppaddleboardworld.com\/fr\/harnais-de-kitesurf\/#ION_Curv_Trapezi\" >ION Curv Trapezi<\/a><\/li><li class='ez-toc-page-1'><a class=\"ez-toc-link ez-toc-heading-11\" href=\"https:\/\/standuppaddleboardworld.com\/fr\/harnais-de-kitesurf\/#Harnais_Mystic_Majestic\" >Harnais Mystic Majestic<\/a><\/li><li class='ez-toc-page-1'><a class=\"ez-toc-link ez-toc-heading-12\" href=\"https:\/\/standuppaddleboardworld.com\/fr\/harnais-de-kitesurf\/#Dakine_Pyro_2019\" >Dakine Pyro 2019<\/a><\/li><li class='ez-toc-page-1'><a class=\"ez-toc-link ez-toc-heading-13\" href=\"https:\/\/standuppaddleboardworld.com\/fr\/harnais-de-kitesurf\/#Liquid_Force_Mod_2019\" >Liquid Force Mod 2019<\/a><\/li><li class='ez-toc-page-1'><a class=\"ez-toc-link ez-toc-heading-14\" href=\"https:\/\/standuppaddleboardworld.com\/fr\/harnais-de-kitesurf\/#%E2%9C%93Produits_essayes_et_testes_presentes_dans_larticle\" >\u2713Produits essay\u00e9s et test\u00e9s pr\u00e9sent\u00e9s dans l&rsquo;article :<\/a><\/li><\/ul><\/nav><\/div>\n<ul class=\"crp-list\"><li class=\"crp-list-item crp-list-item-image-left crp-list-item-has-image\"><div class=\"crp-list-item-image\"><a href=\"https:\/\/standuppaddleboardworld.com\/fr\/equipements-de-kitesurf\/\"><img loading=\"lazy\" decoding=\"async\" data-pin-nopin=\"true\" style=\"max-width: 50px; height: auto;\" width=\"50\" height=\"50\" src=\"https:\/\/standuppaddleboardworld.com\/wp-content\/uploads\/2021\/05\/israel-gil-Io6zwD9h87E-unsplash-1-75x75.jpg\" class=\"attachment-50x50 size-50x50\" alt=\"kitesurfing gear\" srcset=\"https:\/\/standuppaddleboardworld.com\/wp-content\/uploads\/2021\/05\/israel-gil-Io6zwD9h87E-unsplash-1-75x75.jpg 75w, https:\/\/standuppaddleboardworld.com\/wp-content\/uploads\/2021\/05\/israel-gil-Io6zwD9h87E-unsplash-1-150x150.jpg 150w\" sizes=\"auto, (max-width: 50px) 100vw, 50px\" title=\"\"><\/a><\/div><div class=\"crp-list-item-title\"><a href=\"https:\/\/standuppaddleboardworld.com\/fr\/equipements-de-kitesurf\/\">Les 9 meilleurs \u00e9quipements de kitesurf pour d\u00e9buter<\/a><\/div><\/li><li class=\"crp-list-item crp-list-item-image-left crp-list-item-has-image\"><div class=\"crp-list-item-image\"><a href=\"https:\/\/standuppaddleboardworld.com\/fr\/kitesurf\/\"><img loading=\"lazy\" decoding=\"async\" data-pin-nopin=\"true\" style=\"max-width: 50px; height: auto;\" width=\"50\" height=\"50\" src=\"https:\/\/standuppaddleboardworld.com\/wp-content\/uploads\/2021\/05\/kitesurfing_a-75x75.jpg\" class=\"attachment-50x50 size-50x50\" alt=\"kitesurfing\" srcset=\"https:\/\/standuppaddleboardworld.com\/wp-content\/uploads\/2021\/05\/kitesurfing_a-75x75.jpg 75w, https:\/\/standuppaddleboardworld.com\/wp-content\/uploads\/2021\/05\/kitesurfing_a-150x150.jpg 150w\" sizes=\"auto, (max-width: 50px) 100vw, 50px\" title=\"\"><\/a><\/div><div class=\"crp-list-item-title\"><a href=\"https:\/\/standuppaddleboardworld.com\/fr\/kitesurf\/\">Les bases du kitesurf : d\u00e9couvrez l&rsquo;essentiel et les meilleures pratiques<\/a><\/div><\/li><li class=\"crp-list-item crp-list-item-image-left crp-list-item-has-image\"><div class=\"crp-list-item-image\"><a href=\"https:\/\/standuppaddleboardworld.com\/fr\/planche-a-voile\/\"><img loading=\"lazy\" decoding=\"async\" data-pin-nopin=\"true\" style=\"max-width: 50px; height: auto;\" width=\"50\" height=\"50\" src=\"https:\/\/standuppaddleboardworld.com\/wp-content\/uploads\/2021\/03\/pexels-costas-antwnakakis-2534822-75x75.jpg\" class=\"attachment-50x50 size-50x50\" alt=\"windsurfing\" srcset=\"https:\/\/standuppaddleboardworld.com\/wp-content\/uploads\/2021\/03\/pexels-costas-antwnakakis-2534822-75x75.jpg 75w, https:\/\/standuppaddleboardworld.com\/wp-content\/uploads\/2021\/03\/pexels-costas-antwnakakis-2534822-150x150.jpg 150w\" sizes=\"auto, (max-width: 50px) 100vw, 50px\" title=\"\"><\/a><\/div><div class=\"crp-list-item-title\"><a href=\"https:\/\/standuppaddleboardworld.com\/fr\/planche-a-voile\/\">Planche \u00e0 voile : oui ou non ?<\/a><\/div><\/li><\/ul><\/div>\n\n\n<h2 class=\"wp-block-heading\" id=\"qu-est-ce-qu-un-harnais-de-kitesurf\"><span class=\"ez-toc-section\" id=\"Quest-ce_quun_harnais_de_kitesurf\"><\/span>Qu&rsquo;est-ce qu&rsquo;un harnais de kitesurf ?<span class=\"ez-toc-section-end\"><\/span><\/h2>\n\n\n\n<p>Si vous d\u00e9butez tout juste et ne savez pas de quoi je parle, un harnais de kitesurf est un accessoire qui vous permet d&rsquo;\u00eatre \u00e9quilibr\u00e9, de tourner et de vous diriger avec le vent. Pour ceux qui sont familiers avec le wakeboard, les harnais sont les chaussures et les fixations du kitesurf.  <\/p>\n\n\n\n<h3 class=\"wp-block-heading\" id=\"les-types-de-harnais-de-kitesurf\"><span class=\"ez-toc-section\" id=\"Les_types_de_harnais_de_kitesurf\"><\/span>Les types de harnais de kitesurf<span class=\"ez-toc-section-end\"><\/span><\/h3>\n\n\n\n<p>Il existe de nombreuses formes et dimensions de harnais, mais les deux principaux types sont le <strong>harnais ceinture<\/strong> et le <strong>harnais culotte.<\/strong><\/p>\n\n\n\n<p>Le harnais ceinture enveloppe uniquement votre taille, tandis que le harnais culotte entoure vos jambes et vos hanches. Le harnais culotte est recommand\u00e9 pour les d\u00e9butants, fournissant plus de soutien et de confort. Toutefois, il est un peu plus contraignant que le harnais ceinture, ce dernier est donc pr\u00e9f\u00e9rable pour apprendre des figures plus sophistiqu\u00e9es. <\/p>\n\n\n\n<h2 class=\"wp-block-heading\" id=\"comment-choisir-le-bon\"><span class=\"ez-toc-section\" id=\"Comment_choisir_le_bon\"><\/span>Comment choisir le bon&nbsp;<span class=\"ez-toc-section-end\"><\/span><\/h2>\n\n\n\n<h4 class=\"wp-block-heading\" id=\"prenez-en-compte-le-niveau-de-confort\"><span class=\"ez-toc-section\" id=\"Prenez_en_compte_le_niveau_de_confort\"><\/span>Prenez en compte le niveau de confort<span class=\"ez-toc-section-end\"><\/span><\/h4>\n\n\n\n<ul class=\"wp-block-list\"><li>Un harnais doit \u00eatre bien ajust\u00e9 et confortable. Il ne doit pas \u00eatre trop l\u00e2che au risque de glisser ni trop serr\u00e9 au point de limiter votre mobilit\u00e9. En fait, vous devez choisir un harnais qui ne vous g\u00eane pas et qui ne vous distrait pas. Un harnais tr\u00e8s bien ajust\u00e9 peut m\u00eame soulager la fatigue musculaire durant vos sessions de kitesurf.&nbsp;<\/li><\/ul>\n\n\n\n<h4 class=\"wp-block-heading\" id=\"la-securite-est-primordiale\"><span class=\"ez-toc-section\" id=\"La_securite_est_primordiale\"><\/span>La s\u00e9curit\u00e9 est primordiale<span class=\"ez-toc-section-end\"><\/span><\/h4>\n\n\n\n<ul class=\"wp-block-list\"><li>Un harnais \u00ab\u00a0s\u00fbr\u00a0\u00bb doit \u00eatre \u00e9quip\u00e9 de plusieurs sangles \u00e0 serrer autour de la taille. Au m\u00eame titre que de nombreux sports aquatiques, la s\u00e9curit\u00e9 doit \u00eatre votre priorit\u00e9. Par ailleurs, les kitesurfeurs emportent g\u00e9n\u00e9ralement un petit \u00ab\u00a0couteau de s\u00e9curit\u00e9\u00a0\u00bb comme outil d&rsquo;urgence au cas o\u00f9 les cordes s&#8217;emm\u00ealeraient autour d&rsquo;eux. Si vous n&rsquo;\u00eates pas encore suffisamment confiant en vos comp\u00e9tences de glisse, envisagez vous aussi d&rsquo;en prendre un avec vous pour les \u00e9ventuelles situations d&rsquo;urgence.  <\/li><\/ul>\n\n\n\n<h4 class=\"wp-block-heading\" id=\"procurez-vous-un-equipement-de-haute-qualite\"><span class=\"ez-toc-section\" id=\"Procurez-vous_un_equipement_de_haute_qualite\"><\/span>Procurez-vous un \u00e9quipement de haute qualit\u00e9<span class=\"ez-toc-section-end\"><\/span><\/h4>\n\n\n\n<ul class=\"wp-block-list\"><li>Le harnais de kitesurf id\u00e9al est matelass\u00e9 et confortable \u00e0 l&rsquo;int\u00e9rieur mais tout de m\u00eame assez rigide pour soutenir le corps du kitesurfeur. La plupart des harnais de bonne qualit\u00e9 et robustes ont des coussins de n\u00e9opr\u00e8ne doux, des bonnes coutures et des crochets en acier inoxydable haut de gamme.&nbsp;<\/li><\/ul>\n\n\n\n<h2 class=\"wp-block-heading\" id=\"recommandations-produits\"><span class=\"ez-toc-section\" id=\"Recommandations_produits\"><\/span>Recommandations produits<span class=\"ez-toc-section-end\"><\/span><\/h2>\n\n\n\n<p>Voici ma s\u00e9lection des cinq meilleurs harnais de kitesurf offerts \u00e0 divers prix :<br><\/p>\n\n\n\n<h3 class=\"wp-block-heading\" id=\"harnais-ride-engine-elite\"><span class=\"ez-toc-section\" id=\"Harnais_Ride_Engine_Elite\"><\/span>Harnais Ride Engine Elite<span class=\"ez-toc-section-end\"><\/span><\/h3>\n\n\n\n<div class=\"wp-block-image\"><figure class=\"aligncenter size-large is-resized\"><img loading=\"lazy\" decoding=\"async\" src=\"https:\/\/standuppaddleboardworld.com\/wp-content\/uploads\/2021\/05\/Screen-Shot-2021-05-19-at-5.57.32-PM.png\" alt=\"kitesurfing harness\" class=\"wp-image-35547\" width=\"363\" height=\"331\" title=\"\" srcset=\"https:\/\/standuppaddleboardworld.com\/wp-content\/uploads\/2021\/05\/Screen-Shot-2021-05-19-at-5.57.32-PM.png 460w, https:\/\/standuppaddleboardworld.com\/wp-content\/uploads\/2021\/05\/Screen-Shot-2021-05-19-at-5.57.32-PM-300x273.png 300w\" sizes=\"auto, (max-width: 363px) 100vw, 363px\" \/><\/figure><\/div>\n\n\n\n\n\n\n<p>Ride Engine produit l&rsquo;un des harnais de kitesurf les plus populaires. C&rsquo;est d\u00fb \u00e0 la rigidit\u00e9, \u00e0 la l\u00e9g\u00e8ret\u00e9 et au confort qu&rsquo;il offre. Ce produit est parmi les meilleurs et constitu\u00e9 d&rsquo;une structure en carbone et kevlar. Ce harnais s&rsquo;adapte bien aux formes corporelles de l&rsquo;utilisateur, selon la position de glisse. Le harnais Ride Engine Elite fournit \u00e9galement un excellent soutien lombaire gr\u00e2ce \u00e0 une doublure int\u00e9rieur en mousse. <\/p>\n\n\n\n<h3 class=\"wp-block-heading\" id=\"ion-curv-trapezi\"><span class=\"ez-toc-section\" id=\"ION_Curv_Trapezi\"><\/span>ION Curv Trapezi<span class=\"ez-toc-section-end\"><\/span><\/h3>\n\n\n\n<div class=\"wp-block-image\"><figure class=\"aligncenter size-large is-resized\"><img loading=\"lazy\" decoding=\"async\" src=\"https:\/\/standuppaddleboardworld.com\/wp-content\/uploads\/2021\/05\/48212-4709_4-1024x1024.jpeg\" alt=\"kitesurfing harnesses\" class=\"wp-image-35552\" width=\"415\" height=\"415\" title=\"\" srcset=\"https:\/\/standuppaddleboardworld.com\/wp-content\/uploads\/2021\/05\/48212-4709_4-1024x1024.jpeg 1024w, https:\/\/standuppaddleboardworld.com\/wp-content\/uploads\/2021\/05\/48212-4709_4-300x300.jpeg 300w, https:\/\/standuppaddleboardworld.com\/wp-content\/uploads\/2021\/05\/48212-4709_4-150x150.jpeg 150w, https:\/\/standuppaddleboardworld.com\/wp-content\/uploads\/2021\/05\/48212-4709_4-768x768.jpeg 768w, https:\/\/standuppaddleboardworld.com\/wp-content\/uploads\/2021\/05\/48212-4709_4-75x75.jpeg 75w, https:\/\/standuppaddleboardworld.com\/wp-content\/uploads\/2021\/05\/48212-4709_4.jpeg 1400w\" sizes=\"auto, (max-width: 415px) 100vw, 415px\" \/><\/figure><\/div>\n\n\n\n\n\n\n<p>ION offre une large gamme de harnais de kitesurf, adapt\u00e9s \u00e0 tous les niveaux, y compris une ligne pour les surfeuses. La coque de ce produit est constitu\u00e9e d&rsquo;un mat\u00e9riau thermo-composite. Elle est \u00e9quip\u00e9e d&rsquo;une mousse \u00e0 l&rsquo;int\u00e9rieur qui favorise le confort. Ce produit est \u00e9galement ergonomique pour \u00e9viter de monter et de tourner. Sa rigidit\u00e9 distribue parfaitement la pression pour ne pas avoir \u00e0 forcer sur le dos. <\/p>\n\n\n\n<h3 class=\"wp-block-heading\" id=\"harnais-mystic-majestic\"><span class=\"ez-toc-section\" id=\"Harnais_Mystic_Majestic\"><\/span>Harnais Mystic Majestic<span class=\"ez-toc-section-end\"><\/span><\/h3>\n\n\n\n<div class=\"wp-block-image\"><figure class=\"aligncenter size-large is-resized\"><img loading=\"lazy\" decoding=\"async\" src=\"https:\/\/standuppaddleboardworld.com\/wp-content\/uploads\/2021\/05\/Screen-Shot-2021-05-19-at-5.55.23-PM.png\" alt=\"kitesurfing harness mystic\" class=\"wp-image-35537\" width=\"567\" height=\"385\" title=\"\" srcset=\"https:\/\/standuppaddleboardworld.com\/wp-content\/uploads\/2021\/05\/Screen-Shot-2021-05-19-at-5.55.23-PM.png 687w, https:\/\/standuppaddleboardworld.com\/wp-content\/uploads\/2021\/05\/Screen-Shot-2021-05-19-at-5.55.23-PM-300x204.png 300w\" sizes=\"auto, (max-width: 567px) 100vw, 567px\" \/><\/figure><\/div>\n\n\n\n\n\n\n<p>Le Majestic entre dans la cat\u00e9gorie des trap\u00e8zes \u00e0 coque dure. Ce harnais est sp\u00e9cifiquement orient\u00e9 pour fournir une rigidit\u00e9 horizontale et une flexibilit\u00e9 diagonale. Il est en fibre de verre et en mousse visco\u00e9lastique qui maintient le trap\u00e8ze en place. Sa forme est compacte, et son int\u00e9rieur doux et agr\u00e9able pour le confort de l&rsquo;utilisateur.<\/p>\n\n\n\n<h3 class=\"wp-block-heading\" id=\"dakine-pyro-2019\"><span class=\"ez-toc-section\" id=\"Dakine_Pyro_2019\"><\/span>Dakine Pyro 2019<span class=\"ez-toc-section-end\"><\/span><\/h3>\n\n\n\n<div class=\"wp-block-image\"><figure class=\"aligncenter size-large is-resized\"><img loading=\"lazy\" decoding=\"async\" src=\"https:\/\/standuppaddleboardworld.com\/wp-content\/uploads\/2021\/05\/PYROHARNESS-BLACK-610934142969_10001234_BLACK-71X_MAIN.jpeg\" alt=\"\" class=\"wp-image-35557\" width=\"419\" height=\"416\" title=\"\" srcset=\"https:\/\/standuppaddleboardworld.com\/wp-content\/uploads\/2021\/05\/PYROHARNESS-BLACK-610934142969_10001234_BLACK-71X_MAIN.jpeg 504w, https:\/\/standuppaddleboardworld.com\/wp-content\/uploads\/2021\/05\/PYROHARNESS-BLACK-610934142969_10001234_BLACK-71X_MAIN-300x298.jpeg 300w, https:\/\/standuppaddleboardworld.com\/wp-content\/uploads\/2021\/05\/PYROHARNESS-BLACK-610934142969_10001234_BLACK-71X_MAIN-150x150.jpeg 150w, https:\/\/standuppaddleboardworld.com\/wp-content\/uploads\/2021\/05\/PYROHARNESS-BLACK-610934142969_10001234_BLACK-71X_MAIN-75x75.jpeg 75w\" sizes=\"auto, (max-width: 419px) 100vw, 419px\" \/><\/figure><\/div>\n\n\n\n\n\n\n<p>Le Dakin Pyro 2019 permet d&rsquo;adapter son ajustement et est \u00e9quip\u00e9 d&rsquo;un panneau arri\u00e8re en composite avec un soutien en texon. L&rsquo;int\u00e9rieur est fait en mousse \u00e0 m\u00e9moire ES l\u00e9g\u00e8re comme une plume qui devrait donc \u00eatre confortable \u00e0 porter. Ce produit est \u00e9galement fourni avec un couteau \u00e0 crochets double lame et offre le choix entre diff\u00e9rentes barres d&rsquo;\u00e9cartement.<\/p>\n\n\n\n<h3 class=\"wp-block-heading\" id=\"liquid-force-mod-2019\"><span class=\"ez-toc-section\" id=\"Liquid_Force_Mod_2019\"><\/span>Liquid Force Mod 2019<span class=\"ez-toc-section-end\"><\/span><\/h3>\n\n\n\n<div class=\"wp-block-image\"><figure class=\"aligncenter size-large is-resized\"><img loading=\"lazy\" decoding=\"async\" src=\"https:\/\/standuppaddleboardworld.com\/wp-content\/uploads\/2021\/05\/Screen-Shot-2021-05-19-at-5.55.29-PM.png\" alt=\"light force kitesurfing harness\" class=\"wp-image-35542\" width=\"482\" height=\"335\" title=\"\" srcset=\"https:\/\/standuppaddleboardworld.com\/wp-content\/uploads\/2021\/05\/Screen-Shot-2021-05-19-at-5.55.29-PM.png 698w, https:\/\/standuppaddleboardworld.com\/wp-content\/uploads\/2021\/05\/Screen-Shot-2021-05-19-at-5.55.29-PM-300x208.png 300w\" sizes=\"auto, (max-width: 482px) 100vw, 482px\" \/><\/figure><\/div>\n\n\n\n\n\n\n<p>Comme toujours, les produits Liquid Force offrent un confort absolu avec leurs harnais de kitesurf. Le produit est con\u00e7u avec une coque rigide combin\u00e9e avec un int\u00e9rieur en mousse \u00e0 m\u00e9moire haute-densit\u00e9. Il s&rsquo;adapte facilement au corps de l&rsquo;utilisateur pour ne pas glisser et tomber \u00e0 l&rsquo;eau. Par ailleurs, cet article est offert avec une barre d&rsquo;\u00e9cartement en corde pour surfer. <\/p>\n\n\n\n<p class=\"block-conclusion\">Pour r\u00e9sumer, le meilleur moyen de s&rsquo;assurer que vous achetez le bon harnais est de trouver celui qui vous donne l&rsquo;impression de ne rien porter. \u00c7a devrait vous donner une bonne indication de son confort une fois que vous serez dans l&rsquo;eau. Quand vous achetez un nouveau harnais, souvenez-vous toujours de v\u00e9rifier qu&rsquo;il est bien ajust\u00e9 et que le produit est fait avec des mat\u00e9riaux de tr\u00e8s bonne qualit\u00e9 et robustes.&nbsp;<\/p>\n\n\n\n<h2 class=\"wp-block-heading\" id=\"produits-essayes-et-testes-presentes-dans-l-article\"><span class=\"ez-toc-section\" id=\"%E2%9C%93Produits_essayes_et_testes_presentes_dans_larticle\"><\/span>\u2713Produits essay\u00e9s et test\u00e9s pr\u00e9sent\u00e9s dans l&rsquo;article : <span class=\"ez-toc-section-end\"><\/span><\/h2>\n\n\n\n\n\n\n<div class=\"wp-block-group block-conclusion\"><div class=\"wp-block-group__inner-container is-layout-flow wp-block-group-is-layout-flow\">\n<p>Si vous aimeriez que je vous en dise plus \u00e0 propos des harnais ou du kitesurf, n&rsquo;h\u00e9sitez pas \u00e0 me laisser un commentaire ci-dessous  pour commencer la discussion ! Vous pouvez \u00e9galement me suivre sur <a class=\"rank-math-link\" href=\"https:\/\/www.facebook.com\/standuppaddleboardworld\" target=\"_blank\" rel=\"noreferrer noopener\">Facebook<\/a> et <a class=\"rank-math-link\" href=\"https:\/\/www.instagram.com\/standuppaddleboardworld\/\" target=\"_blank\" rel=\"noreferrer noopener\">Instagram<\/a>.<\/p>\n<\/div><\/div>\n\n\n\n<p><\/p>\n","protected":false},"excerpt":{"rendered":"<p>Si vous abandonnez le statut de kitesurfeur d\u00e9butant pour enfin vous \u00e9quiper avec votre propre \u00ab\u00a0mat\u00e9riel\u00a0\u00bb afin de perfectionner vos comp\u00e9tences, vous devriez probablement faire des recherches sur les bons harnais de kitesurf. Mais, pas d&rsquo;inqui\u00e9tude, je l&rsquo;ai fait pour vous. Dans cet article, nous parlons de l&rsquo;importance du harnais de kitesurf qui est souvent [&hellip;]<\/p>\n","protected":false},"author":1,"featured_media":35562,"parent":0,"menu_order":0,"comment_status":"open","ping_status":"closed","template":"","meta":{"_genesis_hide_title":false,"_genesis_hide_breadcrumbs":false,"_genesis_hide_singular_image":false,"_genesis_hide_footer_widgets":false,"_genesis_custom_body_class":"","_genesis_custom_post_class":"","_genesis_layout":"","footnotes":""},"categories":[],"tags":[],"class_list":{"0":"post-39210","1":"page","2":"type-page","3":"status-publish","4":"has-post-thumbnail","6":"entry"},"acf":[],"_links":{"self":[{"href":"https:\/\/standuppaddleboardworld.com\/fr\/wp-json\/wp\/v2\/pages\/39210","targetHints":{"allow":["GET"]}}],"collection":[{"href":"https:\/\/standuppaddleboardworld.com\/fr\/wp-json\/wp\/v2\/pages"}],"about":[{"href":"https:\/\/standuppaddleboardworld.com\/fr\/wp-json\/wp\/v2\/types\/page"}],"author":[{"embeddable":true,"href":"https:\/\/standuppaddleboardworld.com\/fr\/wp-json\/wp\/v2\/users\/1"}],"replies":[{"embeddable":true,"href":"https:\/\/standuppaddleboardworld.com\/fr\/wp-json\/wp\/v2\/comments?post=39210"}],"version-history":[{"count":0,"href":"https:\/\/standuppaddleboardworld.com\/fr\/wp-json\/wp\/v2\/pages\/39210\/revisions"}],"wp:featuredmedia":[{"embeddable":true,"href":"https:\/\/standuppaddleboardworld.com\/fr\/wp-json\/wp\/v2\/media\/35562"}],"wp:attachment":[{"href":"https:\/\/standuppaddleboardworld.com\/fr\/wp-json\/wp\/v2\/media?parent=39210"}],"wp:term":[{"taxonomy":"category","embeddable":true,"href":"https:\/\/standuppaddleboardworld.com\/fr\/wp-json\/wp\/v2\/categories?post=39210"},{"taxonomy":"post_tag","embeddable":true,"href":"https:\/\/standuppaddleboardworld.com\/fr\/wp-json\/wp\/v2\/tags?post=39210"}],"curies":[{"name":"wp","href":"https:\/\/api.w.org\/{rel}","templated":true}]}}