{"id":29014,"date":"2024-01-08T13:03:46","date_gmt":"2024-01-08T12:03:46","guid":{"rendered":"https:\/\/standuppaddleboardworld.com\/?page_id=29014"},"modified":"2024-01-08T13:03:55","modified_gmt":"2024-01-08T12:03:55","slug":"planche-de-surf","status":"publish","type":"page","link":"https:\/\/standuppaddleboardworld.com\/fr\/planche-de-surf\/","title":{"rendered":"La meilleure planche de surf de type paddle en 2024"},"content":{"rendered":"\n<h2 class=\"wp-block-heading\"><span class=\"ez-toc-section\" id=\"Surfez_sur_les_vagues_en_paddle_la_meilleure_planche_pour_surfer_en_2024\"><\/span>Surfez sur les vagues en paddle : la meilleure planche pour surfer en 2024<span class=\"ez-toc-section-end\"><\/span><\/h2><div id=\"ez-toc-container\" class=\"ez-toc-v2_0_82_2 counter-flat ez-toc-counter ez-toc-custom ez-toc-container-direction\">\n<label for=\"ez-toc-cssicon-toggle-item-69e934a92e364\" class=\"ez-toc-cssicon-toggle-label\"><span class=\"\"><span class=\"eztoc-hide\" style=\"display:none;\">Toggle<\/span><span class=\"ez-toc-icon-toggle-span\"><svg style=\"fill: #1a2b49;color:#1a2b49\" xmlns=\"http:\/\/www.w3.org\/2000\/svg\" class=\"list-377408\" width=\"20px\" height=\"20px\" viewBox=\"0 0 24 24\" fill=\"none\"><path d=\"M6 6H4v2h2V6zm14 0H8v2h12V6zM4 11h2v2H4v-2zm16 0H8v2h12v-2zM4 16h2v2H4v-2zm16 0H8v2h12v-2z\" fill=\"currentColor\"><\/path><\/svg><svg style=\"fill: #1a2b49;color:#1a2b49\" class=\"arrow-unsorted-368013\" xmlns=\"http:\/\/www.w3.org\/2000\/svg\" width=\"10px\" height=\"10px\" viewBox=\"0 0 24 24\" version=\"1.2\" baseProfile=\"tiny\"><path d=\"M18.2 9.3l-6.2-6.3-6.2 6.3c-.2.2-.3.4-.3.7s.1.5.3.7c.2.2.4.3.7.3h11c.3 0 .5-.1.7-.3.2-.2.3-.5.3-.7s-.1-.5-.3-.7zM5.8 14.7l6.2 6.3 6.2-6.3c.2-.2.3-.5.3-.7s-.1-.5-.3-.7c-.2-.2-.4-.3-.7-.3h-11c-.3 0-.5.1-.7.3-.2.2-.3.5-.3.7s.1.5.3.7z\"\/><\/svg><\/span><\/span><\/label><input type=\"checkbox\"  id=\"ez-toc-cssicon-toggle-item-69e934a92e364\"  aria-label=\"Toggle\" \/><nav><ul class='ez-toc-list ez-toc-list-level-1 ' ><li class='ez-toc-page-1'><a class=\"ez-toc-link ez-toc-heading-1\" href=\"https:\/\/standuppaddleboardworld.com\/fr\/planche-de-surf\/#Surfez_sur_les_vagues_en_paddle_la_meilleure_planche_pour_surfer_en_2024\" >Surfez sur les vagues en paddle : la meilleure planche pour surfer en 2024<\/a><\/li><li class='ez-toc-page-1'><a class=\"ez-toc-link ez-toc-heading-2\" href=\"https:\/\/standuppaddleboardworld.com\/fr\/planche-de-surf\/#Difference_entre_un_paddle_classique_et_une_planche_de_surf_type_paddle\" >Diff\u00e9rence entre un paddle classique et une planche de surf type paddle<\/a><\/li><li class='ez-toc-page-1'><a class=\"ez-toc-link ez-toc-heading-3\" href=\"https:\/\/standuppaddleboardworld.com\/fr\/planche-de-surf\/#Comment_choisir_une_planche_de_surf_type_paddle\" >Comment choisir une planche de surf type paddle<\/a><\/li><li class='ez-toc-page-1'><a class=\"ez-toc-link ez-toc-heading-4\" href=\"https:\/\/standuppaddleboardworld.com\/fr\/planche-de-surf\/#Voulez-vous_une_planche_gonflable_ou_rigide\" >Voulez-vous une planche gonflable ou rigide ?<\/a><\/li><li class='ez-toc-page-1'><a class=\"ez-toc-link ez-toc-heading-5\" href=\"https:\/\/standuppaddleboardworld.com\/fr\/planche-de-surf\/#Quelles_taille_et_forme_recherchez-vous\" >Quelles taille et forme recherchez-vous ?<\/a><\/li><li class='ez-toc-page-1'><a class=\"ez-toc-link ez-toc-heading-6\" href=\"https:\/\/standuppaddleboardworld.com\/fr\/planche-de-surf\/#Le_deck_pad_de_la_planche_convient-il_pour_surfer\" >Le deck pad de la planche convient-il pour surfer ?<\/a><\/li><li class='ez-toc-page-1'><a class=\"ez-toc-link ez-toc-heading-7\" href=\"https:\/\/standuppaddleboardworld.com\/fr\/planche-de-surf\/#Quelle_configuration_daileron_convient_le_mieux_pour_le_surf_en_paddle\" >Quelle configuration d&rsquo;aileron convient le mieux pour le surf en paddle ?<\/a><\/li><li class='ez-toc-page-1'><a class=\"ez-toc-link ez-toc-heading-8\" href=\"https:\/\/standuppaddleboardworld.com\/fr\/planche-de-surf\/#La_meilleure_planche_de_surf_type_paddle\" >La meilleure planche de surf type paddle<\/a><\/li><li class='ez-toc-page-1'><a class=\"ez-toc-link ez-toc-heading-9\" href=\"https:\/\/standuppaddleboardworld.com\/fr\/planche-de-surf\/#Conclusion_sur_les_meilleures_planches_de_surf_type_paddle\" >Conclusion sur les meilleures planches de surf type paddle<\/a><\/li><\/ul><\/nav><\/div>\n\n\n\n\n<p class=\"block-highlight-filled\">Votre paddle peut servir \u00e0 de nombreuses activit\u00e9s. La plupart des personnes veulent un paddle polyvalent ou un paddle con\u00e7u pour faire du touring (de longues balades), mais il existe \u00e9galement d&rsquo;autres activit\u00e9s possibles, comme la <a class=\"rank-math-link\" href=\"https:\/\/standuppaddleboardworld.com\/fr\/canoe-de-peche\/\">p\u00eache<\/a>, le <a class=\"rank-math-link\" href=\"https:\/\/standuppaddleboardworld.com\/fr\/planche-de-surf\/\">yoga<\/a> et, effectivement, le surf \u00e9galement !<br><br>Une planche de surf type paddle peut-\u00eatre tr\u00e8s divertissante, car elle vous permet d&rsquo;attraper les vagues et de vivre des aventures excitantes. Vous n&rsquo;\u00eates pas oblig\u00e9 de faire du paddle uniquement en eaux calmes. Ceci dit, vous avez besoin de davantage de comp\u00e9tences et d&rsquo;\u00e9quilibre pour ne pas tomber. Le surf en paddle n&rsquo;est donc pas la meilleure activit\u00e9 pour les d\u00e9butants qui doivent d&rsquo;abord pratiquer sur des eaux calmes. <\/p>\n\n\n\n\n\n\n<figure class=\"wp-block-image size-large\"><img loading=\"lazy\" decoding=\"async\" width=\"1024\" height=\"695\" src=\"https:\/\/standuppaddleboardworld.com\/wp-content\/uploads\/2020\/02\/paddle-board-surfing-1024x695.jpg\" alt=\"planche-de-surf-paddle\" class=\"wp-image-3109\" title=\"\" srcset=\"https:\/\/standuppaddleboardworld.com\/wp-content\/uploads\/2020\/02\/paddle-board-surfing-1024x695.jpg 1024w, https:\/\/standuppaddleboardworld.com\/wp-content\/uploads\/2020\/02\/paddle-board-surfing-300x204.jpg 300w, https:\/\/standuppaddleboardworld.com\/wp-content\/uploads\/2020\/02\/paddle-board-surfing-768x521.jpg 768w, https:\/\/standuppaddleboardworld.com\/wp-content\/uploads\/2020\/02\/paddle-board-surfing.jpg 1280w\" sizes=\"auto, (max-width: 1024px) 100vw, 1024px\" \/><figcaption class=\"wp-element-caption\">Affronter les vagues sur un paddle<\/figcaption><\/figure>\n\n\n\n<h2 class=\"wp-block-heading\"><span class=\"ez-toc-section\" id=\"Difference_entre_un_paddle_classique_et_une_planche_de_surf_type_paddle\"><\/span>Diff\u00e9rence entre un paddle classique et une planche de surf type paddle<span class=\"ez-toc-section-end\"><\/span><\/h2>\n\n\n\n<p>Alors que les paddles polyvalents et touring sont con\u00e7us pour offrir beaucoup de stabilit\u00e9, l&rsquo;atout majeur de la planche de surf type paddle est la man\u0153uvrabilit\u00e9. Vous devez \u00eatre en mesure de vous adapter aux vagues \u00e0 chaque instant et \u00eatre pr\u00eat pour la suivante. <\/p>\n\n\n\n<p>Globalement, les planches de surf type paddle sont plus petites et plus agiles que les paddles classiques Du fait de leur plus petite taille, vous pouvez tourner plus vite et suivre le mouvement des vagues. En cons\u00e9quence, il y a des caract\u00e9ristiques \u00e0 prendre en compte lorsque vous achetez une planche de surf type paddle, c&rsquo;est ce que je vous explique ici.<\/p>\n\n\n\n<h2 class=\"wp-block-heading\"><span class=\"ez-toc-section\" id=\"Comment_choisir_une_planche_de_surf_type_paddle\"><\/span>Comment choisir une planche de surf type paddle<span class=\"ez-toc-section-end\"><\/span><\/h2>\n\n\n\n<h3 class=\"wp-block-heading\"><span class=\"ez-toc-section\" id=\"Voulez-vous_une_planche_gonflable_ou_rigide\"><\/span>Voulez-vous une planche gonflable ou rigide ?<span class=\"ez-toc-section-end\"><\/span><\/h3>\n\n\n\n<p>Les planches gonflables et les planches rigides sont tr\u00e8s diff\u00e9rentes. Voici un aper\u00e7u rapide des principales diff\u00e9rences : <\/p>\n\n\n\n<ul class=\"list-styled wp-block-list\">\n<li>Les planches rigides sont plus difficiles \u00e0 ranger et \u00e0 transporter du fait de leur format<\/li>\n\n\n\n<li>Les planches gonflables sont plus \u00e9paisses une fois gonfl\u00e9es et peuvent souvent porter plus de poids<\/li>\n\n\n\n<li>Les planches rigides sont fines et conviennent mieux pour les man\u0153uvres dans les vagues<\/li>\n<\/ul>\n\n\n\n<p>Bien que je recommande g\u00e9n\u00e9ralement les paddles gonflables pour toutes les autres activit\u00e9s, gr\u00e2ce \u00e0 leur plus grande stabilit\u00e9, leur prix plus accessible et leur facilit\u00e9 de transport, si vous \u00eates vraiment fan de surf, \u00e7a vaut la peine de regarder les planches rigides, car elles sont plus rapides et polyvalentes sur les vagues.<\/p>\n\n\n\n<p>Toutefois, les paddles gonflables ont \u00e9galement leurs avantages en surf. Quand vous tombez, la chute est moins rude, et comme il y a de grandes chances pour que votre t\u00eate cogne contre la planche, ce sera beaucoup moins douloureux s&rsquo;il s&rsquo;agit d&rsquo;une planche gonflable.<\/p>\n\n\n\n<p>Quand on apprend \u00e0 surfer, on passe beaucoup de temps \u00e0 pratiquer sur les genoux, position beaucoup plus confortable sur une planche gonflable. <\/p>\n\n\n\n<p>Vous aurez n\u00e9anmoins plus de mal \u00e0 attraper les vagues du fait de la moins bonne agilit\u00e9 de la planche. Ce sont deux styles vraiment diff\u00e9rents qui demandent de la pratique. <\/p>\n\n\n\n<p>Au final, il vaut mieux choisir le type de planche avec lequel vous \u00eates le plus confortable et qui vous donne envie de sortir sur l&rsquo;eau. Le c\u00f4t\u00e9 sympa de la planche gonflable, c&rsquo;est que vous n&rsquo;avez pas vraiment besoin de vagues. Les jours o\u00f9 l&rsquo;oc\u00e9an est presque plat et calme, vous pouvez quand-m\u00eame sortir avec votre paddle en mer !<\/p>\n\n\n<div class=\"wp-block-image\">\n<figure class=\"aligncenter size-large\"><img loading=\"lazy\" decoding=\"async\" width=\"601\" height=\"601\" src=\"https:\/\/standuppaddleboardworld.com\/wp-content\/uploads\/2019\/12\/aqua-marina-wave-opblaasbaar-surfboard-action-small.jpg\" alt=\"Aqua Marina Wave Paddle Surf\" class=\"wp-image-32538\" title=\"\" srcset=\"https:\/\/standuppaddleboardworld.com\/wp-content\/uploads\/2019\/12\/aqua-marina-wave-opblaasbaar-surfboard-action-small.jpg 601w, https:\/\/standuppaddleboardworld.com\/wp-content\/uploads\/2019\/12\/aqua-marina-wave-opblaasbaar-surfboard-action-small-300x300.jpg 300w, https:\/\/standuppaddleboardworld.com\/wp-content\/uploads\/2019\/12\/aqua-marina-wave-opblaasbaar-surfboard-action-small-150x150.jpg 150w, https:\/\/standuppaddleboardworld.com\/wp-content\/uploads\/2019\/12\/aqua-marina-wave-opblaasbaar-surfboard-action-small-75x75.jpg 75w\" sizes=\"auto, (max-width: 601px) 100vw, 601px\" \/><figcaption class=\"wp-element-caption\">L&rsquo;Aqua Marina Wave est un paddle sp\u00e9cialement con\u00e7u pour surfer mais difficile \u00e0 trouver<\/figcaption><\/figure>\n<\/div>\n\n\n<h3 class=\"wp-block-heading\"><span class=\"ez-toc-section\" id=\"Quelles_taille_et_forme_recherchez-vous\"><\/span>Quelles taille et forme recherchez-vous ?<span class=\"ez-toc-section-end\"><\/span><\/h3>\n\n\n\n<p>Comme d\u00e9j\u00e0 mentionn\u00e9, les planches de surf type paddle sont g\u00e9n\u00e9ralement plus petites que les paddles polyvalents avec lesquels vous \u00eates familier. Mais si vous voulez plus de stabilit\u00e9 et ne craignez pas de tomber souvent \u00e0 l&rsquo;eau, vous pouvez toujours essayer avec le paddle de taille normale que vous connaissez. <\/p>\n\n\n\n<p class=\"block-highlight-filled\"><strong>La d\u00e9cision la plus importante \u00e0 prendre est donc :<\/strong> Voulez-vous seulement un paddle pour surfer ou voulez-vous \u00e9galement faire du paddle normal ?<\/p>\n\n\n\n<p>Si vous pr\u00e9f\u00e9rez faire du paddle normal, je vous recommande d&rsquo;acheter un paddle gonflable. Ainsi, vous pourrez sortir sur l&rsquo;eau m\u00eame sans grosses vagues pour surfer. <\/p>\n\n\n\n<p>Les planches de surf type paddle uniquement pr\u00e9vues pour surfer sont plus courtes et fines pour pouvoir se d\u00e9placer rapidement sur les vagues. Alors que les planches de surf font parfois <strong>seulement 10 cm d&rsquo;\u00e9paisseur<\/strong>, la norme pour les paddles classiques est 15 cm.  <\/p>\n\n\n\n<p>Ce facteur d\u00e9termine \u00e9galement la capacit\u00e9 de charge de la planche, une planche fine n&rsquo;\u00e9tant pas r\u00e9ellement en mesure de supporter une personne lourde. Alors, <em>v\u00e9rifiez la capacit\u00e9 de charge maximale <\/em>de la planche de surf type paddle que vous voulez acheter pour \u00eatre s\u00fbr de ne pas couler une fois dessus. <\/p>\n\n\n<div class=\"wp-block-image\">\n<figure class=\"aligncenter size-large\"><img loading=\"lazy\" decoding=\"async\" width=\"300\" height=\"309\" src=\"https:\/\/standuppaddleboardworld.com\/wp-content\/uploads\/2020\/06\/Surfing-falling.gif\" alt=\"Surfing-falling\" class=\"wp-image-29017\" title=\"\"><figcaption class=\"wp-element-caption\">Attendez-vous \u00e0 des chutes spectaculaires dans les grandes vagues !<\/figcaption><\/figure>\n<\/div>\n\n\n<h3 class=\"wp-block-heading\"><span class=\"ez-toc-section\" id=\"Le_deck_pad_de_la_planche_convient-il_pour_surfer\"><\/span>Le deck pad de la planche convient-il pour surfer ?<span class=\"ez-toc-section-end\"><\/span><\/h3>\n\n\n\n<p>Le deck pad d&rsquo;une planche de surf de type paddle devient vite tremp\u00e9 quand vous sortez sur l&rsquo;eau, alors que ce n&rsquo;est pas toujours le cas quand vous faites du paddle en eaux calmes. En fait, c&rsquo;est plut\u00f4t le contraire, j&rsquo;ai rarement les pieds mouill\u00e9s quand je fais des grandes balades en paddle. <\/p>\n\n\n\n<p>Vous avez donc besoin d&rsquo;un deck pad offrant <strong>une tr\u00e8s bonne adh\u00e9rence<\/strong> sur une planche de surf type paddle. Un grand deck pad qui couvre toute la planche est \u00e9galement un avantage pour avoir une bonne adh\u00e9rence quand vous devez faire des mouvements subits \u00e0 cause des vagues. <\/p>\n\n\n\n<p>L&rsquo;autre \u00e9l\u00e9ment n\u00e9cessaire sur une partie de la planche est le <strong>kick pad<\/strong>, utile pour tourner rapidement et fait pivot au moment o\u00f9 la vague arrive. Vous devez vous pencher vers l&rsquo;arri\u00e8re et faire pression avec le pied arri\u00e8re pour avoir une position ferme, ce qui est tr\u00e8s utile quand on attrape les vagues. <\/p>\n\n\n\n\n\n\n<figure class=\"wp-block-image size-large is-resized\"><img loading=\"lazy\" decoding=\"async\" width=\"1000\" height=\"750\" src=\"https:\/\/standuppaddleboardworld.com\/wp-content\/uploads\/2020\/05\/Bluefin-Cruise-Junior-Deck.jpg\" alt=\"Bluefin-Cruise-Junior-Deck Pad\" class=\"wp-image-22542\" style=\"width:732px;height:549px\" title=\"\" srcset=\"https:\/\/standuppaddleboardworld.com\/wp-content\/uploads\/2020\/05\/Bluefin-Cruise-Junior-Deck.jpg 1000w, https:\/\/standuppaddleboardworld.com\/wp-content\/uploads\/2020\/05\/Bluefin-Cruise-Junior-Deck-300x225.jpg 300w, https:\/\/standuppaddleboardworld.com\/wp-content\/uploads\/2020\/05\/Bluefin-Cruise-Junior-Deck-768x576.jpg 768w, https:\/\/standuppaddleboardworld.com\/wp-content\/uploads\/2020\/05\/Bluefin-Cruise-Junior-Deck-702x526.jpg 702w\" sizes=\"auto, (max-width: 1000px) 100vw, 1000px\" \/><figcaption class=\"wp-element-caption\">Le <a href=\"https:\/\/standuppaddleboardworld.com\/fr\/bluefin\/bluefin-cruise-junior\/\" class=\"rank-math-link\">Bluefin Cruise Jr<\/a> propose un super exemple de deck pad bien adh\u00e9rant et de kick pad sur la queue<\/figcaption><\/figure>\n\n\n\n<h3 class=\"wp-block-heading\"><span class=\"ez-toc-section\" id=\"Quelle_configuration_daileron_convient_le_mieux_pour_le_surf_en_paddle\"><\/span>Quelle configuration d&rsquo;aileron convient le mieux pour le surf en paddle ?<span class=\"ez-toc-section-end\"><\/span><\/h3>\n\n\n\n<p>En g\u00e9n\u00e9ral, les paddles ont deux options de configuration pour les ailerons. Soit il y a un gros aileron central unique, soit un gros aileron central et deux ailerons plus petits. Quelle configuration est la meilleure pour le surf en paddle ?<\/p>\n\n\n\n<p>Ces petits ailerons suppl\u00e9mentaires offrent plus de traction dans l&rsquo;eau, ce qui est certainement tr\u00e8s utile dans des conditions agit\u00e9es, <strong>pr\u00e9f\u00e9rez donc une configuration \u00e0 trois ailerons<\/strong> pour une planche de surf type paddle. La meilleure option est d&rsquo;avoir une planche avec trois ailerons amovibles pour pouvoir ainsi essayer diff\u00e9rentes combinaisons et choisir celle qui vous semble la mieux. <\/p>\n\n\n\n<p>Les ailerons un peu souples ont moins tendance \u00e0 casser que les ailerons rigides et ils sont tout aussi performants sur les vagues. Pour des raisons de s\u00e9curit\u00e9, je vous recommande donc plut\u00f4t ceux-ci que les ailerons rigides en plastique. <\/p>\n\n\n\n<figure class=\"wp-block-image size-large\"><img loading=\"lazy\" decoding=\"async\" width=\"1000\" height=\"750\" src=\"https:\/\/standuppaddleboardworld.com\/wp-content\/uploads\/2020\/05\/Bluefin-Cruise-Junior-Fin.jpg\" alt=\"Bluefin-Cruise-Junior-Fin\" class=\"wp-image-22543\" title=\"\" srcset=\"https:\/\/standuppaddleboardworld.com\/wp-content\/uploads\/2020\/05\/Bluefin-Cruise-Junior-Fin.jpg 1000w, https:\/\/standuppaddleboardworld.com\/wp-content\/uploads\/2020\/05\/Bluefin-Cruise-Junior-Fin-300x225.jpg 300w, https:\/\/standuppaddleboardworld.com\/wp-content\/uploads\/2020\/05\/Bluefin-Cruise-Junior-Fin-768x576.jpg 768w, https:\/\/standuppaddleboardworld.com\/wp-content\/uploads\/2020\/05\/Bluefin-Cruise-Junior-Fin-702x526.jpg 702w\" sizes=\"auto, (max-width: 1000px) 100vw, 1000px\" \/><figcaption class=\"wp-element-caption\">Voici une configuration avec un gros aileron et deux ailerons plus petits. C&rsquo;est la configuration id\u00e9ale quand les petites ailerons sont d\u00e9tachables.<\/figcaption><\/figure>\n\n\n\n<h2 class=\"wp-block-heading\"><span class=\"ez-toc-section\" id=\"La_meilleure_planche_de_surf_type_paddle\"><\/span>La meilleure planche de surf type paddle<span class=\"ez-toc-section-end\"><\/span><\/h2>\n\n\n\n<p>Assez d&rsquo;introduction et d&rsquo;explication, laissez-moi \u00e0 pr\u00e9sent vous montrer les meilleures planches de surf de type paddle \u00e0 mon avis. \u00c9tant fan de paddle et d&rsquo;activit\u00e9s autres que le surf, j&rsquo;ai choisi des <strong>planches de surf de type paddle gonflables. <\/strong>Comme d\u00e9j\u00e0 mentionn\u00e9, si vous \u00eates uniquement int\u00e9ress\u00e9 par le surf et que vous avez de l&rsquo;espace, vous devriez peut-\u00eatre plut\u00f4t envisager une planche rigide ! <\/p>\n\n\n\n<p>Il faut aussi mentionner qu&rsquo;il est difficile de trouver des planches de surf de type paddle gonflables partout. J&rsquo;ai vu plusieurs de ces planches en Europe seulement, comme la MOAI 9&rsquo;5&Prime;, l&rsquo;Aqua Marina Wave, la ZRAY E9 et la planche de surf type paddle de Decathlon.<br><br>J&rsquo;ai donc d\u00fb vraiment creuser pour trouver des planches de surf type paddle convenables, mais j&rsquo;esp\u00e8re que les options que je vous propose sont bien et que vous appr\u00e9cierez surfer sur les vagues avec !<\/p>\n\n\n\n<p class=\"block-highlight\">Fanatic Stubby Air<br>Red Paddle 8\u201910\u201d WHIP MSL<\/p>\n\n\n\n\n\n\n<h2 class=\"wp-block-heading\"><span class=\"ez-toc-section\" id=\"Conclusion_sur_les_meilleures_planches_de_surf_type_paddle\"><\/span>Conclusion sur les meilleures planches de surf type paddle<span class=\"ez-toc-section-end\"><\/span><\/h2>\n\n\n\n<p class=\"block-conclusion\">Ma conclusion est que c&rsquo;est carr\u00e9ment difficile de trouver de bonnes planches de surf type paddle hors d&rsquo;Europe !<br><br>Si vous envisagez de faire d&rsquo;autres activit\u00e9s que le surf sur votre paddle, je vous conseille plut\u00f4t d&rsquo;acheter un paddle polyvalent pour profiter de l&rsquo;eau dans toutes les conditions. Jetez un coup d&rsquo;\u0153il \u00e0 mon <a href=\"https:\/\/standuppaddleboardworld.com\/fr\/meilleur-paddle-gonflable\/\" class=\"rank-math-link\">guide sur les meilleurs paddles<\/a> pour trouver le paddle polyvalent qu&rsquo;il vous faut.<br><br>Pour uniquement surfer, une planche rigide est mieux adapt\u00e9e qu&rsquo;une planche gonflable, \u00e9tant plus fine et facile \u00e0 man\u0153uvrer dans les vagues. Si vous \u00eates un surfeur pur et dur, jetez plut\u00f4t un coup d&rsquo;\u0153il aux planches rigides.<br><br>Vous voulez vraiment un paddle gonflable con\u00e7u pour surfer ? Alors, vous devez cibler l&rsquo;une des <strong>grandes marques<\/strong>, car l&rsquo;audience n&rsquo;est pas assez large pour que les petites marques cr\u00e9ent un produit. <br><br>Ces planches sont petites et ne peuvent pas supporter beaucoup de poids, mais elles offrent une grande libert\u00e9 de mouvement et sont con\u00e7ues pour que vous adh\u00e9riez bien \u00e0 la planche tremp\u00e9e. V\u00e9rifiez les diverses planches pour <strong>trouver celle qui vous convient le mieux. <\/strong>Si possible, essayez d&rsquo;en <strong>louer <\/strong>plusieurs et de les essayer, c&rsquo;est un investissement plut\u00f4t cons\u00e9quent si vous n&rsquo;\u00eates pas s\u00fbr d&rsquo;appr\u00e9cier.<\/p>\n\n\n\n<p><strong>Que pensez-vous des planches de surf type paddle ? Avez-vous essay\u00e9 de surfer sur un paddle polyvalent ? Avez-vous d\u00e9j\u00e0 essay\u00e9 une planche de surf de type paddle ?<\/strong><\/p>\n\n\n\n<p>Laissez-moi un commentaire ci-dessous ou connectez-vous avec moi sur <a href=\"https:\/\/www.facebook.com\/standuppaddleboardworld\" target=\"_blank\" aria-label=\" (opens in a new tab)\" rel=\"noreferrer noopener\" class=\"rank-math-link\">Facebook<\/a>.<\/p>\n\n\n\n<p><em>Parlez-moi de vos exp\u00e9riences dans les commentaires, et dites-moi si vous pensez que surfer en paddle est vraiment une exp\u00e9rience \u00e0 vivre.<\/em><\/p>\n","protected":false},"excerpt":{"rendered":"<p>Surfez sur les vagues en paddle : la meilleure planche pour surfer en 2024 Votre paddle peut servir \u00e0 de nombreuses activit\u00e9s. La plupart des personnes veulent un paddle polyvalent ou un paddle con\u00e7u pour faire du touring (de longues balades), mais il existe \u00e9galement d&rsquo;autres activit\u00e9s possibles, comme la p\u00eache, le yoga et, effectivement, [&hellip;]<\/p>\n","protected":false},"author":1,"featured_media":29636,"parent":0,"menu_order":0,"comment_status":"closed","ping_status":"closed","template":"page-templates\/reviews.php","meta":{"_genesis_hide_title":false,"_genesis_hide_breadcrumbs":false,"_genesis_hide_singular_image":false,"_genesis_hide_footer_widgets":false,"_genesis_custom_body_class":"","_genesis_custom_post_class":"","_genesis_layout":"","footnotes":""},"categories":[],"tags":[],"class_list":{"0":"post-29014","1":"page","2":"type-page","3":"status-publish","4":"has-post-thumbnail","6":"entry"},"acf":[],"_links":{"self":[{"href":"https:\/\/standuppaddleboardworld.com\/fr\/wp-json\/wp\/v2\/pages\/29014","targetHints":{"allow":["GET"]}}],"collection":[{"href":"https:\/\/standuppaddleboardworld.com\/fr\/wp-json\/wp\/v2\/pages"}],"about":[{"href":"https:\/\/standuppaddleboardworld.com\/fr\/wp-json\/wp\/v2\/types\/page"}],"author":[{"embeddable":true,"href":"https:\/\/standuppaddleboardworld.com\/fr\/wp-json\/wp\/v2\/users\/1"}],"replies":[{"embeddable":true,"href":"https:\/\/standuppaddleboardworld.com\/fr\/wp-json\/wp\/v2\/comments?post=29014"}],"version-history":[{"count":1,"href":"https:\/\/standuppaddleboardworld.com\/fr\/wp-json\/wp\/v2\/pages\/29014\/revisions"}],"predecessor-version":[{"id":77541,"href":"https:\/\/standuppaddleboardworld.com\/fr\/wp-json\/wp\/v2\/pages\/29014\/revisions\/77541"}],"wp:featuredmedia":[{"embeddable":true,"href":"https:\/\/standuppaddleboardworld.com\/fr\/wp-json\/wp\/v2\/media\/29636"}],"wp:attachment":[{"href":"https:\/\/standuppaddleboardworld.com\/fr\/wp-json\/wp\/v2\/media?parent=29014"}],"wp:term":[{"taxonomy":"category","embeddable":true,"href":"https:\/\/standuppaddleboardworld.com\/fr\/wp-json\/wp\/v2\/categories?post=29014"},{"taxonomy":"post_tag","embeddable":true,"href":"https:\/\/standuppaddleboardworld.com\/fr\/wp-json\/wp\/v2\/tags?post=29014"}],"curies":[{"name":"wp","href":"https:\/\/api.w.org\/{rel}","templated":true}]}}