{"id":23928,"date":"2021-01-21T09:49:15","date_gmt":"2021-01-21T08:49:15","guid":{"rendered":"https:\/\/standuppaddleboardworld.com\/?page_id=23928"},"modified":"2021-08-17T09:40:56","modified_gmt":"2021-08-17T08:40:56","slug":"restube","status":"publish","type":"page","link":"https:\/\/standuppaddleboardworld.com\/fr\/accessoires-de-paddle\/restube\/","title":{"rendered":"Restube : votre bou\u00e9e de sauvetage num\u00e9ro 1 !"},"content":{"rendered":"\n<p>Comme je l&rsquo;ai souvent r\u00e9p\u00e9t\u00e9 dans mes \u00e9valuations : <strong>la s\u00e9curit\u00e9 importe plus que tout quand vous sortez sur l&rsquo;eau<\/strong>.<\/p>\n\n\n\n<p>Restube est un accessoire que vous attachez \u00e0 votre maillot de bain, super facile et l\u00e9ger \u00e0 porter.<br><br>Il suffit de tirer sur le cordon et il se gonfle tout seul en un instant pour \u00eatre s\u00fbr que vous remontiez toujours \u00e0 la surface et restiez hors de l&rsquo;eau gr\u00e2ce \u00e0 cet \u00e9quipement.<\/p>\n\n\n\n<figure class=\"wp-block-embed is-type-video is-provider-youtube wp-block-embed-youtube wp-embed-aspect-16-9 wp-has-aspect-ratio\"><div class=\"wp-block-embed__wrapper\">\n<iframe loading=\"lazy\" title=\"Here\u2019s How RESTUBE Could Save Your Life\" width=\"500\" height=\"281\" src=\"https:\/\/www.youtube.com\/embed\/yuMScJZFbIA?start=250&#038;feature=oembed\" frameborder=\"0\" allow=\"accelerometer; autoplay; clipboard-write; encrypted-media; gyroscope; picture-in-picture; web-share\" referrerpolicy=\"strict-origin-when-cross-origin\" allowfullscreen><\/iframe>\n<\/div><\/figure>\n\n\n\n<h3 class=\"wp-block-heading\"><span class=\"ez-toc-section\" id=\"Faites_du_paddle_en_securite_avec_Restube\"><\/span>Faites du paddle en s\u00e9curit\u00e9 avec Restube<span class=\"ez-toc-section-end\"><\/span><\/h3><div id=\"ez-toc-container\" class=\"ez-toc-v2_0_82_2 counter-flat ez-toc-counter ez-toc-custom ez-toc-container-direction\">\n<label for=\"ez-toc-cssicon-toggle-item-69e87a9b6feb8\" class=\"ez-toc-cssicon-toggle-label\"><span class=\"\"><span class=\"eztoc-hide\" style=\"display:none;\">Toggle<\/span><span class=\"ez-toc-icon-toggle-span\"><svg style=\"fill: #1a2b49;color:#1a2b49\" xmlns=\"http:\/\/www.w3.org\/2000\/svg\" class=\"list-377408\" width=\"20px\" height=\"20px\" viewBox=\"0 0 24 24\" fill=\"none\"><path d=\"M6 6H4v2h2V6zm14 0H8v2h12V6zM4 11h2v2H4v-2zm16 0H8v2h12v-2zM4 16h2v2H4v-2zm16 0H8v2h12v-2z\" fill=\"currentColor\"><\/path><\/svg><svg style=\"fill: #1a2b49;color:#1a2b49\" class=\"arrow-unsorted-368013\" xmlns=\"http:\/\/www.w3.org\/2000\/svg\" width=\"10px\" height=\"10px\" viewBox=\"0 0 24 24\" version=\"1.2\" baseProfile=\"tiny\"><path d=\"M18.2 9.3l-6.2-6.3-6.2 6.3c-.2.2-.3.4-.3.7s.1.5.3.7c.2.2.4.3.7.3h11c.3 0 .5-.1.7-.3.2-.2.3-.5.3-.7s-.1-.5-.3-.7zM5.8 14.7l6.2 6.3 6.2-6.3c.2-.2.3-.5.3-.7s-.1-.5-.3-.7c-.2-.2-.4-.3-.7-.3h-11c-.3 0-.5.1-.7.3-.2.2-.3.5-.3.7s.1.5.3.7z\"\/><\/svg><\/span><\/span><\/label><input type=\"checkbox\"  id=\"ez-toc-cssicon-toggle-item-69e87a9b6feb8\"  aria-label=\"Toggle\" \/><nav><ul class='ez-toc-list ez-toc-list-level-1 ' ><li class='ez-toc-page-1'><a class=\"ez-toc-link ez-toc-heading-1\" href=\"https:\/\/standuppaddleboardworld.com\/fr\/accessoires-de-paddle\/restube\/#Faites_du_paddle_en_securite_avec_Restube\" >Faites du paddle en s\u00e9curit\u00e9 avec Restube<\/a><\/li><li class='ez-toc-page-1'><a class=\"ez-toc-link ez-toc-heading-2\" href=\"https:\/\/standuppaddleboardworld.com\/fr\/accessoires-de-paddle\/restube\/#Les_produits_Restube_2020\" >Les produits Restube 2020<\/a><\/li><li class='ez-toc-page-1'><a class=\"ez-toc-link ez-toc-heading-3\" href=\"https:\/\/standuppaddleboardworld.com\/fr\/accessoires-de-paddle\/restube\/#Restube_Basic\" >Restube Basic<\/a><\/li><li class='ez-toc-page-1'><a class=\"ez-toc-link ez-toc-heading-4\" href=\"https:\/\/standuppaddleboardworld.com\/fr\/accessoires-de-paddle\/restube\/#Restube_Classic\" >Restube Classic<\/a><\/li><li class='ez-toc-page-1'><a class=\"ez-toc-link ez-toc-heading-5\" href=\"https:\/\/standuppaddleboardworld.com\/fr\/accessoires-de-paddle\/restube\/#Restube_Sports\" >Restube Sports<\/a><\/li><li class='ez-toc-page-1'><a class=\"ez-toc-link ez-toc-heading-6\" href=\"https:\/\/standuppaddleboardworld.com\/fr\/accessoires-de-paddle\/restube\/#Restube_Swim\" >Restube Swim<\/a><\/li><\/ul><\/nav><\/div>\n\n\n\n\n<p>La s\u00e9curit\u00e9 n&rsquo;est peut-\u00eatre pas la premi\u00e8re chose qui vient \u00e0 l&rsquo;esprit des paddleurs. Beaucoup se disent : \u00ab\u00a0<em>Que peut-il m&rsquo;arriver si je pagaye tranquillement sur l&rsquo;eau ?<\/em>\u00a0\u00bb <\/p>\n\n\n\n<p>Mais si, par exemple, vous <strong>perdez votre \u00e9quilibre <\/strong>\u00e0 cause d&rsquo;une vague ou d&rsquo;un oiseau tout proche qui vous fait sursauter (moi, ils me font baliser !), vous <strong>pouvez tomber<\/strong> <strong>par surprise<\/strong> et \u00eates tellement <strong>d\u00e9sorient\u00e9<\/strong> que vous ne savez plus o\u00f9 est le bas et le haut. <\/p>\n\n\n\n<p>Quand on est attrap\u00e9 par un courant fort, bien plus puissant dans les eaux profondes, on peut avoir du mal \u00e0 remonter. Restube est alors id\u00e9al dans cette situation et peut vous sauver la vie. <\/p>\n\n\n\n<p>Cet appareil pratique est <strong>non seulement excellent pour le paddle <\/strong>mais \u00e9galement pour la natation, le triathlon, le surf, le kite surf, bref <strong>tous les sports aquatiques !<\/strong><\/p>\n\n\n\n<p>Il existe <strong>plusieurs types de Restube selon le sport que vous pratiquez. <\/strong>Les nageurs et les coureurs utilisent des \u00e9quipements plus compacts car ils ont besoin d&rsquo;<strong>a\u00e9rodynamisme <\/strong>pour aller vite, tandis que ceux utilis\u00e9s pour les sports plus rudes, comme le kite surf, sont \u00e9quip\u00e9s d&rsquo;une <strong>attache de s\u00e9curit\u00e9 suppl\u00e9mentaire <\/strong>pour \u00e9viter qu&rsquo;ils ne s&rsquo;ouvrent par accident pendant l&rsquo;activit\u00e9. <\/p>\n\n\n\n<figure class=\"wp-block-image size-large\"><img loading=\"lazy\" decoding=\"async\" width=\"1024\" height=\"675\" src=\"https:\/\/standuppaddleboardworld.com\/wp-content\/uploads\/2020\/02\/Restube-Overview-1-1024x675.jpg\" alt=\"aper\u00e7u restube\" class=\"wp-image-23939\" title=\"\" srcset=\"https:\/\/standuppaddleboardworld.com\/wp-content\/uploads\/2020\/02\/Restube-Overview-1-1024x675.jpg 1024w, https:\/\/standuppaddleboardworld.com\/wp-content\/uploads\/2020\/02\/Restube-Overview-1-300x198.jpg 300w, https:\/\/standuppaddleboardworld.com\/wp-content\/uploads\/2020\/02\/Restube-Overview-1-768x506.jpg 768w, https:\/\/standuppaddleboardworld.com\/wp-content\/uploads\/2020\/02\/Restube-Overview-1.jpg 1200w\" sizes=\"auto, (max-width: 1024px) 100vw, 1024px\" \/><\/figure>\n\n\n\n<h2 class=\"wp-block-heading\"><span class=\"ez-toc-section\" id=\"Les_produits_Restube_2020\"><\/span>Les produits Restube 2020<span class=\"ez-toc-section-end\"><\/span><\/h2>\n\n\n\n<div class=\"wp-block-group\"><div class=\"wp-block-group__inner-container is-layout-flow wp-block-group-is-layout-flow\">\n<div class=\"wp-block-columns block-border is-layout-flex wp-container-core-columns-is-layout-9d6595d7 wp-block-columns-is-layout-flex\">\n<div class=\"wp-block-column is-layout-flow wp-block-column-is-layout-flow\" style=\"flex-basis:33.33%\">\n<div style=\"height:67px\" aria-hidden=\"true\" class=\"wp-block-spacer\"><\/div>\n\n\n\n<figure class=\"wp-block-image size-large\"><img loading=\"lazy\" decoding=\"async\" width=\"1000\" height=\"1000\" src=\"https:\/\/standuppaddleboardworld.com\/wp-content\/uploads\/2020\/02\/restube-basic-2.jpg\" alt=\"Restube Basic\" class=\"wp-image-23932\" title=\"\" srcset=\"https:\/\/standuppaddleboardworld.com\/wp-content\/uploads\/2020\/02\/restube-basic-2.jpg 1000w, https:\/\/standuppaddleboardworld.com\/wp-content\/uploads\/2020\/02\/restube-basic-2-300x300.jpg 300w, https:\/\/standuppaddleboardworld.com\/wp-content\/uploads\/2020\/02\/restube-basic-2-150x150.jpg 150w, https:\/\/standuppaddleboardworld.com\/wp-content\/uploads\/2020\/02\/restube-basic-2-768x768.jpg 768w, https:\/\/standuppaddleboardworld.com\/wp-content\/uploads\/2020\/02\/restube-basic-2-75x75.jpg 75w\" sizes=\"auto, (max-width: 1000px) 100vw, 1000px\" \/><\/figure>\n\n\n\n<p><strong>Mat\u00e9riaux : <\/strong> Nylon \/ TPU <br><strong>Poids :<\/strong>  240 g<br><strong>Dimensions <\/strong>:  14 \u00d7 6 \u00d7 5 cm <\/p>\n<\/div>\n\n\n\n<div class=\"wp-block-column is-layout-flow wp-block-column-is-layout-flow\" style=\"flex-basis:66.66%\">\n<h4 class=\"wp-block-heading\" id=\"aqua-marina-breeze\"><span class=\"ez-toc-section\" id=\"Restube_Basic\"><\/span>Restube Basic<span class=\"ez-toc-section-end\"><\/span><\/h4>\n\n\n\n<p>Restube Basic est la version la moins ch\u00e8re con\u00e7ue pour des besoins de s\u00e9curit\u00e9 \u00e9l\u00e9mentaires.<br><br>Vous le portez autour de la taille et il se gonfle rapidement en tirant sur le cordon.<br><br>L&rsquo;option basique sans fioritures.<\/p>\n<\/div>\n<\/div>\n<\/div><\/div>\n\n\n\n\n\n\n<div class=\"wp-block-group\"><div class=\"wp-block-group__inner-container is-layout-flow wp-block-group-is-layout-flow\">\n<div class=\"wp-block-columns block-border is-layout-flex wp-container-core-columns-is-layout-9d6595d7 wp-block-columns-is-layout-flex\">\n<div class=\"wp-block-column is-layout-flow wp-block-column-is-layout-flow\" style=\"flex-basis:33.33%\">\n<div style=\"height:67px\" aria-hidden=\"true\" class=\"wp-block-spacer\"><\/div>\n\n\n\n<figure class=\"wp-block-image size-large\"><img loading=\"lazy\" decoding=\"async\" width=\"1000\" height=\"1000\" src=\"https:\/\/standuppaddleboardworld.com\/wp-content\/uploads\/2020\/02\/restube-classic-seablue.jpg\" alt=\"Restube Classic\" class=\"wp-image-23933\" title=\"\" srcset=\"https:\/\/standuppaddleboardworld.com\/wp-content\/uploads\/2020\/02\/restube-classic-seablue.jpg 1000w, https:\/\/standuppaddleboardworld.com\/wp-content\/uploads\/2020\/02\/restube-classic-seablue-300x300.jpg 300w, https:\/\/standuppaddleboardworld.com\/wp-content\/uploads\/2020\/02\/restube-classic-seablue-150x150.jpg 150w, https:\/\/standuppaddleboardworld.com\/wp-content\/uploads\/2020\/02\/restube-classic-seablue-768x768.jpg 768w, https:\/\/standuppaddleboardworld.com\/wp-content\/uploads\/2020\/02\/restube-classic-seablue-75x75.jpg 75w\" sizes=\"auto, (max-width: 1000px) 100vw, 1000px\" \/><\/figure>\n\n\n\n<p><strong>Mat\u00e9riaux : <\/strong> Nylon \/ TPU <br><strong>Poids :<\/strong>  260 g<br><strong>Dimensions <\/strong>:  14 \u00d7 6 \u00d7 5 cm  <\/p>\n<\/div>\n\n\n\n<div class=\"wp-block-column is-layout-flow wp-block-column-is-layout-flow\" style=\"flex-basis:66.66%\">\n<h4 class=\"wp-block-heading\" id=\"aqua-marina-vapor\"><span class=\"ez-toc-section\" id=\"Restube_Classic\"><\/span>Restube Classic<span class=\"ez-toc-section-end\"><\/span><\/h4>\n\n\n\n<p>Restube Classic est \u00e9quip\u00e9 d&rsquo;une pochette et d&rsquo;un sifflet pour appeler en cas de besoin.<br><br>Tout comme Restube Basic, il se porte autour de la taille et se gonfle rapidement en cas d&rsquo;urgence.<br><br>Contrairement \u00e0 Restube Basic, le Classic peut se porter horizontalement ou verticalement.<\/p>\n<\/div>\n<\/div>\n<\/div><\/div>\n\n\n\n\n\n\n<div class=\"wp-block-group\"><div class=\"wp-block-group__inner-container is-layout-flow wp-block-group-is-layout-flow\">\n<div class=\"wp-block-columns block-border is-layout-flex wp-container-core-columns-is-layout-9d6595d7 wp-block-columns-is-layout-flex\">\n<div class=\"wp-block-column is-layout-flow wp-block-column-is-layout-flow\" style=\"flex-basis:33.33%\">\n<div style=\"height:67px\" aria-hidden=\"true\" class=\"wp-block-spacer\"><\/div>\n\n\n\n<figure class=\"wp-block-image size-large\"><img loading=\"lazy\" decoding=\"async\" width=\"1000\" height=\"1000\" src=\"https:\/\/standuppaddleboardworld.com\/wp-content\/uploads\/2020\/02\/restube-sports-azure-blue.jpg\" alt=\"Restube Sports\" class=\"wp-image-23934\" title=\"\" srcset=\"https:\/\/standuppaddleboardworld.com\/wp-content\/uploads\/2020\/02\/restube-sports-azure-blue.jpg 1000w, https:\/\/standuppaddleboardworld.com\/wp-content\/uploads\/2020\/02\/restube-sports-azure-blue-300x300.jpg 300w, https:\/\/standuppaddleboardworld.com\/wp-content\/uploads\/2020\/02\/restube-sports-azure-blue-150x150.jpg 150w, https:\/\/standuppaddleboardworld.com\/wp-content\/uploads\/2020\/02\/restube-sports-azure-blue-768x768.jpg 768w, https:\/\/standuppaddleboardworld.com\/wp-content\/uploads\/2020\/02\/restube-sports-azure-blue-75x75.jpg 75w\" sizes=\"auto, (max-width: 1000px) 100vw, 1000px\" \/><\/figure>\n\n\n\n<p><strong>Mat\u00e9riaux : <\/strong> Nylon \/ TPU <br><strong>Poids :<\/strong>  270 g<br><strong>Dimensions <\/strong>:  14 \u00d7 7 \u00d7 5 cm<\/p>\n<\/div>\n\n\n\n<div class=\"wp-block-column is-layout-flow wp-block-column-is-layout-flow\" style=\"flex-basis:66.66%\">\n<h4 class=\"wp-block-heading\" id=\"aqua-marina-fusion\"><span class=\"ez-toc-section\" id=\"Restube_Sports\"><\/span>Restube Sports<span class=\"ez-toc-section-end\"><\/span><\/h4>\n\n\n\n<p>Restube Sports est \u00e0 l&rsquo;intention d&rsquo;une activit\u00e9 plus rude, comme le kite, la planche \u00e0 voile, etc.<br><br>Il a les m\u00eames caract\u00e9ristiques que Restube Classic mais on peut \u00e9galement l&rsquo;installer sur un harnais et il est \u00e9quip\u00e9 d&rsquo;une attache de s\u00e9curit\u00e9 pour \u00e9viter qu&rsquo;il ne s&rsquo;ouvre par accident.<\/p>\n<\/div>\n<\/div>\n<\/div><\/div>\n\n\n\n\n\n\n<div class=\"wp-block-group\"><div class=\"wp-block-group__inner-container is-layout-flow wp-block-group-is-layout-flow\">\n<div class=\"wp-block-columns block-border is-layout-flex wp-container-core-columns-is-layout-9d6595d7 wp-block-columns-is-layout-flex\">\n<div class=\"wp-block-column is-layout-flow wp-block-column-is-layout-flow\" style=\"flex-basis:33.33%\">\n<div style=\"height:67px\" aria-hidden=\"true\" class=\"wp-block-spacer\"><\/div>\n\n\n\n<figure class=\"wp-block-image size-large\"><img loading=\"lazy\" decoding=\"async\" width=\"1000\" height=\"1000\" src=\"https:\/\/standuppaddleboardworld.com\/wp-content\/uploads\/2020\/02\/restube-swim-honey-icemint.jpg\" alt=\"Restube Swim\" class=\"wp-image-23935\" title=\"\" srcset=\"https:\/\/standuppaddleboardworld.com\/wp-content\/uploads\/2020\/02\/restube-swim-honey-icemint.jpg 1000w, https:\/\/standuppaddleboardworld.com\/wp-content\/uploads\/2020\/02\/restube-swim-honey-icemint-300x300.jpg 300w, https:\/\/standuppaddleboardworld.com\/wp-content\/uploads\/2020\/02\/restube-swim-honey-icemint-150x150.jpg 150w, https:\/\/standuppaddleboardworld.com\/wp-content\/uploads\/2020\/02\/restube-swim-honey-icemint-768x768.jpg 768w, https:\/\/standuppaddleboardworld.com\/wp-content\/uploads\/2020\/02\/restube-swim-honey-icemint-75x75.jpg 75w\" sizes=\"auto, (max-width: 1000px) 100vw, 1000px\" \/><\/figure>\n\n\n\n<p><strong>Mat\u00e9riaux<\/strong> :  Nylon \/ TPU <br><strong>Poids <\/strong>:  210 g<br><strong>Dimensions <\/strong>:  12 \u00d7 6 \u00d7 4 cm <\/p>\n<\/div>\n\n\n\n<div class=\"wp-block-column is-layout-flow wp-block-column-is-layout-flow\" style=\"flex-basis:66.66%\">\n<h4 class=\"wp-block-heading\" id=\"aqua-marina-thrive\"><span class=\"ez-toc-section\" id=\"Restube_Swim\"><\/span>Restube Swim<span class=\"ez-toc-section-end\"><\/span><\/h4>\n\n\n\n<p>Restube Swim propose toutes les fonctions de Restube Classic tout en \u00e9tant plus compact et l\u00e9ger.<br><br>Cette version plus petite de Restube Classic a \u00e9t\u00e9 d\u00e9velopp\u00e9e pour les nageurs qui veulent aller le plus vite possible.<br><br>Adapt\u00e9 aux sports tels que la natation et le triathlon o\u00f9 la vitesse est tr\u00e8s importante.<\/p>\n<\/div>\n<\/div>\n<\/div><\/div>\n\n\n<div class=\"cegg5-container cegg-data_list\"><div class=\"container px-0 mb-5 mt-1 cegg-list\" >\n                    \n<div class=\"cegg-list-card card \">\n\n    \n    <div class=\"row p-2 p-md-3\">\n\n        <div class=\"col-3 col-md-2\">\n\n                            <div class=\"position-relative\">\n\n                                        <div class=\"ratio ratio-1x1 \">\n                        <img class=\"object-fit-scale rounded\" src=\"https:\/\/m.media-amazon.com\/images\/I\/41UUQiwYFVL._SS520_.jpg\" decoding=\"async\" loading=\"lazy\" alt=\"Restube Beach Bou\u00e9e de S\u00e9curit\u00e9 pour Nage en Eau Libre - Aide Flottante pour Sport Nautique - Planche de Survie Gonflable &amp; Bou\u00e9e de Signalisation Compacte Unisex-Adult, Jet Black, Small\" title=\"\">                    <\/div>\n                <\/div>\n\n            \n        <\/div>\n        <div class=\"col-9 col-md-7 align-self-center\">\n            <div class=\"cegg-list-card-body\">\n\n                \n                                    <div class=\"card-title fs-6 fw-normal cegg-text-truncate-2\">Restube Beach Bou\u00e9e de S\u00e9curit\u00e9 pour Nage en Eau Libre - Aide Flottante pour Sport Nautique - Planche de Survie Gonflable &amp; Bou\u00e9e de Signalisation Compacte...<\/div>                \n                \n                \n                \n                            <\/div>\n        <\/div>\n\n        <div class=\"col-9 col-md-3 offset-3 offset-md-0 pe-3 text-center\">\n\n                            <div class=\"cegg-card-price lh-1 mt-1 \">\n\n                    <div class=\"hstack justify-content-md-center gap-2\">\n                                                <div class=\"cegg-price fs-5 lh-1 mb-0\">\n                            &euro;69.95                        <\/div>\n                    <\/div>\n                    <div class=\"hstack justify-content-md-center gap-2\">\n\n                        \n                        \n                    <\/div>\n\n                <\/div>\n            \n                            <div class=\"cegg-card-button pt-3\">\n                    <div class=\"d-grid\"><a rel=\"nofollow noopener\" target=\"_blank\" href=\"https:\/\/www.amazon.fr\/dp\/B08F9TH6ZD?tag=paddleboar009-21&amp;linkCode=ogi&amp;th=1&amp;psc=1\" class=\"stretched-link btn btn-outline-primary\">Click for best price<\/a><\/div>\n                <\/div>\n            \n                            <div class=\"cegg-merchant small fs-6 text-body-secondary text-truncate\">\n                    <small>Amazon.fr<\/small>\n                <\/div>\n            \n                    <\/div>\n    <\/div>\n<\/div>    \n    \n    <div class=\"row g-2 fst-italic text-body-secondary mt-2 lh-1\">\n                    <div class=\"col text-md-end order-md-2 cegg-price-disclaimer\">\n                <small>Amazon price updated: <span class=\"text-nowrap\">19\/04\/2026 08:11<a href=\"#\" class=\"ms-1 text-decoration-none text-body-secondary\" title=\"Product prices and availability are accurate as of the date\/time indicated and are subject to change. Any price and availability information displayed on Amazon at the time of purchase will apply to the purchase of this product. As an Amazon associate I earn from qualifying purchases.\" onclick=\"event.preventDefault(); alert(this.title);\"><svg xmlns=\"http:\/\/www.w3.org\/2000\/svg\" width=\"16\" height=\"16\" fill=\"currentColor\" class=\"bi bi-info-circle\" viewBox=\"0 0 16 16\"><path d=\"M8 15A7 7 0 1 1 8 1a7 7 0 0 1 0 14m0 1A8 8 0 1 0 8 0a8 8 0 0 0 0 16\"\/><path d=\"m8.93 6.588-2.29.287-.082.38.45.083c.294.07.352.176.288.469l-.738 3.468c-.194.897.105 1.319.808 1.319.545 0 1.178-.252 1.465-.598l.088-.416c-.2.176-.492.246-.686.246-.275 0-.375-.193-.304-.533zM9 4.5a1 1 0 1 1-2 0 1 1 0 0 1 2 0\"\/><\/svg><\/a><\/span><\/small>\n            <\/div>\n                    <\/div>\n<\/div><\/div>\n\n\n\n<p class=\"has-background\" style=\"background-color:#ebebeb\">Voil\u00e0, c&rsquo;est fini ! Quelle liste <a href=\"https:\/\/emojipedia.org\/grinning-face-with-sweat\/\" class=\"rank-math-link\" target=\"_blank\" rel=\"noopener\">\ud83d\ude05<\/a> ! Choisissez le Restube qui convient le mieux \u00e0 votre activit\u00e9 et sortez sur l&rsquo;eau en toute s\u00e9curit\u00e9 aujourd&rsquo;hui ! <br><br>Si vous avez not\u00e9 des liens cass\u00e9s ou des textes incomplets , SURTOUT n&rsquo;h\u00e9sitez pas \u00e0 me le faire savoir pour que je puisse r\u00e9gler \u00e7a. J&rsquo;adorerais \u00e9galement avoir vos commentaire sur cette page ! <strong>Un grand merci <\/strong>!  <a href=\"https:\/\/emojipedia.org\/call-me-hand\/\" target=\"_blank\" rel=\"noopener\">\ud83e\udd19<\/a> <\/p>\n\n\n\n<p> <\/p>\n","protected":false},"excerpt":{"rendered":"<p>Comme je l&rsquo;ai souvent r\u00e9p\u00e9t\u00e9 dans mes \u00e9valuations : la s\u00e9curit\u00e9 importe plus que tout quand vous sortez sur l&rsquo;eau. Restube est un accessoire que vous attachez \u00e0 votre maillot de bain, super facile et l\u00e9ger \u00e0 porter. Il suffit de tirer sur le cordon et il se gonfle tout seul en un instant pour [&hellip;]<\/p>\n","protected":false},"author":1,"featured_media":23931,"parent":35587,"menu_order":0,"comment_status":"open","ping_status":"closed","template":"page-templates\/reviews.php","meta":{"_genesis_hide_title":false,"_genesis_hide_breadcrumbs":false,"_genesis_hide_singular_image":false,"_genesis_hide_footer_widgets":false,"_genesis_custom_body_class":"","_genesis_custom_post_class":"","_genesis_layout":"","footnotes":""},"categories":[],"tags":[],"class_list":{"0":"post-23928","1":"page","2":"type-page","3":"status-publish","4":"has-post-thumbnail","6":"entry"},"acf":[],"_links":{"self":[{"href":"https:\/\/standuppaddleboardworld.com\/fr\/wp-json\/wp\/v2\/pages\/23928","targetHints":{"allow":["GET"]}}],"collection":[{"href":"https:\/\/standuppaddleboardworld.com\/fr\/wp-json\/wp\/v2\/pages"}],"about":[{"href":"https:\/\/standuppaddleboardworld.com\/fr\/wp-json\/wp\/v2\/types\/page"}],"author":[{"embeddable":true,"href":"https:\/\/standuppaddleboardworld.com\/fr\/wp-json\/wp\/v2\/users\/1"}],"replies":[{"embeddable":true,"href":"https:\/\/standuppaddleboardworld.com\/fr\/wp-json\/wp\/v2\/comments?post=23928"}],"version-history":[{"count":0,"href":"https:\/\/standuppaddleboardworld.com\/fr\/wp-json\/wp\/v2\/pages\/23928\/revisions"}],"up":[{"embeddable":true,"href":"https:\/\/standuppaddleboardworld.com\/fr\/wp-json\/wp\/v2\/pages\/35587"}],"wp:featuredmedia":[{"embeddable":true,"href":"https:\/\/standuppaddleboardworld.com\/fr\/wp-json\/wp\/v2\/media\/23931"}],"wp:attachment":[{"href":"https:\/\/standuppaddleboardworld.com\/fr\/wp-json\/wp\/v2\/media?parent=23928"}],"wp:term":[{"taxonomy":"category","embeddable":true,"href":"https:\/\/standuppaddleboardworld.com\/fr\/wp-json\/wp\/v2\/categories?post=23928"},{"taxonomy":"post_tag","embeddable":true,"href":"https:\/\/standuppaddleboardworld.com\/fr\/wp-json\/wp\/v2\/tags?post=23928"}],"curies":[{"name":"wp","href":"https:\/\/api.w.org\/{rel}","templated":true}]}}