{"id":22957,"date":"2020-12-31T09:50:59","date_gmt":"2020-12-31T08:50:59","guid":{"rendered":"https:\/\/standuppaddleboardworld.com\/?page_id=22957"},"modified":"2020-12-31T09:51:00","modified_gmt":"2020-12-31T08:51:00","slug":"declaration-daffiliation","status":"publish","type":"page","link":"https:\/\/standuppaddleboardworld.com\/fr\/declaration-daffiliation\/","title":{"rendered":"D\u00e9claration d&rsquo;affiliation"},"content":{"rendered":"\n<p>Salut \u00e0 tous, c&rsquo;est Tom. Par souci de transparence, je vous informe que certains produits r\u00e9f\u00e9renc\u00e9s sur mon site sont associ\u00e9s \u00e0 des liens qui me rapportent une commission d&rsquo;affiliation au cas o\u00f9 vous les utilisez pour faire un achat. <\/p>\n\n\n\n<p>L&rsquo;objectif de mon blog est de donner le plus d&rsquo;informations possible sur le paddle et de partager ma passion avec les autres. Toutefois, \u00e9tant donn\u00e9 que je ne suis pas un organisme de bienfaisance, je dois gagner un peu d&rsquo;argent pour me permettre de passer plus de temps \u00e0 enrichir ce projet. <\/p>\n\n\n\n<p>Mon blog n&rsquo;\u00e9tant pas encore \u00e9norme, je collabore uniquement avec Amazon, Supboard-99 et Bluefin, \u00e0 l&rsquo;heure actuelle. En cons\u00e9quence, si vous achetez un produit sur leurs sites web en passant par un lien sur mon site, consid\u00e9rez que je gagne une commission d&rsquo;affiliation. <\/p>\n\n\n\n<p id=\"block-conclusion\">Utilisez un lien d&rsquo;affili\u00e9 ne vous occasionne aucun frais suppl\u00e9mentaires mais je me permettra de recevoir un petit pourcentage du prix de vente, ce qui m&rsquo;aide \u00e0 entretenir mon site web. <\/p>\n\n\n\n<p id=\"block-conclusion\">Ceci dit, je fais la promotion et je recommande uniquement des produits que je soutiens et qui, selon moi, sont de tr\u00e8s bonne qualit\u00e9. Mes recommandations produits sont objectives et ne sont en aucune fa\u00e7on influenc\u00e9es par la commission que je touche.<\/p>\n\n\n\n<p>Si vous avez des suggestions en termes de produits \u00e0 \u00e9valuer qui ne sont pas sur mon site, n&rsquo;h\u00e9sitez pas \u00e0 me le faire savoir, et je serai heureux de le faire et de les ajouter \u00e0 mes recommandations.<\/p>\n\n\n\n<p>Stand Up Paddle Board World participe au programme Amazon Services LLC Associates, un programme de communication et d&rsquo;affiliation visant \u00e0 octroyer une commission aux sites qui communiquent et fournissent des liens vers Amazon.com.<\/p>\n","protected":false},"excerpt":{"rendered":"<p>Salut \u00e0 tous, c&rsquo;est Tom. Par souci de transparence, je vous informe que certains produits r\u00e9f\u00e9renc\u00e9s sur mon site sont associ\u00e9s \u00e0 des liens qui me rapportent une commission d&rsquo;affiliation au cas o\u00f9 vous les utilisez pour faire un achat. L&rsquo;objectif de mon blog est de donner le plus d&rsquo;informations possible sur le paddle et [&hellip;]<\/p>\n","protected":false},"author":1,"featured_media":22960,"parent":0,"menu_order":0,"comment_status":"closed","ping_status":"closed","template":"page-templates\/reviews.php","meta":{"_genesis_hide_title":false,"_genesis_hide_breadcrumbs":false,"_genesis_hide_singular_image":false,"_genesis_hide_footer_widgets":false,"_genesis_custom_body_class":"","_genesis_custom_post_class":"","_genesis_layout":"","footnotes":""},"categories":[],"tags":[],"class_list":{"0":"post-22957","1":"page","2":"type-page","3":"status-publish","4":"has-post-thumbnail","6":"entry"},"acf":[],"_links":{"self":[{"href":"https:\/\/standuppaddleboardworld.com\/fr\/wp-json\/wp\/v2\/pages\/22957","targetHints":{"allow":["GET"]}}],"collection":[{"href":"https:\/\/standuppaddleboardworld.com\/fr\/wp-json\/wp\/v2\/pages"}],"about":[{"href":"https:\/\/standuppaddleboardworld.com\/fr\/wp-json\/wp\/v2\/types\/page"}],"author":[{"embeddable":true,"href":"https:\/\/standuppaddleboardworld.com\/fr\/wp-json\/wp\/v2\/users\/1"}],"replies":[{"embeddable":true,"href":"https:\/\/standuppaddleboardworld.com\/fr\/wp-json\/wp\/v2\/comments?post=22957"}],"version-history":[{"count":0,"href":"https:\/\/standuppaddleboardworld.com\/fr\/wp-json\/wp\/v2\/pages\/22957\/revisions"}],"wp:featuredmedia":[{"embeddable":true,"href":"https:\/\/standuppaddleboardworld.com\/fr\/wp-json\/wp\/v2\/media\/22960"}],"wp:attachment":[{"href":"https:\/\/standuppaddleboardworld.com\/fr\/wp-json\/wp\/v2\/media?parent=22957"}],"wp:term":[{"taxonomy":"category","embeddable":true,"href":"https:\/\/standuppaddleboardworld.com\/fr\/wp-json\/wp\/v2\/categories?post=22957"},{"taxonomy":"post_tag","embeddable":true,"href":"https:\/\/standuppaddleboardworld.com\/fr\/wp-json\/wp\/v2\/tags?post=22957"}],"curies":[{"name":"wp","href":"https:\/\/api.w.org\/{rel}","templated":true}]}}