{"id":22941,"date":"2020-12-30T17:27:51","date_gmt":"2020-12-30T16:27:51","guid":{"rendered":"https:\/\/standuppaddleboardworld.com\/?page_id=22941"},"modified":"2020-12-30T17:27:52","modified_gmt":"2020-12-30T16:27:52","slug":"a-propos-de-moi","status":"publish","type":"page","link":"https:\/\/standuppaddleboardworld.com\/fr\/a-propos-de-moi\/","title":{"rendered":"\u00c0 propos de moi"},"content":{"rendered":"\n<figure class=\"wp-block-image size-large is-style-circle-mask\"><img loading=\"lazy\" decoding=\"async\" width=\"633\" height=\"534\" src=\"https:\/\/standuppaddleboardworld.com\/wp-content\/uploads\/2020\/01\/tom-boat-on-water.jpg\" alt=\"Tom - \u00e9quipe Stand up paddle board world\" class=\"wp-image-1022\" title=\"\" srcset=\"https:\/\/standuppaddleboardworld.com\/wp-content\/uploads\/2020\/01\/tom-boat-on-water.jpg 633w, https:\/\/standuppaddleboardworld.com\/wp-content\/uploads\/2020\/01\/tom-boat-on-water-300x253.jpg 300w\" sizes=\"auto, (max-width: 633px) 100vw, 633px\" \/><\/figure>\n\n\n\n<p>Salut  \u00e0 tous !<br><br>Je m&rsquo;appelle Tom, j&rsquo;ai 30 ans et j&rsquo;habite aux Pays-Bas. Ouaip, le pays <a aria-label=\"qui est \u00e0 un tiers sous l&#039;eau (opens in a new tab)\" href=\"https:\/\/www.netherlands-tourism.com\/netherlands-sea-level\/\" target=\"_blank\" rel=\"noreferrer noopener nofollow\" class=\"rank-math-link\">qui est \u00e0 un tiers sous l&rsquo;eau<\/a>. C&rsquo;est peut-\u00eatre pour \u00e7a que j&rsquo;adore l&rsquo;eau \ud83d\ude09. <br><br>Tout petit d\u00e9j\u00e0, mes parents m&#8217;emmenaient sur la c\u00f4te n\u00e9erlandaise. J&rsquo;adore <em><strong>tous les sports qui ont trait \u00e0 l&rsquo;eau<\/strong><\/em><strong><em>. <\/em><\/strong><\/p>\n\n\n\n<p>Ce qui <strong>me pla\u00eet le plus \u00e0 propos du paddle est le c\u00f4t\u00e9 pratique de la planche. <\/strong>Je fais du paddle uniquement sur une planche gonflable, et elle est toujours pr\u00eate dans mon sac \u00e0 dos. J&rsquo;enfourche mon v\u00e9lo, je continue en voiture et un instant plus tard, je pagaye dans les endroits les plus tranquilles. J&rsquo;adore !<\/p>\n\n\n\n<blockquote class=\"wp-block-quote has-text-align-center is-style-large is-layout-flow wp-block-quote-is-layout-flow\"><p> <em>Je fais surtout du paddle pour me d\u00e9tendre <\/em><br><em>apr\u00e8s une grosse journ\u00e9e de travail<\/em><\/p><\/blockquote>\n\n\n\n<p>La combinaison de mon travail derri\u00e8re un pc et de mon int\u00e9r\u00eat pour les sports aquatiques m&rsquo;a pouss\u00e9 \u00e0 lancer ce site. Sur StandupPaddleboardWorld, j&rsquo;\u00e9value les paddles les plus populaires disponibles sur le march\u00e9. Je les compare \u00e0 d&rsquo;autres mod\u00e8les et j&rsquo;essaie de donner mon avis le plus honn\u00eatement possible !<\/p>\n\n\n\n<p>Bien que je passe beaucoup de temps derri\u00e8re mon pc, je ne suis pas tr\u00e8s actif sur les r\u00e9seaux sociaux. Vous pouvez me suivre sur <a aria-label=\"FACEBOOK  (opens in a new tab)\" href=\"https:\/\/www.facebook.com\/Stand-up-Paddle-board-world\" target=\"_blank\" rel=\"noreferrer noopener\" class=\"rank-math-link\">FACEBOOK <\/a>ou <a aria-label=\"INSTAGRAM  (opens in a new tab)\" href=\"https:\/\/www.instagram.com\/standuppaddleboardworld\/\" target=\"_blank\" rel=\"noreferrer noopener\" class=\"rank-math-link\">INSTAGRAM <\/a>mais ne m&rsquo;en voulez pas si je ne r\u00e9ponds pas imm\u00e9diatement \u00e0 votre message. \ud83d\ude09 <\/p>\n\n\n<p><!--StartFragment--><\/p>\n\n\n<p>Vous avez des questions ou des conseils au sujet de mon site ? N&rsquo;h\u00e9sitez pas \u00e0 m&rsquo;\u00e9crire \u00e0 : <a href=\"mailto:tom@standuppaddleboardworld.com\">tom@standuppaddleboardworld.com<\/a>. Je serais tr\u00e8s heureux d&rsquo;\u00eatre en contact avec vous et de discuter de nos exp\u00e9riences de paddle. \ud83d\ude0a <\/p>\n\n\n\n<p>Bon paddle ! <\/p>\n\n\n\n<p>&#8211; Tom <\/p>\n","protected":false},"excerpt":{"rendered":"<p>Salut \u00e0 tous ! Je m&rsquo;appelle Tom, j&rsquo;ai 30 ans et j&rsquo;habite aux Pays-Bas. Ouaip, le pays qui est \u00e0 un tiers sous l&rsquo;eau. C&rsquo;est peut-\u00eatre pour \u00e7a que j&rsquo;adore l&rsquo;eau \ud83d\ude09. Tout petit d\u00e9j\u00e0, mes parents m&#8217;emmenaient sur la c\u00f4te n\u00e9erlandaise. J&rsquo;adore tous les sports qui ont trait \u00e0 l&rsquo;eau. Ce qui me pla\u00eet [&hellip;]<\/p>\n","protected":false},"author":1,"featured_media":22943,"parent":0,"menu_order":0,"comment_status":"closed","ping_status":"closed","template":"page-templates\/about.php","meta":{"_genesis_hide_title":false,"_genesis_hide_breadcrumbs":false,"_genesis_hide_singular_image":false,"_genesis_hide_footer_widgets":false,"_genesis_custom_body_class":"","_genesis_custom_post_class":"","_genesis_layout":"full-width-content","footnotes":""},"categories":[],"tags":[],"class_list":{"0":"post-22941","1":"page","2":"type-page","3":"status-publish","4":"has-post-thumbnail","6":"entry"},"acf":[],"_links":{"self":[{"href":"https:\/\/standuppaddleboardworld.com\/fr\/wp-json\/wp\/v2\/pages\/22941","targetHints":{"allow":["GET"]}}],"collection":[{"href":"https:\/\/standuppaddleboardworld.com\/fr\/wp-json\/wp\/v2\/pages"}],"about":[{"href":"https:\/\/standuppaddleboardworld.com\/fr\/wp-json\/wp\/v2\/types\/page"}],"author":[{"embeddable":true,"href":"https:\/\/standuppaddleboardworld.com\/fr\/wp-json\/wp\/v2\/users\/1"}],"replies":[{"embeddable":true,"href":"https:\/\/standuppaddleboardworld.com\/fr\/wp-json\/wp\/v2\/comments?post=22941"}],"version-history":[{"count":0,"href":"https:\/\/standuppaddleboardworld.com\/fr\/wp-json\/wp\/v2\/pages\/22941\/revisions"}],"wp:featuredmedia":[{"embeddable":true,"href":"https:\/\/standuppaddleboardworld.com\/fr\/wp-json\/wp\/v2\/media\/22943"}],"wp:attachment":[{"href":"https:\/\/standuppaddleboardworld.com\/fr\/wp-json\/wp\/v2\/media?parent=22941"}],"wp:term":[{"taxonomy":"category","embeddable":true,"href":"https:\/\/standuppaddleboardworld.com\/fr\/wp-json\/wp\/v2\/categories?post=22941"},{"taxonomy":"post_tag","embeddable":true,"href":"https:\/\/standuppaddleboardworld.com\/fr\/wp-json\/wp\/v2\/tags?post=22941"}],"curies":[{"name":"wp","href":"https:\/\/api.w.org\/{rel}","templated":true}]}}