{"id":18820,"date":"2020-12-08T11:41:09","date_gmt":"2020-12-08T10:41:09","guid":{"rendered":"https:\/\/standuppaddleboardworld.com\/?page_id=18820"},"modified":"2020-12-08T11:41:10","modified_gmt":"2020-12-08T10:41:10","slug":"concours","status":"publish","type":"page","link":"https:\/\/standuppaddleboardworld.com\/fr\/concours\/","title":{"rendered":"Concours Stand Up Paddle Board World"},"content":{"rendered":"\n<p>Merci de lire Stand Up Paddle Board World ! Je suis vraiment heureux \u00e0 chaque nouveau lecteur et, autant que possible, j&rsquo;aimerais vous rendre la pareil en organisant un concours pour vous permettre de gagner d&rsquo;incroyables produits en lien avec le paddle ou les sports aquatiques.  <\/p>\n\n\n\n<p>J&rsquo;essaierai d&rsquo;en organiser aussi souvent que possible pour vous faire r\u00eaver et j&rsquo;adore faire des cadeaux \u00e0 mon incroyable audience ! Pour \u00eatre franc, je ne pourrais pas garder tous les paddles que j&rsquo;utilise, d&rsquo;ailleurs ma maison ne serait jamais assez grande m\u00eame pour des paddles gonflables (\u2741\u00b4\u25e1`\u2741)<\/p>\n\n\n\n<figure class=\"wp-block-embed-youtube wp-block-embed is-type-video is-provider-youtube wp-embed-aspect-4-3 wp-has-aspect-ratio\"><div class=\"wp-block-embed__wrapper\">\n<iframe loading=\"lazy\" title=\"MOAI Infatable paddle board giveaway!\" width=\"500\" height=\"375\" src=\"https:\/\/www.youtube.com\/embed\/oUCcyG0VmrY?feature=oembed\" frameborder=\"0\" allow=\"accelerometer; autoplay; clipboard-write; encrypted-media; gyroscope; picture-in-picture; web-share\" referrerpolicy=\"strict-origin-when-cross-origin\" allowfullscreen><\/iframe>\n<\/div><\/figure>\n\n\n\n<h2 class=\"wp-block-heading\"><span class=\"ez-toc-section\" id=\"Mon_premier_concours_en_collaboration_avec_MOAI\"><\/span>Mon premier concours en collaboration avec MOAI<span class=\"ez-toc-section-end\"><\/span><\/h2><div id=\"ez-toc-container\" class=\"ez-toc-v2_0_82_2 counter-flat ez-toc-counter ez-toc-custom ez-toc-container-direction\">\n<label for=\"ez-toc-cssicon-toggle-item-69e8a6a212dae\" class=\"ez-toc-cssicon-toggle-label\"><span class=\"\"><span class=\"eztoc-hide\" style=\"display:none;\">Toggle<\/span><span class=\"ez-toc-icon-toggle-span\"><svg style=\"fill: #1a2b49;color:#1a2b49\" xmlns=\"http:\/\/www.w3.org\/2000\/svg\" class=\"list-377408\" width=\"20px\" height=\"20px\" viewBox=\"0 0 24 24\" fill=\"none\"><path d=\"M6 6H4v2h2V6zm14 0H8v2h12V6zM4 11h2v2H4v-2zm16 0H8v2h12v-2zM4 16h2v2H4v-2zm16 0H8v2h12v-2z\" fill=\"currentColor\"><\/path><\/svg><svg style=\"fill: #1a2b49;color:#1a2b49\" class=\"arrow-unsorted-368013\" xmlns=\"http:\/\/www.w3.org\/2000\/svg\" width=\"10px\" height=\"10px\" viewBox=\"0 0 24 24\" version=\"1.2\" baseProfile=\"tiny\"><path d=\"M18.2 9.3l-6.2-6.3-6.2 6.3c-.2.2-.3.4-.3.7s.1.5.3.7c.2.2.4.3.7.3h11c.3 0 .5-.1.7-.3.2-.2.3-.5.3-.7s-.1-.5-.3-.7zM5.8 14.7l6.2 6.3 6.2-6.3c.2-.2.3-.5.3-.7s-.1-.5-.3-.7c-.2-.2-.4-.3-.7-.3h-11c-.3 0-.5.1-.7.3-.2.2-.3.5-.3.7s.1.5.3.7z\"\/><\/svg><\/span><\/span><\/label><input type=\"checkbox\"  id=\"ez-toc-cssicon-toggle-item-69e8a6a212dae\"  aria-label=\"Toggle\" \/><nav><ul class='ez-toc-list ez-toc-list-level-1 ' ><li class='ez-toc-page-1'><a class=\"ez-toc-link ez-toc-heading-1\" href=\"https:\/\/standuppaddleboardworld.com\/fr\/concours\/#Mon_premier_concours_en_collaboration_avec_MOAI\" >Mon premier concours en collaboration avec MOAI<\/a><\/li><\/ul><\/nav><\/div>\n\n\n\n\n<p class=\"block-highlight\">Voici enfin mon premier concours en collaboration avec MOAI. Il a commenc\u00e9 le 8 d\u00e9cembre et le gagnant sera annonc\u00e9 le 22 d\u00e9cembre. Pour participer au concours, vous pouvez suivre les \u00e9tapes suivantes : <br><br>\u25b6 <strong>\u00c9TAPE 1 :<\/strong><br><br>Allez sur : <a aria-label=\" (opens in a new tab)\" rel=\"noreferrer noopener\" href=\"https:\/\/www.instagram.com\/moaiboards\/\" target=\"_blank\" class=\"rank-math-link\">https:\/\/www.instagram.com\/moaiboards\/<\/a> et<strong> suivez MOAI Boards<\/strong><br><br>\u25b6<strong><strong>\u00c9TAPE<\/strong> 2 :<\/strong><br><br>Allez sur : <a aria-label=\" (opens in a new tab)\" rel=\"noreferrer noopener\" href=\"https:\/\/www.instagram.com\/standuppaddleboardworld\/\" target=\"_blank\" class=\"rank-math-link\">https:\/\/www.instagram.com\/standuppaddleboardworld\/<\/a> et suivez <strong>moi sur instagram !<\/strong><br><br>\u25b6<strong><strong>\u00c9TAPE<\/strong> 3 :<\/strong><br><br>Allez sur : <a rel=\"noreferrer noopener\" href=\"https:\/\/www.instagram.com\/standuppaddleboardworld\/\" target=\"_blank\">https:\/\/www.instagram.com\/standuppaddleboardworld\/<\/a> et <strong>taguez deux amis avec qui vous aimeriez faire du paddle dans le message du concours<\/strong><\/p>\n\n\n\n<p><strong>C&rsquo;EST TOUT \ud83d\ude00 Tout ceux qui participent ou ont d\u00e9j\u00e0 particip\u00e9 ont une chance de gagner ! <\/strong><\/p>\n\n\n\n<p class=\"block-highlight\">Je vous souhaite \u00e0 tous un tr\u00e8s bon mois de d\u00e9cembre et bonne chance pour ce tout premier concours, en attendant les tr\u00e8s nombreux \u00e0 venir !<br><br>Si besoin, vous pouvez prendre connaissance <a aria-label=\"read all the terms and conditions here (opens in a new tab)\" rel=\"noreferrer noopener\" href=\"https:\/\/standuppaddleboardworld.com\/giveaway\/giveaway-terms-conditions\/\" target=\"_blank\" class=\"rank-math-link\">des conditions g\u00e9n\u00e9rales ici<\/a>. Il va sans dire que je ne partagerai pas vos donn\u00e9es avec qui que ce soit. J&rsquo;utiliserai votre e-mail uniquement pour vous donner des nouvelles sur les sports aquatiques et mes concours !<\/p>\n\n\n\n<figure class=\"wp-block-image size-large\"><img loading=\"lazy\" decoding=\"async\" width=\"1024\" height=\"768\" src=\"https:\/\/standuppaddleboardworld.com\/wp-content\/uploads\/2020\/06\/Mistral-Lidl-SUP-Board-Tom-Falling-1-1024x768.jpg\" alt=\"Stand Up Paddle Board GiveAway\" class=\"wp-image-13526\" title=\"\" srcset=\"https:\/\/standuppaddleboardworld.com\/wp-content\/uploads\/2020\/06\/Mistral-Lidl-SUP-Board-Tom-Falling-1-1024x768.jpg 1024w, https:\/\/standuppaddleboardworld.com\/wp-content\/uploads\/2020\/06\/Mistral-Lidl-SUP-Board-Tom-Falling-1-300x225.jpg 300w, https:\/\/standuppaddleboardworld.com\/wp-content\/uploads\/2020\/06\/Mistral-Lidl-SUP-Board-Tom-Falling-1-768x576.jpg 768w, https:\/\/standuppaddleboardworld.com\/wp-content\/uploads\/2020\/06\/Mistral-Lidl-SUP-Board-Tom-Falling-1-702x526.jpg 702w, https:\/\/standuppaddleboardworld.com\/wp-content\/uploads\/2020\/06\/Mistral-Lidl-SUP-Board-Tom-Falling-1.jpg 1200w\" sizes=\"auto, (max-width: 1024px) 100vw, 1024px\" \/><\/figure>\n\n\n\n<p><br><br><\/p>\n","protected":false},"excerpt":{"rendered":"<p>Merci de lire Stand Up Paddle Board World ! Je suis vraiment heureux \u00e0 chaque nouveau lecteur et, autant que possible, j&rsquo;aimerais vous rendre la pareil en organisant un concours pour vous permettre de gagner d&rsquo;incroyables produits en lien avec le paddle ou les sports aquatiques. J&rsquo;essaierai d&rsquo;en organiser aussi souvent que possible pour vous [&hellip;]<\/p>\n","protected":false},"author":1,"featured_media":15310,"parent":0,"menu_order":0,"comment_status":"closed","ping_status":"closed","template":"page-templates\/reviews.php","meta":{"_genesis_hide_title":false,"_genesis_hide_breadcrumbs":false,"_genesis_hide_singular_image":false,"_genesis_hide_footer_widgets":false,"_genesis_custom_body_class":"","_genesis_custom_post_class":"","_genesis_layout":"","footnotes":""},"categories":[],"tags":[],"class_list":{"0":"post-18820","1":"page","2":"type-page","3":"status-publish","4":"has-post-thumbnail","6":"entry"},"acf":[],"_links":{"self":[{"href":"https:\/\/standuppaddleboardworld.com\/fr\/wp-json\/wp\/v2\/pages\/18820","targetHints":{"allow":["GET"]}}],"collection":[{"href":"https:\/\/standuppaddleboardworld.com\/fr\/wp-json\/wp\/v2\/pages"}],"about":[{"href":"https:\/\/standuppaddleboardworld.com\/fr\/wp-json\/wp\/v2\/types\/page"}],"author":[{"embeddable":true,"href":"https:\/\/standuppaddleboardworld.com\/fr\/wp-json\/wp\/v2\/users\/1"}],"replies":[{"embeddable":true,"href":"https:\/\/standuppaddleboardworld.com\/fr\/wp-json\/wp\/v2\/comments?post=18820"}],"version-history":[{"count":0,"href":"https:\/\/standuppaddleboardworld.com\/fr\/wp-json\/wp\/v2\/pages\/18820\/revisions"}],"wp:featuredmedia":[{"embeddable":true,"href":"https:\/\/standuppaddleboardworld.com\/fr\/wp-json\/wp\/v2\/media\/15310"}],"wp:attachment":[{"href":"https:\/\/standuppaddleboardworld.com\/fr\/wp-json\/wp\/v2\/media?parent=18820"}],"wp:term":[{"taxonomy":"category","embeddable":true,"href":"https:\/\/standuppaddleboardworld.com\/fr\/wp-json\/wp\/v2\/categories?post=18820"},{"taxonomy":"post_tag","embeddable":true,"href":"https:\/\/standuppaddleboardworld.com\/fr\/wp-json\/wp\/v2\/tags?post=18820"}],"curies":[{"name":"wp","href":"https:\/\/api.w.org\/{rel}","templated":true}]}}