{"id":15328,"date":"2020-12-07T17:55:29","date_gmt":"2020-12-07T16:55:29","guid":{"rendered":"https:\/\/standuppaddleboardworld.com\/?page_id=15328"},"modified":"2021-03-26T15:33:31","modified_gmt":"2021-03-26T14:33:31","slug":"combinaisons-guide-de-temperatures","status":"publish","type":"page","link":"https:\/\/standuppaddleboardworld.com\/fr\/combinaisons-de-plongee\/combinaisons-guide-de-temperatures\/","title":{"rendered":"Guide de temp\u00e9ratures pour combinaisons"},"content":{"rendered":"\n<p>Dans la s\u00e9rie des choses \u00e0 savoir sur les combinaisons, comme par exemple leurs <a href=\"https:\/\/standuppaddleboardworld.com\/fr\/wetsuit\/matieres-utilisees-pour-les-combinaisons\/\" class=\"rank-math-link\">mati\u00e8res<\/a> et <a href=\"https:\/\/standuppaddleboardworld.com\/fr\/?page_id=14962\" class=\"rank-math-link\">fonctionnement<\/a>, il me semble \u00e9galement important de choisir la bonne \u00e9paisseur de combinaison selon l&rsquo;environnement dans lequel vous \u00e9voluez, que ce soit pour faire du paddle, de la plong\u00e9e, surfer, ou tout autre loisir aquatique qui vous botte. Voil\u00e0 pourquoi je vous propose ce guide de temp\u00e9ratures pour combinaisons.<\/p>\n\n\n\n<p>En fait, si vous voulez profiter du paddle tout au long de l&rsquo;ann\u00e9e, <em><span style=\"text-decoration: underline;\">vous devez<\/span> <\/em>choisir l&rsquo;\u00e9paisseur de n\u00e9opr\u00e8ne ad\u00e9quate, sinon, vous allez vous retrouver avec une combinaison adapt\u00e9e \u00e0 une seule saison. Et, si vous \u00eates vraiment fan de l&rsquo;eau, vous savez que vous ne vous contenterez pas d&rsquo;en profiter seulement quelques mois dans l&rsquo;ann\u00e9e. <\/p>\n\n\n\n<p>Sur ce, plongeons dans le choix de la bonne \u00e9paisseur pour votre combinaison dans ce guide de temp\u00e9ratures pour combinaisons. <\/p>\n\n\n<div class=\"crp-list-container\"><h3 class=\"crp-list-title\"><span class=\"ez-toc-section\" id=\"Other_articles_that_might_be_interesting_to_you\"><\/span>Other articles that might be interesting to you<span class=\"ez-toc-section-end\"><\/span><\/h3><div id=\"ez-toc-container\" class=\"ez-toc-v2_0_82_2 counter-flat ez-toc-counter ez-toc-custom ez-toc-container-direction\">\n<label for=\"ez-toc-cssicon-toggle-item-69d7262c04b29\" class=\"ez-toc-cssicon-toggle-label\"><span class=\"\"><span class=\"eztoc-hide\" style=\"display:none;\">Toggle<\/span><span class=\"ez-toc-icon-toggle-span\"><svg style=\"fill: #1a2b49;color:#1a2b49\" xmlns=\"http:\/\/www.w3.org\/2000\/svg\" class=\"list-377408\" width=\"20px\" height=\"20px\" viewBox=\"0 0 24 24\" fill=\"none\"><path d=\"M6 6H4v2h2V6zm14 0H8v2h12V6zM4 11h2v2H4v-2zm16 0H8v2h12v-2zM4 16h2v2H4v-2zm16 0H8v2h12v-2z\" fill=\"currentColor\"><\/path><\/svg><svg style=\"fill: #1a2b49;color:#1a2b49\" class=\"arrow-unsorted-368013\" xmlns=\"http:\/\/www.w3.org\/2000\/svg\" width=\"10px\" height=\"10px\" viewBox=\"0 0 24 24\" version=\"1.2\" baseProfile=\"tiny\"><path d=\"M18.2 9.3l-6.2-6.3-6.2 6.3c-.2.2-.3.4-.3.7s.1.5.3.7c.2.2.4.3.7.3h11c.3 0 .5-.1.7-.3.2-.2.3-.5.3-.7s-.1-.5-.3-.7zM5.8 14.7l6.2 6.3 6.2-6.3c.2-.2.3-.5.3-.7s-.1-.5-.3-.7c-.2-.2-.4-.3-.7-.3h-11c-.3 0-.5.1-.7.3-.2.2-.3.5-.3.7s.1.5.3.7z\"\/><\/svg><\/span><\/span><\/label><input type=\"checkbox\"  id=\"ez-toc-cssicon-toggle-item-69d7262c04b29\"  aria-label=\"Toggle\" \/><nav><ul class='ez-toc-list ez-toc-list-level-1 ' ><li class='ez-toc-page-1'><a class=\"ez-toc-link ez-toc-heading-1\" href=\"https:\/\/standuppaddleboardworld.com\/fr\/combinaisons-de-plongee\/combinaisons-guide-de-temperatures\/#Other_articles_that_might_be_interesting_to_you\" >Other articles that might be interesting to you<\/a><\/li><li class='ez-toc-page-1'><a class=\"ez-toc-link ez-toc-heading-2\" href=\"https:\/\/standuppaddleboardworld.com\/fr\/combinaisons-de-plongee\/combinaisons-guide-de-temperatures\/#Guide_de_temperatures_pour_combinaisons\" >Guide de temp\u00e9ratures pour combinaisons<\/a><\/li><li class='ez-toc-page-1'><a class=\"ez-toc-link ez-toc-heading-3\" href=\"https:\/\/standuppaddleboardworld.com\/fr\/combinaisons-de-plongee\/combinaisons-guide-de-temperatures\/#La_fourchette_depaisseur_de_solidite_et_dajustement_dune_combinaison\" >La fourchette d&rsquo;\u00e9paisseur, de solidit\u00e9 et d&rsquo;ajustement d&rsquo;une combinaison<\/a><\/li><\/ul><\/nav><\/div>\n<ul class=\"crp-list\"><li class=\"crp-list-item crp-list-item-image-left crp-list-item-has-image\"><div class=\"crp-list-item-image\"><a href=\"https:\/\/standuppaddleboardworld.com\/fr\/combinaisons-de-plongee\/combinaisons-surf-enfant\/\"><img loading=\"lazy\" decoding=\"async\" data-pin-nopin=\"true\" style=\"max-width: 50px; height: auto;\" width=\"50\" height=\"50\" src=\"https:\/\/standuppaddleboardworld.com\/wp-content\/uploads\/2020\/11\/Kids-Wetsuits-75x75.jpg\" class=\"attachment-50x50 size-50x50\" alt=\"Kids-Wetsuits\" srcset=\"https:\/\/standuppaddleboardworld.com\/wp-content\/uploads\/2020\/11\/Kids-Wetsuits-75x75.jpg 75w, https:\/\/standuppaddleboardworld.com\/wp-content\/uploads\/2020\/11\/Kids-Wetsuits-150x150.jpg 150w\" sizes=\"auto, (max-width: 50px) 100vw, 50px\" title=\"\"><\/a><\/div><div class=\"crp-list-item-title\"><a href=\"https:\/\/standuppaddleboardworld.com\/fr\/combinaisons-de-plongee\/combinaisons-surf-enfant\/\">Les meilleures combinaisons surf enfant sur le march\u00e9<\/a><\/div><\/li><\/ul><\/div>\n\n\n<figure class=\"wp-block-image size-large\"><img loading=\"lazy\" decoding=\"async\" width=\"1024\" height=\"683\" src=\"https:\/\/standuppaddleboardworld.com\/wp-content\/uploads\/2020\/07\/Man-Wetsuit-Snow-Cold-1024x683.jpg\" alt=\"Homme-combinaison-neige-froid guide de temp\u00e9ratures pour combinaisons\" class=\"wp-image-17595\" title=\"\" srcset=\"https:\/\/standuppaddleboardworld.com\/wp-content\/uploads\/2020\/07\/Man-Wetsuit-Snow-Cold-1024x683.jpg 1024w, https:\/\/standuppaddleboardworld.com\/wp-content\/uploads\/2020\/07\/Man-Wetsuit-Snow-Cold-300x200.jpg 300w, https:\/\/standuppaddleboardworld.com\/wp-content\/uploads\/2020\/07\/Man-Wetsuit-Snow-Cold-768x512.jpg 768w, https:\/\/standuppaddleboardworld.com\/wp-content\/uploads\/2020\/07\/Man-Wetsuit-Snow-Cold.jpg 1200w\" sizes=\"auto, (max-width: 1024px) 100vw, 1024px\" \/><\/figure>\n\n\n\n<h2 class=\"wp-block-heading\"><span class=\"ez-toc-section\" id=\"Guide_de_temperatures_pour_combinaisons\"><\/span>Guide de temp\u00e9ratures pour combinaisons<span class=\"ez-toc-section-end\"><\/span><\/h2>\n\n\n\n<p>L&rsquo;\u00e9paisseur d&rsquo;une combinaison s&rsquo;exprime en millim\u00e8tres et est g\u00e9n\u00e9ralement not\u00e9e avec deux ou trois chiffres s\u00e9par\u00e9s par une barre oblique. Le premier chiffre repr\u00e9sente l&rsquo;\u00e9paisseur du n\u00e9opr\u00e8ne de la combinaison au niveau du torse, le deuxi\u00e8me indique l&rsquo;\u00e9paisseur du n\u00e9opr\u00e8ne au niveau des jambes et le troisi\u00e8me l&rsquo;\u00e9paisseur du n\u00e9opr\u00e8ne au niveau des bras. <\/p>\n\n\n\n<p>Parfois seuls 2 chiffres s\u00e9par\u00e9s par une barre oblique au lieu de 3 sont indiqu\u00e9s. Le premier est pour le torse et le deuxi\u00e8me pour les extr\u00e9mit\u00e9s. <\/p>\n\n\n\n<p>Vous constaterez que le premier chiffre est toujours plus \u00e9lev\u00e9, le torse ayant syst\u00e9matiquement plus de n\u00e9opr\u00e8ne pour vous garder au chaud. En effet, cette partie est extr\u00eamement importante pour maintenir la chaleur du corps et emp\u00eacher l&rsquo;hypothermie. Les deuxi\u00e8me et\/ou troisi\u00e8me chiffres sont g\u00e9n\u00e9ralement moins \u00e9lev\u00e9s pour pr\u00e9server l&rsquo;amplitude des mouvements des bras et des jambes. Plus le n\u00e9opr\u00e8ne est \u00e9pais, plus il conserve la chaleur mais r\u00e9duit la flexibilit\u00e9.  <\/p>\n\n\n\n<p>De plus, il y a une <strong>r\u00e9f\u00e9rence g\u00e9n\u00e9rale <\/strong>qui indique la temp\u00e9rature correspondant \u00e0 l&rsquo;\u00e9paisseur du n\u00e9opr\u00e8ne. <\/p>\n\n\n\n<figure class=\"wp-block-image size-large\"><img loading=\"lazy\" decoding=\"async\" width=\"1024\" height=\"682\" src=\"https:\/\/standuppaddleboardworld.com\/wp-content\/uploads\/2020\/07\/man-water-board-1024x682.jpg\" alt=\"homme-eau-planche-guide de temp\u00e9rature pour combinaisons\" class=\"wp-image-13042\" title=\"\" srcset=\"https:\/\/standuppaddleboardworld.com\/wp-content\/uploads\/2020\/07\/man-water-board-1024x682.jpg 1024w, https:\/\/standuppaddleboardworld.com\/wp-content\/uploads\/2020\/07\/man-water-board-300x200.jpg 300w, https:\/\/standuppaddleboardworld.com\/wp-content\/uploads\/2020\/07\/man-water-board-768x512.jpg 768w, https:\/\/standuppaddleboardworld.com\/wp-content\/uploads\/2020\/07\/man-water-board.jpg 1280w\" sizes=\"auto, (max-width: 1024px) 100vw, 1024px\" \/><\/figure>\n\n\n\n<p>Notez que les <strong>instructions et chiffres des fabricants<\/strong> <strong>peuvent varier<\/strong>, alors quand vous regardez diverses marques de combinaison, v\u00e9rifiez aupr\u00e8s du fabricant que vous choisissez la bonne \u00e9paisseur. <\/p>\n\n\n\n<ul class=\"list-styled wp-block-list\"><li>Pour une eau \u00e0 <strong>24\u00b0 C <\/strong>et<strong> au-del\u00e0,<\/strong> une combinaison n&rsquo;est pas utile. Pr\u00e9f\u00e9rez un <strong>short de surf, une veste<\/strong> et\/ou un <strong>short<\/strong>. <\/li><li>Pour une eau de <strong>18\u00b0 C<\/strong> \u00e0 <strong>24\u00b0 C<\/strong>, une combinaison de <strong>3\/2mm ou 2mm <\/strong>d&rsquo;\u00e9paisseur convient, sous forme <strong>int\u00e9grale<\/strong> ou <strong>shorty<\/strong>.<\/li><li>Pour une eau de <strong>16\u00b0 C<\/strong> \u00e0 <strong>20\u00b0 C, <\/strong>une combinaison de <strong>3\/2mm<\/strong> d&rsquo;\u00e9paisseur convient, sous forme <strong>int\u00e9grale <\/strong>ou<strong> shorty.<\/strong><\/li><li>Pour une eau de <strong>14\u00b0 C<\/strong> \u00e0 <strong>17\u00b0 C, <\/strong>je sugg\u00e8re <strong>3\/2mm <\/strong>ou<strong> 4\/3mm<\/strong>, en combinaison <strong>int\u00e9grale avec <\/strong>ou <strong>sans cagoule<\/strong>.<\/li><li>Pour une eau de <strong>11\u00b0 C <\/strong>\u00e0<strong> 14\u00b0 C, <\/strong>je sugg\u00e8re <strong>4\/3mm<\/strong> ou <strong>5\/4\/3mm<\/strong>, en combinaison <strong>int\u00e9grale avec <\/strong>ou<strong> sans cagoule<\/strong>.<\/li><li>Pour une eau de <strong>6\u00b0 C <\/strong>\u00e0<strong> 11\u00b0 C, <\/strong> je sugg\u00e8re <strong>5\/4\/3mm<\/strong> ou <strong>6\/5\/4mm<\/strong>, en combinaison <strong>int\u00e9grale avec <\/strong>ou<strong> sans cagoule<\/strong>.<\/li><li>Pour une eau en-dessous de <strong>6\u00b0 C, <\/strong>je sugg\u00e8re <strong>6\/5\/4mm<\/strong>, en combinaison <strong>int\u00e9grale avec cagoule.<\/strong><\/li><\/ul>\n\n\n\n<figure class=\"wp-block-image size-large\"><img loading=\"lazy\" decoding=\"async\" width=\"1024\" height=\"731\" src=\"https:\/\/standuppaddleboardworld.com\/wp-content\/uploads\/2020\/07\/wetsuit-beach-fog-1024x731.jpg\" alt=\"combinaison-plage-brouillard Guide de temp\u00e9rature pour combinaisons\" class=\"wp-image-14864\" title=\"\" srcset=\"https:\/\/standuppaddleboardworld.com\/wp-content\/uploads\/2020\/07\/wetsuit-beach-fog-1024x731.jpg 1024w, https:\/\/standuppaddleboardworld.com\/wp-content\/uploads\/2020\/07\/wetsuit-beach-fog-300x214.jpg 300w, https:\/\/standuppaddleboardworld.com\/wp-content\/uploads\/2020\/07\/wetsuit-beach-fog-768x548.jpg 768w, https:\/\/standuppaddleboardworld.com\/wp-content\/uploads\/2020\/07\/wetsuit-beach-fog-1536x1097.jpg 1536w, https:\/\/standuppaddleboardworld.com\/wp-content\/uploads\/2020\/07\/wetsuit-beach-fog.jpg 1920w\" sizes=\"auto, (max-width: 1024px) 100vw, 1024px\" \/><\/figure>\n\n\n\n<p>Toutefois, comme je l&rsquo;ai mentionn\u00e9, ces chiffres sont \u00e0 titre d&rsquo;indication, chaque combinaison \u00e9tant con\u00e7ue diff\u00e9remment et dot\u00e9e de chiffres d&rsquo;\u00e9paisseur et de temp\u00e9ratures d&rsquo;eau potentiellement diff\u00e9rents que ceux list\u00e9s ci-dessous. Le cas \u00e9ch\u00e9ant, vous devez vous fier \u00e0 ces derniers. <\/p>\n\n\n\n<p>Par ailleurs, en plus de la temp\u00e9rature de l&rsquo;eau, vous devez \u00e9galement prendre en compte :<\/p>\n\n\n\n<ul class=\"list-styled wp-block-list\"><li>La temp\u00e9rature de l&rsquo;air<\/li><li>La force du vent<\/li><li>Votre frilosit\u00e9<\/li><li>Le niveau\/la rigueur de l&rsquo;activit\u00e9<\/li><\/ul>\n\n\n\n<h2 class=\"wp-block-heading\"><span class=\"ez-toc-section\" id=\"La_fourchette_depaisseur_de_solidite_et_dajustement_dune_combinaison\"><\/span>La fourchette d&rsquo;\u00e9paisseur, de solidit\u00e9 et d&rsquo;ajustement d&rsquo;une combinaison<span class=\"ez-toc-section-end\"><\/span><\/h2>\n\n\n\n<p>Vous vous demandez peut-\u00eatre \u00e0 pr\u00e9sent comment cette gamme d&rsquo;\u00e9paisseur affecte la solidit\u00e9 et l&rsquo;ajustement de la combinaison.<\/p>\n\n\n\n<p>Bien s\u00fbr, nul besoin de pr\u00e9ciser que plus la combinaison est \u00e9paisse, plus elle est chaude et moins elle est souple. Je pense que l&rsquo;aurez compris \u00e0 partir des informations ci-dessus. <\/p>\n\n\n\n<p>Mais comment l&rsquo;\u00e9paisseur affecte-t-elle la solidit\u00e9 et l&rsquo;ajustement de votre combinaison ?<\/p>\n\n\n\n<p>En fait, la <strong>solidit\u00e9<\/strong> de la combinaison n&rsquo;est pas r\u00e9ellement affect\u00e9e par l&rsquo;\u00e9paisseur. L&rsquo;\u00e9paisseur d&rsquo;une combination est corr\u00e9l\u00e9e \u00e0 la quantit\u00e9 de mati\u00e8re utilis\u00e9e pour la fabriquer, la combinaison devrait donc avoir moins tendance \u00e0 se d\u00e9chirer si elle contient plus de mati\u00e8re. <\/p>\n\n\n\n<p>Ceci dit, la diff\u00e9rence n&rsquo;est pas \u00e9norme dans ce cas-l\u00e0, \u00e9tant donn\u00e9 que nous parlons de quelques millim\u00e8tres, ce qui, au bout du compte, ne repr\u00e9sente pas grand chose en mati\u00e8re de solidit\u00e9. <\/p>\n\n\n\n<p>De m\u00eame, l&rsquo;<strong>ajustement <\/strong>est tr\u00e8s peu affect\u00e9 par l&rsquo;\u00e9paisseur d&rsquo;une combinaison. Le crit\u00e8re qui peut \u00eatre impact\u00e9 de fa\u00e7on significative est la fa\u00e7on dont VOUS vous sentez dedans. Plus la combinaison est \u00e9paisse, moins elle est souple. De plus, au d\u00e9but, vous pouvez m\u00eame avoir l&rsquo;impression qu&rsquo;elle est une taille trop petite jusqu&rsquo;\u00e0 ce qu&rsquo;elle finisse par se faire \u00e0 la forme de votre corps et se d\u00e9tendre un peu.  <\/p>\n","protected":false},"excerpt":{"rendered":"<p>Dans la s\u00e9rie des choses \u00e0 savoir sur les combinaisons, comme par exemple leurs mati\u00e8res et fonctionnement, il me semble \u00e9galement important de choisir la bonne \u00e9paisseur de combinaison selon l&rsquo;environnement dans lequel vous \u00e9voluez, que ce soit pour faire du paddle, de la plong\u00e9e, surfer, ou tout autre loisir aquatique qui vous botte. Voil\u00e0 [&hellip;]<\/p>\n","protected":false},"author":1,"featured_media":14864,"parent":13228,"menu_order":0,"comment_status":"open","ping_status":"closed","template":"page-templates\/reviews.php","meta":{"_genesis_hide_title":false,"_genesis_hide_breadcrumbs":false,"_genesis_hide_singular_image":false,"_genesis_hide_footer_widgets":false,"_genesis_custom_body_class":"","_genesis_custom_post_class":"","_genesis_layout":"","footnotes":""},"categories":[],"tags":[],"class_list":{"0":"post-15328","1":"page","2":"type-page","3":"status-publish","4":"has-post-thumbnail","6":"entry"},"acf":[],"_links":{"self":[{"href":"https:\/\/standuppaddleboardworld.com\/fr\/wp-json\/wp\/v2\/pages\/15328","targetHints":{"allow":["GET"]}}],"collection":[{"href":"https:\/\/standuppaddleboardworld.com\/fr\/wp-json\/wp\/v2\/pages"}],"about":[{"href":"https:\/\/standuppaddleboardworld.com\/fr\/wp-json\/wp\/v2\/types\/page"}],"author":[{"embeddable":true,"href":"https:\/\/standuppaddleboardworld.com\/fr\/wp-json\/wp\/v2\/users\/1"}],"replies":[{"embeddable":true,"href":"https:\/\/standuppaddleboardworld.com\/fr\/wp-json\/wp\/v2\/comments?post=15328"}],"version-history":[{"count":0,"href":"https:\/\/standuppaddleboardworld.com\/fr\/wp-json\/wp\/v2\/pages\/15328\/revisions"}],"up":[{"embeddable":true,"href":"https:\/\/standuppaddleboardworld.com\/fr\/wp-json\/wp\/v2\/pages\/13228"}],"wp:featuredmedia":[{"embeddable":true,"href":"https:\/\/standuppaddleboardworld.com\/fr\/wp-json\/wp\/v2\/media\/14864"}],"wp:attachment":[{"href":"https:\/\/standuppaddleboardworld.com\/fr\/wp-json\/wp\/v2\/media?parent=15328"}],"wp:term":[{"taxonomy":"category","embeddable":true,"href":"https:\/\/standuppaddleboardworld.com\/fr\/wp-json\/wp\/v2\/categories?post=15328"},{"taxonomy":"post_tag","embeddable":true,"href":"https:\/\/standuppaddleboardworld.com\/fr\/wp-json\/wp\/v2\/tags?post=15328"}],"curies":[{"name":"wp","href":"https:\/\/api.w.org\/{rel}","templated":true}]}}