{"id":15107,"date":"2020-12-07T17:03:51","date_gmt":"2020-12-07T16:03:51","guid":{"rendered":"https:\/\/standuppaddleboardworld.com\/?page_id=15107"},"modified":"2021-03-26T15:31:04","modified_gmt":"2021-03-26T14:31:04","slug":"combinaisons-humides-et-seches","status":"publish","type":"page","link":"https:\/\/standuppaddleboardworld.com\/fr\/combinaisons-de-plongee\/combinaisons-humides-et-seches\/","title":{"rendered":"Combinaisons humides et s\u00e8ches : quelle est la diff\u00e9rence ?"},"content":{"rendered":"\n<p>Vous vous interrogez peut-\u00eatre sur la fa\u00e7on de rendre vos activit\u00e9s de paddle, de plong\u00e9e ou de surf encore plus agr\u00e9ables. Combinaisons humides ou s\u00e8ches ? Qu&rsquo;est ce qui diff\u00e9rencie les deux ?<\/p>\n\n\n\n<p>Rassurez-vous, vous \u00eates au bon endroit. Je vous explique tout ici sur les principales diff\u00e9rences entre ces deux types de combinaisons afin de vous aider \u00e0 trouver ce qu&rsquo;il y a de mieux pour vos aventures aquatiques. <\/p>\n\n\n\n<h2 class=\"wp-block-heading\"><span class=\"ez-toc-section\" id=\"Quelle_difference_entre_les_combinaisons_humides_et_seches\"><\/span>Quelle diff\u00e9rence entre les combinaisons humides et s\u00e8ches ?<span class=\"ez-toc-section-end\"><\/span><\/h2><div id=\"ez-toc-container\" class=\"ez-toc-v2_0_82_2 counter-flat ez-toc-counter ez-toc-custom ez-toc-container-direction\">\n<label for=\"ez-toc-cssicon-toggle-item-69d726dc45f3a\" class=\"ez-toc-cssicon-toggle-label\"><span class=\"\"><span class=\"eztoc-hide\" style=\"display:none;\">Toggle<\/span><span class=\"ez-toc-icon-toggle-span\"><svg style=\"fill: #1a2b49;color:#1a2b49\" xmlns=\"http:\/\/www.w3.org\/2000\/svg\" class=\"list-377408\" width=\"20px\" height=\"20px\" viewBox=\"0 0 24 24\" fill=\"none\"><path d=\"M6 6H4v2h2V6zm14 0H8v2h12V6zM4 11h2v2H4v-2zm16 0H8v2h12v-2zM4 16h2v2H4v-2zm16 0H8v2h12v-2z\" fill=\"currentColor\"><\/path><\/svg><svg style=\"fill: #1a2b49;color:#1a2b49\" class=\"arrow-unsorted-368013\" xmlns=\"http:\/\/www.w3.org\/2000\/svg\" width=\"10px\" height=\"10px\" viewBox=\"0 0 24 24\" version=\"1.2\" baseProfile=\"tiny\"><path d=\"M18.2 9.3l-6.2-6.3-6.2 6.3c-.2.2-.3.4-.3.7s.1.5.3.7c.2.2.4.3.7.3h11c.3 0 .5-.1.7-.3.2-.2.3-.5.3-.7s-.1-.5-.3-.7zM5.8 14.7l6.2 6.3 6.2-6.3c.2-.2.3-.5.3-.7s-.1-.5-.3-.7c-.2-.2-.4-.3-.7-.3h-11c-.3 0-.5.1-.7.3-.2.2-.3.5-.3.7s.1.5.3.7z\"\/><\/svg><\/span><\/span><\/label><input type=\"checkbox\"  id=\"ez-toc-cssicon-toggle-item-69d726dc45f3a\"  aria-label=\"Toggle\" \/><nav><ul class='ez-toc-list ez-toc-list-level-1 ' ><li class='ez-toc-page-1'><a class=\"ez-toc-link ez-toc-heading-1\" href=\"https:\/\/standuppaddleboardworld.com\/fr\/combinaisons-de-plongee\/combinaisons-humides-et-seches\/#Quelle_difference_entre_les_combinaisons_humides_et_seches\" >Quelle diff\u00e9rence entre les combinaisons humides et s\u00e8ches ?<\/a><\/li><li class='ez-toc-page-1'><a class=\"ez-toc-link ez-toc-heading-2\" href=\"https:\/\/standuppaddleboardworld.com\/fr\/combinaisons-de-plongee\/combinaisons-humides-et-seches\/#Other_articles_that_might_be_interesting_to_you\" >Other articles that might be interesting to you<\/a><\/li><li class='ez-toc-page-1'><a class=\"ez-toc-link ez-toc-heading-3\" href=\"https:\/\/standuppaddleboardworld.com\/fr\/combinaisons-de-plongee\/combinaisons-humides-et-seches\/#Differences_entre_les_combinaisons_humides_et_seches\" >Diff\u00e9rences entre les combinaisons humides et s\u00e8ches<\/a><\/li><li class='ez-toc-page-1'><a class=\"ez-toc-link ez-toc-heading-4\" href=\"https:\/\/standuppaddleboardworld.com\/fr\/combinaisons-de-plongee\/combinaisons-humides-et-seches\/#Combinaisons_humides_et_seches_la_chaleur\" >Combinaisons humides et s\u00e8ches : la chaleur<\/a><\/li><li class='ez-toc-page-1'><a class=\"ez-toc-link ez-toc-heading-5\" href=\"https:\/\/standuppaddleboardworld.com\/fr\/combinaisons-de-plongee\/combinaisons-humides-et-seches\/#Combinaisons_humides_et_seches_le_poids\" >Combinaisons humides et s\u00e8ches : le poids<\/a><\/li><li class='ez-toc-page-1'><a class=\"ez-toc-link ez-toc-heading-6\" href=\"https:\/\/standuppaddleboardworld.com\/fr\/combinaisons-de-plongee\/combinaisons-humides-et-seches\/#Combinaisons_humides_et_seches_la_flottabilite\" >Combinaisons humides et s\u00e8ches : la flottabilit\u00e9<\/a><\/li><li class='ez-toc-page-1'><a class=\"ez-toc-link ez-toc-heading-7\" href=\"https:\/\/standuppaddleboardworld.com\/fr\/combinaisons-de-plongee\/combinaisons-humides-et-seches\/#Combinaisons_humides_et_seches_le_cout\" >Combinaisons humides et s\u00e8ches : le co\u00fbt<\/a><\/li><li class='ez-toc-page-1'><a class=\"ez-toc-link ez-toc-heading-8\" href=\"https:\/\/standuppaddleboardworld.com\/fr\/combinaisons-de-plongee\/combinaisons-humides-et-seches\/#Combinaisons_humides_et_seches_le_cout_de_lentretien\" >Combinaisons humides et s\u00e8ches : le co\u00fbt de l&rsquo;entretien<\/a><\/li><\/ul><\/nav><\/div>\n\n\n\n\n<p>Vous avez peut-\u00eatre d\u00e9j\u00e0 interrog\u00e9 quelqu&rsquo;un sur le sujet et re\u00e7u comme unique r\u00e9ponse \u00e0 propos des combi s\u00e8ches : <em>la seule chose que vous devez s\u00e9cher apr\u00e8s une plong\u00e9e, ce sont vos cheveux.<\/em> Certes, mais chaque type de combinaison poss\u00e8de \u00e9galement des caract\u00e9ristiques propres qu&rsquo;il est utile de conna\u00eetre avant de prendre une d\u00e9cision d&rsquo;achat \u00e9clair\u00e9e.<\/p>\n\n\n<div class=\"crp-list-container\"><h3 class=\"crp-list-title\"><span class=\"ez-toc-section\" id=\"Other_articles_that_might_be_interesting_to_you\"><\/span>Other articles that might be interesting to you<span class=\"ez-toc-section-end\"><\/span><\/h3><ul class=\"crp-list\"><li class=\"crp-list-item crp-list-item-image-left crp-list-item-has-image\"><div class=\"crp-list-item-image\"><a href=\"https:\/\/standuppaddleboardworld.com\/fr\/wetsuit\/bottes-neoprene\/\"><img loading=\"lazy\" decoding=\"async\" data-pin-nopin=\"true\" style=\"max-width: 50px; height: auto;\" width=\"50\" height=\"50\" src=\"https:\/\/standuppaddleboardworld.com\/wp-content\/uploads\/2021\/02\/Aqua-Shoes-on-Sand-75x75.jpg\" class=\"attachment-50x50 size-50x50\" alt=\"Aqua Shoes on Sand\" srcset=\"https:\/\/standuppaddleboardworld.com\/wp-content\/uploads\/2021\/02\/Aqua-Shoes-on-Sand-75x75.jpg 75w, https:\/\/standuppaddleboardworld.com\/wp-content\/uploads\/2021\/02\/Aqua-Shoes-on-Sand-150x150.jpg 150w\" sizes=\"auto, (max-width: 50px) 100vw, 50px\" title=\"\"><\/a><\/div><div class=\"crp-list-item-title\"><a href=\"https:\/\/standuppaddleboardworld.com\/fr\/wetsuit\/bottes-neoprene\/\">Les 5 meilleures bottes n\u00e9opr\u00e8ne : gardez vos pieds mouill\u00e9s au chaud<\/a><\/div><\/li><li class=\"crp-list-item crp-list-item-image-left crp-list-item-has-image\"><div class=\"crp-list-item-image\"><a href=\"https:\/\/standuppaddleboardworld.com\/fr\/combinaisons-de-plongee\/combinaisons-surf-enfant\/\"><img loading=\"lazy\" decoding=\"async\" data-pin-nopin=\"true\" style=\"max-width: 50px; height: auto;\" width=\"50\" height=\"50\" src=\"https:\/\/standuppaddleboardworld.com\/wp-content\/uploads\/2020\/11\/Kids-Wetsuits-75x75.jpg\" class=\"attachment-50x50 size-50x50\" alt=\"Kids-Wetsuits\" srcset=\"https:\/\/standuppaddleboardworld.com\/wp-content\/uploads\/2020\/11\/Kids-Wetsuits-75x75.jpg 75w, https:\/\/standuppaddleboardworld.com\/wp-content\/uploads\/2020\/11\/Kids-Wetsuits-150x150.jpg 150w\" sizes=\"auto, (max-width: 50px) 100vw, 50px\" title=\"\"><\/a><\/div><div class=\"crp-list-item-title\"><a href=\"https:\/\/standuppaddleboardworld.com\/fr\/combinaisons-de-plongee\/combinaisons-surf-enfant\/\">Les meilleures combinaisons surf enfant sur le march\u00e9<\/a><\/div><\/li><li class=\"crp-list-item crp-list-item-image-left crp-list-item-has-image\"><div class=\"crp-list-item-image\"><a href=\"https:\/\/standuppaddleboardworld.com\/fr\/ski-nautique\/\"><img loading=\"lazy\" decoding=\"async\" data-pin-nopin=\"true\" style=\"max-width: 50px; height: auto;\" width=\"50\" height=\"50\" src=\"https:\/\/standuppaddleboardworld.com\/wp-content\/uploads\/2020\/10\/Water-skiing-grass-75x75.jpg\" class=\"attachment-50x50 size-50x50\" alt=\"Water-skiing-grass\" srcset=\"https:\/\/standuppaddleboardworld.com\/wp-content\/uploads\/2020\/10\/Water-skiing-grass-75x75.jpg 75w, https:\/\/standuppaddleboardworld.com\/wp-content\/uploads\/2020\/10\/Water-skiing-grass-150x150.jpg 150w\" sizes=\"auto, (max-width: 50px) 100vw, 50px\" title=\"\"><\/a><\/div><div class=\"crp-list-item-title\"><a href=\"https:\/\/standuppaddleboardworld.com\/fr\/ski-nautique\/\">Ski nautique : que faut-il pour commencer ?<\/a><\/div><\/li><\/ul><\/div>\n\n\n<figure class=\"wp-block-embed is-type-video is-provider-youtube wp-block-embed-youtube wp-embed-aspect-16-9 wp-has-aspect-ratio\"><div class=\"wp-block-embed__wrapper\">\n<iframe loading=\"lazy\" title=\"Wetsuits vs Drysuits - What You Should Know for Cold Water Sports\" width=\"500\" height=\"281\" src=\"https:\/\/www.youtube.com\/embed\/xDG3whJ2e0k?feature=oembed\" frameborder=\"0\" allow=\"accelerometer; autoplay; clipboard-write; encrypted-media; gyroscope; picture-in-picture; web-share\" referrerpolicy=\"strict-origin-when-cross-origin\" allowfullscreen><\/iframe>\n<\/div><figcaption>Voici une vid\u00e9o d\u00e9taill\u00e9e qui explique la diff\u00e9rence entre les combi humides et s\u00e8ches<\/figcaption><\/figure>\n\n\n\n<h2 class=\"wp-block-heading\"><span class=\"ez-toc-section\" id=\"Differences_entre_les_combinaisons_humides_et_seches\"><\/span>Diff\u00e9rences entre les combinaisons humides et s\u00e8ches<span class=\"ez-toc-section-end\"><\/span><\/h2>\n\n\n\n<p>Les deux combinaisons ont vocation \u00e0 conserver votre chaleur dans l&rsquo;eau. Chacune dispose de sa propre technique, mais l&rsquo;objectif final est bien d&#8217;emp\u00eacher la chaleur de quitter votre corps, moins vite que si vous ne portiez rien. <\/p>\n\n\n\n<p>Les principales diff\u00e9rences sur la fa\u00e7on donc chacune conserve votre chaleur viennent des mat\u00e9riaux utilis\u00e9s et du type de construction. <\/p>\n\n\n\n<p><strong>Avant de lister les principales diff\u00e9rences, voici la r\u00e9ponse courte \u00e0 la question. <\/strong><\/p>\n\n\n\n<p><strong>Les combinaisons humides<\/strong> sont en n\u00e9opr\u00e8ne et con\u00e7ues pour <strong>conserver votre chaleur tout en \u00e9tant mouill\u00e9. <\/strong>\u00c7a signifie que vous n&rsquo;\u00eates pas au sec dans l&rsquo;eau. C&rsquo;est la raison pour laquelle <a href=\"https:\/\/standuppaddleboardworld.com\/fr\/?page_id=14856\" class=\"rank-math-link\">l&rsquo;ajustement et la taille sont tr\u00e8s importants<\/a> pour les combinaisons humides, comme discut\u00e9 dans cet article. <\/p>\n\n\n\n<p>Si votre <strong>combinaison est l\u00e2che<\/strong>, elle laisse entrer plus d&rsquo;eau que n\u00e9cessaire, et vous refroidissez <strong>beaucoup plus rapidement. <\/strong>Par contre, si elle est <strong>correctement ajust\u00e9e<\/strong>, vous constaterez qu&rsquo;elles sont id\u00e9ales pour les activit\u00e9s sportives dans les eaux froides car elles <strong>vous permettent d&rsquo;\u00eatre plus athl\u00e9tique<\/strong> qu&rsquo;une combinaison s\u00e8che. <\/p>\n\n\n\n<p>Ceci dit, <strong>les combinaisons s\u00e8ches <\/strong>sont compl\u00e8tement \u00e9tanches, mais si vous les utilisez sans rien d&rsquo;autres en-dessous, elles ne seront pas si chaudes que \u00e7a. Cliquez ici pour d\u00e9couvrir <a href=\"https:\/\/standuppaddleboardworld.com\/fr\/wetsuit\/combinaison-de-surf\/\" class=\"rank-math-link\">quels sous-v\u00eatements sont parfaits sous une combinaison<\/a>. <\/p>\n\n\n\n<p>Les combinaisons s\u00e8ches font tout simplement <strong>office de coque<\/strong> et vous <strong>gardent compl\u00e8tement au sec<\/strong>,<strong> <\/strong>mais elles sont \u00e9galement l\u00e2ches, un peu comme une grande veste de ski. Voil\u00e0 pourquoi les combinaisons humides facilitent les mouvements et les man\u0153uvres dans l&rsquo;eau, au contraire des combinaisons s\u00e8ches qui conviennent mieux pour la plong\u00e9e. <\/p>\n\n\n\n<p>Ceci dit, voici quelques d\u00e9tails suppl\u00e9mentaires \u00e0 propos du fonctionnement des combinaisons humides et s\u00e8ches et de leurs diff\u00e9rences. <\/p>\n\n\n\n<figure class=\"wp-block-image size-large\"><img loading=\"lazy\" decoding=\"async\" width=\"1024\" height=\"683\" src=\"https:\/\/standuppaddleboardworld.com\/wp-content\/uploads\/2020\/07\/Man-Wetsuit-Snow-Cold-1024x683.jpg\" alt=\"Homme-Combinaison-Neige-Froid combinaisons humides et s\u00e8ches\" class=\"wp-image-17595\" title=\"\" srcset=\"https:\/\/standuppaddleboardworld.com\/wp-content\/uploads\/2020\/07\/Man-Wetsuit-Snow-Cold-1024x683.jpg 1024w, https:\/\/standuppaddleboardworld.com\/wp-content\/uploads\/2020\/07\/Man-Wetsuit-Snow-Cold-300x200.jpg 300w, https:\/\/standuppaddleboardworld.com\/wp-content\/uploads\/2020\/07\/Man-Wetsuit-Snow-Cold-768x512.jpg 768w, https:\/\/standuppaddleboardworld.com\/wp-content\/uploads\/2020\/07\/Man-Wetsuit-Snow-Cold.jpg 1200w\" sizes=\"auto, (max-width: 1024px) 100vw, 1024px\" \/><\/figure>\n\n\n\n<h3 class=\"wp-block-heading\"><span class=\"ez-toc-section\" id=\"Combinaisons_humides_et_seches_la_chaleur\"><\/span>Combinaisons humides et s\u00e8ches : la chaleur<span class=\"ez-toc-section-end\"><\/span><\/h3>\n\n\n\n<p>Les gens pr\u00e9f\u00e8rent g\u00e9n\u00e9ralement plonger au sec du fait des temp\u00e9ratures de l&rsquo;eau. Si vous habitez dans l&rsquo;h\u00e9misph\u00e8re nord et d\u00e9cidez de faire du paddle ou de la plong\u00e9e, la combinaison s\u00e8che peut \u00eatre mieux adapt\u00e9e. <\/p>\n\n\n\n<p>Toutefois, ma mission ici est de vous expliquer que les combinaisons s\u00e8ches et humides ne sont pas davantage l&rsquo;une que l&rsquo;autre con\u00e7ues pour <em><span style=\"text-decoration: underline;\">vous r\u00e9chauffer<\/span><\/em>. Elles servent uniquement \u00e0 ralentir la perte de chaleur de votre corps. <\/p>\n\n\n\n<p><strong>Les combinaisons humides<\/strong> remplissent leur mission gr\u00e2ce au n\u00e9opr\u00e8ne qui laisse entrer une petite quantit\u00e9 d&rsquo;eau sur votre peau, ensuite r\u00e9chauff\u00e9e par votre corps pour que celui-ci reste au chaud. Voil\u00e0 pourquoi il est essentiel de ne pas choisir une combinaison trop grande qui risque de continuellement laisser entrer de l&rsquo;eau et de ne pas conserver votre chaleur. <\/p>\n\n\n\n<p><strong>Les combinaisons s\u00e8ches<\/strong>, au contraire, conservent votre chaleur en vous gardant au sec, aid\u00e9es des v\u00eatements que vous portez en dessous. Avec les combinaisons s\u00e8ches, aucune eau ne p\u00e9n\u00e8tre pour vous refroidir et vous pouvez ajouter de multiples couches de sous-v\u00eatements pour vous r\u00e9chauffer encore plus. <\/p>\n\n\n\n<h3 class=\"wp-block-heading\"><span class=\"ez-toc-section\" id=\"Combinaisons_humides_et_seches_le_poids\"><\/span>Combinaisons humides et s\u00e8ches : le poids<span class=\"ez-toc-section-end\"><\/span><\/h3>\n\n\n\n<p>C&rsquo;est davantage un probl\u00e8me pour les plongeurs que pour les paddleurs ou les surfers, mais il faut le mentionner. <\/p>\n\n\n\n<p>Le n\u00e9opr\u00e8ne contenu dans les <strong>combinaisons humides<\/strong> ajoute de la flottabilit\u00e9, ce qui est g\u00e9nial quand on ne cherche pas \u00e0 plonger mais \u00e0 rester \u00e0 la surface. Toutefois, si vous plongez avec une combinaison humide, la pression de l&rsquo;eau cr\u00e9e du surpoids. <\/p>\n\n\n\n<p>L&rsquo;avantage de la <strong>combinaison s\u00e8che<\/strong> est que votre degr\u00e9 de flottabilit\u00e9 reste plus ou moins constant et que vous ne sentez pas les changements de pression. <\/p>\n\n\n\n<figure class=\"wp-block-image size-large\"><img loading=\"lazy\" decoding=\"async\" width=\"1024\" height=\"683\" src=\"https:\/\/standuppaddleboardworld.com\/wp-content\/uploads\/2020\/07\/Girl-Water-Wetsuit-1024x683.jpg\" alt=\"Fille-Eau-Combinaison humide\" class=\"wp-image-15556\" title=\"\" srcset=\"https:\/\/standuppaddleboardworld.com\/wp-content\/uploads\/2020\/07\/Girl-Water-Wetsuit-1024x683.jpg 1024w, https:\/\/standuppaddleboardworld.com\/wp-content\/uploads\/2020\/07\/Girl-Water-Wetsuit-300x200.jpg 300w, https:\/\/standuppaddleboardworld.com\/wp-content\/uploads\/2020\/07\/Girl-Water-Wetsuit-768x512.jpg 768w, https:\/\/standuppaddleboardworld.com\/wp-content\/uploads\/2020\/07\/Girl-Water-Wetsuit.jpg 1200w\" sizes=\"auto, (max-width: 1024px) 100vw, 1024px\" \/><\/figure>\n\n\n\n<h3 class=\"wp-block-heading\"><span class=\"ez-toc-section\" id=\"Combinaisons_humides_et_seches_la_flottabilite\"><\/span>Combinaisons humides et s\u00e8ches : la flottabilit\u00e9<span class=\"ez-toc-section-end\"><\/span><\/h3>\n\n\n\n<p>Comme d\u00e9j\u00e0 mentionn\u00e9, les combinaisons humides vous compriment au fur et \u00e0 mesure que vous descendez dans l&rsquo;eau, tandis que la combinaison s\u00e8che vous donne la possibilit\u00e9 d&rsquo;ajouter de l&rsquo;air et de compenser la pression accrue des profondeurs. Ce n&rsquo;est pas possible avec les combinaisons humides car elles sont naturellement con\u00e7ues pour \u00e9pouser votre peau. Voil\u00e0 pourquoi, les combinaisons humides deviennent plus fines et perdent de leur capacit\u00e9 d&rsquo;isolation au fur et \u00e0 mesure qu&rsquo;elles se compriment en plongeant. <\/p>\n\n\n\n<h3 class=\"wp-block-heading\"><span class=\"ez-toc-section\" id=\"Combinaisons_humides_et_seches_le_cout\"><\/span>Combinaisons humides et s\u00e8ches : le co\u00fbt<span class=\"ez-toc-section-end\"><\/span><\/h3>\n\n\n\n<p>Comment vous vous en doutez probablement, les combinaisons s\u00e8ches sont plus ch\u00e8res que les combinaisons humides. Par le pass\u00e9, la diff\u00e9rence \u00e9tait encore plus flagrante du fait des techniques de construction et de design uniques. Toutefois, gr\u00e2ce \u00e0 l&rsquo;introduction de nouveaux mat\u00e9riaux et \u00e0 la concurrence, une combinaison s\u00e8che d&rsquo;entr\u00e9e de gamme est quasiment au m\u00eame prix qu&rsquo;une combinaison humide haut de gamme. <\/p>\n\n\n\n<p>Le prix peut m\u00eame vous sembler acceptable si vous prenez en compte que vous pouvez changer de sous-v\u00eatements en fonction du temps, ce qui vous \u00e9vite d&rsquo;avoir \u00e0 acheter des combinaisons humides de diff\u00e9rentes \u00e9paisseurs selon les saisons. <\/p>\n\n\n\n<p>En pratique, une combinaison s\u00e8che s&rsquo;utilise en de nombreuses occasions, c&rsquo;est son principal avantage vis-\u00e0-vis de la combinaison humide. Cette dernier n&rsquo;offre pas la flexibilit\u00e9 d&rsquo;une combinaison s\u00e8che. <\/p>\n\n\n\n<figure class=\"wp-block-image size-large\"><img loading=\"lazy\" decoding=\"async\" width=\"1024\" height=\"680\" src=\"https:\/\/standuppaddleboardworld.com\/wp-content\/uploads\/2020\/07\/triathlon-group-wetsuits-1024x680.jpg\" alt=\"triathlon-groupe-combinaisons humides\" class=\"wp-image-12395\" title=\"\" srcset=\"https:\/\/standuppaddleboardworld.com\/wp-content\/uploads\/2020\/07\/triathlon-group-wetsuits-1024x680.jpg 1024w, https:\/\/standuppaddleboardworld.com\/wp-content\/uploads\/2020\/07\/triathlon-group-wetsuits-300x199.jpg 300w, https:\/\/standuppaddleboardworld.com\/wp-content\/uploads\/2020\/07\/triathlon-group-wetsuits-768x510.jpg 768w, https:\/\/standuppaddleboardworld.com\/wp-content\/uploads\/2020\/07\/triathlon-group-wetsuits.jpg 1280w\" sizes=\"auto, (max-width: 1024px) 100vw, 1024px\" \/><\/figure>\n\n\n\n<h3 class=\"wp-block-heading\"><span class=\"ez-toc-section\" id=\"Combinaisons_humides_et_seches_le_cout_de_lentretien\"><\/span>Combinaisons humides et s\u00e8ches : le co\u00fbt de l&rsquo;entretien<span class=\"ez-toc-section-end\"><\/span><\/h3>\n\n\n\n<p>Sur ce sujet, je pense qu&rsquo;une combinaison humide est beaucoup plus pratique et facile \u00e0 entretenir, \u00e9tant donn\u00e9 qu&rsquo;il vous suffit de la rincer correctement apr\u00e8s utilisation. <\/p>\n\n\n\n<p>Les combinaisons s\u00e8ches sont un peu plus exigeantes sur le long-terme. Selon la fr\u00e9quence de son utilisation, vous pouvez \u00eatre amen\u00e9 \u00e0 remplacer les coutures et refermer des fuites. Il est par ailleurs probable que vous deviez remplacer les bottillons ou les chaussons, voire m\u00eame la fermeture \u00e9clair. <\/p>\n\n\n\n<p>Tous ces \u00e9l\u00e9ments font qu&rsquo;une combinaison s\u00e8che demande de l&rsquo;attention et peuvent saler la facture avec le temps. Toutefois, une combinaison s\u00e8che vous durera plut\u00f4t de 10 \u00e0 15 ans si vous plongez + de 90 fois par an, tandis qu&rsquo;une combinaison humide ne r\u00e9sistera pas plus de 6 ans au m\u00eame rythme. <\/p>\n\n\n\n<p>En cons\u00e9quence, les combinaisons s\u00e8ches peuvent \u00eatre plus rentables sur le long-terme, d&rsquo;autant plus qu&rsquo;elles se revendent d&rsquo;occasion, alors qu&rsquo;une combinaison humide finit g\u00e9n\u00e9ralement sa vie \u00e0 la poubelle une fois utilis\u00e9e. <\/p>\n","protected":false},"excerpt":{"rendered":"<p>Vous vous interrogez peut-\u00eatre sur la fa\u00e7on de rendre vos activit\u00e9s de paddle, de plong\u00e9e ou de surf encore plus agr\u00e9ables. Combinaisons humides ou s\u00e8ches ? Qu&rsquo;est ce qui diff\u00e9rencie les deux ? Rassurez-vous, vous \u00eates au bon endroit. Je vous explique tout ici sur les principales diff\u00e9rences entre ces deux types de combinaisons afin [&hellip;]<\/p>\n","protected":false},"author":1,"featured_media":15113,"parent":13228,"menu_order":0,"comment_status":"open","ping_status":"closed","template":"page-templates\/reviews.php","meta":{"_genesis_hide_title":false,"_genesis_hide_breadcrumbs":false,"_genesis_hide_singular_image":false,"_genesis_hide_footer_widgets":false,"_genesis_custom_body_class":"","_genesis_custom_post_class":"","_genesis_layout":"","footnotes":""},"categories":[],"tags":[],"class_list":{"0":"post-15107","1":"page","2":"type-page","3":"status-publish","4":"has-post-thumbnail","6":"entry"},"acf":[],"_links":{"self":[{"href":"https:\/\/standuppaddleboardworld.com\/fr\/wp-json\/wp\/v2\/pages\/15107","targetHints":{"allow":["GET"]}}],"collection":[{"href":"https:\/\/standuppaddleboardworld.com\/fr\/wp-json\/wp\/v2\/pages"}],"about":[{"href":"https:\/\/standuppaddleboardworld.com\/fr\/wp-json\/wp\/v2\/types\/page"}],"author":[{"embeddable":true,"href":"https:\/\/standuppaddleboardworld.com\/fr\/wp-json\/wp\/v2\/users\/1"}],"replies":[{"embeddable":true,"href":"https:\/\/standuppaddleboardworld.com\/fr\/wp-json\/wp\/v2\/comments?post=15107"}],"version-history":[{"count":0,"href":"https:\/\/standuppaddleboardworld.com\/fr\/wp-json\/wp\/v2\/pages\/15107\/revisions"}],"up":[{"embeddable":true,"href":"https:\/\/standuppaddleboardworld.com\/fr\/wp-json\/wp\/v2\/pages\/13228"}],"wp:featuredmedia":[{"embeddable":true,"href":"https:\/\/standuppaddleboardworld.com\/fr\/wp-json\/wp\/v2\/media\/15113"}],"wp:attachment":[{"href":"https:\/\/standuppaddleboardworld.com\/fr\/wp-json\/wp\/v2\/media?parent=15107"}],"wp:term":[{"taxonomy":"category","embeddable":true,"href":"https:\/\/standuppaddleboardworld.com\/fr\/wp-json\/wp\/v2\/categories?post=15107"},{"taxonomy":"post_tag","embeddable":true,"href":"https:\/\/standuppaddleboardworld.com\/fr\/wp-json\/wp\/v2\/tags?post=15107"}],"curies":[{"name":"wp","href":"https:\/\/api.w.org\/{rel}","templated":true}]}}