{"id":15087,"date":"2020-12-07T16:31:14","date_gmt":"2020-12-07T15:31:14","guid":{"rendered":"https:\/\/standuppaddleboardworld.com\/?page_id=15087"},"modified":"2020-12-07T16:31:17","modified_gmt":"2020-12-07T15:31:17","slug":"spikeball","status":"publish","type":"page","link":"https:\/\/standuppaddleboardworld.com\/fr\/spikeball\/","title":{"rendered":"Spikeball"},"content":{"rendered":"\n<p class=\"block-highlight-filled\">Le spikeball conna\u00eet un succ\u00e8s grandissant, c&rsquo;est un sport excitant et tr\u00e8s dynamique qui se joue avec des amis dehors (je connais m\u00eame des personnes qui jouent \u00e0 l&rsquo;int\u00e9rieur mais il vous faut vraiment une grande maison !)<br><br>Si le spikeball vous int\u00e9resse et que vous voulez en savoir plus sur ce sport et comment vous y mettre, cet article vous dit tout ! <\/p>\n\n\n\n<figure class=\"wp-block-image size-large\"><img loading=\"lazy\" decoding=\"async\" width=\"1024\" height=\"683\" src=\"https:\/\/standuppaddleboardworld.com\/wp-content\/uploads\/2020\/09\/Spikeball-1024x683.jpg\" alt=\"Spikeball\" class=\"wp-image-13868\" title=\"\" srcset=\"https:\/\/standuppaddleboardworld.com\/wp-content\/uploads\/2020\/09\/Spikeball-1024x683.jpg 1024w, https:\/\/standuppaddleboardworld.com\/wp-content\/uploads\/2020\/09\/Spikeball-300x200.jpg 300w, https:\/\/standuppaddleboardworld.com\/wp-content\/uploads\/2020\/09\/Spikeball-768x512.jpg 768w, https:\/\/standuppaddleboardworld.com\/wp-content\/uploads\/2020\/09\/Spikeball.jpg 1200w\" sizes=\"auto, (max-width: 1024px) 100vw, 1024px\" \/><\/figure>\n\n\n\n<h2 class=\"wp-block-heading\"><span class=\"ez-toc-section\" id=\"Quest-ce_que_le_spikeball\"><\/span>Qu&rsquo;est-ce que le spikeball<span class=\"ez-toc-section-end\"><\/span><\/h2><div id=\"ez-toc-container\" class=\"ez-toc-v2_0_82_2 counter-flat ez-toc-counter ez-toc-custom ez-toc-container-direction\">\n<label for=\"ez-toc-cssicon-toggle-item-69e8eb52c790c\" class=\"ez-toc-cssicon-toggle-label\"><span class=\"\"><span class=\"eztoc-hide\" style=\"display:none;\">Toggle<\/span><span class=\"ez-toc-icon-toggle-span\"><svg style=\"fill: #1a2b49;color:#1a2b49\" xmlns=\"http:\/\/www.w3.org\/2000\/svg\" class=\"list-377408\" width=\"20px\" height=\"20px\" viewBox=\"0 0 24 24\" fill=\"none\"><path d=\"M6 6H4v2h2V6zm14 0H8v2h12V6zM4 11h2v2H4v-2zm16 0H8v2h12v-2zM4 16h2v2H4v-2zm16 0H8v2h12v-2z\" fill=\"currentColor\"><\/path><\/svg><svg style=\"fill: #1a2b49;color:#1a2b49\" class=\"arrow-unsorted-368013\" xmlns=\"http:\/\/www.w3.org\/2000\/svg\" width=\"10px\" height=\"10px\" viewBox=\"0 0 24 24\" version=\"1.2\" baseProfile=\"tiny\"><path d=\"M18.2 9.3l-6.2-6.3-6.2 6.3c-.2.2-.3.4-.3.7s.1.5.3.7c.2.2.4.3.7.3h11c.3 0 .5-.1.7-.3.2-.2.3-.5.3-.7s-.1-.5-.3-.7zM5.8 14.7l6.2 6.3 6.2-6.3c.2-.2.3-.5.3-.7s-.1-.5-.3-.7c-.2-.2-.4-.3-.7-.3h-11c-.3 0-.5.1-.7.3-.2.2-.3.5-.3.7s.1.5.3.7z\"\/><\/svg><\/span><\/span><\/label><input type=\"checkbox\"  id=\"ez-toc-cssicon-toggle-item-69e8eb52c790c\"  aria-label=\"Toggle\" \/><nav><ul class='ez-toc-list ez-toc-list-level-1 ' ><li class='ez-toc-page-1'><a class=\"ez-toc-link ez-toc-heading-1\" href=\"https:\/\/standuppaddleboardworld.com\/fr\/spikeball\/#Quest-ce_que_le_spikeball\" >Qu&rsquo;est-ce que le spikeball<\/a><\/li><li class='ez-toc-page-1'><a class=\"ez-toc-link ez-toc-heading-2\" href=\"https:\/\/standuppaddleboardworld.com\/fr\/spikeball\/#Lhistoire_du_spikeball\" >L&rsquo;histoire du spikeball<\/a><\/li><li class='ez-toc-page-1'><a class=\"ez-toc-link ez-toc-heading-3\" href=\"https:\/\/standuppaddleboardworld.com\/fr\/spikeball\/#Slammo_vs_spikeball\" >Slammo vs spikeball<\/a><\/li><li class='ez-toc-page-1'><a class=\"ez-toc-link ez-toc-heading-4\" href=\"https:\/\/standuppaddleboardworld.com\/fr\/spikeball\/#Questions_et_reponses_sur_le_spikeball\" >Questions et r\u00e9ponses sur le spikeball<\/a><\/li><\/ul><\/nav><\/div>\n\n\n\n\n<p>C&rsquo;est quoi le spikeball exactement, comment y joue-t-on, quelles sont les r\u00e8gles et que faut-il pour commencer ? D\u00e9couvrez ici plus d&rsquo;informations \u00e0 propos de ce jeu et pourquoi il a tant de succ\u00e8s.<\/p>\n\n\n\n<div class=\"wp-block-buttons aligncenter is-layout-flex wp-block-buttons-is-layout-flex\">\n<div class=\"wp-block-button\"><a class=\"wp-block-button__link\" href=\"https:\/\/standuppaddleboardworld.com\/fr\/?page_id=15095\" target=\"_blank\" rel=\"noreferrer noopener\">D\u00e9couvrez-en plus sur le spikeball<\/a><\/div>\n<\/div>\n\n\n\n<figure class=\"wp-block-image size-large\"><img loading=\"lazy\" decoding=\"async\" width=\"1024\" height=\"682\" src=\"https:\/\/standuppaddleboardworld.com\/wp-content\/uploads\/2020\/09\/Spikeball-Gear-1024x682.jpg\" alt=\"\u00c9quipements-Spikeball\" class=\"wp-image-13869\" title=\"\" srcset=\"https:\/\/standuppaddleboardworld.com\/wp-content\/uploads\/2020\/09\/Spikeball-Gear-1024x682.jpg 1024w, https:\/\/standuppaddleboardworld.com\/wp-content\/uploads\/2020\/09\/Spikeball-Gear-300x200.jpg 300w, https:\/\/standuppaddleboardworld.com\/wp-content\/uploads\/2020\/09\/Spikeball-Gear-768x512.jpg 768w, https:\/\/standuppaddleboardworld.com\/wp-content\/uploads\/2020\/09\/Spikeball-Gear.jpg 1280w\" sizes=\"auto, (max-width: 1024px) 100vw, 1024px\" \/><\/figure>\n\n\n\n<h2 class=\"wp-block-heading\"><span class=\"ez-toc-section\" id=\"Lhistoire_du_spikeball\"><\/span>L&rsquo;histoire du spikeball<span class=\"ez-toc-section-end\"><\/span><\/h2>\n\n\n\n<p>Les d\u00e9buts du spikeball comme sport sont particuliers, et ce n&rsquo;est que r\u00e9cemment qu&rsquo;il a commenc\u00e9 \u00e0 avoir du succ\u00e8s (ou retrouv\u00e9 du succ\u00e8s) et que les gens ont commenc\u00e9 \u00e0 le d\u00e9couvrir et \u00e0 le jouer. D\u00e9couvrez-en plus sur l&rsquo;histoire du spikeball et comment tout a commenc\u00e9. <\/p>\n\n\n\n<div class=\"wp-block-buttons aligncenter is-layout-flex wp-block-buttons-is-layout-flex\">\n<div class=\"wp-block-button\"><a class=\"wp-block-button__link\" href=\"https:\/\/standuppaddleboardworld.com\/fr\/?page_id=15101\">D\u00e9couvrez-en plus sur l&rsquo;histoire du spikeball<\/a><\/div>\n<\/div>\n\n\n\n<figure class=\"wp-block-image size-large\"><img loading=\"lazy\" decoding=\"async\" width=\"1024\" height=\"702\" src=\"https:\/\/standuppaddleboardworld.com\/wp-content\/uploads\/2020\/10\/Slammo-Game-1024x702.jpg\" alt=\"Jeu-Slammo\" class=\"wp-image-13877\" title=\"\" srcset=\"https:\/\/standuppaddleboardworld.com\/wp-content\/uploads\/2020\/10\/Slammo-Game-1024x702.jpg 1024w, https:\/\/standuppaddleboardworld.com\/wp-content\/uploads\/2020\/10\/Slammo-Game-300x206.jpg 300w, https:\/\/standuppaddleboardworld.com\/wp-content\/uploads\/2020\/10\/Slammo-Game-768x526.jpg 768w, https:\/\/standuppaddleboardworld.com\/wp-content\/uploads\/2020\/10\/Slammo-Game.jpg 1500w\" sizes=\"auto, (max-width: 1024px) 100vw, 1024px\" \/><\/figure>\n\n\n\n<h2 class=\"wp-block-heading\"><span class=\"ez-toc-section\" id=\"Slammo_vs_spikeball\"><\/span>Slammo vs spikeball<span class=\"ez-toc-section-end\"><\/span><\/h2>\n\n\n\n<p>Le spikeball et le slammo sont deux termes utilis\u00e9s de fa\u00e7on indiff\u00e9renci\u00e9e pour d\u00e9signer le m\u00eame sport et le m\u00eame \u00e9quipement de jeu. Vous apercevrez souvent des personnes jouer \u00e0 l&rsquo;un de ces jeux dans leurs cours ou sur la plage, et des tournois d&rsquo;ext\u00e9rieur sont \u00e9galement d\u00e9sormais fr\u00e9quemment organis\u00e9s. Quelle diff\u00e9rence entre les deux et c&rsquo;est quoi le slammo en fait ?<\/p>\n\n\n\n<div class=\"wp-block-buttons aligncenter is-layout-flex wp-block-buttons-is-layout-flex\">\n<div class=\"wp-block-button\"><a class=\"wp-block-button__link\" href=\"https:\/\/standuppaddleboardworld.com\/fr\/?page_id=15093\">D\u00e9couvrez-en plus sur le slammo vs le spikeball<\/a><\/div>\n<\/div>\n\n\n\n<figure class=\"wp-block-image size-large\"><img loading=\"lazy\" decoding=\"async\" width=\"1024\" height=\"683\" src=\"https:\/\/standuppaddleboardworld.com\/wp-content\/uploads\/2020\/11\/Spikeball-Beach-Game-1024x683.jpg\" alt=\"Spikeball-Questions-Jeu-de-plage\" class=\"wp-image-13897\" title=\"\" srcset=\"https:\/\/standuppaddleboardworld.com\/wp-content\/uploads\/2020\/11\/Spikeball-Beach-Game-1024x683.jpg 1024w, https:\/\/standuppaddleboardworld.com\/wp-content\/uploads\/2020\/11\/Spikeball-Beach-Game-300x200.jpg 300w, https:\/\/standuppaddleboardworld.com\/wp-content\/uploads\/2020\/11\/Spikeball-Beach-Game-768x512.jpg 768w, https:\/\/standuppaddleboardworld.com\/wp-content\/uploads\/2020\/11\/Spikeball-Beach-Game.jpg 1500w\" sizes=\"auto, (max-width: 1024px) 100vw, 1024px\" \/><\/figure>\n\n\n\n<h2 class=\"wp-block-heading\"><span class=\"ez-toc-section\" id=\"Questions_et_reponses_sur_le_spikeball\"><\/span>Questions et r\u00e9ponses sur le spikeball<span class=\"ez-toc-section-end\"><\/span><\/h2>\n\n\n\n<p>Apr\u00e8s avoir \u00e9crit mes premiers articles sur le spikeball, j&rsquo;ai re\u00e7u tout un tas de questions sur ce sport. C&rsquo;est pourquoi j&rsquo;ai cr\u00e9e un article s\u00e9par\u00e9 qui r\u00e9pond \u00e0 toutes ces questions et qui compl\u00e8te les informations au sujet de ce sport !<\/p>\n\n\n\n<div class=\"wp-block-buttons aligncenter is-layout-flex wp-block-buttons-is-layout-flex\">\n<div class=\"wp-block-button\"><a class=\"wp-block-button__link\" href=\"https:\/\/standuppaddleboardworld.com\/fr\/?page_id=15099\">D\u00e9couvrez toutes les questions et r\u00e9ponses \u00e0 propos du spikeball<\/a><\/div>\n<\/div>\n","protected":false},"excerpt":{"rendered":"<p>Le spikeball conna\u00eet un succ\u00e8s grandissant, c&rsquo;est un sport excitant et tr\u00e8s dynamique qui se joue avec des amis dehors (je connais m\u00eame des personnes qui jouent \u00e0 l&rsquo;int\u00e9rieur mais il vous faut vraiment une grande maison !) Si le spikeball vous int\u00e9resse et que vous voulez en savoir plus sur ce sport et comment [&hellip;]<\/p>\n","protected":false},"author":1,"featured_media":13876,"parent":0,"menu_order":0,"comment_status":"open","ping_status":"closed","template":"","meta":{"_genesis_hide_title":false,"_genesis_hide_breadcrumbs":false,"_genesis_hide_singular_image":false,"_genesis_hide_footer_widgets":false,"_genesis_custom_body_class":"","_genesis_custom_post_class":"","_genesis_layout":"","footnotes":""},"categories":[],"tags":[],"class_list":{"0":"post-15087","1":"page","2":"type-page","3":"status-publish","4":"has-post-thumbnail","6":"entry"},"acf":[],"_links":{"self":[{"href":"https:\/\/standuppaddleboardworld.com\/fr\/wp-json\/wp\/v2\/pages\/15087","targetHints":{"allow":["GET"]}}],"collection":[{"href":"https:\/\/standuppaddleboardworld.com\/fr\/wp-json\/wp\/v2\/pages"}],"about":[{"href":"https:\/\/standuppaddleboardworld.com\/fr\/wp-json\/wp\/v2\/types\/page"}],"author":[{"embeddable":true,"href":"https:\/\/standuppaddleboardworld.com\/fr\/wp-json\/wp\/v2\/users\/1"}],"replies":[{"embeddable":true,"href":"https:\/\/standuppaddleboardworld.com\/fr\/wp-json\/wp\/v2\/comments?post=15087"}],"version-history":[{"count":0,"href":"https:\/\/standuppaddleboardworld.com\/fr\/wp-json\/wp\/v2\/pages\/15087\/revisions"}],"wp:featuredmedia":[{"embeddable":true,"href":"https:\/\/standuppaddleboardworld.com\/fr\/wp-json\/wp\/v2\/media\/13876"}],"wp:attachment":[{"href":"https:\/\/standuppaddleboardworld.com\/fr\/wp-json\/wp\/v2\/media?parent=15087"}],"wp:term":[{"taxonomy":"category","embeddable":true,"href":"https:\/\/standuppaddleboardworld.com\/fr\/wp-json\/wp\/v2\/categories?post=15087"},{"taxonomy":"post_tag","embeddable":true,"href":"https:\/\/standuppaddleboardworld.com\/fr\/wp-json\/wp\/v2\/tags?post=15087"}],"curies":[{"name":"wp","href":"https:\/\/api.w.org\/{rel}","templated":true}]}}