{"id":14962,"date":"2020-12-07T17:54:52","date_gmt":"2020-12-07T16:54:52","guid":{"rendered":"https:\/\/standuppaddleboardworld.com\/?page_id=14962"},"modified":"2021-03-26T15:32:08","modified_gmt":"2021-03-26T14:32:08","slug":"comment-fonctionne-une-combinaison","status":"publish","type":"page","link":"https:\/\/standuppaddleboardworld.com\/fr\/combinaisons-de-plongee\/comment-fonctionne-une-combinaison\/","title":{"rendered":"Comment fonctionne une combinaison ?"},"content":{"rendered":"\n<p>Les combinaisons sont un des \u00e9quipements majeurs du stand up paddle. Si vous avez beaucoup de questions \u00e0 leur sujet, je vous conseille de commencer par les informations basiques incluses dans cet article sur \u00ab\u00a0ce qu&rsquo;est une combinaison\u00a0\u00bb. <\/p>\n\n\n\n<p>Allez-y, prenez votre temps&#8230; C&rsquo;est bon ? Ok, regardons en d\u00e9tail pourquoi la combinaison est fabriqu\u00e9e d&rsquo;une certaine fa\u00e7on et comment elle fonctionne dans l&rsquo;eau. <\/p>\n\n\n\n<figure class=\"wp-block-image size-large\"><img loading=\"lazy\" decoding=\"async\" width=\"1024\" height=\"680\" src=\"https:\/\/standuppaddleboardworld.com\/wp-content\/uploads\/2020\/07\/Man-Wetsuit-Close-Up-1024x680.jpg\" alt=\"Zoom-Hommes-Combinaison Comment fonctionne une combinaison\" class=\"wp-image-17597\" title=\"\" srcset=\"https:\/\/standuppaddleboardworld.com\/wp-content\/uploads\/2020\/07\/Man-Wetsuit-Close-Up-1024x680.jpg 1024w, https:\/\/standuppaddleboardworld.com\/wp-content\/uploads\/2020\/07\/Man-Wetsuit-Close-Up-300x199.jpg 300w, https:\/\/standuppaddleboardworld.com\/wp-content\/uploads\/2020\/07\/Man-Wetsuit-Close-Up-768x510.jpg 768w, https:\/\/standuppaddleboardworld.com\/wp-content\/uploads\/2020\/07\/Man-Wetsuit-Close-Up.jpg 1200w\" sizes=\"auto, (max-width: 1024px) 100vw, 1024px\" \/><\/figure>\n\n\n\n<h2 class=\"wp-block-heading\"><span class=\"ez-toc-section\" id=\"Comment_fonctionne_une_combinaison\"><\/span>Comment fonctionne une combinaison ?<span class=\"ez-toc-section-end\"><\/span><\/h2><div id=\"ez-toc-container\" class=\"ez-toc-v2_0_82_2 counter-flat ez-toc-counter ez-toc-custom ez-toc-container-direction\">\n<label for=\"ez-toc-cssicon-toggle-item-69d7516ebc214\" class=\"ez-toc-cssicon-toggle-label\"><span class=\"\"><span class=\"eztoc-hide\" style=\"display:none;\">Toggle<\/span><span class=\"ez-toc-icon-toggle-span\"><svg style=\"fill: #1a2b49;color:#1a2b49\" xmlns=\"http:\/\/www.w3.org\/2000\/svg\" class=\"list-377408\" width=\"20px\" height=\"20px\" viewBox=\"0 0 24 24\" fill=\"none\"><path d=\"M6 6H4v2h2V6zm14 0H8v2h12V6zM4 11h2v2H4v-2zm16 0H8v2h12v-2zM4 16h2v2H4v-2zm16 0H8v2h12v-2z\" fill=\"currentColor\"><\/path><\/svg><svg style=\"fill: #1a2b49;color:#1a2b49\" class=\"arrow-unsorted-368013\" xmlns=\"http:\/\/www.w3.org\/2000\/svg\" width=\"10px\" height=\"10px\" viewBox=\"0 0 24 24\" version=\"1.2\" baseProfile=\"tiny\"><path d=\"M18.2 9.3l-6.2-6.3-6.2 6.3c-.2.2-.3.4-.3.7s.1.5.3.7c.2.2.4.3.7.3h11c.3 0 .5-.1.7-.3.2-.2.3-.5.3-.7s-.1-.5-.3-.7zM5.8 14.7l6.2 6.3 6.2-6.3c.2-.2.3-.5.3-.7s-.1-.5-.3-.7c-.2-.2-.4-.3-.7-.3h-11c-.3 0-.5.1-.7.3-.2.2-.3.5-.3.7s.1.5.3.7z\"\/><\/svg><\/span><\/span><\/label><input type=\"checkbox\"  id=\"ez-toc-cssicon-toggle-item-69d7516ebc214\"  aria-label=\"Toggle\" \/><nav><ul class='ez-toc-list ez-toc-list-level-1 ' ><li class='ez-toc-page-1'><a class=\"ez-toc-link ez-toc-heading-1\" href=\"https:\/\/standuppaddleboardworld.com\/fr\/combinaisons-de-plongee\/comment-fonctionne-une-combinaison\/#Comment_fonctionne_une_combinaison\" >Comment fonctionne une combinaison ?<\/a><\/li><li class='ez-toc-page-1'><a class=\"ez-toc-link ez-toc-heading-2\" href=\"https:\/\/standuppaddleboardworld.com\/fr\/combinaisons-de-plongee\/comment-fonctionne-une-combinaison\/#Comment_fonctionne_une_combinaison_les_4_principes_de_base_dune_combinaison\" >Comment fonctionne une combinaison : les 4 principes de base d&rsquo;une combinaison<\/a><\/li><\/ul><\/nav><\/div>\n\n\n\n\n<p>Les combinaisons sont en n\u00e9opr\u00e8ne, un mat\u00e9riau sp\u00e9cifique qui pi\u00e8ge une fine couche d&rsquo;eau \u00e0 l&rsquo;int\u00e9rieur. Cette petite quantit\u00e9 d&rsquo;eau est ensuite r\u00e9chauff\u00e9e par votre temp\u00e9rature corporelle et reste coinc\u00e9e \u00e0 l&rsquo;int\u00e9rieur pour conserver la chaleur de votre corps dans l&rsquo;eau. <\/p>\n\n\n\n<p>Bien qu&rsquo;il existe diff\u00e9rentes constructions et conceptions de combinaison, elles servent fondamentalement \u00e0 vous isoler des temp\u00e9ratures froides et \u00e0 conserver une certaine chaleur \u00e0 l&rsquo;int\u00e9rieur pour \u00e9viter l&rsquo;hypothermie. <\/p>\n\n\n\n<h2 class=\"wp-block-heading\"><span class=\"ez-toc-section\" id=\"Comment_fonctionne_une_combinaison_les_4_principes_de_base_dune_combinaison\"><\/span>Comment fonctionne une combinaison : les 4 principes de base d&rsquo;une combinaison<span class=\"ez-toc-section-end\"><\/span><\/h2>\n\n\n\n<p>Toutes les combinaisons ne sont pas cr\u00e9\u00e9es \u00e9gales. Il existe une large gamme de prix qui s&rsquo;\u00e9tend de 70 \u00e0 600 $, il faut donc s&rsquo;attendre \u00e0 des constructions et qualit\u00e9s de mat\u00e9riaux diverses. Toutefois, quel que soit votre budget, vous devez \u00eatre attentif aux 4 crit\u00e8res suivants. <\/p>\n\n\n\n<ul class=\"list-styled wp-block-list\"><li>La chaleur<\/li><li>La flexibilit\u00e9<\/li><li>La solidit\u00e9<\/li><li>L&rsquo;ajustement<\/li><\/ul>\n\n\n\n<p>Votre combinaison doit r\u00e9pondre \u00e0 ces quatre crit\u00e8res de fa\u00e7on \u00e9quilibr\u00e9e pour \u00eatre s\u00fbr qu&rsquo;elle fasse bien son travail quelle que soit votre activit\u00e9 aquatique. <\/p>\n\n\n\n<figure class=\"wp-block-image size-large\"><img loading=\"lazy\" decoding=\"async\" width=\"1024\" height=\"683\" src=\"https:\/\/standuppaddleboardworld.com\/wp-content\/uploads\/2020\/07\/Man-Wetsuit-Snow-Cold-1024x683.jpg\" alt=\"Homme-Combinaison-Neige-Froid\" class=\"wp-image-17595\" title=\"\" srcset=\"https:\/\/standuppaddleboardworld.com\/wp-content\/uploads\/2020\/07\/Man-Wetsuit-Snow-Cold-1024x683.jpg 1024w, https:\/\/standuppaddleboardworld.com\/wp-content\/uploads\/2020\/07\/Man-Wetsuit-Snow-Cold-300x200.jpg 300w, https:\/\/standuppaddleboardworld.com\/wp-content\/uploads\/2020\/07\/Man-Wetsuit-Snow-Cold-768x512.jpg 768w, https:\/\/standuppaddleboardworld.com\/wp-content\/uploads\/2020\/07\/Man-Wetsuit-Snow-Cold.jpg 1200w\" sizes=\"auto, (max-width: 1024px) 100vw, 1024px\" \/><\/figure>\n\n\n\n<p>Quand je parle d&rsquo;\u00e9quilibre, je veux dire que si l&rsquo;un des crit\u00e8res pr\u00e9vaut sur un autre, vous risquez de sacrifier certaines des fonctionnalit\u00e9s de la combinaison. Par exemple, si votre combinaison est renforc\u00e9e au niveau des coutures, elle est plus solide. Et c&rsquo;est super, non ? Il n&rsquo;y a rien de mal \u00e0 avoir une combinaison solide, me direz-vous. Certes, mais, dans ce cas-l\u00e0, il se peut que vous sacrifiez la flexibilit\u00e9 au profit de la solidit\u00e9.  <\/p>\n\n\n\n<p>Quand vous surfez ou faites du paddle, la <strong>flexibilit\u00e9<\/strong> est tr\u00e8s importante pour prendre de la vitesse et man\u0153uvrer dans l&rsquo;eau. Ce n&rsquo;est pas une bonne id\u00e9e d&rsquo;avoir une combinaison qui restreint vos mouvements. <\/p>\n\n\n\n<p><em>Clairement pas ! <\/em>Ce n&rsquo;est pas comme \u00e7a que doit fonctionner une combinaison. <\/p>\n\n\n\n<p>Ceci dit, voici quelques d\u00e9tails sur les quatre principaux crit\u00e8res \u00e0 prendre en compte dans une combinaison. <\/p>\n\n\n\n<figure class=\"wp-block-image size-large\"><img loading=\"lazy\" decoding=\"async\" width=\"1024\" height=\"683\" src=\"https:\/\/standuppaddleboardworld.com\/wp-content\/uploads\/2020\/07\/Man-Wetsuit-Board-Rocks-1024x683.jpg\" alt=\"Man-Wetsuit-Board-Rocks\" class=\"wp-image-14964\" title=\"\" srcset=\"https:\/\/standuppaddleboardworld.com\/wp-content\/uploads\/2020\/07\/Man-Wetsuit-Board-Rocks-1024x683.jpg 1024w, https:\/\/standuppaddleboardworld.com\/wp-content\/uploads\/2020\/07\/Man-Wetsuit-Board-Rocks-300x200.jpg 300w, https:\/\/standuppaddleboardworld.com\/wp-content\/uploads\/2020\/07\/Man-Wetsuit-Board-Rocks-768x512.jpg 768w, https:\/\/standuppaddleboardworld.com\/wp-content\/uploads\/2020\/07\/Man-Wetsuit-Board-Rocks.jpg 1200w\" sizes=\"auto, (max-width: 1024px) 100vw, 1024px\" \/><\/figure>\n\n\n\n<p><strong>Comment fonctionne une combinaison : la chaleur de la combinaison <br><\/strong>La chaleur est l&rsquo;une des principales raisons qui nous conduit \u00e0 acheter une combinaison. Effectivement, si votre combinaison ne vous r\u00e9chauffe pas correctement, \u00e0 quoi bon d\u00e9penser son argent non ? <\/p>\n\n\n\n<p>Logiquement, la chaleur d&rsquo;une combinaison est conditionn\u00e9e par l&rsquo;\u00e9paisseur des mat\u00e9riaux utilis\u00e9s pour la fabriquer. Notamment, le n\u00e9opr\u00e8ne.  Les combinaisons font g\u00e9n\u00e9ralement 3 \u00e0 5 mm d&rsquo;\u00e9paisseur selon le type de mat\u00e9riau. Nous abordons ce sujet plus en d\u00e9tail dans cet article qui explique tout sur \u00ab\u00a0les temp\u00e9ratures d&rsquo;une combinaison\u00a0\u00bb. Les autres facteurs qui contribuent \u00e0 la chaleur, en dehors de l&rsquo;\u00e9paisseur du mat\u00e9riau, sont la construction des coutures, la doublure int\u00e9rieure, le syst\u00e8me d&rsquo;entr\u00e9e et le type sp\u00e9cifique de n\u00e9opr\u00e8ne. <\/p>\n\n\n\n<p><strong>Comment fonctionne une combinaison :<\/strong> <strong>la flexibilit\u00e9 de la combinaison<br><\/strong>La chaleur ou l&rsquo;\u00e9paisseur nous am\u00e8ne \u00e0 la flexibilit\u00e9 de la combinaison. Comme je l&rsquo;ai d\u00e9j\u00e0 mentionn\u00e9, ces deux crit\u00e8res sont \u00e9troitement li\u00e9s car plus la combinaison est \u00e9paisse, moins elle est flexible et vice versa. <\/p>\n\n\n\n<p>En fait, parler de flexibilit\u00e9 revient \u00e0 parler de souplesse. Si votre combinaison est plus flexible, vous \u00eates en mesure d&rsquo;effectuer des man\u0153uvres plus sophistiqu\u00e9es, vous prenez de la vitesse et vous enfilez et enlevez votre combinaison rapidement. Je le r\u00e9p\u00e8te, plus le n\u00e9opr\u00e8ne est \u00e9pais, plus vous sentirez de la r\u00e9sistance en pagayant. <\/p>\n\n\n\n<figure class=\"wp-block-image size-large\"><img loading=\"lazy\" decoding=\"async\" width=\"1024\" height=\"683\" src=\"https:\/\/standuppaddleboardworld.com\/wp-content\/uploads\/2020\/07\/Surf-Action-Wetsuit-1024x683.jpg\" alt=\"Surf-Action-Combinaison\" class=\"wp-image-14965\" title=\"\" srcset=\"https:\/\/standuppaddleboardworld.com\/wp-content\/uploads\/2020\/07\/Surf-Action-Wetsuit-1024x683.jpg 1024w, https:\/\/standuppaddleboardworld.com\/wp-content\/uploads\/2020\/07\/Surf-Action-Wetsuit-300x200.jpg 300w, https:\/\/standuppaddleboardworld.com\/wp-content\/uploads\/2020\/07\/Surf-Action-Wetsuit-768x512.jpg 768w, https:\/\/standuppaddleboardworld.com\/wp-content\/uploads\/2020\/07\/Surf-Action-Wetsuit.jpg 1200w\" sizes=\"auto, (max-width: 1024px) 100vw, 1024px\" \/><\/figure>\n\n\n\n<p><strong>Comment fonctionne une combinaison : la solidit\u00e9 d&rsquo;une combinaison<br><\/strong>La solidit\u00e9, tout comme la chaleur, est \u00e9galement d\u00e9termin\u00e9e par l&rsquo;\u00e9paisseur de la combinaison. En clair, plus la combinaison est \u00e9paisse, plus elle est chaude et solide.  <\/p>\n\n\n\n<p>Personne n&rsquo;a envie de d\u00e9penser une fortune pour une combinaison qui ne va pas durer. C&rsquo;est pourquoi, un autre facteur (en dehors du prix) peut vous aider \u00e0 juger de la solidit\u00e9 d&rsquo;une combinaison : ses coutures. D\u00e9couvrez-en plus \u00e0 ce sujet dans mon <a href=\"https:\/\/standuppaddleboardworld.com\/fr\/wetsuit\/matieres-fabriquer-combinaisons\/\" class=\"rank-math-link\">article sur les mati\u00e8res utilis\u00e9es pour fabriquer les combinaisons<\/a>.  <\/p>\n\n\n\n<p><strong>Comment fonctionne une combinaison : l&rsquo;ajustement de la combinaison<br><\/strong>En dehors de l&rsquo;\u00e9paisseur, l&rsquo;ajustement est un autre facteur ayant un gros impact sur la flexibilit\u00e9 de la combinaison quand on la porte. \u00c0 mon avis, apr\u00e8s avoir essay\u00e9 des centaines de combi dans ma vie, on peut juger de l&rsquo;ajustement d&rsquo;une combinaison au degr\u00e9 de chaleur et d&rsquo;amplitude de mouvement qu&rsquo;elle vous apporte dans l&rsquo;eau. Si elle est trop grande, elle ne vous tient pas chaud, mais si elle est trop petite, le mouvement de vos bras et de vos jambes peut \u00eatre restreint. Cliquez sur le lien <a href=\"https:\/\/standuppaddleboardworld.com\/fr\/wetsuit\/matieres-fabriquer-combinaisons\/\" class=\"rank-math-link\">ici<\/a> pour d\u00e9couvrir tout ce qu&rsquo;il y a \u00e0 savoir sur les mat\u00e9riaux de combinaison et pour un guide sur l&rsquo;ajustement.<\/p>\n","protected":false},"excerpt":{"rendered":"<p>Les combinaisons sont un des \u00e9quipements majeurs du stand up paddle. Si vous avez beaucoup de questions \u00e0 leur sujet, je vous conseille de commencer par les informations basiques incluses dans cet article sur \u00ab\u00a0ce qu&rsquo;est une combinaison\u00a0\u00bb. Allez-y, prenez votre temps&#8230; C&rsquo;est bon ? Ok, regardons en d\u00e9tail pourquoi la combinaison est fabriqu\u00e9e d&rsquo;une [&hellip;]<\/p>\n","protected":false},"author":1,"featured_media":14966,"parent":13228,"menu_order":0,"comment_status":"open","ping_status":"closed","template":"page-templates\/reviews.php","meta":{"_genesis_hide_title":false,"_genesis_hide_breadcrumbs":false,"_genesis_hide_singular_image":false,"_genesis_hide_footer_widgets":false,"_genesis_custom_body_class":"","_genesis_custom_post_class":"","_genesis_layout":"","footnotes":""},"categories":[],"tags":[],"class_list":{"0":"post-14962","1":"page","2":"type-page","3":"status-publish","4":"has-post-thumbnail","6":"entry"},"acf":[],"_links":{"self":[{"href":"https:\/\/standuppaddleboardworld.com\/fr\/wp-json\/wp\/v2\/pages\/14962","targetHints":{"allow":["GET"]}}],"collection":[{"href":"https:\/\/standuppaddleboardworld.com\/fr\/wp-json\/wp\/v2\/pages"}],"about":[{"href":"https:\/\/standuppaddleboardworld.com\/fr\/wp-json\/wp\/v2\/types\/page"}],"author":[{"embeddable":true,"href":"https:\/\/standuppaddleboardworld.com\/fr\/wp-json\/wp\/v2\/users\/1"}],"replies":[{"embeddable":true,"href":"https:\/\/standuppaddleboardworld.com\/fr\/wp-json\/wp\/v2\/comments?post=14962"}],"version-history":[{"count":0,"href":"https:\/\/standuppaddleboardworld.com\/fr\/wp-json\/wp\/v2\/pages\/14962\/revisions"}],"up":[{"embeddable":true,"href":"https:\/\/standuppaddleboardworld.com\/fr\/wp-json\/wp\/v2\/pages\/13228"}],"wp:featuredmedia":[{"embeddable":true,"href":"https:\/\/standuppaddleboardworld.com\/fr\/wp-json\/wp\/v2\/media\/14966"}],"wp:attachment":[{"href":"https:\/\/standuppaddleboardworld.com\/fr\/wp-json\/wp\/v2\/media?parent=14962"}],"wp:term":[{"taxonomy":"category","embeddable":true,"href":"https:\/\/standuppaddleboardworld.com\/fr\/wp-json\/wp\/v2\/categories?post=14962"},{"taxonomy":"post_tag","embeddable":true,"href":"https:\/\/standuppaddleboardworld.com\/fr\/wp-json\/wp\/v2\/tags?post=14962"}],"curies":[{"name":"wp","href":"https:\/\/api.w.org\/{rel}","templated":true}]}}