{"id":14693,"date":"2020-12-07T16:45:31","date_gmt":"2020-12-07T15:45:31","guid":{"rendered":"https:\/\/standuppaddleboardworld.com\/?page_id=14693"},"modified":"2021-03-26T15:20:02","modified_gmt":"2021-03-26T14:20:02","slug":"ou-faire-du-paddle","status":"publish","type":"page","link":"https:\/\/standuppaddleboardworld.com\/fr\/sup\/ou-faire-du-paddle\/","title":{"rendered":"O\u00f9 faire du paddle ?"},"content":{"rendered":"\n<h2 class=\"wp-block-heading\"><span class=\"ez-toc-section\" id=\"Les_meilleurs_endroits_pour_le_paddle\"><\/span>Les meilleurs endroits pour le paddle<span class=\"ez-toc-section-end\"><\/span><\/h2><div id=\"ez-toc-container\" class=\"ez-toc-v2_0_82_2 counter-flat ez-toc-counter ez-toc-custom ez-toc-container-direction\">\n<label for=\"ez-toc-cssicon-toggle-item-69e0e9128f94b\" class=\"ez-toc-cssicon-toggle-label\"><span class=\"\"><span class=\"eztoc-hide\" style=\"display:none;\">Toggle<\/span><span class=\"ez-toc-icon-toggle-span\"><svg style=\"fill: #1a2b49;color:#1a2b49\" xmlns=\"http:\/\/www.w3.org\/2000\/svg\" class=\"list-377408\" width=\"20px\" height=\"20px\" viewBox=\"0 0 24 24\" fill=\"none\"><path d=\"M6 6H4v2h2V6zm14 0H8v2h12V6zM4 11h2v2H4v-2zm16 0H8v2h12v-2zM4 16h2v2H4v-2zm16 0H8v2h12v-2z\" fill=\"currentColor\"><\/path><\/svg><svg style=\"fill: #1a2b49;color:#1a2b49\" class=\"arrow-unsorted-368013\" xmlns=\"http:\/\/www.w3.org\/2000\/svg\" width=\"10px\" height=\"10px\" viewBox=\"0 0 24 24\" version=\"1.2\" baseProfile=\"tiny\"><path d=\"M18.2 9.3l-6.2-6.3-6.2 6.3c-.2.2-.3.4-.3.7s.1.5.3.7c.2.2.4.3.7.3h11c.3 0 .5-.1.7-.3.2-.2.3-.5.3-.7s-.1-.5-.3-.7zM5.8 14.7l6.2 6.3 6.2-6.3c.2-.2.3-.5.3-.7s-.1-.5-.3-.7c-.2-.2-.4-.3-.7-.3h-11c-.3 0-.5.1-.7.3-.2.2-.3.5-.3.7s.1.5.3.7z\"\/><\/svg><\/span><\/span><\/label><input type=\"checkbox\"  id=\"ez-toc-cssicon-toggle-item-69e0e9128f94b\"  aria-label=\"Toggle\" \/><nav><ul class='ez-toc-list ez-toc-list-level-1 ' ><li class='ez-toc-page-1'><a class=\"ez-toc-link ez-toc-heading-1\" href=\"https:\/\/standuppaddleboardworld.com\/fr\/sup\/ou-faire-du-paddle\/#Les_meilleurs_endroits_pour_le_paddle\" >Les meilleurs endroits pour le paddle<\/a><\/li><li class='ez-toc-page-1'><a class=\"ez-toc-link ez-toc-heading-2\" href=\"https:\/\/standuppaddleboardworld.com\/fr\/sup\/ou-faire-du-paddle\/#Other_articles_that_might_be_interesting_to_you\" >Other articles that might be interesting to you<\/a><\/li><li class='ez-toc-page-1'><a class=\"ez-toc-link ez-toc-heading-3\" href=\"https:\/\/standuppaddleboardworld.com\/fr\/sup\/ou-faire-du-paddle\/#Lacs_vs_Oceans\" >Lacs vs. Oc\u00e9ans<\/a><\/li><li class='ez-toc-page-1'><a class=\"ez-toc-link ez-toc-heading-4\" href=\"https:\/\/standuppaddleboardworld.com\/fr\/sup\/ou-faire-du-paddle\/#Le_paddle_sur_un_lac\" >Le paddle sur un lac<\/a><\/li><li class='ez-toc-page-1'><a class=\"ez-toc-link ez-toc-heading-5\" href=\"https:\/\/standuppaddleboardworld.com\/fr\/sup\/ou-faire-du-paddle\/#Le_paddle_sur_les_eaux_ouvertes\" >Le paddle sur les eaux ouvertes<\/a><\/li><li class='ez-toc-page-1'><a class=\"ez-toc-link ez-toc-heading-6\" href=\"https:\/\/standuppaddleboardworld.com\/fr\/sup\/ou-faire-du-paddle\/#Restez_positif\" >Restez positif !<\/a><\/li><li class='ez-toc-page-1'><a class=\"ez-toc-link ez-toc-heading-7\" href=\"https:\/\/standuppaddleboardworld.com\/fr\/sup\/ou-faire-du-paddle\/#Les_paddles_pour_ocean\" >Les paddles pour oc\u00e9an<\/a><\/li><li class='ez-toc-page-1'><a class=\"ez-toc-link ez-toc-heading-8\" href=\"https:\/\/standuppaddleboardworld.com\/fr\/sup\/ou-faire-du-paddle\/#Les_paddles_pour_lac\" >Les paddles pour lac<\/a><\/li><li class='ez-toc-page-1'><a class=\"ez-toc-link ez-toc-heading-9\" href=\"https:\/\/standuppaddleboardworld.com\/fr\/sup\/ou-faire-du-paddle\/#Conclusion_ou_faire_du_paddle\" >Conclusion : o\u00f9 faire du paddle<\/a><\/li><\/ul><\/nav><\/div>\n\n\n\n\n<p>L&rsquo;un des aspects les plus divertissants du paddle est sa diversit\u00e9. Mais savez-vous o\u00f9 faire du paddle ? Vous pouvez faire du paddle sur presque toutes les surfaces aquatiques de la plan\u00e8te, \u00e0 condition d&rsquo;avoir la bonne <strong>exp\u00e9rience<\/strong> et les bons \u00ab\u00a0\u00e9quipements\u00a0\u00bb.<\/p>\n\n\n\n<p>Pour \u00e9viter de nous perdre dans les d\u00e9tails, j&rsquo;aborde plus particuli\u00e8rement les lacs et l&rsquo;oc\u00e9an, \u00e9tant donn\u00e9 que ce sont les endroits les plus couramment utilis\u00e9s pour le paddle. Si vous vous demandez o\u00f9 faire du paddle, chacun ayant ses propres caract\u00e9ristiques, je propose de partager quelques astuces \u00e0 leur sujet. Par\u00e9 ?<\/p>\n\n\n<div class=\"crp-list-container\"><h3 class=\"crp-list-title\"><span class=\"ez-toc-section\" id=\"Other_articles_that_might_be_interesting_to_you\"><\/span>Other articles that might be interesting to you<span class=\"ez-toc-section-end\"><\/span><\/h3><p>None found<\/p><\/div>\n\n\n<figure class=\"wp-block-image size-large\"><img loading=\"lazy\" decoding=\"async\" width=\"1024\" height=\"768\" src=\"https:\/\/standuppaddleboardworld.com\/wp-content\/uploads\/2020\/05\/Paddle-Board-Wetsuit-Man-Action-1024x768.jpg\" alt=\"\" class=\"wp-image-7062\" title=\"\" srcset=\"https:\/\/standuppaddleboardworld.com\/wp-content\/uploads\/2020\/05\/Paddle-Board-Wetsuit-Man-Action-1024x768.jpg 1024w, https:\/\/standuppaddleboardworld.com\/wp-content\/uploads\/2020\/05\/Paddle-Board-Wetsuit-Man-Action-300x225.jpg 300w, https:\/\/standuppaddleboardworld.com\/wp-content\/uploads\/2020\/05\/Paddle-Board-Wetsuit-Man-Action-768x576.jpg 768w, https:\/\/standuppaddleboardworld.com\/wp-content\/uploads\/2020\/05\/Paddle-Board-Wetsuit-Man-Action-702x526.jpg 702w, https:\/\/standuppaddleboardworld.com\/wp-content\/uploads\/2020\/05\/Paddle-Board-Wetsuit-Man-Action.jpg 1280w\" sizes=\"auto, (max-width: 1024px) 100vw, 1024px\" \/><figcaption>Vous pouvez aller sur tous types de surface aquatique si vous savez <a href=\"https:\/\/standuppaddleboardworld.com\/fr\/sup\/comment-faire-du-paddle\/\" class=\"rank-math-link\">comment faire du paddle<\/a> <\/figcaption><\/figure>\n\n\n\n<h1 class=\"wp-block-heading\"><span class=\"ez-toc-section\" id=\"Lacs_vs_Oceans\"><\/span>Lacs vs. Oc\u00e9ans<span class=\"ez-toc-section-end\"><\/span><\/h1>\n\n\n\n<p>Vous voulez conna\u00eetre les bons endroits o\u00f9 faire du paddle ? Si vous \u00eates \u00e0 proximit\u00e9 d&rsquo;un lac, de la mer ou de l&rsquo;oc\u00e9an, c&rsquo;est d\u00e9j\u00e0 un bon d\u00e9but. Toutefois il y a une <strong>diff\u00e9rence significative entre l&rsquo;oc\u00e9an et le lac<\/strong> en mati\u00e8re de paddle. <\/p>\n\n\n\n<p>Tout d&rsquo;abord, les oc\u00e9ans et les mers \u00e9tant des surfaces aquatiques ouvertes, elles restent assez <strong>impr\u00e9visibles<\/strong>, quel que soit le moment de la journ\u00e9e. Les conditions sont principalement <strong>d\u00e9termin\u00e9es par le temps<\/strong> qu&rsquo;il fait, donc en cas de vents forts, il y aura de grosses vagues. Par contre un lac est plut\u00f4t pr\u00e9visible et reste paisible toute la journ\u00e9e. Ce sont les premi\u00e8res diff\u00e9rences \u00e0 conna\u00eetre si vous commencez tout juste le paddle.  <\/p>\n\n\n\n<figure class=\"wp-block-image size-large\"><img loading=\"lazy\" decoding=\"async\" width=\"1024\" height=\"541\" src=\"https:\/\/standuppaddleboardworld.com\/wp-content\/uploads\/2020\/06\/Decathlon-Paddle-Board-Tom-2-1024x541.jpg\" alt=\"Paddle-Decathlon-Tom\" class=\"wp-image-8393\" title=\"\" srcset=\"https:\/\/standuppaddleboardworld.com\/wp-content\/uploads\/2020\/06\/Decathlon-Paddle-Board-Tom-2-1024x541.jpg 1024w, https:\/\/standuppaddleboardworld.com\/wp-content\/uploads\/2020\/06\/Decathlon-Paddle-Board-Tom-2-300x159.jpg 300w, https:\/\/standuppaddleboardworld.com\/wp-content\/uploads\/2020\/06\/Decathlon-Paddle-Board-Tom-2-768x406.jpg 768w, https:\/\/standuppaddleboardworld.com\/wp-content\/uploads\/2020\/06\/Decathlon-Paddle-Board-Tom-2.jpg 1230w\" sizes=\"auto, (max-width: 1024px) 100vw, 1024px\" \/><figcaption>Je fais du paddle surtout sur les lacs, non pas pour les eaux plus calmes mais parce que la mer est trop loin \ud83d\ude09<\/figcaption><\/figure>\n\n\n\n<h2 class=\"wp-block-heading\"><span class=\"ez-toc-section\" id=\"Le_paddle_sur_un_lac\"><\/span>Le paddle sur un lac<span class=\"ez-toc-section-end\"><\/span><\/h2>\n\n\n\n<p>Si j&rsquo;ai choisi le lac comme exemple, c&rsquo;est parce que les techniques et les caract\u00e9ristiques du paddle s&rsquo;appliquent particuli\u00e8rement bien aux surfaces plates. <\/p>\n\n\n\n<p>Toute d&rsquo;abord, la surface \u00e9tant tr\u00e8s paisible, vous n&rsquo;aurez pas de difficult\u00e9s \u00e0 rester en \u00e9quilibre pendant de longues p\u00e9riodes. Les d\u00e9butants ont g\u00e9n\u00e9ralement beaucoup de mal \u00e0 pagayer verticalement tout en restant sur la planche, alors l&rsquo;apprentissage du paddle sur un lac est conseill\u00e9 avant d&rsquo;essayer en mer. <\/p>\n\n\n\n<p>Un autre \u00e9l\u00e9ment important est l&rsquo;absence de mar\u00e9e et de courant qui changent le rythme du pagayage, ce qui aide vraiment quand on d\u00e9bute. Par ailleurs, il n&rsquo;y a aucun vague contre laquelle se battre et pour d\u00e9stabiliser. Toutefois, de nombreux lacs ont tendance a avoir des vents forts l&rsquo;apr\u00e8s-midi, ce qui vous oblige \u00e0 pagayer plus fort. Vous pouvez contourner le probl\u00e8me en contr\u00f4lant la m\u00e9t\u00e9o toute la journ\u00e9e pour sortir quand le temps est au calme.  <\/p>\n\n\n\n<figure class=\"wp-block-image size-large\"><img loading=\"lazy\" decoding=\"async\" width=\"1024\" height=\"768\" src=\"https:\/\/standuppaddleboardworld.com\/wp-content\/uploads\/2020\/06\/How-To-Paddle-Board-Stretch-1024x768.jpg\" alt=\"How-To-Paddle-Board-Stretch\" class=\"wp-image-13026\" title=\"\" srcset=\"https:\/\/standuppaddleboardworld.com\/wp-content\/uploads\/2020\/06\/How-To-Paddle-Board-Stretch-1024x768.jpg 1024w, https:\/\/standuppaddleboardworld.com\/wp-content\/uploads\/2020\/06\/How-To-Paddle-Board-Stretch-300x225.jpg 300w, https:\/\/standuppaddleboardworld.com\/wp-content\/uploads\/2020\/06\/How-To-Paddle-Board-Stretch-768x576.jpg 768w, https:\/\/standuppaddleboardworld.com\/wp-content\/uploads\/2020\/06\/How-To-Paddle-Board-Stretch-702x526.jpg 702w, https:\/\/standuppaddleboardworld.com\/wp-content\/uploads\/2020\/06\/How-To-Paddle-Board-Stretch.jpg 1200w\" sizes=\"auto, (max-width: 1024px) 100vw, 1024px\" \/><figcaption>C&rsquo;est tellement agr\u00e9able et apaisant de pagayer tranquillement sur des eaux calmes<\/figcaption><\/figure>\n\n\n\n<h2 class=\"wp-block-heading\"><span class=\"ez-toc-section\" id=\"Le_paddle_sur_les_eaux_ouvertes\"><\/span>Le paddle sur les eaux ouvertes<span class=\"ez-toc-section-end\"><\/span><\/h2>\n\n\n\n<p>Le paddle sur l&rsquo;oc\u00e9an est clairement beaucoup plus fun, mais si vous avez le luxe de pouvoir choisir, je vous conseille de vous contenter d&rsquo;un lac pour d\u00e9buter. Toutefois, il ne faut pas que \u00e7a vous d\u00e9courage de faire du paddle en mer ou sur l&rsquo;oc\u00e9an si vous en avez l&rsquo;occasion. Il vous faut peut-\u00eatre un peu plus de temps pour ma\u00eetriser la technique, mais une fois que c&rsquo;est le cas, vous est encore plus performant que quelqu&rsquo;un qui a pratiqu\u00e9 uniquement sur un lac. <\/p>\n\n\n\n<p>Les matin\u00e9es sont g\u00e9n\u00e9ralement calmes sur l&rsquo;oc\u00e9an, et les apr\u00e8s-midis plus venteux et agit\u00e9s, vous pouvez donc \u00e9viter le temps probl\u00e9matique et vous y rendre quand il est avantageux. Ceci dit, avec l&rsquo;oc\u00e9an, on n&rsquo;est jamais s\u00fbr, soyez donc pr\u00eat \u00e0 tout changement rapide. Au d\u00e9but, \u00e9vitez d&rsquo;y aller seul, soyez prudent, portez un gilet de sauvetage et une bonne combinaison pour vous garder au chaud, l&rsquo;oc\u00e9an \u00e9tant g\u00e9n\u00e9ralement froid tout l&rsquo;ann\u00e9e.<\/p>\n\n\n\n<p>Pensez aux mar\u00e9es, aux courants et \u00e0 la faune marine, qui peuvent tous affecter d&rsquo;une fa\u00e7on ou d&rsquo;une autre votre exp\u00e9rience de paddle. <\/p>\n\n\n\n<figure class=\"wp-block-image size-large\"><img loading=\"lazy\" decoding=\"async\" width=\"1024\" height=\"698\" src=\"https:\/\/standuppaddleboardworld.com\/wp-content\/uploads\/2020\/02\/Aqua-Marina-Beast-Action-Ocean-1024x698.jpg\" alt=\"Aqua Marina Beast Action sur l&#039;Oc\u00e9an\" class=\"wp-image-2519\" title=\"\" srcset=\"https:\/\/standuppaddleboardworld.com\/wp-content\/uploads\/2020\/02\/Aqua-Marina-Beast-Action-Ocean-1024x698.jpg 1024w, https:\/\/standuppaddleboardworld.com\/wp-content\/uploads\/2020\/02\/Aqua-Marina-Beast-Action-Ocean-300x204.jpg 300w, https:\/\/standuppaddleboardworld.com\/wp-content\/uploads\/2020\/02\/Aqua-Marina-Beast-Action-Ocean-768x523.jpg 768w, https:\/\/standuppaddleboardworld.com\/wp-content\/uploads\/2020\/02\/Aqua-Marina-Beast-Action-Ocean-1536x1047.jpg 1536w, https:\/\/standuppaddleboardworld.com\/wp-content\/uploads\/2020\/02\/Aqua-Marina-Beast-Action-Ocean.jpg 1761w\" sizes=\"auto, (max-width: 1024px) 100vw, 1024px\" \/><figcaption>Le paddle sur l&rsquo;oc\u00e9an n\u00e9cessite un peu plus de comp\u00e9tences (Photo du \u00ab\u00a0Aqua Marina Beast\u00a0\u00bb)<\/figcaption><\/figure>\n\n\n\n<h2 class=\"wp-block-heading\"><span class=\"ez-toc-section\" id=\"Restez_positif\"><\/span>Restez positif !<span class=\"ez-toc-section-end\"><\/span><\/h2>\n\n\n\n<p>Ne laissez pas ces informations vous d\u00e9courager compl\u00e8tement du paddle. Rien ne vaut sa propre exp\u00e9rience. Prenez mes mesures de pr\u00e9caution comme telles, des mesures de pr\u00e9caution. Le reste ne tient qu&rsquo;\u00e0 vous. <\/p>\n\n\n\n<p>Si vous le pouvez, essayez de trouver une baie, au lieu de l&rsquo;oc\u00e9an ouvert. G\u00e9n\u00e9ralement, les baies sont ferm\u00e9es, la surface de l&rsquo;eau y est donc plus calme et les vagues rares. Si vous vous demandez donc o\u00f9 faire du paddle pr\u00e8s de chez vous, trouvez la bais la plus proche et essayez le paddle. Ce sera une exp\u00e9rience g\u00e9niale, je vous le garantis !<\/p>\n\n\n\n<div class=\"wp-block-image\"><figure class=\"aligncenter size-large\"><img loading=\"lazy\" decoding=\"async\" width=\"300\" height=\"309\" src=\"https:\/\/standuppaddleboardworld.com\/wp-content\/uploads\/2020\/06\/Surfing-falling.gif\" alt=\"Chute de surf\" class=\"wp-image-29017\" title=\"\"><figcaption>Apr\u00e8s une chute, relevez-vous et essayez encore !<\/figcaption><\/figure><\/div>\n\n\n\n<h2 class=\"wp-block-heading\"><span class=\"ez-toc-section\" id=\"Les_paddles_pour_ocean\"><\/span>Les paddles pour oc\u00e9an<span class=\"ez-toc-section-end\"><\/span><\/h2>\n\n\n\n<p>Alors qu&rsquo;un paddleur exp\u00e9riment\u00e9 saura ma\u00eetriser toute sorte de surface, quelle que soit planche, et profiter de l&rsquo;exp\u00e9rience, il y a quelques indications \u00e0 suivre \u00e0 propos du type de paddle n\u00e9cessaire pour l&rsquo;oc\u00e9an. <\/p>\n\n\n\n<p>G\u00e9n\u00e9ralement, dans les eaux ouvertes, les planches conseill\u00e9es sont celles les mieux \u00e0 m\u00eame de g\u00e9rer les conditions difficiles dans lesquelles vous vous trouvez.<\/p>\n\n\n\n<p>Voil\u00e0 pourquoi je recommande les paddles de balade (ou<strong> touring SUP<\/strong>). Les paddles de balade sont plus longs et offrent plus de stabilit\u00e9, mais ils ne sont pas trop larges non plus, vous pouvez donc prendre plus de vitesse pour \u00eatre en harmonie avec le flux de l&rsquo;oc\u00e9an. Ces planches ont plus de rocker (courbure) et sont \u00e9quip\u00e9es d&rsquo;une car\u00e8ne \u00e0 d\u00e9placement qui vous donne de la vitesse et vous permet de pagayer de fa\u00e7on efficace et performante contre les vagues. Globalement, la planche de balade vous fournit donc la vitesse n\u00e9cessaire et vous aide g\u00e9n\u00e9ralement \u00e0 mieux maintenir le cap quelles que soient les conditions aquatiques. <\/p>\n\n\n\n<p>Si vous n&rsquo;arrivez pas \u00e0 mettre la main sur une planche de balade, pas de panique, ce n&rsquo;est pas le seule type de planche qui fonctionne bien sur l&rsquo;oc\u00e9an. G\u00e9n\u00e9ralement, les planches gonflables ou \u00e9poxy, comme les SUP surfs et les planches de course, se comportent bien dans les eaux agit\u00e9es et ouvertes. La caract\u00e9ristique la plus importante pour une planche est sa rigidit\u00e9. Pour le paddle dans l&rsquo;oc\u00e9an, la forme et la taille sont moins importantes que la rigidit\u00e9 du mat\u00e9riau. Alors, recherchez une planche \u00e9poxy et offrez-vous une \u00ab\u00a0bonne s\u00e9ance de sport\u00a0\u00bb sur l&rsquo;oc\u00e9an !<\/p>\n\n\n\n<figure class=\"wp-block-image size-large\"><img loading=\"lazy\" decoding=\"async\" width=\"1024\" height=\"358\" src=\"https:\/\/standuppaddleboardworld.com\/wp-content\/uploads\/2020\/05\/Paddle-Board-Wetsuit-1024x358.jpg\" alt=\"Combinaison-Paddle\" class=\"wp-image-15113\" title=\"\" srcset=\"https:\/\/standuppaddleboardworld.com\/wp-content\/uploads\/2020\/05\/Paddle-Board-Wetsuit-1024x358.jpg 1024w, https:\/\/standuppaddleboardworld.com\/wp-content\/uploads\/2020\/05\/Paddle-Board-Wetsuit-300x105.jpg 300w, https:\/\/standuppaddleboardworld.com\/wp-content\/uploads\/2020\/05\/Paddle-Board-Wetsuit-768x269.jpg 768w, https:\/\/standuppaddleboardworld.com\/wp-content\/uploads\/2020\/05\/Paddle-Board-Wetsuit.jpg 1280w\" sizes=\"auto, (max-width: 1024px) 100vw, 1024px\" \/><figcaption>Pratiquez jusqu&rsquo;\u00e0 devenir un vrai pro et prendre toutes les vagues !<\/figcaption><\/figure>\n\n\n\n<h2 class=\"wp-block-heading\"><span class=\"ez-toc-section\" id=\"Les_paddles_pour_lac\"><\/span>Les paddles pour lac<span class=\"ez-toc-section-end\"><\/span><\/h2>\n\n\n\n<p>Les lacs \u00e9tant majoritairement des plans d&rsquo;eau calmes, vous pouvez raisonnablement esp\u00e9rer vous en sortir quel que soit le type de planche. Si vous avez d\u00e9j\u00e0 une planche que vous pensiez utiliser sur un lac, peu importent sa taille, sa forme et sa mati\u00e8re. Par contre, si vous n&rsquo;avez pas encore achet\u00e9 de planche et pr\u00e9voyez plut\u00f4t de faire du paddle sur des lacs, alors les \u00ab\u00a0planches gonflables\u00a0\u00bb <strong>sont  id\u00e9ales<\/strong>. Tout simplement parce qu&rsquo;elles ne prennent pas trop de place, sont faciles \u00e0 transporter et offrent une excellente stabilit\u00e9 et r\u00e9sistance, notamment si vous pr\u00e9voyez \u00e9galement de faire du \u00ab\u00a0yoga\u00a0\u00bb sur le lac. <\/p>\n\n\n\n<h2 class=\"wp-block-heading\"><span class=\"ez-toc-section\" id=\"Conclusion_ou_faire_du_paddle\"><\/span>Conclusion : o\u00f9 faire du paddle<span class=\"ez-toc-section-end\"><\/span><\/h2>\n\n\n\n<p>C&rsquo;\u00e9tait donc un aper\u00e7u des diff\u00e9rences entre le paddle sur un lac et le paddle en eaux ouvertes. Chacun des endroits a des caract\u00e9ristiques propres et formidables une fois le paddle ma\u00eetris\u00e9. Si vous poss\u00e9dez d\u00e9j\u00e0 une planche, n&rsquo;h\u00e9sitez pas \u00e0 l&rsquo;utiliser quel que soit le lac, mais au cas o\u00f9 vous souhaitez en acheter une, alors la gonflable convient mieux aux conditions des lacs et l&rsquo;\u00e9poxy \u00e0 celles de l&rsquo;oc\u00e9an. <strong>Si vous avez de quelconques questions concernant l&rsquo;endroit o\u00f9 faire du paddle ou l&rsquo;achat d&rsquo;une nouvelle planche, n&rsquo;h\u00e9sitez pas \u00e0 laisser un commentaire ci-dessous. Je serai heureux de vous aider.<\/strong><\/p>\n\n\n\n<p><em>Par ailleurs, n&rsquo;h\u00e9sitez pas \u00e0 visiter mes pages <a href=\"https:\/\/www.facebook.com\/Stand-up-Paddle-board-world-108155824075435\/\" class=\"rank-math-link\" target=\"_blank\" rel=\"noopener\">Facebook<\/a> et <a href=\"https:\/\/www.instagram.com\/standuppaddleboardworld\/\" class=\"rank-math-link\" target=\"_blank\" rel=\"noopener\">Instagram<\/a> pour d\u00e9couvrir encore plus d&rsquo;astuces et de recommendations sympa sur les planches et les accessoires.<\/em><\/p>\n","protected":false},"excerpt":{"rendered":"<p>Les meilleurs endroits pour le paddle L&rsquo;un des aspects les plus divertissants du paddle est sa diversit\u00e9. Mais savez-vous o\u00f9 faire du paddle ? Vous pouvez faire du paddle sur presque toutes les surfaces aquatiques de la plan\u00e8te, \u00e0 condition d&rsquo;avoir la bonne exp\u00e9rience et les bons \u00ab\u00a0\u00e9quipements\u00a0\u00bb. Pour \u00e9viter de nous perdre dans les [&hellip;]<\/p>\n","protected":false},"author":1,"featured_media":14695,"parent":13196,"menu_order":0,"comment_status":"open","ping_status":"closed","template":"page-templates\/reviews.php","meta":{"_genesis_hide_title":false,"_genesis_hide_breadcrumbs":false,"_genesis_hide_singular_image":false,"_genesis_hide_footer_widgets":false,"_genesis_custom_body_class":"","_genesis_custom_post_class":"","_genesis_layout":"","footnotes":""},"categories":[],"tags":[],"class_list":{"0":"post-14693","1":"page","2":"type-page","3":"status-publish","4":"has-post-thumbnail","6":"entry"},"acf":[],"_links":{"self":[{"href":"https:\/\/standuppaddleboardworld.com\/fr\/wp-json\/wp\/v2\/pages\/14693","targetHints":{"allow":["GET"]}}],"collection":[{"href":"https:\/\/standuppaddleboardworld.com\/fr\/wp-json\/wp\/v2\/pages"}],"about":[{"href":"https:\/\/standuppaddleboardworld.com\/fr\/wp-json\/wp\/v2\/types\/page"}],"author":[{"embeddable":true,"href":"https:\/\/standuppaddleboardworld.com\/fr\/wp-json\/wp\/v2\/users\/1"}],"replies":[{"embeddable":true,"href":"https:\/\/standuppaddleboardworld.com\/fr\/wp-json\/wp\/v2\/comments?post=14693"}],"version-history":[{"count":0,"href":"https:\/\/standuppaddleboardworld.com\/fr\/wp-json\/wp\/v2\/pages\/14693\/revisions"}],"up":[{"embeddable":true,"href":"https:\/\/standuppaddleboardworld.com\/fr\/wp-json\/wp\/v2\/pages\/13196"}],"wp:featuredmedia":[{"embeddable":true,"href":"https:\/\/standuppaddleboardworld.com\/fr\/wp-json\/wp\/v2\/media\/14695"}],"wp:attachment":[{"href":"https:\/\/standuppaddleboardworld.com\/fr\/wp-json\/wp\/v2\/media?parent=14693"}],"wp:term":[{"taxonomy":"category","embeddable":true,"href":"https:\/\/standuppaddleboardworld.com\/fr\/wp-json\/wp\/v2\/categories?post=14693"},{"taxonomy":"post_tag","embeddable":true,"href":"https:\/\/standuppaddleboardworld.com\/fr\/wp-json\/wp\/v2\/tags?post=14693"}],"curies":[{"name":"wp","href":"https:\/\/api.w.org\/{rel}","templated":true}]}}