{"id":13385,"date":"2020-10-29T14:28:59","date_gmt":"2020-10-29T13:28:59","guid":{"rendered":"https:\/\/standuppaddleboardworld.com\/?page_id=13385"},"modified":"2020-10-29T14:29:00","modified_gmt":"2020-10-29T13:29:00","slug":"comment-laver-une-combinaison","status":"publish","type":"page","link":"https:\/\/standuppaddleboardworld.com\/fr\/combinaisons-de-plongee\/comment-laver-une-combinaison\/","title":{"rendered":"Comment laver une combinaison de plong\u00e9e ?"},"content":{"rendered":"\n<h2 class=\"wp-block-heading\"><span class=\"ez-toc-section\" id=\"Tout_sur_la_facon_de_laver_une_combinaison_de_plongee_et_de_la_garder_propre_et_fraiche\"><\/span>Tout sur la fa\u00e7on de laver une combinaison de plong\u00e9e et de la garder propre et fra\u00eeche<span class=\"ez-toc-section-end\"><\/span><\/h2><div id=\"ez-toc-container\" class=\"ez-toc-v2_0_82_2 counter-flat ez-toc-counter ez-toc-custom ez-toc-container-direction\">\n<label for=\"ez-toc-cssicon-toggle-item-69d6f55710bb1\" class=\"ez-toc-cssicon-toggle-label\"><span class=\"\"><span class=\"eztoc-hide\" style=\"display:none;\">Toggle<\/span><span class=\"ez-toc-icon-toggle-span\"><svg style=\"fill: #1a2b49;color:#1a2b49\" xmlns=\"http:\/\/www.w3.org\/2000\/svg\" class=\"list-377408\" width=\"20px\" height=\"20px\" viewBox=\"0 0 24 24\" fill=\"none\"><path d=\"M6 6H4v2h2V6zm14 0H8v2h12V6zM4 11h2v2H4v-2zm16 0H8v2h12v-2zM4 16h2v2H4v-2zm16 0H8v2h12v-2z\" fill=\"currentColor\"><\/path><\/svg><svg style=\"fill: #1a2b49;color:#1a2b49\" class=\"arrow-unsorted-368013\" xmlns=\"http:\/\/www.w3.org\/2000\/svg\" width=\"10px\" height=\"10px\" viewBox=\"0 0 24 24\" version=\"1.2\" baseProfile=\"tiny\"><path d=\"M18.2 9.3l-6.2-6.3-6.2 6.3c-.2.2-.3.4-.3.7s.1.5.3.7c.2.2.4.3.7.3h11c.3 0 .5-.1.7-.3.2-.2.3-.5.3-.7s-.1-.5-.3-.7zM5.8 14.7l6.2 6.3 6.2-6.3c.2-.2.3-.5.3-.7s-.1-.5-.3-.7c-.2-.2-.4-.3-.7-.3h-11c-.3 0-.5.1-.7.3-.2.2-.3.5-.3.7s.1.5.3.7z\"\/><\/svg><\/span><\/span><\/label><input type=\"checkbox\"  id=\"ez-toc-cssicon-toggle-item-69d6f55710bb1\"  aria-label=\"Toggle\" \/><nav><ul class='ez-toc-list ez-toc-list-level-1 ' ><li class='ez-toc-page-1'><a class=\"ez-toc-link ez-toc-heading-1\" href=\"https:\/\/standuppaddleboardworld.com\/fr\/combinaisons-de-plongee\/comment-laver-une-combinaison\/#Tout_sur_la_facon_de_laver_une_combinaison_de_plongee_et_de_la_garder_propre_et_fraiche\" >Tout sur la fa\u00e7on de laver une combinaison de plong\u00e9e et de la garder propre et fra\u00eeche<\/a><\/li><li class='ez-toc-page-1'><a class=\"ez-toc-link ez-toc-heading-2\" href=\"https:\/\/standuppaddleboardworld.com\/fr\/combinaisons-de-plongee\/comment-laver-une-combinaison\/#Dautres_articles_qui_pourraient_vous_interesser\" >D&#039;autres articles qui pourraient vous int\u00e9resser<\/a><\/li><li class='ez-toc-page-1'><a class=\"ez-toc-link ez-toc-heading-3\" href=\"https:\/\/standuppaddleboardworld.com\/fr\/combinaisons-de-plongee\/comment-laver-une-combinaison\/#Comment_laver_une_combinaison_de_plongee\" >Comment laver une combinaison de plong\u00e9e ?<\/a><\/li><li class='ez-toc-page-1'><a class=\"ez-toc-link ez-toc-heading-4\" href=\"https:\/\/standuppaddleboardworld.com\/fr\/combinaisons-de-plongee\/comment-laver-une-combinaison\/#Comment_prendre_soin_de_votre_combinaison_de_plongee\" >Comment prendre soin de votre combinaison de plong\u00e9e<\/a><\/li><li class='ez-toc-page-1'><a class=\"ez-toc-link ez-toc-heading-5\" href=\"https:\/\/standuppaddleboardworld.com\/fr\/combinaisons-de-plongee\/comment-laver-une-combinaison\/#Comment_laver_une_combinaison_de_plongee_Rincer_et_laver\" >Comment laver une combinaison de plong\u00e9e : Rincer et laver<\/a><\/li><li class='ez-toc-page-1'><a class=\"ez-toc-link ez-toc-heading-6\" href=\"https:\/\/standuppaddleboardworld.com\/fr\/combinaisons-de-plongee\/comment-laver-une-combinaison\/#Shampoing_pour_combinaison\" >Shampoing pour combinaison<\/a><\/li><li class='ez-toc-page-1'><a class=\"ez-toc-link ez-toc-heading-7\" href=\"https:\/\/standuppaddleboardworld.com\/fr\/combinaisons-de-plongee\/comment-laver-une-combinaison\/#Le_sechage\" >Le s\u00e9chage<\/a><\/li><li class='ez-toc-page-1'><a class=\"ez-toc-link ez-toc-heading-8\" href=\"https:\/\/standuppaddleboardworld.com\/fr\/combinaisons-de-plongee\/comment-laver-une-combinaison\/#Stockage_approprie_de_votre_combinaison_de_plongee\" >Stockage appropri\u00e9 de votre combinaison de plong\u00e9e<\/a><\/li><li class='ez-toc-page-1'><a class=\"ez-toc-link ez-toc-heading-9\" href=\"https:\/\/standuppaddleboardworld.com\/fr\/combinaisons-de-plongee\/comment-laver-une-combinaison\/#La_manipulation_de_votre_combinaison\" >La manipulation de votre combinaison<\/a><\/li><li class='ez-toc-page-1'><a class=\"ez-toc-link ez-toc-heading-10\" href=\"https:\/\/standuppaddleboardworld.com\/fr\/combinaisons-de-plongee\/comment-laver-une-combinaison\/#Garanties_des_combinaisons\" >Garanties des combinaisons<\/a><\/li><\/ul><\/nav><\/div>\n\n\n\n\n<p class=\"block-highlight-filled\">En terminant la s\u00e9rie sur la combinaison de plong\u00e9e, nous arrivons maintenant \u00e0 la partie \u00ab\u00a0moins amusante\u00a0\u00bb de l&rsquo;\u00e9quipement de sports nautiques. <strong>Le nettoyage et l&rsquo;entretien correct d&rsquo;une combinaison de plong\u00e9e.<\/strong><br><br>Je veux dire, vous avez pay\u00e9 une bonne somme d\u2019argent pour tout votre \u00e9quipement, alors vous pouvez aussi bien en prendre soin.<br>Parce que laissez-moi vous donner un indice, <em>mieux vous en prendrez soin, plus il durera longtemps et mieux cela vous servira<\/em>. C\u2019est sens\u00e9, non ?<\/p>\n\n\n\n<p>Donc, dans cet esprit, maintenant que vous savez comment fonctionne une combinaison et comment bien la nettoyer, parlons du lavage appropri\u00e9 d&rsquo;une combinaison.<\/p>\n\n\n<div class=\"crp-list-container\"><h3 class=\"crp-list-title\"><span class=\"ez-toc-section\" id=\"Dautres_articles_qui_pourraient_vous_interesser\"><\/span>D&#039;autres articles qui pourraient vous int\u00e9resser<span class=\"ez-toc-section-end\"><\/span><\/h3><ul class=\"crp-list\"><li class=\"crp-list-item crp-list-item-image-left crp-list-item-has-image\"><div class=\"crp-list-item-image\"><a href=\"https:\/\/standuppaddleboardworld.com\/fr\/sup\/comment-faire-du-paddle\/\"><img loading=\"lazy\" decoding=\"async\" data-pin-nopin=\"true\" style=\"max-width: 50px; height: auto;\" width=\"50\" height=\"50\" src=\"https:\/\/standuppaddleboardworld.com\/wp-content\/uploads\/2020\/06\/Tom-Paddle-Boarding-Sitting-H-75x75.jpg\" class=\"attachment-50x50 size-50x50\" alt=\"\" srcset=\"https:\/\/standuppaddleboardworld.com\/wp-content\/uploads\/2020\/06\/Tom-Paddle-Boarding-Sitting-H-75x75.jpg 75w, https:\/\/standuppaddleboardworld.com\/wp-content\/uploads\/2020\/06\/Tom-Paddle-Boarding-Sitting-H-150x150.jpg 150w\" sizes=\"auto, (max-width: 50px) 100vw, 50px\" title=\"\"><\/a><\/div><div class=\"crp-list-item-title\"><a href=\"https:\/\/standuppaddleboardworld.com\/fr\/sup\/comment-faire-du-paddle\/\">Comment faire du paddle<\/a><\/div><\/li><li class=\"crp-list-item crp-list-item-image-left crp-list-item-has-image\"><div class=\"crp-list-item-image\"><a href=\"https:\/\/standuppaddleboardworld.com\/fr\/wetsuit\/combinaison-de-surf\/\"><img loading=\"lazy\" decoding=\"async\" data-pin-nopin=\"true\" style=\"max-width: 50px; height: auto;\" width=\"50\" height=\"50\" src=\"https:\/\/standuppaddleboardworld.com\/wp-content\/uploads\/2020\/07\/what-to-wear-under-a-wetsuit-75x75.jpg\" class=\"attachment-50x50 size-50x50\" alt=\"Que faut-il porter sous une combinaison surf\" srcset=\"https:\/\/standuppaddleboardworld.com\/wp-content\/uploads\/2020\/07\/what-to-wear-under-a-wetsuit-75x75.jpg 75w, https:\/\/standuppaddleboardworld.com\/wp-content\/uploads\/2020\/07\/what-to-wear-under-a-wetsuit-150x150.jpg 150w\" sizes=\"auto, (max-width: 50px) 100vw, 50px\" title=\"\"><\/a><\/div><div class=\"crp-list-item-title\"><a href=\"https:\/\/standuppaddleboardworld.com\/fr\/wetsuit\/combinaison-de-surf\/\">Que faut-il porter sous une combinaison de surf<\/a><\/div><\/li><li class=\"crp-list-item crp-list-item-image-left crp-list-item-has-image\"><div class=\"crp-list-item-image\"><a href=\"https:\/\/standuppaddleboardworld.com\/fr\/wetsuit\/matieres-utilisees-pour-les-combinaisons\/\"><img loading=\"lazy\" decoding=\"async\" data-pin-nopin=\"true\" style=\"max-width: 50px; height: auto;\" width=\"50\" height=\"50\" src=\"https:\/\/standuppaddleboardworld.com\/wp-content\/uploads\/2020\/07\/people-circle-wetsuit-75x75.jpg\" class=\"attachment-50x50 size-50x50\" alt=\"\" srcset=\"https:\/\/standuppaddleboardworld.com\/wp-content\/uploads\/2020\/07\/people-circle-wetsuit-75x75.jpg 75w, https:\/\/standuppaddleboardworld.com\/wp-content\/uploads\/2020\/07\/people-circle-wetsuit-150x150.jpg 150w\" sizes=\"auto, (max-width: 50px) 100vw, 50px\" title=\"\"><\/a><\/div><div class=\"crp-list-item-title\"><a href=\"https:\/\/standuppaddleboardworld.com\/fr\/wetsuit\/matieres-utilisees-pour-les-combinaisons\/\">Quelles sont les mati\u00e8res utilis\u00e9es pour les combinaisons ?<\/a><\/div><\/li><\/ul><\/div>\n\n\n<figure class=\"wp-block-image size-large\"><img loading=\"lazy\" decoding=\"async\" width=\"1024\" height=\"682\" src=\"https:\/\/standuppaddleboardworld.com\/wp-content\/uploads\/2020\/05\/Paddle-Board-Wetsuit-Cold-1024x682.jpg\" alt=\"Une combinaison vous accompagnera dans toutes les conditions m\u00e9t\u00e9orologiques, mais vous devez \u00e9galement en prendre soin.\" class=\"wp-image-7065\" title=\"\" srcset=\"https:\/\/standuppaddleboardworld.com\/wp-content\/uploads\/2020\/05\/Paddle-Board-Wetsuit-Cold-1024x682.jpg 1024w, https:\/\/standuppaddleboardworld.com\/wp-content\/uploads\/2020\/05\/Paddle-Board-Wetsuit-Cold-300x200.jpg 300w, https:\/\/standuppaddleboardworld.com\/wp-content\/uploads\/2020\/05\/Paddle-Board-Wetsuit-Cold-768x512.jpg 768w, https:\/\/standuppaddleboardworld.com\/wp-content\/uploads\/2020\/05\/Paddle-Board-Wetsuit-Cold.jpg 1280w\" sizes=\"auto, (max-width: 1024px) 100vw, 1024px\" \/><figcaption>Une combinaison vous accompagnera dans toutes les conditions m\u00e9t\u00e9orologiques, mais vous devez \u00e9galement en prendre soin.<\/figcaption><\/figure>\n\n\n\n<h1 class=\"wp-block-heading\"><span class=\"ez-toc-section\" id=\"Comment_laver_une_combinaison_de_plongee\"><\/span>Comment laver une combinaison de plong\u00e9e ?<span class=\"ez-toc-section-end\"><\/span><\/h1>\n\n\n\n<p>Les techniques d\u2019entretien pour la dur\u00e9e de vie de votre combinaison sont assez simples et directes.<\/p>\n\n\n\n<p>Bien que le lavage puisse \u00e9liminer la puanteur et lui donner un aspect neuf, apr\u00e8s un certain temps, l&rsquo;usure de la pagaie sur une combinaison de plong\u00e9e peut se voir, et vous pouvez vous retrouver avec une combinaison qui n\u00e9cessite des r\u00e9parations.<\/p>\n\n\n\n<p>Cependant, il n&rsquo;y a pas de quoi s&rsquo;inqui\u00e9ter, car de nombreux magasins offrent aujourd&rsquo;hui des garanties pour les r\u00e9parations effectu\u00e9es rapidement et efficacement, ce qui restaurera votre combinaison et la rendra comme neuve. Et nous parlerons de ces garanties un peu plus tard, pour le moment, restons-en \u00e0 la question de savoir comment laver une combinaison, d&rsquo;accord ?<\/p>\n\n\n\n<h2 class=\"wp-block-heading\"><span class=\"ez-toc-section\" id=\"Comment_prendre_soin_de_votre_combinaison_de_plongee\"><\/span>Comment prendre soin de votre combinaison de plong\u00e9e<span class=\"ez-toc-section-end\"><\/span><\/h2>\n\n\n\n<p>Le nettoyage de la combinaison doit \u00eatre fait apr\u00e8s chaque session de pagayage ou de surf. Surtout si vous l&rsquo;utilisez dans de l&rsquo;eau sal\u00e9e. Si vous ne la lavez pas r\u00e9guli\u00e8rement, l&rsquo;eau l&rsquo;\u00e9rodera avec le temps et provoquera la rupture ou le rel\u00e2chement du mat\u00e9riau \u00e0 certains endroits.<\/p>\n\n\n\n<figure class=\"wp-block-image size-large\"><img loading=\"lazy\" decoding=\"async\" width=\"1024\" height=\"768\" src=\"https:\/\/standuppaddleboardworld.com\/wp-content\/uploads\/2020\/07\/wetsuit-maintenance-1024x768.jpg\" alt=\"laver une combinaison de plong\u00e9e\" class=\"wp-image-13389\" title=\"\" srcset=\"https:\/\/standuppaddleboardworld.com\/wp-content\/uploads\/2020\/07\/wetsuit-maintenance-1024x768.jpg 1024w, https:\/\/standuppaddleboardworld.com\/wp-content\/uploads\/2020\/07\/wetsuit-maintenance-300x225.jpg 300w, https:\/\/standuppaddleboardworld.com\/wp-content\/uploads\/2020\/07\/wetsuit-maintenance-768x576.jpg 768w, https:\/\/standuppaddleboardworld.com\/wp-content\/uploads\/2020\/07\/wetsuit-maintenance-702x526.jpg 702w, https:\/\/standuppaddleboardworld.com\/wp-content\/uploads\/2020\/07\/wetsuit-maintenance.jpg 1280w\" sizes=\"auto, (max-width: 1024px) 100vw, 1024px\" \/><figcaption>laver une combinaison de plong\u00e9e<\/figcaption><\/figure>\n\n\n\n<h3 class=\"wp-block-heading\"><span class=\"ez-toc-section\" id=\"Comment_laver_une_combinaison_de_plongee_Rincer_et_laver\"><\/span>Comment laver une combinaison de plong\u00e9e : Rincer et laver<span class=\"ez-toc-section-end\"><\/span><\/h3>\n\n\n\n<p>Imm\u00e9diatement apr\u00e8s votre s\u00e9ance de pagayage, il est important de bien laver votre combinaison afin que tout r\u00e9sidu d&rsquo;eau soit \u00e9limin\u00e9.<\/p>\n\n\n\n<p>Comment laver une combinaison de plong\u00e9e : Lavez votre combinaison \u00e0 l&rsquo;eau froide ou ti\u00e8de. Ne pas laver \u00e0 l&rsquo;eau chaude ! Celle-ci a tendance \u00e0 s\u00e9cher le n\u00e9opr\u00e8ne avec le temps, ce qui rend la combinaison de moins en moins flexible.<\/p>\n\n\n\n<p>J&rsquo;ai eu le probl\u00e8me pour bien laver la combinaison, car elle est trop grande pour mon lavabo et ne pas avoir de baignoire n&rsquo;aide pas non plus. Donc, j\u2019ai trouv\u00e9 que le nettoyage par jet d\u2019eau dans le jardin avec un tuyaud\u2019arrosage apr\u00e8s chaque s\u00e9ance est super facile et pratique.<\/p>\n\n\n\n<p>Vous pouvez \u00e9galement la mettre sous la douche et la laver comme \u00e7a. J\u2019ai aussi trouv\u00e9 cette fa\u00e7on pratique sans probl\u00e8mes. Quoi que vous fassiez, ne prenez pas l\u2019habitude de laisser s\u00e9cher l\u2019eau sal\u00e9e sur votre combinaison \u00e0 chaque fois. Ceci est dommageable \u00e0 la combinaison et vieillit le n\u00e9opr\u00e8ne en lui enlevant toutes ses propri\u00e9t\u00e9s fonctionnelles.<\/p>\n\n\n\n<figure class=\"wp-block-image size-large\"><img loading=\"lazy\" decoding=\"async\" width=\"1024\" height=\"358\" src=\"https:\/\/standuppaddleboardworld.com\/wp-content\/uploads\/2020\/05\/Paddle-Board-Wetsuit-1024x358.jpg\" alt=\"Paddle-Board-Combinaison\" class=\"wp-image-7052\" title=\"\" srcset=\"https:\/\/standuppaddleboardworld.com\/wp-content\/uploads\/2020\/05\/Paddle-Board-Wetsuit-1024x358.jpg 1024w, https:\/\/standuppaddleboardworld.com\/wp-content\/uploads\/2020\/05\/Paddle-Board-Wetsuit-300x105.jpg 300w, https:\/\/standuppaddleboardworld.com\/wp-content\/uploads\/2020\/05\/Paddle-Board-Wetsuit-768x269.jpg 768w, https:\/\/standuppaddleboardworld.com\/wp-content\/uploads\/2020\/05\/Paddle-Board-Wetsuit.jpg 1280w\" sizes=\"auto, (max-width: 1024px) 100vw, 1024px\" \/><figcaption>Votre combinaison vous prot\u00e9gera m\u00eame des eaux les plus sauvages<\/figcaption><\/figure>\n\n\n\n<h3 class=\"wp-block-heading\"><span class=\"ez-toc-section\" id=\"Shampoing_pour_combinaison\"><\/span>Shampoing pour combinaison<span class=\"ez-toc-section-end\"><\/span><\/h3>\n\n\n\n<p>Les shampooings pour combinaisons ne sont pas destin\u00e9s \u00e0 \u00eatre utilis\u00e9s \u00e0 chaque fois, mais simplement de temps en temps. Si votre combinaison d\u00e9veloppe parfois une puanteur, la laver avec un shampoing permet de l&rsquo;\u00e9viter. Mais m\u00eame si ce n\u2019est pas le cas, je vous sugg\u00e8re de la laver avec un shampoing de temps en temps juste pour \u00e9liminer tous les r\u00e9sidus et bact\u00e9ries.<\/p>\n\n\n\n<p>Pour laver votre combinaison avec un shampoing, vous devez d&rsquo;abord acheter un shampoing sp\u00e9cialement con\u00e7u pour ses mat\u00e9riaux sp\u00e9cifiques. Ensuite, remplissez un seau d&rsquo;eau avec le shampoing, retournez votre combinaison \u00e0 l&rsquo;envers et faites-la tremper pendant 7 \u00e0 10 minutes, remettez-la \u00e0 l\u2019endroit et trempez-la \u00e0 nouveau. Ensuite, rincez abondamment \u00e0 l&rsquo;eau douce pour \u00e9liminer tout le shampoing et vous \u00eates pr\u00eat \u00e0 vous en servir \u00e0 nouveau. J&rsquo;esp\u00e8re maintenant que vous savez comment laver une combinaison, continuons avec le s\u00e9chage.<\/p>\n\n\n\n<figure class=\"wp-block-image size-large\"><img loading=\"lazy\" decoding=\"async\" width=\"1024\" height=\"682\" src=\"https:\/\/standuppaddleboardworld.com\/wp-content\/uploads\/2020\/07\/puppy-wetsuit-shampoo-1024x682.jpg\" alt=\"Comment laver une combinaison : faites-lui un shampoing comme si c\u2019\u00e9tait un petit chiot fragile !\" class=\"wp-image-13388\" title=\"\" srcset=\"https:\/\/standuppaddleboardworld.com\/wp-content\/uploads\/2020\/07\/puppy-wetsuit-shampoo-1024x682.jpg 1024w, https:\/\/standuppaddleboardworld.com\/wp-content\/uploads\/2020\/07\/puppy-wetsuit-shampoo-300x200.jpg 300w, https:\/\/standuppaddleboardworld.com\/wp-content\/uploads\/2020\/07\/puppy-wetsuit-shampoo-768x512.jpg 768w, https:\/\/standuppaddleboardworld.com\/wp-content\/uploads\/2020\/07\/puppy-wetsuit-shampoo.jpg 1280w\" sizes=\"auto, (max-width: 1024px) 100vw, 1024px\" \/><figcaption>Comment laver une combinaison : faites-lui un shampoing comme si c\u2019\u00e9tait un petit chiot fragile !<\/figcaption><\/figure>\n\n\n\n<h3 class=\"wp-block-heading\"><span class=\"ez-toc-section\" id=\"Le_sechage\"><\/span>Le s\u00e9chage<span class=\"ez-toc-section-end\"><\/span><\/h3>\n\n\n\n<p>En ce qui concerne le s\u00e9chage, vous devez le pr\u00e9parer soigneusement. Mettez votre combinaison \u00e0 l&rsquo;envers et procurez-vous un cintre sp\u00e9cifique \u00e0 la combinaison qui ne laissera aucune trace lorsque la combinaison a \u00e9t\u00e9 pendue. Un cintre ordinaire, en revanche, d\u00e9tendra les \u00e9paules d&rsquo;une combinaison, en particulier lors du s\u00e9chage, alors qu&rsquo;elle est encore lourde lorsqu&rsquo;elle est mouill\u00e9e.<\/p>\n\n\n\n<p>Pendant le s\u00e9chage, ne laissez <strong>jamais<\/strong> votre combinaison au soleil. Le contact direct avec le soleil fera vieillir et d\u00e9colorera le n\u00e9opr\u00e8ne de votre combinaison. Vous voyez comment presque tous ces conseils incluent le plus grand soin pour le n\u00e9opr\u00e8ne ? <br><br>C\u2019est parce qu\u2019il fait partie int\u00e9grante de la combinaison pour qu\u2019elle soit bien pr\u00e9serv\u00e9e. Ainsi, elle vous durera plus longtemps. Tout d&rsquo;abord, s\u00e9chez l&rsquo;int\u00e9rieur de la combinaison, puis une fois s\u00e8che, retournez-la \u00e0 l&rsquo;endroit et s\u00e9chez \u00e9galement l&rsquo;ext\u00e9rieur.<\/p>\n\n\n\n<figure class=\"wp-block-image size-large is-resized\"><img loading=\"lazy\" decoding=\"async\" src=\"https:\/\/standuppaddleboardworld.com\/wp-content\/uploads\/2020\/07\/wetsuits-drying-1024x768.jpg\" alt=\"Vous pouvez la laisser s\u00e9cher dehors, mais ne la laissez pas en plein soleil\" class=\"wp-image-12391\" width=\"731\" height=\"548\" title=\"\" srcset=\"https:\/\/standuppaddleboardworld.com\/wp-content\/uploads\/2020\/07\/wetsuits-drying-1024x768.jpg 1024w, https:\/\/standuppaddleboardworld.com\/wp-content\/uploads\/2020\/07\/wetsuits-drying-300x225.jpg 300w, https:\/\/standuppaddleboardworld.com\/wp-content\/uploads\/2020\/07\/wetsuits-drying-768x576.jpg 768w, https:\/\/standuppaddleboardworld.com\/wp-content\/uploads\/2020\/07\/wetsuits-drying-702x526.jpg 702w, https:\/\/standuppaddleboardworld.com\/wp-content\/uploads\/2020\/07\/wetsuits-drying.jpg 1280w\" sizes=\"auto, (max-width: 731px) 100vw, 731px\" \/><figcaption>Vous pouvez la laisser s\u00e9cher dehors, mais ne la laissez pas en plein soleil<\/figcaption><\/figure>\n\n\n\n<h3 class=\"wp-block-heading\"><span class=\"ez-toc-section\" id=\"Stockage_approprie_de_votre_combinaison_de_plongee\"><\/span>Stockage appropri\u00e9 de votre combinaison de plong\u00e9e<span class=\"ez-toc-section-end\"><\/span><\/h3>\n\n\n\n<p>Maintenant que nous avons expliqu\u00e9 comment laver une combinaison de plong\u00e9e, la suspendre et le s\u00e9chage appropri\u00e9, j&rsquo;ai quelques conseils de rangement essentiels \u00e0 garder \u00e0 l&rsquo;esprit.<\/p>\n\n\n\n<p>\u00c0 savoir que le stockage peut prolonger la dur\u00e9e de vie de votre combinaison ou l&rsquo;endommager. Si vous la laissez simplement dans un endroit o\u00f9 les temp\u00e9ratures varient beaucoup entre la chaleur du jour et le froid de la nuit, vous ne rendez pas service \u00e0 votre combinaison en n\u00e9opr\u00e8ne.<\/p>\n\n\n\n<p>Vous devriez laisser votre combinaison dans un endroit a\u00e9r\u00e9 et o\u00f9 la temp\u00e9rature est constante.<\/p>\n\n\n\n<h3 class=\"wp-block-heading\"><span class=\"ez-toc-section\" id=\"La_manipulation_de_votre_combinaison\"><\/span>La manipulation de votre combinaison<span class=\"ez-toc-section-end\"><\/span><\/h3>\n\n\n\n<p>Bien que vous puissiez en lire plus sur la fa\u00e7on de mettre et d&rsquo;enlever correctement votre combinaison avant et apr\u00e8s chaque utilisation dans mon autre article, j&rsquo;ai pens\u00e9 que puisque nous parlions d\u00e9j\u00e0 de soins et d&rsquo;entretien, je pourrais aussi bien vous dire ceci d\u2019important&nbsp;: vous ne devez jamais enlever votre combinaison en utilisant vos ongles ou en tirant trop fort.<\/p>\n\n\n\n<p>Votre combinaison est faite de caoutchouc, ce qui peut ne pas faire la diff\u00e9rence imm\u00e9diatement, mais elle peut \u00eatre endommag\u00e9e avec le temps en la manipulant trop brusquement. Cela vaut particuli\u00e8rement pour les zones plus lisses, comme la poitrine, qui sont g\u00e9n\u00e9ralement recouvertes d&rsquo;une enveloppe douce. Vous devez \u00e9galement vous rappeler qu&rsquo;en tirant trop fort, vous exercez une pression inutile sur les coutures internes qui sont l\u00e0 pour vous prot\u00e9ger de l&rsquo;eau.<\/p>\n\n\n\n<figure class=\"wp-block-image size-large\"><img loading=\"lazy\" decoding=\"async\" width=\"1024\" height=\"679\" src=\"https:\/\/standuppaddleboardworld.com\/wp-content\/uploads\/2020\/05\/Paddle-Board-Wetsuit-Man-1024x679.jpg\" alt=\"Manipulez votre combinaison avec soin, car vous voulez l&#039;utiliser longtemps\" class=\"wp-image-7058\" title=\"\" srcset=\"https:\/\/standuppaddleboardworld.com\/wp-content\/uploads\/2020\/05\/Paddle-Board-Wetsuit-Man-1024x679.jpg 1024w, https:\/\/standuppaddleboardworld.com\/wp-content\/uploads\/2020\/05\/Paddle-Board-Wetsuit-Man-300x199.jpg 300w, https:\/\/standuppaddleboardworld.com\/wp-content\/uploads\/2020\/05\/Paddle-Board-Wetsuit-Man-768x509.jpg 768w, https:\/\/standuppaddleboardworld.com\/wp-content\/uploads\/2020\/05\/Paddle-Board-Wetsuit-Man.jpg 1280w\" sizes=\"auto, (max-width: 1024px) 100vw, 1024px\" \/><figcaption>Manipulez votre combinaison avec soin, car vous voulez l&rsquo;utiliser longtemps<\/figcaption><\/figure>\n\n\n\n<h3 class=\"wp-block-heading\"><span class=\"ez-toc-section\" id=\"Garanties_des_combinaisons\"><\/span>Garanties des combinaisons<span class=\"ez-toc-section-end\"><\/span><\/h3>\n\n\n\n<p class=\"block-conclusion\">Un petit plus pour prendre soin de votre <a href=\"https:\/\/standuppaddleboardworld.com\/fr\/wetsuit\/\" class=\"rank-math-link\">combinaison<\/a>. M\u00eame si vous devez \u00eatre celui qui prend bien soin de votre combinaison, soyez assur\u00e9 que certaines marques en vendent avec une garantie.<br><br>Bien que la dur\u00e9e de la garantie de chaque entreprise soit diff\u00e9rente, vous constaterez que la plupart des marques offrent au moins 6 mois \u00e0 1 an apr\u00e8s l&rsquo;achat de la combinaison.<br><br>Ce qui est g\u00e9nial dans l&rsquo;achat avec garantie, c&rsquo;est que si votre combinaison pr\u00e9sente des d\u00e9fauts de fabrication ou un d\u00e9faut de mat\u00e9riau, elle sera r\u00e9par\u00e9e ou remplac\u00e9e sans frais suppl\u00e9mentaires.<br><br>Toutefois, si vous endommagez votre combinaison en dehors de la p\u00e9riode de garantie, vous pouvez toujours la faire r\u00e9parer \u00e0 un co\u00fbt raisonnable. J&rsquo;ai constat\u00e9 que les r\u00e9parations prennent g\u00e9n\u00e9ralement de 2 \u00e0 3 semaines, selon le degr\u00e9 d&rsquo;occupation du r\u00e9parateur.<\/p>\n","protected":false},"excerpt":{"rendered":"<p>Tout sur la fa\u00e7on de laver une combinaison de plong\u00e9e et de la garder propre et fra\u00eeche En terminant la s\u00e9rie sur la combinaison de plong\u00e9e, nous arrivons maintenant \u00e0 la partie \u00ab\u00a0moins amusante\u00a0\u00bb de l&rsquo;\u00e9quipement de sports nautiques. Le nettoyage et l&rsquo;entretien correct d&rsquo;une combinaison de plong\u00e9e. Je veux dire, vous avez pay\u00e9 une [&hellip;]<\/p>\n","protected":false},"author":1,"featured_media":12391,"parent":13228,"menu_order":0,"comment_status":"open","ping_status":"closed","template":"page-templates\/reviews.php","meta":{"_genesis_hide_title":false,"_genesis_hide_breadcrumbs":false,"_genesis_hide_singular_image":false,"_genesis_hide_footer_widgets":false,"_genesis_custom_body_class":"","_genesis_custom_post_class":"","_genesis_layout":"","footnotes":""},"categories":[],"tags":[],"class_list":{"0":"post-13385","1":"page","2":"type-page","3":"status-publish","4":"has-post-thumbnail","6":"entry"},"acf":[],"_links":{"self":[{"href":"https:\/\/standuppaddleboardworld.com\/fr\/wp-json\/wp\/v2\/pages\/13385","targetHints":{"allow":["GET"]}}],"collection":[{"href":"https:\/\/standuppaddleboardworld.com\/fr\/wp-json\/wp\/v2\/pages"}],"about":[{"href":"https:\/\/standuppaddleboardworld.com\/fr\/wp-json\/wp\/v2\/types\/page"}],"author":[{"embeddable":true,"href":"https:\/\/standuppaddleboardworld.com\/fr\/wp-json\/wp\/v2\/users\/1"}],"replies":[{"embeddable":true,"href":"https:\/\/standuppaddleboardworld.com\/fr\/wp-json\/wp\/v2\/comments?post=13385"}],"version-history":[{"count":0,"href":"https:\/\/standuppaddleboardworld.com\/fr\/wp-json\/wp\/v2\/pages\/13385\/revisions"}],"up":[{"embeddable":true,"href":"https:\/\/standuppaddleboardworld.com\/fr\/wp-json\/wp\/v2\/pages\/13228"}],"wp:featuredmedia":[{"embeddable":true,"href":"https:\/\/standuppaddleboardworld.com\/fr\/wp-json\/wp\/v2\/media\/12391"}],"wp:attachment":[{"href":"https:\/\/standuppaddleboardworld.com\/fr\/wp-json\/wp\/v2\/media?parent=13385"}],"wp:term":[{"taxonomy":"category","embeddable":true,"href":"https:\/\/standuppaddleboardworld.com\/fr\/wp-json\/wp\/v2\/categories?post=13385"},{"taxonomy":"post_tag","embeddable":true,"href":"https:\/\/standuppaddleboardworld.com\/fr\/wp-json\/wp\/v2\/tags?post=13385"}],"curies":[{"name":"wp","href":"https:\/\/api.w.org\/{rel}","templated":true}]}}