{"id":13380,"date":"2020-10-29T14:05:03","date_gmt":"2020-10-29T13:05:03","guid":{"rendered":"https:\/\/standuppaddleboardworld.com\/?page_id=13380"},"modified":"2021-03-26T15:24:08","modified_gmt":"2021-03-26T14:24:08","slug":"taille-des-planches-de-paddle","status":"publish","type":"page","link":"https:\/\/standuppaddleboardworld.com\/fr\/sup\/taille-des-planches-de-paddle\/","title":{"rendered":"Taille des planches de paddle"},"content":{"rendered":"\n<h2 class=\"wp-block-heading\"><span class=\"ez-toc-section\" id=\"Tout_ce_que_vous_devez_savoir_pour_choisir_la_bonne_taille_de_paddle\"><\/span>Tout ce que vous devez savoir pour choisir la bonne taille de paddle<span class=\"ez-toc-section-end\"><\/span><\/h2><div id=\"ez-toc-container\" class=\"ez-toc-v2_0_82_2 counter-flat ez-toc-counter ez-toc-custom ez-toc-container-direction\">\n<label for=\"ez-toc-cssicon-toggle-item-69d26dafb6e5f\" class=\"ez-toc-cssicon-toggle-label\"><span class=\"\"><span class=\"eztoc-hide\" style=\"display:none;\">Toggle<\/span><span class=\"ez-toc-icon-toggle-span\"><svg style=\"fill: #1a2b49;color:#1a2b49\" xmlns=\"http:\/\/www.w3.org\/2000\/svg\" class=\"list-377408\" width=\"20px\" height=\"20px\" viewBox=\"0 0 24 24\" fill=\"none\"><path d=\"M6 6H4v2h2V6zm14 0H8v2h12V6zM4 11h2v2H4v-2zm16 0H8v2h12v-2zM4 16h2v2H4v-2zm16 0H8v2h12v-2z\" fill=\"currentColor\"><\/path><\/svg><svg style=\"fill: #1a2b49;color:#1a2b49\" class=\"arrow-unsorted-368013\" xmlns=\"http:\/\/www.w3.org\/2000\/svg\" width=\"10px\" height=\"10px\" viewBox=\"0 0 24 24\" version=\"1.2\" baseProfile=\"tiny\"><path d=\"M18.2 9.3l-6.2-6.3-6.2 6.3c-.2.2-.3.4-.3.7s.1.5.3.7c.2.2.4.3.7.3h11c.3 0 .5-.1.7-.3.2-.2.3-.5.3-.7s-.1-.5-.3-.7zM5.8 14.7l6.2 6.3 6.2-6.3c.2-.2.3-.5.3-.7s-.1-.5-.3-.7c-.2-.2-.4-.3-.7-.3h-11c-.3 0-.5.1-.7.3-.2.2-.3.5-.3.7s.1.5.3.7z\"\/><\/svg><\/span><\/span><\/label><input type=\"checkbox\"  id=\"ez-toc-cssicon-toggle-item-69d26dafb6e5f\"  aria-label=\"Toggle\" \/><nav><ul class='ez-toc-list ez-toc-list-level-1 ' ><li class='ez-toc-page-1'><a class=\"ez-toc-link ez-toc-heading-1\" href=\"https:\/\/standuppaddleboardworld.com\/fr\/sup\/taille-des-planches-de-paddle\/#Tout_ce_que_vous_devez_savoir_pour_choisir_la_bonne_taille_de_paddle\" >Tout ce que vous devez savoir pour choisir la bonne taille de paddle<\/a><\/li><li class='ez-toc-page-1'><a class=\"ez-toc-link ez-toc-heading-2\" href=\"https:\/\/standuppaddleboardworld.com\/fr\/sup\/taille-des-planches-de-paddle\/#Quelle_taille_de_paddle_dois-je_acheter\" >Quelle taille de paddle dois-je acheter?<\/a><\/li><li class='ez-toc-page-1'><a class=\"ez-toc-link ez-toc-heading-3\" href=\"https:\/\/standuppaddleboardworld.com\/fr\/sup\/taille-des-planches-de-paddle\/#Paddle_board_sizes_by_specific_uses\" >Paddle board sizes by specific uses<\/a><\/li><li class='ez-toc-page-1'><a class=\"ez-toc-link ez-toc-heading-4\" href=\"https:\/\/standuppaddleboardworld.com\/fr\/sup\/taille-des-planches-de-paddle\/#Stabilite_des_planches_gonflables_versus_les_rigides\" >Stabilit\u00e9 des planches gonflables versus les rigides<\/a><\/li><li class='ez-toc-page-1'><a class=\"ez-toc-link ez-toc-heading-5\" href=\"https:\/\/standuppaddleboardworld.com\/fr\/sup\/taille-des-planches-de-paddle\/#Fourchettes_de_tailles_de_paddle_pour_debutants\" >Fourchettes de tailles de paddle pour d\u00e9butants<\/a><\/li><li class='ez-toc-page-1'><a class=\"ez-toc-link ez-toc-heading-6\" href=\"https:\/\/standuppaddleboardworld.com\/fr\/sup\/taille-des-planches-de-paddle\/#Fourchette_de_tailles_de_paddles_pour_les_paddleurs_moyens_a_experimentes\" >Fourchette de tailles de paddles pour les paddleurs moyens \u00e0 exp\u00e9riment\u00e9s<\/a><\/li><li class='ez-toc-page-1'><a class=\"ez-toc-link ez-toc-heading-7\" href=\"https:\/\/standuppaddleboardworld.com\/fr\/sup\/taille-des-planches-de-paddle\/#Conclusion_sur_les_tailles_de_paddle\" >Conclusion sur les tailles de paddle<\/a><\/li><\/ul><\/nav><\/div>\n\n\n\n\n<p>Bienvenue dans l\u2019univers du paddle. Si vous commencez tout juste et vous vous demandez \u201c<em>quelle taille de planche me faut-il ?\u201d<\/em>, vous \u00eates au bon endroit ! C\u2019est le sujet de notre publication aujourd\u2019hui.<\/p>\n\n\n\n<p>Si vous souhaitez <a href=\"https:\/\/standuppaddleboardworld.com\/sup\/how-to-paddle-board\/\">apprendre \u00e0 bien faire du paddle<\/a>, vous devez choisir les dimensions de planche qui correspondent \u00e0 votre taille, votre poids, votre morphologie mais aussi aux activit\u00e9s que vous envisagez de faire. La planche ad\u00e9quate doit \u00eatre suffisamment stable et flottable sans restreindre la vitesse et la souplesse.<\/p>\n\n\n\n<p>Ceci dit, d\u00e9couvrons les dimensions de paddle et quelques informations utiles pour vous.<\/p>\n\n\n\n<figure class=\"wp-block-image size-large\"><img loading=\"lazy\" decoding=\"async\" width=\"1024\" height=\"541\" src=\"https:\/\/standuppaddleboardworld.com\/wp-content\/uploads\/2020\/06\/Bluefin-Cruise-Carbon-Girl-1024x541.jpg\" alt=\"Bluefin-Cruise-Carbon-Fille\" class=\"wp-image-22453\" title=\"\" srcset=\"https:\/\/standuppaddleboardworld.com\/wp-content\/uploads\/2020\/06\/Bluefin-Cruise-Carbon-Girl-1024x541.jpg 1024w, https:\/\/standuppaddleboardworld.com\/wp-content\/uploads\/2020\/06\/Bluefin-Cruise-Carbon-Girl-300x159.jpg 300w, https:\/\/standuppaddleboardworld.com\/wp-content\/uploads\/2020\/06\/Bluefin-Cruise-Carbon-Girl-768x406.jpg 768w, https:\/\/standuppaddleboardworld.com\/wp-content\/uploads\/2020\/06\/Bluefin-Cruise-Carbon-Girl.jpg 1230w\" sizes=\"auto, (max-width: 1024px) 100vw, 1024px\" \/><figcaption>Une planche de 365 cm (12 pieds) de long est super pour une balade sur l\u2019eau<\/figcaption><\/figure>\n\n\n\n<h1 class=\"wp-block-heading\"><span class=\"ez-toc-section\" id=\"Quelle_taille_de_paddle_dois-je_acheter\"><\/span>Quelle taille de paddle dois-je acheter?<span class=\"ez-toc-section-end\"><\/span><\/h1>\n\n\n\n<p>Les dimensions d\u2019une planche de paddle d\u00e9pendent largement de vous et des activit\u00e9s que vous souhaitez pratiquer. Toutefois, en r\u00e8gle g\u00e9n\u00e9rale, votre planche doit mesurer entre 304 cm et 335 cm de long et 81 et 86 cm de large. Si vous \u00eates tout nouveau dans le paddle, je vous sugg\u00e8re de choisir une planche plus large, aux alentours de 86 cm, pour plus de stabilit\u00e9. Mais ne la prenez pas trop large car votre vitesse s\u2019en ressentira et vous pourriez avoir l\u2019impression de vous trainer.<\/p>\n\n\n\n<p>Bien que les dimensions indiqu\u00e9es ci-dessus soient les plus courantes, si vous \u00eates mince et de petite stature, il vaut mieux choisir une planche plus courte pour mieux la contr\u00f4ler. Quelles dimensions de paddle conviennent \u00e0 ma taille alors, me demanderez-vous ? Eh bien, si vous pesez moins de 67 kg ou si vous voulez une planche plus facile \u00e0 transporter et \u00e0 man\u0153uvrer dans l\u2019eau, une planche de 292 cm est une bonne option pour vous.<\/p>\n\n\n\n<p>Pour une tr\u00e8s bonne stabilit\u00e9, une planche de 76&nbsp; \u00e0 81 cm est id\u00e9ale car si vous choisissez plus large, elle sera trop lente pour pagayer. <em>Et o\u00f9 est le fun alors hein ?<\/em><\/p>\n\n\n\n<figure class=\"wp-block-image size-large\"><img loading=\"lazy\" decoding=\"async\" width=\"1024\" height=\"768\" src=\"https:\/\/standuppaddleboardworld.com\/wp-content\/uploads\/2020\/05\/MOAI-10-6-Tom-Paddling-1024x768.jpg\" alt=\"MOAI-10-6-Tom-Paddling\" class=\"wp-image-23396\" title=\"\" srcset=\"https:\/\/standuppaddleboardworld.com\/wp-content\/uploads\/2020\/05\/MOAI-10-6-Tom-Paddling-1024x768.jpg 1024w, https:\/\/standuppaddleboardworld.com\/wp-content\/uploads\/2020\/05\/MOAI-10-6-Tom-Paddling-300x225.jpg 300w, https:\/\/standuppaddleboardworld.com\/wp-content\/uploads\/2020\/05\/MOAI-10-6-Tom-Paddling-768x576.jpg 768w, https:\/\/standuppaddleboardworld.com\/wp-content\/uploads\/2020\/05\/MOAI-10-6-Tom-Paddling-702x526.jpg 702w, https:\/\/standuppaddleboardworld.com\/wp-content\/uploads\/2020\/05\/MOAI-10-6-Tom-Paddling.jpg 1200w\" sizes=\"auto, (max-width: 1024px) 100vw, 1024px\" \/><figcaption>Une planche plus large a le m\u00e9rite de vous apporter plus de stabilit\u00e9 pour vos aventures en paddle<\/figcaption><\/figure>\n\n\n\n<p>Maintenant, pour les aventuriers qui veulent de la vitesse et partir tout schuss d\u00e8s le d\u00e9but, une planche de 384 cm de long et 81 cm de large est le choix optimal. Vous pouvez m\u00eame descendre \u00e0 71 cm de large mais \u00e7a peut \u00eatre un peu instable pour quelqu\u2019un qui commence tout juste et a surtout besoin de stabilit\u00e9. Ces planches sont grandes et stables mais \u00e9galement assez rapides, ce qui les rend parfaites pour de longues balades sur l\u2019eau.&nbsp;<\/p>\n\n\n\n<p>Ceci dit, j\u2019aimerais tout de m\u00eame soulever un probl\u00e8me. Si vous optez pour une planche de 384 cm de long, vous allez sans aucun doute \u00e9norm\u00e9ment vous amuser, mais v\u00e9rifiez bien avant que vous avez d\u2019espace pour la ranger. Par contre, si vous choisissez une planche gonflable, \u00e7a ne pose pas de probl\u00e8me. Les planches gonflables de tr\u00e8s bonne qualit\u00e9 offrent de tr\u00e8s bonnes performances sans souci de stockage. Et c\u2019est quasiment <em><u>la seule<\/u><\/em> diff\u00e9rence entre une planche gonflable et une planche rigide.<\/p>\n\n\n\n<figure class=\"wp-block-image size-large\"><img loading=\"lazy\" decoding=\"async\" width=\"1024\" height=\"431\" src=\"https:\/\/standuppaddleboardworld.com\/wp-content\/uploads\/2020\/06\/MOAI-SUP-Collectie-1-1024x431.jpg\" alt=\"MOAI-SUP-Dimensions des palettes de collecte\" class=\"wp-image-15315\" title=\"\" srcset=\"https:\/\/standuppaddleboardworld.com\/wp-content\/uploads\/2020\/06\/MOAI-SUP-Collectie-1-1024x431.jpg 1024w, https:\/\/standuppaddleboardworld.com\/wp-content\/uploads\/2020\/06\/MOAI-SUP-Collectie-1-300x126.jpg 300w, https:\/\/standuppaddleboardworld.com\/wp-content\/uploads\/2020\/06\/MOAI-SUP-Collectie-1-768x323.jpg 768w, https:\/\/standuppaddleboardworld.com\/wp-content\/uploads\/2020\/06\/MOAI-SUP-Collectie-1-1536x647.jpg 1536w, https:\/\/standuppaddleboardworld.com\/wp-content\/uploads\/2020\/06\/MOAI-SUP-Collectie-1.jpg 1900w\" sizes=\"auto, (max-width: 1024px) 100vw, 1024px\" \/><figcaption>Quelle taille de paddle pr\u00e9f\u00e9rez-vous pour vos aventures en paddle<\/figcaption><\/figure>\n\n\n\n<h2 class=\"wp-block-heading\"><span class=\"ez-toc-section\" id=\"Paddle_board_sizes_by_specific_uses\"><\/span>Paddle board sizes by specific uses<span class=\"ez-toc-section-end\"><\/span><\/h2>\n\n\n\n<p>Si vous pensiez que j\u2019avais tout dit sur les tailles de paddle, oh que non, je ne vais pas vous abandonner si vite ! Apr\u00e8s tout, mieux vous \u00eates inform\u00e9, meilleure sera la d\u00e9cision d\u2019achat de votre premier paddle.<\/p>\n\n\n\n<p>Par exemple, si vous faites du paddle en eaux vives ou dans un torrent, une planche de 91 cm de large convient mais est trop large pour du paddle plus classique. Vous devrez aller chercher loin devant pour un coup vertical et serez plus lent que n\u00e9cessaire.<\/p>\n\n\n\n<p>Si vous voulez une planche con\u00e7ue pour surfer, il vous faut alors une planche plus courte d\u2019environ 274 cm. Toutefois, gardez \u00e0 l\u2019esprit que plus la planche est courte, \u00e9troite et fine, moins elle est stable pour du paddle classique.<\/p>\n\n\n\n<figure class=\"wp-block-image size-large\"><img loading=\"lazy\" decoding=\"async\" width=\"1024\" height=\"683\" src=\"https:\/\/standuppaddleboardworld.com\/wp-content\/uploads\/2020\/01\/FanaticFlyAirReviewGuyActionWaves-1024x683.jpg\" alt=\"FanaticFlyAirReviewGuyActionWaves\" class=\"wp-image-1936\" title=\"\" srcset=\"https:\/\/standuppaddleboardworld.com\/wp-content\/uploads\/2020\/01\/FanaticFlyAirReviewGuyActionWaves-1024x683.jpg 1024w, https:\/\/standuppaddleboardworld.com\/wp-content\/uploads\/2020\/01\/FanaticFlyAirReviewGuyActionWaves-300x200.jpg 300w, https:\/\/standuppaddleboardworld.com\/wp-content\/uploads\/2020\/01\/FanaticFlyAirReviewGuyActionWaves-768x512.jpg 768w, https:\/\/standuppaddleboardworld.com\/wp-content\/uploads\/2020\/01\/FanaticFlyAirReviewGuyActionWaves-1536x1024.jpg 1536w, https:\/\/standuppaddleboardworld.com\/wp-content\/uploads\/2020\/01\/FanaticFlyAirReviewGuyActionWaves.jpg 1750w\" sizes=\"auto, (max-width: 1024px) 100vw, 1024px\" \/><figcaption>Pouvez-vous vous imaginer surfer les vagues avec votre paddle ? (Photo de Fanatic Fly Air)<\/figcaption><\/figure>\n\n\n\n<h2 class=\"wp-block-heading\"><span class=\"ez-toc-section\" id=\"Stabilite_des_planches_gonflables_versus_les_rigides\"><\/span>Stabilit\u00e9 des planches gonflables versus les rigides<span class=\"ez-toc-section-end\"><\/span><\/h2>\n\n\n\n<p>Du fait de leur construction, les planches gonflables offrent un l\u00e9ger avantage sur les planches dures en mati\u00e8re de stabilit\u00e9. \u00c9tant gonfl\u00e9es, leur \u00e9paisseur est uniforme sur toute la surface de la planche. \u00c7a les rend plus stables, m\u00eame en comparaison avec les planches rigides de m\u00eame taille, et donc particuli\u00e8rement int\u00e9ressantes pour les d\u00e9butants.&nbsp;<\/p>\n\n\n\n<p>En effet, les planches rigides sont all\u00e9g\u00e9es afin de les optimiser pour des activit\u00e9s de vitesse et de surf. Bien qu\u2019elles offrent de meilleures performances pour les paddleurs exp\u00e9riment\u00e9s, elles ne sont pas aussi stables pour les d\u00e9butants.<\/p>\n\n\n\n<figure class=\"wp-block-image size-large\"><img loading=\"lazy\" decoding=\"async\" width=\"972\" height=\"809\" src=\"https:\/\/standuppaddleboardworld.com\/wp-content\/uploads\/2020\/06\/Isle-Megalodon-Group.jpg\" alt=\"Isle-Megalodon-Groupe\" class=\"wp-image-35868\" title=\"\" srcset=\"https:\/\/standuppaddleboardworld.com\/wp-content\/uploads\/2020\/06\/Isle-Megalodon-Group.jpg 972w, https:\/\/standuppaddleboardworld.com\/wp-content\/uploads\/2020\/06\/Isle-Megalodon-Group-300x250.jpg 300w, https:\/\/standuppaddleboardworld.com\/wp-content\/uploads\/2020\/06\/Isle-Megalodon-Group-768x639.jpg 768w\" sizes=\"auto, (max-width: 972px) 100vw, 972px\" \/><figcaption>Croyez-vous qu\u2019il soit possible de trouver un paddle encore plus stable !? (Photo de Isle Megalodon)<\/figcaption><\/figure>\n\n\n\n<p>Un autre aspect qui joue sur la stabilit\u00e9 et les performances des planches est l\u2019\u00e9paisseur. La plupart des paddleurs ont int\u00e9r\u00eat \u00e0 choisir une planche de 12 \u00e0 15 cm d\u2019\u00e9paisseur. Mais si vous faites plus de 100 kg, envisagez d\u2019en prendre une de 15 cm parce qu\u2019elle peut porter plus de volume et sera donc plus stable sur l\u2019eau.<\/p>\n\n\n\n<p>Ceci dit, il existe bien d\u2019autres variables ayant un impact sur les performances d\u2019une planche en dehors de la longueur, de la largeur ou des \u00e9quipements suppl\u00e9mentaires que vous y ajoutez. J\u2019ai malgr\u00e9 tout construit un tableau r\u00e9capitulatif qui vous aidera \u00e0 choisir la taille de votre premi\u00e8re planche et \u00e0 \u00e9viter les erreurs.<\/p>\n\n\n\n<p>Utilisez cette fourchette de tailles de paddles pour une planche polyvalente qui sera stable et fiable et qui vous permettra d\u2019apprendre facilement le paddle. Avec le temps, et une fois les techniques ma\u00eetris\u00e9es, vous pouvez faire \u00e9voluer votre planche avec des \u00e9quipements additionnels ou en acheter une autre ax\u00e9e sur les performances plut\u00f4t que juste la stabilit\u00e9.<\/p>\n\n\n\n<figure class=\"wp-block-image size-large\"><img loading=\"lazy\" decoding=\"async\" width=\"1024\" height=\"768\" src=\"https:\/\/standuppaddleboardworld.com\/wp-content\/uploads\/2020\/06\/Bluefin-Cruise-Kayak-Seat-Action-Girl-1024x768.jpg\" alt=\"Bluefin-Cruise\" class=\"wp-image-18318\" title=\"\" srcset=\"https:\/\/standuppaddleboardworld.com\/wp-content\/uploads\/2020\/06\/Bluefin-Cruise-Kayak-Seat-Action-Girl-1024x768.jpg 1024w, https:\/\/standuppaddleboardworld.com\/wp-content\/uploads\/2020\/06\/Bluefin-Cruise-Kayak-Seat-Action-Girl-300x225.jpg 300w, https:\/\/standuppaddleboardworld.com\/wp-content\/uploads\/2020\/06\/Bluefin-Cruise-Kayak-Seat-Action-Girl-768x576.jpg 768w, https:\/\/standuppaddleboardworld.com\/wp-content\/uploads\/2020\/06\/Bluefin-Cruise-Kayak-Seat-Action-Girl-702x526.jpg 702w, https:\/\/standuppaddleboardworld.com\/wp-content\/uploads\/2020\/06\/Bluefin-Cruise-Kayak-Seat-Action-Girl.jpg 1200w\" sizes=\"auto, (max-width: 1024px) 100vw, 1024px\" \/><figcaption>Les d\u00e9butants peuvent aussi rester assis et pagayer pour \u00eatre s\u00fbr de garder leur \u00e9quilibre<\/figcaption><\/figure>\n\n\n\n<h2 class=\"wp-block-heading\"><span class=\"ez-toc-section\" id=\"Fourchettes_de_tailles_de_paddle_pour_debutants\"><\/span>Fourchettes de tailles de paddle pour d\u00e9butants<span class=\"ez-toc-section-end\"><\/span><\/h2>\n\n\n\n<figure class=\"wp-block-image size-large\"><img loading=\"lazy\" decoding=\"async\" width=\"871\" height=\"279\" src=\"https:\/\/standuppaddleboardworld.com\/wp-content\/uploads\/2020\/06\/paddle-board-sizing-beginners.png\" alt=\"paddle-board-sizing-beginners\" class=\"wp-image-13383\" title=\"\" srcset=\"https:\/\/standuppaddleboardworld.com\/wp-content\/uploads\/2020\/06\/paddle-board-sizing-beginners.png 871w, https:\/\/standuppaddleboardworld.com\/wp-content\/uploads\/2020\/06\/paddle-board-sizing-beginners-300x96.png 300w, https:\/\/standuppaddleboardworld.com\/wp-content\/uploads\/2020\/06\/paddle-board-sizing-beginners-768x246.png 768w\" sizes=\"auto, (max-width: 871px) 100vw, 871px\" \/><\/figure>\n\n\n\n<p>Ce tableau fournit une bonne id\u00e9e de la fourchette de planches polyvalentes pour ceux qui commencent tout juste le paddle, mais si vous \u00eates un paddleur exp\u00e9riment\u00e9, les dimensions sont diff\u00e9rentes. Voici celles que je conseille dans ce cas-l\u00e0 :<\/p>\n\n\n\n<h2 class=\"wp-block-heading\"><span class=\"ez-toc-section\" id=\"Fourchette_de_tailles_de_paddles_pour_les_paddleurs_moyens_a_experimentes\"><\/span>Fourchette de tailles de paddles pour les paddleurs moyens \u00e0 exp\u00e9riment\u00e9s<span class=\"ez-toc-section-end\"><\/span><\/h2>\n\n\n\n<figure class=\"wp-block-image size-large\"><img loading=\"lazy\" decoding=\"async\" width=\"870\" height=\"280\" src=\"https:\/\/standuppaddleboardworld.com\/wp-content\/uploads\/2020\/06\/paddle-board-sizing-advanced.png\" alt=\"paddle-board-sizing-advanced\" class=\"wp-image-13382\" title=\"\" srcset=\"https:\/\/standuppaddleboardworld.com\/wp-content\/uploads\/2020\/06\/paddle-board-sizing-advanced.png 870w, https:\/\/standuppaddleboardworld.com\/wp-content\/uploads\/2020\/06\/paddle-board-sizing-advanced-300x97.png 300w, https:\/\/standuppaddleboardworld.com\/wp-content\/uploads\/2020\/06\/paddle-board-sizing-advanced-768x247.png 768w\" sizes=\"auto, (max-width: 870px) 100vw, 870px\" \/><\/figure>\n\n\n\n<p>Au fur \u00e0 mesure que vous progressez en paddle, ce deuxi\u00e8me tableau devient lui aussi obsol\u00e8te car les paddleurs pro choisissent leurs planches en fonction de leurs performances sp\u00e9cifiques et non plus en fonction de leurs dimensions.<\/p>\n\n\n\n<p>En cons\u00e9quence, bien que ce deuxi\u00e8me tableau soit pertinent pour des paddleurs exp\u00e9riment\u00e9s, il se r\u00e9f\u00e8re \u00e0 des planches de paddle polyvalentes et non pas \u00e0 des performances sp\u00e9cifiques. Par exemple, si vous voulez surfer ou faire du paddle en eaux-vives, les tailles des planches peuvent varier.<\/p>\n\n\n\n<p>Ceci dit, vous constaterez que la longueur dans les deux tableaux ne diff\u00e8re pas entre les d\u00e9butants et les paddleurs exp\u00e9riment\u00e9s. Plut\u00f4t que d\u2019associer la longueur au poids du paddleur, cette mesure d\u00e9pend principalement :<\/p>\n\n\n\n<ul class=\"list-styled wp-block-list\"><li>De l\u2019activit\u00e9 sp\u00e9cifique que vous envisagez de pratiquer avec votre paddle<\/li><li>Des conditions dans lesquelles vous utilisez votre planche (force de l\u2019eau et du vent)<\/li><li>De votre taille et port\u00e9e<\/li><li>De si vous faites du paddle seul ou accompagn\u00e9 de votre enfant\/animal de compagnie \u00e0 bord<\/li><\/ul>\n\n\n\n<figure class=\"wp-block-image size-large\"><img loading=\"lazy\" decoding=\"async\" width=\"1024\" height=\"768\" src=\"https:\/\/standuppaddleboardworld.com\/wp-content\/uploads\/2019\/12\/BlackfinModelXGirlDog-1024x768.jpg\" alt=\"BlackfinModelXFilleChien\" class=\"wp-image-590\" title=\"\" srcset=\"https:\/\/standuppaddleboardworld.com\/wp-content\/uploads\/2019\/12\/BlackfinModelXGirlDog-1024x768.jpg 1024w, https:\/\/standuppaddleboardworld.com\/wp-content\/uploads\/2019\/12\/BlackfinModelXGirlDog-300x225.jpg 300w, https:\/\/standuppaddleboardworld.com\/wp-content\/uploads\/2019\/12\/BlackfinModelXGirlDog-768x576.jpg 768w, https:\/\/standuppaddleboardworld.com\/wp-content\/uploads\/2019\/12\/BlackfinModelXGirlDog-702x526.jpg 702w, https:\/\/standuppaddleboardworld.com\/wp-content\/uploads\/2019\/12\/BlackfinModelXGirlDog.jpg 1440w\" sizes=\"auto, (max-width: 1024px) 100vw, 1024px\" \/><figcaption>Paddleuse et son chien sur le Blackfin Model X<\/figcaption><\/figure>\n\n\n\n<h2 class=\"wp-block-heading\"><span class=\"ez-toc-section\" id=\"Conclusion_sur_les_tailles_de_paddle\"><\/span>Conclusion sur les tailles de paddle<span class=\"ez-toc-section-end\"><\/span><\/h2>\n\n\n\n<p class=\"block-conclusion\">J\u2019esp\u00e8re que ces informations vous ont fourni une compr\u00e9hension basique et permis d\u2019y voir un peu plus clair sur la taille de paddle dont vous avez besoin, mais il existe d\u2019autres informations \u00e0 conna\u00eetre, comme les accessoires et \u00e9quipements et autres indicateurs de performances, qui peuvent vous aider \u00e0 affiner les options.<br><br>Vous trouverez tout ce dont vous avez besoin de savoir dans les autres publications sur les planches et le paddle en g\u00e9n\u00e9ral, alors n\u2019h\u00e9sitez pas \u00e0 y jeter un coup d\u2019\u0153il tant que vous y \u00eates. Si vous avez des questions ou doutes concernant les dimensions des paddles ou le paddle en g\u00e9n\u00e9ral, contactez-nous. Je vous aiderai avec plaisir.<br><br><em>\u00c0 ce propos, n\u2019oubliez pas de visiter ma page <\/em><a href=\"https:\/\/www.facebook.com\/Stand-up-Paddle-board-world-108155824075435\/\" target=\"_blank\" rel=\"noopener\"><em>Facebook<\/em><\/a><em> et <\/em><a href=\"https:\/\/www.instagram.com\/standuppaddleboardworld\/\" target=\"_blank\" rel=\"noopener\"><em>Instagram<\/em><\/a><em> pour d\u00e9couvrir d\u2019autres astuces et recommandations sympa relatives au paddle et aux accessoires.<\/em><\/p>\n","protected":false},"excerpt":{"rendered":"<p>Tout ce que vous devez savoir pour choisir la bonne taille de paddle Bienvenue dans l\u2019univers du paddle. Si vous commencez tout juste et vous vous demandez \u201cquelle taille de planche me faut-il ?\u201d, vous \u00eates au bon endroit ! C\u2019est le sujet de notre publication aujourd\u2019hui. Si vous souhaitez apprendre \u00e0 bien faire du [&hellip;]<\/p>\n","protected":false},"author":1,"featured_media":13384,"parent":13196,"menu_order":0,"comment_status":"open","ping_status":"closed","template":"page-templates\/reviews.php","meta":{"_genesis_hide_title":false,"_genesis_hide_breadcrumbs":false,"_genesis_hide_singular_image":false,"_genesis_hide_footer_widgets":false,"_genesis_custom_body_class":"","_genesis_custom_post_class":"","_genesis_layout":"","footnotes":""},"categories":[],"tags":[],"class_list":{"0":"post-13380","1":"page","2":"type-page","3":"status-publish","4":"has-post-thumbnail","6":"entry"},"acf":[],"_links":{"self":[{"href":"https:\/\/standuppaddleboardworld.com\/fr\/wp-json\/wp\/v2\/pages\/13380","targetHints":{"allow":["GET"]}}],"collection":[{"href":"https:\/\/standuppaddleboardworld.com\/fr\/wp-json\/wp\/v2\/pages"}],"about":[{"href":"https:\/\/standuppaddleboardworld.com\/fr\/wp-json\/wp\/v2\/types\/page"}],"author":[{"embeddable":true,"href":"https:\/\/standuppaddleboardworld.com\/fr\/wp-json\/wp\/v2\/users\/1"}],"replies":[{"embeddable":true,"href":"https:\/\/standuppaddleboardworld.com\/fr\/wp-json\/wp\/v2\/comments?post=13380"}],"version-history":[{"count":0,"href":"https:\/\/standuppaddleboardworld.com\/fr\/wp-json\/wp\/v2\/pages\/13380\/revisions"}],"up":[{"embeddable":true,"href":"https:\/\/standuppaddleboardworld.com\/fr\/wp-json\/wp\/v2\/pages\/13196"}],"wp:featuredmedia":[{"embeddable":true,"href":"https:\/\/standuppaddleboardworld.com\/fr\/wp-json\/wp\/v2\/media\/13384"}],"wp:attachment":[{"href":"https:\/\/standuppaddleboardworld.com\/fr\/wp-json\/wp\/v2\/media?parent=13380"}],"wp:term":[{"taxonomy":"category","embeddable":true,"href":"https:\/\/standuppaddleboardworld.com\/fr\/wp-json\/wp\/v2\/categories?post=13380"},{"taxonomy":"post_tag","embeddable":true,"href":"https:\/\/standuppaddleboardworld.com\/fr\/wp-json\/wp\/v2\/tags?post=13380"}],"curies":[{"name":"wp","href":"https:\/\/api.w.org\/{rel}","templated":true}]}}