{"id":13241,"date":"2020-12-07T17:02:29","date_gmt":"2020-12-07T16:02:29","guid":{"rendered":"https:\/\/standuppaddleboardworld.com\/?page_id=13241"},"modified":"2021-12-07T16:58:33","modified_gmt":"2021-12-07T15:58:33","slug":"transporter-un-paddle","status":"publish","type":"page","link":"https:\/\/standuppaddleboardworld.com\/fr\/sup\/transporter-un-paddle\/","title":{"rendered":"Transporter un paddle : le meilleur moyen de d\u00e9placer votre planche"},"content":{"rendered":"\n<h2 class=\"wp-block-heading\"><span class=\"ez-toc-section\" id=\"Transporter_un_paddle_et_le_deplacer_sans_labimer\"><\/span>Transporter un paddle et le d\u00e9placer sans l&rsquo;ab\u00eemer<span class=\"ez-toc-section-end\"><\/span><\/h2><div id=\"ez-toc-container\" class=\"ez-toc-v2_0_82_2 counter-flat ez-toc-counter ez-toc-custom ez-toc-container-direction\">\n<label for=\"ez-toc-cssicon-toggle-item-69e13081a4d57\" class=\"ez-toc-cssicon-toggle-label\"><span class=\"\"><span class=\"eztoc-hide\" style=\"display:none;\">Toggle<\/span><span class=\"ez-toc-icon-toggle-span\"><svg style=\"fill: #1a2b49;color:#1a2b49\" xmlns=\"http:\/\/www.w3.org\/2000\/svg\" class=\"list-377408\" width=\"20px\" height=\"20px\" viewBox=\"0 0 24 24\" fill=\"none\"><path d=\"M6 6H4v2h2V6zm14 0H8v2h12V6zM4 11h2v2H4v-2zm16 0H8v2h12v-2zM4 16h2v2H4v-2zm16 0H8v2h12v-2z\" fill=\"currentColor\"><\/path><\/svg><svg style=\"fill: #1a2b49;color:#1a2b49\" class=\"arrow-unsorted-368013\" xmlns=\"http:\/\/www.w3.org\/2000\/svg\" width=\"10px\" height=\"10px\" viewBox=\"0 0 24 24\" version=\"1.2\" baseProfile=\"tiny\"><path d=\"M18.2 9.3l-6.2-6.3-6.2 6.3c-.2.2-.3.4-.3.7s.1.5.3.7c.2.2.4.3.7.3h11c.3 0 .5-.1.7-.3.2-.2.3-.5.3-.7s-.1-.5-.3-.7zM5.8 14.7l6.2 6.3 6.2-6.3c.2-.2.3-.5.3-.7s-.1-.5-.3-.7c-.2-.2-.4-.3-.7-.3h-11c-.3 0-.5.1-.7.3-.2.2-.3.5-.3.7s.1.5.3.7z\"\/><\/svg><\/span><\/span><\/label><input type=\"checkbox\"  id=\"ez-toc-cssicon-toggle-item-69e13081a4d57\"  aria-label=\"Toggle\" \/><nav><ul class='ez-toc-list ez-toc-list-level-1 ' ><li class='ez-toc-page-1'><a class=\"ez-toc-link ez-toc-heading-1\" href=\"https:\/\/standuppaddleboardworld.com\/fr\/sup\/transporter-un-paddle\/#Transporter_un_paddle_et_le_deplacer_sans_labimer\" >Transporter un paddle et le d\u00e9placer sans l&rsquo;ab\u00eemer<\/a><\/li><li class='ez-toc-page-1'><a class=\"ez-toc-link ez-toc-heading-2\" href=\"https:\/\/standuppaddleboardworld.com\/fr\/sup\/transporter-un-paddle\/#Transporter_un_paddle_correctement\" >Transporter un paddle correctement<\/a><\/li><li class='ez-toc-page-1'><a class=\"ez-toc-link ez-toc-heading-3\" href=\"https:\/\/standuppaddleboardworld.com\/fr\/sup\/transporter-un-paddle\/#Comment_mettre_un_SUP_sur_un_vehicule\" >Comment mettre un SUP sur un v\u00e9hicule<\/a><\/li><li class='ez-toc-page-1'><a class=\"ez-toc-link ez-toc-heading-4\" href=\"https:\/\/standuppaddleboardworld.com\/fr\/sup\/transporter-un-paddle\/#Vous_la_soulevez_tout_seul_Voici_quelques_conseils\" >Vous la soulevez tout seul ? Voici quelques conseils :<\/a><\/li><li class='ez-toc-page-1'><a class=\"ez-toc-link ez-toc-heading-5\" href=\"https:\/\/standuppaddleboardworld.com\/fr\/sup\/transporter-un-paddle\/#Other_articles_that_might_be_interesting_to_you\" >Other articles that might be interesting to you<\/a><\/li><li class='ez-toc-page-1'><a class=\"ez-toc-link ez-toc-heading-6\" href=\"https:\/\/standuppaddleboardworld.com\/fr\/sup\/transporter-un-paddle\/#Conseils_supplementaires_pour_transporter_votre_paddle\" >Conseils suppl\u00e9mentaires pour transporter votre paddle<\/a><\/li><li class='ez-toc-page-1'><a class=\"ez-toc-link ez-toc-heading-7\" href=\"https:\/\/standuppaddleboardworld.com\/fr\/sup\/transporter-un-paddle\/#Comment_sangler_un_SUP\" >Comment sangler un SUP<\/a><\/li><li class='ez-toc-page-1'><a class=\"ez-toc-link ez-toc-heading-8\" href=\"https:\/\/standuppaddleboardworld.com\/fr\/sup\/transporter-un-paddle\/#Autres_conseils_pour_sangler_votre_SUP\" >Autres conseils pour sangler votre SUP :<\/a><\/li><\/ul><\/nav><\/div>\n\n\n\n\n<p>Quelle que soit votre force, avec leurs 90 cm de large et plus de 3 m\u00e8tres de longueur, les paddles peuvent \u00eatre compliqu\u00e9s \u00e0 d\u00e9placer. Si vous vous demandez comment transporter votre paddle lors de vos prochaines vacances,  j&rsquo;ai justement pens\u00e9 \u00e0 vous.<\/p>\n\n\n\n<p>Dans cet article, je vous dis tout sur le transport des paddles pour que vous ayez l&rsquo;air d&rsquo;un pro la prochaine fois que vous d\u00e9barquez sur la plage. <br><strong>\u00c0 la fin de votre lecture, vous saurez : <\/strong><\/p>\n\n\n\n<ul class=\"list-styled wp-block-list\"><li>Comment transporter un paddle<\/li><li>Comment installer correctement un SUP sur un v\u00e9hicule<\/li><li>Comment attacher une planche<\/li><\/ul>\n\n\n\n<p>Tout d&rsquo;abord, il est important de savoir que \u00e7a ne vous concerne pas si votre paddle est gonflable. Dans ce cas-l\u00e0, il vous suffit de le transporter dans le sac \u00e0 dos pr\u00e9vu \u00e0 cet effet et de le gonfler directement sur place. <\/p>\n\n\n\n<p>De ce fait, si vous en \u00eates toujours au stade de <a class=\"rank-math-link\" href=\"https:\/\/standuppaddleboardworld.com\/fr\/sup\/comment-choisir-un-paddle\/\">comment choisir un paddle<\/a>, alors jetez un coup d&rsquo;\u0153il aux <span style=\"text-decoration: underline;\">meilleures planches gonflables<\/span> cette ann\u00e9e. Si vous avez opt\u00e9 pour une planche non-gonflable, parlons <strong>transport de paddle.<\/strong><\/p>\n\n\n\n<figure class=\"wp-block-image size-large\"><img loading=\"lazy\" decoding=\"async\" width=\"1024\" height=\"768\" src=\"https:\/\/standuppaddleboardworld.com\/wp-content\/uploads\/2020\/06\/Tom-Paddle-Board-Carrier-1024x768.jpg\" alt=\"Tom-Transporteur-Planche-Paddle\" class=\"wp-image-21628\" title=\"\" srcset=\"https:\/\/standuppaddleboardworld.com\/wp-content\/uploads\/2020\/06\/Tom-Paddle-Board-Carrier-1024x768.jpg 1024w, https:\/\/standuppaddleboardworld.com\/wp-content\/uploads\/2020\/06\/Tom-Paddle-Board-Carrier-300x225.jpg 300w, https:\/\/standuppaddleboardworld.com\/wp-content\/uploads\/2020\/06\/Tom-Paddle-Board-Carrier-768x576.jpg 768w, https:\/\/standuppaddleboardworld.com\/wp-content\/uploads\/2020\/06\/Tom-Paddle-Board-Carrier-702x526.jpg 702w, https:\/\/standuppaddleboardworld.com\/wp-content\/uploads\/2020\/06\/Tom-Paddle-Board-Carrier.jpg 1200w\" sizes=\"auto, (max-width: 1024px) 100vw, 1024px\" \/><figcaption><span style=\"text-decoration: underline;\">Les chariots de SUP<\/span> peuvent \u00eatre pratiques sur de courtes distances<\/figcaption><\/figure>\n\n\n\n<h2 class=\"wp-block-heading\"><span class=\"ez-toc-section\" id=\"Transporter_un_paddle_correctement\"><\/span>Transporter un paddle correctement<span class=\"ez-toc-section-end\"><\/span><\/h2>\n\n\n\n<p>Que ce soit dans un v\u00e9hicule ou sous le bras, il peut \u00eatre d\u00e9licat de transporter une planche de paddle si vous ne savez pas comment vous y prendre.<\/p>\n\n\n\n<p>Dans un premier temps, si vous le portez sous le bras, vous devez tenir la poign\u00e9e situ\u00e9e au centre de la planche. Trouvez cette poign\u00e9e et positionnez-la vers l&rsquo;ext\u00e9rieur afin de pouvoir saisir la planche et la placer \u00e9troitement contre votre corps tout en tenant la poign\u00e9e. <\/p>\n\n\n\n<p><strong>Voici quelques astuces pratiques :<\/strong><\/p>\n\n\n\n<ul class=\"list-styled wp-block-list\"><li>Positionnez la planche sur le c\u00f4t\u00e9, le nez vers l&rsquo;avant et la base de la planche pr\u00e8s de vous.<\/li><li>Allez attraper la poign\u00e9e par dessus le c\u00f4t\u00e9 sup\u00e9rieur de la planche et soulevez-la.<\/li><\/ul>\n\n\n\n<p>N&rsquo;oubliez pas de <strong>prot\u00e9ger votre dos <\/strong>en pliant les genoux et gardant le dos droit quand vous soulevez votre SUP.<\/p>\n\n\n\n<p>Si la planche est trop lourde, utilisez un chariot jusqu&rsquo;\u00e0 que vous parveniez \u00e0 la transporter vous-m\u00eame.<\/p>\n\n\n\n\n\n\n\n<h2 class=\"wp-block-heading\"><span class=\"ez-toc-section\" id=\"Comment_mettre_un_SUP_sur_un_vehicule\"><\/span>Comment mettre un SUP sur un v\u00e9hicule <span class=\"ez-toc-section-end\"><\/span><\/h2>\n\n\n\n<p>Le transport de votre paddle d\u00e9pend du type de v\u00e9hicule que vous poss\u00e9dez. Si vous conduisez un fourgon, vous pouvez mettre la planche \u00e0 plat pont vers le bas dans la caisse et soutenir le nez avec le haillon. Vous n&rsquo;avez pas besoin de vous pr\u00e9occuper de sangler ou de mettre la planche sur le toit.  <\/p>\n\n\n\n<p>Par contre, pour ceux qui poss\u00e8dent une berline, un break ou un van, regardons de plus pr\u00e8s comment transporter une planche sur le toit sans l&rsquo;endommager ou endommager la voiture.<\/p>\n\n\n\n<p><strong>Articles n\u00e9cessaires pour transporter un SUP sur le toit de votre voiture en toute s\u00e9curit\u00e9 :<\/strong><\/p>\n\n\n\n<ul class=\"list-styled wp-block-list\"><li><strong>Barres<\/strong> <strong>transversales<\/strong><br>Ces barres s&rsquo;installent au-dessus des barres pr\u00e9install\u00e9es par le fabricant, plac\u00e9es dans le sens de la longueur du v\u00e9hicule. <\/li><li><strong>Barres en mousse<br><\/strong>Ces barres en mousse de barre sp\u00e9cialement con\u00e7ues et rembourr\u00e9es s&rsquo;attachent sur vos barres transversales pour \u00e9viter que le SUP ne s&rsquo;ab\u00eeme ou ne soit \u00e9rafl\u00e9. Vous pouvez \u00e9galement utiliser des blocs de mousse basiques ou du rembourrage.<\/li><li><strong>Sangles d&rsquo;arrimage<br><\/strong>Avec les sangles d&rsquo;arrimage, vous pouvez attacher fermement votre SUP. Pour une planche, il vous faut deux sangles de plus de 3,5 m.<\/li><li><strong>Des amarres d&rsquo;avant et d&rsquo;arri\u00e8re<\/strong><br>Vous pouvez utiliser un cordon non \u00e9lastique et \u00e9tanche ou un cordon sp\u00e9cial avec crochets. Il vous en faut un pour l&rsquo;avant et un pour l&rsquo;arri\u00e8re. <\/li><\/ul>\n\n\n\n<p>Je vous recommande de demander \u00e0 <strong>quelqu&rsquo;un de vous aider pour soulever<\/strong> la planche et l&rsquo;installer sur les barres car c&rsquo;est la partie la plus d\u00e9licate. Si vous avez de l&rsquo;aide, il suffit que chacun prenne une extr\u00e9mit\u00e9 de la planche pour la placer sur les barres, le pont vers le bas. Les ailerons doivent \u00eatre plac\u00e9s \u00e0 l&rsquo;avant de la voiture.<\/p>\n\n\n\n\n\n\n\n<h3 class=\"wp-block-heading\"><span class=\"ez-toc-section\" id=\"Vous_la_soulevez_tout_seul_Voici_quelques_conseils\"><\/span>Vous la soulevez tout seul ? Voici quelques conseils :<span class=\"ez-toc-section-end\"><\/span><\/h3>\n\n\n\n<ul class=\"list-styled wp-block-list\"><li><strong>Pour les v\u00e9hicules plus courts<br><\/strong>Appuyez la planche contre le c\u00f4t\u00e9 de votre voiture, le pont face \u00e0 vous et l&rsquo;aileron \u00e0 l&rsquo;avant de la voiture.<\/li><li>Saisissez la poign\u00e9e avec une main et le c\u00f4t\u00e9 sup\u00e9rieur du SUP avec l&rsquo;autre main<\/li><li>Soulevez la planche sur vos genoux et saisissez l&rsquo;autre c\u00f4t\u00e9 de la planche avec la main qui \u00e9tait sur la poign\u00e9e. <\/li><li>Soulevez la planche pour la placer sur votre t\u00eate.<\/li><li>Placez la planche pont vers le bas sur les barres <\/li><li><strong>Pour les plus grands v\u00e9hicules<\/strong><\/li><li>Placez la planche pont vers le bas et aileron vers l&rsquo;avant pr\u00e8s de l&rsquo;arri\u00e8re de votre v\u00e9hicule.<\/li><li>Soulevez la queue de la planche sur l&rsquo;arri\u00e8re de votre voiture.<\/li><li>Glissez la planche vers le haut et vers l&rsquo;avant jusqu&rsquo;\u00e0 ce qu&rsquo;elle soit en place.<\/li><\/ul>\n\n\n<div class=\"crp-list-container\"><h3 class=\"crp-list-title\"><span class=\"ez-toc-section\" id=\"Other_articles_that_might_be_interesting_to_you\"><\/span>Other articles that might be interesting to you<span class=\"ez-toc-section-end\"><\/span><\/h3><p>None found<\/p><\/div>\n\n\n<h3 class=\"wp-block-heading\"><span class=\"ez-toc-section\" id=\"Conseils_supplementaires_pour_transporter_votre_paddle\"><\/span>Conseils suppl\u00e9mentaires pour transporter votre paddle<span class=\"ez-toc-section-end\"><\/span><\/h3>\n\n\n\n<p><strong>Votre pagaie <\/strong>(si elle est modulable) peut rentrer dans votre voiture. Mais si elle n&rsquo;y rentre pas, vous pouvez attacher un support suppl\u00e9mentaire con\u00e7u uniquement pour les pagaies.<\/p>\n\n\n\n<p>Si vous avez un fourgon dans lequel vous pouvez installer votre SUP au lieu de le placer sur le toit, <strong>rembourrez le haillon de votre camionnette. <\/strong>S\u00e9curisez \u00e9galement la planche dans la caisse pour emp\u00eacher qu&rsquo;elle ne bouge pendant le transport. <strong>Mettez un drapeau rouge<\/strong> au bout de la planche pour avertir les autres conducteurs si elle est trop longue. <\/p>\n\n\n\n\n\n\n\n<h2 class=\"wp-block-heading\"><span class=\"ez-toc-section\" id=\"Comment_sangler_un_SUP\"><\/span>Comment sangler un SUP<span class=\"ez-toc-section-end\"><\/span><\/h2>\n\n\n\n<p>Si vous <strong>utilisez un galerie<\/strong> sp\u00e9cialement con\u00e7ue pour transporter les SUP, alors il n&rsquo;y a pas de probl\u00e8me. Il vous suffit d&rsquo;ajuster les sangles pr\u00e9install\u00e9es et vous \u00eates par\u00e9 !<\/p>\n\n\n\n<p>Si vous utilisez <strong>des blocs de mousse ou du rembourrage, <\/strong>alors il faut attacher votre SUP avec deux sangles d&rsquo;amarrage. <br><strong>Comment ? Facile. Voici comment :<\/strong><\/p>\n\n\n\n<ul class=\"list-styled wp-block-list\"><li>Positionnez votre SUP parall\u00e8lement \u00e0 la voiture, la partie la plus large de la planche entre les barres transversales de votre galerie.<\/li><li>Prenez une sangle d&rsquo;amarrage et positionnez la boucle <strong>au-dessus de la planche<\/strong> et pr\u00e8s d&rsquo;un bord. Elle doit \u00eatre proche d&rsquo;une des deux barres transversales. Jetez l&rsquo;autre extr\u00e9mit\u00e9 de la sangle par-dessus votre SUP.<\/li><li> Allez de l&rsquo;autre c\u00f4t\u00e9 de votre v\u00e9hicule, attrapez la sangle, enroulez-la <strong>autour de la barre transversale <\/strong>et jetez la par-dessus votre planche. Assurez-vous que la sangle est gliss\u00e9e \u00e0 l&rsquo;int\u00e9rieur de l&rsquo;endroit o\u00f9 la barre transversale est attach\u00e9e au v\u00e9hicule. \u00c7a <strong>\u00e9vite<\/strong> que la sangle ne <strong>glisse<\/strong> vers le bout de la barre transversale.<\/li><li>Retournez de l&rsquo;autre c\u00f4t\u00e9 du v\u00e9hicule et entourez la sangle <strong>autour de l&rsquo;autre barre transversale<\/strong>, puis rejoignez la boucle de la sangle et ajustez-les. \u00c0 nouveau, assurez-vous que la sangle est \u00e0 l&rsquo;int\u00e9rieur de l&rsquo;endroit o\u00f9 la barre est attach\u00e9e au v\u00e9hicule. <\/li><li>R\u00e9p\u00e9tez l&rsquo;op\u00e9ration avec l&rsquo;autre sangle sur l&rsquo;autre barre transversale. <\/li><li>Ajustez les deux sangles fermement mais <strong>pas trop serr\u00e9es.  <\/strong>Trop de tension peut d\u00e9former un SUP. <\/li><li>Attachez les extr\u00e9mit\u00e9s des sangles juste en dessous des boucles et s&rsquo;il reste de la longueur, attachez-la aux barres transversales. C&rsquo;est un n\u0153ud de s\u00e9curit\u00e9 pour les boucles et \u00e7a \u00e9vite que les extr\u00e9mit\u00e9s ne volent pendant que vous conduisez.  <\/li><li>Enfin, attrapez une des deux extr\u00e9mit\u00e9s du SUP et secouez-le pour v\u00e9rifier qu&rsquo;il est bien arrim\u00e9. <\/li><\/ul>\n\n\n\n<p>Je vous conseille \u00e9galement d&rsquo;utiliser des <strong>amarres d&rsquo;avant et d&rsquo;arri\u00e8re<\/strong> en plus des sangles d&rsquo;amarrage. C&rsquo;est juste pour s\u00e9curiser encore plus l&rsquo;ensemble en cas de vent ou si votre SUP est vraiment long. Par ailleurs, ne vous inqui\u00e9tez pas de la fa\u00e7on d&rsquo;<strong>installer les cordons avec crochets. Voici comment le faire facilement : <\/strong><\/p>\n\n\n\n<ul class=\"list-styled wp-block-list\"><li>Accrochez l&rsquo;extr\u00e9mit\u00e9 du cordon dot\u00e9e d&rsquo;un crochet \u00e0 un endroit s\u00fbr sur la queue de votre SUP, comme la boucle du leash par exemple. <\/li><li>Attachez <strong>l&rsquo;autre extr\u00e9mit\u00e9 du cordon \u00e0 un point s\u00fbr <\/strong>sur votre v\u00e9hicule, par exemple le <strong>crochet de remorquage. <\/strong>Si vous n&rsquo;avez pas d&rsquo;endroit stable, vous pouvez <strong>installer une \u00e9lingue de s\u00e9curit\u00e9 <\/strong>pour en cr\u00e9er un. N&rsquo;attachez jamais les sangles aux sections en plastique de votre voiture. <\/li><li>Tirez sur l&rsquo;extr\u00e9mit\u00e9 libre du cordon pour ajuster fermement. Attention \u00e0 ne pas trop serrer. <\/li><li>Attachez l&rsquo;extr\u00e9mit\u00e9 libre du cordon juste en-dessous du crochet. <\/li><li>R\u00e9p\u00e9tez l&rsquo;op\u00e9ration \u00e0 l&rsquo;avant. (\u00c0 noter que tous les paddles ne sont pas dot\u00e9s d&rsquo;un point d&rsquo;attache s\u00fbr \u00e0 l&rsquo;avant. Si c&rsquo;est votre cas, vous devez en ajouter un, par exemple avec une ventouse de fixation). <\/li><\/ul>\n\n\n\n<div class=\"wp-block-image\"><figure class=\"aligncenter size-large\"><img loading=\"lazy\" decoding=\"async\" width=\"1024\" height=\"1024\" src=\"https:\/\/standuppaddleboardworld.com\/wp-content\/uploads\/2020\/07\/Tie-Down-Strap-Paddle-Board-Transport-1024x1024.jpg\" alt=\"Transport-Paddle-Sangle-D-Attache\" class=\"wp-image-13243\" title=\"\" srcset=\"https:\/\/standuppaddleboardworld.com\/wp-content\/uploads\/2020\/07\/Tie-Down-Strap-Paddle-Board-Transport-1024x1024.jpg 1024w, https:\/\/standuppaddleboardworld.com\/wp-content\/uploads\/2020\/07\/Tie-Down-Strap-Paddle-Board-Transport-300x300.jpg 300w, https:\/\/standuppaddleboardworld.com\/wp-content\/uploads\/2020\/07\/Tie-Down-Strap-Paddle-Board-Transport-150x150.jpg 150w, https:\/\/standuppaddleboardworld.com\/wp-content\/uploads\/2020\/07\/Tie-Down-Strap-Paddle-Board-Transport-768x768.jpg 768w, https:\/\/standuppaddleboardworld.com\/wp-content\/uploads\/2020\/07\/Tie-Down-Strap-Paddle-Board-Transport-75x75.jpg 75w, https:\/\/standuppaddleboardworld.com\/wp-content\/uploads\/2020\/07\/Tie-Down-Strap-Paddle-Board-Transport-928x928.jpg 928w, https:\/\/standuppaddleboardworld.com\/wp-content\/uploads\/2020\/07\/Tie-Down-Strap-Paddle-Board-Transport.jpg 1500w\" sizes=\"auto, (max-width: 1024px) 100vw, 1024px\" \/><figcaption>Vous pouvez transporter tout un tas de planches avec une <a href=\"https:\/\/www.amazon.com\/Down-Strap-Padded-Lock-Buckle\/dp\/B07FNN7D9S\/ref=as_li_ss_tl?tag=paddleboardwo-20&amp;ie=UTF8&amp;linkId=2dc100aca6b63c4c5e9deeaf7482482b\" class=\"rank-math-link\" target=\"_blank\" rel=\"noopener\">sangle de qualit\u00e9<\/a><\/figcaption><\/figure><\/div>\n\n\n\n<h3 class=\"wp-block-heading\"><span class=\"ez-toc-section\" id=\"Autres_conseils_pour_sangler_votre_SUP\"><\/span>Autres conseils pour sangler votre SUP : <span class=\"ez-toc-section-end\"><\/span><\/h3>\n\n\n\n<p><strong>Utilisez une \u00e9chelle<\/strong> si votre v\u00e9hicule est \u00e9lev\u00e9. Il est essentiel de pouvoir atteindre tous les endroits n\u00e9cessaires du SUP pour bien le s\u00e9curiser.<\/p>\n\n\n\n<p>Veillez bien \u00e0 ce que <strong>l&rsquo;endroit le plus large<\/strong> de votre paddle soit <strong>positionn\u00e9 entre les deux sangles d&rsquo;amarrage. <\/strong>Vous \u00e9vitez ainsi que la planche ne glisse. <\/p>\n\n\n\n<p>Faites une torsade entre les sangles d&rsquo;amarrage pour emp\u00eacher qu&rsquo;elles ne vibrent en route. <\/p>\n\n\n\n<p class=\"block-conclusion\">Si vous faites une pause sur la route et que vous laissez votre planche sans surveillance sur le toit de votre voiture, c&rsquo;est une bonne id\u00e9e de <strong>verrouiller les sangles<\/strong> ! Procurez-vous des sangles d&rsquo;amarrage qui se d\u00e9verrouillent avec une cl\u00e9. Il existe des options encore plus s\u00fbres, les <strong>c\u00e2bles de s\u00e9curit\u00e9<\/strong>. Il vaut mieux pr\u00e9venir que gu\u00e9rir non ? <br><br>M\u00eame si vous ne comptez pas vous arr\u00eater sur la route, je vous recommande de le faire au moins une ou deux fois selon la dur\u00e9e du parcours pour vous assurer que votre paddle est toujours en place et bien arrim\u00e9. <br><br>Pour finir, si vous avez des questions ou des doutes \u00e0 propos <strong>de la meilleure fa\u00e7on <\/strong>de sangler votre paddle, n&rsquo;h\u00e9sitez pas \u00e0 m&rsquo;en faire part. Si vous avez d&rsquo;autres conseils ou id\u00e9es sur la fa\u00e7on de sangler votre planche ou votre paddle pour le transporter, nos lecteurs seront heureux de les conna\u00eetre. Apr\u00e8s tout, on partage entre amis !<\/p>\n","protected":false},"excerpt":{"rendered":"<p>Transporter un paddle et le d\u00e9placer sans l&rsquo;ab\u00eemer Quelle que soit votre force, avec leurs 90 cm de large et plus de 3 m\u00e8tres de longueur, les paddles peuvent \u00eatre compliqu\u00e9s \u00e0 d\u00e9placer. Si vous vous demandez comment transporter votre paddle lors de vos prochaines vacances, j&rsquo;ai justement pens\u00e9 \u00e0 vous. Dans cet article, je [&hellip;]<\/p>\n","protected":false},"author":1,"featured_media":13244,"parent":13196,"menu_order":0,"comment_status":"open","ping_status":"closed","template":"page-templates\/reviews.php","meta":{"_genesis_hide_title":false,"_genesis_hide_breadcrumbs":false,"_genesis_hide_singular_image":false,"_genesis_hide_footer_widgets":false,"_genesis_custom_body_class":"","_genesis_custom_post_class":"","_genesis_layout":"","footnotes":""},"categories":[],"tags":[],"class_list":{"0":"post-13241","1":"page","2":"type-page","3":"status-publish","4":"has-post-thumbnail","6":"entry"},"acf":[],"_links":{"self":[{"href":"https:\/\/standuppaddleboardworld.com\/fr\/wp-json\/wp\/v2\/pages\/13241","targetHints":{"allow":["GET"]}}],"collection":[{"href":"https:\/\/standuppaddleboardworld.com\/fr\/wp-json\/wp\/v2\/pages"}],"about":[{"href":"https:\/\/standuppaddleboardworld.com\/fr\/wp-json\/wp\/v2\/types\/page"}],"author":[{"embeddable":true,"href":"https:\/\/standuppaddleboardworld.com\/fr\/wp-json\/wp\/v2\/users\/1"}],"replies":[{"embeddable":true,"href":"https:\/\/standuppaddleboardworld.com\/fr\/wp-json\/wp\/v2\/comments?post=13241"}],"version-history":[{"count":0,"href":"https:\/\/standuppaddleboardworld.com\/fr\/wp-json\/wp\/v2\/pages\/13241\/revisions"}],"up":[{"embeddable":true,"href":"https:\/\/standuppaddleboardworld.com\/fr\/wp-json\/wp\/v2\/pages\/13196"}],"wp:featuredmedia":[{"embeddable":true,"href":"https:\/\/standuppaddleboardworld.com\/fr\/wp-json\/wp\/v2\/media\/13244"}],"wp:attachment":[{"href":"https:\/\/standuppaddleboardworld.com\/fr\/wp-json\/wp\/v2\/media?parent=13241"}],"wp:term":[{"taxonomy":"category","embeddable":true,"href":"https:\/\/standuppaddleboardworld.com\/fr\/wp-json\/wp\/v2\/categories?post=13241"},{"taxonomy":"post_tag","embeddable":true,"href":"https:\/\/standuppaddleboardworld.com\/fr\/wp-json\/wp\/v2\/tags?post=13241"}],"curies":[{"name":"wp","href":"https:\/\/api.w.org\/{rel}","templated":true}]}}