{"id":12387,"date":"2020-10-19T08:47:04","date_gmt":"2020-10-19T07:47:04","guid":{"rendered":"https:\/\/standuppaddleboardworld.com\/?page_id=12387"},"modified":"2020-11-16T17:11:04","modified_gmt":"2020-11-16T16:11:04","slug":"combinaison-de-surf","status":"publish","type":"page","link":"https:\/\/standuppaddleboardworld.com\/fr\/combinaisons-de-plongee\/combinaison-de-surf\/","title":{"rendered":"Que faut-il porter sous une combinaison de surf"},"content":{"rendered":"\n<h2 class=\"wp-block-heading\"><span class=\"ez-toc-section\" id=\"Tout_ce_que_vous_devez_savoir_sur_ce_quil_faut_porter_sous_une_combinaison_de_surf_les_avantages_et_les_inconvenients_de_certains_vetements\"><\/span>Tout ce que vous devez savoir sur ce qu\u2019il faut porter sous une combinaison de surf, les avantages et les inconv\u00e9nients de certains v\u00eatements<span class=\"ez-toc-section-end\"><\/span><\/h2><div id=\"ez-toc-container\" class=\"ez-toc-v2_0_82_2 counter-flat ez-toc-counter ez-toc-custom ez-toc-container-direction\">\n<label for=\"ez-toc-cssicon-toggle-item-69d7108e9bfe9\" class=\"ez-toc-cssicon-toggle-label\"><span class=\"\"><span class=\"eztoc-hide\" style=\"display:none;\">Toggle<\/span><span class=\"ez-toc-icon-toggle-span\"><svg style=\"fill: #1a2b49;color:#1a2b49\" xmlns=\"http:\/\/www.w3.org\/2000\/svg\" class=\"list-377408\" width=\"20px\" height=\"20px\" viewBox=\"0 0 24 24\" fill=\"none\"><path d=\"M6 6H4v2h2V6zm14 0H8v2h12V6zM4 11h2v2H4v-2zm16 0H8v2h12v-2zM4 16h2v2H4v-2zm16 0H8v2h12v-2z\" fill=\"currentColor\"><\/path><\/svg><svg style=\"fill: #1a2b49;color:#1a2b49\" class=\"arrow-unsorted-368013\" xmlns=\"http:\/\/www.w3.org\/2000\/svg\" width=\"10px\" height=\"10px\" viewBox=\"0 0 24 24\" version=\"1.2\" baseProfile=\"tiny\"><path d=\"M18.2 9.3l-6.2-6.3-6.2 6.3c-.2.2-.3.4-.3.7s.1.5.3.7c.2.2.4.3.7.3h11c.3 0 .5-.1.7-.3.2-.2.3-.5.3-.7s-.1-.5-.3-.7zM5.8 14.7l6.2 6.3 6.2-6.3c.2-.2.3-.5.3-.7s-.1-.5-.3-.7c-.2-.2-.4-.3-.7-.3h-11c-.3 0-.5.1-.7.3-.2.2-.3.5-.3.7s.1.5.3.7z\"\/><\/svg><\/span><\/span><\/label><input type=\"checkbox\"  id=\"ez-toc-cssicon-toggle-item-69d7108e9bfe9\"  aria-label=\"Toggle\" \/><nav><ul class='ez-toc-list ez-toc-list-level-1 ' ><li class='ez-toc-page-1'><a class=\"ez-toc-link ez-toc-heading-1\" href=\"https:\/\/standuppaddleboardworld.com\/fr\/combinaisons-de-plongee\/combinaison-de-surf\/#Tout_ce_que_vous_devez_savoir_sur_ce_quil_faut_porter_sous_une_combinaison_de_surf_les_avantages_et_les_inconvenients_de_certains_vetements\" >Tout ce que vous devez savoir sur ce qu\u2019il faut porter sous une combinaison de surf, les avantages et les inconv\u00e9nients de certains v\u00eatements<\/a><\/li><li class='ez-toc-page-1'><a class=\"ez-toc-link ez-toc-heading-2\" href=\"https:\/\/standuppaddleboardworld.com\/fr\/combinaisons-de-plongee\/combinaison-de-surf\/#Que_porter_sous_une_combinaison_de_surf\" >Que porter sous une combinaison de surf?<\/a><\/li><li class='ez-toc-page-1'><a class=\"ez-toc-link ez-toc-heading-3\" href=\"https:\/\/standuppaddleboardworld.com\/fr\/combinaisons-de-plongee\/combinaison-de-surf\/#Les_avantages_des_sous-vetements_avec_votre_combi\" >Les avantages des sous-v\u00eatements avec votre combi<\/a><\/li><li class='ez-toc-page-1'><a class=\"ez-toc-link ez-toc-heading-4\" href=\"https:\/\/standuppaddleboardworld.com\/fr\/combinaisons-de-plongee\/combinaison-de-surf\/#Que_porter_sous_une_combinaison_de_surf-2\" >Que porter sous une combinaison de surf<\/a><\/li><li class='ez-toc-page-1'><a class=\"ez-toc-link ez-toc-heading-5\" href=\"https:\/\/standuppaddleboardworld.com\/fr\/combinaisons-de-plongee\/combinaison-de-surf\/#Dernieres_reflexions\" >Derni\u00e8res r\u00e9flexions<\/a><\/li><\/ul><\/nav><\/div>\n\n\n\n\n<p><em>\u2018Que faut-il porter sous une combinaison de surf?\u2019 <\/em>C\u2019est probablement l\u2019une des questions que l\u2019on me pose le plus souvent quand je suis \u00e0 la plage. Voil\u00e0 pourquoi j\u2019ai d\u00e9cid\u00e9 d\u2019\u00e9crire sur le sujet pour clarifier certaines fausses id\u00e9es avec vous, vous pourrez ensuite d\u00e9cider de ce qui vous convient le mieux.\u00a0<\/p>\n\n\n\n<p>Apr\u00e8s tout, vous ne pouvez pas profiter du stand up paddle si vous n\u2019\u00eates pas confortable dans votre combinaison. Alors, jetons-nous \u00e0 l\u2019eau !<\/p>\n\n\n\n<figure class=\"wp-block-image size-large\"><img loading=\"lazy\" decoding=\"async\" width=\"1024\" height=\"680\" src=\"https:\/\/standuppaddleboardworld.com\/wp-content\/uploads\/2020\/07\/triathlon-group-wetsuits-1024x680.jpg\" alt=\"triathlon-combinaison-surf\" class=\"wp-image-12395\" title=\"\" srcset=\"https:\/\/standuppaddleboardworld.com\/wp-content\/uploads\/2020\/07\/triathlon-group-wetsuits-1024x680.jpg 1024w, https:\/\/standuppaddleboardworld.com\/wp-content\/uploads\/2020\/07\/triathlon-group-wetsuits-300x199.jpg 300w, https:\/\/standuppaddleboardworld.com\/wp-content\/uploads\/2020\/07\/triathlon-group-wetsuits-768x510.jpg 768w, https:\/\/standuppaddleboardworld.com\/wp-content\/uploads\/2020\/07\/triathlon-group-wetsuits.jpg 1280w\" sizes=\"auto, (max-width: 1024px) 100vw, 1024px\" \/><\/figure>\n\n\n\n<h1 class=\"wp-block-heading\"><span class=\"ez-toc-section\" id=\"Que_porter_sous_une_combinaison_de_surf\"><\/span>Que porter sous une combinaison de surf?<span class=\"ez-toc-section-end\"><\/span><\/h1>\n\n\n\n<p>Pas un paddleur ne dira la m\u00eame chose sur ce qu\u2019il faut porter sous une combinaison, et c\u2019est \u00e0 vous de d\u00e9cider si vous pr\u00e9f\u00e9rez porter un maillot de bain ou \u00eatre nu comme un ver. Apr\u00e8s tout, c\u2019est une question d\u2019exp\u00e9rience.<\/p>\n\n\n\n<p>Toutefois, il y a certaines choses \u00e0 prendre en consid\u00e9ration avant de d\u00e9cider ce qu\u2019il faut porter sous une combinaison de surf. Porter quelque chose ou rien du tout a chacun des pour et des contre. Ceci en t\u00eate, continuez la lecture et d\u00e9couvrez pourquoi je recommande de porter quelque chose dessous et quoi exactement.<\/p>\n\n\n\n<h2 class=\"wp-block-heading\"><span class=\"ez-toc-section\" id=\"Les_avantages_des_sous-vetements_avec_votre_combi\"><\/span>Les avantages des sous-v\u00eatements avec votre combi<span class=\"ez-toc-section-end\"><\/span><\/h2>\n\n\n\n<ul class=\"wp-block-list\"><li><strong>Plus d\u2019isolation et de protection<\/strong><\/li><\/ul>\n\n\n\n<p>Nous portons tous des combinaisons pour <strong>la protection et la chaleur additionnelles<\/strong> qu\u2019elles nous apportent contre l\u2019eau froide. Alors, ajouter des couches suppl\u00e9mentaires garde votre corps <strong>encore plus au chaud<\/strong> que ce soit dans l\u2019eau ou en-dehors.<\/p>\n\n\n\n<p>\u00c0 mon avis, si vous avez des probl\u00e8mes de flexibilit\u00e9 et que vous sentez que votre combi limite vos mouvements dans l\u2019eau, il est alors temps de vous en procurer une plus fine et de porter quelque chose dessous pour avoir plus chaud et \u00eatre mieux isol\u00e9.<\/p>\n\n\n\n<p>Jetez un coup d\u2019\u0153il \u00e0 ma publication sur <em>Comment fonctionne une combinaison<\/em> dans laquelle je d\u00e9taille le fonctionnement d\u2019une combinaison de surf et les 4 caract\u00e9ristiques utiles pour choisir la combinaison parfaite pour vous.<\/p>\n\n\n\n<figure class=\"wp-block-image size-large\"><img loading=\"lazy\" decoding=\"async\" width=\"1024\" height=\"768\" src=\"https:\/\/standuppaddleboardworld.com\/wp-content\/uploads\/2020\/07\/wetsuits-drying-1024x768.jpg\" alt=\"combinaisons-surf-s\u00e9choirs\" class=\"wp-image-12391\" title=\"\" srcset=\"https:\/\/standuppaddleboardworld.com\/wp-content\/uploads\/2020\/07\/wetsuits-drying-1024x768.jpg 1024w, https:\/\/standuppaddleboardworld.com\/wp-content\/uploads\/2020\/07\/wetsuits-drying-300x225.jpg 300w, https:\/\/standuppaddleboardworld.com\/wp-content\/uploads\/2020\/07\/wetsuits-drying-768x576.jpg 768w, https:\/\/standuppaddleboardworld.com\/wp-content\/uploads\/2020\/07\/wetsuits-drying-702x526.jpg 702w, https:\/\/standuppaddleboardworld.com\/wp-content\/uploads\/2020\/07\/wetsuits-drying.jpg 1280w\" sizes=\"auto, (max-width: 1024px) 100vw, 1024px\" \/><\/figure>\n\n\n\n<p>De plus, <strong>les sous-v\u00eatements pour combinaisons<\/strong> fournissent aussi une protection contre la temp\u00e9rature de l\u2019air. Par ailleurs, si vous optez pour une bonne qualit\u00e9 de mat\u00e9riau, ils peuvent vous prot\u00e9ger des morsures, piq\u00fbres, coupures ou \u00e9gratignures. C\u2019est la raison pour laquelle vous devez choisir d\u2019acheter les sous-v\u00eatements adapt\u00e9s aux activit\u00e9s aquatiques et \u00e0 la saison (enti\u00e8rement couvrant, une pi\u00e8ce ou deux pi\u00e8ces), pour service de couche suppl\u00e9mentaire entre les \u00e9l\u00e9ments et votre peau.<\/p>\n\n\n\n<ul class=\"wp-block-list\"><li><strong><strong>Le confort<\/strong><br><\/strong>Certaines combi, selon leurs coutures, peuvent \u00eatre plut\u00f4t d\u00e9sagr\u00e9ables \u00e0 porter pendant une longue p\u00e9riode quand vous \u00eates compl\u00e8tement nu dessous. Cependant, certains plongeurs et paddleurs trouvent, au contraire, certains sous-v\u00eatements \u00e9galement inconfortables. Toutefois, porter un <strong>maillot de bain<\/strong> ou un <strong>deux pi\u00e8ces<\/strong> pour les femmes peut apporter plus de confort pour vos parties intimes. Sans compter que cela vous permet de les enlever confortablement en public.<br><br><\/li><li><strong>L\u2019hygi\u00e8ne<br><\/strong>Prendre soin de votre combinaison de surf et la laver correctement garantissent qu\u2019elle dure plus longtemps et qu\u2019elle ne sente pas mauvais. Cela dit, la fa\u00e7on dont vous la portez joue \u00e9galement un r\u00f4le, car si vous \u00eates tout le temps nu dessous, il se peut que le caoutchouc finisse par prendre une odeur.<br><br>Un point encore plus important \u00e0 prendre en consid\u00e9ration est si vous louez une combinaison ou si vous portez la v\u00f4tre. Si vous la louez, vous devez vraiment porter quelque chose en-dessous, car le magasin ne lave peut-\u00eatre pas ses combinaisons r\u00e9guli\u00e8rement, et les personnes qui les ont port\u00e9es juste avant vous \u00e9taient peut-\u00eatre nues dessous. Dans ce cas-l\u00e0, je vous conseille de porter un v\u00eatement qui prot\u00e8ge enti\u00e8rement votre corps de la combinaison.<\/li><\/ul>\n\n\n\n<figure class=\"wp-block-image size-large\"><img loading=\"lazy\" decoding=\"async\" width=\"1024\" height=\"683\" src=\"https:\/\/standuppaddleboardworld.com\/wp-content\/uploads\/2020\/07\/Girl-Putting-On-Wetsuit-1-1024x683.jpg\" alt=\"fille-combination-surf\" class=\"wp-image-12392\" title=\"\" srcset=\"https:\/\/standuppaddleboardworld.com\/wp-content\/uploads\/2020\/07\/Girl-Putting-On-Wetsuit-1-1024x683.jpg 1024w, https:\/\/standuppaddleboardworld.com\/wp-content\/uploads\/2020\/07\/Girl-Putting-On-Wetsuit-1-300x200.jpg 300w, https:\/\/standuppaddleboardworld.com\/wp-content\/uploads\/2020\/07\/Girl-Putting-On-Wetsuit-1-768x512.jpg 768w, https:\/\/standuppaddleboardworld.com\/wp-content\/uploads\/2020\/07\/Girl-Putting-On-Wetsuit-1.jpg 1200w\" sizes=\"auto, (max-width: 1024px) 100vw, 1024px\" \/><\/figure>\n\n\n\n<h2 class=\"wp-block-heading\"><span class=\"ez-toc-section\" id=\"Que_porter_sous_une_combinaison_de_surf-2\"><\/span>Que porter sous une combinaison de surf<span class=\"ez-toc-section-end\"><\/span><\/h2>\n\n\n\n<p><strong>Les shorts de plong\u00e9es ou cyclistes<\/strong> sont un excellent choix pour prot\u00e9ger votre corps de la combinaison. \u00c9tant donn\u00e9 qu\u2019ils sont \u00e9troitement ajust\u00e9s \u00e0 votre peau, vous ne les sentez pas une fois votre combinaison enfil\u00e9e et vos mouvements ne sont pas restreints. De plus, vous avez une couche suppl\u00e9mentaire pour plonger dans les eaux un peu plus froides, et ces shorts vous aident \u00e0 mettre et quitter votre combinaison facilement.<\/p>\n\n\n\n<p>Si vous envisagez de vous en acheter un, assurez-vous qu\u2019ils sont en n\u00e9opr\u00e8ne. Ils sont plus l\u00e9gers et flottables tout en \u00e9tant plus \u00e9pais et chauds. Par ailleurs, consid\u00e9rez la mousse n\u00e9opr\u00e8ne super-stretch pour \u00e9viter qu\u2019ils ne se plissent quand vous les enfilez.<\/p>\n\n\n\n<p><strong>Un rashguard<\/strong> pour la partie haute de votre corps est \u00e9galement conseill\u00e9 pour \u00e9viter les frottements et les grattements dus au <a href=\"https:\/\/standuppaddleboardworld.com\/wetsuit\/wetsuit-material\/\">mat\u00e9riau de la combinaison<\/a>. Lorsque vous faites du paddle dans des eaux plus froides, cette couche additionnelle de v\u00eatement conserve votre corps au chaud. Vous avez la possibilit\u00e9 de choisir un rashguard \u00e0 manches longues ou courtes.<\/p>\n\n\n\n<p>De plus, vous devez vous assurer que les <strong>rashguards<\/strong> sont en mat\u00e9riaux l\u00e9gers, c\u2019est-\u00e0-dire \u00e0 85% en polyester et 15% en spandex. \u00c7a aide le tissu \u00e0 s\u00e9cher plus vite, vous prot\u00e8ge des rayons UV \u00e0 50+ et ne restreint pas vos mouvements quel que soit le sport aquatique.&nbsp;&nbsp;<\/p>\n\n\n\n<p>Ensuite, vous avez l\u2019option des <strong>combinaisons fines enti\u00e8rement couvrantes<\/strong> pour les femmes ou les hommes. Elles font 1 mm d\u2019\u00e9paisseur et vous prot\u00e8gent compl\u00e8tement de votre combinaison sans limiter vos mouvements. Normalement, nous ne devez m\u00eame pas les sentir une fois votre combinaison enfil\u00e9e.<\/p>\n\n\n\n<figure class=\"wp-block-image size-large\"><img loading=\"lazy\" decoding=\"async\" width=\"1024\" height=\"683\" src=\"https:\/\/standuppaddleboardworld.com\/wp-content\/uploads\/2020\/07\/Boys-wearing-wetsuit-1024x683.jpg\" alt=\"garcons-combination-surf\" class=\"wp-image-12393\" title=\"\" srcset=\"https:\/\/standuppaddleboardworld.com\/wp-content\/uploads\/2020\/07\/Boys-wearing-wetsuit-1024x683.jpg 1024w, https:\/\/standuppaddleboardworld.com\/wp-content\/uploads\/2020\/07\/Boys-wearing-wetsuit-300x200.jpg 300w, https:\/\/standuppaddleboardworld.com\/wp-content\/uploads\/2020\/07\/Boys-wearing-wetsuit-768x512.jpg 768w, https:\/\/standuppaddleboardworld.com\/wp-content\/uploads\/2020\/07\/Boys-wearing-wetsuit-1536x1024.jpg 1536w, https:\/\/standuppaddleboardworld.com\/wp-content\/uploads\/2020\/07\/Boys-wearing-wetsuit.jpg 1920w\" sizes=\"auto, (max-width: 1024px) 100vw, 1024px\" \/><\/figure>\n\n\n\n<p>L\u2019autre avantage d\u2019une combinaison de surf fine enti\u00e8rement couvrante est la protection importante qu\u2019elle fournit contre la radiation UV. En plus, vous aurez plus chaud dans les eaux froides. Vous devez \u00e9galement choisir un mat\u00e9riau qui s\u00e8che rapidement plut\u00f4t qu\u2019un mat\u00e9riau \u00e9pais qui risque de restreindre vos mouvements dans l\u2019eau.<\/p>\n\n\n\n<p>Les slips pour homme sont g\u00e9n\u00e9ralement faits en lycra fin et&nbsp; prot\u00e8gent votre entrejambe de la combinaison tout en \u00e9tant assez l\u00e9ger pour ne pas vous limiter ou vous donner trop chaud quand vous \u00eates hors de l\u2019eau.<\/p>\n\n\n\n<p>Je vous conseille de choisir des slips en lycra ou nylon assez fins pour s\u00e9cher rapidement, mais assez \u00e9pais pour vous offrir la protection indispensable pour votre peau.<\/p>\n\n\n\n<p>Les femmes choisissent g\u00e9n\u00e9ralement <strong>des maillots de corps sans manche<\/strong> pour prot\u00e9ger le haut du corps au lieu de <strong>T-shirt de compression<\/strong>. Bien que ce soit deux super options, les maillots de corps sans manche apportent plus de libert\u00e9 au niveau des \u00e9paules et des bras.<\/p>\n\n\n\n<p>Je le r\u00e9p\u00e8te,&nbsp; quand vous choisissez un maillot sans manche, le tissu doit \u00eatre fin, \u00e0 s\u00e9chage rapide, l\u00e9ger et adapt\u00e9 pour les sports aquatiques, comme sous-v\u00eatement et pour&nbsp; nager.<\/p>\n\n\n\n<p>Un <strong>maillot de bain une pi\u00e8ce<\/strong> est un excellent choix pour les femmes. Ce type de maillot de bain couvre les parties sensibles et lib\u00e8re les mouvements, sans vous enfermer autant que les combinaisons fines enti\u00e8rement couvrantes.<\/p>\n\n\n\n<p>Cela peut \u00eatre un maillot de bain une pi\u00e8ce assez confortable sur votre peau.<\/p>\n\n\n\n<figure class=\"wp-block-image size-large\"><img loading=\"lazy\" decoding=\"async\" width=\"1024\" height=\"682\" src=\"https:\/\/standuppaddleboardworld.com\/wp-content\/uploads\/2020\/07\/Man-Wetsuit-Half-Off-1024x682.jpg\" alt=\"homme-combinaison-surf\" class=\"wp-image-12394\" title=\"\" srcset=\"https:\/\/standuppaddleboardworld.com\/wp-content\/uploads\/2020\/07\/Man-Wetsuit-Half-Off-1024x682.jpg 1024w, https:\/\/standuppaddleboardworld.com\/wp-content\/uploads\/2020\/07\/Man-Wetsuit-Half-Off-300x200.jpg 300w, https:\/\/standuppaddleboardworld.com\/wp-content\/uploads\/2020\/07\/Man-Wetsuit-Half-Off-768x512.jpg 768w, https:\/\/standuppaddleboardworld.com\/wp-content\/uploads\/2020\/07\/Man-Wetsuit-Half-Off.jpg 1280w\" sizes=\"auto, (max-width: 1024px) 100vw, 1024px\" \/><\/figure>\n\n\n\n<h2 class=\"wp-block-heading\"><span class=\"ez-toc-section\" id=\"Dernieres_reflexions\"><\/span>Derni\u00e8res r\u00e9flexions<span class=\"ez-toc-section-end\"><\/span><\/h2>\n\n\n\n<p class=\"block-conclusion\">Conna\u00eetre les options qui existent vous aide sans aucun doute \u00e0 choisir votre sous-v\u00eatement pr\u00e9f\u00e9r\u00e9 pour votre combinaison de surf.<br><br>Si vous me demandiez de vous donner votre avis et de vous conseiller sur ce qu\u2019il faut acheter et porter sous une combinaison, je vous dirais simplement, <strong>\u00e7a d\u00e9pend.<\/strong><br><br>Choisir ce qu\u2019il faut porter sous une combinaison reste un <strong>choix personnel<\/strong> et un choix qui d\u00e9pend de circonstances sp\u00e9cifiques.<br><br>Par exemple, si vous \u00eates debout sur votre paddle mi-f\u00e9vrier, alors, oui, je vous conseille de porter <strong>une combinaison de surf fine enti\u00e8rement couvrante<\/strong> sous votre combinaison pour <strong>plus de chaleur et d\u2019isolation.<\/strong><br><br>Toutefois, si vous surfez en \u00e9t\u00e9 et n\u2019avez pas vraiment besoin de quelques degr\u00e9s en plus, alors un slip pour les hommes ou un deux-pi\u00e8ces pour les femmes est parfait.<br><br>Par ailleurs, si vous ne supportez pas de porter quoi que ce soit sous votre combinaison de surf et que vous vous sentez mieux nu, c\u2019est tr\u00e8s bien aussi. Je vous conseille juste d\u2019acheter une combinaison de surf plus \u00e9paisse pour vous prot\u00e9ger du froid si vous faites du paddle en hiver.<br><br>La seule chose que je recommande vraiment est de porter un sous-v\u00eatement, comme un rashguard et un short, quand vous louez une combinaison de surf. Pour des raisons sanitaires et hygi\u00e9niques, je vous le recommande fortement.<br><br>En conclusion, \u00e9valuez et consid\u00e9rez avec soin toutes les conditions externes et personnelles avant d\u2019acheter votre prochaine combinaison de surf et de d\u00e9cider quoi porter dessous.<\/p>\n","protected":false},"excerpt":{"rendered":"<p>Tout ce que vous devez savoir sur ce qu\u2019il faut porter sous une combinaison de surf, les avantages et les inconv\u00e9nients de certains v\u00eatements \u2018Que faut-il porter sous une combinaison de surf?\u2019 C\u2019est probablement l\u2019une des questions que l\u2019on me pose le plus souvent quand je suis \u00e0 la plage. Voil\u00e0 pourquoi j\u2019ai d\u00e9cid\u00e9 d\u2019\u00e9crire [&hellip;]<\/p>\n","protected":false},"author":1,"featured_media":12389,"parent":13228,"menu_order":0,"comment_status":"open","ping_status":"closed","template":"page-templates\/reviews.php","meta":{"_genesis_hide_title":false,"_genesis_hide_breadcrumbs":false,"_genesis_hide_singular_image":false,"_genesis_hide_footer_widgets":false,"_genesis_custom_body_class":"","_genesis_custom_post_class":"","_genesis_layout":"","footnotes":""},"categories":[1],"tags":[],"class_list":{"0":"post-12387","1":"page","2":"type-page","3":"status-publish","4":"has-post-thumbnail","6":"category-news","7":"entry"},"acf":[],"_links":{"self":[{"href":"https:\/\/standuppaddleboardworld.com\/fr\/wp-json\/wp\/v2\/pages\/12387","targetHints":{"allow":["GET"]}}],"collection":[{"href":"https:\/\/standuppaddleboardworld.com\/fr\/wp-json\/wp\/v2\/pages"}],"about":[{"href":"https:\/\/standuppaddleboardworld.com\/fr\/wp-json\/wp\/v2\/types\/page"}],"author":[{"embeddable":true,"href":"https:\/\/standuppaddleboardworld.com\/fr\/wp-json\/wp\/v2\/users\/1"}],"replies":[{"embeddable":true,"href":"https:\/\/standuppaddleboardworld.com\/fr\/wp-json\/wp\/v2\/comments?post=12387"}],"version-history":[{"count":0,"href":"https:\/\/standuppaddleboardworld.com\/fr\/wp-json\/wp\/v2\/pages\/12387\/revisions"}],"up":[{"embeddable":true,"href":"https:\/\/standuppaddleboardworld.com\/fr\/wp-json\/wp\/v2\/pages\/13228"}],"wp:featuredmedia":[{"embeddable":true,"href":"https:\/\/standuppaddleboardworld.com\/fr\/wp-json\/wp\/v2\/media\/12389"}],"wp:attachment":[{"href":"https:\/\/standuppaddleboardworld.com\/fr\/wp-json\/wp\/v2\/media?parent=12387"}],"wp:term":[{"taxonomy":"category","embeddable":true,"href":"https:\/\/standuppaddleboardworld.com\/fr\/wp-json\/wp\/v2\/categories?post=12387"},{"taxonomy":"post_tag","embeddable":true,"href":"https:\/\/standuppaddleboardworld.com\/fr\/wp-json\/wp\/v2\/tags?post=12387"}],"curies":[{"name":"wp","href":"https:\/\/api.w.org\/{rel}","templated":true}]}}