{"id":40246,"date":"2021-07-15T15:51:54","date_gmt":"2021-07-15T14:51:54","guid":{"rendered":"https:\/\/standuppaddleboardworld.com\/?page_id=40246"},"modified":"2021-07-17T10:50:34","modified_gmt":"2021-07-17T09:50:34","slug":"temperatura-del-traje-de-neopreno","status":"publish","type":"page","link":"https:\/\/standuppaddleboardworld.com\/es\/temperatura-del-traje-de-neopreno\/","title":{"rendered":"Gu\u00eda sobre la temperatura del traje de neopreno"},"content":{"rendered":"\n<p>Adem\u00e1s de comprender <a href=\"https:\/\/standuppaddleboardworld.com\/wetsuit-material\/\" target=\"_blank\" rel=\"noreferrer noopener\">de qu\u00e9 est\u00e1n hechos los trajes de neopreno<\/a> y <a href=\"https:\/\/standuppaddleboardworld.com\/es\/como-funciona-un-traje-de-neopreno\" target=\"_blank\" rel=\"noreferrer noopener\">c\u00f3mo funcionan<\/a>, creo que es importante elegir el grosor del traje adecuado para el entorno en el que te vas a encontrar, ya sea remando, surfeando, buceando o lo que sea que te guste. Por eso he escrito esta gu\u00eda sobre la temperatura del traje de neopreno.<\/p>\n\n\n\n<p>De hecho, si quieres aprovechar para <a href=\"https:\/\/es.wikipedia.org\/wiki\/Surf_de_pala\" target=\"_blank\" rel=\"noreferrer noopener\">remar<\/a> o surfear en cualquier \u00e9poca del a\u00f1o, tienes que elegir bien el grosor del neopreno. Esto impacta directamente en la temperatura del traje de neopreno y de no hacerlo, te quedaras con un traje de neopreno de una \u00fanica temporada. Si eres un verdadero enamorado del agua, sabr\u00e1s que no nos conformamos con un par de meses al a\u00f1o.<\/p>\n\n\n\n<p>Habiendo dicho esto, pasemos a los detalles de la elecci\u00f3n del grosor correcto de tu traje de neopreno en esta gu\u00eda de temperatura del traje de neopreno.<\/p>\n\n\n<div class=\"crp-list-container\"><h3 class=\"crp-list-title\"><span class=\"ez-toc-section\" id=\"Otros_articulos_de_interes\"><\/span>Otros art\u00edculos de inter\u00e9s:<span class=\"ez-toc-section-end\"><\/span><\/h3><div id=\"ez-toc-container\" class=\"ez-toc-v2_0_82_2 counter-flat ez-toc-counter ez-toc-custom ez-toc-container-direction\">\n<label for=\"ez-toc-cssicon-toggle-item-69d71047ca492\" class=\"ez-toc-cssicon-toggle-label\"><span class=\"\"><span class=\"eztoc-hide\" style=\"display:none;\">Toggle<\/span><span class=\"ez-toc-icon-toggle-span\"><svg style=\"fill: #1a2b49;color:#1a2b49\" xmlns=\"http:\/\/www.w3.org\/2000\/svg\" class=\"list-377408\" width=\"20px\" height=\"20px\" viewBox=\"0 0 24 24\" fill=\"none\"><path d=\"M6 6H4v2h2V6zm14 0H8v2h12V6zM4 11h2v2H4v-2zm16 0H8v2h12v-2zM4 16h2v2H4v-2zm16 0H8v2h12v-2z\" fill=\"currentColor\"><\/path><\/svg><svg style=\"fill: #1a2b49;color:#1a2b49\" class=\"arrow-unsorted-368013\" xmlns=\"http:\/\/www.w3.org\/2000\/svg\" width=\"10px\" height=\"10px\" viewBox=\"0 0 24 24\" version=\"1.2\" baseProfile=\"tiny\"><path d=\"M18.2 9.3l-6.2-6.3-6.2 6.3c-.2.2-.3.4-.3.7s.1.5.3.7c.2.2.4.3.7.3h11c.3 0 .5-.1.7-.3.2-.2.3-.5.3-.7s-.1-.5-.3-.7zM5.8 14.7l6.2 6.3 6.2-6.3c.2-.2.3-.5.3-.7s-.1-.5-.3-.7c-.2-.2-.4-.3-.7-.3h-11c-.3 0-.5.1-.7.3-.2.2-.3.5-.3.7s.1.5.3.7z\"\/><\/svg><\/span><\/span><\/label><input type=\"checkbox\"  id=\"ez-toc-cssicon-toggle-item-69d71047ca492\"  aria-label=\"Alternar\" \/><nav><ul class='ez-toc-list ez-toc-list-level-1 ' ><li class='ez-toc-page-1'><a class=\"ez-toc-link ez-toc-heading-1\" href=\"https:\/\/standuppaddleboardworld.com\/es\/temperatura-del-traje-de-neopreno\/#Otros_articulos_de_interes\" >Otros art\u00edculos de inter\u00e9s:<\/a><\/li><li class='ez-toc-page-1'><a class=\"ez-toc-link ez-toc-heading-2\" href=\"https:\/\/standuppaddleboardworld.com\/es\/temperatura-del-traje-de-neopreno\/#Guia_sobre_la_temperatura_del_traje_de_neopreno\" >Gu\u00eda sobre la temperatura del traje de neopreno<\/a><\/li><li class='ez-toc-page-1'><a class=\"ez-toc-link ez-toc-heading-3\" href=\"https:\/\/standuppaddleboardworld.com\/es\/temperatura-del-traje-de-neopreno\/#Los_rangos_de_grosor_y_la_durabilidad_y_ajuste_del_traje\" >Los rangos de grosor y la durabilidad y ajuste del traje<\/a><\/li><li class='ez-toc-page-1'><a class=\"ez-toc-link ez-toc-heading-4\" href=\"https:\/\/standuppaddleboardworld.com\/es\/temperatura-del-traje-de-neopreno\/#Conclusion\" >Conclusi\u00f3n<\/a><\/li><\/ul><\/nav><\/div>\n<ul class=\"crp-list\"><li class=\"crp-list-item crp-list-item-self crp-list-item-image-left crp-list-item-has-image\"><div class=\"crp-list-item-image\"><a href=\"https:\/\/standuppaddleboardworld.com\/es\/temperatura-del-traje-de-neopreno\/\"><img loading=\"lazy\" decoding=\"async\" data-pin-nopin=\"true\" style=\"max-width: 50px; height: auto;\" width=\"50\" height=\"50\" src=\"https:\/\/standuppaddleboardworld.com\/wp-content\/uploads\/2020\/07\/wetsuit-beach-fog-75x75.jpg\" class=\"attachment-50x50 size-50x50\" alt=\"\" srcset=\"https:\/\/standuppaddleboardworld.com\/wp-content\/uploads\/2020\/07\/wetsuit-beach-fog-75x75.jpg 75w, https:\/\/standuppaddleboardworld.com\/wp-content\/uploads\/2020\/07\/wetsuit-beach-fog-150x150.jpg 150w\" sizes=\"auto, (max-width: 50px) 100vw, 50px\" title=\"\"><\/a><\/div><div class=\"crp-list-item-title\"><a href=\"https:\/\/standuppaddleboardworld.com\/es\/temperatura-del-traje-de-neopreno\/\">Gu\u00eda sobre la temperatura del traje de neopreno<\/a><\/div><\/li><li class=\"crp-list-item crp-list-item-image-left crp-list-item-has-image\"><div class=\"crp-list-item-image\"><a href=\"https:\/\/standuppaddleboardworld.com\/es\/5-mejores-botas-de-neopreno\/\"><img loading=\"lazy\" decoding=\"async\" data-pin-nopin=\"true\" style=\"max-width: 50px; height: auto;\" width=\"50\" height=\"50\" src=\"https:\/\/standuppaddleboardworld.com\/wp-content\/uploads\/2021\/02\/Aqua-Shoes-on-Sand-75x75.jpg\" class=\"attachment-50x50 size-50x50\" alt=\"Aqua Shoes on Sand\" srcset=\"https:\/\/standuppaddleboardworld.com\/wp-content\/uploads\/2021\/02\/Aqua-Shoes-on-Sand-75x75.jpg 75w, https:\/\/standuppaddleboardworld.com\/wp-content\/uploads\/2021\/02\/Aqua-Shoes-on-Sand-150x150.jpg 150w\" sizes=\"auto, (max-width: 50px) 100vw, 50px\" title=\"\"><\/a><\/div><div class=\"crp-list-item-title\"><a href=\"https:\/\/standuppaddleboardworld.com\/es\/5-mejores-botas-de-neopreno\/\">Las 5 mejores botas de neopreno \u2013 Mant\u00e9n calientes los pies cuando se mojan<\/a><\/div><\/li><li class=\"crp-list-item crp-list-item-image-left crp-list-item-has-image\"><div class=\"crp-list-item-image\"><a href=\"https:\/\/standuppaddleboardworld.com\/es\/top-trajes-de-neopreno-para-ninos\/\"><img loading=\"lazy\" decoding=\"async\" data-pin-nopin=\"true\" style=\"max-width: 50px; height: auto;\" width=\"50\" height=\"50\" src=\"https:\/\/standuppaddleboardworld.com\/wp-content\/uploads\/2020\/11\/Kids-Wetsuits-75x75.jpg\" class=\"attachment-50x50 size-50x50\" alt=\"\" srcset=\"https:\/\/standuppaddleboardworld.com\/wp-content\/uploads\/2020\/11\/Kids-Wetsuits-75x75.jpg 75w, https:\/\/standuppaddleboardworld.com\/wp-content\/uploads\/2020\/11\/Kids-Wetsuits-150x150.jpg 150w\" sizes=\"auto, (max-width: 50px) 100vw, 50px\" title=\"\"><\/a><\/div><div class=\"crp-list-item-title\"><a href=\"https:\/\/standuppaddleboardworld.com\/es\/top-trajes-de-neopreno-para-ninos\/\">Mejores trajes de neopreno para ni\u00f1os del mercado<\/a><\/div><\/li><li class=\"crp-list-item crp-list-item-image-left crp-list-item-has-image\"><div class=\"crp-list-item-image\"><a href=\"https:\/\/standuppaddleboardworld.com\/es\/como-funciona-un-traje-de-neopreno\/\"><img loading=\"lazy\" decoding=\"async\" data-pin-nopin=\"true\" style=\"max-width: 50px; height: auto;\" width=\"50\" height=\"50\" src=\"https:\/\/standuppaddleboardworld.com\/wp-content\/uploads\/2020\/07\/Man-Entering-Water-Wetsuit-75x75.jpg\" class=\"attachment-50x50 size-50x50\" alt=\"\" srcset=\"https:\/\/standuppaddleboardworld.com\/wp-content\/uploads\/2020\/07\/Man-Entering-Water-Wetsuit-75x75.jpg 75w, https:\/\/standuppaddleboardworld.com\/wp-content\/uploads\/2020\/07\/Man-Entering-Water-Wetsuit-150x150.jpg 150w\" sizes=\"auto, (max-width: 50px) 100vw, 50px\" title=\"\"><\/a><\/div><div class=\"crp-list-item-title\"><a href=\"https:\/\/standuppaddleboardworld.com\/es\/como-funciona-un-traje-de-neopreno\/\">\u00bfC\u00f3mo funciona un traje de neopreno?<\/a><\/div><\/li><li class=\"crp-list-item crp-list-item-image-left crp-list-item-has-image\"><div class=\"crp-list-item-image\"><a href=\"https:\/\/standuppaddleboardworld.com\/es\/como-lavar-un-traje-de-neopreno\/\"><img loading=\"lazy\" decoding=\"async\" data-pin-nopin=\"true\" style=\"max-width: 50px; height: auto;\" width=\"50\" height=\"50\" src=\"https:\/\/standuppaddleboardworld.com\/wp-content\/uploads\/2020\/07\/wetsuits-drying-75x75.jpg\" class=\"attachment-50x50 size-50x50\" alt=\"\" srcset=\"https:\/\/standuppaddleboardworld.com\/wp-content\/uploads\/2020\/07\/wetsuits-drying-75x75.jpg 75w, https:\/\/standuppaddleboardworld.com\/wp-content\/uploads\/2020\/07\/wetsuits-drying-150x150.jpg 150w\" sizes=\"auto, (max-width: 50px) 100vw, 50px\" title=\"\"><\/a><\/div><div class=\"crp-list-item-title\"><a href=\"https:\/\/standuppaddleboardworld.com\/es\/como-lavar-un-traje-de-neopreno\/\">\u00bfC\u00f3mo lavar un traje de neopreno?<\/a><\/div><\/li><li class=\"crp-list-item crp-list-item-image-left crp-list-item-has-image\"><div class=\"crp-list-item-image\"><a href=\"https:\/\/standuppaddleboardworld.com\/es\/como-ponerse-un-traje-de-neopreno\/\"><img loading=\"lazy\" decoding=\"async\" data-pin-nopin=\"true\" style=\"max-width: 50px; height: auto;\" width=\"50\" height=\"50\" src=\"https:\/\/standuppaddleboardworld.com\/wp-content\/uploads\/2020\/07\/group-people-surfboards-wetsuits-75x75.jpg\" class=\"attachment-50x50 size-50x50\" alt=\"\" srcset=\"https:\/\/standuppaddleboardworld.com\/wp-content\/uploads\/2020\/07\/group-people-surfboards-wetsuits-75x75.jpg 75w, https:\/\/standuppaddleboardworld.com\/wp-content\/uploads\/2020\/07\/group-people-surfboards-wetsuits-150x150.jpg 150w\" sizes=\"auto, (max-width: 50px) 100vw, 50px\" title=\"\"><\/a><\/div><div class=\"crp-list-item-title\"><a href=\"https:\/\/standuppaddleboardworld.com\/es\/como-ponerse-un-traje-de-neopreno\/\">\u00bfC\u00f3mo ponerse un traje de neopreno de manera correcta?<\/a><\/div><\/li><li class=\"crp-list-item crp-list-item-image-left crp-list-item-has-image\"><div class=\"crp-list-item-image\"><a href=\"https:\/\/standuppaddleboardworld.com\/es\/traje-de-neopreno\/\"><img loading=\"lazy\" decoding=\"async\" data-pin-nopin=\"true\" style=\"max-width: 50px; height: auto;\" width=\"50\" height=\"50\" src=\"https:\/\/standuppaddleboardworld.com\/wp-content\/uploads\/2020\/07\/Man-Wetsuit-Snow-Cold-75x75.jpg\" class=\"attachment-50x50 size-50x50\" alt=\"\" srcset=\"https:\/\/standuppaddleboardworld.com\/wp-content\/uploads\/2020\/07\/Man-Wetsuit-Snow-Cold-75x75.jpg 75w, https:\/\/standuppaddleboardworld.com\/wp-content\/uploads\/2020\/07\/Man-Wetsuit-Snow-Cold-150x150.jpg 150w\" sizes=\"auto, (max-width: 50px) 100vw, 50px\" title=\"\"><\/a><\/div><div class=\"crp-list-item-title\"><a href=\"https:\/\/standuppaddleboardworld.com\/es\/traje-de-neopreno\/\">\u00bfQu\u00e9 es un traje de neopreno?<\/a><\/div><\/li><\/ul><\/div>\n\n\n<figure class=\"wp-block-image size-large\"><img loading=\"lazy\" decoding=\"async\" width=\"1024\" height=\"683\" src=\"https:\/\/standuppaddleboardworld.com\/wp-content\/uploads\/2020\/07\/Man-Wetsuit-Snow-Cold-1024x683.jpg\" alt=\"Gu\u00eda sobre la temperatura del traje de neopreno - Temperatura helada fr\u00edo hielo\" class=\"wp-image-9296\" title=\"\" srcset=\"https:\/\/standuppaddleboardworld.com\/wp-content\/uploads\/2020\/07\/Man-Wetsuit-Snow-Cold-1024x683.jpg 1024w, https:\/\/standuppaddleboardworld.com\/wp-content\/uploads\/2020\/07\/Man-Wetsuit-Snow-Cold-300x200.jpg 300w, https:\/\/standuppaddleboardworld.com\/wp-content\/uploads\/2020\/07\/Man-Wetsuit-Snow-Cold-768x512.jpg 768w, https:\/\/standuppaddleboardworld.com\/wp-content\/uploads\/2020\/07\/Man-Wetsuit-Snow-Cold.jpg 1200w\" sizes=\"auto, (max-width: 1024px) 100vw, 1024px\" \/><figcaption>La temperatura del traje de neopreno ser\u00e1 siempre superior al del exterior en climas fr\u00edos<\/figcaption><\/figure>\n\n\n\n<h2 class=\"wp-block-heading\"><span class=\"ez-toc-section\" id=\"Guia_sobre_la_temperatura_del_traje_de_neopreno\"><\/span>Gu\u00eda sobre la temperatura del traje de neopreno<span class=\"ez-toc-section-end\"><\/span><\/h2>\n\n\n\n<p>El grosor del traje de neopreno se expresa en mil\u00edmetros y suele estar marcado con dos o tres n\u00fameros separados por una barra. El primer n\u00famero indica el grosor del neopreno del traje en el <strong>pecho<\/strong>. El segundo n\u00famero corresponde a las <strong>piernas<\/strong>, y el tercero al grosor del neopreno en los <strong>brazos<\/strong>.<\/p>\n\n\n\n<p>No siempre se encuentran 3 n\u00fameros, sino 2 separados por una barra. Esto igualmente significa que el primer n\u00famero es el torso, y el segundo es para <strong>tus extremidades conjuntamente<\/strong>.<\/p>\n\n\n\n<p>Siempre ver\u00e1s que el primer n\u00famero es mayor, ya que el pecho siempre lleva m\u00e1s neopreno para mantenerte caliente. Como ves, el torso es extremadamente importante para mantener el calor y evitar la hipotermia. Seguidamente, el segundo y\/o tercer n\u00famero suelen ser menos gruesos ya que necesitas que los brazos y las piernas gocen de mayor movilidad, porque cuanto m\u00e1s grueso sea el neopreno, ganar\u00e1s calor a la vez que perder\u00e1s flexibilidad.<\/p>\n\n\n\n<p>Adem\u00e1s, aqu\u00ed tienes una <strong>referencia general<\/strong> sobre qu\u00e9 grosor de neopreno es adecuado para cada temperatura.<\/p>\n\n\n\n<figure class=\"wp-block-image size-large\"><img loading=\"lazy\" decoding=\"async\" width=\"1024\" height=\"682\" src=\"https:\/\/standuppaddleboardworld.com\/wp-content\/uploads\/2020\/07\/man-water-board-1024x682.jpg\" alt=\"Gu\u00eda sobre la temperatura del traje de neopreno - Chico con tabla de surf y olas\" class=\"wp-image-9356\" title=\"\" srcset=\"https:\/\/standuppaddleboardworld.com\/wp-content\/uploads\/2020\/07\/man-water-board-1024x682.jpg 1024w, https:\/\/standuppaddleboardworld.com\/wp-content\/uploads\/2020\/07\/man-water-board-300x200.jpg 300w, https:\/\/standuppaddleboardworld.com\/wp-content\/uploads\/2020\/07\/man-water-board-768x512.jpg 768w, https:\/\/standuppaddleboardworld.com\/wp-content\/uploads\/2020\/07\/man-water-board.jpg 1280w\" sizes=\"auto, (max-width: 1024px) 100vw, 1024px\" \/><figcaption>La temperatura del traje de neopreno se regulariza, al bloquear y calentar el agua<\/figcaption><\/figure>\n\n\n\n<p>Recuerda que <strong>las indicaciones y los n\u00fameros del fabricante pueden variar<\/strong>, por lo que cuando busques diferentes marcas de trajes de neopreno, siempre es importante que pidas confirmaci\u00f3n al fabricante, para que no te equivoques al seleccionar el grosor.<\/p>\n\n\n\n<ul class=\"list-styled wp-block-list\"><li>Para una temperatura del agua de <strong>24\u00b0 C o m\u00e1s<\/strong>, no es necesario ning\u00fan traje. Puedes usar un <strong>pantal\u00f3n corto de surf<\/strong>, una <a href=\"https:\/\/standuppaddleboardworld.com\/es\/mejor-camiseta-de-neopreno\/\" data-type=\"page\" data-id=\"27966\" target=\"_blank\" rel=\"noreferrer noopener\"><strong>chaquetilla<\/strong><\/a> o un <strong>ba\u00f1ador<\/strong>.<\/li><li>Para una temperatura del agua <strong>entre 18 y 24\u00b0 C<\/strong>, un traje de neopreno de <strong>3\/2 mm o 2 mm<\/strong> de grosor ser\u00eda adecuado. Puede ser en forma de <strong>traje completo<\/strong> o de mangas y pantalones <strong>cortos<\/strong>.<\/li><li>Para una temperatura del agua que oscile <strong>entre 17 y 20 \u00b0C<\/strong>, un traje de neopreno de <strong>3\/2 mm<\/strong> de grosor ser\u00eda suficiente. Puede ser en forma de <strong>traje completo<\/strong> o de traje <strong>corto<\/strong>.<\/li><li>Para una temperatura del agua que oscile <strong>entre 14 y 16 \u00b0C, <\/strong>te sugerir\u00eda un grosor de entre <strong>3\/2 mm o 4\/3 mm<\/strong> en modelo de <strong>traje completo<\/strong> o incluso uno con una <strong><a href=\"https:\/\/standuppaddleboardworld.com\/es\/capucha-de-neopreno\/\" data-type=\"page\" data-id=\"27963\" target=\"_blank\" rel=\"noreferrer noopener\">capucha<\/a> integrada<\/strong>.<\/li><li>Para una temperatura del agua que oscile <strong>entre 11 y 13 \u00b0C, <\/strong>mi sugerencia es un grosor de <strong>4\/3mm<\/strong> o <strong>5\/4\/3mm<\/strong> y un <strong>traje completo<\/strong> o uno con una <strong>capucha incluida<\/strong>.<\/li><li>Para una temperatura del agua que oscile <strong>entre 6 y 12 \u00b0C<\/strong>, te sugiero <strong>5\/4\/3mm<\/strong> o <strong>6\/5\/4mm<\/strong> en modelo de <strong>traje completo<\/strong> o incluso uno con una <strong><a href=\"https:\/\/standuppaddleboardworld.com\/es\/capucha-de-neopreno\/\" target=\"_blank\" rel=\"noreferrer noopener\">capucha<\/a> integrada<\/strong>.<\/li><li>Para temperaturas de agua por debajo de los <strong>6\u00b0 C,<\/strong> un grosor de <strong>6\/5\/4mm<\/strong> un <strong>traje completo con capucha integrada.<\/strong><\/li><\/ul>\n\n\n\n<figure class=\"wp-block-image size-large\"><img loading=\"lazy\" decoding=\"async\" width=\"1024\" height=\"731\" src=\"https:\/\/standuppaddleboardworld.com\/wp-content\/uploads\/2020\/07\/wetsuit-beach-fog-1024x731.jpg\" alt=\"Gu\u00eda sobre la temperatura del traje de neopreno - niebla en playa\" class=\"wp-image-9336\" title=\"\" srcset=\"https:\/\/standuppaddleboardworld.com\/wp-content\/uploads\/2020\/07\/wetsuit-beach-fog-1024x731.jpg 1024w, https:\/\/standuppaddleboardworld.com\/wp-content\/uploads\/2020\/07\/wetsuit-beach-fog-300x214.jpg 300w, https:\/\/standuppaddleboardworld.com\/wp-content\/uploads\/2020\/07\/wetsuit-beach-fog-768x548.jpg 768w, https:\/\/standuppaddleboardworld.com\/wp-content\/uploads\/2020\/07\/wetsuit-beach-fog-1536x1097.jpg 1536w, https:\/\/standuppaddleboardworld.com\/wp-content\/uploads\/2020\/07\/wetsuit-beach-fog.jpg 1920w\" sizes=\"auto, (max-width: 1024px) 100vw, 1024px\" \/><figcaption>Gu\u00eda sobre la temperatura del traje de neopreno &#8211; Playa con niebla<\/figcaption><\/figure>\n\n\n\n<p>En cualquier caso, como ya he se\u00f1alado, estas referencias deben tomarse a modo de recomendaci\u00f3n, ya que cada traje est\u00e1 fabricado de forma distinta y puede tener sus propias referencias en cuanto a grosor y temperatura del agua, que pueden discrepar ligeramente de las indicadas anteriormente y a las que deber\u00edas ce\u00f1irte.<\/p>\n\n\n\n<p>Adem\u00e1s de la temperatura del agua, conviene tener en cuenta tambi\u00e9n:<\/p>\n\n\n\n<ul class=\"list-styled wp-block-list\"><li>La temperatura del aire<\/li><li>La velocidad del viento<\/li><li>Cuan sensible seas para enfriarte<\/li><li>El rigor o nivel de actividad<\/li><\/ul>\n\n\n\n<h2 class=\"wp-block-heading\"><span class=\"ez-toc-section\" id=\"Los_rangos_de_grosor_y_la_durabilidad_y_ajuste_del_traje\"><\/span>Los rangos de grosor y la durabilidad y ajuste del traje<span class=\"ez-toc-section-end\"><\/span><\/h2>\n\n\n\n<p>Seguramente te est\u00e9s planteando ahora c\u00f3mo afectan los diferentes grosores a la durabilidad y al ajuste del traje.<\/p>\n\n\n\n<p>No hace falta mencionar que cuanto m\u00e1s grueso sea el traje, menos flexible pero m\u00e1s c\u00e1lido ser\u00e1. Seguro que lo habr\u00e1s deducido de la informaci\u00f3n anterior \ud83d\ude05.<\/p>\n\n\n\n<p>Pero, \u00bfc\u00f3mo afecta el grosor a la durabilidad y a la talla\/ajuste del traje de neopreno?<\/p>\n\n\n\n<p>La <strong>durabilidad <\/strong>de un traje de neopreno no se ve realmente afectada por su grosor. Cuanto m\u00e1s grueso es un traje, m\u00e1s material se ha utilizado en su fabricaci\u00f3n, de forma que es menos propenso a desgarrarse y romperse en t\u00e9rminos generales.<\/p>\n\n\n\n<p>Sin embargo, no se trata realmente de una gran diferencia, ya que tratamos con rangos de 1 a 2 mm, que al fin y al cabo para la durabilidad no implica pr\u00e1cticamente nada.<\/p>\n\n\n\n<p>El <strong>ajuste <\/strong>tambi\u00e9n se ve muy poco influido por el grosor del traje. Una cosa que puede cambiar significativamente es c\u00f3mo te sientes con \u00e9l. Cuanto m\u00e1s grueso sea el traje, menos flexible ser\u00e1. Adem\u00e1s, al principio, puede que te parezca que te queda media talla m\u00e1s peque\u00f1o hasta que lo lleves lo suficiente como para que se adapte a la forma de tu cuerpo y comience a aflojarse un poco.<\/p>\n\n\n\n<h2 class=\"wp-block-heading\"><span class=\"ez-toc-section\" id=\"Conclusion\"><\/span>Conclusi\u00f3n<span class=\"ez-toc-section-end\"><\/span><\/h2>\n\n\n\n<p class=\"block-conclusion\">\u00a1Y hasta aqu\u00ed la gu\u00eda de temperatura del traje de neopreno! Espero que esta informaci\u00f3n te haya parecido de utilidad. Como siempre, si tienes cualquier duda, d\u00e9jame tu comentario y te animo a que me sigas a trav\u00e9s de mis redes sociales. Me puedes encontrar en <a rel=\"noreferrer noopener\" href=\"https:\/\/www.facebook.com\/Stand-up-Paddle-board-world-108155824075435\/\" target=\"_blank\">Facebook<\/a> o <a rel=\"noreferrer noopener\" href=\"https:\/\/www.instagram.com\/standuppaddleboardworld\/\" target=\"_blank\">Instagram<\/a>. \u00a1Nos vemos en el agua!<\/p>\n","protected":false},"excerpt":{"rendered":"<p>Adem\u00e1s de comprender de qu\u00e9 est\u00e1n hechos los trajes de neopreno y c\u00f3mo funcionan, creo que es importante elegir el grosor del traje adecuado para el entorno en el que te vas a encontrar, ya sea remando, surfeando, buceando o lo que sea que te guste. Por eso he escrito esta gu\u00eda sobre la temperatura [&hellip;]<\/p>\n","protected":false},"author":1,"featured_media":40239,"parent":0,"menu_order":0,"comment_status":"open","ping_status":"closed","template":"page-templates\/reviews.php","meta":{"_genesis_hide_title":false,"_genesis_hide_breadcrumbs":false,"_genesis_hide_singular_image":false,"_genesis_hide_footer_widgets":false,"_genesis_custom_body_class":"","_genesis_custom_post_class":"","_genesis_layout":"","footnotes":""},"categories":[],"tags":[],"class_list":{"0":"post-40246","1":"page","2":"type-page","3":"status-publish","4":"has-post-thumbnail","6":"entry"},"acf":[],"_links":{"self":[{"href":"https:\/\/standuppaddleboardworld.com\/es\/wp-json\/wp\/v2\/pages\/40246","targetHints":{"allow":["GET"]}}],"collection":[{"href":"https:\/\/standuppaddleboardworld.com\/es\/wp-json\/wp\/v2\/pages"}],"about":[{"href":"https:\/\/standuppaddleboardworld.com\/es\/wp-json\/wp\/v2\/types\/page"}],"author":[{"embeddable":true,"href":"https:\/\/standuppaddleboardworld.com\/es\/wp-json\/wp\/v2\/users\/1"}],"replies":[{"embeddable":true,"href":"https:\/\/standuppaddleboardworld.com\/es\/wp-json\/wp\/v2\/comments?post=40246"}],"version-history":[{"count":0,"href":"https:\/\/standuppaddleboardworld.com\/es\/wp-json\/wp\/v2\/pages\/40246\/revisions"}],"wp:featuredmedia":[{"embeddable":true,"href":"https:\/\/standuppaddleboardworld.com\/es\/wp-json\/wp\/v2\/media\/40239"}],"wp:attachment":[{"href":"https:\/\/standuppaddleboardworld.com\/es\/wp-json\/wp\/v2\/media?parent=40246"}],"wp:term":[{"taxonomy":"category","embeddable":true,"href":"https:\/\/standuppaddleboardworld.com\/es\/wp-json\/wp\/v2\/categories?post=40246"},{"taxonomy":"post_tag","embeddable":true,"href":"https:\/\/standuppaddleboardworld.com\/es\/wp-json\/wp\/v2\/tags?post=40246"}],"curies":[{"name":"wp","href":"https:\/\/api.w.org\/{rel}","templated":true}]}}