{"id":40230,"date":"2021-07-15T13:48:29","date_gmt":"2021-07-15T12:48:29","guid":{"rendered":"https:\/\/standuppaddleboardworld.com\/?page_id=40230"},"modified":"2021-07-17T11:03:10","modified_gmt":"2021-07-17T10:03:10","slug":"como-funciona-un-traje-de-neopreno","status":"publish","type":"page","link":"https:\/\/standuppaddleboardworld.com\/es\/como-funciona-un-traje-de-neopreno\/","title":{"rendered":"\u00bfC\u00f3mo funciona un traje de neopreno?"},"content":{"rendered":"\n<p class=\"block-highlight-filled\">En lo que se refiere al equipo de <a href=\"https:\/\/es.wikipedia.org\/wiki\/Surf_de_pala\" target=\"_blank\" rel=\"noreferrer noopener\">paddle surf<\/a>, los trajes de neopreno son algo muy importante. En este art\u00edculo hablar\u00e9 principalmente de c\u00f3mo funciona un traje de neopreno. Para empezar, si tienes demasiadas preguntas en la cabeza y no sabes por d\u00f3nde empezar, te sugiero que leas toda la informaci\u00f3n b\u00e1sica sobre lo <a href=\"https:\/\/standuppaddleboardworld.com\/es\/traje-de-neopreno\/\" target=\"_blank\" data-type=\"page\" data-id=\"40227\" rel=\"noreferrer noopener\">que es un traje de neopreno aqu\u00ed<\/a>.<br><br>Venga, te espero\u2026 \u00bfListo? Entremos en detalles sobre por qu\u00e9 un traje de neopreno est\u00e1 hecho de la forma en que est\u00e1 hecho y c\u00f3mo funciona su dise\u00f1o cuando est\u00e1s en el agua.<\/p>\n\n\n\n<figure class=\"wp-block-image size-large\"><img loading=\"lazy\" decoding=\"async\" width=\"1024\" height=\"680\" src=\"https:\/\/standuppaddleboardworld.com\/wp-content\/uploads\/2020\/07\/Man-Wetsuit-Close-Up-1024x680.jpg\" alt=\"C\u00f3mo funciona un traje de neopreno - Vista de chico esperando las olas con una tabla de surf Carbon\" class=\"wp-image-9299\" title=\"\" srcset=\"https:\/\/standuppaddleboardworld.com\/wp-content\/uploads\/2020\/07\/Man-Wetsuit-Close-Up-1024x680.jpg 1024w, https:\/\/standuppaddleboardworld.com\/wp-content\/uploads\/2020\/07\/Man-Wetsuit-Close-Up-300x199.jpg 300w, https:\/\/standuppaddleboardworld.com\/wp-content\/uploads\/2020\/07\/Man-Wetsuit-Close-Up-768x510.jpg 768w, https:\/\/standuppaddleboardworld.com\/wp-content\/uploads\/2020\/07\/Man-Wetsuit-Close-Up.jpg 1200w\" sizes=\"auto, (max-width: 1024px) 100vw, 1024px\" \/><\/figure>\n\n\n\n<h2 class=\"wp-block-heading\"><span class=\"ez-toc-section\" id=\"%C2%BFComo_funciona_un_traje_de_neopreno\"><\/span>\u00bfC\u00f3mo funciona un traje de neopreno?<span class=\"ez-toc-section-end\"><\/span><\/h2><div id=\"ez-toc-container\" class=\"ez-toc-v2_0_82_2 counter-flat ez-toc-counter ez-toc-custom ez-toc-container-direction\">\n<label for=\"ez-toc-cssicon-toggle-item-69da1efc58d07\" class=\"ez-toc-cssicon-toggle-label\"><span class=\"\"><span class=\"eztoc-hide\" style=\"display:none;\">Toggle<\/span><span class=\"ez-toc-icon-toggle-span\"><svg style=\"fill: #1a2b49;color:#1a2b49\" xmlns=\"http:\/\/www.w3.org\/2000\/svg\" class=\"list-377408\" width=\"20px\" height=\"20px\" viewBox=\"0 0 24 24\" fill=\"none\"><path d=\"M6 6H4v2h2V6zm14 0H8v2h12V6zM4 11h2v2H4v-2zm16 0H8v2h12v-2zM4 16h2v2H4v-2zm16 0H8v2h12v-2z\" fill=\"currentColor\"><\/path><\/svg><svg style=\"fill: #1a2b49;color:#1a2b49\" class=\"arrow-unsorted-368013\" xmlns=\"http:\/\/www.w3.org\/2000\/svg\" width=\"10px\" height=\"10px\" viewBox=\"0 0 24 24\" version=\"1.2\" baseProfile=\"tiny\"><path d=\"M18.2 9.3l-6.2-6.3-6.2 6.3c-.2.2-.3.4-.3.7s.1.5.3.7c.2.2.4.3.7.3h11c.3 0 .5-.1.7-.3.2-.2.3-.5.3-.7s-.1-.5-.3-.7zM5.8 14.7l6.2 6.3 6.2-6.3c.2-.2.3-.5.3-.7s-.1-.5-.3-.7c-.2-.2-.4-.3-.7-.3h-11c-.3 0-.5.1-.7.3-.2.2-.3.5-.3.7s.1.5.3.7z\"\/><\/svg><\/span><\/span><\/label><input type=\"checkbox\"  id=\"ez-toc-cssicon-toggle-item-69da1efc58d07\"  aria-label=\"Alternar\" \/><nav><ul class='ez-toc-list ez-toc-list-level-1 ' ><li class='ez-toc-page-1'><a class=\"ez-toc-link ez-toc-heading-1\" href=\"https:\/\/standuppaddleboardworld.com\/es\/como-funciona-un-traje-de-neopreno\/#%C2%BFComo_funciona_un_traje_de_neopreno\" >\u00bfC\u00f3mo funciona un traje de neopreno?<\/a><\/li><li class='ez-toc-page-1'><a class=\"ez-toc-link ez-toc-heading-2\" href=\"https:\/\/standuppaddleboardworld.com\/es\/como-funciona-un-traje-de-neopreno\/#Como_funciona_un_traje_de_neopreno_los_4_elementos_principales_de_un_traje_de_neopreno\" >C\u00f3mo funciona un traje de neopreno: los 4 elementos principales de un traje de neopreno<\/a><\/li><li class='ez-toc-page-1'><a class=\"ez-toc-link ez-toc-heading-3\" href=\"https:\/\/standuppaddleboardworld.com\/es\/como-funciona-un-traje-de-neopreno\/#Contenidos_relacionados\" >Contenidos relacionados<\/a><\/li><\/ul><\/nav><\/div>\n\n\n\n\n<p>Un traje de neopreno est\u00e1 hecho de un material espec\u00edfico, el neopreno, que es capaz de retener una fina capa de agua en su interior. Esta peque\u00f1a cantidad de agua se calienta con la temperatura de tu cuerpo, y permanecer\u00e1 all\u00ed para evitar que pierdas el calor corporal cuando est\u00e9s en el agua.<\/p>\n\n\n\n<p>Aunque hay diferentes modelos y dise\u00f1os de trajes de neopreno, su objetivo principal es aislar el agua de las bajas temperaturas y mantener el calor en tu interior para que no sufras hipotermia.<\/p>\n\n\n\n<h2 class=\"wp-block-heading\"><span class=\"ez-toc-section\" id=\"Como_funciona_un_traje_de_neopreno_los_4_elementos_principales_de_un_traje_de_neopreno\"><\/span>C\u00f3mo funciona un traje de neopreno: los 4 elementos principales de un traje de neopreno<span class=\"ez-toc-section-end\"><\/span><\/h2>\n\n\n\n<p>No todos los trajes de neopreno son iguales. Hay una gran variedad de trajes, que van desde los 70 hasta los 600 euros y hasta m\u00e1s, por lo que es de esperar que existan diferencias en la fabricaci\u00f3n y calidad de los materiales. Sin embargo, sea cual sea tu presupuesto, debes fijarte en los siguientes 4 atributos de tu traje de neopreno.<\/p>\n\n\n\n<ol class=\"wp-block-list\"><li>El calor<\/li><li>La flexibilidad<\/li><li>La durabilidad<\/li><li>El ajuste<\/li><\/ol>\n\n\n\n<p>Los cuatro factores deben cumplirse y compensarse bien para que el traje funcione bien durante cualquier actividad que realices en el agua.<\/p>\n\n\n\n<figure class=\"wp-block-image size-large\"><img loading=\"lazy\" decoding=\"async\" width=\"1024\" height=\"683\" src=\"https:\/\/standuppaddleboardworld.com\/wp-content\/uploads\/2020\/07\/Man-Wetsuit-Snow-Cold-1024x683.jpg\" alt=\"C\u00f3mo funciona un traje de neopreno - F\u00edo y viento g\u00e9lido\" class=\"wp-image-9296\" title=\"\" srcset=\"https:\/\/standuppaddleboardworld.com\/wp-content\/uploads\/2020\/07\/Man-Wetsuit-Snow-Cold-1024x683.jpg 1024w, https:\/\/standuppaddleboardworld.com\/wp-content\/uploads\/2020\/07\/Man-Wetsuit-Snow-Cold-300x200.jpg 300w, https:\/\/standuppaddleboardworld.com\/wp-content\/uploads\/2020\/07\/Man-Wetsuit-Snow-Cold-768x512.jpg 768w, https:\/\/standuppaddleboardworld.com\/wp-content\/uploads\/2020\/07\/Man-Wetsuit-Snow-Cold.jpg 1200w\" sizes=\"auto, (max-width: 1024px) 100vw, 1024px\" \/><figcaption>Descubre c\u00f3mo funciona un traje de neopreno para saber por qu\u00e9 no te congelas en climas fr\u00edos<\/figcaption><\/figure>\n\n\n\n<p>La raz\u00f3n por la que digo que \u00abdeben compensarse\u00bb es que si una parte prevalece sobre otra, estar\u00e1s sacrificando su funcionalidad. Por ejemplo, si tu traje de neopreno presenta m\u00e1s puntos de costura, entonces te durar\u00e1 m\u00e1s. Y eso es genial, \u00bfno? No hay nada malo en que mi traje de neopreno sea duradero, dir\u00e1s. Bueno, s\u00ed, pero entonces estar\u00e1s ganando en durabilidad a costa de perder flexibilidad.<\/p>\n\n\n\n<p>Si practicas el surf o el paddle surf, la <strong>flexibilidad <\/strong>es la clave para ganar velocidad y realizar maniobras en el agua. Y tu traje de neopreno no har\u00e1 m\u00e1s que frenarte.<\/p>\n\n\n\n<p><em>Pues va a ser que no<\/em>. As\u00ed no es como deber\u00eda funcionar tu traje de neopreno.<\/p>\n\n\n\n<p>Dicho esto, aqu\u00ed est\u00e1n los cuatro atributos principales que hay que destacar en un traje de neopreno, explicados con detalle.<\/p>\n\n\n\n<figure class=\"wp-block-image size-large\"><img loading=\"lazy\" decoding=\"async\" width=\"1024\" height=\"683\" src=\"https:\/\/standuppaddleboardworld.com\/wp-content\/uploads\/2020\/07\/Man-Wetsuit-Board-Rocks-1024x683.jpg\" alt=\"C\u00f3mo funciona un traje de neopreno - Chico con tabla en mano rocas playa\" class=\"wp-image-9311\" title=\"\" srcset=\"https:\/\/standuppaddleboardworld.com\/wp-content\/uploads\/2020\/07\/Man-Wetsuit-Board-Rocks-1024x683.jpg 1024w, https:\/\/standuppaddleboardworld.com\/wp-content\/uploads\/2020\/07\/Man-Wetsuit-Board-Rocks-300x200.jpg 300w, https:\/\/standuppaddleboardworld.com\/wp-content\/uploads\/2020\/07\/Man-Wetsuit-Board-Rocks-768x512.jpg 768w, https:\/\/standuppaddleboardworld.com\/wp-content\/uploads\/2020\/07\/Man-Wetsuit-Board-Rocks.jpg 1200w\" sizes=\"auto, (max-width: 1024px) 100vw, 1024px\" \/><figcaption><strong>Traje de neopreno<\/strong> completo<\/figcaption><\/figure>\n\n\n\n<p><strong>C\u00f3mo funciona un traje de neopreno:<\/strong> <strong>calor<br><\/strong>El calor es una de las razones m\u00e1s importantes por las que se compra un traje de neopreno. Es decir, si tu traje de neopreno no hace una gran labor a la hora de calentarte, \u00bfpara qu\u00e9 gastar dinero en \u00e9l, no?<\/p>\n\n\n\n<p>Obviamente, el calor de un traje de neopreno est\u00e1 directamente relacionado con el grosor de los materiales utilizados en su fabricaci\u00f3n. Es decir, con el neopreno que se haya utilizado. Los trajes de neopreno m\u00e1s frecuentes son los de 5mm y 3mm de grosor seg\u00fan los materiales. Sin embargo, para esto, hablaremos m\u00e1s a fondo aqu\u00ed en el art\u00edculo sobre las <a href=\"https:\/\/standuppaddleboardworld.com\/wetsuit\/wetsuit-temperature-guide\" target=\"_blank\" rel=\"noreferrer noopener\">temperaturas de los trajes de neopreno<\/a>. Otros elementos, adem\u00e1s del grosor del material, que contribuyen al calor son las costuras, los forros internos, los sistemas de entrada y el tipo espec\u00edfico de neopreno.<\/p>\n\n\n\n<p><strong>C\u00f3mo funciona un traje de neopreno:<\/strong> <strong>flexibilidad<br><\/strong>El calor o el grosor nos conducen a la flexibilidad del traje de neopreno. Como he mencionado antes, estos dos factores est\u00e1n directamente relacionados, ya que cuanto m\u00e1s grueso sea el traje, menos flexible ser\u00e1 y viceversa.<\/p>\n\n\n\n<p>En esencia, la flexibilidad de un traje de neopreno se refiere a su elasticidad. Cuando tu traje de neopreno es m\u00e1s flexible, puedes realizar maniobras m\u00e1s avanzadas sin inconvenientes, ganas velocidad y puedes ponerte y quitarte el traje con rapidez. Como he dicho antes, cuanto m\u00e1s grueso sea el neopreno, m\u00e1s resistencia sentir\u00e1s al practicar paddle surf.<\/p>\n\n\n\n<figure class=\"wp-block-image size-large\"><img loading=\"lazy\" decoding=\"async\" width=\"1024\" height=\"683\" src=\"https:\/\/standuppaddleboardworld.com\/wp-content\/uploads\/2020\/07\/Surf-Action-Wetsuit-1024x683.jpg\" alt=\"C\u00f3mo funciona un traje de neopreno - Surfeando Surf en acci\u00f3n con ola\" class=\"wp-image-9314\" title=\"\" srcset=\"https:\/\/standuppaddleboardworld.com\/wp-content\/uploads\/2020\/07\/Surf-Action-Wetsuit-1024x683.jpg 1024w, https:\/\/standuppaddleboardworld.com\/wp-content\/uploads\/2020\/07\/Surf-Action-Wetsuit-300x200.jpg 300w, https:\/\/standuppaddleboardworld.com\/wp-content\/uploads\/2020\/07\/Surf-Action-Wetsuit-768x512.jpg 768w, https:\/\/standuppaddleboardworld.com\/wp-content\/uploads\/2020\/07\/Surf-Action-Wetsuit.jpg 1200w\" sizes=\"auto, (max-width: 1024px) 100vw, 1024px\" \/><figcaption>Llegados a este punto, casi sabes todo sobre c\u00f3mo funciona un traje de neopreno<\/figcaption><\/figure>\n\n\n\n<p><strong>C\u00f3mo funciona un traje de neopreno:<\/strong> <strong>durabilidad<br><\/strong>La durabilidad tambi\u00e9n viene determinada por el grosor del traje, pero esta vez de la misma forma que el calor. Cuanto m\u00e1s grueso sea el traje, m\u00e1s c\u00e1lido y duradero ser\u00e1.<\/p>\n\n\n\n<p>En ning\u00fan caso quiero que pagues sumas ingentes de dinero por un traje de neopreno que no te va a durar. Por eso, a la hora de valorar la durabilidad, otro factor (excepto el precio) que te dir\u00e1 lo duradero que ser\u00e1 tu traje de neopreno son las costuras. Puedes leer m\u00e1s sobre este tema en el art\u00edculo sobre <a href=\"https:\/\/standuppaddleboardworld.com\/wetsuit-material\/\">los materiales que componen los trajes de neopreno.<\/a><\/p>\n\n\n\n<p><strong>C\u00f3mo funciona un traje de neopreno:<\/strong> <strong>ajuste<br><\/strong>Adem\u00e1s del grosor, el encaje del traje garantiza una excelente flexibilidad. Desde mi punto de vista, despu\u00e9s de haber probado cientos de trajes a lo largo de mi vida, dir\u00eda que el ajuste de tu traje de neopreno es lo que te mantendr\u00e1 caliente y cu\u00e1nta libertad de movimiento tendr\u00e1s cuando est\u00e9s en el agua. Si es muy grande, no estar\u00e1s caliente, pero si es demasiado peque\u00f1o, puede limitar tus movimientos en brazos y piernas. Haz <a href=\"https:\/\/standuppaddleboardworld.com\/wetsuit\/wetsuit-material\">clic aqu\u00ed<\/a> para saber todo sobre los materiales del traje de neopreno y las recomendaciones para su colocaci\u00f3n.<\/p>\n\n\n<div class=\"crp-list-container\"><h3 class=\"crp-list-title\"><span class=\"ez-toc-section\" id=\"Contenidos_relacionados\"><\/span>Contenidos relacionados<span class=\"ez-toc-section-end\"><\/span><\/h3><ul class=\"crp-list\"><li class=\"crp-list-item crp-list-item-image-left crp-list-item-has-image\"><div class=\"crp-list-item-image\"><a href=\"https:\/\/standuppaddleboardworld.com\/es\/temperatura-del-traje-de-neopreno\/\"><img loading=\"lazy\" decoding=\"async\" data-pin-nopin=\"true\" style=\"max-width: 50px; height: auto;\" width=\"50\" height=\"50\" src=\"https:\/\/standuppaddleboardworld.com\/wp-content\/uploads\/2020\/07\/wetsuit-beach-fog-75x75.jpg\" class=\"attachment-50x50 size-50x50\" alt=\"\" srcset=\"https:\/\/standuppaddleboardworld.com\/wp-content\/uploads\/2020\/07\/wetsuit-beach-fog-75x75.jpg 75w, https:\/\/standuppaddleboardworld.com\/wp-content\/uploads\/2020\/07\/wetsuit-beach-fog-150x150.jpg 150w\" sizes=\"auto, (max-width: 50px) 100vw, 50px\" title=\"\"><\/a><\/div><div class=\"crp-list-item-title\"><a href=\"https:\/\/standuppaddleboardworld.com\/es\/temperatura-del-traje-de-neopreno\/\">Gu\u00eda sobre la temperatura del traje de neopreno<\/a><\/div><\/li><li class=\"crp-list-item crp-list-item-image-left crp-list-item-has-image\"><div class=\"crp-list-item-image\"><a href=\"https:\/\/standuppaddleboardworld.com\/es\/5-mejores-botas-de-neopreno\/\"><img loading=\"lazy\" decoding=\"async\" data-pin-nopin=\"true\" style=\"max-width: 50px; height: auto;\" width=\"50\" height=\"50\" src=\"https:\/\/standuppaddleboardworld.com\/wp-content\/uploads\/2021\/02\/Aqua-Shoes-on-Sand-75x75.jpg\" class=\"attachment-50x50 size-50x50\" alt=\"Aqua Shoes on Sand\" srcset=\"https:\/\/standuppaddleboardworld.com\/wp-content\/uploads\/2021\/02\/Aqua-Shoes-on-Sand-75x75.jpg 75w, https:\/\/standuppaddleboardworld.com\/wp-content\/uploads\/2021\/02\/Aqua-Shoes-on-Sand-150x150.jpg 150w\" sizes=\"auto, (max-width: 50px) 100vw, 50px\" title=\"\"><\/a><\/div><div class=\"crp-list-item-title\"><a href=\"https:\/\/standuppaddleboardworld.com\/es\/5-mejores-botas-de-neopreno\/\">Las 5 mejores botas de neopreno \u2013 Mant\u00e9n calientes los pies cuando se mojan<\/a><\/div><\/li><li class=\"crp-list-item crp-list-item-image-left crp-list-item-has-image\"><div class=\"crp-list-item-image\"><a href=\"https:\/\/standuppaddleboardworld.com\/es\/top-trajes-de-neopreno-para-ninos\/\"><img loading=\"lazy\" decoding=\"async\" data-pin-nopin=\"true\" style=\"max-width: 50px; height: auto;\" width=\"50\" height=\"50\" src=\"https:\/\/standuppaddleboardworld.com\/wp-content\/uploads\/2020\/11\/Kids-Wetsuits-75x75.jpg\" class=\"attachment-50x50 size-50x50\" alt=\"\" srcset=\"https:\/\/standuppaddleboardworld.com\/wp-content\/uploads\/2020\/11\/Kids-Wetsuits-75x75.jpg 75w, https:\/\/standuppaddleboardworld.com\/wp-content\/uploads\/2020\/11\/Kids-Wetsuits-150x150.jpg 150w\" sizes=\"auto, (max-width: 50px) 100vw, 50px\" title=\"\"><\/a><\/div><div class=\"crp-list-item-title\"><a href=\"https:\/\/standuppaddleboardworld.com\/es\/top-trajes-de-neopreno-para-ninos\/\">Mejores trajes de neopreno para ni\u00f1os del mercado<\/a><\/div><\/li><li class=\"crp-list-item crp-list-item-self crp-list-item-image-left crp-list-item-has-image\"><div class=\"crp-list-item-image\"><a href=\"https:\/\/standuppaddleboardworld.com\/es\/como-funciona-un-traje-de-neopreno\/\"><img loading=\"lazy\" decoding=\"async\" data-pin-nopin=\"true\" style=\"max-width: 50px; height: auto;\" width=\"50\" height=\"50\" src=\"https:\/\/standuppaddleboardworld.com\/wp-content\/uploads\/2020\/07\/Man-Entering-Water-Wetsuit-75x75.jpg\" class=\"attachment-50x50 size-50x50\" alt=\"\" srcset=\"https:\/\/standuppaddleboardworld.com\/wp-content\/uploads\/2020\/07\/Man-Entering-Water-Wetsuit-75x75.jpg 75w, https:\/\/standuppaddleboardworld.com\/wp-content\/uploads\/2020\/07\/Man-Entering-Water-Wetsuit-150x150.jpg 150w\" sizes=\"auto, (max-width: 50px) 100vw, 50px\" title=\"\"><\/a><\/div><div class=\"crp-list-item-title\"><a href=\"https:\/\/standuppaddleboardworld.com\/es\/como-funciona-un-traje-de-neopreno\/\">\u00bfC\u00f3mo funciona un traje de neopreno?<\/a><\/div><\/li><li class=\"crp-list-item crp-list-item-image-left crp-list-item-has-image\"><div class=\"crp-list-item-image\"><a href=\"https:\/\/standuppaddleboardworld.com\/es\/como-lavar-un-traje-de-neopreno\/\"><img loading=\"lazy\" decoding=\"async\" data-pin-nopin=\"true\" style=\"max-width: 50px; height: auto;\" width=\"50\" height=\"50\" src=\"https:\/\/standuppaddleboardworld.com\/wp-content\/uploads\/2020\/07\/wetsuits-drying-75x75.jpg\" class=\"attachment-50x50 size-50x50\" alt=\"\" srcset=\"https:\/\/standuppaddleboardworld.com\/wp-content\/uploads\/2020\/07\/wetsuits-drying-75x75.jpg 75w, https:\/\/standuppaddleboardworld.com\/wp-content\/uploads\/2020\/07\/wetsuits-drying-150x150.jpg 150w\" sizes=\"auto, (max-width: 50px) 100vw, 50px\" title=\"\"><\/a><\/div><div class=\"crp-list-item-title\"><a href=\"https:\/\/standuppaddleboardworld.com\/es\/como-lavar-un-traje-de-neopreno\/\">\u00bfC\u00f3mo lavar un traje de neopreno?<\/a><\/div><\/li><li class=\"crp-list-item crp-list-item-image-left crp-list-item-has-image\"><div class=\"crp-list-item-image\"><a href=\"https:\/\/standuppaddleboardworld.com\/es\/como-ponerse-un-traje-de-neopreno\/\"><img loading=\"lazy\" decoding=\"async\" data-pin-nopin=\"true\" style=\"max-width: 50px; height: auto;\" width=\"50\" height=\"50\" src=\"https:\/\/standuppaddleboardworld.com\/wp-content\/uploads\/2020\/07\/group-people-surfboards-wetsuits-75x75.jpg\" class=\"attachment-50x50 size-50x50\" alt=\"\" srcset=\"https:\/\/standuppaddleboardworld.com\/wp-content\/uploads\/2020\/07\/group-people-surfboards-wetsuits-75x75.jpg 75w, https:\/\/standuppaddleboardworld.com\/wp-content\/uploads\/2020\/07\/group-people-surfboards-wetsuits-150x150.jpg 150w\" sizes=\"auto, (max-width: 50px) 100vw, 50px\" title=\"\"><\/a><\/div><div class=\"crp-list-item-title\"><a href=\"https:\/\/standuppaddleboardworld.com\/es\/como-ponerse-un-traje-de-neopreno\/\">\u00bfC\u00f3mo ponerse un traje de neopreno de manera correcta?<\/a><\/div><\/li><li class=\"crp-list-item crp-list-item-image-left crp-list-item-has-image\"><div class=\"crp-list-item-image\"><a href=\"https:\/\/standuppaddleboardworld.com\/es\/traje-de-neopreno\/\"><img loading=\"lazy\" decoding=\"async\" data-pin-nopin=\"true\" style=\"max-width: 50px; height: auto;\" width=\"50\" height=\"50\" src=\"https:\/\/standuppaddleboardworld.com\/wp-content\/uploads\/2020\/07\/Man-Wetsuit-Snow-Cold-75x75.jpg\" class=\"attachment-50x50 size-50x50\" alt=\"\" srcset=\"https:\/\/standuppaddleboardworld.com\/wp-content\/uploads\/2020\/07\/Man-Wetsuit-Snow-Cold-75x75.jpg 75w, https:\/\/standuppaddleboardworld.com\/wp-content\/uploads\/2020\/07\/Man-Wetsuit-Snow-Cold-150x150.jpg 150w\" sizes=\"auto, (max-width: 50px) 100vw, 50px\" title=\"\"><\/a><\/div><div class=\"crp-list-item-title\"><a href=\"https:\/\/standuppaddleboardworld.com\/es\/traje-de-neopreno\/\">\u00bfQu\u00e9 es un traje de neopreno?<\/a><\/div><\/li><\/ul><\/div>","protected":false},"excerpt":{"rendered":"<p>En lo que se refiere al equipo de paddle surf, los trajes de neopreno son algo muy importante. En este art\u00edculo hablar\u00e9 principalmente de c\u00f3mo funciona un traje de neopreno. Para empezar, si tienes demasiadas preguntas en la cabeza y no sabes por d\u00f3nde empezar, te sugiero que leas toda la informaci\u00f3n b\u00e1sica sobre lo [&hellip;]<\/p>\n","protected":false},"author":1,"featured_media":17592,"parent":0,"menu_order":0,"comment_status":"open","ping_status":"closed","template":"page-templates\/reviews.php","meta":{"_genesis_hide_title":false,"_genesis_hide_breadcrumbs":false,"_genesis_hide_singular_image":false,"_genesis_hide_footer_widgets":false,"_genesis_custom_body_class":"","_genesis_custom_post_class":"","_genesis_layout":"","footnotes":""},"categories":[],"tags":[],"class_list":{"0":"post-40230","1":"page","2":"type-page","3":"status-publish","4":"has-post-thumbnail","6":"entry"},"acf":[],"_links":{"self":[{"href":"https:\/\/standuppaddleboardworld.com\/es\/wp-json\/wp\/v2\/pages\/40230","targetHints":{"allow":["GET"]}}],"collection":[{"href":"https:\/\/standuppaddleboardworld.com\/es\/wp-json\/wp\/v2\/pages"}],"about":[{"href":"https:\/\/standuppaddleboardworld.com\/es\/wp-json\/wp\/v2\/types\/page"}],"author":[{"embeddable":true,"href":"https:\/\/standuppaddleboardworld.com\/es\/wp-json\/wp\/v2\/users\/1"}],"replies":[{"embeddable":true,"href":"https:\/\/standuppaddleboardworld.com\/es\/wp-json\/wp\/v2\/comments?post=40230"}],"version-history":[{"count":0,"href":"https:\/\/standuppaddleboardworld.com\/es\/wp-json\/wp\/v2\/pages\/40230\/revisions"}],"wp:featuredmedia":[{"embeddable":true,"href":"https:\/\/standuppaddleboardworld.com\/es\/wp-json\/wp\/v2\/media\/17592"}],"wp:attachment":[{"href":"https:\/\/standuppaddleboardworld.com\/es\/wp-json\/wp\/v2\/media?parent=40230"}],"wp:term":[{"taxonomy":"category","embeddable":true,"href":"https:\/\/standuppaddleboardworld.com\/es\/wp-json\/wp\/v2\/categories?post=40230"},{"taxonomy":"post_tag","embeddable":true,"href":"https:\/\/standuppaddleboardworld.com\/es\/wp-json\/wp\/v2\/tags?post=40230"}],"curies":[{"name":"wp","href":"https:\/\/api.w.org\/{rel}","templated":true}]}}