{"id":21833,"date":"2021-01-08T11:58:41","date_gmt":"2021-01-08T10:58:41","guid":{"rendered":"https:\/\/standuppaddleboardworld.com\/?page_id=21833"},"modified":"2021-05-20T08:17:42","modified_gmt":"2021-05-20T07:17:42","slug":"donde-surfear","status":"publish","type":"page","link":"https:\/\/standuppaddleboardworld.com\/es\/paddle-surf-101\/donde-surfear\/","title":{"rendered":"\u00bfD\u00f3nde surfear en tabla de paddle surf?"},"content":{"rendered":"\n<h2 class=\"wp-block-heading\"><span class=\"ez-toc-section\" id=\"Los_mejores_lugares_donde_surfear_con_tu_tabla_de_paddle\"><\/span>Los mejores lugares donde surfear con tu tabla de paddle<span class=\"ez-toc-section-end\"><\/span><\/h2><div id=\"ez-toc-container\" class=\"ez-toc-v2_0_82_2 counter-flat ez-toc-counter ez-toc-custom ez-toc-container-direction\">\n<label for=\"ez-toc-cssicon-toggle-item-69d9a61504a33\" class=\"ez-toc-cssicon-toggle-label\"><span class=\"\"><span class=\"eztoc-hide\" style=\"display:none;\">Toggle<\/span><span class=\"ez-toc-icon-toggle-span\"><svg style=\"fill: #1a2b49;color:#1a2b49\" xmlns=\"http:\/\/www.w3.org\/2000\/svg\" class=\"list-377408\" width=\"20px\" height=\"20px\" viewBox=\"0 0 24 24\" fill=\"none\"><path d=\"M6 6H4v2h2V6zm14 0H8v2h12V6zM4 11h2v2H4v-2zm16 0H8v2h12v-2zM4 16h2v2H4v-2zm16 0H8v2h12v-2z\" fill=\"currentColor\"><\/path><\/svg><svg style=\"fill: #1a2b49;color:#1a2b49\" class=\"arrow-unsorted-368013\" xmlns=\"http:\/\/www.w3.org\/2000\/svg\" width=\"10px\" height=\"10px\" viewBox=\"0 0 24 24\" version=\"1.2\" baseProfile=\"tiny\"><path d=\"M18.2 9.3l-6.2-6.3-6.2 6.3c-.2.2-.3.4-.3.7s.1.5.3.7c.2.2.4.3.7.3h11c.3 0 .5-.1.7-.3.2-.2.3-.5.3-.7s-.1-.5-.3-.7zM5.8 14.7l6.2 6.3 6.2-6.3c.2-.2.3-.5.3-.7s-.1-.5-.3-.7c-.2-.2-.4-.3-.7-.3h-11c-.3 0-.5.1-.7.3-.2.2-.3.5-.3.7s.1.5.3.7z\"\/><\/svg><\/span><\/span><\/label><input type=\"checkbox\"  id=\"ez-toc-cssicon-toggle-item-69d9a61504a33\"  aria-label=\"Alternar\" \/><nav><ul class='ez-toc-list ez-toc-list-level-1 ' ><li class='ez-toc-page-1'><a class=\"ez-toc-link ez-toc-heading-1\" href=\"https:\/\/standuppaddleboardworld.com\/es\/paddle-surf-101\/donde-surfear\/#Los_mejores_lugares_donde_surfear_con_tu_tabla_de_paddle\" >Los mejores lugares donde surfear con tu tabla de paddle<\/a><\/li><li class='ez-toc-page-1'><a class=\"ez-toc-link ez-toc-heading-2\" href=\"https:\/\/standuppaddleboardworld.com\/es\/paddle-surf-101\/donde-surfear\/#Otros_articulos_que_podrian_interesarte\" >Otros art\u00edculos que podr\u00edan interesarte<\/a><\/li><li class='ez-toc-page-1'><a class=\"ez-toc-link ez-toc-heading-3\" href=\"https:\/\/standuppaddleboardworld.com\/es\/paddle-surf-101\/donde-surfear\/#Lago_vs_oceano\" >Lago vs oc\u00e9ano<\/a><\/li><li class='ez-toc-page-1'><a class=\"ez-toc-link ez-toc-heading-4\" href=\"https:\/\/standuppaddleboardworld.com\/es\/paddle-surf-101\/donde-surfear\/#Surf_de_remo_en_un_lago\" >Surf de remo en un lago<\/a><\/li><li class='ez-toc-page-1'><a class=\"ez-toc-link ez-toc-heading-5\" href=\"https:\/\/standuppaddleboardworld.com\/es\/paddle-surf-101\/donde-surfear\/#Surf_de_remo_en_aguas_abiertas\" >Surf de remo en aguas abiertas<\/a><\/li><li class='ez-toc-page-1'><a class=\"ez-toc-link ez-toc-heading-6\" href=\"https:\/\/standuppaddleboardworld.com\/es\/paddle-surf-101\/donde-surfear\/#%C2%A1Se_positivo\" >\u00a1S\u00e9 positivo!<\/a><\/li><li class='ez-toc-page-1'><a class=\"ez-toc-link ez-toc-heading-7\" href=\"https:\/\/standuppaddleboardworld.com\/es\/paddle-surf-101\/donde-surfear\/#Tablas_de_paddle_surf_para_el_oceano\" >Tablas de paddle surf para el oc\u00e9ano<\/a><\/li><li class='ez-toc-page-1'><a class=\"ez-toc-link ez-toc-heading-8\" href=\"https:\/\/standuppaddleboardworld.com\/es\/paddle-surf-101\/donde-surfear\/#Tablas_de_paddle_surf_para_lagos\" >Tablas de paddle surf para lagos<\/a><\/li><li class='ez-toc-page-1'><a class=\"ez-toc-link ez-toc-heading-9\" href=\"https:\/\/standuppaddleboardworld.com\/es\/paddle-surf-101\/donde-surfear\/#Conclusion_sobre_donde_surfear_en_tu_tabla_de_paddle_surf\" >Conclusi\u00f3n sobre d\u00f3nde surfear en tu tabla de paddle surf<\/a><\/li><\/ul><\/nav><\/div>\n\n\n\n\n<p>Una de las razones por las que el paddle boarding es tan divertido es su versatilidad. Pero, \u00bfya sabes d\u00f3nde surfear? Puedes remar en casi todas las masas de agua del planeta, siempre y cuando tengas la <strong>experiencia <\/strong>y el <strong><a href=\"https:\/\/standuppaddleboardworld.com\/paddle-board-accessories\/\" class=\"rank-math-link\">equipo<\/a><\/strong> adecuados. <\/p>\n\n\n\n<p>En honor a la generalizaci\u00f3n, ya que los lagos y los oc\u00e9anos son las superficies donde surfear m\u00e1s comunes, aqu\u00ed hablaremos de esas dos. As\u00ed que, si te has preguntado d\u00f3nde surfear, ambas son bastante diferentes, y compartir\u00e9 contigo una gran cantidad de consejos y trucos. \u00bfListo para empezar? \u00a1<em>Vamos all\u00e1<\/em>!<\/p>\n\n\n<div class=\"crp-list-container\"><h3 class=\"crp-list-title\"><span class=\"ez-toc-section\" id=\"Otros_articulos_que_podrian_interesarte\"><\/span>Otros art\u00edculos que podr\u00edan interesarte<span class=\"ez-toc-section-end\"><\/span><\/h3><ul class=\"crp-list\"><li class=\"crp-list-item crp-list-item-image-left crp-list-item-has-image\"><div class=\"crp-list-item-image\"><a href=\"https:\/\/standuppaddleboardworld.com\/es\/paddle-surf-101\/tipos-de-tabla\/\"><img loading=\"lazy\" decoding=\"async\" data-pin-nopin=\"true\" style=\"max-width: 50px; height: auto;\" width=\"50\" height=\"50\" src=\"https:\/\/standuppaddleboardworld.com\/wp-content\/uploads\/2020\/06\/Tom-Paddle-Boarding-Lake-H-75x75.jpg\" class=\"attachment-50x50 size-50x50\" alt=\"\" srcset=\"https:\/\/standuppaddleboardworld.com\/wp-content\/uploads\/2020\/06\/Tom-Paddle-Boarding-Lake-H-75x75.jpg 75w, https:\/\/standuppaddleboardworld.com\/wp-content\/uploads\/2020\/06\/Tom-Paddle-Boarding-Lake-H-150x150.jpg 150w\" sizes=\"auto, (max-width: 50px) 100vw, 50px\" title=\"\"><\/a><\/div><div class=\"crp-list-item-title\"><a href=\"https:\/\/standuppaddleboardworld.com\/es\/paddle-surf-101\/tipos-de-tabla\/\">Tipos de Tablas de Paddle Surf<\/a><\/div><\/li><\/ul><\/div>\n\n\n<figure class=\"wp-block-image size-large\"><img loading=\"lazy\" decoding=\"async\" width=\"1024\" height=\"768\" src=\"https:\/\/standuppaddleboardworld.com\/wp-content\/uploads\/2020\/05\/Paddle-Board-Wetsuit-Man-Action-1024x768.jpg\" alt=\"Donde surfear - hombre en tabla de paddle surf\" class=\"wp-image-20801\" title=\"\" srcset=\"https:\/\/standuppaddleboardworld.com\/wp-content\/uploads\/2020\/05\/Paddle-Board-Wetsuit-Man-Action-1024x768.jpg 1024w, https:\/\/standuppaddleboardworld.com\/wp-content\/uploads\/2020\/05\/Paddle-Board-Wetsuit-Man-Action-300x225.jpg 300w, https:\/\/standuppaddleboardworld.com\/wp-content\/uploads\/2020\/05\/Paddle-Board-Wetsuit-Man-Action-768x576.jpg 768w, https:\/\/standuppaddleboardworld.com\/wp-content\/uploads\/2020\/05\/Paddle-Board-Wetsuit-Man-Action-702x526.jpg 702w, https:\/\/standuppaddleboardworld.com\/wp-content\/uploads\/2020\/05\/Paddle-Board-Wetsuit-Man-Action.jpg 1280w\" sizes=\"auto, (max-width: 1024px) 100vw, 1024px\" \/><figcaption>Puedes salir a cualquier tipo de aguas si sabes <a href=\"https:\/\/standuppaddleboardworld.com\/sup\/how-to-paddle-board\/\" class=\"rank-math-link\">c\u00f3mo surfear<\/a> en tu tabla de paddle<\/figcaption><\/figure>\n\n\n\n<h1 class=\"wp-block-heading\"><span class=\"ez-toc-section\" id=\"Lago_vs_oceano\"><\/span>Lago vs oc\u00e9ano<span class=\"ez-toc-section-end\"><\/span><\/h1>\n\n\n\n<p>\u00bfQuieres encontrar un buen lugar donde surfear? Si est\u00e1s en alg\u00fan punto cercano a un lago o al mar, no tendr\u00e1s problemas para subirte a tu tabla all\u00ed. No obstante, hay una <strong>diferencia significativa entre un oc\u00e9ano y un lago <\/strong>en lo que respecta a la pr\u00e1ctica del paddle surf.<\/p>\n\n\n\n<p>En primer lugar, porque los oc\u00e9anos y mares, las aguas abiertas, pueden ser bastante <strong>impredecibles <\/strong>independientemente del momento del d\u00eda. Su actividad est\u00e1 <strong>determinada principalmente por el clima<\/strong>, as\u00ed que, por ejemplo, si hay fuertes vientos, el oc\u00e9ano tendr\u00e1 enormes olas, mientras que el lago es bastante predecible y permanece en calma durante todo el d\u00eda. Este es s\u00f3lo el primer tipo de caracter\u00edsticas que hay que tener en cuenta, sobre todo si se est\u00e1 empezando con el paddle surf.<\/p>\n\n\n\n<figure class=\"wp-block-image size-large\"><img loading=\"lazy\" decoding=\"async\" width=\"1024\" height=\"541\" src=\"https:\/\/standuppaddleboardworld.com\/wp-content\/uploads\/2020\/06\/Decathlon-Paddle-Board-Tom-2-1024x541.jpg\" alt=\"Decathlon-Paddle-Board-Tom-Donde-Surfear\" class=\"wp-image-16995\" title=\"\" srcset=\"https:\/\/standuppaddleboardworld.com\/wp-content\/uploads\/2020\/06\/Decathlon-Paddle-Board-Tom-2-1024x541.jpg 1024w, https:\/\/standuppaddleboardworld.com\/wp-content\/uploads\/2020\/06\/Decathlon-Paddle-Board-Tom-2-300x159.jpg 300w, https:\/\/standuppaddleboardworld.com\/wp-content\/uploads\/2020\/06\/Decathlon-Paddle-Board-Tom-2-768x406.jpg 768w, https:\/\/standuppaddleboardworld.com\/wp-content\/uploads\/2020\/06\/Decathlon-Paddle-Board-Tom-2.jpg 1230w\" sizes=\"auto, (max-width: 1024px) 100vw, 1024px\" \/><figcaption>Remo principalmente en lagos, no solo por la quietud del agua, sino porque el mar queda muy lejos \ud83d\ude09<\/figcaption><\/figure>\n\n\n\n<h2 class=\"wp-block-heading\"><span class=\"ez-toc-section\" id=\"Surf_de_remo_en_un_lago\"><\/span>Surf de remo en un lago<span class=\"ez-toc-section-end\"><\/span><\/h2>\n\n\n\n<p>La raz\u00f3n principal por la que consider\u00e9 los lagos como un ejemplo es que ofrecen una superficie de agua plana, y las t\u00e9cnicas y caracter\u00edsticas del paddle surf pueden ser aplicadas en cualquier tipo de navegaci\u00f3n en aguas planas.<\/p>\n\n\n\n<p>En primer lugar, la superficie es bastante m\u00e1s tranquila. Por lo tanto, no tendr\u00e1s problemas para permanecer m\u00e1s tiempo estabilizado. Los principiantes suelen tener dificultades para mantener la brazada vertical y permanecer dentro de la tabla, por lo que es aconsejable aprender a remar en un lago antes de trasladarse a los mares u oc\u00e9anos.<\/p>\n\n\n\n<p>Otra cosa importante que he notado es que no hay mareas o corrientes que puedan cambiar el curso de tu traves\u00eda, lo que puede ser muy \u00fatil cuando est\u00e1s empezando a remar. Adem\u00e1s, no hay olas que te golpeen y te hagan caer. Sin embargo, muchos lagos donde surfear tienden a tener fuertes vientos por las tardes, lo que puede hacer que tu navegaci\u00f3n sea m\u00e1s dif\u00edcil. Una forma de evitar esto es controlar c\u00f3mo cambia el clima a lo largo del d\u00eda e ir cuando est\u00e1 m\u00e1s calmado.<\/p>\n\n\n\n<figure class=\"wp-block-image size-large\"><img loading=\"lazy\" decoding=\"async\" width=\"1024\" height=\"768\" src=\"https:\/\/standuppaddleboardworld.com\/wp-content\/uploads\/2020\/06\/How-To-Paddle-Board-Stretch-1024x768.jpg\" alt=\"Como-remar-Paddle-Board-Estiramiento\" class=\"wp-image-17349\" title=\"\" srcset=\"https:\/\/standuppaddleboardworld.com\/wp-content\/uploads\/2020\/06\/How-To-Paddle-Board-Stretch-1024x768.jpg 1024w, https:\/\/standuppaddleboardworld.com\/wp-content\/uploads\/2020\/06\/How-To-Paddle-Board-Stretch-300x225.jpg 300w, https:\/\/standuppaddleboardworld.com\/wp-content\/uploads\/2020\/06\/How-To-Paddle-Board-Stretch-768x576.jpg 768w, https:\/\/standuppaddleboardworld.com\/wp-content\/uploads\/2020\/06\/How-To-Paddle-Board-Stretch-702x526.jpg 702w, https:\/\/standuppaddleboardworld.com\/wp-content\/uploads\/2020\/06\/How-To-Paddle-Board-Stretch.jpg 1200w\" sizes=\"auto, (max-width: 1024px) 100vw, 1024px\" \/><figcaption>Tan agradable y apacible que es f\u00e1cil remar en aguas tranquilas<\/figcaption><\/figure>\n\n\n\n<h2 class=\"wp-block-heading\"><span class=\"ez-toc-section\" id=\"Surf_de_remo_en_aguas_abiertas\"><\/span>Surf de remo en aguas abiertas<span class=\"ez-toc-section-end\"><\/span><\/h2>\n\n\n\n<p>Navegar, surfear o remar en el oc\u00e9ano es definitivamente una experiencia m\u00e1s divertida, pero si tienes la posibilidad de elegir, como principiante, te sugerir\u00eda que te quedaras en los lagos. No obstante, no dejes que esto te desanime a intentar el paddle surf si solo puedes elegir entre el mar o el oc\u00e9ano. Esto puede significar que te llevar\u00e1 un poco m\u00e1s de tiempo dominarlo, pero al final, ser\u00e1s incluso mejor que alguien que acaba de aprender en un lago.<\/p>\n\n\n\n<p>Las ma\u00f1anas suelen ser tranquilas en los oc\u00e9anos, y las tardes son m\u00e1s ventosas y lluviosas, por lo que puedes evitar el clima conflictivo yendo solo cuando est\u00e1 m\u00e1s tranquilo. Dicho esto, en el oc\u00e9ano el clima puede ser bastante impredecible, por lo que hay que estar preparado para cualquier cambio r\u00e1pido. Al principio, no salgas solo, presta atenci\u00f3n a la seguridad necesaria como un chaleco salvavidas, y un buen traje de neopreno para mantenerte caliente, ya que el agua del oc\u00e9ano tiende a ser fr\u00eda durante todo el a\u00f1o.<\/p>\n\n\n\n<p>Adem\u00e1s, ten en cuenta las mareas, las corrientes y la diversa vida marina, que de alguna manera pueden afectar tu experiencia de paddle surf.<\/p>\n\n\n\n<figure class=\"wp-block-image size-large\"><img loading=\"lazy\" decoding=\"async\" width=\"1024\" height=\"698\" src=\"https:\/\/standuppaddleboardworld.com\/wp-content\/uploads\/2020\/02\/Aqua-Marina-Beast-Action-Ocean-1024x698.jpg\" alt=\"Aqua Marina Beast Ocean En Acci\u00f3n\" class=\"wp-image-17522\" title=\"\" srcset=\"https:\/\/standuppaddleboardworld.com\/wp-content\/uploads\/2020\/02\/Aqua-Marina-Beast-Action-Ocean-1024x698.jpg 1024w, https:\/\/standuppaddleboardworld.com\/wp-content\/uploads\/2020\/02\/Aqua-Marina-Beast-Action-Ocean-300x204.jpg 300w, https:\/\/standuppaddleboardworld.com\/wp-content\/uploads\/2020\/02\/Aqua-Marina-Beast-Action-Ocean-768x523.jpg 768w, https:\/\/standuppaddleboardworld.com\/wp-content\/uploads\/2020\/02\/Aqua-Marina-Beast-Action-Ocean-1536x1047.jpg 1536w, https:\/\/standuppaddleboardworld.com\/wp-content\/uploads\/2020\/02\/Aqua-Marina-Beast-Action-Ocean.jpg 1761w\" sizes=\"auto, (max-width: 1024px) 100vw, 1024px\" \/><figcaption>Surfear con remos en el oc\u00e9ano requiere un poco m\u00e1s de habilidad(Foto de una <a href=\"https:\/\/standuppaddleboardworld.com\/es\/aqua-marina-paddle-surf\/aqua-marina-beast\/\" target=\"_blank\" aria-label=\" (opens in a new tab)\" rel=\"noreferrer noopener\" class=\"rank-math-link\">Aqua Marina Beast<\/a>)<\/figcaption><\/figure>\n\n\n\n<h2 class=\"wp-block-heading\"><span class=\"ez-toc-section\" id=\"%C2%A1Se_positivo\"><\/span>\u00a1S\u00e9 positivo!<span class=\"ez-toc-section-end\"><\/span><\/h2>\n\n\n\n<p>No dejes que esta informaci\u00f3n te disuada completamente de practicar el paddle surf. Una cosa es leer sobre algo, y otra es probarlo. Toma mis medidas de precauci\u00f3n as\u00ed, como medidas de precauci\u00f3n. El resto depende de ti.<\/p>\n\n\n\n<p>Si puedes, tambi\u00e9n es posible buscar una cala cercana donde surfear como una excelente alternativa al mar abierto. Normalmente, las bah\u00edas est\u00e1n cerradas, por lo que la superficie del agua tiende a ser m\u00e1s tranquila, y es raro que haya olas. As\u00ed que, si te preguntas d\u00f3nde remar cerca de ti, localiza la bah\u00eda m\u00e1s cercana y prueba tu tabla de paddle surf all\u00ed. \u00a1Ser\u00e1 una experiencia fant\u00e1stica, te lo garantizo!<\/p>\n\n\n\n<div class=\"wp-block-image\"><figure class=\"aligncenter size-large\"><img loading=\"lazy\" decoding=\"async\" width=\"300\" height=\"309\" src=\"https:\/\/standuppaddleboardworld.com\/wp-content\/uploads\/2020\/06\/Surfing-falling.gif\" alt=\"Caerse-Caida-Surfeando\" class=\"wp-image-35062\" title=\"\"><figcaption>\u00a1Despu\u00e9s de una ca\u00edda, vuelve a levantarte e int\u00e9ntalo de nuevo! \ud83c\udfc4\u200d\u2642\ufe0f<\/figcaption><\/figure><\/div>\n\n\n\n<hr class=\"wp-block-separator\"\/>\n\n\n\n<h2 class=\"wp-block-heading\"><span class=\"ez-toc-section\" id=\"Tablas_de_paddle_surf_para_el_oceano\"><\/span>Tablas de paddle surf para el oc\u00e9ano<span class=\"ez-toc-section-end\"><\/span><\/h2>\n\n\n\n<p>Mientras que un surfero experimentado puede dominar cualquier tipo de aguas con cualquier tabla para hacer de la navegaci\u00f3n una experiencia agradable, hay algunas pautas a seguir en cuanto a qu\u00e9 tabla de paddle surf necesitar\u00e1s para navegar por el oc\u00e9ano.<\/p>\n\n\n\n<p>En general, para las aguas abiertas, se prefieren tablas espec\u00edficas sobre otras que puedan soportar las condiciones m\u00e1s dif\u00edciles en las que te encuentres.<\/p>\n\n\n\n<p>Es por eso que las <strong>tablas de paddle surf de traves\u00eda<\/strong> ser\u00edan algo que recomendar\u00eda personalmente. \u00c9stas son m\u00e1s largas, por lo que ofrecen m\u00e1s estabilidad, pero no son tan anchas, de modo que se puede ganar m\u00e1s velocidad para adaptarse a las aguas del oc\u00e9ano. Estas tablas cuentan con m\u00e1s piezas basculantes y vienen con un casco de desplazamiento, lo que te da velocidad, as\u00ed como eficiencia y rendimiento al remar en contra de las olas. Por lo tanto, en general, una tabla de traves\u00eda te proporcionar\u00e1 la velocidad necesaria y es m\u00e1s f\u00e1cil mantenerse recto con ella sin importar el tipo de aguas.<\/p>\n\n\n\n<p>Si no puedes hacerte con una tabla de traves\u00eda, no te preocupes, ya que no es el \u00fanico tipo de tabla que va bien para el oc\u00e9ano. En general, todas las tablas hinchables y de epoxi como las tablas de surf de Stand Up Paddle y las tablas de carrera de esa misma modalidad funcionan perfectamente en aguas abiertas y con olas. La caracter\u00edstica m\u00e1s importante de una tabla es la rigidez. La forma o el tama\u00f1o no es tan importante cuando hablamos de remar en el oc\u00e9ano como lo es el material r\u00edgido. \u00a1As\u00ed que busca una tabla de epoxi y disfruta de <a href=\"\/how-many-calories-burn-paddle-boarding\/\" class=\"rank-math-link\">un buen entrenamiento<\/a> en el oc\u00e9ano!<\/p>\n\n\n\n<figure class=\"wp-block-image size-large\"><img loading=\"lazy\" decoding=\"async\" width=\"1024\" height=\"358\" src=\"https:\/\/standuppaddleboardworld.com\/wp-content\/uploads\/2020\/05\/Paddle-Board-Wetsuit-1024x358.jpg\" alt=\"Paddle-Board-Traje-de-neopreno\" class=\"wp-image-7052\" title=\"\" srcset=\"https:\/\/standuppaddleboardworld.com\/wp-content\/uploads\/2020\/05\/Paddle-Board-Wetsuit-1024x358.jpg 1024w, https:\/\/standuppaddleboardworld.com\/wp-content\/uploads\/2020\/05\/Paddle-Board-Wetsuit-300x105.jpg 300w, https:\/\/standuppaddleboardworld.com\/wp-content\/uploads\/2020\/05\/Paddle-Board-Wetsuit-768x269.jpg 768w, https:\/\/standuppaddleboardworld.com\/wp-content\/uploads\/2020\/05\/Paddle-Board-Wetsuit.jpg 1280w\" sizes=\"auto, (max-width: 1024px) 100vw, 1024px\" \/><figcaption>\u00a1Practica hasta que te vuelvas un profesional y puedas enfrentarte a todas las olas! \ud83c\udfc4\u200d\u2642\ufe0f<\/figcaption><\/figure>\n\n\n\n<h2 class=\"wp-block-heading\"><span class=\"ez-toc-section\" id=\"Tablas_de_paddle_surf_para_lagos\"><\/span>Tablas de paddle surf para lagos<span class=\"ez-toc-section-end\"><\/span><\/h2>\n\n\n\n<p>Como los lagos donde surfear son de aguas tranquilas en su mayor\u00eda, se puede esperar que te ir\u00e1 bien con cualquier tipo de tabla de paddle surf. Por lo tanto, si ya cuentas con una tabla con la que quisieras remar en un lago, no importa de qu\u00e9 tama\u00f1o, forma o material est\u00e9 hecha. Sin embargo, si todav\u00eda no tienes una y vas a surfear en los lagos con frecuencia, entonces las <strong><a href=\"https:\/\/standuppaddleboardworld.com\/es\/mejor-tabla-hinchable-de-paddle\/\" class=\"rank-math-link\">tablas hinchables<\/a> son las mejores para ello<\/strong>. Al no ocupar mucho espacio, son f\u00e1ciles de transportar y ofrecen una excelente estabilidad y durabilidad. Especialmente si tambi\u00e9n vas a hacer <a href=\"https:\/\/standuppaddleboardworld.com\/best-paddleboard-yoga\/\">yoga<\/a> cuando est\u00e9s en el lago.<\/p>\n\n\n\n<h2 class=\"wp-block-heading\"><span class=\"ez-toc-section\" id=\"Conclusion_sobre_donde_surfear_en_tu_tabla_de_paddle_surf\"><\/span>Conclusi\u00f3n sobre d\u00f3nde surfear en tu tabla de paddle surf<span class=\"ez-toc-section-end\"><\/span><\/h2>\n\n\n\n<p class=\"block-conclusion\">En resumen, esta es la comparaci\u00f3n general de practicar paddle surf en lagos y en aguas abiertas. Son muy diferentes, pero las dos presentan sus lados maravillosos una vez que se domina este deporte. Si dispones ya de una tabla, puedes usarla con libertad en cualquier lago que desees, pero si est\u00e1s buscando comprar una nueva, entonces elige una hinchable para los lagos y una epoxi para los oc\u00e9anos. <strong>Si tienes m\u00e1s preguntas sobre d\u00f3nde surfear o sobre la compra de una nueva tabla, no dudes en dejar un comentario a continuaci\u00f3n. Estar\u00e9 encantado de ayudar.<\/strong><\/p>\n\n\n\n<p><em>Adem\u00e1s, no te olvides de visitar mis cuentas de <a aria-label=\" (opens in a new tab)\" href=\"https:\/\/www.facebook.com\/Stand-up-Paddle-board-world-108155824075435\/\" target=\"_blank\" rel=\"noreferrer noopener\" class=\"rank-math-link\">Facebook<\/a> e <a aria-label=\" (opens in a new tab)\" href=\"https:\/\/www.instagram.com\/standuppaddleboardworld\/\" target=\"_blank\" rel=\"noreferrer noopener\" class=\"rank-math-link\">Instagram<\/a> para recibir fant\u00e1sticos consejos y recomendaciones sobre el mundo del paddle surf y sus accesorios, as\u00ed como lugares en donde surfear.<\/em><\/p>\n","protected":false},"excerpt":{"rendered":"<p>Los mejores lugares donde surfear con tu tabla de paddle Una de las razones por las que el paddle boarding es tan divertido es su versatilidad. Pero, \u00bfya sabes d\u00f3nde surfear? Puedes remar en casi todas las masas de agua del planeta, siempre y cuando tengas la experiencia y el equipo adecuados. En honor a [&hellip;]<\/p>\n","protected":false},"author":1,"featured_media":21835,"parent":16512,"menu_order":0,"comment_status":"open","ping_status":"closed","template":"page-templates\/reviews.php","meta":{"_genesis_hide_title":false,"_genesis_hide_breadcrumbs":false,"_genesis_hide_singular_image":false,"_genesis_hide_footer_widgets":false,"_genesis_custom_body_class":"","_genesis_custom_post_class":"","_genesis_layout":"","footnotes":""},"categories":[],"tags":[],"class_list":{"0":"post-21833","1":"page","2":"type-page","3":"status-publish","4":"has-post-thumbnail","6":"entry"},"acf":[],"_links":{"self":[{"href":"https:\/\/standuppaddleboardworld.com\/es\/wp-json\/wp\/v2\/pages\/21833","targetHints":{"allow":["GET"]}}],"collection":[{"href":"https:\/\/standuppaddleboardworld.com\/es\/wp-json\/wp\/v2\/pages"}],"about":[{"href":"https:\/\/standuppaddleboardworld.com\/es\/wp-json\/wp\/v2\/types\/page"}],"author":[{"embeddable":true,"href":"https:\/\/standuppaddleboardworld.com\/es\/wp-json\/wp\/v2\/users\/1"}],"replies":[{"embeddable":true,"href":"https:\/\/standuppaddleboardworld.com\/es\/wp-json\/wp\/v2\/comments?post=21833"}],"version-history":[{"count":0,"href":"https:\/\/standuppaddleboardworld.com\/es\/wp-json\/wp\/v2\/pages\/21833\/revisions"}],"up":[{"embeddable":true,"href":"https:\/\/standuppaddleboardworld.com\/es\/wp-json\/wp\/v2\/pages\/16512"}],"wp:featuredmedia":[{"embeddable":true,"href":"https:\/\/standuppaddleboardworld.com\/es\/wp-json\/wp\/v2\/media\/21835"}],"wp:attachment":[{"href":"https:\/\/standuppaddleboardworld.com\/es\/wp-json\/wp\/v2\/media?parent=21833"}],"wp:term":[{"taxonomy":"category","embeddable":true,"href":"https:\/\/standuppaddleboardworld.com\/es\/wp-json\/wp\/v2\/categories?post=21833"},{"taxonomy":"post_tag","embeddable":true,"href":"https:\/\/standuppaddleboardworld.com\/es\/wp-json\/wp\/v2\/tags?post=21833"}],"curies":[{"name":"wp","href":"https:\/\/api.w.org\/{rel}","templated":true}]}}