{"id":21820,"date":"2021-01-07T11:42:49","date_gmt":"2021-01-07T10:42:49","guid":{"rendered":"https:\/\/standuppaddleboardworld.com\/?page_id=21820"},"modified":"2021-01-07T11:47:24","modified_gmt":"2021-01-07T10:47:24","slug":"tamano-de-tabla","status":"publish","type":"page","link":"https:\/\/standuppaddleboardworld.com\/es\/paddle-surf-101\/tamano-de-tabla\/","title":{"rendered":"Tama\u00f1o de tabla de paddle surf"},"content":{"rendered":"\n<h2 class=\"wp-block-heading\"><span class=\"ez-toc-section\" id=\"Todo_lo_que_necesitas_saber_sobre_la_eleccion_del_tamano_de_tabla_correcto_de_paddle\"><\/span>Todo lo que necesitas saber sobre la elecci\u00f3n del tama\u00f1o de tabla correcto de paddle<span class=\"ez-toc-section-end\"><\/span><\/h2><div id=\"ez-toc-container\" class=\"ez-toc-v2_0_82_2 counter-flat ez-toc-counter ez-toc-custom ez-toc-container-direction\">\n<label for=\"ez-toc-cssicon-toggle-item-69e7f85a17fc0\" class=\"ez-toc-cssicon-toggle-label\"><span class=\"\"><span class=\"eztoc-hide\" style=\"display:none;\">Toggle<\/span><span class=\"ez-toc-icon-toggle-span\"><svg style=\"fill: #1a2b49;color:#1a2b49\" xmlns=\"http:\/\/www.w3.org\/2000\/svg\" class=\"list-377408\" width=\"20px\" height=\"20px\" viewBox=\"0 0 24 24\" fill=\"none\"><path d=\"M6 6H4v2h2V6zm14 0H8v2h12V6zM4 11h2v2H4v-2zm16 0H8v2h12v-2zM4 16h2v2H4v-2zm16 0H8v2h12v-2z\" fill=\"currentColor\"><\/path><\/svg><svg style=\"fill: #1a2b49;color:#1a2b49\" class=\"arrow-unsorted-368013\" xmlns=\"http:\/\/www.w3.org\/2000\/svg\" width=\"10px\" height=\"10px\" viewBox=\"0 0 24 24\" version=\"1.2\" baseProfile=\"tiny\"><path d=\"M18.2 9.3l-6.2-6.3-6.2 6.3c-.2.2-.3.4-.3.7s.1.5.3.7c.2.2.4.3.7.3h11c.3 0 .5-.1.7-.3.2-.2.3-.5.3-.7s-.1-.5-.3-.7zM5.8 14.7l6.2 6.3 6.2-6.3c.2-.2.3-.5.3-.7s-.1-.5-.3-.7c-.2-.2-.4-.3-.7-.3h-11c-.3 0-.5.1-.7.3-.2.2-.3.5-.3.7s.1.5.3.7z\"\/><\/svg><\/span><\/span><\/label><input type=\"checkbox\"  id=\"ez-toc-cssicon-toggle-item-69e7f85a17fc0\"  aria-label=\"Alternar\" \/><nav><ul class='ez-toc-list ez-toc-list-level-1 ' ><li class='ez-toc-page-1'><a class=\"ez-toc-link ez-toc-heading-1\" href=\"https:\/\/standuppaddleboardworld.com\/es\/paddle-surf-101\/tamano-de-tabla\/#Todo_lo_que_necesitas_saber_sobre_la_eleccion_del_tamano_de_tabla_correcto_de_paddle\" >Todo lo que necesitas saber sobre la elecci\u00f3n del tama\u00f1o de tabla correcto de paddle<\/a><\/li><li class='ez-toc-page-1'><a class=\"ez-toc-link ez-toc-heading-2\" href=\"https:\/\/standuppaddleboardworld.com\/es\/paddle-surf-101\/tamano-de-tabla\/#%C2%BFQue_tamano_de_tabla_de_paddle_deberia_comprar\" >\u00bfQu\u00e9 tama\u00f1o de tabla de paddle deber\u00eda comprar?<\/a><\/li><li class='ez-toc-page-1'><a class=\"ez-toc-link ez-toc-heading-3\" href=\"https:\/\/standuppaddleboardworld.com\/es\/paddle-surf-101\/tamano-de-tabla\/#Tamano_de_tablas_de_paddle_para_usos_concretos\" >Tama\u00f1o de tablas de paddle para usos concretos<\/a><\/li><li class='ez-toc-page-1'><a class=\"ez-toc-link ez-toc-heading-4\" href=\"https:\/\/standuppaddleboardworld.com\/es\/paddle-surf-101\/tamano-de-tabla\/#La_estabilidad_de_la_tabla_hinchable_vs_rigida\" >La estabilidad de la tabla hinchable vs r\u00edgida<\/a><\/li><li class='ez-toc-page-1'><a class=\"ez-toc-link ez-toc-heading-5\" href=\"https:\/\/standuppaddleboardworld.com\/es\/paddle-surf-101\/tamano-de-tabla\/#El_tamano_de_tabla_general_de_paddle_para_principiantes\" >El tama\u00f1o de tabla general de paddle para principiantes<\/a><\/li><li class='ez-toc-page-1'><a class=\"ez-toc-link ez-toc-heading-6\" href=\"https:\/\/standuppaddleboardworld.com\/es\/paddle-surf-101\/tamano-de-tabla\/#El_tamano_de_tabla_general_de_paddle_para_usuarios_intermedios_a_avanzados\" >El tama\u00f1o de tabla general de paddle para usuarios intermedios a avanzados<\/a><\/li><li class='ez-toc-page-1'><a class=\"ez-toc-link ez-toc-heading-7\" href=\"https:\/\/standuppaddleboardworld.com\/es\/paddle-surf-101\/tamano-de-tabla\/#Conclusion_sobre_el_tamano_de_la_tabla_de_paddle_surf\" >Conclusi\u00f3n sobre el tama\u00f1o de la tabla de paddle surf<\/a><\/li><\/ul><\/nav><\/div>\n\n\n\n\n<p>Bienvenido al mundo del paddle boarding. Si acabas de empezar y te preguntas \u00ab\u00bf<em>qu\u00e9 tama\u00f1o de tabla de paddle necesito<\/em>?\u00bb, \u00a1has venido al lugar indicado! Hoy hablamos de todos los tama\u00f1os de tablas de paddle.<\/p>\n\n\n\n<p>Si quieres <a aria-label=\" (opens in a new tab)\" href=\"https:\/\/standuppaddleboardworld.com\/sup\/how-to-paddle-board\/\" target=\"_blank\" rel=\"noreferrer noopener\" class=\"rank-math-link\">aprender a practicar bien paddle surf<\/a>, tienes que elegir las dimensiones correctas de la tabla de paddle en base a tu altura, peso y complexi\u00f3n, pero tambi\u00e9n en funci\u00f3n de las actividades para las que planeas usarla. La tabla de paddle ideal deber\u00eda tener suficiente flotaci\u00f3n y estabilidad, pero eso no deber\u00eda impedir que se pueda remar de forma r\u00e1pida y suave.<\/p>\n\n\n\n<p>Dicho esto, vamos a ver algunas medidas o el tama\u00f1o de tablas de paddle surf e informaci\u00f3n \u00fatil.<\/p>\n\n\n\n<figure class=\"wp-block-image size-large\"><img loading=\"lazy\" decoding=\"async\" width=\"1024\" height=\"541\" src=\"https:\/\/standuppaddleboardworld.com\/wp-content\/uploads\/2020\/06\/Bluefin-Cruise-Carbon-Girl-1024x541.jpg\" alt=\"Bluefin-Cruise-Carbon-Chica-Tama\u00f1o de la tabla de paddle surf\" class=\"wp-image-18002\" title=\"\" srcset=\"https:\/\/standuppaddleboardworld.com\/wp-content\/uploads\/2020\/06\/Bluefin-Cruise-Carbon-Girl-1024x541.jpg 1024w, https:\/\/standuppaddleboardworld.com\/wp-content\/uploads\/2020\/06\/Bluefin-Cruise-Carbon-Girl-300x159.jpg 300w, https:\/\/standuppaddleboardworld.com\/wp-content\/uploads\/2020\/06\/Bluefin-Cruise-Carbon-Girl-768x406.jpg 768w, https:\/\/standuppaddleboardworld.com\/wp-content\/uploads\/2020\/06\/Bluefin-Cruise-Carbon-Girl.jpg 1230w\" sizes=\"auto, (max-width: 1024px) 100vw, 1024px\" \/><figcaption>Una tabla de 12&#8242; de largo es genial para navegar por el agua<\/figcaption><\/figure>\n\n\n\n<h1 class=\"wp-block-heading\"><span class=\"ez-toc-section\" id=\"%C2%BFQue_tamano_de_tabla_de_paddle_deberia_comprar\"><\/span>\u00bfQu\u00e9 tama\u00f1o de tabla de paddle deber\u00eda comprar?<span class=\"ez-toc-section-end\"><\/span><\/h1>\n\n\n\n<p>El tama\u00f1o de tabla de paddle <strong>depende en gran medida de ti<\/strong>, y de las <strong>actividades <\/strong>para las que la quieras destinar. Sin embargo, como regla general, tu tabla debe tener entre 304 y 335 cm de largo y entre 81 y 86 cm de ancho. Si eres nuevo en el mundo del paddle, te sugiero que elijas una tabla m\u00e1s ancha que est\u00e9 m\u00e1s cerca de los 86 cm para mayor estabilidad. Pero nunca elijas una demasiado ancha, porque eso afectar\u00e1 a la velocidad y podr\u00eda resultar un poco lenta en general.<\/p>\n\n\n\n<p>Si bien las dimensiones de la tabla de paddle mencionadas anteriormente son las que se utilizan con mayor frecuencia, si eres una persona delgada con una complexi\u00f3n m\u00e1s peque\u00f1a, deber\u00edas optar por una m\u00e1s corta para facilitar el control sobre la tabla. Por tanto, deber\u00edas preguntarte \u00bfqu\u00e9 tama\u00f1o de tabla de paddle necesito para mi altura? Bueno, si pesas menos de 67 kg o si buscas una tabla que sea m\u00e1s f\u00e1cil de transportar y maniobrar en el agua, entonces una tabla de 292 cm es la elecci\u00f3n correcta en tu caso.<\/p>\n\n\n\n<p>Para una excelente estabilidad, un ancho de 76 cm a 81 cm es genial, porque a esa longitud, si eliges algo m\u00e1s de ancho, ser\u00e1 demasiado lenta para remar. Y, \u00bf<em>d\u00f3nde est\u00e1 la diversi\u00f3n ah\u00ed<\/em>? \ud83d\ude0b<\/p>\n\n\n\n<figure class=\"wp-block-image size-large\"><img loading=\"lazy\" decoding=\"async\" width=\"1024\" height=\"768\" src=\"https:\/\/standuppaddleboardworld.com\/wp-content\/uploads\/2020\/05\/MOAI-10-6-Tom-Paddling-1024x768.jpg\" alt=\"MOAI-10-6-Tom-Remando\" class=\"wp-image-47889\" title=\"\" srcset=\"https:\/\/standuppaddleboardworld.com\/wp-content\/uploads\/2020\/05\/MOAI-10-6-Tom-Paddling-1024x768.jpg 1024w, https:\/\/standuppaddleboardworld.com\/wp-content\/uploads\/2020\/05\/MOAI-10-6-Tom-Paddling-300x225.jpg 300w, https:\/\/standuppaddleboardworld.com\/wp-content\/uploads\/2020\/05\/MOAI-10-6-Tom-Paddling-768x576.jpg 768w, https:\/\/standuppaddleboardworld.com\/wp-content\/uploads\/2020\/05\/MOAI-10-6-Tom-Paddling-702x526.jpg 702w, https:\/\/standuppaddleboardworld.com\/wp-content\/uploads\/2020\/05\/MOAI-10-6-Tom-Paddling.jpg 1200w\" sizes=\"auto, (max-width: 1024px) 100vw, 1024px\" \/><figcaption>Una tabla algo m\u00e1s ancha ofrece algo de equilibrio adicional a tus aventuras de paddle surf<\/figcaption><\/figure>\n\n\n\n<p>Ahora bien, para aquellos aventureros que quieren algo de velocidad y un camino recto desde el inicio, una tabla de paddle de 384 cm de largo y 81 cm de ancho es la elecci\u00f3n \u00f3ptima. Puedes incluso bajar a un ancho de 71 cm, pero eso la convertir\u00eda en una tabla bastante inestable para alguien que est\u00e1 empezando y necesita estabilidad sobre cualquier otra cosa. Estas tablas son grandes y estables, aunque tambi\u00e9n ofrecen algo de velocidad, lo que las hace muy adecuadas para excursiones m\u00e1s largas por el agua.<\/p>\n\n\n\n<p>Sin embargo, me gustar\u00eda se\u00f1alar una cosa importante. Si te decides por la tabla de 384 cm de largo, puede que te parezca muy divertida, pero tienes que preguntarte si tienes espacio libre para ella. Si optas por una <a aria-label=\"tabla hinchable (opens in a new tab)\" href=\"https:\/\/standuppaddleboardworld.com\/es\/mejor-tabla-hinchable-de-paddle\/\" target=\"_blank\" rel=\"noreferrer noopener\" class=\"rank-math-link\">tabla hinchable<\/a>, eso te facilitar\u00e1 las cosas. Las tablas de paddle hinchables de alta calidad siguen ofreciendo un excelente rendimiento sin el inconveniente del almacenamiento. Y esa es b\u00e1sicamente la <a href=\"https:\/\/standuppaddleboardworld.com\/es\/paddle-surf-101\/tabla-hinchable-vs-rigida\/\" class=\"rank-math-link\">principal diferencia entre las tablas hinchables y las r\u00edgidas<\/a>.<\/p>\n\n\n\n<figure class=\"wp-block-image size-large\"><img loading=\"lazy\" decoding=\"async\" width=\"1024\" height=\"431\" src=\"https:\/\/standuppaddleboardworld.com\/wp-content\/uploads\/2020\/06\/MOAI-SUP-Collectie-1-1024x431.jpg\" alt=\"MOAI-SUP-Collection Tama\u00f1o de la tabla de paddle surf\" class=\"wp-image-17180\" title=\"\" srcset=\"https:\/\/standuppaddleboardworld.com\/wp-content\/uploads\/2020\/06\/MOAI-SUP-Collectie-1-1024x431.jpg 1024w, https:\/\/standuppaddleboardworld.com\/wp-content\/uploads\/2020\/06\/MOAI-SUP-Collectie-1-300x126.jpg 300w, https:\/\/standuppaddleboardworld.com\/wp-content\/uploads\/2020\/06\/MOAI-SUP-Collectie-1-768x323.jpg 768w, https:\/\/standuppaddleboardworld.com\/wp-content\/uploads\/2020\/06\/MOAI-SUP-Collectie-1-1536x647.jpg 1536w, https:\/\/standuppaddleboardworld.com\/wp-content\/uploads\/2020\/06\/MOAI-SUP-Collectie-1.jpg 1900w\" sizes=\"auto, (max-width: 1024px) 100vw, 1024px\" \/><figcaption>\u00bfQu\u00e9 tama\u00f1o de tabla de paddle prefieres para tus aventuras de surf?<\/figcaption><\/figure>\n\n\n\n<h2 class=\"wp-block-heading\"><span class=\"ez-toc-section\" id=\"Tamano_de_tablas_de_paddle_para_usos_concretos\"><\/span>Tama\u00f1o de tablas de paddle para usos concretos<span class=\"ez-toc-section-end\"><\/span><\/h2>\n\n\n\n<p>Si pensabas que era suficiente informaci\u00f3n sobre el tama\u00f1o de tablas de paddle, \u00a1no tan r\u00e1pido! Al fin y al cabo, cuanto m\u00e1s te informes, mejor decisi\u00f3n tomar\u00e1s al comprar tu primera tabla de paddle.<\/p>\n\n\n\n<p>Por ejemplo, si vas a remar en <strong>aguas bravas<\/strong> o <strong>navegar por r\u00e1pidos<\/strong>, una tabla de 91 cm de ancho ser\u00eda adecuada, sin embargo, para remar en l\u00edneas generales, esa medida ser\u00eda demasiado grande. Tendr\u00e1s que llegar lejos con el remo solo para sostener un golpe vertical, y ser\u00e1 m\u00e1s lento de lo que deber\u00eda ser.<\/p>\n\n\n\n<p>Si quieres una tabla dise\u00f1ada para el surf, entonces una tabla m\u00e1s corta, de unos 274 cm, ser\u00eda genial. Sin embargo, debes tener en cuenta que cuanto m\u00e1s corta y delgada sea la tabla, m\u00e1s inestable ser\u00e1 para remar en general.<\/p>\n\n\n\n<figure class=\"wp-block-image size-large\"><img loading=\"lazy\" decoding=\"async\" width=\"1024\" height=\"683\" src=\"https:\/\/standuppaddleboardworld.com\/wp-content\/uploads\/2020\/01\/FanaticFlyAirReviewGuyActionWaves-1024x683.jpg\" alt=\"Fanatic-Fly-Air-Rese\u00f1a-Chico-Acci\u00f3n-Olas\" class=\"wp-image-1936\" title=\"\" srcset=\"https:\/\/standuppaddleboardworld.com\/wp-content\/uploads\/2020\/01\/FanaticFlyAirReviewGuyActionWaves-1024x683.jpg 1024w, https:\/\/standuppaddleboardworld.com\/wp-content\/uploads\/2020\/01\/FanaticFlyAirReviewGuyActionWaves-300x200.jpg 300w, https:\/\/standuppaddleboardworld.com\/wp-content\/uploads\/2020\/01\/FanaticFlyAirReviewGuyActionWaves-768x512.jpg 768w, https:\/\/standuppaddleboardworld.com\/wp-content\/uploads\/2020\/01\/FanaticFlyAirReviewGuyActionWaves-1536x1024.jpg 1536w, https:\/\/standuppaddleboardworld.com\/wp-content\/uploads\/2020\/01\/FanaticFlyAirReviewGuyActionWaves.jpg 1750w\" sizes=\"auto, (max-width: 1024px) 100vw, 1024px\" \/><figcaption>\u00bfTe imaginas surfeando las olas en tu tabla de paddle surf? (Foto de la tabla <a href=\"https:\/\/standuppaddleboardworld.com\/fanatic-sup\/fanatic-fly-air-review\/\" class=\"rank-math-link\">Fanatic Fly Air<\/a>)<\/figcaption><\/figure>\n\n\n\n<h2 class=\"wp-block-heading\"><span class=\"ez-toc-section\" id=\"La_estabilidad_de_la_tabla_hinchable_vs_rigida\"><\/span>La estabilidad de la tabla hinchable vs r\u00edgida<span class=\"ez-toc-section-end\"><\/span><\/h2>\n\n\n\n<p>En base a la fabricaci\u00f3n, hay una ligera ventaja de las tablas hinchables sobre las tablas r\u00edgidas en cuanto a la estabilidad. Al ser infladas, estas tablas ganan un grosor uniforme de lado a lado y del morro a la cola. Esto las hace m\u00e1s estables incluso cuando se comparan con las tablas r\u00edgidas del mismo tama\u00f1o, lo que convierte a las tablas de paddle hinchables en especialmente adecuadas para los principiantes<\/p>\n\n\n\n<p>Ya ves que las tablas r\u00edgidas tienen su peso reducido para optimizarlas de cara a la velocidad y las actividades de surf. Mientras que proporcionan un mayor rendimiento para los usuarios experimentados, no son tan estables cuando se trata de ser utilizadas por los principiantes.<\/p>\n\n\n\n<p>Puedes leer m\u00e1s sobre las principales diferencias entre las tablas hinchables y las r\u00edgidas <a href=\"https:\/\/standuppaddleboardworld.com\/es\/paddle-surf-101\/tabla-hinchable-vs-rigida\/\" target=\"_blank\" aria-label=\" (opens in a new tab)\" rel=\"noreferrer noopener\" class=\"rank-math-link\">aqu\u00ed<\/a>.<\/p>\n\n\n\n<figure class=\"wp-block-image size-large\"><img loading=\"lazy\" decoding=\"async\" width=\"972\" height=\"809\" src=\"https:\/\/standuppaddleboardworld.com\/wp-content\/uploads\/2020\/06\/Isle-Megalodon-Group.jpg\" alt=\"Isle-Megalodon-Grupo de surferos\" class=\"wp-image-7658\" title=\"\" srcset=\"https:\/\/standuppaddleboardworld.com\/wp-content\/uploads\/2020\/06\/Isle-Megalodon-Group.jpg 972w, https:\/\/standuppaddleboardworld.com\/wp-content\/uploads\/2020\/06\/Isle-Megalodon-Group-300x250.jpg 300w, https:\/\/standuppaddleboardworld.com\/wp-content\/uploads\/2020\/06\/Isle-Megalodon-Group-768x639.jpg 768w\" sizes=\"auto, (max-width: 972px) 100vw, 972px\" \/><figcaption>\u00a1\u00bfCu\u00e1nto m\u00e1s estable puede ser una tabla de remo hinchable?! (Foto de la <a href=\"https:\/\/standuppaddleboardworld.com\/giant-paddle-board\/\" class=\"rank-math-link\">Isle Megalodon<\/a>)<\/figcaption><\/figure>\n\n\n\n<p>Otro aspecto de la estabilidad y el rendimiento de las tablas es su grosor. La mayor\u00eda de los usuarios deber\u00edan optar por tablas con un grosor de 5 o 6 pulgadas. Sin embargo, si pesa m\u00e1s de 100 kg, deber\u00edas plantearte optar por una tabla de 6 pulgadas, ya que tiene m\u00e1s volumen en general, y ser\u00e1 m\u00e1s estable en el agua.<\/p>\n\n\n\n<p>Ahora, muchas variables afectan el rendimiento de una tabla aparte de la longitud, anchura o el equipo adicional que se a\u00f1ade. Sin embargo, he elaborado una tabla general que te guiar\u00e1 a trav\u00e9s del proceso de compra de tu primera tabla y para no cometer ning\u00fan error en el proceso.<\/p>\n\n\n\n<p>Utiliza estos rangos de tama\u00f1o de tablas de paddle surf para conseguir una tabla todo terreno que sea estable y fiable, de modo que puedas aprender a practicar este deporte f\u00e1cilmente. A medida que pasa el tiempo y dominas las t\u00e9cnicas, puedes mejorar tu tabla actual con alg\u00fan <a href=\"https:\/\/standuppaddleboardworld.com\/paddle-board-accessories\/\" class=\"rank-math-link\">equipo adicional<\/a>, o puedes comprar una nueva que se centrar\u00e1 en el rendimiento m\u00e1s que en la estabilidad.<\/p>\n\n\n\n<figure class=\"wp-block-image size-large\"><img loading=\"lazy\" decoding=\"async\" width=\"1024\" height=\"768\" src=\"https:\/\/standuppaddleboardworld.com\/wp-content\/uploads\/2020\/06\/Bluefin-Cruise-Kayak-Seat-Action-Girl-1024x768.jpg\" alt=\"Bluefin-Cruise-Kayak-Asiento-Acci\u00f3n-Chica\" class=\"wp-image-17939\" title=\"\" srcset=\"https:\/\/standuppaddleboardworld.com\/wp-content\/uploads\/2020\/06\/Bluefin-Cruise-Kayak-Seat-Action-Girl-1024x768.jpg 1024w, https:\/\/standuppaddleboardworld.com\/wp-content\/uploads\/2020\/06\/Bluefin-Cruise-Kayak-Seat-Action-Girl-300x225.jpg 300w, https:\/\/standuppaddleboardworld.com\/wp-content\/uploads\/2020\/06\/Bluefin-Cruise-Kayak-Seat-Action-Girl-768x576.jpg 768w, https:\/\/standuppaddleboardworld.com\/wp-content\/uploads\/2020\/06\/Bluefin-Cruise-Kayak-Seat-Action-Girl-702x526.jpg 702w, https:\/\/standuppaddleboardworld.com\/wp-content\/uploads\/2020\/06\/Bluefin-Cruise-Kayak-Seat-Action-Girl.jpg 1200w\" sizes=\"auto, (max-width: 1024px) 100vw, 1024px\" \/><figcaption>Como principiante tambi\u00e9n puedes sentarte y remar para asegurarte de que te mantienes estable<\/figcaption><\/figure>\n\n\n\n<h2 class=\"wp-block-heading\"><span class=\"ez-toc-section\" id=\"El_tamano_de_tabla_general_de_paddle_para_principiantes\"><\/span>El tama\u00f1o de tabla general de paddle para principiantes<span class=\"ez-toc-section-end\"><\/span><\/h2>\n\n\n\n<figure class=\"wp-block-image size-large\"><img loading=\"lazy\" decoding=\"async\" width=\"871\" height=\"279\" src=\"https:\/\/standuppaddleboardworld.com\/wp-content\/uploads\/2020\/06\/paddle-board-sizing-beginners.png\" alt=\"paddle-board-tallas-principiantes\" class=\"wp-image-21823\" title=\"\" srcset=\"https:\/\/standuppaddleboardworld.com\/wp-content\/uploads\/2020\/06\/paddle-board-sizing-beginners.png 871w, https:\/\/standuppaddleboardworld.com\/wp-content\/uploads\/2020\/06\/paddle-board-sizing-beginners-300x96.png 300w, https:\/\/standuppaddleboardworld.com\/wp-content\/uploads\/2020\/06\/paddle-board-sizing-beginners-768x246.png 768w\" sizes=\"auto, (max-width: 871px) 100vw, 871px\" \/><\/figure>\n\n\n\n<p>Aunque esta tabla proporciona buenos rangos generales para las tablas de paddle surf todo terreno para aquellos que est\u00e1n empezando con el paddle surf, hay alguna diferencia si eres un deportista experimentado. En ese caso, me gustar\u00eda que tuvieras en cuenta las siguientes dimensiones de la tabla de paddle, de m\u00e1s abajo:<\/p>\n\n\n\n<h2 class=\"wp-block-heading\"><span class=\"ez-toc-section\" id=\"El_tamano_de_tabla_general_de_paddle_para_usuarios_intermedios_a_avanzados\"><\/span>El tama\u00f1o de tabla general de paddle para usuarios intermedios a avanzados<span class=\"ez-toc-section-end\"><\/span><\/h2>\n\n\n\n<figure class=\"wp-block-image size-large\"><img loading=\"lazy\" decoding=\"async\" width=\"870\" height=\"280\" src=\"https:\/\/standuppaddleboardworld.com\/wp-content\/uploads\/2020\/06\/paddle-board-sizing-advanced.png\" alt=\"paddle-board-tallas-avanzados\" class=\"wp-image-21822\" title=\"\" srcset=\"https:\/\/standuppaddleboardworld.com\/wp-content\/uploads\/2020\/06\/paddle-board-sizing-advanced.png 870w, https:\/\/standuppaddleboardworld.com\/wp-content\/uploads\/2020\/06\/paddle-board-sizing-advanced-300x97.png 300w, https:\/\/standuppaddleboardworld.com\/wp-content\/uploads\/2020\/06\/paddle-board-sizing-advanced-768x247.png 768w\" sizes=\"auto, (max-width: 870px) 100vw, 870px\" \/><\/figure>\n\n\n\n<p>A medida que vayas adquiriendo m\u00e1s y m\u00e1s experiencia con el paddle surf, incluso la segunda tabla se te puede volver obsoleta, ya que los usuarios profesionales eligen las tablas en base a caracter\u00edsticas de rendimiento espec\u00edficas en lugar de basarse en medidas o m\u00e9tricas. <\/p>\n\n\n\n<p>Por consiguiente, si bien la segunda tabla es adecuada para los deportistas experimentados, <strong>se refiere al tama\u00f1o de tabla de paddle en general, en lugar de a su rendimiento espec\u00edfico<\/strong>. Por ejemplo, si quieres surfear o remar en aguas bravas, el tama\u00f1o de tabla de paddle puede diferir.<\/p>\n\n\n\n<p>Dicho esto, al comparar las dos tablas, se puede notar c\u00f3mo la longitud no cambia entre los principiantes y experimentados remadores. En lugar de asociar la longitud con el peso del remero, esta m\u00e9trica depende principalmente de:<\/p>\n\n\n\n<ul class=\"wp-block-list\"><li>La actividad concreta que pretendes realizar con tu tabla de paddle surf<\/li><li>Las condiciones en las que usar\u00e1s tu tabla (caracter\u00edsticas del agua y viento)<\/li><li>Tu altura y alcance<\/li><li>Si remar\u00e1s solo o llevar\u00e1s a tu hijo\/mascotas a bordo de la tabla<\/li><\/ul>\n\n\n\n<figure class=\"wp-block-image size-large\"><img loading=\"lazy\" decoding=\"async\" width=\"1024\" height=\"768\" src=\"https:\/\/standuppaddleboardworld.com\/wp-content\/uploads\/2019\/12\/BlackfinModelXGirlDog-1024x768.jpg\" alt=\"Blackfin-Model-X-Chica-Perro\" class=\"wp-image-590\" title=\"\" srcset=\"https:\/\/standuppaddleboardworld.com\/wp-content\/uploads\/2019\/12\/BlackfinModelXGirlDog-1024x768.jpg 1024w, https:\/\/standuppaddleboardworld.com\/wp-content\/uploads\/2019\/12\/BlackfinModelXGirlDog-300x225.jpg 300w, https:\/\/standuppaddleboardworld.com\/wp-content\/uploads\/2019\/12\/BlackfinModelXGirlDog-768x576.jpg 768w, https:\/\/standuppaddleboardworld.com\/wp-content\/uploads\/2019\/12\/BlackfinModelXGirlDog-702x526.jpg 702w, https:\/\/standuppaddleboardworld.com\/wp-content\/uploads\/2019\/12\/BlackfinModelXGirlDog.jpg 1440w\" sizes=\"auto, (max-width: 1024px) 100vw, 1024px\" \/><figcaption><a href=\"https:\/\/standuppaddleboardworld.com\/paddle-boarding-with-your-dog\/\" class=\"rank-math-link\">Remar junto a un perro<\/a> sobre la tabla <a href=\"https:\/\/standuppaddleboardworld.com\/blackfin-sup\/blackfin-model-x-review\/\" class=\"rank-math-link\">Blackfin Model X<\/a><\/figcaption><\/figure>\n\n\n\n<h2 class=\"wp-block-heading\"><span class=\"ez-toc-section\" id=\"Conclusion_sobre_el_tamano_de_la_tabla_de_paddle_surf\"><\/span>Conclusi\u00f3n sobre el tama\u00f1o de la tabla de paddle surf<span class=\"ez-toc-section-end\"><\/span><\/h2>\n\n\n\n<p class=\"block-conclusion\">Aunque esta informaci\u00f3n te ha dado una comprensi\u00f3n b\u00e1sica y es posible que no est\u00e9s tan confundido cuando te preguntes qu\u00e9 tama\u00f1o de tabla de paddle necesitas, todav\u00eda hay informaci\u00f3n adicional que debes tener en cuenta, como los accesorios, el equipo y otras medidas de rendimiento que pueden estrechar tus opciones de compra.<br><br>Puedes encontrar todo lo que necesitas saber en otras publicaciones para tablas de paddle surf y de surf en general, as\u00ed que no dudes en echar un vistazo ya que est\u00e1s aqu\u00ed. <strong>Adem\u00e1s, si tienes alguna pregunta o duda adicional sobre las dimensiones de la tabla de paddle o el surf en general, no dudes en contactarnos. Estar\u00e9 encantado de ayudar.<\/strong><\/p>\n\n\n\n<p><em>Y hablando de ponerse en contacto, no te olvides de visitar mis cuentas de <a href=\"https:\/\/www.facebook.com\/Stand-up-Paddle-board-world-108155824075435\/\" target=\"_blank\" aria-label=\" (opens in a new tab)\" rel=\"noreferrer noopener\" class=\"rank-math-link\">Facebook<\/a> e <a href=\"https:\/\/www.instagram.com\/standuppaddleboardworld\/\" target=\"_blank\" aria-label=\" (opens in a new tab)\" rel=\"noreferrer noopener\" class=\"rank-math-link\">Instagram<\/a> para recibir m\u00e1s consejos y recomendaciones \u00fatiles en tablas y accesorios de paddle surf.<\/em><\/p>\n","protected":false},"excerpt":{"rendered":"<p>Todo lo que necesitas saber sobre la elecci\u00f3n del tama\u00f1o de tabla correcto de paddle Bienvenido al mundo del paddle boarding. Si acabas de empezar y te preguntas \u00ab\u00bfqu\u00e9 tama\u00f1o de tabla de paddle necesito?\u00bb, \u00a1has venido al lugar indicado! Hoy hablamos de todos los tama\u00f1os de tablas de paddle. Si quieres aprender a practicar [&hellip;]<\/p>\n","protected":false},"author":1,"featured_media":21824,"parent":16512,"menu_order":0,"comment_status":"open","ping_status":"closed","template":"page-templates\/reviews.php","meta":{"_genesis_hide_title":false,"_genesis_hide_breadcrumbs":false,"_genesis_hide_singular_image":false,"_genesis_hide_footer_widgets":false,"_genesis_custom_body_class":"","_genesis_custom_post_class":"","_genesis_layout":"","footnotes":""},"categories":[],"tags":[],"class_list":{"0":"post-21820","1":"page","2":"type-page","3":"status-publish","4":"has-post-thumbnail","6":"entry"},"acf":[],"_links":{"self":[{"href":"https:\/\/standuppaddleboardworld.com\/es\/wp-json\/wp\/v2\/pages\/21820","targetHints":{"allow":["GET"]}}],"collection":[{"href":"https:\/\/standuppaddleboardworld.com\/es\/wp-json\/wp\/v2\/pages"}],"about":[{"href":"https:\/\/standuppaddleboardworld.com\/es\/wp-json\/wp\/v2\/types\/page"}],"author":[{"embeddable":true,"href":"https:\/\/standuppaddleboardworld.com\/es\/wp-json\/wp\/v2\/users\/1"}],"replies":[{"embeddable":true,"href":"https:\/\/standuppaddleboardworld.com\/es\/wp-json\/wp\/v2\/comments?post=21820"}],"version-history":[{"count":0,"href":"https:\/\/standuppaddleboardworld.com\/es\/wp-json\/wp\/v2\/pages\/21820\/revisions"}],"up":[{"embeddable":true,"href":"https:\/\/standuppaddleboardworld.com\/es\/wp-json\/wp\/v2\/pages\/16512"}],"wp:featuredmedia":[{"embeddable":true,"href":"https:\/\/standuppaddleboardworld.com\/es\/wp-json\/wp\/v2\/media\/21824"}],"wp:attachment":[{"href":"https:\/\/standuppaddleboardworld.com\/es\/wp-json\/wp\/v2\/media?parent=21820"}],"wp:term":[{"taxonomy":"category","embeddable":true,"href":"https:\/\/standuppaddleboardworld.com\/es\/wp-json\/wp\/v2\/categories?post=21820"},{"taxonomy":"post_tag","embeddable":true,"href":"https:\/\/standuppaddleboardworld.com\/es\/wp-json\/wp\/v2\/tags?post=21820"}],"curies":[{"name":"wp","href":"https:\/\/api.w.org\/{rel}","templated":true}]}}