{"id":21810,"date":"2020-12-30T13:09:05","date_gmt":"2020-12-30T12:09:05","guid":{"rendered":"https:\/\/standuppaddleboardworld.com\/?page_id=21810"},"modified":"2021-07-07T08:29:14","modified_gmt":"2021-07-07T07:29:14","slug":"skimboard-guia-definitiva","status":"publish","type":"page","link":"https:\/\/standuppaddleboardworld.com\/es\/skimboard-guia-definitiva\/","title":{"rendered":"Con una tabla de skimboarding patinar\u00e1s sobre el agua"},"content":{"rendered":"\n<h2 class=\"wp-block-heading\"><span class=\"ez-toc-section\" id=\"Todo_sobre_el_skimboarding_y_que_tablas_son_mejores_para_coger_olas\"><\/span>Todo sobre el <em>skimboarding <\/em>y qu\u00e9 tablas son mejores para coger olas<span class=\"ez-toc-section-end\"><\/span><\/h2><div id=\"ez-toc-container\" class=\"ez-toc-v2_0_82_2 counter-flat ez-toc-counter ez-toc-custom ez-toc-container-direction\">\n<label for=\"ez-toc-cssicon-toggle-item-69d4e1b778d04\" class=\"ez-toc-cssicon-toggle-label\"><span class=\"\"><span class=\"eztoc-hide\" style=\"display:none;\">Toggle<\/span><span class=\"ez-toc-icon-toggle-span\"><svg style=\"fill: #1a2b49;color:#1a2b49\" xmlns=\"http:\/\/www.w3.org\/2000\/svg\" class=\"list-377408\" width=\"20px\" height=\"20px\" viewBox=\"0 0 24 24\" fill=\"none\"><path d=\"M6 6H4v2h2V6zm14 0H8v2h12V6zM4 11h2v2H4v-2zm16 0H8v2h12v-2zM4 16h2v2H4v-2zm16 0H8v2h12v-2z\" fill=\"currentColor\"><\/path><\/svg><svg style=\"fill: #1a2b49;color:#1a2b49\" class=\"arrow-unsorted-368013\" xmlns=\"http:\/\/www.w3.org\/2000\/svg\" width=\"10px\" height=\"10px\" viewBox=\"0 0 24 24\" version=\"1.2\" baseProfile=\"tiny\"><path d=\"M18.2 9.3l-6.2-6.3-6.2 6.3c-.2.2-.3.4-.3.7s.1.5.3.7c.2.2.4.3.7.3h11c.3 0 .5-.1.7-.3.2-.2.3-.5.3-.7s-.1-.5-.3-.7zM5.8 14.7l6.2 6.3 6.2-6.3c.2-.2.3-.5.3-.7s-.1-.5-.3-.7c-.2-.2-.4-.3-.7-.3h-11c-.3 0-.5.1-.7.3-.2.2-.3.5-.3.7s.1.5.3.7z\"\/><\/svg><\/span><\/span><\/label><input type=\"checkbox\"  id=\"ez-toc-cssicon-toggle-item-69d4e1b778d04\"  aria-label=\"Alternar\" \/><nav><ul class='ez-toc-list ez-toc-list-level-1 ' ><li class='ez-toc-page-1'><a class=\"ez-toc-link ez-toc-heading-1\" href=\"https:\/\/standuppaddleboardworld.com\/es\/skimboard-guia-definitiva\/#Todo_sobre_el_skimboarding_y_que_tablas_son_mejores_para_coger_olas\" >Todo sobre el skimboarding y qu\u00e9 tablas son mejores para coger olas<\/a><\/li><li class='ez-toc-page-1'><a class=\"ez-toc-link ez-toc-heading-2\" href=\"https:\/\/standuppaddleboardworld.com\/es\/skimboard-guia-definitiva\/#%C2%BFComo_funciona_una_tabla_de_skim\" >\u00bfC\u00f3mo funciona una tabla de skim?<\/a><\/li><li class='ez-toc-page-1'><a class=\"ez-toc-link ez-toc-heading-3\" href=\"https:\/\/standuppaddleboardworld.com\/es\/skimboard-guia-definitiva\/#Desplazamiento_del_agua\" >Desplazamiento del agua<\/a><\/li><li class='ez-toc-page-1'><a class=\"ez-toc-link ez-toc-heading-4\" href=\"https:\/\/standuppaddleboardworld.com\/es\/skimboard-guia-definitiva\/#El_efecto_suelo\" >El efecto suelo<\/a><\/li><li class='ez-toc-page-1'><a class=\"ez-toc-link ez-toc-heading-5\" href=\"https:\/\/standuppaddleboardworld.com\/es\/skimboard-guia-definitiva\/#%C2%BFSirve_el_%C2%ABpumping%C2%BB_en_el_skimboarding\" >\u00bfSirve el \u00abpumping\u00bb en el skimboarding?<\/a><\/li><li class='ez-toc-page-1'><a class=\"ez-toc-link ez-toc-heading-6\" href=\"https:\/\/standuppaddleboardworld.com\/es\/skimboard-guia-definitiva\/#%C2%BFComo_elijo_la_tabla_de_skim_perfecta\" >\u00bfC\u00f3mo elijo la tabla de skim perfecta?<\/a><\/li><li class='ez-toc-page-1'><a class=\"ez-toc-link ez-toc-heading-7\" href=\"https:\/\/standuppaddleboardworld.com\/es\/skimboard-guia-definitiva\/#Diferentes_tipos_de_tablas_de_skim\" >Diferentes tipos de tablas de skim<\/a><\/li><li class='ez-toc-page-1'><a class=\"ez-toc-link ez-toc-heading-8\" href=\"https:\/\/standuppaddleboardworld.com\/es\/skimboard-guia-definitiva\/#Precios_de_las_skimboards_o_tablas_de_skim\" >Precios de las skimboards o tablas de skim<\/a><\/li><li class='ez-toc-page-1'><a class=\"ez-toc-link ez-toc-heading-9\" href=\"https:\/\/standuppaddleboardworld.com\/es\/skimboard-guia-definitiva\/#Tabla_de_tallas_de_las_skimboards\" >Tabla de tallas de las skimboards<\/a><\/li><li class='ez-toc-page-1'><a class=\"ez-toc-link ez-toc-heading-10\" href=\"https:\/\/standuppaddleboardworld.com\/es\/skimboard-guia-definitiva\/#Conclusion_sobre_las_skimboards_o_tablas_de_skim\" >Conclusi\u00f3n sobre las skimboards o tablas de skim<\/a><\/li><\/ul><\/nav><\/div>\n\n\n\n\n<p>Estoy seguro de que has o\u00eddo hablar alguna vez de una tabla de <a href=\"https:\/\/es.wikipedia.org\/wiki\/Skimboarding\" target=\"_blank\" aria-label=\" (opens in a new tab)\" rel=\"noreferrer noopener\" class=\"rank-math-link\">skimboarding<\/a>, aunque la mayor\u00eda no tiene idea de lo que significa la palabra. A diferencia de una tabla de <a href=\"https:\/\/standuppaddleboardworld.com\/es\/mejor-tabla-hinchable-de-paddle\/\" class=\"rank-math-link\">Stand Up Paddle<\/a> (SUP) o Paddle Surf, una skimboard o tabla de skim est\u00e1 hecha \u00fanicamente para coger olas y moverse de forma r\u00e1pida en aguas poco profundas, por lo que las tablas son mucho m\u00e1s peque\u00f1as.<\/p>\n\n\n\n<p>Mientras que el paddle surf se suele caracterizar por la estabilidad, el skimboarding o skim se caracteriza por <strong>coger olas y asumir el riesgo<\/strong>. A menudo te caes al agua, cosa que no ocurre con el SUP. Por otro lado, vives m\u00e1s la aventura y hay m\u00e1s adrenalina, \u00a1as\u00ed que mojarte en ba\u00f1ador da igual!<\/p>\n\n\n\n<p>El enfoque es muy distinto, por lo que tambi\u00e9n se necesita una tabla distinta. Una tabla de skim o skimboard es peque\u00f1a (entre 110 y 150 cm de largo) y est\u00e1 hecha de <strong>madera o espuma<\/strong>. Por tanto, tienes mucha flexibilidad para moverte r\u00e1pido con las olas, pero menos equilibrio.<\/p>\n\n\n\n<p>Como las tablas de espuma son un poco m\u00e1s grandes y tienen m\u00e1s flotabilidad, son m\u00e1s f\u00e1ciles de usar para principiantes y m\u00e1s apropiadas para las olas. Los deportistas o skimboarders experimentados son m\u00e1s propensos a optar por una tabla de skim de madera para alcanzar altas velocidades en superficies menos profundas por la menor fricci\u00f3n.<\/p>\n\n\n\n<hr class=\"wp-block-separator\"\/>\n\n\n\n<figure class=\"wp-block-image size-large\"><img loading=\"lazy\" decoding=\"async\" width=\"1024\" height=\"682\" src=\"https:\/\/standuppaddleboardworld.com\/wp-content\/uploads\/2020\/06\/skimboard-sprong-1024x682.jpg\" alt=\"skimboard-salto\" class=\"wp-image-21813\" title=\"\" srcset=\"https:\/\/standuppaddleboardworld.com\/wp-content\/uploads\/2020\/06\/skimboard-sprong-1024x682.jpg 1024w, https:\/\/standuppaddleboardworld.com\/wp-content\/uploads\/2020\/06\/skimboard-sprong-300x200.jpg 300w, https:\/\/standuppaddleboardworld.com\/wp-content\/uploads\/2020\/06\/skimboard-sprong-768x512.jpg 768w, https:\/\/standuppaddleboardworld.com\/wp-content\/uploads\/2020\/06\/skimboard-sprong.jpg 1280w\" sizes=\"auto, (max-width: 1024px) 100vw, 1024px\" \/><figcaption>Con una tabla de skim puedes dar saltos de altura, mientras que con una tabla de paddle surf no podr\u00e1s hacerlo tan f\u00e1cilmente<\/figcaption><\/figure>\n\n\n\n<h2 class=\"wp-block-heading\"><span class=\"ez-toc-section\" id=\"%C2%BFComo_funciona_una_tabla_de_skim\"><\/span>\u00bfC\u00f3mo funciona una tabla de skim?<span class=\"ez-toc-section-end\"><\/span><\/h2>\n\n\n\n<p>Una tabla de skim ofrece una experiencia \u00fanica. Si miras la tabla peque\u00f1a pensar\u00edas que te hundir\u00edas hasta el fondo en lugar de deslizarte sobre las olas, \u00a1pero nada m\u00e1s lejos de la realidad!<\/p>\n\n\n\n<p>Una vez que dominas este deporte, puedes incluso deslizarte hacia las olas con tu tabla y montarlas durante un rato, como los surfistas. Como puedes ver arriba, hasta puedes hacer saltos decentes si tienes suficiente velocidad, pero esto no ocurre con los principiantes.<\/p>\n\n\n\n<p>Es genial deslizarse por la superficie del agua, pero \u00bfc\u00f3mo funciona realmente el skim? A continuaci\u00f3n hay una breve explicaci\u00f3n de f\u00edsica para que quede claro, de forma que entiendas inmediatamente la gran experiencia que entra\u00f1a el skimboarding.<\/p>\n\n\n\n<hr class=\"wp-block-separator\"\/>\n\n\n\n<figure class=\"wp-block-image size-large\"><img loading=\"lazy\" decoding=\"async\" width=\"1024\" height=\"682\" src=\"https:\/\/standuppaddleboardworld.com\/wp-content\/uploads\/2020\/06\/skimboard-hout-golf-1024x682.jpg\" alt=\"skimboard-madera-golf\" class=\"wp-image-21816\" title=\"\" srcset=\"https:\/\/standuppaddleboardworld.com\/wp-content\/uploads\/2020\/06\/skimboard-hout-golf-1024x682.jpg 1024w, https:\/\/standuppaddleboardworld.com\/wp-content\/uploads\/2020\/06\/skimboard-hout-golf-300x200.jpg 300w, https:\/\/standuppaddleboardworld.com\/wp-content\/uploads\/2020\/06\/skimboard-hout-golf-768x512.jpg 768w, https:\/\/standuppaddleboardworld.com\/wp-content\/uploads\/2020\/06\/skimboard-hout-golf.jpg 1280w\" sizes=\"auto, (max-width: 1024px) 100vw, 1024px\" \/><figcaption>Si eres bueno en este deporte, \u00a1el resultado queda espectacular!<\/figcaption><\/figure>\n\n\n\n<h3 class=\"wp-block-heading\"><span class=\"ez-toc-section\" id=\"Desplazamiento_del_agua\"><\/span>Desplazamiento del agua<span class=\"ez-toc-section-end\"><\/span><\/h3>\n\n\n\n<p>Una tabla de skim es una peque\u00f1a estructura que funciona pr\u00e1cticamente como un barco, pero que utiliza la energ\u00eda humana en lugar de un motor. Sin embargo, ambas tienen una cosa en com\u00fan: <strong>cuando se mueven, mueven el agua<\/strong>. Cuanta m\u00e1s agua mueven, m\u00e1s lentamente avanzan.<\/p>\n\n\n\n<p>Debido a que la fuerza humana es mucho m\u00e1s limitada que un motor y se agota despu\u00e9s de un tiempo determinado, el objetivo del skim es <strong>utilizar la menor cantidad de energ\u00eda posible<\/strong> para desplazarse por el agua.<\/p>\n\n\n\n<p>Si la tabla de skim tiene que empujar una gran cantidad de agua, esto significa que el usuario perder\u00e1 energ\u00eda y disminuir\u00e1 la velocidad. Es por eso que la tabla de skimboard funciona perfectamente en <strong>aguas poco profundas<\/strong>, pues tienen que mover menos agua.<\/p>\n\n\n\n<figure class=\"wp-block-image size-large\"><img loading=\"lazy\" decoding=\"async\" width=\"1024\" height=\"680\" src=\"https:\/\/standuppaddleboardworld.com\/wp-content\/uploads\/2020\/06\/skimboard-hout-jongen-1024x680.jpg\" alt=\"skimboard-madera-chico\" class=\"wp-image-21815\" title=\"\" srcset=\"https:\/\/standuppaddleboardworld.com\/wp-content\/uploads\/2020\/06\/skimboard-hout-jongen-1024x680.jpg 1024w, https:\/\/standuppaddleboardworld.com\/wp-content\/uploads\/2020\/06\/skimboard-hout-jongen-300x199.jpg 300w, https:\/\/standuppaddleboardworld.com\/wp-content\/uploads\/2020\/06\/skimboard-hout-jongen-768x510.jpg 768w, https:\/\/standuppaddleboardworld.com\/wp-content\/uploads\/2020\/06\/skimboard-hout-jongen.jpg 1280w\" sizes=\"auto, (max-width: 1024px) 100vw, 1024px\" \/><figcaption>Un muchacho con una tabla de madera &#8211; Puedes ver lo peque\u00f1a que es la tabla (se recomienda usar un <a href=\"https:\/\/standuppaddleboardworld.com\/wetsuit\/\" target=\"_blank\" aria-label=\"traje de neopreno (opens in a new tab)\" rel=\"noreferrer noopener\" class=\"rank-math-link\">traje de neopreno<\/a>)<\/figcaption><\/figure>\n\n\n\n<h3 class=\"wp-block-heading\"><span class=\"ez-toc-section\" id=\"El_efecto_suelo\"><\/span>El efecto suelo<span class=\"ez-toc-section-end\"><\/span><\/h3>\n\n\n\n<p>No solamente el agua poco profunda en s\u00ed misma hace que una tabla de skim se mueva hacia adelante. Debido a que \u00e9sta est\u00e1 tan cerca del fondo, se forman peque\u00f1as masas de agua arremolinadas justo debajo de la tabla. Esto ocurre cuando <strong>la tabla empuja el agua hacia abajo<\/strong>, pero el suelo la empuja hacia arriba otra vez. A esto se le llama el efecto suelo.<\/p>\n\n\n\n<p>En pocas palabras, esto act\u00faa como un pato de goma que se empuja hasta el fondo y luego vuelve a subir. La presi\u00f3n ejercida en el agua entre el pato y el fondo crea un movimiento, que la tabla de skim utiliza para avanzar.<\/p>\n\n\n\n<p>Estos remolinos de agua impiden que la tabla toque el fondo. Esto crea el efecto de deslizamiento hasta que se llegas a aguas m\u00e1s profundas, donde la flotabilidad y la velocidad son necesarias para seguir desliz\u00e1ndose. Piensa, por ejemplo, en un helic\u00f3ptero que planea en el momento justo despu\u00e9s del despegue y casi toca el suelo.<\/p>\n\n\n\n<p>Las aspas est\u00e1n golpeando el aire en v\u00f3rtices, que mantienen el helic\u00f3ptero elevado a pesar de que acaba de dejar el suelo. Este efecto permite al helic\u00f3ptero \u00abdeslizarse\u00bb sobre el suelo a baja altura y se puede ver el aire arremolinado en acci\u00f3n, ya que las aspas expulsan y cortan part\u00edculas de suciedad y polvo.<\/p>\n\n\n\n<figure class=\"wp-block-image size-large\"><img loading=\"lazy\" decoding=\"async\" width=\"1024\" height=\"671\" src=\"https:\/\/standuppaddleboardworld.com\/wp-content\/uploads\/2020\/06\/skimboard-ondiep-water-1024x671.jpg\" alt=\"skimboard-ondiep-agua\" class=\"wp-image-21817\" title=\"\" srcset=\"https:\/\/standuppaddleboardworld.com\/wp-content\/uploads\/2020\/06\/skimboard-ondiep-water-1024x671.jpg 1024w, https:\/\/standuppaddleboardworld.com\/wp-content\/uploads\/2020\/06\/skimboard-ondiep-water-300x197.jpg 300w, https:\/\/standuppaddleboardworld.com\/wp-content\/uploads\/2020\/06\/skimboard-ondiep-water-768x503.jpg 768w, https:\/\/standuppaddleboardworld.com\/wp-content\/uploads\/2020\/06\/skimboard-ondiep-water.jpg 1280w\" sizes=\"auto, (max-width: 1024px) 100vw, 1024px\" \/><figcaption>Es m\u00e1s f\u00e1cil hacer skim en aguas poco profundas gracias al efecto suelo<\/figcaption><\/figure>\n\n\n\n<h3 class=\"wp-block-heading\"><span class=\"ez-toc-section\" id=\"%C2%BFSirve_el_%C2%ABpumping%C2%BB_en_el_skimboarding\"><\/span>\u00bfSirve el \u00abpumping\u00bb en el skimboarding?<span class=\"ez-toc-section-end\"><\/span><\/h3>\n\n\n\n<p>Un t\u00e9rmino com\u00fan entre los que practican este deporte es el <em>bombeo <\/em>o \u00ab<strong>pumping<\/strong>\u00ab. Esto hace referencia al movimiento que un surfista hace con sus piernas cuando llega a aguas m\u00e1s profundas, para mantenerse a flote.<\/p>\n\n\n\n<p>Las tablas de skim tienen una menor superficie que las tablas de surf. Esto implica que no flotan tanto como las tablas de surf y por eso los que practican skim tienen que \u00ab<em>bombear<\/em>\u00bb cuando llegan al <strong>punto donde las olas se rompen<\/strong>.<\/p>\n\n\n\n<p>Para bombear, el deportista debe mover su pie delantero hacia arriba y hacia abajo en el morro de la tabla, manteni\u00e9ndola a flote durante m\u00e1s tiempo y viajando m\u00e1s r\u00e1pido y m\u00e1s lejos a trav\u00e9s del agua.<\/p>\n\n\n\n<p>Curiosamente, este movimiento en realidad frena al usuario. Pero eso no significa que la tabla se vaya a hundir. El bombeo es un movimiento a modo de balanc\u00edn. Mover la tabla hacia atr\u00e1s y hacia adelante crea un peque\u00f1o impulso que mantiene temporalmente la tabla en la superficie del agua.<\/p>\n\n\n\n<p>Cuando los deportistas repiten este movimiento r\u00e1pidamente, la tabla se hunde y vuelve a salir del agua.<\/p>\n\n\n\n<p>Ahora que has descubierto c\u00f3mo funciona una tabla de skimboarding, continuaremos con una presentaci\u00f3n de las tablas en s\u00ed y cu\u00e1les deber\u00edas elegir para empezar a practicarlo t\u00fa mismo.<\/p>\n\n\n\n<figure class=\"wp-block-image size-large\"><img loading=\"lazy\" decoding=\"async\" width=\"1024\" height=\"682\" src=\"https:\/\/standuppaddleboardworld.com\/wp-content\/uploads\/2020\/06\/skimboard-vallen-1024x682.jpg\" alt=\"skimboard-caerse\" class=\"wp-image-21812\" title=\"\" srcset=\"https:\/\/standuppaddleboardworld.com\/wp-content\/uploads\/2020\/06\/skimboard-vallen-1024x682.jpg 1024w, https:\/\/standuppaddleboardworld.com\/wp-content\/uploads\/2020\/06\/skimboard-vallen-300x200.jpg 300w, https:\/\/standuppaddleboardworld.com\/wp-content\/uploads\/2020\/06\/skimboard-vallen-768x512.jpg 768w, https:\/\/standuppaddleboardworld.com\/wp-content\/uploads\/2020\/06\/skimboard-vallen.jpg 1280w\" sizes=\"auto, (max-width: 1024px) 100vw, 1024px\" \/><figcaption>\u00a1A diferencia del paddle surf (SUP), el skimboarding implica mucha m\u00e1s prueba y error!<\/figcaption><\/figure>\n\n\n\n<h2 class=\"wp-block-heading\"><span class=\"ez-toc-section\" id=\"%C2%BFComo_elijo_la_tabla_de_skim_perfecta\"><\/span>\u00bfC\u00f3mo elijo la tabla de skim perfecta?<span class=\"ez-toc-section-end\"><\/span><\/h2>\n\n\n\n<p>Elegir la tabla de skim ideal puede ser una tarea complicada. La buena noticia es que existe una tabla de tallas y unas cuantas reglas cient\u00edficas resolver\u00e1n las dudas m\u00e1s comunes.<\/p>\n\n\n\n<p><strong>\u00bfC\u00f3mo se elige una tabla de skim? <\/strong>Primero anota tu <strong>altura<\/strong> y <strong>peso<\/strong>, porque son factores importantes a los que hay que prestar atenci\u00f3n, como en el caso de una tabla de paddle surf.<\/p>\n\n\n\n<p>Posteriormente hazte algunas preguntas: \u00bfEres un <strong>principiante <\/strong>o un <strong>skimboarder con experiencia<\/strong> que busca un nuevo desaf\u00edo? <em>\u00bfTe gustar\u00eda ir a hacer skim con frecuencia y vivir cerca del agua, o solo quieres practicarlo de vacaciones o por temporadas?<\/em> Es importante saber qu\u00e9 requisitos debe cumplir la tabla que buscas?<\/p>\n\n\n\n<p>La gran mayor\u00eda de fabricantes hacen <strong>tablas de espuma<\/strong> en el interior y con fibra de vidrio y\/o resina en el exterior. Las tablas de <strong>carbono <\/strong>y las de <strong>madera <\/strong>son (de nuevo, como las tablas de SUP) las m\u00e1s caras y las m\u00e1s utilizadas por los profesionales.<\/p>\n\n\n\n<figure class=\"wp-block-image size-large\"><img loading=\"lazy\" decoding=\"async\" width=\"925\" height=\"740\" src=\"https:\/\/standuppaddleboardworld.com\/wp-content\/uploads\/2020\/06\/Skimboard-glijden.jpg\" alt=\"Skimboard-deslizar\" class=\"wp-image-21818\" title=\"\" srcset=\"https:\/\/standuppaddleboardworld.com\/wp-content\/uploads\/2020\/06\/Skimboard-glijden.jpg 925w, https:\/\/standuppaddleboardworld.com\/wp-content\/uploads\/2020\/06\/Skimboard-glijden-300x240.jpg 300w, https:\/\/standuppaddleboardworld.com\/wp-content\/uploads\/2020\/06\/Skimboard-glijden-768x614.jpg 768w\" sizes=\"auto, (max-width: 925px) 100vw, 925px\" \/><figcaption>Deslizarte sobre aguas poco profundas debido a la presi\u00f3n ascendente que se crea debajo de la tabla<\/figcaption><\/figure>\n\n\n\n<p>Los modelos de espuma tienen una <strong>mayor flotabilidad<\/strong> y son muy utilizados por los deportistas de skim que quieren enfrentarse a las olas, mientras que los surfistas m\u00e1s pr\u00f3ximos a la costa normalmente utilizan <strong>tablas de madera<\/strong>, ya que son <strong>m\u00e1s pesadas<\/strong> y pueden moverse <strong>muy r\u00e1pido<\/strong> en aguas poco profundas.<\/p>\n\n\n\n<h2 class=\"wp-block-heading\"><span class=\"ez-toc-section\" id=\"Diferentes_tipos_de_tablas_de_skim\"><\/span>Diferentes tipos de tablas de skim<span class=\"ez-toc-section-end\"><\/span><\/h2>\n\n\n\n<p>Las tablas de skim oscilan entre 110 cm y 150 cm de longitud y entre 45 cm y 60 cm de anchura, dependiendo de las caracter\u00edsticas f\u00edsicas del usuario, su nivel de experiencia y el tipo de paseo (olas o agua plana).<\/p>\n\n\n\n<p>El grosor juega un papel esencial en el funcionamiento de la tabla. Las tablas gruesas se deslizar\u00e1n mejor, pero no girar\u00e1n tan bien, porque no responden bien. En otras palabras, \u00bfest\u00e1s buscando velocidad, hacer piruetas o un equilibrio entre ambos?<\/p>\n\n\n\n<p>Las tablas que est\u00e1n demasiado combadas son m\u00e1s lentas y pueden ser f\u00e1cilmente levantadas por vientos medianos o fuertes. El tipo de cola m\u00e1s com\u00fan en las tablas de skim es la cola de alfiler, porque a\u00f1ade estabilidad extra a la tabla y da menos resistencia.<\/p>\n\n\n\n<p class=\"block-highlight\">Como regla general, un modelo m\u00e1s grande (en altura y anchura) ser\u00e1 m\u00e1s r\u00e1pido, pero no girar\u00e1 r\u00e1pido si quieres moverte junto con las olas. Las tablas m\u00e1s peque\u00f1as suelen ser menos estables y m\u00e1s lentas. Regla b\u00e1sica n\u00famero dos: <strong>compra una tabla que llegue hasta la mitad de tu pecho<\/strong>.<\/p>\n\n\n\n<figure class=\"wp-block-image size-large\"><img loading=\"lazy\" decoding=\"async\" width=\"1024\" height=\"682\" src=\"https:\/\/standuppaddleboardworld.com\/wp-content\/uploads\/2020\/06\/skimboard-samen-golf-1024x682.jpg\" alt=\"skimboard-juntos-ola\" class=\"wp-image-21814\" title=\"\" srcset=\"https:\/\/standuppaddleboardworld.com\/wp-content\/uploads\/2020\/06\/skimboard-samen-golf-1024x682.jpg 1024w, https:\/\/standuppaddleboardworld.com\/wp-content\/uploads\/2020\/06\/skimboard-samen-golf-300x200.jpg 300w, https:\/\/standuppaddleboardworld.com\/wp-content\/uploads\/2020\/06\/skimboard-samen-golf-768x512.jpg 768w, https:\/\/standuppaddleboardworld.com\/wp-content\/uploads\/2020\/06\/skimboard-samen-golf.jpg 1280w\" sizes=\"auto, (max-width: 1024px) 100vw, 1024px\" \/><figcaption>El skimboarding es una actividad divertida con la que retarse: \u00bfqui\u00e9n salta m\u00e1s alto? \ud83e\udd98<\/figcaption><\/figure>\n\n\n\n<h2 class=\"wp-block-heading\"><span class=\"ez-toc-section\" id=\"Precios_de_las_skimboards_o_tablas_de_skim\"><\/span>Precios de las skimboards o <em>tablas de skim<\/em><span class=\"ez-toc-section-end\"><\/span><\/h2>\n\n\n\n<p>Las tablas de skim en madera son generalmente m\u00e1s baratas que las fabricadas en espuma y las de carbono. Sobre todo, necesitas el mejor equipamiento seg\u00fan tu altura, peso, experiencia y finalidad de uso.<\/p>\n\n\n\n<p>Para los trucos de skimboard es necesario tener una buena adherencia en la cubierta de la tabla de skimboarding. Tambi\u00e9n se puede usar cera, pero un buen agarre es \u00fatil cuando se realizan trucos tales como saltos. Una ola de skimboard no es lo mismo que una ola de surf.<\/p>\n\n\n\n<h2 class=\"wp-block-heading\"><span class=\"ez-toc-section\" id=\"Tabla_de_tallas_de_las_skimboards\"><\/span>Tabla de tallas de las skimboards<span class=\"ez-toc-section-end\"><\/span><\/h2>\n\n\n\n<figure class=\"wp-block-table is-style-stripes\"><table><tbody><tr><td><strong>Peso del usuario<\/strong><\/td><td><strong>Talla Skimboard<\/strong><\/td><td><strong>Tama\u00f1o skimboard<\/strong><\/td><\/tr><tr><td>&lt; 36 kg (ni\u00f1os)<\/td><td>XXS<\/td><td>114 x 48 cm<\/td><\/tr><tr><td>36 &#8211; 45 kg<\/td><td>XS<\/td><td>122 x 49 cm<\/td><\/tr><tr><td>45 &#8211; 63 kg<\/td><td>S<\/td><td>130 x 50 cm<\/td><\/tr><tr><td>54-72 kg<\/td><td>M<\/td><td>132 x 51 cm<\/td><\/tr><tr><td>63 &#8211; 82 kg<\/td><td>ML<\/td><td>133 x 51,5 cm<\/td><\/tr><tr><td>73 &#8211; 91 kg<\/td><td>L<\/td><td>133 x 52 cm<\/td><\/tr><tr><td>82 &#8211; 100 kg<\/td><td>XL<\/td><td>134,5 x 53 cm<\/td><\/tr><tr><td>91 &#8211; 109 kg<\/td><td>XXL<\/td><td>137 x 54,5 cm<\/td><\/tr><\/tbody><\/table><figcaption><img decoding=\"async\" src=\"https:\/\/standuppaddleboardworld.com\/wp-content\/uploads\/2020\/07\/Skimboard-gif.gif\" alt=\"Skimboard-gif\" title=\"\"><\/figcaption><\/figure>\n\n\n\n<hr class=\"wp-block-separator\"\/>\n\n\n\n<h2 class=\"wp-block-heading\"><span class=\"ez-toc-section\" id=\"Conclusion_sobre_las_skimboards_o_tablas_de_skim\"><\/span>Conclusi\u00f3n sobre las skimboards o <em>tablas de skim<\/em><span class=\"ez-toc-section-end\"><\/span><\/h2>\n\n\n\n<p class=\"block-conclusion\">Ahora que sabemos lo que es un skimboard o tabla de skim, c\u00f3mo funciona y qu\u00e9 tabla elegir, es hora de encontrar una y llevarla al agua. A diferencia de una tabla de paddle surf, una tabla de skim suele ser muy barata y no tendr\u00edas que cuestionar durante mucho tiempo si la tabla cumple con los criterios anteriores.<br><br>\u00a1Me gustar\u00eda desearte buena suerte con tus aventuras de skimboard y si quieres compartir tus experiencias o incluso si tienes fotos que pueda mostrar, ser\u00e1n bienvenidas!<\/p>\n\n\n\n<p><strong>\u00bfAlguna vez has montado una tabla de surf de skim antes? \u00bfC\u00f3mo fue tu experiencia y piensas practicarlo con m\u00e1s frecuencia? \u00a1D\u00e9jame un mensaje en los comentarios!<\/strong><\/p>\n\n\n\n","protected":false},"excerpt":{"rendered":"<p>Todo sobre el skimboarding y qu\u00e9 tablas son mejores para coger olas Estoy seguro de que has o\u00eddo hablar alguna vez de una tabla de skimboarding, aunque la mayor\u00eda no tiene idea de lo que significa la palabra. A diferencia de una tabla de Stand Up Paddle (SUP) o Paddle Surf, una skimboard o tabla [&hellip;]<\/p>\n","protected":false},"author":1,"featured_media":21817,"parent":0,"menu_order":0,"comment_status":"open","ping_status":"closed","template":"page-templates\/reviews.php","meta":{"_genesis_hide_title":false,"_genesis_hide_breadcrumbs":false,"_genesis_hide_singular_image":false,"_genesis_hide_footer_widgets":false,"_genesis_custom_body_class":"","_genesis_custom_post_class":"","_genesis_layout":"","footnotes":""},"categories":[37],"tags":[],"class_list":{"0":"post-21810","1":"page","2":"type-page","3":"status-publish","4":"has-post-thumbnail","6":"category-sin-categorizar","7":"entry"},"acf":[],"_links":{"self":[{"href":"https:\/\/standuppaddleboardworld.com\/es\/wp-json\/wp\/v2\/pages\/21810","targetHints":{"allow":["GET"]}}],"collection":[{"href":"https:\/\/standuppaddleboardworld.com\/es\/wp-json\/wp\/v2\/pages"}],"about":[{"href":"https:\/\/standuppaddleboardworld.com\/es\/wp-json\/wp\/v2\/types\/page"}],"author":[{"embeddable":true,"href":"https:\/\/standuppaddleboardworld.com\/es\/wp-json\/wp\/v2\/users\/1"}],"replies":[{"embeddable":true,"href":"https:\/\/standuppaddleboardworld.com\/es\/wp-json\/wp\/v2\/comments?post=21810"}],"version-history":[{"count":0,"href":"https:\/\/standuppaddleboardworld.com\/es\/wp-json\/wp\/v2\/pages\/21810\/revisions"}],"wp:featuredmedia":[{"embeddable":true,"href":"https:\/\/standuppaddleboardworld.com\/es\/wp-json\/wp\/v2\/media\/21817"}],"wp:attachment":[{"href":"https:\/\/standuppaddleboardworld.com\/es\/wp-json\/wp\/v2\/media?parent=21810"}],"wp:term":[{"taxonomy":"category","embeddable":true,"href":"https:\/\/standuppaddleboardworld.com\/es\/wp-json\/wp\/v2\/categories?post=21810"},{"taxonomy":"post_tag","embeddable":true,"href":"https:\/\/standuppaddleboardworld.com\/es\/wp-json\/wp\/v2\/tags?post=21810"}],"curies":[{"name":"wp","href":"https:\/\/api.w.org\/{rel}","templated":true}]}}