{"id":21117,"date":"2020-12-17T18:42:54","date_gmt":"2020-12-17T17:42:54","guid":{"rendered":"https:\/\/standuppaddleboardworld.com\/?page_id=21117"},"modified":"2020-12-17T18:42:55","modified_gmt":"2020-12-17T17:42:55","slug":"transportar-tabla","status":"publish","type":"page","link":"https:\/\/standuppaddleboardworld.com\/es\/paddle-surf-101\/transportar-tabla\/","title":{"rendered":"Transportar tablas de paddle: Las Mejores Formas de mover tu tabla de Paddle Surf"},"content":{"rendered":"\n<h2 class=\"wp-block-heading\"><span class=\"ez-toc-section\" id=\"Transportar_tablas_de_paddle_moverlas_sin_danarlas\"><\/span>Transportar tablas de paddle, moverlas sin da\u00f1arlas<span class=\"ez-toc-section-end\"><\/span><\/h2><div id=\"ez-toc-container\" class=\"ez-toc-v2_0_82_2 counter-flat ez-toc-counter ez-toc-custom ez-toc-container-direction\">\n<label for=\"ez-toc-cssicon-toggle-item-69e14417db908\" class=\"ez-toc-cssicon-toggle-label\"><span class=\"\"><span class=\"eztoc-hide\" style=\"display:none;\">Toggle<\/span><span class=\"ez-toc-icon-toggle-span\"><svg style=\"fill: #1a2b49;color:#1a2b49\" xmlns=\"http:\/\/www.w3.org\/2000\/svg\" class=\"list-377408\" width=\"20px\" height=\"20px\" viewBox=\"0 0 24 24\" fill=\"none\"><path d=\"M6 6H4v2h2V6zm14 0H8v2h12V6zM4 11h2v2H4v-2zm16 0H8v2h12v-2zM4 16h2v2H4v-2zm16 0H8v2h12v-2z\" fill=\"currentColor\"><\/path><\/svg><svg style=\"fill: #1a2b49;color:#1a2b49\" class=\"arrow-unsorted-368013\" xmlns=\"http:\/\/www.w3.org\/2000\/svg\" width=\"10px\" height=\"10px\" viewBox=\"0 0 24 24\" version=\"1.2\" baseProfile=\"tiny\"><path d=\"M18.2 9.3l-6.2-6.3-6.2 6.3c-.2.2-.3.4-.3.7s.1.5.3.7c.2.2.4.3.7.3h11c.3 0 .5-.1.7-.3.2-.2.3-.5.3-.7s-.1-.5-.3-.7zM5.8 14.7l6.2 6.3 6.2-6.3c.2-.2.3-.5.3-.7s-.1-.5-.3-.7c-.2-.2-.4-.3-.7-.3h-11c-.3 0-.5.1-.7.3-.2.2-.3.5-.3.7s.1.5.3.7z\"\/><\/svg><\/span><\/span><\/label><input type=\"checkbox\"  id=\"ez-toc-cssicon-toggle-item-69e14417db908\"  aria-label=\"Alternar\" \/><nav><ul class='ez-toc-list ez-toc-list-level-1 ' ><li class='ez-toc-page-1'><a class=\"ez-toc-link ez-toc-heading-1\" href=\"https:\/\/standuppaddleboardworld.com\/es\/paddle-surf-101\/transportar-tabla\/#Transportar_tablas_de_paddle_moverlas_sin_danarlas\" >Transportar tablas de paddle, moverlas sin da\u00f1arlas<\/a><\/li><li class='ez-toc-page-1'><a class=\"ez-toc-link ez-toc-heading-2\" href=\"https:\/\/standuppaddleboardworld.com\/es\/paddle-surf-101\/transportar-tabla\/#Transportar_tablas_de_paddle_de_la_forma_adecuada\" >Transportar tablas de paddle de la forma adecuada<\/a><\/li><li class='ez-toc-page-1'><a class=\"ez-toc-link ez-toc-heading-3\" href=\"https:\/\/standuppaddleboardworld.com\/es\/paddle-surf-101\/transportar-tabla\/#Como_colocar_tu_tabla_de_SUP_en_un_vehiculo\" >C\u00f3mo colocar tu tabla de SUP en un veh\u00edculo<\/a><\/li><li class='ez-toc-page-1'><a class=\"ez-toc-link ez-toc-heading-4\" href=\"https:\/\/standuppaddleboardworld.com\/es\/paddle-surf-101\/transportar-tabla\/#%C2%BFLevantando_todo_tu_solo_Aqui_tienes_algunos_consejos_de_1_en_1\" >\u00bfLevantando todo t\u00fa solo? Aqu\u00ed tienes algunos consejos de 1 en 1:<\/a><\/li><li class='ez-toc-page-1'><a class=\"ez-toc-link ez-toc-heading-5\" href=\"https:\/\/standuppaddleboardworld.com\/es\/paddle-surf-101\/transportar-tabla\/#Otros_articulos_que_podrian_ser_de_interes\" >Otros art\u00edculos que podr\u00edan ser de inter\u00e9s<\/a><\/li><li class='ez-toc-page-1'><a class=\"ez-toc-link ez-toc-heading-6\" href=\"https:\/\/standuppaddleboardworld.com\/es\/paddle-surf-101\/transportar-tabla\/#Consejos_adicionales_para_transportar_tablas_de_paddle\" >Consejos adicionales para transportar tablas de paddle<\/a><\/li><li class='ez-toc-page-1'><a class=\"ez-toc-link ez-toc-heading-7\" href=\"https:\/\/standuppaddleboardworld.com\/es\/paddle-surf-101\/transportar-tabla\/#Como_amarrar_tu_tabla_de_SUP\" >C\u00f3mo amarrar tu tabla de SUP<\/a><\/li><li class='ez-toc-page-1'><a class=\"ez-toc-link ez-toc-heading-8\" href=\"https:\/\/standuppaddleboardworld.com\/es\/paddle-surf-101\/transportar-tabla\/#Consejos_adicionales_para_atar_una_tabla_de_SUP\" >Consejos adicionales para atar una tabla de SUP:<\/a><\/li><\/ul><\/nav><\/div>\n\n\n\n\n<p class=\"block-highlight-filled\">Da igual lo fuerte que seas, con 3 pies de ancho, 12 pies de largo y cerca de 35 libras, las tablas de paddle pueden ser problem\u00e1ticas cuando se viaja con ellas. As\u00ed que, si te preguntas c\u00f3mo transportar tablas de paddle en tus pr\u00f3ximas vacaciones, no te preocupes, te cubro \ud83d\ude0e.<\/p>\n\n\n\n<p>En esta ocasi\u00f3n, hablaremos de transportar tablas de paddle, para que la pr\u00f3xima vez que vayas a la playa parezcas un profesional.<br><strong>Al final de la gu\u00eda, sabr\u00e1s:<\/strong><\/p>\n\n\n\n<ul class=\"list-styled wp-block-list\"><li>C\u00f3mo transportar tu tabla de paddle<\/li><li>C\u00f3mo introducir tu tabla de SUP en un veh\u00edculo correctamente<\/li><li>C\u00f3mo atar tu tabla de paddle<\/li><\/ul>\n\n\n\n<p>En primer lugar, es importante saber que esto no se aplica si tienes una tabla de paddle o remos que se infla. En ese caso, puedes llevarla en la mochila correspondiente e inflarla en el acto.<\/p>\n\n\n\n<p>As\u00ed que, si todav\u00eda est\u00e1s pensando en <a href=\"https:\/\/standuppaddleboardworld.com\/sup\/how-to-choose-a-paddle-board\/\" class=\"rank-math-link\">c\u00f3mo elegir una tabla de paddle<\/a>, echa un vistazo a <a href=\"https:\/\/standuppaddleboardworld.com\/best-inflatable-paddle-board\/\" class=\"rank-math-link\">las mejores tablas hinchables de paddle<\/a> para este a\u00f1o. Y si te decides por una no inflable, entonces hablemos de c\u00f3mo <strong>transportar tablas de paddle<\/strong>. <\/p>\n\n\n\n<figure class=\"wp-block-image size-large\"><img loading=\"lazy\" decoding=\"async\" width=\"1024\" height=\"768\" src=\"https:\/\/standuppaddleboardworld.com\/wp-content\/uploads\/2020\/06\/Tom-Paddle-Board-Carrier-1024x768.jpg\" alt=\"Tom-Paddle-Carro-Transportar-Tabla\" class=\"wp-image-8625\" title=\"\" srcset=\"https:\/\/standuppaddleboardworld.com\/wp-content\/uploads\/2020\/06\/Tom-Paddle-Board-Carrier-1024x768.jpg 1024w, https:\/\/standuppaddleboardworld.com\/wp-content\/uploads\/2020\/06\/Tom-Paddle-Board-Carrier-300x225.jpg 300w, https:\/\/standuppaddleboardworld.com\/wp-content\/uploads\/2020\/06\/Tom-Paddle-Board-Carrier-768x576.jpg 768w, https:\/\/standuppaddleboardworld.com\/wp-content\/uploads\/2020\/06\/Tom-Paddle-Board-Carrier-702x526.jpg 702w, https:\/\/standuppaddleboardworld.com\/wp-content\/uploads\/2020\/06\/Tom-Paddle-Board-Carrier.jpg 1200w\" sizes=\"auto, (max-width: 1024px) 100vw, 1024px\" \/><figcaption><a href=\"https:\/\/standuppaddleboardworld.com\/paddle-board-wheels\/\" class=\"rank-math-link\">Los ruedines de SUP<\/a> pueden ser muy \u00fatiles en distancias cortas<\/figcaption><\/figure>\n\n\n\n<h2 class=\"wp-block-heading\"><span class=\"ez-toc-section\" id=\"Transportar_tablas_de_paddle_de_la_forma_adecuada\"><\/span>Transportar tablas de paddle de la forma adecuada<span class=\"ez-toc-section-end\"><\/span><\/h2>\n\n\n\n<p>Ya sea en un veh\u00edculo o debajo de tu brazo, puede ser inc\u00f3modo transportar una tabla de paddle si no sabes c\u00f3mo.<\/p>\n\n\n\n<p>En primer lugar, cuando la lleves en brazos, debes asirla por el mango situado en el centro de la tabla. Busca este asa y col\u00f3cala en la parte exterior de tu cuerpo para que puedas agarrar la tabla y colocarla firmemente cerca de tu cuerpo al mismo tiempo que agarras el asa.<\/p>\n\n\n\n<p><strong>He aqu\u00ed algunos consejos \u00fatiles:<\/strong><\/p>\n\n\n\n<ul class=\"list-styled wp-block-list\"><li>Coloca la tabla de lado, de modo que su morro apunte hacia el frente, con la base de la tabla a tu lado.<\/li><li>Estira la mano sobre el borde superior de la tabla para agarrar el asa de carga y lev\u00e1ntala.<\/li><\/ul>\n\n\n\n<p>Recuerda <strong>proteger tu espalda<\/strong> de manera que al doblar las rodillas mantengas erguida la espalda mientras sostienes la tabla de SUP.<\/p>\n\n\n\n<p>Si la tabla pesa demasiado, utiliza un carrito con ruedas a la hora de transportar tablas.<\/p>\n\n\n\n\n\n\n\n<h2 class=\"wp-block-heading\"><span class=\"ez-toc-section\" id=\"Como_colocar_tu_tabla_de_SUP_en_un_vehiculo\"><\/span>C\u00f3mo colocar tu tabla de SUP en un veh\u00edculo<span class=\"ez-toc-section-end\"><\/span><\/h2>\n\n\n\n<p class=\"block-highlight\">Transportar tablas de paddle depende del tipo de veh\u00edculo que tienes. Si conduces un cami\u00f3n, puedes poner la tabla en el lado de la plataforma trasera con el morro apoyado en el port\u00f3n trasero. As\u00ed, no tienes que preocuparte por las correas o por colocar la tabla en el techo.<\/p>\n\n\n\n<p>Sin embargo, para aquellos que disponen de sedanes, camionetas y furgonetas, hablemos de c\u00f3mo transportar tablas de paddle en el techo sin da\u00f1arlas a ellas o al coche.<\/p>\n\n\n\n<p><strong>Cosas que necesitar\u00e1s para transportar tablas de Stand Up Paddle en el techo de tu coche de forma segura:<\/strong><\/p>\n\n\n\n<ul class=\"list-styled wp-block-list\"><li><strong>Burras o portaequipajes<br><\/strong>Hay barras transversales que puedes instalar en la parte superior de las barras instaladas de f\u00e1brica en tu coche, que se encuentran en la parte delantera y trasera.<\/li><li><strong>Almohadillas de techo<br><\/strong>Hay bastidores especialmente dise\u00f1ados con acolchado que se pueden fijar a trav\u00e9s de las barras que proteger\u00e1n a tu tabla de SUP de da\u00f1os o rayones adicionales. Con este fin, tambi\u00e9n puedes usar tacos de espuma b\u00e1sicos o acolchados.<\/li><li><strong>Correas de Montaje<br><\/strong>Con cintas o correas de seguridad, puedes sujetar tu tabla para SUP con seguridad. Para una sola tabla, se necesitan dos correas de 12+ pies.<\/li><li><strong>Cuerdas a \u00abproa y popa\u00bb<br><\/strong>Puedes poner una cuerda que no se estire, resistente al agua o l\u00edneas especiales de enganche. En el caso de las cuerdas, necesitas una para la proa y otra para la popa.<\/li><\/ul>\n\n\n\n<p>Recomiendo que <strong>alguien te ayude a levantar<\/strong> y a poner tu tabla en las barras transversales porque es la parte m\u00e1s dif\u00edcil. As\u00ed que, si tienes a alguien, b\u00e1sicamente, se trata de que cada uno levante un extremo de la tabla y la coloque en el soporte. La tabla deber\u00eda tener las aletas orientadas hacia la parte delantera del coche.<\/p>\n\n\n\n\n\n\n\n<h3 class=\"wp-block-heading\"><span class=\"ez-toc-section\" id=\"%C2%BFLevantando_todo_tu_solo_Aqui_tienes_algunos_consejos_de_1_en_1\"><\/span>\u00bfLevantando todo t\u00fa solo? Aqu\u00ed tienes algunos consejos de 1 en 1:<span class=\"ez-toc-section-end\"><\/span><\/h3>\n\n\n\n<ul class=\"list-styled wp-block-list\"><li><strong><span style=\"text-decoration: underline;\">Para coches cortos<\/span><\/strong> \ud83d\ude97<\/li><li>Apoya la tabla contra el lateral del coche con la cubierta hacia ti y la aleta hacia el frente del veh\u00edculo.<\/li><li>Sujeta el asa con una mano y el borde superior de la SUP con la otra.<\/li><li>Levanta la tabla sobre tu rodilla y agarra el otro borde con la mano que estaba en el asa.<\/li><li>Levanta la tabla sobre tu cabeza.<\/li><li>Deja la tabla boca abajo en el soporte o en las almohadillas del techo.<\/li><li><strong><span style=\"text-decoration: underline;\">Para veh\u00edculos mayores<\/span><\/strong> \ud83d\ude99<\/li><li>Coloca la tabla boca abajo y con las aletas hacia el frente, cerca de la parte trasera del veh\u00edculo.<\/li><li>Coloca la parte trasera de la tabla en la parte trasera de tu coche.<\/li><li>Desliza suavemente la tabla por encima y hacia delante hasta que quede en su sitio.<\/li><\/ul>\n\n\n<div class=\"crp-list-container\"><h3 class=\"crp-list-title\"><span class=\"ez-toc-section\" id=\"Otros_articulos_que_podrian_ser_de_interes\"><\/span>Otros art\u00edculos que podr\u00edan ser de inter\u00e9s<span class=\"ez-toc-section-end\"><\/span><\/h3><p>No se encontr\u00f3 ninguno<\/p><\/div>\n\n\n<h3 class=\"wp-block-heading\"><span class=\"ez-toc-section\" id=\"Consejos_adicionales_para_transportar_tablas_de_paddle\"><\/span>Consejos adicionales para transportar tablas de paddle<span class=\"ez-toc-section-end\"><\/span><\/h3>\n\n\n\n<p class=\"block-highlight-filled\"><strong>Tu remo <\/strong>(si es ajustable) puede ir en tu coche. Pero si no se puede ajustar, entonces puedes colocar un soporte adicional dise\u00f1ado s\u00f3lo para remos.<br><br><strong>Coloca primero la tabla de SUP m\u00e1s larga en el veh\u00edculo<\/strong>. Luego, al poner las otras SUP m\u00e1s cortas, coloca almohadillas entre ellas para evitar ara\u00f1azos.<br><br>Si tienes un furg\u00f3n y tu SUP cabe en el interior en vez de en el techo, entonces <strong>acolcha el port\u00f3n trasero de tu furg\u00f3n<\/strong>. Adem\u00e1s, asegura la tabla entre los sillones, para que no se mueva mientras conduces. <strong>Coloca una bandera roja<\/strong> al final de la tabla para advertir a los otros conductores de su longitud si tu tabla es demasiado larga<strong>.<\/strong><\/p>\n\n\n\n\n\n\n\n<h2 class=\"wp-block-heading\"><span class=\"ez-toc-section\" id=\"Como_amarrar_tu_tabla_de_SUP\"><\/span>C\u00f3mo amarrar tu tabla de SUP<span class=\"ez-toc-section-end\"><\/span><\/h2>\n\n\n\n<p>Si, durante el transporte de la tabla de paddle, est\u00e1s <strong>usando un soporte<\/strong> que ha sido dise\u00f1ado para llevar una tabla SUP, entonces es sencillo. Puedes simplemente <strong>apretar las correas incorporadas<\/strong>, \u00a1y ya estar\u00eda todo listo!<\/p>\n\n\n\n<p>Si usas <strong>bloques de espuma o almohadillas<\/strong>, entonces ata tu tabla de SUP con dos correas de montaje o fijaci\u00f3n.<br><strong>\u00bfC\u00f3mo se hace? F\u00e1cil. As\u00ed:<\/strong><\/p>\n\n\n\n<ul class=\"list-styled wp-block-list\"><li>Coloca tu tabla de SUP, de manera que vaya paralela al coche y con el punto m\u00e1s ancho de la tabla entre los travesa\u00f1os de tu soporte.<\/li><li>Agarra una correa de seguridad y coloca la hebilla, de manera que descanse sobre la tabla y cerca del borde. Debe estar cerca de una de las barras transversales. Tira el otro extremo de la correa sobre tu tabla de SUP.<\/li><li>Camina hacia el otro lado de tu veh\u00edculo y agarra la correa y ll\u00e9vala <strong>por debajo del soporte<\/strong> y luego p\u00e1sala de nuevo por encima de tu tabla. Aseg\u00farate de que la correa est\u00e1 en el interior de donde el travesa\u00f1o se une al veh\u00edculo. Esto <strong>evitar\u00e1 <\/strong>que la correa <strong>se deslice<\/strong> fuera del extremo del soporte.<\/li><li>Da la vuelta a tu veh\u00edculo y engancha la correa <strong>por debajo del soporte<\/strong>, luego p\u00e1sala por encima de la tabla y tira para sujetarla. De nuevo, aseg\u00farate de que la correa esta en el interior de donde el soporte transversal se une al veh\u00edculo.<\/li><li>Repite esta acci\u00f3n con la otra correa en el soporte restante.<\/li><li>Aprieta ambas correas hasta que est\u00e9n ajustadas, pero <strong>no demasiado<\/strong>. Demasiada tensi\u00f3n puede deformar una tabla de SUP.<\/li><li>Ata los extremos sueltos de las correas justo debajo de las hebillas de la cinta, y luego ata cualquier sobrante a los soportes transversales. Esto refuerza las hebillas y evita que se aflojen mientras conduces.<\/li><li>Al final, sujeta la tabla de SUP por un extremo y sac\u00fadela de un lado a otro para asegurarte de que est\u00e1 segura.<\/li><\/ul>\n\n\n\n<p class=\"block-highlight\">Sin embargo, con las <strong>cuerdas de proa y popa<\/strong>, recomendar\u00eda usar las cintas de popa adem\u00e1s de las de hebilla. Esto es para estar seguros en caso de que haya viento, o tengas una tabla de SUP muy larga. Adem\u00e1s, no te preocupes por la <strong>instalaci\u00f3n de l\u00edneas de enganche en la proa y la popa. As\u00ed es como se hace f\u00e1cilmente:<\/strong><\/p>\n\n\n\n<ul class=\"list-styled wp-block-list\"><li>Engancha el final de la l\u00ednea con el enganche a un punto seguro en la parte posterior de la tabla, como el nudo de una correa.<\/li><li>Ata <strong>el otro extremo de la cuerda a un punto seguro de tu veh\u00edculo<\/strong>, como un <strong>gancho de remolque<\/strong>. Si no hay un punto estable, puedes crear <strong>un lazo en el cap\u00f3<\/strong>. Nunca fijes las correas de amarre a las piezas de pl\u00e1stico de tu coche.<\/li><li>Tira del extremo libre de la cuerda hacia abajo para apretarla hasta que est\u00e9 bien ajustada. Cuidado con apretar demasiado.<\/li><li>Ata el extremo suelto de la cuerda justo debajo del enganche.<\/li><li>Repite con la cuerda sobre el arco del coche. (Nota: no todas las tablas de paddle cuentan con un punto de sujeci\u00f3n seguro en la proa. Si tu tabla no lo tiene, tendr\u00e1s que a\u00f1adir uno. Las opciones incluyen anclas con ventosas).<\/li><\/ul>\n\n\n\n<hr class=\"wp-block-separator\"\/>\n\n\n\n<div class=\"wp-block-image\"><figure class=\"aligncenter size-large\"><img loading=\"lazy\" decoding=\"async\" width=\"1024\" height=\"1024\" src=\"https:\/\/standuppaddleboardworld.com\/wp-content\/uploads\/2020\/07\/Tie-Down-Strap-Paddle-Board-Transport-1024x1024.jpg\" alt=\"Correas-amarradas-Tabla-Paddle-Transporte\" class=\"wp-image-19078\" title=\"\" srcset=\"https:\/\/standuppaddleboardworld.com\/wp-content\/uploads\/2020\/07\/Tie-Down-Strap-Paddle-Board-Transport-1024x1024.jpg 1024w, https:\/\/standuppaddleboardworld.com\/wp-content\/uploads\/2020\/07\/Tie-Down-Strap-Paddle-Board-Transport-300x300.jpg 300w, https:\/\/standuppaddleboardworld.com\/wp-content\/uploads\/2020\/07\/Tie-Down-Strap-Paddle-Board-Transport-150x150.jpg 150w, https:\/\/standuppaddleboardworld.com\/wp-content\/uploads\/2020\/07\/Tie-Down-Strap-Paddle-Board-Transport-768x768.jpg 768w, https:\/\/standuppaddleboardworld.com\/wp-content\/uploads\/2020\/07\/Tie-Down-Strap-Paddle-Board-Transport-75x75.jpg 75w, https:\/\/standuppaddleboardworld.com\/wp-content\/uploads\/2020\/07\/Tie-Down-Strap-Paddle-Board-Transport-928x928.jpg 928w, https:\/\/standuppaddleboardworld.com\/wp-content\/uploads\/2020\/07\/Tie-Down-Strap-Paddle-Board-Transport.jpg 1500w\" sizes=\"auto, (max-width: 1024px) 100vw, 1024px\" \/><figcaption>Puedes cargar un mont\u00f3n de tablas con una <a aria-label=\"high quality strap (opens in a new tab)\" href=\"https:\/\/amzn.to\/39t6vVA\" target=\"_blank\" rel=\"noreferrer noopener\" class=\"rank-math-link\">correa de gran calidad<\/a><\/figcaption><\/figure><\/div>\n\n\n\n<p><\/p>\n\n\n\n<h3 class=\"wp-block-heading\"><span class=\"ez-toc-section\" id=\"Consejos_adicionales_para_atar_una_tabla_de_SUP\"><\/span>Consejos adicionales para atar una tabla de SUP:<span class=\"ez-toc-section-end\"><\/span><\/h3>\n\n\n\n<p><strong>Ay\u00fadate de una escalera<\/strong> si tienes un veh\u00edculo alto. Es esencial poder llegar a todos los puntos de tu SUP y asegurarla a la hora de transportar tablas.<\/p>\n\n\n\n<p>Busca el <strong>punto m\u00e1s ancho<\/strong> de tu tabla de paddle y <strong>col\u00f3calo entre las dos correas de la baca<\/strong>. De esta manera, evitar\u00e1s que la tabla se resbale.<\/p>\n\n\n\n<p>A\u00f1ade siempre un giro extra en el nudo entre las correas de la baca o portaequipajes para evitar la vibraci\u00f3n de la correa mientras conduces.<\/p>\n\n\n\n<p class=\"block-conclusion\">Si haces una parada de camino a la playa y dejas tu tabla desatendida en el techo de tu coche a la hora de transportar tablas, \u00a1asegurar las correas es una gran idea! Cons\u00edguete un candado que pueda <strong>bloquear las correas<\/strong> bajo llave. Adem\u00e1s, hay una opci\u00f3n m\u00e1s segura, un <strong>cable de bloqueo<\/strong>. M\u00e1s vale prevenir que curar, \u00bfno?<br><br>Incluso si no tienes pensado hacer una parada en el camino, te recomiendo que hagas al menos una o dos, dependiendo de la longitud del trayecto, para asegurarte de que tu tabla de paddle est\u00e1 correctamente en su lugar y bien sujeta.<br><br>Por \u00faltimo, si te preocupa o tienes alguna pregunta sobre cu\u00e1l es la mejor manera de atar tu material de <em>paddle boarding<\/em>, no dudes en preguntarme. Y si tienes alg\u00fan consejo o gu\u00eda adicional sobre c\u00f3mo atar tu tabla o de transportar tablas de paddle, a nuestros lectores y a m\u00ed nos encantar\u00eda escucharlos. \u00a1Compartir es cuidar, al fin y al cabo!<\/p>\n","protected":false},"excerpt":{"rendered":"<p>Transportar tablas de paddle, moverlas sin da\u00f1arlas Da igual lo fuerte que seas, con 3 pies de ancho, 12 pies de largo y cerca de 35 libras, las tablas de paddle pueden ser problem\u00e1ticas cuando se viaja con ellas. As\u00ed que, si te preguntas c\u00f3mo transportar tablas de paddle en tus pr\u00f3ximas vacaciones, no te [&hellip;]<\/p>\n","protected":false},"author":1,"featured_media":21119,"parent":16512,"menu_order":0,"comment_status":"open","ping_status":"closed","template":"page-templates\/reviews.php","meta":{"_genesis_hide_title":false,"_genesis_hide_breadcrumbs":false,"_genesis_hide_singular_image":false,"_genesis_hide_footer_widgets":false,"_genesis_custom_body_class":"","_genesis_custom_post_class":"","_genesis_layout":"","footnotes":""},"categories":[],"tags":[],"class_list":{"0":"post-21117","1":"page","2":"type-page","3":"status-publish","4":"has-post-thumbnail","6":"entry"},"acf":[],"_links":{"self":[{"href":"https:\/\/standuppaddleboardworld.com\/es\/wp-json\/wp\/v2\/pages\/21117","targetHints":{"allow":["GET"]}}],"collection":[{"href":"https:\/\/standuppaddleboardworld.com\/es\/wp-json\/wp\/v2\/pages"}],"about":[{"href":"https:\/\/standuppaddleboardworld.com\/es\/wp-json\/wp\/v2\/types\/page"}],"author":[{"embeddable":true,"href":"https:\/\/standuppaddleboardworld.com\/es\/wp-json\/wp\/v2\/users\/1"}],"replies":[{"embeddable":true,"href":"https:\/\/standuppaddleboardworld.com\/es\/wp-json\/wp\/v2\/comments?post=21117"}],"version-history":[{"count":0,"href":"https:\/\/standuppaddleboardworld.com\/es\/wp-json\/wp\/v2\/pages\/21117\/revisions"}],"up":[{"embeddable":true,"href":"https:\/\/standuppaddleboardworld.com\/es\/wp-json\/wp\/v2\/pages\/16512"}],"wp:featuredmedia":[{"embeddable":true,"href":"https:\/\/standuppaddleboardworld.com\/es\/wp-json\/wp\/v2\/media\/21119"}],"wp:attachment":[{"href":"https:\/\/standuppaddleboardworld.com\/es\/wp-json\/wp\/v2\/media?parent=21117"}],"wp:term":[{"taxonomy":"category","embeddable":true,"href":"https:\/\/standuppaddleboardworld.com\/es\/wp-json\/wp\/v2\/categories?post=21117"},{"taxonomy":"post_tag","embeddable":true,"href":"https:\/\/standuppaddleboardworld.com\/es\/wp-json\/wp\/v2\/tags?post=21117"}],"curies":[{"name":"wp","href":"https:\/\/api.w.org\/{rel}","templated":true}]}}