{"id":20101,"date":"2020-12-14T14:55:54","date_gmt":"2020-12-14T13:55:54","guid":{"rendered":"https:\/\/standuppaddleboardworld.com\/?page_id=20101"},"modified":"2020-12-14T19:29:45","modified_gmt":"2020-12-14T18:29:45","slug":"declaracion-de-afiliado","status":"publish","type":"page","link":"https:\/\/standuppaddleboardworld.com\/es\/declaracion-de-afiliado\/","title":{"rendered":"Declaraci\u00f3n de Afiliado"},"content":{"rendered":"\n<p>Hola, soy Tom. Con el \u00e1nimo de ser totalmente honesto te dir\u00e9 que en esta p\u00e1gina he incluido ciertos productos y enlaces que me har\u00e1n ganar una comisi\u00f3n de afiliado en caso de que hagas una compra a trav\u00e9s de mi enlace.<\/p>\n\n\n\n<p>Mi objetivo con este blog es ofrecer a la gente la mayor cantidad de informaci\u00f3n posible sobre Stand Up Paddle Boarding y compartir mi pasi\u00f3n con otras personas, pero como no soy una entidad ben\u00e9fica, necesito ganar algo de dinero para poder tener m\u00e1s tiempo para dedicar a este proyecto.<\/p>\n\n\n\n<p>Como todav\u00eda no soy un gran blog, actualmente s\u00f3lo tengo colaboraciones con Amazon, Supboard-99 y Bluefin. As\u00ed que en caso de que compres un producto en uno de estos sitios web a trav\u00e9s de mi p\u00e1gina, puedes asumir que ganar\u00e9 una comisi\u00f3n de afiliado.<\/p>\n\n\n\n<p>El uso de mis enlaces de afiliados no implica ning\u00fan coste adicional para ti, aunque yo recibir\u00e9 una peque\u00f1a parte del precio de venta. Esto ayuda a mantener mi sitio web operativo.<\/p>\n\n\n\n<p>Sin embargo, s\u00f3lo promuevo y recomiendo productos que apoyo y que considero de la m\u00e1s alta calidad. Mis recomendaciones de productos son imparciales y de ninguna manera la comisi\u00f3n influir\u00e1 en los productos que recomiendo como los mejores.<\/p>\n\n\n\n<p>Si por casualidad tienes alguna recomendaci\u00f3n que a\u00fan no ha sido revisada en mi web, por favor h\u00e1zmelo saber y estar\u00e9 encantado de analizarla y a\u00f1adirla a mis recomendaciones.<\/p>\n\n\n\n<p>Stand Up Paddle Board World participa en el Programa de Asociados de Amazon Services LLC, un programa de publicidad de afiliados dise\u00f1ado para proporcionar un medio para que los sitios ganen comisiones de publicidad al anunciar y enlazar hacia Amazon.com.<\/p>\n\n\n\n<p><\/p>\n","protected":false},"excerpt":{"rendered":"<p>Hola, soy Tom. Con el \u00e1nimo de ser totalmente honesto te dir\u00e9 que en esta p\u00e1gina he incluido ciertos productos y enlaces que me har\u00e1n ganar una comisi\u00f3n de afiliado en caso de que hagas una compra a trav\u00e9s de mi enlace. Mi objetivo con este blog es ofrecer a la gente la mayor cantidad [&hellip;]<\/p>\n","protected":false},"author":1,"featured_media":20104,"parent":0,"menu_order":0,"comment_status":"closed","ping_status":"closed","template":"page-templates\/reviews.php","meta":{"_genesis_hide_title":false,"_genesis_hide_breadcrumbs":false,"_genesis_hide_singular_image":false,"_genesis_hide_footer_widgets":false,"_genesis_custom_body_class":"","_genesis_custom_post_class":"","_genesis_layout":"","footnotes":""},"categories":[],"tags":[],"class_list":{"0":"post-20101","1":"page","2":"type-page","3":"status-publish","4":"has-post-thumbnail","6":"entry"},"acf":[],"_links":{"self":[{"href":"https:\/\/standuppaddleboardworld.com\/es\/wp-json\/wp\/v2\/pages\/20101","targetHints":{"allow":["GET"]}}],"collection":[{"href":"https:\/\/standuppaddleboardworld.com\/es\/wp-json\/wp\/v2\/pages"}],"about":[{"href":"https:\/\/standuppaddleboardworld.com\/es\/wp-json\/wp\/v2\/types\/page"}],"author":[{"embeddable":true,"href":"https:\/\/standuppaddleboardworld.com\/es\/wp-json\/wp\/v2\/users\/1"}],"replies":[{"embeddable":true,"href":"https:\/\/standuppaddleboardworld.com\/es\/wp-json\/wp\/v2\/comments?post=20101"}],"version-history":[{"count":0,"href":"https:\/\/standuppaddleboardworld.com\/es\/wp-json\/wp\/v2\/pages\/20101\/revisions"}],"wp:featuredmedia":[{"embeddable":true,"href":"https:\/\/standuppaddleboardworld.com\/es\/wp-json\/wp\/v2\/media\/20104"}],"wp:attachment":[{"href":"https:\/\/standuppaddleboardworld.com\/es\/wp-json\/wp\/v2\/media?parent=20101"}],"wp:term":[{"taxonomy":"category","embeddable":true,"href":"https:\/\/standuppaddleboardworld.com\/es\/wp-json\/wp\/v2\/categories?post=20101"},{"taxonomy":"post_tag","embeddable":true,"href":"https:\/\/standuppaddleboardworld.com\/es\/wp-json\/wp\/v2\/tags?post=20101"}],"curies":[{"name":"wp","href":"https:\/\/api.w.org\/{rel}","templated":true}]}}