{"id":20069,"date":"2020-12-14T14:43:59","date_gmt":"2020-12-14T13:43:59","guid":{"rendered":"https:\/\/standuppaddleboardworld.com\/?page_id=20069"},"modified":"2021-09-03T09:43:46","modified_gmt":"2021-09-03T08:43:46","slug":"accesorio-salvavidas-restube","status":"publish","type":"page","link":"https:\/\/standuppaddleboardworld.com\/es\/accesorio-salvavidas-restube\/","title":{"rendered":"Restube: \u00a1tu nuevo salvavidas n\u00famero 1 en el agua!"},"content":{"rendered":"\n<p>Como suelo decir en las rese\u00f1as: <strong>la seguridad es mucho m\u00e1s importante que cualquier cosa cuando sales al agua<\/strong>.<\/p>\n\n\n\n<p>El Restube es un accesorio que puedes enganchar a tu ba\u00f1ador, es s\u00faper f\u00e1cil y ligero de llevar encima.<br><br>Basta con tirar de la cuerda y el Restube se hinchar\u00e1 en un instante, asegur\u00e1ndose de que siempre saldr\u00e1s a la superficie, confiando en que este dispositivo se mantendr\u00e1 flotando por encima del agua.<\/p>\n\n\n\n<figure class=\"wp-block-embed is-type-video is-provider-youtube wp-block-embed-youtube wp-embed-aspect-16-9 wp-has-aspect-ratio\"><div class=\"wp-block-embed__wrapper\">\nhttps:\/\/www.youtube.com\/watch?v=dswgPWfcihs\n<\/div><\/figure>\n\n\n\n<h3 class=\"wp-block-heading\"><span class=\"ez-toc-section\" id=\"Practicar_Paddle_Board_Seguro_con_Restube\"><\/span>Practicar <em>Paddle Board<\/em> Seguro con Restube<span class=\"ez-toc-section-end\"><\/span><\/h3><div id=\"ez-toc-container\" class=\"ez-toc-v2_0_82_2 counter-flat ez-toc-counter ez-toc-custom ez-toc-container-direction\">\n<label for=\"ez-toc-cssicon-toggle-item-69d6fb82d03a0\" class=\"ez-toc-cssicon-toggle-label\"><span class=\"\"><span class=\"eztoc-hide\" style=\"display:none;\">Toggle<\/span><span class=\"ez-toc-icon-toggle-span\"><svg style=\"fill: #1a2b49;color:#1a2b49\" xmlns=\"http:\/\/www.w3.org\/2000\/svg\" class=\"list-377408\" width=\"20px\" height=\"20px\" viewBox=\"0 0 24 24\" fill=\"none\"><path d=\"M6 6H4v2h2V6zm14 0H8v2h12V6zM4 11h2v2H4v-2zm16 0H8v2h12v-2zM4 16h2v2H4v-2zm16 0H8v2h12v-2z\" fill=\"currentColor\"><\/path><\/svg><svg style=\"fill: #1a2b49;color:#1a2b49\" class=\"arrow-unsorted-368013\" xmlns=\"http:\/\/www.w3.org\/2000\/svg\" width=\"10px\" height=\"10px\" viewBox=\"0 0 24 24\" version=\"1.2\" baseProfile=\"tiny\"><path d=\"M18.2 9.3l-6.2-6.3-6.2 6.3c-.2.2-.3.4-.3.7s.1.5.3.7c.2.2.4.3.7.3h11c.3 0 .5-.1.7-.3.2-.2.3-.5.3-.7s-.1-.5-.3-.7zM5.8 14.7l6.2 6.3 6.2-6.3c.2-.2.3-.5.3-.7s-.1-.5-.3-.7c-.2-.2-.4-.3-.7-.3h-11c-.3 0-.5.1-.7.3-.2.2-.3.5-.3.7s.1.5.3.7z\"\/><\/svg><\/span><\/span><\/label><input type=\"checkbox\"  id=\"ez-toc-cssicon-toggle-item-69d6fb82d03a0\"  aria-label=\"Alternar\" \/><nav><ul class='ez-toc-list ez-toc-list-level-1 ' ><li class='ez-toc-page-1'><a class=\"ez-toc-link ez-toc-heading-1\" href=\"https:\/\/standuppaddleboardworld.com\/es\/accesorio-salvavidas-restube\/#Practicar_Paddle_Board_Seguro_con_Restube\" >Practicar Paddle Board Seguro con Restube<\/a><\/li><li class='ez-toc-page-1'><a class=\"ez-toc-link ez-toc-heading-2\" href=\"https:\/\/standuppaddleboardworld.com\/es\/accesorio-salvavidas-restube\/#Productos_Restube_en_2020\" >Productos Restube en 2020<\/a><\/li><li class='ez-toc-page-1'><a class=\"ez-toc-link ez-toc-heading-3\" href=\"https:\/\/standuppaddleboardworld.com\/es\/accesorio-salvavidas-restube\/#Restube_Basico_Basic\" >Restube B\u00e1sico \/ Basic<\/a><\/li><li class='ez-toc-page-1'><a class=\"ez-toc-link ez-toc-heading-4\" href=\"https:\/\/standuppaddleboardworld.com\/es\/accesorio-salvavidas-restube\/#Restube_Clasico_Classic\" >Restube Cl\u00e1sico \/ Classic<\/a><\/li><li class='ez-toc-page-1'><a class=\"ez-toc-link ez-toc-heading-5\" href=\"https:\/\/standuppaddleboardworld.com\/es\/accesorio-salvavidas-restube\/#Restube_para_Deportes_Sports\" >Restube para Deportes \/ Sports<\/a><\/li><li class='ez-toc-page-1'><a class=\"ez-toc-link ez-toc-heading-6\" href=\"https:\/\/standuppaddleboardworld.com\/es\/accesorio-salvavidas-restube\/#Restube_de_Natacion_Swim\" >Restube de Nataci\u00f3n \/ Swim<\/a><\/li><\/ul><\/nav><\/div>\n\n\n\n\n<p>La seguridad en el paddleboard no suele ser lo primero en lo que piensan todos sus usuarios. La gente suele pensar: \u00ab<em>\u00bfQu\u00e9 me podr\u00eda pasar remando tranquilamente en el agua?<\/em>\u00ab<br><br>Pero si <strong>pierdes el equilibrio<\/strong> a causa de una ola o un sobresalto, por ejemplo por un p\u00e1jaro que pasa volando cerca (\u00a1me asustan!), puedes <strong>caer inesperadamente<\/strong> al agua y estar tan <strong>desorientado <\/strong>que no puedes diferenciar entre arriba y abajo.<br><br>Si te quedas atascado en una gran corriente, que es mucho m\u00e1s poderosa todav\u00eda si te sumerges a mayor profundidad, es m\u00e1s dif\u00edcil volver a subir. El Restube es ideal en esta situaci\u00f3n y se convierte en un verdadero salvavidas.<\/p>\n\n\n\n<p>Este pr\u00e1ctico dispositivo <strong>no s\u00f3lo es genial para el <em>Stand Up Paddle Boarding<\/em><\/strong> (SUP), sino tambi\u00e9n para la nataci\u00f3n, el triatl\u00f3n, el surf, el kitesurf, \u00a1b\u00e1sicamente <strong>todos los deportes que tienen que ver con el agua<\/strong>!<\/p>\n\n\n\n<p>Existen <strong>distintos tipos de Restube, dependiendo del deporte que practiques<\/strong>. Los nadadores y los corredores usan unos m\u00e1s compactos, porque necesitan una <strong>mejor aerodin\u00e1mica<\/strong> para ganar velocidad, mientras que los deportes m\u00e1s duros, como el kite surfing, usan una <strong>f\u00e9rula de seguridad adicional<\/strong> para que el Restube no se abra por accidente mientras practican el deporte.<\/p>\n\n\n\n<p>Si est\u00e1s pensando en comprar una tabla,<br>Echa un vistazo a las <a href=\"https:\/\/standuppaddleboardworld.com\/es\/mejor-tabla-hinchable-de-paddle\/\" class=\"rank-math-link\">mejores tablas de paddle surf<\/a>.<\/p>\n\n\n\n<figure class=\"wp-block-image size-large\"><img loading=\"lazy\" decoding=\"async\" width=\"1024\" height=\"675\" src=\"https:\/\/standuppaddleboardworld.com\/wp-content\/uploads\/2020\/02\/Restube-Overview-1-1024x675.jpg\" alt=\"Restube-resumen-general\" class=\"wp-image-20079\" title=\"\" srcset=\"https:\/\/standuppaddleboardworld.com\/wp-content\/uploads\/2020\/02\/Restube-Overview-1-1024x675.jpg 1024w, https:\/\/standuppaddleboardworld.com\/wp-content\/uploads\/2020\/02\/Restube-Overview-1-300x198.jpg 300w, https:\/\/standuppaddleboardworld.com\/wp-content\/uploads\/2020\/02\/Restube-Overview-1-768x506.jpg 768w, https:\/\/standuppaddleboardworld.com\/wp-content\/uploads\/2020\/02\/Restube-Overview-1.jpg 1200w\" sizes=\"auto, (max-width: 1024px) 100vw, 1024px\" \/><\/figure>\n\n\n\n<h2 class=\"wp-block-heading\"><span class=\"ez-toc-section\" id=\"Productos_Restube_en_2020\"><\/span>Productos Restube en 2020<span class=\"ez-toc-section-end\"><\/span><\/h2>\n\n\n\n<div class=\"wp-block-group\"><div class=\"wp-block-group__inner-container is-layout-flow wp-block-group-is-layout-flow\">\n<div class=\"wp-block-columns block-border is-layout-flex wp-container-core-columns-is-layout-9d6595d7 wp-block-columns-is-layout-flex\">\n<div class=\"wp-block-column is-layout-flow wp-block-column-is-layout-flow\" style=\"flex-basis:33.33%\">\n<div style=\"height:67px\" aria-hidden=\"true\" class=\"wp-block-spacer\"><\/div>\n\n\n\n<figure class=\"wp-block-image size-large\"><img loading=\"lazy\" decoding=\"async\" width=\"1000\" height=\"1000\" src=\"https:\/\/standuppaddleboardworld.com\/wp-content\/uploads\/2020\/02\/restube-basic-2.jpg\" alt=\"\" class=\"wp-image-20072\" title=\"\" srcset=\"https:\/\/standuppaddleboardworld.com\/wp-content\/uploads\/2020\/02\/restube-basic-2.jpg 1000w, https:\/\/standuppaddleboardworld.com\/wp-content\/uploads\/2020\/02\/restube-basic-2-300x300.jpg 300w, https:\/\/standuppaddleboardworld.com\/wp-content\/uploads\/2020\/02\/restube-basic-2-150x150.jpg 150w, https:\/\/standuppaddleboardworld.com\/wp-content\/uploads\/2020\/02\/restube-basic-2-768x768.jpg 768w, https:\/\/standuppaddleboardworld.com\/wp-content\/uploads\/2020\/02\/restube-basic-2-75x75.jpg 75w\" sizes=\"auto, (max-width: 1000px) 100vw, 1000px\" \/><\/figure>\n\n\n\n<p><strong>Material: <\/strong> Nylon \/ TPU <br><strong>Peso:<\/strong>  240 g<br><strong>Tama\u00f1o<\/strong>:  14 \u00d7 6 \u00d7 5 cm <\/p>\n<\/div>\n\n\n\n<div class=\"wp-block-column is-layout-flow wp-block-column-is-layout-flow\" style=\"flex-basis:66.66%\">\n<h4 class=\"wp-block-heading\" id=\"aqua-marina-breeze\"><span class=\"ez-toc-section\" id=\"Restube_Basico_Basic\"><\/span>Restube B\u00e1sico \/ Basic<span class=\"ez-toc-section-end\"><\/span><\/h4>\n\n\n\n<p>[amazon fields=\u00bb B00XW86XJE\u00bb value=\u00bbstar_rating\u00bb]   [amazon fields=\u00bbB00XW86XJE\u00bb value=\u00bbreviews\u00bb]<\/p>\n\n\n\n<p>El Restube B\u00e1sico o <em>Basic<\/em> es la versi\u00f3n m\u00e1s barata del Restube para cubrir tus necesidades b\u00e1sicas en materia de seguridad.<br><br>Se coloca alrededor de las caderas y se infla r\u00e1pida y f\u00e1cilmente tirando del cord\u00f3n.<br><br>La opci\u00f3n b\u00e1sica sin ninguna clase de florituras.<\/p>\n\n\n\n<div class=\"wp-block-button is-style-fill\"><a class=\"wp-block-button__link\" href=\"https:\/\/geni.us\/restube-basic\" target=\"_blank\" rel=\"noopener\">Comprobar el precio actual<\/a><\/div>\n\n\n\n<div class=\"wp-block-columns is-layout-flex wp-container-core-columns-is-layout-9d6595d7 wp-block-columns-is-layout-flex\">\n<div class=\"wp-block-column is-layout-flow wp-block-column-is-layout-flow\"><\/div>\n\n\n\n<div class=\"wp-block-column is-layout-flow wp-block-column-is-layout-flow\"><\/div>\n<\/div>\n<\/div>\n<\/div>\n<\/div><\/div>\n\n\n\n<div class=\"wp-block-group\"><div class=\"wp-block-group__inner-container is-layout-flow wp-block-group-is-layout-flow\">\n<div class=\"wp-block-columns block-border is-layout-flex wp-container-core-columns-is-layout-9d6595d7 wp-block-columns-is-layout-flex\">\n<div class=\"wp-block-column is-layout-flow wp-block-column-is-layout-flow\" style=\"flex-basis:33.33%\">\n<div style=\"height:67px\" aria-hidden=\"true\" class=\"wp-block-spacer\"><\/div>\n\n\n\n<figure class=\"wp-block-image size-large\"><img loading=\"lazy\" decoding=\"async\" width=\"1000\" height=\"1000\" src=\"https:\/\/standuppaddleboardworld.com\/wp-content\/uploads\/2020\/02\/restube-classic-seablue.jpg\" alt=\"\" class=\"wp-image-20073\" title=\"\" srcset=\"https:\/\/standuppaddleboardworld.com\/wp-content\/uploads\/2020\/02\/restube-classic-seablue.jpg 1000w, https:\/\/standuppaddleboardworld.com\/wp-content\/uploads\/2020\/02\/restube-classic-seablue-300x300.jpg 300w, https:\/\/standuppaddleboardworld.com\/wp-content\/uploads\/2020\/02\/restube-classic-seablue-150x150.jpg 150w, https:\/\/standuppaddleboardworld.com\/wp-content\/uploads\/2020\/02\/restube-classic-seablue-768x768.jpg 768w, https:\/\/standuppaddleboardworld.com\/wp-content\/uploads\/2020\/02\/restube-classic-seablue-75x75.jpg 75w\" sizes=\"auto, (max-width: 1000px) 100vw, 1000px\" \/><\/figure>\n\n\n\n<p><strong>Material: <\/strong> Nylon \/ TPU <br><strong>Peso:<\/strong>  260 g<br><strong>Tama\u00f1o<\/strong>:  14 \u00d7 6 \u00d7 5 cm  <\/p>\n<\/div>\n\n\n\n<div class=\"wp-block-column is-layout-flow wp-block-column-is-layout-flow\" style=\"flex-basis:66.66%\">\n<h4 class=\"wp-block-heading\" id=\"aqua-marina-vapor\"><span class=\"ez-toc-section\" id=\"Restube_Clasico_Classic\"><\/span>Restube Cl\u00e1sico \/ <em>Classic<\/em><span class=\"ez-toc-section-end\"><\/span><\/h4>\n\n\n\n<p>[amazon fields=\u00bbB00IZJK620&#8243; value=\u00bbstar_rating\u00bb]   [amazon fields=\u00bbB00IZJK620&#8243; value=\u00bbreviews\u00bb]<\/p>\n\n\n\n<p>El Restube Cl\u00e1sico o <em>Classic <\/em>tiene una peque\u00f1a bolsa integrada y tambi\u00e9n incluye un silbato, para que puedas pedir ayuda si lo necesitas.<br><br>Al igual que el Restube B\u00e1sico, se puede llevar alrededor de la cadera y se infla r\u00e1pidamente en caso de emergencia.<br><br>Al contrario que el Restube B\u00e1sico, el Cl\u00e1sico se puede orientar tanto en horizontal como en vertical.<\/p>\n\n\n\n<div class=\"wp-block-button is-style-fill\"><a class=\"wp-block-button__link\" href=\"https:\/\/geni.us\/restube-classic\" target=\"_blank\" rel=\"noopener\">Comprobar el precio actual<\/a><\/div>\n\n\n\n<div class=\"wp-block-columns is-layout-flex wp-container-core-columns-is-layout-9d6595d7 wp-block-columns-is-layout-flex\">\n<div class=\"wp-block-column is-layout-flow wp-block-column-is-layout-flow\"><\/div>\n\n\n\n<div class=\"wp-block-column is-layout-flow wp-block-column-is-layout-flow\"><\/div>\n<\/div>\n<\/div>\n<\/div>\n<\/div><\/div>\n\n\n\n<div class=\"wp-block-group\"><div class=\"wp-block-group__inner-container is-layout-flow wp-block-group-is-layout-flow\">\n<div class=\"wp-block-columns block-border is-layout-flex wp-container-core-columns-is-layout-9d6595d7 wp-block-columns-is-layout-flex\">\n<div class=\"wp-block-column is-layout-flow wp-block-column-is-layout-flow\" style=\"flex-basis:33.33%\">\n<div style=\"height:67px\" aria-hidden=\"true\" class=\"wp-block-spacer\"><\/div>\n\n\n\n<figure class=\"wp-block-image size-large\"><img loading=\"lazy\" decoding=\"async\" width=\"1000\" height=\"1000\" src=\"https:\/\/standuppaddleboardworld.com\/wp-content\/uploads\/2020\/02\/restube-sports-azure-blue.jpg\" alt=\"\" class=\"wp-image-20074\" title=\"\" srcset=\"https:\/\/standuppaddleboardworld.com\/wp-content\/uploads\/2020\/02\/restube-sports-azure-blue.jpg 1000w, https:\/\/standuppaddleboardworld.com\/wp-content\/uploads\/2020\/02\/restube-sports-azure-blue-300x300.jpg 300w, https:\/\/standuppaddleboardworld.com\/wp-content\/uploads\/2020\/02\/restube-sports-azure-blue-150x150.jpg 150w, https:\/\/standuppaddleboardworld.com\/wp-content\/uploads\/2020\/02\/restube-sports-azure-blue-768x768.jpg 768w, https:\/\/standuppaddleboardworld.com\/wp-content\/uploads\/2020\/02\/restube-sports-azure-blue-75x75.jpg 75w\" sizes=\"auto, (max-width: 1000px) 100vw, 1000px\" \/><\/figure>\n\n\n\n<p><strong>Material: <\/strong> Nylon \/ TPU <br><strong>Peso:<\/strong>  270 g<br><strong>Tama\u00f1o<\/strong>:  14 \u00d7 7 \u00d7 5 cm<\/p>\n<\/div>\n\n\n\n<div class=\"wp-block-column is-layout-flow wp-block-column-is-layout-flow\" style=\"flex-basis:66.66%\">\n<h4 class=\"wp-block-heading\" id=\"aqua-marina-fusion\"><span class=\"ez-toc-section\" id=\"Restube_para_Deportes_Sports\"><\/span>Restube para Deportes \/ <em>Sports<\/em><span class=\"ez-toc-section-end\"><\/span><\/h4>\n\n\n\n<p>[amazon fields=\u00bbB00J4PZBME\u00bb value=\u00bbstar_rating\u00bb]   [amazon fields=\u00bbB00J4PZBME\u00bb value=\u00bbreviews\u00bb]<\/p>\n\n\n\n<p>El Restube Deportivo o <em>Sports <\/em>est\u00e1 destinado a deportes algo m\u00e1s toscos como el wave-, el kite- y el windsurfing.<br><br>Cuenta con todas las prestaciones del Restube Cl\u00e1sico, pero tambi\u00e9n se puede montar en un arn\u00e9s y dispone de una f\u00e9rula de seguridad para que no puedas abrir el Restube por accidente.<\/p>\n\n\n\n<div class=\"wp-block-button is-style-fill\"><a class=\"wp-block-button__link\" href=\"https:\/\/geni.us\/restube-sports\" target=\"_blank\" rel=\"noopener\">Comprobar el precio actual<\/a><\/div>\n\n\n\n<div class=\"wp-block-columns is-layout-flex wp-container-core-columns-is-layout-9d6595d7 wp-block-columns-is-layout-flex\">\n<div class=\"wp-block-column is-layout-flow wp-block-column-is-layout-flow\"><\/div>\n\n\n\n<div class=\"wp-block-column is-layout-flow wp-block-column-is-layout-flow\"><\/div>\n<\/div>\n<\/div>\n<\/div>\n<\/div><\/div>\n\n\n\n<div class=\"wp-block-group\"><div class=\"wp-block-group__inner-container is-layout-flow wp-block-group-is-layout-flow\">\n<div class=\"wp-block-columns block-border is-layout-flex wp-container-core-columns-is-layout-9d6595d7 wp-block-columns-is-layout-flex\">\n<div class=\"wp-block-column is-layout-flow wp-block-column-is-layout-flow\" style=\"flex-basis:33.33%\">\n<div style=\"height:67px\" aria-hidden=\"true\" class=\"wp-block-spacer\"><\/div>\n\n\n\n<figure class=\"wp-block-image size-large\"><img loading=\"lazy\" decoding=\"async\" width=\"1000\" height=\"1000\" src=\"https:\/\/standuppaddleboardworld.com\/wp-content\/uploads\/2020\/02\/restube-swim-honey-icemint.jpg\" alt=\"\" class=\"wp-image-20075\" title=\"\" srcset=\"https:\/\/standuppaddleboardworld.com\/wp-content\/uploads\/2020\/02\/restube-swim-honey-icemint.jpg 1000w, https:\/\/standuppaddleboardworld.com\/wp-content\/uploads\/2020\/02\/restube-swim-honey-icemint-300x300.jpg 300w, https:\/\/standuppaddleboardworld.com\/wp-content\/uploads\/2020\/02\/restube-swim-honey-icemint-150x150.jpg 150w, https:\/\/standuppaddleboardworld.com\/wp-content\/uploads\/2020\/02\/restube-swim-honey-icemint-768x768.jpg 768w, https:\/\/standuppaddleboardworld.com\/wp-content\/uploads\/2020\/02\/restube-swim-honey-icemint-75x75.jpg 75w\" sizes=\"auto, (max-width: 1000px) 100vw, 1000px\" \/><\/figure>\n\n\n\n<p><strong>Material: <\/strong> Nylon \/ TPU <br><strong>Peso:<\/strong>  210 g<br><strong>Tama\u00f1o<\/strong>:  12 \u00d7 6 \u00d7 4 cm <\/p>\n<\/div>\n\n\n\n<div class=\"wp-block-column is-layout-flow wp-block-column-is-layout-flow\" style=\"flex-basis:66.66%\">\n<h4 class=\"wp-block-heading\" id=\"aqua-marina-thrive\"><span class=\"ez-toc-section\" id=\"Restube_de_Natacion_Swim\"><\/span>Restube de Nataci\u00f3n \/ <em>Swim<\/em><span class=\"ez-toc-section-end\"><\/span><\/h4>\n\n\n\n<p>[amazon fields=\u00bbB0757G6FRM\u00bb value=\u00bbstar_rating\u00bb]   [amazon fields=\u00bbB0757G6FRM\u00bb value=\u00bbreviews\u00bb]<\/p>\n\n\n\n<p>El Restube Nataci\u00f3n o <em>Swim <\/em>tambi\u00e9n cuenta con todas las funciones del Restube Cl\u00e1sico, pero con un tama\u00f1o y peso reducidos.<br><br>Como los nadadores buscan la m\u00e1xima velocidad, esta es una versi\u00f3n m\u00e1s compacta del Restube C\u00e1sico que conserva todas sus funciones.<br><br>Es ideal para deportes como la nataci\u00f3n, el triatl\u00f3n y los nadadores en aguas abiertas, donde la velocidad en el agua es m\u00e1s relevante.<\/p>\n\n\n\n<div class=\"wp-block-button is-style-fill\"><a class=\"wp-block-button__link\" href=\"https:\/\/geni.us\/restube-swim\" target=\"_blank\" rel=\"noopener\">Comprobar el precio actual<\/a><\/div>\n\n\n\n<div class=\"wp-block-columns is-layout-flex wp-container-core-columns-is-layout-9d6595d7 wp-block-columns-is-layout-flex\">\n<div class=\"wp-block-column is-layout-flow wp-block-column-is-layout-flow\"><\/div>\n\n\n\n<div class=\"wp-block-column is-layout-flow wp-block-column-is-layout-flow\"><\/div>\n<\/div>\n<\/div>\n<\/div>\n<\/div><\/div>\n\n\n\n<p class=\"has-background\" style=\"background-color:#ebebeb\">Muy bien, \u00a1eso es todo amigos! Menuda lista era esta \ud83d\ude05. \u00a1Echa un vistazo al Restube que mejor se adapte a tu actividad y sal al agua con seguridad hoy! <br><br>\u00bfHas visto alg\u00fan enlace roto, texto incompleto, errores gramaticales? Por favor, POR FAVOR, d\u00e9jalo en los comentarios para que pueda arreglarlo. \u00a1Me encantar\u00eda recibir sugerencias en esta p\u00e1gina tambi\u00e9n! \u00a1<strong>Gracias, muchas gracias<\/strong>! \ud83e\udd19<\/p>\n\n\n\n<p> <\/p>\n","protected":false},"excerpt":{"rendered":"<p>Como suelo decir en las rese\u00f1as: la seguridad es mucho m\u00e1s importante que cualquier cosa cuando sales al agua. El Restube es un accesorio que puedes enganchar a tu ba\u00f1ador, es s\u00faper f\u00e1cil y ligero de llevar encima. Basta con tirar de la cuerda y el Restube se hinchar\u00e1 en un instante, asegur\u00e1ndose de que [&hellip;]<\/p>\n","protected":false},"author":1,"featured_media":20071,"parent":0,"menu_order":0,"comment_status":"open","ping_status":"closed","template":"page-templates\/reviews.php","meta":{"_genesis_hide_title":false,"_genesis_hide_breadcrumbs":false,"_genesis_hide_singular_image":false,"_genesis_hide_footer_widgets":false,"_genesis_custom_body_class":"","_genesis_custom_post_class":"","_genesis_layout":"","footnotes":""},"categories":[],"tags":[],"class_list":{"0":"post-20069","1":"page","2":"type-page","3":"status-publish","4":"has-post-thumbnail","6":"entry"},"acf":[],"_links":{"self":[{"href":"https:\/\/standuppaddleboardworld.com\/es\/wp-json\/wp\/v2\/pages\/20069","targetHints":{"allow":["GET"]}}],"collection":[{"href":"https:\/\/standuppaddleboardworld.com\/es\/wp-json\/wp\/v2\/pages"}],"about":[{"href":"https:\/\/standuppaddleboardworld.com\/es\/wp-json\/wp\/v2\/types\/page"}],"author":[{"embeddable":true,"href":"https:\/\/standuppaddleboardworld.com\/es\/wp-json\/wp\/v2\/users\/1"}],"replies":[{"embeddable":true,"href":"https:\/\/standuppaddleboardworld.com\/es\/wp-json\/wp\/v2\/comments?post=20069"}],"version-history":[{"count":0,"href":"https:\/\/standuppaddleboardworld.com\/es\/wp-json\/wp\/v2\/pages\/20069\/revisions"}],"wp:featuredmedia":[{"embeddable":true,"href":"https:\/\/standuppaddleboardworld.com\/es\/wp-json\/wp\/v2\/media\/20071"}],"wp:attachment":[{"href":"https:\/\/standuppaddleboardworld.com\/es\/wp-json\/wp\/v2\/media?parent=20069"}],"wp:term":[{"taxonomy":"category","embeddable":true,"href":"https:\/\/standuppaddleboardworld.com\/es\/wp-json\/wp\/v2\/categories?post=20069"},{"taxonomy":"post_tag","embeddable":true,"href":"https:\/\/standuppaddleboardworld.com\/es\/wp-json\/wp\/v2\/tags?post=20069"}],"curies":[{"name":"wp","href":"https:\/\/api.w.org\/{rel}","templated":true}]}}