{"id":18873,"date":"2020-12-08T14:20:23","date_gmt":"2020-12-08T13:20:23","guid":{"rendered":"https:\/\/standuppaddleboardworld.com\/?page_id=18873"},"modified":"2021-07-07T08:34:22","modified_gmt":"2021-07-07T07:34:22","slug":"stand-up-paddle-board-world-sorteo","status":"publish","type":"page","link":"https:\/\/standuppaddleboardworld.com\/es\/stand-up-paddle-board-world-sorteo\/","title":{"rendered":"Stand Up Paddle Board World Sorteo"},"content":{"rendered":"\n<p>\u00a1Gracias por leer \u00abStand Up Paddle Board World\u00bb! Estoy muy feliz con cada uno de los lectores y siempre que puedo me gusta hacer algo por vosotros organizando un sorteo en el que pod\u00e9is ganar algunos art\u00edculos incre\u00edbles relacionados con el Stand Up Paddle o los deportes acu\u00e1ticos.<\/p>\n\n\n\n<p>Tratar\u00e9 de organizarlos tan frecuentemente como sea posible, para que teng\u00e1is algo que esperar con ilusi\u00f3n y \u00a1porque me encanta regalar cosas a mi incre\u00edble audiencia! No os mentir\u00e9, no podr\u00eda guardar todas las tablas de paddle que tengo igualmente, ya que mi casa no es lo suficientemente grande para guardarlas todas, aunque sean hinchables (\u2741\u00b4\u25e1`\u2741).<\/p>\n\n\n\n<figure class=\"wp-block-embed is-type-video is-provider-youtube wp-block-embed-youtube wp-embed-aspect-4-3 wp-has-aspect-ratio\"><div class=\"wp-block-embed__wrapper\">\n<iframe loading=\"lazy\" title=\"MOAI Infatable paddle board giveaway!\" width=\"500\" height=\"375\" src=\"https:\/\/www.youtube.com\/embed\/oUCcyG0VmrY?feature=oembed\" frameborder=\"0\" allow=\"accelerometer; autoplay; clipboard-write; encrypted-media; gyroscope; picture-in-picture; web-share\" referrerpolicy=\"strict-origin-when-cross-origin\" allowfullscreen><\/iframe>\n<\/div><\/figure>\n\n\n\n<h2 class=\"wp-block-heading\"><span class=\"ez-toc-section\" id=\"Mi_primer_Sorteo_en_colaboracion_con_MOAI\"><\/span>Mi primer Sorteo en colaboraci\u00f3n con MOAI<span class=\"ez-toc-section-end\"><\/span><\/h2><div id=\"ez-toc-container\" class=\"ez-toc-v2_0_82_2 counter-flat ez-toc-counter ez-toc-custom ez-toc-container-direction\">\n<label for=\"ez-toc-cssicon-toggle-item-69e8d3a327118\" class=\"ez-toc-cssicon-toggle-label\"><span class=\"\"><span class=\"eztoc-hide\" style=\"display:none;\">Toggle<\/span><span class=\"ez-toc-icon-toggle-span\"><svg style=\"fill: #1a2b49;color:#1a2b49\" xmlns=\"http:\/\/www.w3.org\/2000\/svg\" class=\"list-377408\" width=\"20px\" height=\"20px\" viewBox=\"0 0 24 24\" fill=\"none\"><path d=\"M6 6H4v2h2V6zm14 0H8v2h12V6zM4 11h2v2H4v-2zm16 0H8v2h12v-2zM4 16h2v2H4v-2zm16 0H8v2h12v-2z\" fill=\"currentColor\"><\/path><\/svg><svg style=\"fill: #1a2b49;color:#1a2b49\" class=\"arrow-unsorted-368013\" xmlns=\"http:\/\/www.w3.org\/2000\/svg\" width=\"10px\" height=\"10px\" viewBox=\"0 0 24 24\" version=\"1.2\" baseProfile=\"tiny\"><path d=\"M18.2 9.3l-6.2-6.3-6.2 6.3c-.2.2-.3.4-.3.7s.1.5.3.7c.2.2.4.3.7.3h11c.3 0 .5-.1.7-.3.2-.2.3-.5.3-.7s-.1-.5-.3-.7zM5.8 14.7l6.2 6.3 6.2-6.3c.2-.2.3-.5.3-.7s-.1-.5-.3-.7c-.2-.2-.4-.3-.7-.3h-11c-.3 0-.5.1-.7.3-.2.2-.3.5-.3.7s.1.5.3.7z\"\/><\/svg><\/span><\/span><\/label><input type=\"checkbox\"  id=\"ez-toc-cssicon-toggle-item-69e8d3a327118\"  aria-label=\"Alternar\" \/><nav><ul class='ez-toc-list ez-toc-list-level-1 ' ><li class='ez-toc-page-1'><a class=\"ez-toc-link ez-toc-heading-1\" href=\"https:\/\/standuppaddleboardworld.com\/es\/stand-up-paddle-board-world-sorteo\/#Mi_primer_Sorteo_en_colaboracion_con_MOAI\" >Mi primer Sorteo en colaboraci\u00f3n con MOAI<\/a><\/li><\/ul><\/nav><\/div>\n\n\n\n\n<p class=\"block-highlight\">Finalmente estoy listo para comenzar mi primer sorteo en colaboraci\u00f3n con MOAI, \u00a1que comienza el 8 de diciembre y el ganador se anunciar\u00e1 el 22 de diciembre! Para garantizar que participar\u00e1s en mi sorteo, aseg\u00farate de:<br><br>\u25b6 <strong>PASO 1:<\/strong><br><br>Visita: <a aria-label=\" (opens in a new tab)\" rel=\"noreferrer noopener\" href=\"https:\/\/www.instagram.com\/moaiboards\/\" target=\"_blank\" class=\"rank-math-link\">https:\/\/www.instagram.com\/moaiboards\/<\/a> y <strong>sigue a &#8216;MOAI Boards&#8217;<\/strong><br><br>\u25b6<strong>PASO 2:<\/strong><br><br>Visita: <a aria-label=\" (opens in a new tab)\" rel=\"noreferrer noopener\" href=\"https:\/\/www.instagram.com\/standuppaddleboardworld\/\" target=\"_blank\" class=\"rank-math-link\">https:\/\/www.instagram.com\/standuppaddleboardworld\/<\/a> y <strong>\u00a1s\u00edgueme en instagram!<\/strong><br><br>\u25b6<strong>PASO 3:<\/strong><br><br>Visita: <a rel=\"noreferrer noopener\" href=\"https:\/\/www.instagram.com\/standuppaddleboardworld\/\" target=\"_blank\">https:\/\/www.instagram.com\/standuppaddleboardworld\/<\/a> y <strong>etiqueta a dos amigos con los que te encantar\u00eda practicar <em>paddle board<\/em> en el mensaje del Sorteo.<\/strong><\/p>\n\n\n\n<p><strong>ESO ES TODO \ud83d\ude00 \u00a1Todo el que se nos una o ya se haya unido a nosotros, puede ganar! <\/strong><\/p>\n\n\n\n<p class=\"block-highlight\">Espero que todos teng\u00e1is un buen arranque en diciembre y os deseo mucha suerte en mi primer sorteo, \u00a1estoy seguro de que no ser\u00e1 el \u00faltimo que ve\u00e1is!<br><br>A efectos legales, puedes <a rel=\"noreferrer noopener\" href=\"https:\/\/standuppaddleboardworld.com\/giveaway\/giveaway-terms-conditions\/\" target=\"_blank\" class=\"rank-math-link\">leer todos los t\u00e9rminos y condiciones aqu\u00ed<\/a> . \u00a1No hace falta decir que no revelar\u00e9 tus datos a nadie m\u00e1s y s\u00f3lo usar\u00e9 tu direcci\u00f3n de correo electr\u00f3nico para mantenerte al d\u00eda sobre las noticias relacionadas con los deportes acu\u00e1ticos y mis concursos!<\/p>\n\n\n\n<figure class=\"wp-block-image size-large\"><img loading=\"lazy\" decoding=\"async\" width=\"1024\" height=\"768\" src=\"https:\/\/standuppaddleboardworld.com\/wp-content\/uploads\/2020\/06\/Mistral-Lidl-SUP-Board-Tom-Falling-1-1024x768.jpg\" alt=\"Stand Up Paddle Board Sorteo\" class=\"wp-image-17037\" title=\"\" srcset=\"https:\/\/standuppaddleboardworld.com\/wp-content\/uploads\/2020\/06\/Mistral-Lidl-SUP-Board-Tom-Falling-1-1024x768.jpg 1024w, https:\/\/standuppaddleboardworld.com\/wp-content\/uploads\/2020\/06\/Mistral-Lidl-SUP-Board-Tom-Falling-1-300x225.jpg 300w, https:\/\/standuppaddleboardworld.com\/wp-content\/uploads\/2020\/06\/Mistral-Lidl-SUP-Board-Tom-Falling-1-768x576.jpg 768w, https:\/\/standuppaddleboardworld.com\/wp-content\/uploads\/2020\/06\/Mistral-Lidl-SUP-Board-Tom-Falling-1-702x526.jpg 702w, https:\/\/standuppaddleboardworld.com\/wp-content\/uploads\/2020\/06\/Mistral-Lidl-SUP-Board-Tom-Falling-1.jpg 1200w\" sizes=\"auto, (max-width: 1024px) 100vw, 1024px\" \/><\/figure>\n\n\n\n<p><br><br><\/p>\n","protected":false},"excerpt":{"rendered":"<p>\u00a1Gracias por leer \u00abStand Up Paddle Board World\u00bb! Estoy muy feliz con cada uno de los lectores y siempre que puedo me gusta hacer algo por vosotros organizando un sorteo en el que pod\u00e9is ganar algunos art\u00edculos incre\u00edbles relacionados con el Stand Up Paddle o los deportes acu\u00e1ticos. Tratar\u00e9 de organizarlos tan frecuentemente como sea [&hellip;]<\/p>\n","protected":false},"author":1,"featured_media":17175,"parent":0,"menu_order":0,"comment_status":"closed","ping_status":"closed","template":"page-templates\/reviews.php","meta":{"_genesis_hide_title":false,"_genesis_hide_breadcrumbs":false,"_genesis_hide_singular_image":false,"_genesis_hide_footer_widgets":false,"_genesis_custom_body_class":"","_genesis_custom_post_class":"","_genesis_layout":"","footnotes":""},"categories":[],"tags":[],"class_list":{"0":"post-18873","1":"page","2":"type-page","3":"status-publish","4":"has-post-thumbnail","6":"entry"},"acf":[],"_links":{"self":[{"href":"https:\/\/standuppaddleboardworld.com\/es\/wp-json\/wp\/v2\/pages\/18873","targetHints":{"allow":["GET"]}}],"collection":[{"href":"https:\/\/standuppaddleboardworld.com\/es\/wp-json\/wp\/v2\/pages"}],"about":[{"href":"https:\/\/standuppaddleboardworld.com\/es\/wp-json\/wp\/v2\/types\/page"}],"author":[{"embeddable":true,"href":"https:\/\/standuppaddleboardworld.com\/es\/wp-json\/wp\/v2\/users\/1"}],"replies":[{"embeddable":true,"href":"https:\/\/standuppaddleboardworld.com\/es\/wp-json\/wp\/v2\/comments?post=18873"}],"version-history":[{"count":0,"href":"https:\/\/standuppaddleboardworld.com\/es\/wp-json\/wp\/v2\/pages\/18873\/revisions"}],"wp:featuredmedia":[{"embeddable":true,"href":"https:\/\/standuppaddleboardworld.com\/es\/wp-json\/wp\/v2\/media\/17175"}],"wp:attachment":[{"href":"https:\/\/standuppaddleboardworld.com\/es\/wp-json\/wp\/v2\/media?parent=18873"}],"wp:term":[{"taxonomy":"category","embeddable":true,"href":"https:\/\/standuppaddleboardworld.com\/es\/wp-json\/wp\/v2\/categories?post=18873"},{"taxonomy":"post_tag","embeddable":true,"href":"https:\/\/standuppaddleboardworld.com\/es\/wp-json\/wp\/v2\/tags?post=18873"}],"curies":[{"name":"wp","href":"https:\/\/api.w.org\/{rel}","templated":true}]}}