{"id":17126,"date":"2024-01-08T14:33:14","date_gmt":"2024-01-08T13:33:14","guid":{"rendered":"https:\/\/standuppaddleboardworld.com\/stand-up-paddle-board-world\/"},"modified":"2024-01-08T14:33:15","modified_gmt":"2024-01-08T13:33:15","slug":"stand-up-paddle-board-world","status":"publish","type":"page","link":"https:\/\/standuppaddleboardworld.com\/es\/","title":{"rendered":"Stand up Paddle board world"},"content":{"rendered":"\n<h2 class=\"wp-block-heading\"><span class=\"ez-toc-section\" id=\"Mejores_tablas_de_paddle_surf_hinchables\"><\/span>Mejores tablas de paddle surf hinchables<span class=\"ez-toc-section-end\"><\/span><\/h2><div id=\"ez-toc-container\" class=\"ez-toc-v2_0_82_2 counter-flat ez-toc-counter ez-toc-custom ez-toc-container-direction\">\n<label for=\"ez-toc-cssicon-toggle-item-69e87ac571b9f\" class=\"ez-toc-cssicon-toggle-label\"><span class=\"\"><span class=\"eztoc-hide\" style=\"display:none;\">Toggle<\/span><span class=\"ez-toc-icon-toggle-span\"><svg style=\"fill: #1a2b49;color:#1a2b49\" xmlns=\"http:\/\/www.w3.org\/2000\/svg\" class=\"list-377408\" width=\"20px\" height=\"20px\" viewBox=\"0 0 24 24\" fill=\"none\"><path d=\"M6 6H4v2h2V6zm14 0H8v2h12V6zM4 11h2v2H4v-2zm16 0H8v2h12v-2zM4 16h2v2H4v-2zm16 0H8v2h12v-2z\" fill=\"currentColor\"><\/path><\/svg><svg style=\"fill: #1a2b49;color:#1a2b49\" class=\"arrow-unsorted-368013\" xmlns=\"http:\/\/www.w3.org\/2000\/svg\" width=\"10px\" height=\"10px\" viewBox=\"0 0 24 24\" version=\"1.2\" baseProfile=\"tiny\"><path d=\"M18.2 9.3l-6.2-6.3-6.2 6.3c-.2.2-.3.4-.3.7s.1.5.3.7c.2.2.4.3.7.3h11c.3 0 .5-.1.7-.3.2-.2.3-.5.3-.7s-.1-.5-.3-.7zM5.8 14.7l6.2 6.3 6.2-6.3c.2-.2.3-.5.3-.7s-.1-.5-.3-.7c-.2-.2-.4-.3-.7-.3h-11c-.3 0-.5.1-.7.3-.2.2-.3.5-.3.7s.1.5.3.7z\"\/><\/svg><\/span><\/span><\/label><input type=\"checkbox\"  id=\"ez-toc-cssicon-toggle-item-69e87ac571b9f\"  aria-label=\"Alternar\" \/><nav><ul class='ez-toc-list ez-toc-list-level-1 ' ><li class='ez-toc-page-1'><a class=\"ez-toc-link ez-toc-heading-1\" href=\"https:\/\/standuppaddleboardworld.com\/es\/#Mejores_tablas_de_paddle_surf_hinchables\" >Mejores tablas de paddle surf hinchables<\/a><\/li><\/ul><\/nav><\/div>\n\n\n\n\n<p>Aqu\u00ed en &#8216;<em>Stand Up Paddle board world<\/em>&#8216;trato de mostrarte tantas tablas de paddle distintas como pueda. Soy un verdadero fan\u00e1tico de los deportes acu\u00e1ticos y me encantar\u00eda que a todos les entusiasmara mi pasi\u00f3n tambi\u00e9n. \u00a1Lee mis diferentes rese\u00f1as y descubre qu\u00e9 tabla de paddle es la mejor para iniciarte en este incre\u00edble deporte!<\/p>\n","protected":false},"excerpt":{"rendered":"<p>Mejores tablas de paddle surf hinchables Aqu\u00ed en &#8216;Stand Up Paddle board world&#8216;trato de mostrarte tantas tablas de paddle distintas como pueda. Soy un verdadero fan\u00e1tico de los deportes acu\u00e1ticos y me encantar\u00eda que a todos les entusiasmara mi pasi\u00f3n tambi\u00e9n. \u00a1Lee mis diferentes rese\u00f1as y descubre qu\u00e9 tabla de paddle es la mejor para [&hellip;]<\/p>\n","protected":false},"author":1,"featured_media":0,"parent":0,"menu_order":0,"comment_status":"closed","ping_status":"closed","template":"page-templates\/home.php","meta":{"_genesis_hide_title":true,"_genesis_hide_breadcrumbs":true,"_genesis_hide_singular_image":true,"_genesis_hide_footer_widgets":false,"_genesis_custom_body_class":"","_genesis_custom_post_class":"","_genesis_layout":"full-width-content","footnotes":""},"categories":[],"tags":[],"class_list":{"0":"post-17126","1":"page","2":"type-page","3":"status-publish","5":"entry"},"acf":[],"_links":{"self":[{"href":"https:\/\/standuppaddleboardworld.com\/es\/wp-json\/wp\/v2\/pages\/17126","targetHints":{"allow":["GET"]}}],"collection":[{"href":"https:\/\/standuppaddleboardworld.com\/es\/wp-json\/wp\/v2\/pages"}],"about":[{"href":"https:\/\/standuppaddleboardworld.com\/es\/wp-json\/wp\/v2\/types\/page"}],"author":[{"embeddable":true,"href":"https:\/\/standuppaddleboardworld.com\/es\/wp-json\/wp\/v2\/users\/1"}],"replies":[{"embeddable":true,"href":"https:\/\/standuppaddleboardworld.com\/es\/wp-json\/wp\/v2\/comments?post=17126"}],"version-history":[{"count":2,"href":"https:\/\/standuppaddleboardworld.com\/es\/wp-json\/wp\/v2\/pages\/17126\/revisions"}],"predecessor-version":[{"id":77566,"href":"https:\/\/standuppaddleboardworld.com\/es\/wp-json\/wp\/v2\/pages\/17126\/revisions\/77566"}],"wp:attachment":[{"href":"https:\/\/standuppaddleboardworld.com\/es\/wp-json\/wp\/v2\/media?parent=17126"}],"wp:term":[{"taxonomy":"category","embeddable":true,"href":"https:\/\/standuppaddleboardworld.com\/es\/wp-json\/wp\/v2\/categories?post=17126"},{"taxonomy":"post_tag","embeddable":true,"href":"https:\/\/standuppaddleboardworld.com\/es\/wp-json\/wp\/v2\/tags?post=17126"}],"curies":[{"name":"wp","href":"https:\/\/api.w.org\/{rel}","templated":true}]}}