{"id":16733,"date":"2020-11-27T10:26:50","date_gmt":"2020-11-27T09:26:50","guid":{"rendered":"https:\/\/standuppaddleboardworld.com\/?page_id=16733"},"modified":"2021-07-07T08:36:32","modified_gmt":"2021-07-07T07:36:32","slug":"spikeball","status":"publish","type":"page","link":"https:\/\/standuppaddleboardworld.com\/es\/spikeball\/","title":{"rendered":"Spikeball"},"content":{"rendered":"\n<p class=\"block-highlight-filled\">El spikeball se est\u00e1 haciendo cada vez m\u00e1s conocido, y es un deporte emocionante y muy din\u00e1mico al que puedes jugar con tus amigos al aire libre (o he visto ejemplos de personas que lo juegan incluso dentro, \u00a1pero necesitas una casa grande!).<br><br>\u00bfTe interesa el spikeball y quieres saber m\u00e1s sobre este deporte y c\u00f3mo puedes empezar a jugarlo t\u00fa mismo? \u00a1Lee todo sobre ello en los art\u00edculos de abajo!<\/p>\n\n\n\n<figure class=\"wp-block-image size-large\"><img loading=\"lazy\" decoding=\"async\" width=\"1024\" height=\"683\" src=\"https:\/\/standuppaddleboardworld.com\/wp-content\/uploads\/2020\/09\/Spikeball-1024x683.jpg\" alt=\"Spikeball\" class=\"wp-image-16746\" title=\"\" srcset=\"https:\/\/standuppaddleboardworld.com\/wp-content\/uploads\/2020\/09\/Spikeball-1024x683.jpg 1024w, https:\/\/standuppaddleboardworld.com\/wp-content\/uploads\/2020\/09\/Spikeball-300x200.jpg 300w, https:\/\/standuppaddleboardworld.com\/wp-content\/uploads\/2020\/09\/Spikeball-768x512.jpg 768w, https:\/\/standuppaddleboardworld.com\/wp-content\/uploads\/2020\/09\/Spikeball.jpg 1200w\" sizes=\"auto, (max-width: 1024px) 100vw, 1024px\" \/><figcaption>Personas jugando al Spikeball en la arena de la playa<\/figcaption><\/figure>\n\n\n\n<h2 class=\"wp-block-heading\"><span class=\"ez-toc-section\" id=\"Que_es_el_spikeball\"><\/span>Qu\u00e9 es el spikeball<span class=\"ez-toc-section-end\"><\/span><\/h2><div id=\"ez-toc-container\" class=\"ez-toc-v2_0_82_2 counter-flat ez-toc-counter ez-toc-custom ez-toc-container-direction\">\n<label for=\"ez-toc-cssicon-toggle-item-69eb432ab6ce2\" class=\"ez-toc-cssicon-toggle-label\"><span class=\"\"><span class=\"eztoc-hide\" style=\"display:none;\">Toggle<\/span><span class=\"ez-toc-icon-toggle-span\"><svg style=\"fill: #1a2b49;color:#1a2b49\" xmlns=\"http:\/\/www.w3.org\/2000\/svg\" class=\"list-377408\" width=\"20px\" height=\"20px\" viewBox=\"0 0 24 24\" fill=\"none\"><path d=\"M6 6H4v2h2V6zm14 0H8v2h12V6zM4 11h2v2H4v-2zm16 0H8v2h12v-2zM4 16h2v2H4v-2zm16 0H8v2h12v-2z\" fill=\"currentColor\"><\/path><\/svg><svg style=\"fill: #1a2b49;color:#1a2b49\" class=\"arrow-unsorted-368013\" xmlns=\"http:\/\/www.w3.org\/2000\/svg\" width=\"10px\" height=\"10px\" viewBox=\"0 0 24 24\" version=\"1.2\" baseProfile=\"tiny\"><path d=\"M18.2 9.3l-6.2-6.3-6.2 6.3c-.2.2-.3.4-.3.7s.1.5.3.7c.2.2.4.3.7.3h11c.3 0 .5-.1.7-.3.2-.2.3-.5.3-.7s-.1-.5-.3-.7zM5.8 14.7l6.2 6.3 6.2-6.3c.2-.2.3-.5.3-.7s-.1-.5-.3-.7c-.2-.2-.4-.3-.7-.3h-11c-.3 0-.5.1-.7.3-.2.2-.3.5-.3.7s.1.5.3.7z\"\/><\/svg><\/span><\/span><\/label><input type=\"checkbox\"  id=\"ez-toc-cssicon-toggle-item-69eb432ab6ce2\"  aria-label=\"Alternar\" \/><nav><ul class='ez-toc-list ez-toc-list-level-1 ' ><li class='ez-toc-page-1'><a class=\"ez-toc-link ez-toc-heading-1\" href=\"https:\/\/standuppaddleboardworld.com\/es\/spikeball\/#Que_es_el_spikeball\" >Qu\u00e9 es el spikeball<\/a><\/li><li class='ez-toc-page-1'><a class=\"ez-toc-link ez-toc-heading-2\" href=\"https:\/\/standuppaddleboardworld.com\/es\/spikeball\/#La_historia_del_spikeball\" >La historia del spikeball<\/a><\/li><li class='ez-toc-page-1'><a class=\"ez-toc-link ez-toc-heading-3\" href=\"https:\/\/standuppaddleboardworld.com\/es\/spikeball\/#Slammo_vs_Spikeball\" >Slammo vs Spikeball<\/a><\/li><li class='ez-toc-page-1'><a class=\"ez-toc-link ez-toc-heading-4\" href=\"https:\/\/standuppaddleboardworld.com\/es\/spikeball\/#Spikeball_Preguntas_y_Respuestas\" >Spikeball Preguntas y Respuestas<\/a><\/li><\/ul><\/nav><\/div>\n\n\n\n\n<p>\u00bfQu\u00e9 es exactamente el spikeball, c\u00f3mo se juega, cu\u00e1les son las reglas y qu\u00e9 se necesita para empezar? Aqu\u00ed encontrar\u00e1s m\u00e1s informaci\u00f3n sobre el juego en s\u00ed y podr\u00e1s descubrir por qu\u00e9 es tan popular.<\/p>\n\n\n\n<div class=\"wp-block-buttons is-content-justification-center is-layout-flex wp-block-buttons-is-layout-flex\">\n<div class=\"wp-block-button\"><a class=\"wp-block-button__link\" href=\"https:\/\/standuppaddleboardworld.com\/es\/spikeball-que-es\/spikeball-novedad-2020\/\" target=\"_blank\" rel=\"noreferrer noopener\">Leer m\u00e1s sobre Qu\u00e9 es Spikeball<\/a><\/div>\n<\/div>\n\n\n\n<figure class=\"wp-block-image size-large\"><img loading=\"lazy\" decoding=\"async\" width=\"1024\" height=\"682\" src=\"https:\/\/standuppaddleboardworld.com\/wp-content\/uploads\/2020\/09\/Spikeball-Gear-1024x682.jpg\" alt=\"Equipo-Spikeball\" class=\"wp-image-16747\" title=\"\" srcset=\"https:\/\/standuppaddleboardworld.com\/wp-content\/uploads\/2020\/09\/Spikeball-Gear-1024x682.jpg 1024w, https:\/\/standuppaddleboardworld.com\/wp-content\/uploads\/2020\/09\/Spikeball-Gear-300x200.jpg 300w, https:\/\/standuppaddleboardworld.com\/wp-content\/uploads\/2020\/09\/Spikeball-Gear-768x512.jpg 768w, https:\/\/standuppaddleboardworld.com\/wp-content\/uploads\/2020\/09\/Spikeball-Gear.jpg 1280w\" sizes=\"auto, (max-width: 1024px) 100vw, 1024px\" \/><figcaption>Red y pelota del spikeball sobre un terreno de hierba verde<\/figcaption><\/figure>\n\n\n\n<h2 class=\"wp-block-heading\"><span class=\"ez-toc-section\" id=\"La_historia_del_spikeball\"><\/span>La historia del spikeball<span class=\"ez-toc-section-end\"><\/span><\/h2>\n\n\n\n<p>El spikeball tiene un origen peculiar como deporte, y no fue hasta hace poco que gan\u00f3 tanta popularidad (o volvi\u00f3 a convertirse en popular), y la gente empez\u00f3 a aprender m\u00e1s sobre \u00e9l y a jugarlo. <a href=\"https:\/\/standuppaddleboardworld.com\/es\/spikeball\/historia-del-spikeball\/\" class=\"rank-math-link\">Lee m\u00e1s acerca de la historia del spikeball y c\u00f3mo empez\u00f3 todo aqu\u00ed<\/a>.<\/p>\n\n\n\n<div class=\"wp-block-buttons is-content-justification-center is-layout-flex wp-block-buttons-is-layout-flex\">\n<div class=\"wp-block-button\"><a class=\"wp-block-button__link\" href=\"https:\/\/standuppaddleboardworld.com\/es\/spikeball-que-es\/historia-del-spikeball\/\">Leer m\u00e1s sobre la Historia del Spikeball<\/a><\/div>\n<\/div>\n\n\n\n<figure class=\"wp-block-image size-large\"><img loading=\"lazy\" decoding=\"async\" width=\"1024\" height=\"702\" src=\"https:\/\/standuppaddleboardworld.com\/wp-content\/uploads\/2020\/10\/Slammo-Game-1024x702.jpg\" alt=\"Juego-Slammo\" class=\"wp-image-16741\" title=\"\" srcset=\"https:\/\/standuppaddleboardworld.com\/wp-content\/uploads\/2020\/10\/Slammo-Game-1024x702.jpg 1024w, https:\/\/standuppaddleboardworld.com\/wp-content\/uploads\/2020\/10\/Slammo-Game-300x206.jpg 300w, https:\/\/standuppaddleboardworld.com\/wp-content\/uploads\/2020\/10\/Slammo-Game-768x526.jpg 768w, https:\/\/standuppaddleboardworld.com\/wp-content\/uploads\/2020\/10\/Slammo-Game.jpg 1500w\" sizes=\"auto, (max-width: 1024px) 100vw, 1024px\" \/><figcaption>Grupo de j\u00f3venes din\u00e1micos jugando a Spikeball en hierba<\/figcaption><\/figure>\n\n\n\n<h2 class=\"wp-block-heading\"><span class=\"ez-toc-section\" id=\"Slammo_vs_Spikeball\"><\/span>Slammo vs Spikeball<span class=\"ez-toc-section-end\"><\/span><\/h2>\n\n\n\n<p>Spikeball y Slammo son dos t\u00e9rminos que se usan indistintamente para el mismo juego y utilizan un equipamiento similar para jugar. A menudo ver\u00e1s cualquiera de estos dos juegos en los patios de la gente o en la playa, y ahora hay incluso torneos al aire libre que se organizan con frecuencia. \u00bfCu\u00e1les son las diferencias entre los dos y qu\u00e9 es Slammo entonces?<\/p>\n\n\n\n<div class=\"wp-block-buttons is-content-justification-center is-layout-flex wp-block-buttons-is-layout-flex\">\n<div class=\"wp-block-button\"><a class=\"wp-block-button__link\" href=\"https:\/\/standuppaddleboardworld.com\/es\/spikeball-que-es\/spikeball-vs-slammo-igual\/\">Leer m\u00e1s sobre Slammo vs Spikeball<\/a><\/div>\n<\/div>\n\n\n\n<figure class=\"wp-block-image size-large\"><img loading=\"lazy\" decoding=\"async\" width=\"1024\" height=\"683\" src=\"https:\/\/standuppaddleboardworld.com\/wp-content\/uploads\/2020\/11\/Spikeball-Beach-Game-1024x683.jpg\" alt=\"Preguntas-Spikeball-Playa-Juego\" class=\"wp-image-16750\" title=\"\" srcset=\"https:\/\/standuppaddleboardworld.com\/wp-content\/uploads\/2020\/11\/Spikeball-Beach-Game-1024x683.jpg 1024w, https:\/\/standuppaddleboardworld.com\/wp-content\/uploads\/2020\/11\/Spikeball-Beach-Game-300x200.jpg 300w, https:\/\/standuppaddleboardworld.com\/wp-content\/uploads\/2020\/11\/Spikeball-Beach-Game-768x512.jpg 768w, https:\/\/standuppaddleboardworld.com\/wp-content\/uploads\/2020\/11\/Spikeball-Beach-Game.jpg 1500w\" sizes=\"auto, (max-width: 1024px) 100vw, 1024px\" \/><figcaption>Grupo de j\u00f3venes din\u00e1micos jugando a Slammo o Spikeball sobre la arena de la playa<\/figcaption><\/figure>\n\n\n\n<h2 class=\"wp-block-heading\"><span class=\"ez-toc-section\" id=\"Spikeball_Preguntas_y_Respuestas\"><\/span>Spikeball Preguntas y Respuestas<span class=\"ez-toc-section-end\"><\/span><\/h2>\n\n\n\n<p>Despu\u00e9s de escribir mis primeros art\u00edculos sobre el spikeball recib\u00ed un mont\u00f3n de preguntas m\u00e1s acerca de este deporte. \u00a1Por eso he creado un art\u00edculo separado que responde a todas estas preguntas, para completar tu conocimiento sobre este deporte!<\/p>\n\n\n\n<div class=\"wp-block-buttons is-content-justification-center is-layout-flex wp-block-buttons-is-layout-flex\">\n<div class=\"wp-block-button\"><a class=\"wp-block-button__link\" href=\"https:\/\/standuppaddleboardworld.com\/es\/spikeball-que-es\/faq-spikeball\/\" target=\"_blank\" rel=\"noreferrer noopener\">Leer m\u00e1s sobre Spikeball &#8211; Preguntas y Respuestas<\/a><\/div>\n<\/div>\n","protected":false},"excerpt":{"rendered":"<p>El spikeball se est\u00e1 haciendo cada vez m\u00e1s conocido, y es un deporte emocionante y muy din\u00e1mico al que puedes jugar con tus amigos al aire libre (o he visto ejemplos de personas que lo juegan incluso dentro, \u00a1pero necesitas una casa grande!). \u00bfTe interesa el spikeball y quieres saber m\u00e1s sobre este deporte y [&hellip;]<\/p>\n","protected":false},"author":1,"featured_media":16735,"parent":0,"menu_order":0,"comment_status":"open","ping_status":"closed","template":"","meta":{"_genesis_hide_title":false,"_genesis_hide_breadcrumbs":false,"_genesis_hide_singular_image":false,"_genesis_hide_footer_widgets":false,"_genesis_custom_body_class":"","_genesis_custom_post_class":"","_genesis_layout":"","footnotes":""},"categories":[],"tags":[],"class_list":{"0":"post-16733","1":"page","2":"type-page","3":"status-publish","4":"has-post-thumbnail","6":"entry"},"acf":[],"_links":{"self":[{"href":"https:\/\/standuppaddleboardworld.com\/es\/wp-json\/wp\/v2\/pages\/16733","targetHints":{"allow":["GET"]}}],"collection":[{"href":"https:\/\/standuppaddleboardworld.com\/es\/wp-json\/wp\/v2\/pages"}],"about":[{"href":"https:\/\/standuppaddleboardworld.com\/es\/wp-json\/wp\/v2\/types\/page"}],"author":[{"embeddable":true,"href":"https:\/\/standuppaddleboardworld.com\/es\/wp-json\/wp\/v2\/users\/1"}],"replies":[{"embeddable":true,"href":"https:\/\/standuppaddleboardworld.com\/es\/wp-json\/wp\/v2\/comments?post=16733"}],"version-history":[{"count":0,"href":"https:\/\/standuppaddleboardworld.com\/es\/wp-json\/wp\/v2\/pages\/16733\/revisions"}],"wp:featuredmedia":[{"embeddable":true,"href":"https:\/\/standuppaddleboardworld.com\/es\/wp-json\/wp\/v2\/media\/16735"}],"wp:attachment":[{"href":"https:\/\/standuppaddleboardworld.com\/es\/wp-json\/wp\/v2\/media?parent=16733"}],"wp:term":[{"taxonomy":"category","embeddable":true,"href":"https:\/\/standuppaddleboardworld.com\/es\/wp-json\/wp\/v2\/categories?post=16733"},{"taxonomy":"post_tag","embeddable":true,"href":"https:\/\/standuppaddleboardworld.com\/es\/wp-json\/wp\/v2\/tags?post=16733"}],"curies":[{"name":"wp","href":"https:\/\/api.w.org\/{rel}","templated":true}]}}