{"id":16450,"date":"2020-11-28T13:51:12","date_gmt":"2020-11-28T12:51:12","guid":{"rendered":"https:\/\/standuppaddleboardworld.com\/?page_id=16450"},"modified":"2020-11-28T13:53:15","modified_gmt":"2020-11-28T12:53:15","slug":"sobre-mi","status":"publish","type":"page","link":"https:\/\/standuppaddleboardworld.com\/es\/sobre-mi\/","title":{"rendered":"Sobre m\u00ed"},"content":{"rendered":"\n<figure class=\"wp-block-image size-large is-style-circle-mask\"><img loading=\"lazy\" decoding=\"async\" width=\"633\" height=\"534\" src=\"https:\/\/standuppaddleboardworld.com\/wp-content\/uploads\/2020\/01\/tom-boat-on-water.jpg\" alt=\"Tom - equipo Stand up paddle board world\" class=\"wp-image-1022\" title=\"\" srcset=\"https:\/\/standuppaddleboardworld.com\/wp-content\/uploads\/2020\/01\/tom-boat-on-water.jpg 633w, https:\/\/standuppaddleboardworld.com\/wp-content\/uploads\/2020\/01\/tom-boat-on-water-300x253.jpg 300w\" sizes=\"auto, (max-width: 633px) 100vw, 633px\" \/><\/figure>\n\n\n\n<p>\u00a1Hola!<br><br>Me llamo Tom, tengo 30 a\u00f1os y vivo en Holanda (Pa\u00edses Bajos). S\u00ed, <a rel=\"noreferrer noopener\" href=\"https:\/\/www.netherlands-tourism.com\/netherlands-sea-level\/\" target=\"_blank\" class=\"rank-math-link\">ese pa\u00eds que est\u00e1 un tercio bajo el agua<\/a>. Puede que por eso me apasione el agua \ud83d\ude09. <br><br>Desde que era peque\u00f1o, mis padres me han hecho viajar a la costa de Holanda. Adoro <em><strong>todos los deportes que tienen que ver con el agua<\/strong><\/em>.<\/p>\n\n\n\n<p><strong>Lo m\u00e1s emocionante para m\u00ed del <em>paddleboard <\/em>es la facilidad para navegar con mi tabla<\/strong>. Yo siempre hago SUP en una tabla inflable; lista y preparada en mi mochila. Me monto en mi bici o saco el coche y al cabo de unos minutos ya ando remando por los lugares m\u00e1s relajantes. \u00a1Qu\u00e9 maravilla!<\/p>\n\n\n\n<blockquote class=\"wp-block-quote has-text-align-center is-style-large is-layout-flow wp-block-quote-is-layout-flow\"><p> <em>Principalmente practico paddleboarding para relajarme tras un intenso d\u00eda de trabajo.<\/em><\/p><\/blockquote>\n\n\n\n<p>La combinaci\u00f3n de mi trabajo tras el ordenador y mi amor por los deportes acu\u00e1ticos es lo que me hizo empezar esta p\u00e1gina. En StandupPaddleboardWorld analizo las tablas de paddle m\u00e1s conocidas que est\u00e1n disponibles actualmente en el mercado. Las comparo con otros modelos y trato de opinar al respecto \u00a1de la manera m\u00e1s honesta posible!<\/p>\n\n\n\n<p>Aunque paso mucho tiempo en mi ordenador, no soy muy activo en las redes sociales. Puedes seguirme en <a rel=\"noreferrer noopener\" href=\"https:\/\/www.facebook.com\/Stand-up-Paddle-board-world\" target=\"_blank\">FACEBOOK<\/a> de <a rel=\"noreferrer noopener\" href=\"https:\/\/www.instagram.com\/standuppaddleboardworld\/\" target=\"_blank\">INSTAGRAM<\/a>, pero perdona si no respondo a tu mensaje ese mismo d\u00eda \ud83d\ude09. <\/p>\n\n\n<p><!--StartFragment--><\/p>\n\n\n<p>\u00bfAlguna pregunta o consejo para mi web? Por favor, escr\u00edbeme un correo electr\u00f3nico a <a href=\"mailto:tom@standuppaddleboardworld.com\" class=\"rank-math-link\">tom@standuppaddleboardworld.com<\/a>. Me encantar\u00eda contactarte e intercambiar nuestras experiencias de SUP. \ud83d\ude0a <\/p>\n\n\n\n<p>\u00a1Feliz SUPPING! <\/p>\n\n\n\n<p>&#8211; Tom<\/p>\n","protected":false},"excerpt":{"rendered":"<p>\u00a1Hola! Me llamo Tom, tengo 30 a\u00f1os y vivo en Holanda (Pa\u00edses Bajos). S\u00ed, ese pa\u00eds que est\u00e1 un tercio bajo el agua. Puede que por eso me apasione el agua \ud83d\ude09. Desde que era peque\u00f1o, mis padres me han hecho viajar a la costa de Holanda. Adoro todos los deportes que tienen que ver [&hellip;]<\/p>\n","protected":false},"author":1,"featured_media":16452,"parent":0,"menu_order":0,"comment_status":"closed","ping_status":"closed","template":"page-templates\/about.php","meta":{"_genesis_hide_title":false,"_genesis_hide_breadcrumbs":false,"_genesis_hide_singular_image":false,"_genesis_hide_footer_widgets":false,"_genesis_custom_body_class":"","_genesis_custom_post_class":"","_genesis_layout":"full-width-content","footnotes":""},"categories":[],"tags":[],"class_list":{"0":"post-16450","1":"page","2":"type-page","3":"status-publish","4":"has-post-thumbnail","6":"entry"},"acf":[],"_links":{"self":[{"href":"https:\/\/standuppaddleboardworld.com\/es\/wp-json\/wp\/v2\/pages\/16450","targetHints":{"allow":["GET"]}}],"collection":[{"href":"https:\/\/standuppaddleboardworld.com\/es\/wp-json\/wp\/v2\/pages"}],"about":[{"href":"https:\/\/standuppaddleboardworld.com\/es\/wp-json\/wp\/v2\/types\/page"}],"author":[{"embeddable":true,"href":"https:\/\/standuppaddleboardworld.com\/es\/wp-json\/wp\/v2\/users\/1"}],"replies":[{"embeddable":true,"href":"https:\/\/standuppaddleboardworld.com\/es\/wp-json\/wp\/v2\/comments?post=16450"}],"version-history":[{"count":0,"href":"https:\/\/standuppaddleboardworld.com\/es\/wp-json\/wp\/v2\/pages\/16450\/revisions"}],"wp:featuredmedia":[{"embeddable":true,"href":"https:\/\/standuppaddleboardworld.com\/es\/wp-json\/wp\/v2\/media\/16452"}],"wp:attachment":[{"href":"https:\/\/standuppaddleboardworld.com\/es\/wp-json\/wp\/v2\/media?parent=16450"}],"wp:term":[{"taxonomy":"category","embeddable":true,"href":"https:\/\/standuppaddleboardworld.com\/es\/wp-json\/wp\/v2\/categories?post=16450"},{"taxonomy":"post_tag","embeddable":true,"href":"https:\/\/standuppaddleboardworld.com\/es\/wp-json\/wp\/v2\/tags?post=16450"}],"curies":[{"name":"wp","href":"https:\/\/api.w.org\/{rel}","templated":true}]}}