{"id":7175,"date":"2020-05-26T11:42:43","date_gmt":"2020-05-26T10:42:43","guid":{"rendered":"https:\/\/standuppaddleboardworld.com\/?page_id=7175"},"modified":"2020-05-26T11:42:45","modified_gmt":"2020-05-26T10:42:45","slug":"offenlegung-von-partnern-affiliates","status":"publish","type":"page","link":"https:\/\/standuppaddleboardworld.com\/de\/offenlegung-von-partnern-affiliates\/","title":{"rendered":"Offenlegung von Partnern (Affiliates)"},"content":{"rendered":"\n<p>Hi, ich bin\u2019s, Tom. Im Sinne von vollst\u00e4ndiger Transparenz und Offenheit m\u00f6chte ich euch mitteilen, dass auf dieser Seite einige Links f\u00fcr Produkte enthalten sind, f\u00fcr die ich eine Kommission erhalte, falls \u00fcber diese ein Produkt von dir gekauft wird.<\/p>\n\n\n\n<p>Mein Ziel mit diesem Blog ist es, Leuten so viel wie m\u00f6glich Informationen zu geben \u00fcber Stand Up Paddle zu geben und meine Leidenschaft mit anderen zu teilen. Da ich aber keine Wohlt\u00e4tigkeitsorganisation bin, m\u00f6chte ich etwas Geld nebenbei damit verdienen, um auch mehr Zeit in dieses Projekt investieren zu k\u00f6nnen.<\/p>\n\n\n\n<p>Da ich bisher kein riesiger Blog bin habe ich momentan nur Partnerschaften mit Amazon, Supboard-99, iRocker und Thurso Surf. Wenn du also ein Produkt von diesen Marken \u00fcber einen Link auf meiner Website kaufst, darfst du annehmen, dass ich daf\u00fcr eine Kommission erhalte.<\/p>\n\n\n\n<p>Es ist aber so, dass ich nur Produkte empfehle und bewerbe, die ich unterst\u00fctze und als qualitativ absolut hochwertig beurteile. Meine Empfehlungen sind nicht parteiisch und die Kompensation wird in keiner Weise beeinflussen, welche Produkte ich euch empfehle.<\/p>\n\n\n\n<p>Wenn du irgendwelche Empfehlungen hast, die noch nicht auf meiner Website bewertet wurden, lass es mich wissen. Ich w\u00fcrde mich freuen, sie zu bewerten und zu meinen Empfehlungen hinzuzuf\u00fcgen.<\/p>\n\n\n\n<p>Stand Up Paddle World ist ein Teilnehmer am Amazon Services LLC Associates Program, ein Werbepartner-Programm, das dazu gedacht ist, Blogs Werbeeinnahmen zu erm\u00f6glichen, indem diese Links und Werbung von Amazon verwenden.<\/p>\n\n\n\n<p><\/p>\n","protected":false},"excerpt":{"rendered":"<p>Hi, ich bin\u2019s, Tom. Im Sinne von vollst\u00e4ndiger Transparenz und Offenheit m\u00f6chte ich euch mitteilen, dass auf dieser Seite einige Links f\u00fcr Produkte enthalten sind, f\u00fcr die ich eine Kommission erhalte, falls \u00fcber diese ein Produkt von dir gekauft wird. Mein Ziel mit diesem Blog ist es, Leuten so viel wie m\u00f6glich Informationen zu geben [&hellip;]<\/p>\n","protected":false},"author":1,"featured_media":5991,"parent":0,"menu_order":0,"comment_status":"closed","ping_status":"closed","template":"page-templates\/reviews.php","meta":{"_genesis_hide_title":false,"_genesis_hide_breadcrumbs":false,"_genesis_hide_singular_image":false,"_genesis_hide_footer_widgets":false,"_genesis_custom_body_class":"","_genesis_custom_post_class":"","_genesis_layout":"","footnotes":""},"categories":[],"tags":[],"class_list":{"0":"post-7175","1":"page","2":"type-page","3":"status-publish","4":"has-post-thumbnail","6":"entry"},"acf":[],"_links":{"self":[{"href":"https:\/\/standuppaddleboardworld.com\/de\/wp-json\/wp\/v2\/pages\/7175","targetHints":{"allow":["GET"]}}],"collection":[{"href":"https:\/\/standuppaddleboardworld.com\/de\/wp-json\/wp\/v2\/pages"}],"about":[{"href":"https:\/\/standuppaddleboardworld.com\/de\/wp-json\/wp\/v2\/types\/page"}],"author":[{"embeddable":true,"href":"https:\/\/standuppaddleboardworld.com\/de\/wp-json\/wp\/v2\/users\/1"}],"replies":[{"embeddable":true,"href":"https:\/\/standuppaddleboardworld.com\/de\/wp-json\/wp\/v2\/comments?post=7175"}],"version-history":[{"count":0,"href":"https:\/\/standuppaddleboardworld.com\/de\/wp-json\/wp\/v2\/pages\/7175\/revisions"}],"wp:featuredmedia":[{"embeddable":true,"href":"https:\/\/standuppaddleboardworld.com\/de\/wp-json\/wp\/v2\/media\/5991"}],"wp:attachment":[{"href":"https:\/\/standuppaddleboardworld.com\/de\/wp-json\/wp\/v2\/media?parent=7175"}],"wp:term":[{"taxonomy":"category","embeddable":true,"href":"https:\/\/standuppaddleboardworld.com\/de\/wp-json\/wp\/v2\/categories?post=7175"},{"taxonomy":"post_tag","embeddable":true,"href":"https:\/\/standuppaddleboardworld.com\/de\/wp-json\/wp\/v2\/tags?post=7175"}],"curies":[{"name":"wp","href":"https:\/\/api.w.org\/{rel}","templated":true}]}}