{"id":422,"date":"2023-07-19T14:15:34","date_gmt":"2023-07-19T13:15:34","guid":{"rendered":"https:\/\/standuppaddleboardworld.com\/?page_id=422"},"modified":"2023-07-19T14:15:37","modified_gmt":"2023-07-19T13:15:37","slug":"ueber-mich","status":"publish","type":"page","link":"https:\/\/standuppaddleboardworld.com\/de\/ueber-mich\/","title":{"rendered":"\u00dcber mich"},"content":{"rendered":"\n<p> <br>Hallo! <\/p>\n\n\n\n<pre class=\"wp-block-preformatted\">Mein Name ist Tom, 30 Jahre alt, ich wohn in den Niederlanden und ich liebe Wasser. Seit ich ein Kind war, haben meine Eltern mir zum K\u00fcste der Niederlande mitgenommen. Ich liebe <strong><em>all<\/em><\/strong>e <strong><em>Sportarten die mit Wasser zu tun haben. <\/em><\/strong> <\/pre>\n\n\n\n<p>Das <strong>Faszinierendste am Paddeln ist f\u00fcr mich die Leichtigkeit, mit meinem Board auszugehen.  <\/strong>Ich mache immer SUP auf einem aufblasbaren Board; das wartet schon in meinem Rucksack. Ich steige auf mein Fahrrad oder nehme das Auto und wenige Augenblicke sp\u00e4ter paddel ich durch den entspanntesten Orten herum. Wunderbar!<\/p>\n\n\n\n<blockquote class=\"wp-block-quote has-text-align-center is-style-large is-layout-flow wp-block-quote-is-layout-flow\"><p> Ich gehe haupts\u00e4chlich paddeln, um mich nach einem Tag harter Arbeit zu entspannen. <\/p><\/blockquote>\n\n\n\n<p> Die Kombination meiner Arbeit hinter dem Computer und meiner Liebe zum Wassersport hat mich dazu gebracht, diese Website zu starten. Auf StandupPaddleboardWorld \u00fcberpr\u00fcfe ich die beliebtesten Stand Up Paddle Boards, die derzeit auf dem Markt erh\u00e4ltlich sind. Ich vergleiche sie mit anderen Modellen und versuche, meine Meinung \u00fcber sie so ehrlich wie m\u00f6glich zu \u00e4u\u00dfern!<\/p>\n\n\n\n<p>Obwohl ich viel Zeit auf meinem PC verbringe, bin ich nicht sehr aktiv auf Social Media. Du kannst mir auf FACEBOOK von INSTAGRAM folgen, aber vergib mir, wenn ich nicht innerhalb einer Tag auf deine Nachricht antworte. \ud83d\ude09<\/p>\n\n\n<p><!--StartFragment--><\/p>\n\n\n<p>Hast du Fragen oder hast du Tipps f\u00fcr meine Website? Bitte sende mir eine E-Mail: <a href=\"mailto:tom@standuppaddleboardworld.com\">tom@standuppaddleboardworld.com<\/a>. Ich w\u00fcrde mich freuen, mit dir in Kontakt zu treten und unsere SUP-Erfahrungen auszutauschen. \ud83d\ude0a <\/p>\n\n\n\n<p>Happy SUPPING! <\/p>\n\n\n\n<p>&#8211; Tom <\/p>\n\n\n\n<h2 class=\"wp-block-heading\"><span class=\"ez-toc-section\" id=\"Wietse\"><\/span>Wietse<span class=\"ez-toc-section-end\"><\/span><\/h2><div id=\"ez-toc-container\" class=\"ez-toc-v2_0_82_2 counter-flat ez-toc-counter ez-toc-custom ez-toc-container-direction\">\n<label for=\"ez-toc-cssicon-toggle-item-69f19c236108c\" class=\"ez-toc-cssicon-toggle-label\"><span class=\"\"><span class=\"eztoc-hide\" style=\"display:none;\">Toggle<\/span><span class=\"ez-toc-icon-toggle-span\"><svg style=\"fill: #1a2b49;color:#1a2b49\" xmlns=\"http:\/\/www.w3.org\/2000\/svg\" class=\"list-377408\" width=\"20px\" height=\"20px\" viewBox=\"0 0 24 24\" fill=\"none\"><path d=\"M6 6H4v2h2V6zm14 0H8v2h12V6zM4 11h2v2H4v-2zm16 0H8v2h12v-2zM4 16h2v2H4v-2zm16 0H8v2h12v-2z\" fill=\"currentColor\"><\/path><\/svg><svg style=\"fill: #1a2b49;color:#1a2b49\" class=\"arrow-unsorted-368013\" xmlns=\"http:\/\/www.w3.org\/2000\/svg\" width=\"10px\" height=\"10px\" viewBox=\"0 0 24 24\" version=\"1.2\" baseProfile=\"tiny\"><path d=\"M18.2 9.3l-6.2-6.3-6.2 6.3c-.2.2-.3.4-.3.7s.1.5.3.7c.2.2.4.3.7.3h11c.3 0 .5-.1.7-.3.2-.2.3-.5.3-.7s-.1-.5-.3-.7zM5.8 14.7l6.2 6.3 6.2-6.3c.2-.2.3-.5.3-.7s-.1-.5-.3-.7c-.2-.2-.4-.3-.7-.3h-11c-.3 0-.5.1-.7.3-.2.2-.3.5-.3.7s.1.5.3.7z\"\/><\/svg><\/span><\/span><\/label><input type=\"checkbox\"  id=\"ez-toc-cssicon-toggle-item-69f19c236108c\"  aria-label=\"Toggle\" \/><nav><ul class='ez-toc-list ez-toc-list-level-1 ' ><li class='ez-toc-page-1'><a class=\"ez-toc-link ez-toc-heading-1\" href=\"https:\/\/standuppaddleboardworld.com\/de\/ueber-mich\/#Wietse\" >Wietse<\/a><\/li><\/ul><\/nav><\/div>\n\n\n\n\n<figure class=\"wp-block-image size-large\"><img loading=\"lazy\" decoding=\"async\" width=\"1024\" height=\"724\" src=\"https:\/\/standuppaddleboardworld.com\/wp-content\/uploads\/2022\/06\/WietseSUPWorld-1-1024x724.jpg\" alt=\"WietseSUPWorld\" class=\"wp-image-53311\" title=\"\" srcset=\"https:\/\/standuppaddleboardworld.com\/wp-content\/uploads\/2022\/06\/WietseSUPWorld-1-1024x724.jpg 1024w, https:\/\/standuppaddleboardworld.com\/wp-content\/uploads\/2022\/06\/WietseSUPWorld-1-300x212.jpg 300w, https:\/\/standuppaddleboardworld.com\/wp-content\/uploads\/2022\/06\/WietseSUPWorld-1-768x543.jpg 768w, https:\/\/standuppaddleboardworld.com\/wp-content\/uploads\/2022\/06\/WietseSUPWorld-1-1536x1086.jpg 1536w, https:\/\/standuppaddleboardworld.com\/wp-content\/uploads\/2022\/06\/WietseSUPWorld-1.jpg 1600w\" sizes=\"auto, (max-width: 1024px) 100vw, 1024px\" \/><\/figure>\n\n\n\n<p>Hallo zusammen,<br><br>Mein Name ist Wietse und ich wohne in Friesland, einer der n\u00f6rdlichen Provinzen der Niederlande, die viele Kan\u00e4le hat und f\u00fcr die Elfstedentocht (Elf-St\u00e4dte-Tour) bekannt ist, eine waghalsige 136 Meilen (220 km) lange Tour entlang elf St\u00e4dten in der ganzen Provinz.<\/p>\n\n\n\n<p>Ich bin 30 Jahre alt und Sportlehrer an einer Grundschule und au\u00dferdem Trainer\/Coach f\u00fcr Eisschnelllauf und Stand Up Paddling (SUP). Ich habe mein eigenes kleines Unternehmen im Bereich SUP, in dem ich mit kleinen Gruppen von maximal 8 Personen arbeite, und daneben mache ich auch pers\u00f6nliches Training. Ich konzentriere mich darauf, welche Technik f\u00fcr jede einzelne Person die beste ist.<br><br>Ich wurde im Grunde auf dem Wasser geboren. Meine Eltern brachten uns das Segeln und Windsurfen bei, und auch im Winter blieben wir mit dem Wasser verbunden, aber diesmal mit gefrorenem Wasser. Ich lernte schon in jungen Jahren Eisschnelllauf und nahm bis 2012 an lokalen Wettbewerben teil.<br><br><\/p>\n\n\n\n<p>2012 begann ich mit Stand Up Paddling und kaufte mir bald mein erstes Board, ein 12&#8242;,6&#8243; x 30 Zoll Touring\/Race Board. Stand Up Paddling ist ein Sport, bei dem man an Wettk\u00e4mpfen teilnehmen kann, und das passte zu mir. Ab 2013 habe ich viel trainiert und jedes Jahr mehrere Wettk\u00e4mpfe in den Niederlanden bestritten.<br>Meine besten Ergebnisse waren der 4. Platz beim SUP NL Zeitfahrrennen in Breda im Jahr 2017 und der Abschluss der SUP 11 City Tour im Jahr 2015 im Rennwettbewerb.<br><br>Ich bin froh, dass ich Stand Up Paddle Boards aus meiner Erfahrung als Wettkampfsportler bewerten kann, aber auch als Lehrer ist es interessant, die Unterschiede und Vorteile bestimmter Boards kennenzulernen, so dass ich dieses Wissen in meinen Trainings- und Coaching-Sitzungen nutzen kann.<\/p>\n\n\n\n<p>Wenn du in den Niederlanden bist, besuche Leeuwarden und buche eine Unterrichtsstunde, um mehr \u00fcber SUP-Techniken zu erfahren. Bis dahin, schau auf meiner Website vorbei <a href=\"http:\/\/www.suptrainingleeuwarden.nl\" target=\"_blank\" rel=\"noreferrer noopener\">www.suptrainingleeuwarden.nl<\/a> .<\/p>\n\n\n\n<p><br>Genie\u00dfe das Wasser, wenn es m\u00f6glich ist!<br><br>Wietse<\/p>\n","protected":false},"excerpt":{"rendered":"<p>Hallo! Mein Name ist Tom, 30 Jahre alt, ich wohn in den Niederlanden und ich liebe Wasser. Seit ich ein Kind war, haben meine Eltern mir zum K\u00fcste der Niederlande mitgenommen. Ich liebe alle Sportarten die mit Wasser zu tun haben. Das Faszinierendste am Paddeln ist f\u00fcr mich die Leichtigkeit, mit meinem Board auszugehen. Ich [&hellip;]<\/p>\n","protected":false},"author":1,"featured_media":1238,"parent":0,"menu_order":0,"comment_status":"closed","ping_status":"closed","template":"page-templates\/about.php","meta":{"_genesis_hide_title":false,"_genesis_hide_breadcrumbs":false,"_genesis_hide_singular_image":false,"_genesis_hide_footer_widgets":false,"_genesis_custom_body_class":"","_genesis_custom_post_class":"","_genesis_layout":"full-width-content","footnotes":""},"categories":[],"tags":[],"class_list":{"0":"post-422","1":"page","2":"type-page","3":"status-publish","4":"has-post-thumbnail","6":"entry"},"acf":[],"_links":{"self":[{"href":"https:\/\/standuppaddleboardworld.com\/de\/wp-json\/wp\/v2\/pages\/422","targetHints":{"allow":["GET"]}}],"collection":[{"href":"https:\/\/standuppaddleboardworld.com\/de\/wp-json\/wp\/v2\/pages"}],"about":[{"href":"https:\/\/standuppaddleboardworld.com\/de\/wp-json\/wp\/v2\/types\/page"}],"author":[{"embeddable":true,"href":"https:\/\/standuppaddleboardworld.com\/de\/wp-json\/wp\/v2\/users\/1"}],"replies":[{"embeddable":true,"href":"https:\/\/standuppaddleboardworld.com\/de\/wp-json\/wp\/v2\/comments?post=422"}],"version-history":[{"count":0,"href":"https:\/\/standuppaddleboardworld.com\/de\/wp-json\/wp\/v2\/pages\/422\/revisions"}],"wp:featuredmedia":[{"embeddable":true,"href":"https:\/\/standuppaddleboardworld.com\/de\/wp-json\/wp\/v2\/media\/1238"}],"wp:attachment":[{"href":"https:\/\/standuppaddleboardworld.com\/de\/wp-json\/wp\/v2\/media?parent=422"}],"wp:term":[{"taxonomy":"category","embeddable":true,"href":"https:\/\/standuppaddleboardworld.com\/de\/wp-json\/wp\/v2\/categories?post=422"},{"taxonomy":"post_tag","embeddable":true,"href":"https:\/\/standuppaddleboardworld.com\/de\/wp-json\/wp\/v2\/tags?post=422"}],"curies":[{"name":"wp","href":"https:\/\/api.w.org\/{rel}","templated":true}]}}