{"id":4201,"date":"2020-03-31T08:25:27","date_gmt":"2020-03-31T07:25:27","guid":{"rendered":"https:\/\/standuppaddleboardworld.com\/?page_id=4201"},"modified":"2022-03-14T19:40:43","modified_gmt":"2022-03-14T18:40:43","slug":"roc-paddle-boards","status":"publish","type":"page","link":"https:\/\/standuppaddleboardworld.com\/de\/roc-paddle-boards\/","title":{"rendered":"ROC Paddle Boards"},"content":{"rendered":"\n<p>ROC Paddle Boards ist eine beliebte aufblasbare Stand Up Paddle Board-Marke aus den Vereinigten Staaten. Sie sind vor allem daf\u00fcr bekannt, dass sie <strong>komplette Pakete von Stand Up Paddle-Boards f\u00fcr Anf\u00e4nger zu einem sehr g\u00fcnstigen Preis anbieten<\/strong>. Ihr Sortiment ist noch nicht so gro\u00df, sie bieten nur ein <strong>9&#8242;-Board<\/strong> und ein <strong>10&#8242;-Board<\/strong> an, die beide in verschiedenen Farben erh\u00e4ltlich sind.<\/p>\n\n\n\n<p>Im Moment hat jedes einzelne Board von ROC was f\u00fcr ein komplettes Paket sehr gut ist. F\u00fcr Anf\u00e4nger ist dies das beste billige Board, das man kaufen kann, wenn man noch versucht herauszufinden, ob man Paddle Boarding mag. Es ist ein hervorragendes Preis-Leistungs-Verh\u00e4ltnis.<\/p>\n\n\n<div class=\"cegg5-container cegg-data_list\"><div class=\"container px-0 mb-5 mt-1 cegg-list\" >\n                    \n<div class=\"cegg-list-card card \">\n\n    \n    <div class=\"row p-2 p-md-3\">\n\n        <div class=\"col-3 col-md-2\">\n\n                            <div class=\"position-relative\">\n\n                                        <div class=\"ratio ratio-1x1 \">\n                        <img class=\"object-fit-scale rounded\" src=\"https:\/\/m.media-amazon.com\/images\/I\/51YBWGPt6mL._SS520_.jpg\" decoding=\"async\" loading=\"lazy\" alt=\"Roc Unisex-Erwachsener aufblasbarer St\u00e4nder Up Paddel Boot mit Premium SUP Zubeh\u00f6r &amp; Rucksack, rutschfeste Deck, wasserdichte Tasche, Leine, Paddel und Handpumpe (Solar)\" title=\"\">                    <\/div>\n                <\/div>\n\n            \n        <\/div>\n        <div class=\"col-9 col-md-7 align-self-center\">\n            <div class=\"cegg-list-card-body\">\n\n                \n                                    <div class=\"card-title fs-6 fw-normal cegg-text-truncate-2\">Roc Unisex-Erwachsener aufblasbarer St\u00e4nder Up Paddel Boot mit Premium SUP Zubeh\u00f6r &amp; Rucksack, rutschfeste Deck, wasserdichte Tasche, Leine, Paddel und...<\/div>                \n                \n                \n                \n                            <\/div>\n        <\/div>\n\n        <div class=\"col-9 col-md-3 offset-3 offset-md-0 pe-3 text-center\">\n\n                            <div class=\"cegg-card-price lh-1 mt-1 \">\n\n                    <div class=\"hstack justify-content-md-center gap-2\">\n                                                <div class=\"cegg-price fs-5 lh-1 mb-0\">\n                            &euro;537.74                        <\/div>\n                    <\/div>\n                    <div class=\"hstack justify-content-md-center gap-2\">\n\n                        \n                        \n                    <\/div>\n\n                <\/div>\n            \n                            <div class=\"cegg-card-button pt-3\">\n                    <div class=\"d-grid\"><a rel=\"nofollow noopener\" target=\"_blank\" href=\"https:\/\/www.amazon.de\/dp\/B07NY2WD3R?tag=paddleboar061-21&amp;linkCode=ogi&amp;th=1&amp;psc=1\" class=\"stretched-link btn btn-outline-primary\">Click for best price<\/a><\/div>\n                <\/div>\n            \n                            <div class=\"cegg-merchant small fs-6 text-body-secondary text-truncate\">\n                    <small>Amazon.de<\/small>\n                <\/div>\n            \n                    <\/div>\n    <\/div>\n<\/div>    \n    \n    <div class=\"row g-2 fst-italic text-body-secondary mt-2 lh-1\">\n                    <div class=\"col text-md-end order-md-2 cegg-price-disclaimer\">\n                <small>Amazon price updated: <span class=\"text-nowrap\">17\/04\/2026 20:54<a href=\"#\" class=\"ms-1 text-decoration-none text-body-secondary\" title=\"Product prices and availability are accurate as of the date\/time indicated and are subject to change. Any price and availability information displayed on Amazon at the time of purchase will apply to the purchase of this product. As an Amazon associate I earn from qualifying purchases.\" onclick=\"event.preventDefault(); alert(this.title);\"><svg xmlns=\"http:\/\/www.w3.org\/2000\/svg\" width=\"16\" height=\"16\" fill=\"currentColor\" class=\"bi bi-info-circle\" viewBox=\"0 0 16 16\"><path d=\"M8 15A7 7 0 1 1 8 1a7 7 0 0 1 0 14m0 1A8 8 0 1 0 8 0a8 8 0 0 0 0 16\"\/><path d=\"m8.93 6.588-2.29.287-.082.38.45.083c.294.07.352.176.288.469l-.738 3.468c-.194.897.105 1.319.808 1.319.545 0 1.178-.252 1.465-.598l.088-.416c-.2.176-.492.246-.686.246-.275 0-.375-.193-.304-.533zM9 4.5a1 1 0 1 1-2 0 1 1 0 0 1 2 0\"\/><\/svg><\/a><\/span><\/small>\n            <\/div>\n                    <\/div>\n<\/div><\/div>\n\n\n\n<p><\/p>\n\n\n\n<div class=\"wp-block-group position-relative block-referral\"><div class=\"wp-block-group__inner-container is-layout-flow wp-block-group-is-layout-flow\">\n<div class=\"wp-block-group block-referral_content bg-dblue\"><div class=\"wp-block-group__inner-container is-layout-flow wp-block-group-is-layout-flow\">\n<p class=\"text-white\"><strong><strong>Nachdem ich die Boards von Goosehill getestet habe, w\u00fcrde ich diese Paddelbretter dem ROC vorziehen<\/strong><\/strong><\/p>\n\n\n\n<div class=\"wp-block-buttons is-layout-flex wp-block-buttons-is-layout-flex\">\n<div class=\"wp-block-button\"><a class=\"wp-block-button__link\" href=\"https:\/\/standuppaddleboardworld.com\/de\/goosehill-sup\/\"><strong>Lesen Sie die Bewertung der Goosehill-Boards<\/strong><\/a><\/div>\n<\/div>\n<\/div><\/div>\n\n\n\n<figure class=\"wp-block-image size-large\"><img loading=\"lazy\" decoding=\"async\" width=\"1024\" height=\"768\" src=\"https:\/\/standuppaddleboardworld.com\/wp-content\/uploads\/2021\/06\/Goosehill-Paddle-Board-Tom-1024x768.jpg\" alt=\"Goosehill-Paddle-Board-Tom\" class=\"wp-image-37898\" title=\"\" srcset=\"https:\/\/standuppaddleboardworld.com\/wp-content\/uploads\/2021\/06\/Goosehill-Paddle-Board-Tom-1024x768.jpg 1024w, https:\/\/standuppaddleboardworld.com\/wp-content\/uploads\/2021\/06\/Goosehill-Paddle-Board-Tom-300x225.jpg 300w, https:\/\/standuppaddleboardworld.com\/wp-content\/uploads\/2021\/06\/Goosehill-Paddle-Board-Tom-768x576.jpg 768w, https:\/\/standuppaddleboardworld.com\/wp-content\/uploads\/2021\/06\/Goosehill-Paddle-Board-Tom-702x526.jpg 702w, https:\/\/standuppaddleboardworld.com\/wp-content\/uploads\/2021\/06\/Goosehill-Paddle-Board-Tom.jpg 1200w\" sizes=\"auto, (max-width: 1024px) 100vw, 1024px\" \/><\/figure>\n<\/div><\/div>\n","protected":false},"excerpt":{"rendered":"<p>ROC Paddle Boards ist eine beliebte aufblasbare Stand Up Paddle Board-Marke aus den Vereinigten Staaten. Sie sind vor allem daf\u00fcr bekannt, dass sie komplette Pakete von Stand Up Paddle-Boards f\u00fcr Anf\u00e4nger zu einem sehr g\u00fcnstigen Preis anbieten. Ihr Sortiment ist noch nicht so gro\u00df, sie bieten nur ein 9&#8242;-Board und ein 10&#8242;-Board an, die beide [&hellip;]<\/p>\n","protected":false},"author":1,"featured_media":3811,"parent":0,"menu_order":0,"comment_status":"closed","ping_status":"closed","template":"page-templates\/reviews.php","meta":{"_genesis_hide_title":false,"_genesis_hide_breadcrumbs":false,"_genesis_hide_singular_image":false,"_genesis_hide_footer_widgets":false,"_genesis_custom_body_class":"","_genesis_custom_post_class":"","_genesis_layout":"","footnotes":""},"categories":[],"tags":[],"class_list":{"0":"post-4201","1":"page","2":"type-page","3":"status-publish","4":"has-post-thumbnail","6":"entry"},"acf":[],"_links":{"self":[{"href":"https:\/\/standuppaddleboardworld.com\/de\/wp-json\/wp\/v2\/pages\/4201","targetHints":{"allow":["GET"]}}],"collection":[{"href":"https:\/\/standuppaddleboardworld.com\/de\/wp-json\/wp\/v2\/pages"}],"about":[{"href":"https:\/\/standuppaddleboardworld.com\/de\/wp-json\/wp\/v2\/types\/page"}],"author":[{"embeddable":true,"href":"https:\/\/standuppaddleboardworld.com\/de\/wp-json\/wp\/v2\/users\/1"}],"replies":[{"embeddable":true,"href":"https:\/\/standuppaddleboardworld.com\/de\/wp-json\/wp\/v2\/comments?post=4201"}],"version-history":[{"count":0,"href":"https:\/\/standuppaddleboardworld.com\/de\/wp-json\/wp\/v2\/pages\/4201\/revisions"}],"wp:featuredmedia":[{"embeddable":true,"href":"https:\/\/standuppaddleboardworld.com\/de\/wp-json\/wp\/v2\/media\/3811"}],"wp:attachment":[{"href":"https:\/\/standuppaddleboardworld.com\/de\/wp-json\/wp\/v2\/media?parent=4201"}],"wp:term":[{"taxonomy":"category","embeddable":true,"href":"https:\/\/standuppaddleboardworld.com\/de\/wp-json\/wp\/v2\/categories?post=4201"},{"taxonomy":"post_tag","embeddable":true,"href":"https:\/\/standuppaddleboardworld.com\/de\/wp-json\/wp\/v2\/tags?post=4201"}],"curies":[{"name":"wp","href":"https:\/\/api.w.org\/{rel}","templated":true}]}}