{"id":2719,"date":"2020-02-14T14:13:11","date_gmt":"2020-02-14T14:13:11","guid":{"rendered":"https:\/\/standuppaddleboardworld.com\/?page_id=2719"},"modified":"2021-05-17T13:50:56","modified_gmt":"2021-05-17T12:50:56","slug":"tower-paddle-boards","status":"publish","type":"page","link":"https:\/\/standuppaddleboardworld.com\/de\/tower-paddle-boards\/","title":{"rendered":"Tower Paddle Boards"},"content":{"rendered":"\n<p>Tower Paddle Boards ist eine sehr bekannte Stand Up Paddle Board-Marke, vor allem in den Vereinigten Staaten. Dies geschah haupts\u00e4chlich, weil die Marke in der Fernsehshow Shark Tank gezeigt wurde und die Marke von dem bekannten Investor Mark Cuban unterst\u00fctzt wurde.<br><br>Danach schnellte der Bekanntheitsgrad der Marke in die H\u00f6he und stieg von 100.000 Dollar auf \u00fcber 30 Millionen Dollar, was sie zwischen 2013 und 2016 zu einem der am schnellsten wachsenden Unternehmen machte.<\/p>\n\n\n\n<figure class=\"wp-block-image size-large\"><img loading=\"lazy\" decoding=\"async\" width=\"1024\" height=\"577\" src=\"https:\/\/standuppaddleboardworld.com\/wp-content\/uploads\/2020\/02\/tower-shark-tank-1024x577.jpg\" alt=\"Tower Paddle Boards Shark Tank\" class=\"wp-image-2294\" title=\"\" srcset=\"https:\/\/standuppaddleboardworld.com\/wp-content\/uploads\/2020\/02\/tower-shark-tank-1024x577.jpg 1024w, https:\/\/standuppaddleboardworld.com\/wp-content\/uploads\/2020\/02\/tower-shark-tank-300x169.jpg 300w, https:\/\/standuppaddleboardworld.com\/wp-content\/uploads\/2020\/02\/tower-shark-tank-768x433.jpg 768w, https:\/\/standuppaddleboardworld.com\/wp-content\/uploads\/2020\/02\/tower-shark-tank.jpg 1200w\" sizes=\"auto, (max-width: 1024px) 100vw, 1024px\" \/><\/figure>\n\n\n\n<p>Tower Paddle Boards begannen mit dem Verkauf von hochwertigen Paddelboards zu niedrigen Preisen, aber mit ihrer Popularit\u00e4t ist auch der Preis f\u00fcr diese Boards gestiegen. Im Moment kostet das billigste Board, das Adventurer 1, fast $600 nur f\u00fcr das Board.<br><br>Inklusive einer Pumpe und einem Paddel kostet dieses Board etwas mehr als 716 Dollar, was Tower Paddle Boards zu einer Marke im mittleren Preissegment macht.<br><br>Insgesamt bietet die Marke ab Februar 2020 7 Bretter an, von denen 5 aufblasbar und 2 h\u00f6lzerne Stand Up Paddle Boards sind.<\/p>\n\n\n\n<h2 class=\"wp-block-heading\"><span class=\"ez-toc-section\" id=\"Tower_Paddle_Boards_2020_Kollektion\"><\/span><strong>Tower Paddle Boards 2020 Kollektion<\/strong><span class=\"ez-toc-section-end\"><\/span><\/h2><div id=\"ez-toc-container\" class=\"ez-toc-v2_0_82_2 counter-flat ez-toc-counter ez-toc-custom ez-toc-container-direction\">\n<label for=\"ez-toc-cssicon-toggle-item-69e87a9bc62dc\" class=\"ez-toc-cssicon-toggle-label\"><span class=\"\"><span class=\"eztoc-hide\" style=\"display:none;\">Toggle<\/span><span class=\"ez-toc-icon-toggle-span\"><svg style=\"fill: #1a2b49;color:#1a2b49\" xmlns=\"http:\/\/www.w3.org\/2000\/svg\" class=\"list-377408\" width=\"20px\" height=\"20px\" viewBox=\"0 0 24 24\" fill=\"none\"><path d=\"M6 6H4v2h2V6zm14 0H8v2h12V6zM4 11h2v2H4v-2zm16 0H8v2h12v-2zM4 16h2v2H4v-2zm16 0H8v2h12v-2z\" fill=\"currentColor\"><\/path><\/svg><svg style=\"fill: #1a2b49;color:#1a2b49\" class=\"arrow-unsorted-368013\" xmlns=\"http:\/\/www.w3.org\/2000\/svg\" width=\"10px\" height=\"10px\" viewBox=\"0 0 24 24\" version=\"1.2\" baseProfile=\"tiny\"><path d=\"M18.2 9.3l-6.2-6.3-6.2 6.3c-.2.2-.3.4-.3.7s.1.5.3.7c.2.2.4.3.7.3h11c.3 0 .5-.1.7-.3.2-.2.3-.5.3-.7s-.1-.5-.3-.7zM5.8 14.7l6.2 6.3 6.2-6.3c.2-.2.3-.5.3-.7s-.1-.5-.3-.7c-.2-.2-.4-.3-.7-.3h-11c-.3 0-.5.1-.7.3-.2.2-.3.5-.3.7s.1.5.3.7z\"\/><\/svg><\/span><\/span><\/label><input type=\"checkbox\"  id=\"ez-toc-cssicon-toggle-item-69e87a9bc62dc\"  aria-label=\"Toggle\" \/><nav><ul class='ez-toc-list ez-toc-list-level-1 ' ><li class='ez-toc-page-1'><a class=\"ez-toc-link ez-toc-heading-1\" href=\"https:\/\/standuppaddleboardworld.com\/de\/tower-paddle-boards\/#Tower_Paddle_Boards_2020_Kollektion\" >Tower Paddle Boards 2020 Kollektion<\/a><\/li><\/ul><\/nav><\/div>\n\n\n\n\n<ol class=\"wp-block-list\"><li>9&#8217;10&#8220; Adventurer<\/li><li>10&#8217;4&#8243; Adventurer 2<\/li><li>10&#8217;4&#8243; Mermaid<\/li><li>12&#8217;6&#8243; Red iRace<\/li><li>14&#8242; Explorer<\/li><li>9&#8217;10&#8220; Wood Classic<\/li><li>11&#8217;5&#8243; Wood Classic<\/li><\/ol>\n\n\n\n<div class=\"wp-block-buttons is-content-justification-center is-layout-flex wp-block-buttons-is-layout-flex\">\n<div class=\"wp-block-button\"><a class=\"wp-block-button__link\" href=\"https:\/\/standuppaddleboardworld.com\/de\/tower-paddle-boards\/tower-adventurer\/\">Lies meinen vollst\u00e4ndigen Tower Adventurer Testbericht hier<\/a><\/div>\n<\/div>\n","protected":false},"excerpt":{"rendered":"<p>Tower Paddle Boards ist eine sehr bekannte Stand Up Paddle Board-Marke, vor allem in den Vereinigten Staaten. Dies geschah haupts\u00e4chlich, weil die Marke in der Fernsehshow Shark Tank gezeigt wurde und die Marke von dem bekannten Investor Mark Cuban unterst\u00fctzt wurde. Danach schnellte der Bekanntheitsgrad der Marke in die H\u00f6he und stieg von 100.000 Dollar [&hellip;]<\/p>\n","protected":false},"author":1,"featured_media":2308,"parent":0,"menu_order":0,"comment_status":"closed","ping_status":"closed","template":"page-templates\/reviews.php","meta":{"_genesis_hide_title":false,"_genesis_hide_breadcrumbs":false,"_genesis_hide_singular_image":false,"_genesis_hide_footer_widgets":false,"_genesis_custom_body_class":"","_genesis_custom_post_class":"","_genesis_layout":"","footnotes":""},"categories":[],"tags":[],"class_list":{"0":"post-2719","1":"page","2":"type-page","3":"status-publish","4":"has-post-thumbnail","6":"entry"},"acf":[],"_links":{"self":[{"href":"https:\/\/standuppaddleboardworld.com\/de\/wp-json\/wp\/v2\/pages\/2719","targetHints":{"allow":["GET"]}}],"collection":[{"href":"https:\/\/standuppaddleboardworld.com\/de\/wp-json\/wp\/v2\/pages"}],"about":[{"href":"https:\/\/standuppaddleboardworld.com\/de\/wp-json\/wp\/v2\/types\/page"}],"author":[{"embeddable":true,"href":"https:\/\/standuppaddleboardworld.com\/de\/wp-json\/wp\/v2\/users\/1"}],"replies":[{"embeddable":true,"href":"https:\/\/standuppaddleboardworld.com\/de\/wp-json\/wp\/v2\/comments?post=2719"}],"version-history":[{"count":0,"href":"https:\/\/standuppaddleboardworld.com\/de\/wp-json\/wp\/v2\/pages\/2719\/revisions"}],"wp:featuredmedia":[{"embeddable":true,"href":"https:\/\/standuppaddleboardworld.com\/de\/wp-json\/wp\/v2\/media\/2308"}],"wp:attachment":[{"href":"https:\/\/standuppaddleboardworld.com\/de\/wp-json\/wp\/v2\/media?parent=2719"}],"wp:term":[{"taxonomy":"category","embeddable":true,"href":"https:\/\/standuppaddleboardworld.com\/de\/wp-json\/wp\/v2\/categories?post=2719"},{"taxonomy":"post_tag","embeddable":true,"href":"https:\/\/standuppaddleboardworld.com\/de\/wp-json\/wp\/v2\/tags?post=2719"}],"curies":[{"name":"wp","href":"https:\/\/api.w.org\/{rel}","templated":true}]}}