{"id":2712,"date":"2023-07-19T14:43:28","date_gmt":"2023-07-19T13:43:28","guid":{"rendered":"https:\/\/standuppaddleboardworld.com\/?page_id=2712"},"modified":"2023-07-19T14:43:32","modified_gmt":"2023-07-19T13:43:32","slug":"restube-your-new-number-1-life-saver-on-the-water","status":"publish","type":"page","link":"https:\/\/standuppaddleboardworld.com\/de\/paddle-board-zubehoer\/restube-your-new-number-1-life-saver-on-the-water\/","title":{"rendered":"Restube: dein neuer Lebensretter Nummer 1 auf dem Wasser!"},"content":{"rendered":"\n<p class=\"block-highlight-filled\">Wie ich in meinem Bericht schon oft gesagt habe, ist <strong>Sicherheit das Wichtigste, wenn man auf dem Wasser unterwegs ist.<\/strong><br><br>Der Restube ist ein Accessoire, das du an deine Schwimmbekleidung anklipsen kannst und das du super einfach und leicht mit dir tragen kannst.<br><br>Zieh einfach an der Schnur und der Restube bl\u00e4st sich im Handumdrehen auf. So kommst du immer an die Oberfl\u00e4che und kannst dich darauf verlassen, dass er \u00fcber Wasser bleibt.<\/p>\n\n\n\n<figure class=\"wp-block-embed is-type-video is-provider-youtube wp-block-embed-youtube wp-embed-aspect-16-9 wp-has-aspect-ratio\"><div class=\"wp-block-embed__wrapper\">\nhttps:\/\/www.youtube.com\/watch?v=dswgPWfcihs\n<\/div><\/figure>\n\n\n\n<h3 class=\"wp-block-heading\"><span class=\"ez-toc-section\" id=\"Paddle_Board_Sicherheit_mit_Restube\"><\/span>Paddle Board Sicherheit mit Restube<span class=\"ez-toc-section-end\"><\/span><\/h3><div id=\"ez-toc-container\" class=\"ez-toc-v2_0_82_2 counter-flat ez-toc-counter ez-toc-custom ez-toc-container-direction\">\n<label for=\"ez-toc-cssicon-toggle-item-69f465b3f0f50\" class=\"ez-toc-cssicon-toggle-label\"><span class=\"\"><span class=\"eztoc-hide\" style=\"display:none;\">Toggle<\/span><span class=\"ez-toc-icon-toggle-span\"><svg style=\"fill: #1a2b49;color:#1a2b49\" xmlns=\"http:\/\/www.w3.org\/2000\/svg\" class=\"list-377408\" width=\"20px\" height=\"20px\" viewBox=\"0 0 24 24\" fill=\"none\"><path d=\"M6 6H4v2h2V6zm14 0H8v2h12V6zM4 11h2v2H4v-2zm16 0H8v2h12v-2zM4 16h2v2H4v-2zm16 0H8v2h12v-2z\" fill=\"currentColor\"><\/path><\/svg><svg style=\"fill: #1a2b49;color:#1a2b49\" class=\"arrow-unsorted-368013\" xmlns=\"http:\/\/www.w3.org\/2000\/svg\" width=\"10px\" height=\"10px\" viewBox=\"0 0 24 24\" version=\"1.2\" baseProfile=\"tiny\"><path d=\"M18.2 9.3l-6.2-6.3-6.2 6.3c-.2.2-.3.4-.3.7s.1.5.3.7c.2.2.4.3.7.3h11c.3 0 .5-.1.7-.3.2-.2.3-.5.3-.7s-.1-.5-.3-.7zM5.8 14.7l6.2 6.3 6.2-6.3c.2-.2.3-.5.3-.7s-.1-.5-.3-.7c-.2-.2-.4-.3-.7-.3h-11c-.3 0-.5.1-.7.3-.2.2-.3.5-.3.7s.1.5.3.7z\"\/><\/svg><\/span><\/span><\/label><input type=\"checkbox\"  id=\"ez-toc-cssicon-toggle-item-69f465b3f0f50\"  aria-label=\"Toggle\" \/><nav><ul class='ez-toc-list ez-toc-list-level-1 ' ><li class='ez-toc-page-1'><a class=\"ez-toc-link ez-toc-heading-1\" href=\"https:\/\/standuppaddleboardworld.com\/de\/paddle-board-zubehoer\/restube-your-new-number-1-life-saver-on-the-water\/#Paddle_Board_Sicherheit_mit_Restube\" >Paddle Board Sicherheit mit Restube<\/a><\/li><li class='ez-toc-page-1'><a class=\"ez-toc-link ez-toc-heading-2\" href=\"https:\/\/standuppaddleboardworld.com\/de\/paddle-board-zubehoer\/restube-your-new-number-1-life-saver-on-the-water\/#Restube_Produkte\" >Restube Produkte<\/a><\/li><li class='ez-toc-page-1'><a class=\"ez-toc-link ez-toc-heading-3\" href=\"https:\/\/standuppaddleboardworld.com\/de\/paddle-board-zubehoer\/restube-your-new-number-1-life-saver-on-the-water\/#Restube_Basic\" >Restube Basic<\/a><\/li><li class='ez-toc-page-1'><a class=\"ez-toc-link ez-toc-heading-4\" href=\"https:\/\/standuppaddleboardworld.com\/de\/paddle-board-zubehoer\/restube-your-new-number-1-life-saver-on-the-water\/#Restube_Classic\" >Restube Classic<\/a><\/li><li class='ez-toc-page-1'><a class=\"ez-toc-link ez-toc-heading-5\" href=\"https:\/\/standuppaddleboardworld.com\/de\/paddle-board-zubehoer\/restube-your-new-number-1-life-saver-on-the-water\/#Restube_Sports\" >Restube Sports<\/a><\/li><li class='ez-toc-page-1'><a class=\"ez-toc-link ez-toc-heading-6\" href=\"https:\/\/standuppaddleboardworld.com\/de\/paddle-board-zubehoer\/restube-your-new-number-1-life-saver-on-the-water\/#Restube_Swim\" >Restube Swim<\/a><\/li><\/ul><\/nav><\/div>\n\n\n\n\n<p>An die Sicherheit von Paddelbrettern denkt vielleicht nicht jeder Paddler als erstes. Die Leute denken oft:&#8220;<em>Was kann schon passieren, wenn ich leise auf dem Wasser herumpaddle?&#8220;<\/em><br><br>Aber wenn man das <strong>Gleichgewicht verliert<\/strong>, z. B. wegen einer Welle oder weil man von einem dicht vorbeifliegenden Vogel erschreckt wird (die machen mir Angst!), kann man <strong>unerwartet ins Wasser fallen<\/strong> und so <strong>verwirrt sein<\/strong>, dass man sich nicht mehr auf und ab bewegen kann.<br><br>Wenn man in einer starken Str\u00f6mung stecken bleibt, die viel st\u00e4rker ist, wenn man tiefer unter Wasser ger\u00e4t, ist es schwieriger, wieder nach oben zu kommen. Der Restube ist in dieser Situation ideal und ein echter Lebensretter.<\/p>\n\n\n\n<p>Dieses handliche Ger\u00e4t eignet sich <strong>nicht nur zum Stand Up Paddle Boarding<\/strong>, sondern auch zum Schwimmen, Triathlon, Surfen, Kitesurfen, also <strong>f\u00fcr alle Sportarten, die mit Wasser zu tun haben!<\/strong><\/p>\n\n\n\n<p>Es gibt <strong>verschiedene Arten von Restube<\/strong>, je nachdem, welchen Sport du aus\u00fcbst. Schwimmer und L\u00e4ufer erhalten kompaktere Modelle, weil sie die <strong>zus\u00e4tzliche Aerodynamik<\/strong> f\u00fcr die Geschwindigkeit ben\u00f6tigen, w\u00e4hrend rauere Sportarten wie Kitesurfen eine <strong>zus\u00e4tzliche Sicherheitsschiene<\/strong> erhalten, damit sich der Restube nicht versehentlich \u00f6ffnet, w\u00e4hrend sie den Sport aus\u00fcben.<\/p>\n\n\n\n<figure class=\"wp-block-image size-large\"><img loading=\"lazy\" decoding=\"async\" width=\"1024\" height=\"675\" src=\"https:\/\/standuppaddleboardworld.com\/wp-content\/uploads\/2020\/02\/Restube-Overview-1-1024x675.jpg\" alt=\"restube overview\" class=\"wp-image-2619\" title=\"\" srcset=\"https:\/\/standuppaddleboardworld.com\/wp-content\/uploads\/2020\/02\/Restube-Overview-1-1024x675.jpg 1024w, https:\/\/standuppaddleboardworld.com\/wp-content\/uploads\/2020\/02\/Restube-Overview-1-300x198.jpg 300w, https:\/\/standuppaddleboardworld.com\/wp-content\/uploads\/2020\/02\/Restube-Overview-1-768x506.jpg 768w, https:\/\/standuppaddleboardworld.com\/wp-content\/uploads\/2020\/02\/Restube-Overview-1.jpg 1200w\" sizes=\"auto, (max-width: 1024px) 100vw, 1024px\" \/><\/figure>\n\n\n\n<h2 class=\"wp-block-heading\"><span class=\"ez-toc-section\" id=\"Restube_Produkte\"><\/span>Restube Produkte<span class=\"ez-toc-section-end\"><\/span><\/h2>\n\n\n\n<div class=\"wp-block-group\"><div class=\"wp-block-group__inner-container is-layout-flow wp-block-group-is-layout-flow\">\n<div class=\"wp-block-columns block-border is-layout-flex wp-container-core-columns-is-layout-9d6595d7 wp-block-columns-is-layout-flex\">\n<div class=\"wp-block-column is-layout-flow wp-block-column-is-layout-flow\" style=\"flex-basis:33.33%\">\n<div style=\"height:67px\" aria-hidden=\"true\" class=\"wp-block-spacer\"><\/div>\n\n\n\n<figure class=\"wp-block-image size-large\"><img loading=\"lazy\" decoding=\"async\" width=\"1000\" height=\"1000\" src=\"https:\/\/standuppaddleboardworld.com\/wp-content\/uploads\/2020\/02\/restube-basic-2.jpg\" alt=\"\" class=\"wp-image-2577\" title=\"\" srcset=\"https:\/\/standuppaddleboardworld.com\/wp-content\/uploads\/2020\/02\/restube-basic-2.jpg 1000w, https:\/\/standuppaddleboardworld.com\/wp-content\/uploads\/2020\/02\/restube-basic-2-300x300.jpg 300w, https:\/\/standuppaddleboardworld.com\/wp-content\/uploads\/2020\/02\/restube-basic-2-150x150.jpg 150w, https:\/\/standuppaddleboardworld.com\/wp-content\/uploads\/2020\/02\/restube-basic-2-768x768.jpg 768w, https:\/\/standuppaddleboardworld.com\/wp-content\/uploads\/2020\/02\/restube-basic-2-75x75.jpg 75w\" sizes=\"auto, (max-width: 1000px) 100vw, 1000px\" \/><\/figure>\n\n\n\n<p><strong>Material: <\/strong> Nylon \/ TPU <br><strong>Gewicht:<\/strong>  240 g<br><strong>Gr\u00f6\u00dfe<\/strong>:  14 \u00d7 6 \u00d7 5 cm <\/p>\n<\/div>\n\n\n\n<div class=\"wp-block-column is-layout-flow wp-block-column-is-layout-flow\" style=\"flex-basis:66.66%\">\n<h4 class=\"wp-block-heading\" id=\"aqua-marina-breeze\"><span class=\"ez-toc-section\" id=\"Restube_Basic\"><\/span>Restube Basic<span class=\"ez-toc-section-end\"><\/span><\/h4>\n\n\n\n<p>[amazon fields=&#8220; B00XW86XJE&#8220; value=&#8220;star_rating&#8220;]   [amazon fields=&#8220;B00XW86XJE&#8220; value=&#8220;reviews&#8220;]<\/p>\n\n\n\n<p>Die Restube Basic ist die g\u00fcnstigste Version der Restube f\u00fcr deine grundlegenden Sicherheitsbed\u00fcrfnisse.<br><br>Er wird um die H\u00fcften getragen und l\u00e4sst sich durch Ziehen an der Schnur schnell und einfach entleeren.<br><br>Die Basisvariante ohne jeglichen Schnickschnack.<\/p>\n\n\n\n<div class=\"wp-block-button is-style-fill\"><a class=\"wp-block-button__link\" href=\"https:\/\/geni.us\/restube-basic\" target=\"_blank\" rel=\"noreferrer noopener\">Aktuellen Preis pr\u00fcfen<\/a><\/div>\n\n\n\n<div class=\"wp-block-columns is-layout-flex wp-container-core-columns-is-layout-9d6595d7 wp-block-columns-is-layout-flex\">\n<div class=\"wp-block-column is-layout-flow wp-block-column-is-layout-flow\"><\/div>\n\n\n\n<div class=\"wp-block-column is-layout-flow wp-block-column-is-layout-flow\"><\/div>\n<\/div>\n<\/div>\n<\/div>\n<\/div><\/div>\n\n\n\n<div class=\"wp-block-group\"><div class=\"wp-block-group__inner-container is-layout-flow wp-block-group-is-layout-flow\">\n<div class=\"wp-block-columns block-border is-layout-flex wp-container-core-columns-is-layout-9d6595d7 wp-block-columns-is-layout-flex\">\n<div class=\"wp-block-column is-layout-flow wp-block-column-is-layout-flow\" style=\"flex-basis:33.33%\">\n<div style=\"height:67px\" aria-hidden=\"true\" class=\"wp-block-spacer\"><\/div>\n\n\n\n<figure class=\"wp-block-image size-large\"><img loading=\"lazy\" decoding=\"async\" width=\"1000\" height=\"1000\" src=\"https:\/\/standuppaddleboardworld.com\/wp-content\/uploads\/2020\/02\/restube-classic-seablue.jpg\" alt=\"\" class=\"wp-image-2580\" title=\"\" srcset=\"https:\/\/standuppaddleboardworld.com\/wp-content\/uploads\/2020\/02\/restube-classic-seablue.jpg 1000w, https:\/\/standuppaddleboardworld.com\/wp-content\/uploads\/2020\/02\/restube-classic-seablue-300x300.jpg 300w, https:\/\/standuppaddleboardworld.com\/wp-content\/uploads\/2020\/02\/restube-classic-seablue-150x150.jpg 150w, https:\/\/standuppaddleboardworld.com\/wp-content\/uploads\/2020\/02\/restube-classic-seablue-768x768.jpg 768w, https:\/\/standuppaddleboardworld.com\/wp-content\/uploads\/2020\/02\/restube-classic-seablue-75x75.jpg 75w\" sizes=\"auto, (max-width: 1000px) 100vw, 1000px\" \/><\/figure>\n\n\n\n<p><strong>Material: <\/strong> Nylon \/ TPU <br><strong>Gewicht<\/strong>  260 g<br><strong>Gr\u00f6\u00dfe<\/strong>:  14 \u00d7 6 \u00d7 5 cm  <\/p>\n<\/div>\n\n\n\n<div class=\"wp-block-column is-layout-flow wp-block-column-is-layout-flow\" style=\"flex-basis:66.66%\">\n<h4 class=\"wp-block-heading\" id=\"aqua-marina-vapor\"><span class=\"ez-toc-section\" id=\"Restube_Classic\"><\/span>Restube Classic<span class=\"ez-toc-section-end\"><\/span><\/h4>\n\n\n\n<p>[amazon fields=&#8220;B00IZJK620&#8243; value=&#8220;star_rating&#8220;]   [amazon fields=&#8220;B00IZJK620&#8243; value=&#8220;reviews&#8220;]<\/p>\n\n\n\n<p>Die Restube Classic hat eine kleine Liege integriert und auch eine Trillerpfeife, so dass man bei Bedarf immer Hilfe rufen kann.<br><br>Genau wie der Restube Basic kann er um die H\u00fcfte getragen werden und bl\u00e4st sich im Notfall schnell auf.<br><br>Im Gegensatz zur Restube Basic kann die Classic sowohl horizontal als auch vertikal ausgerichtet werden.<\/p>\n\n\n\n<div class=\"wp-block-button is-style-fill\"><a class=\"wp-block-button__link\" href=\"https:\/\/geni.us\/restube-classic\" target=\"_blank\" rel=\"noreferrer noopener\">Aktuellen Preis pr\u00fcfen<\/a><\/div>\n\n\n\n<div class=\"wp-block-columns is-layout-flex wp-container-core-columns-is-layout-9d6595d7 wp-block-columns-is-layout-flex\">\n<div class=\"wp-block-column is-layout-flow wp-block-column-is-layout-flow\"><\/div>\n\n\n\n<div class=\"wp-block-column is-layout-flow wp-block-column-is-layout-flow\"><\/div>\n<\/div>\n<\/div>\n<\/div>\n<\/div><\/div>\n\n\n\n<div class=\"wp-block-group\"><div class=\"wp-block-group__inner-container is-layout-flow wp-block-group-is-layout-flow\">\n<div class=\"wp-block-columns block-border is-layout-flex wp-container-core-columns-is-layout-9d6595d7 wp-block-columns-is-layout-flex\">\n<div class=\"wp-block-column is-layout-flow wp-block-column-is-layout-flow\" style=\"flex-basis:33.33%\">\n<div style=\"height:67px\" aria-hidden=\"true\" class=\"wp-block-spacer\"><\/div>\n\n\n\n<figure class=\"wp-block-image size-large\"><img loading=\"lazy\" decoding=\"async\" width=\"1000\" height=\"1000\" src=\"https:\/\/standuppaddleboardworld.com\/wp-content\/uploads\/2020\/02\/restube-sports-azure-blue.jpg\" alt=\"\" class=\"wp-image-2583\" title=\"\" srcset=\"https:\/\/standuppaddleboardworld.com\/wp-content\/uploads\/2020\/02\/restube-sports-azure-blue.jpg 1000w, https:\/\/standuppaddleboardworld.com\/wp-content\/uploads\/2020\/02\/restube-sports-azure-blue-300x300.jpg 300w, https:\/\/standuppaddleboardworld.com\/wp-content\/uploads\/2020\/02\/restube-sports-azure-blue-150x150.jpg 150w, https:\/\/standuppaddleboardworld.com\/wp-content\/uploads\/2020\/02\/restube-sports-azure-blue-768x768.jpg 768w, https:\/\/standuppaddleboardworld.com\/wp-content\/uploads\/2020\/02\/restube-sports-azure-blue-75x75.jpg 75w\" sizes=\"auto, (max-width: 1000px) 100vw, 1000px\" \/><\/figure>\n\n\n\n<p><strong>Material: <\/strong> Nylon \/ TPU <br><strong>Gewicht:<\/strong>  270 g<br><strong>Gr\u00f6\u00dfe<\/strong>:  14 \u00d7 7 \u00d7 5 cm<\/p>\n<\/div>\n\n\n\n<div class=\"wp-block-column is-layout-flow wp-block-column-is-layout-flow\" style=\"flex-basis:66.66%\">\n<h4 class=\"wp-block-heading\" id=\"aqua-marina-fusion\"><span class=\"ez-toc-section\" id=\"Restube_Sports\"><\/span>Restube Sports<span class=\"ez-toc-section-end\"><\/span><\/h4>\n\n\n\n<p>[amazon fields=&#8220;B00J4PZBME&#8220; value=&#8220;star_rating&#8220;]   [amazon fields=&#8220;B00J4PZBME&#8220; value=&#8220;reviews&#8220;]<\/p>\n\n\n\n<p>Die Restube Sports ist f\u00fcr den etwas raueren Gebrauch wie Kite-, Wave- und Windsurfen gedacht.<br><br>Sie hat alles, was auch die Restube Classic hat, kann aber auch an einem Gurt befestigt werden und hat einen Sicherheitsb\u00fcgel, damit du deine Restube nicht versehentlich \u00f6ffnen kannst.<\/p>\n\n\n\n<div class=\"wp-block-button is-style-fill\"><a class=\"wp-block-button__link\" href=\"https:\/\/geni.us\/restube-sports\" target=\"_blank\" rel=\"noreferrer noopener\">Aktuellen Preis pr\u00fcfen<\/a><\/div>\n\n\n\n<div class=\"wp-block-columns is-layout-flex wp-container-core-columns-is-layout-9d6595d7 wp-block-columns-is-layout-flex\">\n<div class=\"wp-block-column is-layout-flow wp-block-column-is-layout-flow\"><\/div>\n\n\n\n<div class=\"wp-block-column is-layout-flow wp-block-column-is-layout-flow\"><\/div>\n<\/div>\n<\/div>\n<\/div>\n<\/div><\/div>\n\n\n\n<div class=\"wp-block-group\"><div class=\"wp-block-group__inner-container is-layout-flow wp-block-group-is-layout-flow\">\n<div class=\"wp-block-columns block-border is-layout-flex wp-container-core-columns-is-layout-9d6595d7 wp-block-columns-is-layout-flex\">\n<div class=\"wp-block-column is-layout-flow wp-block-column-is-layout-flow\" style=\"flex-basis:33.33%\">\n<div style=\"height:67px\" aria-hidden=\"true\" class=\"wp-block-spacer\"><\/div>\n\n\n\n<figure class=\"wp-block-image size-large\"><img loading=\"lazy\" decoding=\"async\" width=\"1000\" height=\"1000\" src=\"https:\/\/standuppaddleboardworld.com\/wp-content\/uploads\/2020\/02\/restube-swim-honey-icemint.jpg\" alt=\"\" class=\"wp-image-2586\" title=\"\" srcset=\"https:\/\/standuppaddleboardworld.com\/wp-content\/uploads\/2020\/02\/restube-swim-honey-icemint.jpg 1000w, https:\/\/standuppaddleboardworld.com\/wp-content\/uploads\/2020\/02\/restube-swim-honey-icemint-300x300.jpg 300w, https:\/\/standuppaddleboardworld.com\/wp-content\/uploads\/2020\/02\/restube-swim-honey-icemint-150x150.jpg 150w, https:\/\/standuppaddleboardworld.com\/wp-content\/uploads\/2020\/02\/restube-swim-honey-icemint-768x768.jpg 768w, https:\/\/standuppaddleboardworld.com\/wp-content\/uploads\/2020\/02\/restube-swim-honey-icemint-75x75.jpg 75w\" sizes=\"auto, (max-width: 1000px) 100vw, 1000px\" \/><\/figure>\n\n\n\n<p><strong>Material: <\/strong> Nylon \/ TPU <br><strong>Gewicht:<\/strong>  210 g<br><strong>Gr\u00f6\u00dfe<\/strong>:  12 \u00d7 6 \u00d7 4 cm <\/p>\n<\/div>\n\n\n\n<div class=\"wp-block-column is-layout-flow wp-block-column-is-layout-flow\" style=\"flex-basis:66.66%\">\n<h4 class=\"wp-block-heading\" id=\"aqua-marina-thrive\"><span class=\"ez-toc-section\" id=\"Restube_Swim\"><\/span>Restube Swim<span class=\"ez-toc-section-end\"><\/span><\/h4>\n\n\n\n<p>[amazon fields=&#8220;B0757G6FRM&#8220; value=&#8220;star_rating&#8220;]   [amazon fields=&#8220;B0757G6FRM&#8220; value=&#8220;reviews&#8220;]<\/p>\n\n\n\n<p>Der Restube Swim verf\u00fcgt ebenfalls \u00fcber alle Funktionen des Restube Classic, ist aber in Gr\u00f6\u00dfe und Gewicht reduziert worden.<br><br>Da Schwimmer maximale Geschwindigkeit w\u00fcnschen, ist dies eine kompaktere Version des Restube Classic, die dennoch alle Funktionen bietet.<br><br>F\u00fcr Sportarten wie Schwimmen, Triathlon und Freiwasserschwimmen, bei denen die Geschwindigkeit im Wasser wichtiger ist.<\/p>\n\n\n\n<div class=\"wp-block-button is-style-fill\"><a class=\"wp-block-button__link\" href=\"https:\/\/geni.us\/restube-swim\" target=\"_blank\" rel=\"noreferrer noopener\">Aktuellen Preis pr\u00fcfen<\/a><\/div>\n\n\n\n<div class=\"wp-block-columns is-layout-flex wp-container-core-columns-is-layout-9d6595d7 wp-block-columns-is-layout-flex\">\n<div class=\"wp-block-column is-layout-flow wp-block-column-is-layout-flow\"><\/div>\n\n\n\n<div class=\"wp-block-column is-layout-flow wp-block-column-is-layout-flow\"><\/div>\n<\/div>\n<\/div>\n<\/div>\n<\/div><\/div>\n\n\n\n<p class=\"has-background\" style=\"background-color:#ebebeb\">So, das war&#8217;s, Leute! Was f\u00fcr eine Liste das war <a class=\"rank-math-link\" href=\"https:\/\/emojipedia.org\/grinning-face-with-sweat\/\" target=\"_blank\" rel=\"noopener\">\ud83d\ude05<\/a> Hast du kaputte Links, unvollst\u00e4ndige Texte, grammatikalische Fehler (Deutsch ist nicht meine Muttersprache) oder \u00e4hnliches gesehen? Bitte, BITTE schreibe es in die Kommentare, damit ich es korrigieren kann. Ich w\u00fcrde mich auch sehr \u00fcber Feedback zu dieser Seite freuen! Vielen Dank! <a href=\"https:\/\/emojipedia.org\/call-me-hand\/\" target=\"_blank\" rel=\"noopener\">\ud83e\udd19<\/a> <\/p>\n\n\n\n<p> <\/p>\n","protected":false},"excerpt":{"rendered":"<p>Wie ich in meinem Bericht schon oft gesagt habe, ist Sicherheit das Wichtigste, wenn man auf dem Wasser unterwegs ist. Der Restube ist ein Accessoire, das du an deine Schwimmbekleidung anklipsen kannst und das du super einfach und leicht mit dir tragen kannst. Zieh einfach an der Schnur und der Restube bl\u00e4st sich im Handumdrehen [&hellip;]<\/p>\n","protected":false},"author":1,"featured_media":2574,"parent":3242,"menu_order":0,"comment_status":"open","ping_status":"closed","template":"page-templates\/reviews.php","meta":{"_genesis_hide_title":false,"_genesis_hide_breadcrumbs":false,"_genesis_hide_singular_image":false,"_genesis_hide_footer_widgets":false,"_genesis_custom_body_class":"","_genesis_custom_post_class":"","_genesis_layout":"","footnotes":""},"categories":[],"tags":[],"class_list":{"0":"post-2712","1":"page","2":"type-page","3":"status-publish","4":"has-post-thumbnail","6":"entry"},"acf":[],"_links":{"self":[{"href":"https:\/\/standuppaddleboardworld.com\/de\/wp-json\/wp\/v2\/pages\/2712","targetHints":{"allow":["GET"]}}],"collection":[{"href":"https:\/\/standuppaddleboardworld.com\/de\/wp-json\/wp\/v2\/pages"}],"about":[{"href":"https:\/\/standuppaddleboardworld.com\/de\/wp-json\/wp\/v2\/types\/page"}],"author":[{"embeddable":true,"href":"https:\/\/standuppaddleboardworld.com\/de\/wp-json\/wp\/v2\/users\/1"}],"replies":[{"embeddable":true,"href":"https:\/\/standuppaddleboardworld.com\/de\/wp-json\/wp\/v2\/comments?post=2712"}],"version-history":[{"count":0,"href":"https:\/\/standuppaddleboardworld.com\/de\/wp-json\/wp\/v2\/pages\/2712\/revisions"}],"up":[{"embeddable":true,"href":"https:\/\/standuppaddleboardworld.com\/de\/wp-json\/wp\/v2\/pages\/3242"}],"wp:featuredmedia":[{"embeddable":true,"href":"https:\/\/standuppaddleboardworld.com\/de\/wp-json\/wp\/v2\/media\/2574"}],"wp:attachment":[{"href":"https:\/\/standuppaddleboardworld.com\/de\/wp-json\/wp\/v2\/media?parent=2712"}],"wp:term":[{"taxonomy":"category","embeddable":true,"href":"https:\/\/standuppaddleboardworld.com\/de\/wp-json\/wp\/v2\/categories?post=2712"},{"taxonomy":"post_tag","embeddable":true,"href":"https:\/\/standuppaddleboardworld.com\/de\/wp-json\/wp\/v2\/tags?post=2712"}],"curies":[{"name":"wp","href":"https:\/\/api.w.org\/{rel}","templated":true}]}}