{"id":24179,"date":"2021-01-26T19:59:24","date_gmt":"2021-01-26T18:59:24","guid":{"rendered":"https:\/\/standuppaddleboardworld.com\/?page_id=24179"},"modified":"2021-01-27T09:51:58","modified_gmt":"2021-01-27T08:51:58","slug":"spikeball","status":"publish","type":"page","link":"https:\/\/standuppaddleboardworld.com\/de\/spikeball\/","title":{"rendered":"Spikeball"},"content":{"rendered":"\n<p class=\"block-highlight-filled\">Spikeball wird immer beliebter. Es ist ein spannender und sehr aktiver Sport, den man zusammen mit Freunden drau\u00dfen spielen kann (ich habe auch gesehen, dass manche Leute es drinnen spielen, aber daf\u00fcr braucht man ein gro\u00dfes Haus!)<br><br>Interessierst du dich f\u00fcr Spikeball und willst du mehr \u00fcber diese Sportart und die Art und Weise, wie du sie aus\u00fcben kannst wissen? Dann lies in den untenstehenden Artikeln alles dar\u00fcber nach!<\/p>\n\n\n\n<figure class=\"wp-block-image size-large\"><img loading=\"lazy\" decoding=\"async\" width=\"1024\" height=\"683\" src=\"https:\/\/standuppaddleboardworld.com\/wp-content\/uploads\/2020\/09\/Spikeball-1024x683.jpg\" alt=\"Spikeball\" class=\"wp-image-11933\" title=\"\" srcset=\"https:\/\/standuppaddleboardworld.com\/wp-content\/uploads\/2020\/09\/Spikeball-1024x683.jpg 1024w, https:\/\/standuppaddleboardworld.com\/wp-content\/uploads\/2020\/09\/Spikeball-300x200.jpg 300w, https:\/\/standuppaddleboardworld.com\/wp-content\/uploads\/2020\/09\/Spikeball-768x512.jpg 768w, https:\/\/standuppaddleboardworld.com\/wp-content\/uploads\/2020\/09\/Spikeball.jpg 1200w\" sizes=\"auto, (max-width: 1024px) 100vw, 1024px\" \/><\/figure>\n\n\n\n<h2 class=\"wp-block-heading\"><span class=\"ez-toc-section\" id=\"Was_ist_Spikeball\"><\/span><strong>Was ist Spikeball<\/strong><span class=\"ez-toc-section-end\"><\/span><\/h2><div id=\"ez-toc-container\" class=\"ez-toc-v2_0_82_2 counter-flat ez-toc-counter ez-toc-custom ez-toc-container-direction\">\n<label for=\"ez-toc-cssicon-toggle-item-69e8fe3f37df0\" class=\"ez-toc-cssicon-toggle-label\"><span class=\"\"><span class=\"eztoc-hide\" style=\"display:none;\">Toggle<\/span><span class=\"ez-toc-icon-toggle-span\"><svg style=\"fill: #1a2b49;color:#1a2b49\" xmlns=\"http:\/\/www.w3.org\/2000\/svg\" class=\"list-377408\" width=\"20px\" height=\"20px\" viewBox=\"0 0 24 24\" fill=\"none\"><path d=\"M6 6H4v2h2V6zm14 0H8v2h12V6zM4 11h2v2H4v-2zm16 0H8v2h12v-2zM4 16h2v2H4v-2zm16 0H8v2h12v-2z\" fill=\"currentColor\"><\/path><\/svg><svg style=\"fill: #1a2b49;color:#1a2b49\" class=\"arrow-unsorted-368013\" xmlns=\"http:\/\/www.w3.org\/2000\/svg\" width=\"10px\" height=\"10px\" viewBox=\"0 0 24 24\" version=\"1.2\" baseProfile=\"tiny\"><path d=\"M18.2 9.3l-6.2-6.3-6.2 6.3c-.2.2-.3.4-.3.7s.1.5.3.7c.2.2.4.3.7.3h11c.3 0 .5-.1.7-.3.2-.2.3-.5.3-.7s-.1-.5-.3-.7zM5.8 14.7l6.2 6.3 6.2-6.3c.2-.2.3-.5.3-.7s-.1-.5-.3-.7c-.2-.2-.4-.3-.7-.3h-11c-.3 0-.5.1-.7.3-.2.2-.3.5-.3.7s.1.5.3.7z\"\/><\/svg><\/span><\/span><\/label><input type=\"checkbox\"  id=\"ez-toc-cssicon-toggle-item-69e8fe3f37df0\"  aria-label=\"Toggle\" \/><nav><ul class='ez-toc-list ez-toc-list-level-1 ' ><li class='ez-toc-page-1'><a class=\"ez-toc-link ez-toc-heading-1\" href=\"https:\/\/standuppaddleboardworld.com\/de\/spikeball\/#Was_ist_Spikeball\" >Was ist Spikeball<\/a><\/li><li class='ez-toc-page-1'><a class=\"ez-toc-link ez-toc-heading-2\" href=\"https:\/\/standuppaddleboardworld.com\/de\/spikeball\/#Die_Geschichte_von_Spikeball\" >Die Geschichte von Spikeball<\/a><\/li><li class='ez-toc-page-1'><a class=\"ez-toc-link ez-toc-heading-3\" href=\"https:\/\/standuppaddleboardworld.com\/de\/spikeball\/#Slammo_vs_Spikeball\" >Slammo vs Spikeball<\/a><\/li><li class='ez-toc-page-1'><a class=\"ez-toc-link ez-toc-heading-4\" href=\"https:\/\/standuppaddleboardworld.com\/de\/spikeball\/#Fragen_und_Antworten_zu_Spikeball\" >Fragen und Antworten zu Spikeball<\/a><\/li><\/ul><\/nav><\/div>\n\n\n\n\n<p>Was ist Spikeball eigentlich genau, wie spielt man es, was sind die Regeln und was braucht man, um damit anzufangen? Hier findest du mehr Informationen \u00fcber das Spiel selbst und kannst entdecken, warum es so beliebt ist.<\/p>\n\n\n\n<div class=\"wp-block-buttons aligncenter is-layout-flex wp-block-buttons-is-layout-flex\">\n<div class=\"wp-block-button\"><a class=\"wp-block-button__link\" href=\"https:\/\/standuppaddleboardworld.com\/de\/spikeball\/was-ist-spikeball\/\" target=\"_blank\" rel=\"noreferrer noopener\">Lies mehr \u00fcber Spikeball<\/a><\/div>\n<\/div>\n\n\n\n<figure class=\"wp-block-image size-large\"><img loading=\"lazy\" decoding=\"async\" width=\"1024\" height=\"682\" src=\"https:\/\/standuppaddleboardworld.com\/wp-content\/uploads\/2020\/09\/Spikeball-Gear-1024x682.jpg\" alt=\"Spikeball-Gear\" class=\"wp-image-11937\" title=\"\" srcset=\"https:\/\/standuppaddleboardworld.com\/wp-content\/uploads\/2020\/09\/Spikeball-Gear-1024x682.jpg 1024w, https:\/\/standuppaddleboardworld.com\/wp-content\/uploads\/2020\/09\/Spikeball-Gear-300x200.jpg 300w, https:\/\/standuppaddleboardworld.com\/wp-content\/uploads\/2020\/09\/Spikeball-Gear-768x512.jpg 768w, https:\/\/standuppaddleboardworld.com\/wp-content\/uploads\/2020\/09\/Spikeball-Gear.jpg 1280w\" sizes=\"auto, (max-width: 1024px) 100vw, 1024px\" \/><\/figure>\n\n\n\n<h2 class=\"wp-block-heading\"><span class=\"ez-toc-section\" id=\"Die_Geschichte_von_Spikeball\"><\/span><strong>Die Geschichte von Spikeball<\/strong><span class=\"ez-toc-section-end\"><\/span><\/h2>\n\n\n\n<p>Spikeball hat eine eigenartige Ursprungsgeschichte als Sport und wurde erst vor Kurzem so beliebt (bzw. wieder beliebt) als Leute mehr dar\u00fcber in Erfahrung brachten und anfingen, es zu spielen. Lies hier mehr \u00fcber die Geschichte von Spikeball und die Anf\u00e4nge der Sportart.<\/p>\n\n\n\n<div class=\"wp-block-buttons aligncenter is-layout-flex wp-block-buttons-is-layout-flex\">\n<div class=\"wp-block-button\"><a class=\"wp-block-button__link\" href=\"https:\/\/standuppaddleboardworld.com\/de\/spikeball\/geschichte-von-spikeball\/\" target=\"_blank\" rel=\"noreferrer noopener\">Lies mehr \u00fcber die Geschichte von Spikeball<\/a><\/div>\n<\/div>\n\n\n\n<figure class=\"wp-block-image size-large\"><img loading=\"lazy\" decoding=\"async\" width=\"1024\" height=\"702\" src=\"https:\/\/standuppaddleboardworld.com\/wp-content\/uploads\/2020\/10\/Slammo-Game-1024x702.jpg\" alt=\"Slammo-Game\" class=\"wp-image-12028\" title=\"\" srcset=\"https:\/\/standuppaddleboardworld.com\/wp-content\/uploads\/2020\/10\/Slammo-Game-1024x702.jpg 1024w, https:\/\/standuppaddleboardworld.com\/wp-content\/uploads\/2020\/10\/Slammo-Game-300x206.jpg 300w, https:\/\/standuppaddleboardworld.com\/wp-content\/uploads\/2020\/10\/Slammo-Game-768x526.jpg 768w, https:\/\/standuppaddleboardworld.com\/wp-content\/uploads\/2020\/10\/Slammo-Game.jpg 1500w\" sizes=\"auto, (max-width: 1024px) 100vw, 1024px\" \/><\/figure>\n\n\n\n<h2 class=\"wp-block-heading\"><span class=\"ez-toc-section\" id=\"Slammo_vs_Spikeball\"><\/span><strong>Slammo vs Spikeball<\/strong><span class=\"ez-toc-section-end\"><\/span><\/h2>\n\n\n\n<p>Spikeball und Slammo sind zwei Begriffe, die f\u00fcr das gleiche Spiel durcheinander benutzt werden und \u00e4hnliche Spiele bezeichnen. Man wird oft sehen, wie eines der beiden Spiele in einem Garten oder auf dem Strand gespielt wird. Heute werden sogar oft Turniere drau\u00dfen organisiert. Was sind die Unterschiede zwischen den beiden Sportarten, und was ist Slammo eigentlich?<\/p>\n\n\n\n<div class=\"wp-block-buttons aligncenter is-layout-flex wp-block-buttons-is-layout-flex\">\n<div class=\"wp-block-button\"><a class=\"wp-block-button__link\" href=\"https:\/\/standuppaddleboardworld.com\/de\/spikeball\/slammo-vs-spikeball\/\" target=\"_blank\" rel=\"noreferrer noopener\">Lies hier mehr \u00fcber Slammo und Spikeball<\/a><\/div>\n<\/div>\n\n\n\n<figure class=\"wp-block-image size-large\"><img loading=\"lazy\" decoding=\"async\" width=\"1024\" height=\"683\" src=\"https:\/\/standuppaddleboardworld.com\/wp-content\/uploads\/2020\/11\/Spikeball-Beach-Game-1024x683.jpg\" alt=\"Spikeball-Questions-Beach-Game\" class=\"wp-image-13898\" title=\"\" srcset=\"https:\/\/standuppaddleboardworld.com\/wp-content\/uploads\/2020\/11\/Spikeball-Beach-Game-1024x683.jpg 1024w, https:\/\/standuppaddleboardworld.com\/wp-content\/uploads\/2020\/11\/Spikeball-Beach-Game-300x200.jpg 300w, https:\/\/standuppaddleboardworld.com\/wp-content\/uploads\/2020\/11\/Spikeball-Beach-Game-768x512.jpg 768w, https:\/\/standuppaddleboardworld.com\/wp-content\/uploads\/2020\/11\/Spikeball-Beach-Game.jpg 1500w\" sizes=\"auto, (max-width: 1024px) 100vw, 1024px\" \/><\/figure>\n\n\n\n<h2 class=\"wp-block-heading\"><span class=\"ez-toc-section\" id=\"Fragen_und_Antworten_zu_Spikeball\"><\/span><strong>Fragen und Antworten zu Spikeball<\/strong><span class=\"ez-toc-section-end\"><\/span><\/h2>\n\n\n\n<p>Nach dem schreiben meiner ersten Artikel \u00fcber Spikeball bekam ich viele Fragen zu dieser Sportart. Deshalb hab ich einen separaten Artikel geschrieben, in welchem ich diese Fragen alle beantworte, damit du dein Wissen \u00fcber diese Sportart ausbauen kannst!<\/p>\n\n\n\n<div class=\"wp-block-buttons aligncenter is-layout-flex wp-block-buttons-is-layout-flex\">\n<div class=\"wp-block-button\"><a class=\"wp-block-button__link\" href=\"https:\/\/standuppaddleboardworld.com\/de\/spikeball\/fragen-und-antworten-zu-spikeball\/\" target=\"_blank\" rel=\"noreferrer noopener\">Lies mehr zu den Fragen und Antworten \u00fcber Spikeball<\/a><\/div>\n<\/div>\n","protected":false},"excerpt":{"rendered":"<p>Spikeball wird immer beliebter. Es ist ein spannender und sehr aktiver Sport, den man zusammen mit Freunden drau\u00dfen spielen kann (ich habe auch gesehen, dass manche Leute es drinnen spielen, aber daf\u00fcr braucht man ein gro\u00dfes Haus!) Interessierst du dich f\u00fcr Spikeball und willst du mehr \u00fcber diese Sportart und die Art und Weise, wie [&hellip;]<\/p>\n","protected":false},"author":1,"featured_media":12023,"parent":0,"menu_order":0,"comment_status":"open","ping_status":"closed","template":"","meta":{"_genesis_hide_title":false,"_genesis_hide_breadcrumbs":false,"_genesis_hide_singular_image":false,"_genesis_hide_footer_widgets":false,"_genesis_custom_body_class":"","_genesis_custom_post_class":"","_genesis_layout":"","footnotes":""},"categories":[],"tags":[],"class_list":{"0":"post-24179","1":"page","2":"type-page","3":"status-publish","4":"has-post-thumbnail","6":"entry"},"acf":[],"_links":{"self":[{"href":"https:\/\/standuppaddleboardworld.com\/de\/wp-json\/wp\/v2\/pages\/24179","targetHints":{"allow":["GET"]}}],"collection":[{"href":"https:\/\/standuppaddleboardworld.com\/de\/wp-json\/wp\/v2\/pages"}],"about":[{"href":"https:\/\/standuppaddleboardworld.com\/de\/wp-json\/wp\/v2\/types\/page"}],"author":[{"embeddable":true,"href":"https:\/\/standuppaddleboardworld.com\/de\/wp-json\/wp\/v2\/users\/1"}],"replies":[{"embeddable":true,"href":"https:\/\/standuppaddleboardworld.com\/de\/wp-json\/wp\/v2\/comments?post=24179"}],"version-history":[{"count":0,"href":"https:\/\/standuppaddleboardworld.com\/de\/wp-json\/wp\/v2\/pages\/24179\/revisions"}],"wp:featuredmedia":[{"embeddable":true,"href":"https:\/\/standuppaddleboardworld.com\/de\/wp-json\/wp\/v2\/media\/12023"}],"wp:attachment":[{"href":"https:\/\/standuppaddleboardworld.com\/de\/wp-json\/wp\/v2\/media?parent=24179"}],"wp:term":[{"taxonomy":"category","embeddable":true,"href":"https:\/\/standuppaddleboardworld.com\/de\/wp-json\/wp\/v2\/categories?post=24179"},{"taxonomy":"post_tag","embeddable":true,"href":"https:\/\/standuppaddleboardworld.com\/de\/wp-json\/wp\/v2\/tags?post=24179"}],"curies":[{"name":"wp","href":"https:\/\/api.w.org\/{rel}","templated":true}]}}