{"id":2262,"date":"2023-07-27T10:02:43","date_gmt":"2023-07-27T09:02:43","guid":{"rendered":"https:\/\/standuppaddleboardworld.com\/?page_id=2262"},"modified":"2023-07-27T10:02:46","modified_gmt":"2023-07-27T09:02:46","slug":"zray-sup-boards","status":"publish","type":"page","link":"https:\/\/standuppaddleboardworld.com\/de\/zray-sup-boards\/","title":{"rendered":"ZRAY SUP-Boards"},"content":{"rendered":"\n<p> ZRAY SUP-Boards sind f\u00fcr ihre Robustheit bekannt. Die aufblasbaren ZRAY-Paddel-Boards sind von h\u00f6chster Qualit\u00e4t und bestehen aus einem robusten Material, das aus mehreren Lagen besteht, dem Tropfstich. Dadurch kann das Board h\u00e4rter aufgeblasen werden als ein Standard-PVC-Board.  <br><br>Tausende von sehr starken Dr\u00e4hten halten das Board sehr fest zusammen. Aufgrund der verst\u00e4rkten doppelten Seitenwand ist die Wahrscheinlichkeit einer Leckage sehr gering. <br><br>ZRAY wurde 2009 gegr\u00fcndet und stellt seit \u00fcber einem Jahrzehnt qualitativ hochwertige aufblasbare Stand-Up-Paddel-Boards her.<br><br>Die Marke forscht st\u00e4ndig daran, die Technologie zu verbessern und Stand-Up-Paddle-Boards von bester Qualit\u00e4t zu sehr g\u00fcnstigen Preisen anzubieten.<\/p>\n\n\n\n<h3 class=\"wp-block-heading\"><span class=\"ez-toc-section\" id=\"Beliebteste_ZRAY_SUP-Boards\"><\/span>Beliebteste ZRAY SUP-Boards<span class=\"ez-toc-section-end\"><\/span><\/h3><div id=\"ez-toc-container\" class=\"ez-toc-v2_0_82_2 counter-flat ez-toc-counter ez-toc-custom ez-toc-container-direction\">\n<label for=\"ez-toc-cssicon-toggle-item-69d4e19e5f02e\" class=\"ez-toc-cssicon-toggle-label\"><span class=\"\"><span class=\"eztoc-hide\" style=\"display:none;\">Toggle<\/span><span class=\"ez-toc-icon-toggle-span\"><svg style=\"fill: #1a2b49;color:#1a2b49\" xmlns=\"http:\/\/www.w3.org\/2000\/svg\" class=\"list-377408\" width=\"20px\" height=\"20px\" viewBox=\"0 0 24 24\" fill=\"none\"><path d=\"M6 6H4v2h2V6zm14 0H8v2h12V6zM4 11h2v2H4v-2zm16 0H8v2h12v-2zM4 16h2v2H4v-2zm16 0H8v2h12v-2z\" fill=\"currentColor\"><\/path><\/svg><svg style=\"fill: #1a2b49;color:#1a2b49\" class=\"arrow-unsorted-368013\" xmlns=\"http:\/\/www.w3.org\/2000\/svg\" width=\"10px\" height=\"10px\" viewBox=\"0 0 24 24\" version=\"1.2\" baseProfile=\"tiny\"><path d=\"M18.2 9.3l-6.2-6.3-6.2 6.3c-.2.2-.3.4-.3.7s.1.5.3.7c.2.2.4.3.7.3h11c.3 0 .5-.1.7-.3.2-.2.3-.5.3-.7s-.1-.5-.3-.7zM5.8 14.7l6.2 6.3 6.2-6.3c.2-.2.3-.5.3-.7s-.1-.5-.3-.7c-.2-.2-.4-.3-.7-.3h-11c-.3 0-.5.1-.7.3-.2.2-.3.5-.3.7s.1.5.3.7z\"\/><\/svg><\/span><\/span><\/label><input type=\"checkbox\"  id=\"ez-toc-cssicon-toggle-item-69d4e19e5f02e\"  aria-label=\"Toggle\" \/><nav><ul class='ez-toc-list ez-toc-list-level-1 ' ><li class='ez-toc-page-1'><a class=\"ez-toc-link ez-toc-heading-1\" href=\"https:\/\/standuppaddleboardworld.com\/de\/zray-sup-boards\/#Beliebteste_ZRAY_SUP-Boards\" >Beliebteste ZRAY SUP-Boards<\/a><\/li><li class='ez-toc-page-1'><a class=\"ez-toc-link ez-toc-heading-2\" href=\"https:\/\/standuppaddleboardworld.com\/de\/zray-sup-boards\/#ZRAY_Neue_Kollektion\" >ZRAY Neue Kollektion<\/a><\/li><\/ul><\/nav><\/div>\n\n\n\n\n\n\n\n<p> H\u00e4ufig werden ihre SUP-Boards in einem kompletten Paket geliefert, mit dem notwendigen Zubeh\u00f6r wie Paddel, Pumpe, Rucksack, Leine und Flossen. Diese Boards sind sowohl f\u00fcr Anf\u00e4nger als auch f\u00fcr Fortgeschrittene geeignet, aber die beliebtesten Boards sind Allround-Stehpaddelboards und richten sich vor allem an Anf\u00e4nger. <\/p>\n\n\n<div class=\"cegg5-container cegg-data_list\"><div class=\"container px-0 mb-5 mt-1 cegg-list\" >\n                    \n<div class=\"cegg-list-card card mb-3 \">\n\n    \n    <div class=\"row p-2 p-md-3\">\n\n        <div class=\"col-3 col-md-2\">\n\n                            <div class=\"position-relative\">\n\n                                        <div class=\"ratio ratio-1x1 \">\n                        <img class=\"object-fit-scale rounded\" src=\"https:\/\/m.media-amazon.com\/images\/I\/51CBqn06C1L._SS520_.jpg\" decoding=\"async\" loading=\"lazy\" alt=\"Zray X-Rider Deluxe Beistelltisch, t\u00fcrkis, 10&#039;10&quot;\" title=\"\">                    <\/div>\n                <\/div>\n\n            \n        <\/div>\n        <div class=\"col-9 col-md-7 align-self-center\">\n            <div class=\"cegg-list-card-body\">\n\n                \n                                    <div class=\"card-title fs-6 fw-normal cegg-text-truncate-2\">Zray X-Rider Deluxe Beistelltisch, t\u00fcrkis, 10&#039;10&quot;<\/div>                \n                \n                \n                \n                            <\/div>\n        <\/div>\n\n        <div class=\"col-9 col-md-3 offset-3 offset-md-0 pe-3 text-center\">\n\n                            <div class=\"cegg-card-price lh-1 mt-1 \">\n\n                    <div class=\"hstack justify-content-md-center gap-2\">\n                                                <div class=\"cegg-price fs-5 lh-1 mb-0\">\n                            &euro;339.00                        <\/div>\n                    <\/div>\n                    <div class=\"hstack justify-content-md-center gap-2\">\n\n                        \n                        \n                    <\/div>\n\n                <\/div>\n            \n                            <div class=\"cegg-card-button pt-3\">\n                    <div class=\"d-grid\"><a rel=\"nofollow noopener\" target=\"_blank\" href=\"https:\/\/www.amazon.de\/dp\/B08V94T8F3?tag=paddleboar061-21&amp;linkCode=ogi&amp;th=1&amp;psc=1\" class=\"stretched-link btn btn-outline-primary\">Click for best price<\/a><\/div>\n                <\/div>\n            \n                            <div class=\"cegg-merchant small fs-6 text-body-secondary text-truncate\">\n                    <small>Amazon.de<\/small>\n                <\/div>\n            \n                    <\/div>\n    <\/div>\n<\/div>                    \n<div class=\"cegg-list-card card mb-3 \">\n\n    \n    <div class=\"row p-2 p-md-3\">\n\n        <div class=\"col-3 col-md-2\">\n\n                            <div class=\"position-relative\">\n\n                                        <div class=\"ratio ratio-1x1 \">\n                        <img class=\"object-fit-scale rounded\" src=\"https:\/\/m.media-amazon.com\/images\/I\/51eKazMg51L._SS520_.jpg\" decoding=\"async\" loading=\"lazy\" alt=\"DESKA SUP ZRAY E10 9&#039;9&#039;&#039;x30&#039;&#039;x5&#039;&#039;\" title=\"\">                    <\/div>\n                <\/div>\n\n            \n        <\/div>\n        <div class=\"col-9 col-md-7 align-self-center\">\n            <div class=\"cegg-list-card-body\">\n\n                \n                                    <div class=\"card-title fs-6 fw-normal cegg-text-truncate-2\">DESKA SUP ZRAY E10 9&#039;9&#039;&#039;x30&#039;&#039;x5&#039;&#039;<\/div>                \n                \n                \n                \n                            <\/div>\n        <\/div>\n\n        <div class=\"col-9 col-md-3 offset-3 offset-md-0 pe-3 text-center\">\n\n                            <div class=\"cegg-card-price lh-1 mt-1 \">\n\n                    <div class=\"hstack justify-content-md-center gap-2\">\n                                                <div class=\"cegg-price fs-5 lh-1 mb-0\">\n                            &euro;249.00                        <\/div>\n                    <\/div>\n                    <div class=\"hstack justify-content-md-center gap-2\">\n\n                        \n                        \n                    <\/div>\n\n                <\/div>\n            \n                            <div class=\"cegg-card-button pt-3\">\n                    <div class=\"d-grid\"><a rel=\"nofollow noopener\" target=\"_blank\" href=\"https:\/\/www.amazon.de\/dp\/B08DKYKZ9Y?tag=paddleboar061-21&amp;linkCode=ogi&amp;th=1&amp;psc=1\" class=\"stretched-link btn btn-outline-primary\">Click for best price<\/a><\/div>\n                <\/div>\n            \n                            <div class=\"cegg-merchant small fs-6 text-body-secondary text-truncate\">\n                    <small>Amazon.de<\/small>\n                <\/div>\n            \n                    <\/div>\n    <\/div>\n<\/div>                    \n<div class=\"cegg-list-card card mb-3 \">\n\n    \n    <div class=\"row p-2 p-md-3\">\n\n        <div class=\"col-3 col-md-2\">\n\n                            <div class=\"position-relative\">\n\n                                        <div class=\"ratio ratio-1x1 \">\n                        <img class=\"object-fit-scale rounded\" src=\"https:\/\/m.media-amazon.com\/images\/I\/51nfnETFKIL._SS520_.jpg\" decoding=\"async\" loading=\"lazy\" alt=\"Zray E11 Combo 11&#039;0&quot; Aufblasbar Sup Board Stand up Paddle Komplette Packung 335x84x12cm mit Kajak Sitz und Doppelpaddel\" title=\"\">                    <\/div>\n                <\/div>\n\n            \n        <\/div>\n        <div class=\"col-9 col-md-7 align-self-center\">\n            <div class=\"cegg-list-card-body\">\n\n                \n                                    <div class=\"card-title fs-6 fw-normal cegg-text-truncate-2\">Zray E11 Combo 11&#039;0&quot; Aufblasbar Sup Board Stand up Paddle Komplette Packung 335x84x12cm mit Kajak Sitz und Doppelpaddel<\/div>                \n                \n                \n                \n                            <\/div>\n        <\/div>\n\n        <div class=\"col-9 col-md-3 offset-3 offset-md-0 pe-3 text-center\">\n\n                            <div class=\"cegg-card-price lh-1 mt-1 \">\n\n                    <div class=\"hstack justify-content-md-center gap-2\">\n                                                <div class=\"cegg-price fs-5 lh-1 mb-0\">\n                            &euro;289.00                        <\/div>\n                    <\/div>\n                    <div class=\"hstack justify-content-md-center gap-2\">\n\n                        \n                        \n                    <\/div>\n\n                <\/div>\n            \n                            <div class=\"cegg-card-button pt-3\">\n                    <div class=\"d-grid\"><a rel=\"nofollow noopener\" target=\"_blank\" href=\"https:\/\/www.amazon.de\/dp\/B088ZTW644?tag=paddleboar061-21&amp;linkCode=ogi&amp;th=1&amp;psc=1\" class=\"stretched-link btn btn-outline-primary\">Click for best price<\/a><\/div>\n                <\/div>\n            \n                            <div class=\"cegg-merchant small fs-6 text-body-secondary text-truncate\">\n                    <small>Amazon.de<\/small>\n                <\/div>\n            \n                    <\/div>\n    <\/div>\n<\/div>                    \n<div class=\"cegg-list-card card \">\n\n    \n    <div class=\"row p-2 p-md-3\">\n\n        <div class=\"col-3 col-md-2\">\n\n                            <div class=\"position-relative\">\n\n                                        <div class=\"ratio ratio-1x1 \">\n                        <img class=\"object-fit-scale rounded\" src=\"https:\/\/m.media-amazon.com\/images\/I\/513XtMMJnoL._SS520_.jpg\" decoding=\"async\" loading=\"lazy\" alt=\"Zray X-Rider X3 12.0 SUP Board Stand Up Paddle Surf-Board ALU Paddel 365x81x15cm\" title=\"\">                    <\/div>\n                <\/div>\n\n            \n        <\/div>\n        <div class=\"col-9 col-md-7 align-self-center\">\n            <div class=\"cegg-list-card-body\">\n\n                \n                                    <div class=\"card-title fs-6 fw-normal cegg-text-truncate-2\">Zray X-Rider X3 12.0 SUP Board Stand Up Paddle Surf-Board ALU Paddel 365x81x15cm<\/div>                \n                \n                \n                \n                            <\/div>\n        <\/div>\n\n        <div class=\"col-9 col-md-3 offset-3 offset-md-0 pe-3 text-center\">\n\n                            <div class=\"cegg-card-price lh-1 mt-1 \">\n\n                    <div class=\"hstack justify-content-md-center gap-2\">\n                                                <div class=\"cegg-price fs-5 lh-1 mb-0\">\n                            &euro;348.49                        <\/div>\n                    <\/div>\n                    <div class=\"hstack justify-content-md-center gap-2\">\n\n                        \n                        \n                    <\/div>\n\n                <\/div>\n            \n                            <div class=\"cegg-card-button pt-3\">\n                    <div class=\"d-grid\"><a rel=\"nofollow noopener\" target=\"_blank\" href=\"https:\/\/www.amazon.de\/dp\/B07LBKX71S?tag=paddleboar061-21&amp;linkCode=ogi&amp;th=1&amp;psc=1\" class=\"stretched-link btn btn-outline-primary\">Click for best price<\/a><\/div>\n                <\/div>\n            \n                            <div class=\"cegg-merchant small fs-6 text-body-secondary text-truncate\">\n                    <small>Amazon.de<\/small>\n                <\/div>\n            \n                    <\/div>\n    <\/div>\n<\/div>    \n    \n    <div class=\"row g-2 fst-italic text-body-secondary mt-2 lh-1\">\n                    <div class=\"col text-md-end order-md-2 cegg-price-disclaimer\">\n                <small>Amazon price updated: <span class=\"text-nowrap\">07\/04\/2026 06:43<a href=\"#\" class=\"ms-1 text-decoration-none text-body-secondary\" title=\"Product prices and availability are accurate as of the date\/time indicated and are subject to change. Any price and availability information displayed on Amazon at the time of purchase will apply to the purchase of this product. As an Amazon associate I earn from qualifying purchases.\" onclick=\"event.preventDefault(); alert(this.title);\"><svg xmlns=\"http:\/\/www.w3.org\/2000\/svg\" width=\"16\" height=\"16\" fill=\"currentColor\" class=\"bi bi-info-circle\" viewBox=\"0 0 16 16\"><path d=\"M8 15A7 7 0 1 1 8 1a7 7 0 0 1 0 14m0 1A8 8 0 1 0 8 0a8 8 0 0 0 0 16\"\/><path d=\"m8.93 6.588-2.29.287-.082.38.45.083c.294.07.352.176.288.469l-.738 3.468c-.194.897.105 1.319.808 1.319.545 0 1.178-.252 1.465-.598l.088-.416c-.2.176-.492.246-.686.246-.275 0-.375-.193-.304-.533zM9 4.5a1 1 0 1 1-2 0 1 1 0 0 1 2 0\"\/><\/svg><\/a><\/span><\/small>\n            <\/div>\n                    <\/div>\n<\/div><\/div>\n\n\n\n<h3 class=\"wp-block-heading\"><span class=\"ez-toc-section\" id=\"ZRAY_Neue_Kollektion\"><\/span>ZRAY Neue Kollektion<span class=\"ez-toc-section-end\"><\/span><\/h3>\n\n\n\n<ol class=\"wp-block-list\"><li>ZRAY Evasion Epic 11&#8242;<\/li><li>ZRAY Evasion Deluxe 9&#8217;9&#8243;<\/li><li>ZRAY Evasion 9&#8242;<\/li><li>ZRAY X-Rider 9&#8217;9&#8243;<\/li><li>ZRAY X-Rider Deluxe 10&#8217;10&#8220;<\/li><li>ZRAY X-Rider Epic 12&#8242;<\/li><li>ZRAY X-Rider XL 13&#8242;<\/li><li>ZRAY X-Rider Young 9&#8242;<\/li><li>ZRAY Dual 10&#8242;<\/li><li>ZRAY Dual Deluxe 10&#8217;8&#8243;<\/li><\/ol>\n\n\n\n<div class=\"wp-block-group position-relative block-referral\"><div class=\"wp-block-group__inner-container is-layout-flow wp-block-group-is-layout-flow\">\n<div class=\"wp-block-group block-referral_content bg-dblue\"><div class=\"wp-block-group__inner-container is-layout-flow wp-block-group-is-layout-flow\">\n<p class=\"text-white\"><strong>Nachdem ich die Boards von Goosehill getestet habe, w\u00fcrde ich diese Paddelbretter dem ZRAY vorziehen<\/strong><\/p>\n\n\n\n<div class=\"wp-block-buttons is-layout-flex wp-block-buttons-is-layout-flex\">\n<div class=\"wp-block-button\"><a class=\"wp-block-button__link\" href=\"https:\/\/standuppaddleboardworld.com\/de\/goosehill-sup\/\">Lesen Sie die Bewertung der Goosehill-Boards<\/a><\/div>\n<\/div>\n<\/div><\/div>\n\n\n\n<figure class=\"wp-block-image size-large\"><img loading=\"lazy\" decoding=\"async\" width=\"1024\" height=\"768\" src=\"https:\/\/standuppaddleboardworld.com\/wp-content\/uploads\/2021\/06\/Goosehill-Paddle-Board-Tom-1024x768.jpg\" alt=\"Goosehill-Paddle-Board-Tom\" class=\"wp-image-37898\" title=\"\" srcset=\"https:\/\/standuppaddleboardworld.com\/wp-content\/uploads\/2021\/06\/Goosehill-Paddle-Board-Tom-1024x768.jpg 1024w, https:\/\/standuppaddleboardworld.com\/wp-content\/uploads\/2021\/06\/Goosehill-Paddle-Board-Tom-300x225.jpg 300w, https:\/\/standuppaddleboardworld.com\/wp-content\/uploads\/2021\/06\/Goosehill-Paddle-Board-Tom-768x576.jpg 768w, https:\/\/standuppaddleboardworld.com\/wp-content\/uploads\/2021\/06\/Goosehill-Paddle-Board-Tom-702x526.jpg 702w, https:\/\/standuppaddleboardworld.com\/wp-content\/uploads\/2021\/06\/Goosehill-Paddle-Board-Tom.jpg 1200w\" sizes=\"auto, (max-width: 1024px) 100vw, 1024px\" \/><\/figure>\n<\/div><\/div>\n","protected":false},"excerpt":{"rendered":"<p>ZRAY SUP-Boards sind f\u00fcr ihre Robustheit bekannt. Die aufblasbaren ZRAY-Paddel-Boards sind von h\u00f6chster Qualit\u00e4t und bestehen aus einem robusten Material, das aus mehreren Lagen besteht, dem Tropfstich. Dadurch kann das Board h\u00e4rter aufgeblasen werden als ein Standard-PVC-Board. Tausende von sehr starken Dr\u00e4hten halten das Board sehr fest zusammen. Aufgrund der verst\u00e4rkten doppelten Seitenwand ist die [&hellip;]<\/p>\n","protected":false},"author":1,"featured_media":2236,"parent":0,"menu_order":0,"comment_status":"open","ping_status":"closed","template":"page-templates\/reviews.php","meta":{"_genesis_hide_title":false,"_genesis_hide_breadcrumbs":false,"_genesis_hide_singular_image":false,"_genesis_hide_footer_widgets":false,"_genesis_custom_body_class":"","_genesis_custom_post_class":"","_genesis_layout":"","footnotes":""},"categories":[],"tags":[],"class_list":{"0":"post-2262","1":"page","2":"type-page","3":"status-publish","4":"has-post-thumbnail","6":"entry"},"acf":[],"_links":{"self":[{"href":"https:\/\/standuppaddleboardworld.com\/de\/wp-json\/wp\/v2\/pages\/2262","targetHints":{"allow":["GET"]}}],"collection":[{"href":"https:\/\/standuppaddleboardworld.com\/de\/wp-json\/wp\/v2\/pages"}],"about":[{"href":"https:\/\/standuppaddleboardworld.com\/de\/wp-json\/wp\/v2\/types\/page"}],"author":[{"embeddable":true,"href":"https:\/\/standuppaddleboardworld.com\/de\/wp-json\/wp\/v2\/users\/1"}],"replies":[{"embeddable":true,"href":"https:\/\/standuppaddleboardworld.com\/de\/wp-json\/wp\/v2\/comments?post=2262"}],"version-history":[{"count":0,"href":"https:\/\/standuppaddleboardworld.com\/de\/wp-json\/wp\/v2\/pages\/2262\/revisions"}],"wp:featuredmedia":[{"embeddable":true,"href":"https:\/\/standuppaddleboardworld.com\/de\/wp-json\/wp\/v2\/media\/2236"}],"wp:attachment":[{"href":"https:\/\/standuppaddleboardworld.com\/de\/wp-json\/wp\/v2\/media?parent=2262"}],"wp:term":[{"taxonomy":"category","embeddable":true,"href":"https:\/\/standuppaddleboardworld.com\/de\/wp-json\/wp\/v2\/categories?post=2262"},{"taxonomy":"post_tag","embeddable":true,"href":"https:\/\/standuppaddleboardworld.com\/de\/wp-json\/wp\/v2\/tags?post=2262"}],"curies":[{"name":"wp","href":"https:\/\/api.w.org\/{rel}","templated":true}]}}