{"id":2261,"date":"2020-02-04T14:30:29","date_gmt":"2020-02-04T14:30:29","guid":{"rendered":"https:\/\/standuppaddleboardworld.com\/?page_id=2261"},"modified":"2021-04-18T21:03:01","modified_gmt":"2021-04-18T20:03:01","slug":"blackfin-sup-boards","status":"publish","type":"page","link":"https:\/\/standuppaddleboardworld.com\/de\/blackfin-sup-boards\/","title":{"rendered":"Blackfin SUP-Boards"},"content":{"rendered":"\n<p class=\"block-conclusion\">Blackfin SUP-Boards sind eine von iRocker-Paddle-Boards geschaffene Marke. Beide Marken sind f\u00fcr ihre hohe Qualit\u00e4t und Robustheit bekannt. <br><br>Diese Boards sind im mittleren Preissegment des Marktes angesiedelt, in der Regel zwischen 650 \u20ac und 950 \u20ac f\u00fcr ein Komplettpaket mit allem notwendigen Zubeh\u00f6r. <br><br>Blackfin ist eine sehr beliebte Marke und verkauft sich weltweit gut.<br><br>Die hohe Qualit\u00e4t und Robustheit ist auf die dreilagige Verbundkonstruktion, den hochdichten Fallmaschen-Innenkern und die zweifach verschwei\u00dften Schwei\u00dfn\u00e4hte zur\u00fcckzuf\u00fchren.<br><br>Zurzeit enth\u00e4lt die Marke Blackfin vier Stand-Up-Paddel-Boards, von denen drei aufblasbar sind und eines ein hartes Board ist. Die Hartplatte wird jedoch nicht au\u00dferhalb der USA ausgeliefert.<br><br>Jedes Jahr werden die Boards sowohl von iRocker als auch von Blackfin mit neuer Technologie und \u00c4nderungen in der Funktionalit\u00e4t des Boards aktualisiert. <\/p>\n\n\n\n<h2 class=\"wp-block-heading\"><span class=\"ez-toc-section\" id=\"Neueste_Kollektion_von_Blackfin_SUP-Boards\"><\/span>Neueste Kollektion von Blackfin SUP-Boards<span class=\"ez-toc-section-end\"><\/span><\/h2><div id=\"ez-toc-container\" class=\"ez-toc-v2_0_82_2 counter-flat ez-toc-counter ez-toc-custom ez-toc-container-direction\">\n<label for=\"ez-toc-cssicon-toggle-item-69f789be16661\" class=\"ez-toc-cssicon-toggle-label\"><span class=\"\"><span class=\"eztoc-hide\" style=\"display:none;\">Toggle<\/span><span class=\"ez-toc-icon-toggle-span\"><svg style=\"fill: #1a2b49;color:#1a2b49\" xmlns=\"http:\/\/www.w3.org\/2000\/svg\" class=\"list-377408\" width=\"20px\" height=\"20px\" viewBox=\"0 0 24 24\" fill=\"none\"><path d=\"M6 6H4v2h2V6zm14 0H8v2h12V6zM4 11h2v2H4v-2zm16 0H8v2h12v-2zM4 16h2v2H4v-2zm16 0H8v2h12v-2z\" fill=\"currentColor\"><\/path><\/svg><svg style=\"fill: #1a2b49;color:#1a2b49\" class=\"arrow-unsorted-368013\" xmlns=\"http:\/\/www.w3.org\/2000\/svg\" width=\"10px\" height=\"10px\" viewBox=\"0 0 24 24\" version=\"1.2\" baseProfile=\"tiny\"><path d=\"M18.2 9.3l-6.2-6.3-6.2 6.3c-.2.2-.3.4-.3.7s.1.5.3.7c.2.2.4.3.7.3h11c.3 0 .5-.1.7-.3.2-.2.3-.5.3-.7s-.1-.5-.3-.7zM5.8 14.7l6.2 6.3 6.2-6.3c.2-.2.3-.5.3-.7s-.1-.5-.3-.7c-.2-.2-.4-.3-.7-.3h-11c-.3 0-.5.1-.7.3-.2.2-.3.5-.3.7s.1.5.3.7z\"\/><\/svg><\/span><\/span><\/label><input type=\"checkbox\"  id=\"ez-toc-cssicon-toggle-item-69f789be16661\"  aria-label=\"Toggle\" \/><nav><ul class='ez-toc-list ez-toc-list-level-1 ' ><li class='ez-toc-page-1'><a class=\"ez-toc-link ez-toc-heading-1\" href=\"https:\/\/standuppaddleboardworld.com\/de\/blackfin-sup-boards\/#Neueste_Kollektion_von_Blackfin_SUP-Boards\" >Neueste Kollektion von Blackfin SUP-Boards<\/a><\/li><\/ul><\/nav><\/div>\n\n\n\n\n<figure class=\"wp-block-gallery columns-2 is-cropped\"><ul class=\"blocks-gallery-grid\"><li class=\"blocks-gallery-item\"><figure><a href=\"https:\/\/geni.us\/BlackfinModelX\" target=\"_blank\" rel=\"noopener\"><img loading=\"lazy\" decoding=\"async\" width=\"713\" height=\"891\" src=\"https:\/\/standuppaddleboardworld.com\/wp-content\/uploads\/2020\/02\/Blackfinmodelx106.jpg\" alt=\"Blackfin Model X 10&#039;6 Paddle Board\" data-id=\"2121\" data-link=\"https:\/\/standuppaddleboardworld.com\/blackfin-sup\/blackfinmodelx106\/\" class=\"wp-image-2123\" title=\"\" srcset=\"https:\/\/standuppaddleboardworld.com\/wp-content\/uploads\/2020\/02\/Blackfinmodelx106.jpg 713w, https:\/\/standuppaddleboardworld.com\/wp-content\/uploads\/2020\/02\/Blackfinmodelx106-240x300.jpg 240w\" sizes=\"auto, (max-width: 713px) 100vw, 713px\" \/><figcaption class=\"blocks-gallery-item__caption\">Blackfin Model X 10&#8217;6&#8243;<\/figcaption><\/a><\/figure><\/li><li class=\"blocks-gallery-item\"><figure><a href=\"https:\/\/geni.us\/BlackfinModelX116\" target=\"_blank\" rel=\"noopener\"><img loading=\"lazy\" decoding=\"async\" width=\"713\" height=\"891\" src=\"https:\/\/standuppaddleboardworld.com\/wp-content\/uploads\/2020\/02\/Blackfinmodelx116.jpg\" alt=\"\" data-id=\"2124\" data-link=\"https:\/\/standuppaddleboardworld.com\/blackfin-sup\/blackfinmodelx116\/\" class=\"wp-image-2126\" title=\"\" srcset=\"https:\/\/standuppaddleboardworld.com\/wp-content\/uploads\/2020\/02\/Blackfinmodelx116.jpg 713w, https:\/\/standuppaddleboardworld.com\/wp-content\/uploads\/2020\/02\/Blackfinmodelx116-240x300.jpg 240w\" sizes=\"auto, (max-width: 713px) 100vw, 713px\" \/><figcaption class=\"blocks-gallery-item__caption\">Blackfin Model X 11&#8217;6&#8243;<\/figcaption><\/a><\/figure><\/li><li class=\"blocks-gallery-item\"><figure><a href=\"https:\/\/geni.us\/BlackfinModelX126\" target=\"_blank\" rel=\"noopener\"><img loading=\"lazy\" decoding=\"async\" width=\"713\" height=\"891\" src=\"https:\/\/standuppaddleboardworld.com\/wp-content\/uploads\/2020\/02\/Blackfinmodelx126.jpg\" alt=\"\" data-id=\"2127\" data-link=\"https:\/\/standuppaddleboardworld.com\/blackfin-sup\/blackfinmodelx126\/\" class=\"wp-image-2129\" title=\"\" srcset=\"https:\/\/standuppaddleboardworld.com\/wp-content\/uploads\/2020\/02\/Blackfinmodelx126.jpg 713w, https:\/\/standuppaddleboardworld.com\/wp-content\/uploads\/2020\/02\/Blackfinmodelx126-240x300.jpg 240w\" sizes=\"auto, (max-width: 713px) 100vw, 713px\" \/><figcaption class=\"blocks-gallery-item__caption\">Blackfin Model V 12&#8217;6&#8243;<\/figcaption><\/a><\/figure><\/li><li class=\"blocks-gallery-item\"><figure><a href=\"https:\/\/geni.us\/BlackfinModelSX\" target=\"_blank\" rel=\"noopener\"><img loading=\"lazy\" decoding=\"async\" width=\"1024\" height=\"967\" src=\"https:\/\/standuppaddleboardworld.com\/wp-content\/uploads\/2020\/02\/Blackfinmodelsx-1024x967.jpg\" alt=\"\" data-id=\"2130\" data-full-url=\"https:\/\/standuppaddleboardworld.com\/wp-content\/uploads\/2020\/02\/Blackfinmodelsx.jpg\" data-link=\"https:\/\/standuppaddleboardworld.com\/blackfin-sup\/blackfinmodelsx\/\" class=\"wp-image-2132\" title=\"\" srcset=\"https:\/\/standuppaddleboardworld.com\/wp-content\/uploads\/2020\/02\/Blackfinmodelsx-1024x967.jpg 1024w, https:\/\/standuppaddleboardworld.com\/wp-content\/uploads\/2020\/02\/Blackfinmodelsx-300x283.jpg 300w, https:\/\/standuppaddleboardworld.com\/wp-content\/uploads\/2020\/02\/Blackfinmodelsx-768x725.jpg 768w, https:\/\/standuppaddleboardworld.com\/wp-content\/uploads\/2020\/02\/Blackfinmodelsx-1536x1450.jpg 1536w, https:\/\/standuppaddleboardworld.com\/wp-content\/uploads\/2020\/02\/Blackfinmodelsx.jpg 2000w\" sizes=\"auto, (max-width: 1024px) 100vw, 1024px\" \/><figcaption class=\"blocks-gallery-item__caption\">Blackfin Model SX Hard Board<\/figcaption><\/a><\/figure><\/li><\/ul><\/figure>\n\n\n\n<p><\/p>\n","protected":false},"excerpt":{"rendered":"<p>Blackfin SUP-Boards sind eine von iRocker-Paddle-Boards geschaffene Marke. Beide Marken sind f\u00fcr ihre hohe Qualit\u00e4t und Robustheit bekannt. Diese Boards sind im mittleren Preissegment des Marktes angesiedelt, in der Regel zwischen 650 \u20ac und 950 \u20ac f\u00fcr ein Komplettpaket mit allem notwendigen Zubeh\u00f6r. Blackfin ist eine sehr beliebte Marke und verkauft sich weltweit gut. Die [&hellip;]<\/p>\n","protected":false},"author":1,"featured_media":2249,"parent":0,"menu_order":0,"comment_status":"closed","ping_status":"closed","template":"page-templates\/reviews.php","meta":{"_genesis_hide_title":false,"_genesis_hide_breadcrumbs":false,"_genesis_hide_singular_image":false,"_genesis_hide_footer_widgets":false,"_genesis_custom_body_class":"","_genesis_custom_post_class":"","_genesis_layout":"","footnotes":""},"categories":[],"tags":[],"class_list":{"0":"post-2261","1":"page","2":"type-page","3":"status-publish","4":"has-post-thumbnail","6":"entry"},"acf":[],"_links":{"self":[{"href":"https:\/\/standuppaddleboardworld.com\/de\/wp-json\/wp\/v2\/pages\/2261","targetHints":{"allow":["GET"]}}],"collection":[{"href":"https:\/\/standuppaddleboardworld.com\/de\/wp-json\/wp\/v2\/pages"}],"about":[{"href":"https:\/\/standuppaddleboardworld.com\/de\/wp-json\/wp\/v2\/types\/page"}],"author":[{"embeddable":true,"href":"https:\/\/standuppaddleboardworld.com\/de\/wp-json\/wp\/v2\/users\/1"}],"replies":[{"embeddable":true,"href":"https:\/\/standuppaddleboardworld.com\/de\/wp-json\/wp\/v2\/comments?post=2261"}],"version-history":[{"count":0,"href":"https:\/\/standuppaddleboardworld.com\/de\/wp-json\/wp\/v2\/pages\/2261\/revisions"}],"wp:featuredmedia":[{"embeddable":true,"href":"https:\/\/standuppaddleboardworld.com\/de\/wp-json\/wp\/v2\/media\/2249"}],"wp:attachment":[{"href":"https:\/\/standuppaddleboardworld.com\/de\/wp-json\/wp\/v2\/media?parent=2261"}],"wp:term":[{"taxonomy":"category","embeddable":true,"href":"https:\/\/standuppaddleboardworld.com\/de\/wp-json\/wp\/v2\/categories?post=2261"},{"taxonomy":"post_tag","embeddable":true,"href":"https:\/\/standuppaddleboardworld.com\/de\/wp-json\/wp\/v2\/tags?post=2261"}],"curies":[{"name":"wp","href":"https:\/\/api.w.org\/{rel}","templated":true}]}}