{"id":13657,"date":"2020-11-03T09:48:10","date_gmt":"2020-11-03T08:48:10","guid":{"rendered":"https:\/\/standuppaddleboardworld.com\/?page_id=13657"},"modified":"2020-12-08T10:55:49","modified_gmt":"2020-12-08T09:55:49","slug":"giveaway","status":"publish","type":"page","link":"https:\/\/standuppaddleboardworld.com\/de\/giveaway\/","title":{"rendered":"Stand Up Paddle Board GiveAway Gewinnspiel"},"content":{"rendered":"\n<p>Danke, dass du Stand Up Paddle Board World liest! Ich freue mich sehr \u00fcber jeden Leser und jede Leserin und wann immer m\u00f6glich m\u00f6chte ich daf\u00fcr etwas zur\u00fcckgeben. Deshalb organisiere ich dieses Giveaway, bei dem du tolle Artikel aus dem Bereich des SUP-Boarding und anderer Wassersportarten gewinnen kannst.<\/p>\n\n\n\n<p>Ich werde versuchen, so etwas so oft wie m\u00f6glich zu organisieren, sodass du dich darauf freuen kannst \u2013 ich liebe es au\u00dferdem, Dinge an meine tollen Leser zu verschenken! Ich werde nicht l\u00fcgen, also kann ich euch sagen, dass ich die ganzen Boards, die ich habe, sowieso nicht behalten kann \u2013 mein Haus ist nicht gro\u00df genug, um alle aufzubewahren, selbst, wenn alle Boards aufblasbar w\u00e4ren (\u2741\u00b4\u25e1`\u2741)<\/p>\n\n\n\n<figure class=\"wp-block-embed-youtube wp-block-embed is-type-video is-provider-youtube wp-embed-aspect-4-3 wp-has-aspect-ratio\"><div class=\"wp-block-embed__wrapper\">\n<iframe loading=\"lazy\" title=\"MOAI Infatable paddle board giveaway!\" width=\"500\" height=\"375\" src=\"https:\/\/www.youtube.com\/embed\/oUCcyG0VmrY?feature=oembed\" frameborder=\"0\" allow=\"accelerometer; autoplay; clipboard-write; encrypted-media; gyroscope; picture-in-picture; web-share\" referrerpolicy=\"strict-origin-when-cross-origin\" allowfullscreen><\/iframe>\n<\/div><\/figure>\n\n\n\n<h2 class=\"wp-block-heading\"><span class=\"ez-toc-section\" id=\"Mein_erstes_Gewinnspiel_in_Partnerschaft_mit_MOAI\"><\/span>Mein erstes Gewinnspiel in Partnerschaft mit MOAI<span class=\"ez-toc-section-end\"><\/span><\/h2><div id=\"ez-toc-container\" class=\"ez-toc-v2_0_82_2 counter-flat ez-toc-counter ez-toc-custom ez-toc-container-direction\">\n<label for=\"ez-toc-cssicon-toggle-item-69e8bb22e05fc\" class=\"ez-toc-cssicon-toggle-label\"><span class=\"\"><span class=\"eztoc-hide\" style=\"display:none;\">Toggle<\/span><span class=\"ez-toc-icon-toggle-span\"><svg style=\"fill: #1a2b49;color:#1a2b49\" xmlns=\"http:\/\/www.w3.org\/2000\/svg\" class=\"list-377408\" width=\"20px\" height=\"20px\" viewBox=\"0 0 24 24\" fill=\"none\"><path d=\"M6 6H4v2h2V6zm14 0H8v2h12V6zM4 11h2v2H4v-2zm16 0H8v2h12v-2zM4 16h2v2H4v-2zm16 0H8v2h12v-2z\" fill=\"currentColor\"><\/path><\/svg><svg style=\"fill: #1a2b49;color:#1a2b49\" class=\"arrow-unsorted-368013\" xmlns=\"http:\/\/www.w3.org\/2000\/svg\" width=\"10px\" height=\"10px\" viewBox=\"0 0 24 24\" version=\"1.2\" baseProfile=\"tiny\"><path d=\"M18.2 9.3l-6.2-6.3-6.2 6.3c-.2.2-.3.4-.3.7s.1.5.3.7c.2.2.4.3.7.3h11c.3 0 .5-.1.7-.3.2-.2.3-.5.3-.7s-.1-.5-.3-.7zM5.8 14.7l6.2 6.3 6.2-6.3c.2-.2.3-.5.3-.7s-.1-.5-.3-.7c-.2-.2-.4-.3-.7-.3h-11c-.3 0-.5.1-.7.3-.2.2-.3.5-.3.7s.1.5.3.7z\"\/><\/svg><\/span><\/span><\/label><input type=\"checkbox\"  id=\"ez-toc-cssicon-toggle-item-69e8bb22e05fc\"  aria-label=\"Toggle\" \/><nav><ul class='ez-toc-list ez-toc-list-level-1 ' ><li class='ez-toc-page-1'><a class=\"ez-toc-link ez-toc-heading-1\" href=\"https:\/\/standuppaddleboardworld.com\/de\/giveaway\/#Mein_erstes_Gewinnspiel_in_Partnerschaft_mit_MOAI\" >Mein erstes Gewinnspiel in Partnerschaft mit MOAI<\/a><\/li><li class='ez-toc-page-1'><a class=\"ez-toc-link ez-toc-heading-2\" href=\"https:\/\/standuppaddleboardworld.com\/de\/giveaway\/#Wann_ist_das_naechste_GiveAway_Gewinnspiel\" >Wann ist das n\u00e4chste GiveAway Gewinnspiel?<\/a><\/li><\/ul><\/nav><\/div>\n\n\n\n\n<p class=\"block-highlight\">Endlich bin ich bereit, mein erstes GiveAway in Zusammenarbeit mit dem MOAI zu starten, es hat am 8. Dezember angefangen! Um sicher zu sein, dass du an meinem Gewinnspiel teilnimmst, kannst du Folgendes tun:<br><br>\u25b6 <strong>SCHRITT 1:<\/strong><br><br>Gehe nach: <a aria-label=\" (opens in a new tab)\" rel=\"noreferrer noopener\" href=\"https:\/\/www.instagram.com\/moaiboards\/\" target=\"_blank\" class=\"rank-math-link\">https:\/\/www.instagram.com\/moaiboards\/<\/a> und<strong> folge MOAI Boards<\/strong><br><br>\u25b6<strong>SCHRITT 2:<\/strong><br><br>Gehe nach: <a aria-label=\" (opens in a new tab)\" rel=\"noreferrer noopener\" href=\"https:\/\/www.instagram.com\/standuppaddleboardworld\/\" target=\"_blank\" class=\"rank-math-link\">https:\/\/www.instagram.com\/standuppaddleboardworld\/<\/a> und <strong>folge mir auf dem Instagram!<\/strong><br><br>\u25b6<strong>SCHRITT 3:<\/strong><br><br>Gehe nach: <a href=\"https:\/\/standuppaddleboardworld.com\/giveaway\/\" class=\"rank-math-link\"><\/a><a rel=\"noreferrer noopener\" href=\"https:\/\/www.instagram.com\/standuppaddleboardworld\/\" target=\"_blank\">https:\/\/www.instagram.com\/standuppaddleboardworld\/<\/a> und <strong>markiere zwei Freunde in der GiveAway-Instagram-Nachricht!<\/strong><\/p>\n\n\n\n<p class=\"block-highlight\"><strong>DAS WAR ES! Jeder, der teilnehmen wird oder bereits teilgenommen hat, kann das Board gewinnen.<\/strong><br><br>Ich hoffe, ihr habt einen tollen Start in diesen Dezembermonat und ich w\u00fcnsche euch allen viel Gl\u00fcck mit meinem ersten GiveAway, ich bin mir sicher, dass in Zukunft noch viele weitere folgen werden!<br><br>Aus rechtlichen Gr\u00fcnden sind <a href=\"https:\/\/standuppaddleboardworld.com\/de\/giveaway\/teilnahmebedingungen-fuer-das-gewinnspiel\/\">hier alle Teilnahmebedingungen nachzulesen<\/a>. Selbstverst\u00e4ndlich werde ich eure Daten an niemanden weitergeben und nur eure E-Mailadresse benutzen um euch \u00fcber Gewinnspiele und Neuigkeiten \u00fcber Wassersport auf dem Laufenden zu halten!<\/p>\n\n\n\n<figure class=\"wp-block-image size-large\"><img loading=\"lazy\" decoding=\"async\" width=\"1024\" height=\"768\" src=\"https:\/\/standuppaddleboardworld.com\/wp-content\/uploads\/2020\/06\/Mistral-Lidl-SUP-Board-Tom-Falling-1-1024x768.jpg\" alt=\"Stand Up Paddle Board GiveAway\" class=\"wp-image-8843\" title=\"\" srcset=\"https:\/\/standuppaddleboardworld.com\/wp-content\/uploads\/2020\/06\/Mistral-Lidl-SUP-Board-Tom-Falling-1-1024x768.jpg 1024w, https:\/\/standuppaddleboardworld.com\/wp-content\/uploads\/2020\/06\/Mistral-Lidl-SUP-Board-Tom-Falling-1-300x225.jpg 300w, https:\/\/standuppaddleboardworld.com\/wp-content\/uploads\/2020\/06\/Mistral-Lidl-SUP-Board-Tom-Falling-1-768x576.jpg 768w, https:\/\/standuppaddleboardworld.com\/wp-content\/uploads\/2020\/06\/Mistral-Lidl-SUP-Board-Tom-Falling-1-702x526.jpg 702w, https:\/\/standuppaddleboardworld.com\/wp-content\/uploads\/2020\/06\/Mistral-Lidl-SUP-Board-Tom-Falling-1.jpg 1200w\" sizes=\"auto, (max-width: 1024px) 100vw, 1024px\" \/><\/figure>\n\n\n\n<h2 class=\"wp-block-heading\"><span class=\"ez-toc-section\" id=\"Wann_ist_das_naechste_GiveAway_Gewinnspiel\"><\/span>Wann ist das n\u00e4chste GiveAway Gewinnspiel?<span class=\"ez-toc-section-end\"><\/span><\/h2>\n\n\n\n<p>Bald werde ich mein erstes Giveaway starten (und versprochen, bald hei\u00dft wirklich bald, nicht wie bei anderen Seiten, wo dieser Begriff sehr locker gebraucht wird \u2026 \ud83d\ude09). Ich habe Anfang 2020 mit Stand Up Paddle World angefangen und es war ein sehr erfolgreiches Jahr, deswegen beende ich es mit einem tollen Giveaway \u2013 vertrau mir, der Preis wird das Warten auf jeden Fall wert sein!<\/p>\n\n\n\n<p>Denk also daran, dich f\u00fcr meinen Newsletter anzumelden (das kannst auf der rechten Seite hier tun) und ich werde dir darin mitteilen, wann das Gewinnspiel beginnt. Achte auch darauf, meinen <a href=\"https:\/\/www.facebook.com\/Stand-up-Paddle-board-world-108155824075435\/\" target=\"_blank\" aria-label=\" (opens in a new tab)\" rel=\"noreferrer noopener\" class=\"rank-math-link\">Facebook<\/a> und <a href=\"https:\/\/www.instagram.com\/standuppaddleboardworld\/\" target=\"_blank\" aria-label=\"Instagram (opens in a new tab)\" rel=\"noreferrer noopener\" class=\"rank-math-link\">Instagram<\/a> Seiten zu folgen, um die neuesten Ank\u00fcndigungen zu Giveaways mitzubekommen!<\/p>\n\n\n\n<p>Aus rechtlichen Gr\u00fcnden sind <a class=\"rank-math-link\" href=\"https:\/\/standuppaddleboardworld.com\/de\/giveaway\/teilnahmebedingungen-fuer-das-gewinnspiel\/\">hier alle Teilnahmebedingungen nachzulesen. Selbstverst\u00e4ndlich werde ich eure Daten an niemanden weitergeben und nur eure E-Mailadresse benutzen um euch \u00fcber Gewinnspiele und Neuigkeiten \u00fcber Wassersport auf dem Laufenden zu halten!<\/a><\/p>\n\n\n\n<p><br><br><\/p>\n","protected":false},"excerpt":{"rendered":"<p>Danke, dass du Stand Up Paddle Board World liest! Ich freue mich sehr \u00fcber jeden Leser und jede Leserin und wann immer m\u00f6glich m\u00f6chte ich daf\u00fcr etwas zur\u00fcckgeben. Deshalb organisiere ich dieses Giveaway, bei dem du tolle Artikel aus dem Bereich des SUP-Boarding und anderer Wassersportarten gewinnen kannst. Ich werde versuchen, so etwas so oft [&hellip;]<\/p>\n","protected":false},"author":1,"featured_media":8147,"parent":0,"menu_order":0,"comment_status":"closed","ping_status":"closed","template":"page-templates\/reviews.php","meta":{"_genesis_hide_title":false,"_genesis_hide_breadcrumbs":false,"_genesis_hide_singular_image":false,"_genesis_hide_footer_widgets":false,"_genesis_custom_body_class":"","_genesis_custom_post_class":"","_genesis_layout":"","footnotes":""},"categories":[],"tags":[],"class_list":{"0":"post-13657","1":"page","2":"type-page","3":"status-publish","4":"has-post-thumbnail","6":"entry"},"acf":[],"_links":{"self":[{"href":"https:\/\/standuppaddleboardworld.com\/de\/wp-json\/wp\/v2\/pages\/13657","targetHints":{"allow":["GET"]}}],"collection":[{"href":"https:\/\/standuppaddleboardworld.com\/de\/wp-json\/wp\/v2\/pages"}],"about":[{"href":"https:\/\/standuppaddleboardworld.com\/de\/wp-json\/wp\/v2\/types\/page"}],"author":[{"embeddable":true,"href":"https:\/\/standuppaddleboardworld.com\/de\/wp-json\/wp\/v2\/users\/1"}],"replies":[{"embeddable":true,"href":"https:\/\/standuppaddleboardworld.com\/de\/wp-json\/wp\/v2\/comments?post=13657"}],"version-history":[{"count":0,"href":"https:\/\/standuppaddleboardworld.com\/de\/wp-json\/wp\/v2\/pages\/13657\/revisions"}],"wp:featuredmedia":[{"embeddable":true,"href":"https:\/\/standuppaddleboardworld.com\/de\/wp-json\/wp\/v2\/media\/8147"}],"wp:attachment":[{"href":"https:\/\/standuppaddleboardworld.com\/de\/wp-json\/wp\/v2\/media?parent=13657"}],"wp:term":[{"taxonomy":"category","embeddable":true,"href":"https:\/\/standuppaddleboardworld.com\/de\/wp-json\/wp\/v2\/categories?post=13657"},{"taxonomy":"post_tag","embeddable":true,"href":"https:\/\/standuppaddleboardworld.com\/de\/wp-json\/wp\/v2\/tags?post=13657"}],"curies":[{"name":"wp","href":"https:\/\/api.w.org\/{rel}","templated":true}]}}