{"id":13656,"date":"2020-11-03T09:51:56","date_gmt":"2020-11-03T08:51:56","guid":{"rendered":"https:\/\/standuppaddleboardworld.com\/?page_id=13656"},"modified":"2021-05-17T14:27:48","modified_gmt":"2021-05-17T13:27:48","slug":"teilnahmebedingungen-fuer-das-gewinnspiel","status":"publish","type":"page","link":"https:\/\/standuppaddleboardworld.com\/de\/giveaway\/teilnahmebedingungen-fuer-das-gewinnspiel\/","title":{"rendered":"Teilnahmebedingungen f\u00fcr das Gewinnspiel"},"content":{"rendered":"\n<ol type=\"1\" class=\"list-styled wp-block-list\"><li>Der Veranstalter dieses Gewinnspiels ist Stand Up Paddle Board World.<\/li><li>Mitarbeiter von Stand Up Paddle Board World und deren Familienmitglieder, sowie jegliche Personen, die auf eine andere Art und Weise mit dem Gewinnspiel oder der Organisation des Gewinnspiels verbunden sind, sind von der Teilnahme am Gewinnspiel ausgeschlossen.<\/li><li>Es gibt keine Teilnahmegeb\u00fchr und es ist kein Kauf n\u00f6tig, um an diesem Gewinnspiel teilzunehmen.<\/li><li>Der ungef\u00e4hre Wert des m\u00f6glichen Gewinns betr\u00e4gt 499\u20ac.<\/li><li>Das Gewinnspiel beginnt am 1. Dezember 2020 und endet am 21. Dezember 2020. Nach diesem Datum kann nicht mehr am Gewinnspiel teilgenommen werden. Der Veranstalter beh\u00e4lt sich das Recht vor, das Start- und Enddatum zu \u00e4ndern.<\/li><li>Der Veranstalter kann keinerlei Verantwortung f\u00fcr nicht eingegangene Teilnahmen \u00fcbernehmen, die aus irgendwelchen Gr\u00fcnden nicht beim Veranstalter eingetroffen sind.<\/li><li>Der Veranstalter beh\u00e4lt sich das Recht vor, das Gewinnspiel sowie diese Teilnahmebedingungen ohne Ank\u00fcndigung zu \u00e4ndern oder zu annullieren, falls eine Katastrophe, ein Krieg, eine zivile oder milit\u00e4rische Notlage, eine Vorfall h\u00f6herer Gewalt, irgendein tats\u00e4chlicher oder anzunehmender Bruch der anzuwendenden Gesetze oder Regulierungen oder ein anderer Vorfall au\u00dferhalb der Kontrolle des Veranstalters vorf\u00e4llt. Jegliche \u00c4nderungen dieses Gewinnspiels werden den Teilnehmern so schnell wie m\u00f6glich von Seiten des Veranstalters mitgeteilt.<\/li><li>Der Veranstalter ist f\u00fcr ungenaue Angaben zu den Preisen, die von Dritten, die mit diesem Gewinnspiel verbunden sind, gegen\u00fcber Teilnehmern gemacht werden k\u00f6nnten, nicht verantwortlich.<\/li><li>Es werden keine Alternativen zu den Preisen in Bargeld angeboten. Preise sind nicht \u00fcbertragbar. Die Verf\u00fcgbarkeit bestimmt die \u00dcberreichung von Preisen und wir behalten uns das Recht vor, ohne vorherige Ank\u00fcndigung einen Preis durch einen gleichwertigen anderen Preis zu ersetzen.<\/li><li>Der Gewinner wird zuf\u00e4llig unter allen Teilnehmern ausgew\u00e4hlt, die die Kriterien f\u00fcr die Teilnahme am Gewinnspiel erf\u00fcllt haben.<\/li><li>Der Gewinner bekommt innerhalb von 28 Tagen nach dem Ende des Gewinnspiels per E-Mail eine Benachrichtigung, in der eine Anleitung mit Schritten enthalten sein wird, die zeigen, wie der Gewinn eingel\u00f6st werden kann. Wenn der Gewinner nicht kontaktiert werden kann oder den Preis nicht innerhalb von 14 Tagen nach der Benachrichtigung in Anspruch nimmt, behalten wir uns das Recht vor, den Preis zur\u00fcckzunehmen und einen anderen Gewinner auszuw\u00e4hlen.<\/li><li>Betrug jeglicher Form (z.B. durch das Einreichen mehrerer Teilnahmen durch verschiedene E-Mailadressen oder vergleichbare Vorgehensweisen) werden dich vom Gewinn des Gewinnspiels disqualifizieren.<\/li><li>Die Entscheidungen des Veranstalters bez\u00fcglich aller Angelegenheiten in Verbindung mit dem Gewinnspiel sind ma\u00dfgeblich sowie final und es wird dar\u00fcber keine Korrespondenz gef\u00fchrt werden.<\/li><li>Mit der Teilnahme an diesem Gewinnspiel zeigt der Teilnehmer sein Einverst\u00e4ndnis mit diesen Teilnahmebedingungen und seine Gebundenheit an diese.<\/li><li>Wenn eine der hier vorliegenden Bedingungen der Teilnahmebedingungen des Gewinnspiels ung\u00fcltig ist oder ung\u00fcltig wird, bleiben die \u00fcbrigen Bedingungen vollst\u00e4ndig g\u00fcltig. Die Firma wird die ung\u00fcltige Bedingung durch eine neue Bedingung ersetzen, bei der die Absicht und der Rahmen der urspr\u00fcnglichen Bedingung &#8211; so weit wie rechtlich m\u00f6glich &#8211; \u00fcbernommen werden.<\/li><li>Die Teilnahme am Gewinnspiel ist f\u00fcr Personen wohnhaft in jedem Land m\u00f6glich.<\/li><li>Das Gewinnspiel und diese Teilnahmebedingungen stehen unter der Rechtsprechung des K\u00f6nigreichs der Niederlande und jegliche rechtliche Auseinandersetzungen werden unter der exklusiven Rechtsprechung der niederl\u00e4ndischen Gerichte stattfinden.<\/li><li>Der Gewinner stimmt damit \u00fcberein, dass sein Name und Bild in \u00f6ffentlich zug\u00e4nglichem Material verwendet wird. Alle pers\u00f6nlichen Daten des Gewinners und anderer Teilnehmer werden lediglich in \u00dcbereinstimmung mit den niederl\u00e4ndischen Gesetzen verwendet werden und nicht an irgendeine dritte Partei weitergegeben werden, ohne dass der Teilnehmer dem zuvor zugestimmt hat.<\/li><li>Der Name des Gewinners wird innerhalb von 28 Tagen nach dem Ende der Frist des Gewinnspiels durch das Senden einer E-Mail an uns verf\u00fcgbar sein.<\/li><li>Die Teilnahme am Gewinnspiel wird als Einverst\u00e4ndnis mit diesen Teilnahmebedingungen gewertet.<\/li><li>Dieses Gewinnspiel ist in keiner Weise von Facebook, Twitter, Instagram oder einem anderen sozialen Netzwerk gesponsert, unterst\u00fctzt oder organisiert worden. Sie teilen Ihre Informationen lediglich Stand Up Paddle Board World, und somit keiner anderen Partei, mit. Die geteilten Informationen werden in \u00dcbereinstimmung mit den standardm\u00e4\u00dfigen Privatsph\u00e4re-Regelungen der Vereinigten Staaten verwendet.<\/li><li>Bei irgendwelchen Beschwerden oder Fragen zum Gewinnspiel, den Preisen oder diesen Teilnahmebedingungen f\u00fcr das Gewinnspiel sollte man sich direkt an die folgende Firmen-Email wenden<br><a href=\"mailto:tom@standuppaddleboardworld.com\">tom@standuppaddleboardworld.com<\/a><\/li><\/ol>\n","protected":false},"excerpt":{"rendered":"<p>Der Veranstalter dieses Gewinnspiels ist Stand Up Paddle Board World. Mitarbeiter von Stand Up Paddle Board World und deren Familienmitglieder, sowie jegliche Personen, die auf eine andere Art und Weise mit dem Gewinnspiel oder der Organisation des Gewinnspiels verbunden sind, sind von der Teilnahme am Gewinnspiel ausgeschlossen. Es gibt keine Teilnahmegeb\u00fchr und es ist kein [&hellip;]<\/p>\n","protected":false},"author":1,"featured_media":0,"parent":13657,"menu_order":0,"comment_status":"closed","ping_status":"closed","template":"page-templates\/reviews.php","meta":{"_genesis_hide_title":false,"_genesis_hide_breadcrumbs":false,"_genesis_hide_singular_image":false,"_genesis_hide_footer_widgets":false,"_genesis_custom_body_class":"","_genesis_custom_post_class":"","_genesis_layout":"","footnotes":""},"categories":[],"tags":[],"class_list":{"0":"post-13656","1":"page","2":"type-page","3":"status-publish","5":"entry"},"acf":[],"_links":{"self":[{"href":"https:\/\/standuppaddleboardworld.com\/de\/wp-json\/wp\/v2\/pages\/13656","targetHints":{"allow":["GET"]}}],"collection":[{"href":"https:\/\/standuppaddleboardworld.com\/de\/wp-json\/wp\/v2\/pages"}],"about":[{"href":"https:\/\/standuppaddleboardworld.com\/de\/wp-json\/wp\/v2\/types\/page"}],"author":[{"embeddable":true,"href":"https:\/\/standuppaddleboardworld.com\/de\/wp-json\/wp\/v2\/users\/1"}],"replies":[{"embeddable":true,"href":"https:\/\/standuppaddleboardworld.com\/de\/wp-json\/wp\/v2\/comments?post=13656"}],"version-history":[{"count":0,"href":"https:\/\/standuppaddleboardworld.com\/de\/wp-json\/wp\/v2\/pages\/13656\/revisions"}],"up":[{"embeddable":true,"href":"https:\/\/standuppaddleboardworld.com\/de\/wp-json\/wp\/v2\/pages\/13657"}],"wp:attachment":[{"href":"https:\/\/standuppaddleboardworld.com\/de\/wp-json\/wp\/v2\/media?parent=13656"}],"wp:term":[{"taxonomy":"category","embeddable":true,"href":"https:\/\/standuppaddleboardworld.com\/de\/wp-json\/wp\/v2\/categories?post=13656"},{"taxonomy":"post_tag","embeddable":true,"href":"https:\/\/standuppaddleboardworld.com\/de\/wp-json\/wp\/v2\/tags?post=13656"}],"curies":[{"name":"wp","href":"https:\/\/api.w.org\/{rel}","templated":true}]}}