{"id":11965,"date":"2020-10-01T08:30:33","date_gmt":"2020-10-01T07:30:33","guid":{"rendered":"https:\/\/standuppaddleboardworld.com\/?page_id=11965"},"modified":"2020-10-01T09:08:00","modified_gmt":"2020-10-01T08:08:00","slug":"kajak","status":"publish","type":"page","link":"https:\/\/standuppaddleboardworld.com\/de\/kajak\/","title":{"rendered":"Kajak"},"content":{"rendered":"\n<p>Interessierst du dich f\u00fcr Kajaks und lernst mehr \u00fcber die verschiedenen Kajakarten, wie man Kajak f\u00e4hrt, welches Zubeh\u00f6r man haben sollte, die besten Pl\u00e4tze zum Kajakfahren und vieles mehr? Dann bist du hier genau richtig f\u00fcr all deine Kajak-Informationen.<\/p>\n\n\n\n<figure class=\"wp-block-image size-large\"><img loading=\"lazy\" decoding=\"async\" width=\"1024\" height=\"682\" src=\"https:\/\/standuppaddleboardworld.com\/wp-content\/uploads\/2020\/07\/kajak-actie-1024x682.jpg\" alt=\"Kajak-Sch\u00f6ne-Umgebung\" class=\"wp-image-9116\" title=\"\" srcset=\"https:\/\/standuppaddleboardworld.com\/wp-content\/uploads\/2020\/07\/kajak-actie-1024x682.jpg 1024w, https:\/\/standuppaddleboardworld.com\/wp-content\/uploads\/2020\/07\/kajak-actie-300x200.jpg 300w, https:\/\/standuppaddleboardworld.com\/wp-content\/uploads\/2020\/07\/kajak-actie-768x512.jpg 768w, https:\/\/standuppaddleboardworld.com\/wp-content\/uploads\/2020\/07\/kajak-actie.jpg 1280w\" sizes=\"auto, (max-width: 1024px) 100vw, 1024px\" \/><\/figure>\n\n\n\n<h2 class=\"wp-block-heading\"><span class=\"ez-toc-section\" id=\"Kajak-Typen\"><\/span>Kajak-Typen<span class=\"ez-toc-section-end\"><\/span><\/h2><div id=\"ez-toc-container\" class=\"ez-toc-v2_0_82_2 counter-flat ez-toc-counter ez-toc-custom ez-toc-container-direction\">\n<label for=\"ez-toc-cssicon-toggle-item-69da60e1cb2c7\" class=\"ez-toc-cssicon-toggle-label\"><span class=\"\"><span class=\"eztoc-hide\" style=\"display:none;\">Toggle<\/span><span class=\"ez-toc-icon-toggle-span\"><svg style=\"fill: #1a2b49;color:#1a2b49\" xmlns=\"http:\/\/www.w3.org\/2000\/svg\" class=\"list-377408\" width=\"20px\" height=\"20px\" viewBox=\"0 0 24 24\" fill=\"none\"><path d=\"M6 6H4v2h2V6zm14 0H8v2h12V6zM4 11h2v2H4v-2zm16 0H8v2h12v-2zM4 16h2v2H4v-2zm16 0H8v2h12v-2z\" fill=\"currentColor\"><\/path><\/svg><svg style=\"fill: #1a2b49;color:#1a2b49\" class=\"arrow-unsorted-368013\" xmlns=\"http:\/\/www.w3.org\/2000\/svg\" width=\"10px\" height=\"10px\" viewBox=\"0 0 24 24\" version=\"1.2\" baseProfile=\"tiny\"><path d=\"M18.2 9.3l-6.2-6.3-6.2 6.3c-.2.2-.3.4-.3.7s.1.5.3.7c.2.2.4.3.7.3h11c.3 0 .5-.1.7-.3.2-.2.3-.5.3-.7s-.1-.5-.3-.7zM5.8 14.7l6.2 6.3 6.2-6.3c.2-.2.3-.5.3-.7s-.1-.5-.3-.7c-.2-.2-.4-.3-.7-.3h-11c-.3 0-.5.1-.7.3-.2.2-.3.5-.3.7s.1.5.3.7z\"\/><\/svg><\/span><\/span><\/label><input type=\"checkbox\"  id=\"ez-toc-cssicon-toggle-item-69da60e1cb2c7\"  aria-label=\"Toggle\" \/><nav><ul class='ez-toc-list ez-toc-list-level-1 ' ><li class='ez-toc-page-1'><a class=\"ez-toc-link ez-toc-heading-1\" href=\"https:\/\/standuppaddleboardworld.com\/de\/kajak\/#Kajak-Typen\" >Kajak-Typen<\/a><\/li><li class='ez-toc-page-1'><a class=\"ez-toc-link ez-toc-heading-2\" href=\"https:\/\/standuppaddleboardworld.com\/de\/kajak\/#Kajak-Kleidung\" >Kajak-Kleidung<\/a><\/li><li class='ez-toc-page-1'><a class=\"ez-toc-link ez-toc-heading-3\" href=\"https:\/\/standuppaddleboardworld.com\/de\/kajak\/#Kajak-Paddel\" >Kajak-Paddel<\/a><\/li><li class='ez-toc-page-1'><a class=\"ez-toc-link ez-toc-heading-4\" href=\"https:\/\/standuppaddleboardworld.com\/de\/kajak\/#Aufblasbare_Kajaks_aufblasbare_Kanus\" >Aufblasbare Kajaks &amp; aufblasbare Kanus<\/a><\/li><li class='ez-toc-page-1'><a class=\"ez-toc-link ez-toc-heading-5\" href=\"https:\/\/standuppaddleboardworld.com\/de\/kajak\/#Kajak-Zubehoer\" >Kajak-Zubeh\u00f6r<\/a><\/li><li class='ez-toc-page-1'><a class=\"ez-toc-link ez-toc-heading-6\" href=\"https:\/\/standuppaddleboardworld.com\/de\/kajak\/#Kajak-Dachtraeger\" >Kajak-Dachtr\u00e4ger<\/a><\/li><li class='ez-toc-page-1'><a class=\"ez-toc-link ez-toc-heading-7\" href=\"https:\/\/standuppaddleboardworld.com\/de\/kajak\/#Kajak-Anhaenger\" >Kajak-Anh\u00e4nger<\/a><\/li><li class='ez-toc-page-1'><a class=\"ez-toc-link ez-toc-heading-8\" href=\"https:\/\/standuppaddleboardworld.com\/de\/kajak\/#Kajak-Standorte\" >Kajak-Standorte<\/a><\/li><li class='ez-toc-page-1'><a class=\"ez-toc-link ez-toc-heading-9\" href=\"https:\/\/standuppaddleboardworld.com\/de\/kajak\/#Sit_On_Top_Kajak\" >Sit On Top Kajak<\/a><\/li><li class='ez-toc-page-1'><a class=\"ez-toc-link ez-toc-heading-10\" href=\"https:\/\/standuppaddleboardworld.com\/de\/kajak\/#Pedal-Kajak\" >Pedal-Kajak<\/a><\/li><li class='ez-toc-page-1'><a class=\"ez-toc-link ez-toc-heading-11\" href=\"https:\/\/standuppaddleboardworld.com\/de\/kajak\/#Tandem-Kajak\" >Tandem-Kajak<\/a><\/li><li class='ez-toc-page-1'><a class=\"ez-toc-link ez-toc-heading-12\" href=\"https:\/\/standuppaddleboardworld.com\/de\/kajak\/#Fischen_Kajak\" >Fischen Kajak<\/a><\/li><li class='ez-toc-page-1'><a class=\"ez-toc-link ez-toc-heading-13\" href=\"https:\/\/standuppaddleboardworld.com\/de\/kajak\/#Kajaks_zum_Verkauf\" >Kajaks zum Verkauf<\/a><\/li><\/ul><\/nav><\/div>\n\n\n\n\n<p>Es gibt viele verschiedene Arten von Kajaks auf dem Markt. Welche Kajaktypen passen am besten zu dir und was sind die Unterschiede zwischen Kajaks, die f\u00fcr verschiedene Zwecke hergestellt werden? Nachdem du diesen Artikel gelesen hast, wirst du wissen, welches Kajak f\u00fcr dich am besten geeignet ist und worauf du achten solltest, wenn du dir ein Kajak aussuchst, mit dem du aufs Wasser gehen m\u00f6chtest.<\/p>\n\n\n\n<div class=\"wp-block-buttons aligncenter is-layout-flex wp-block-buttons-is-layout-flex\">\n<div class=\"wp-block-button\"><a class=\"wp-block-button__link\">Lies mehr \u00fcber Kayak-Typen<\/a><\/div>\n<\/div>\n\n\n\n<figure class=\"wp-block-image\" id=\"block-881ecb0f-d550-4647-9bd2-6fb631d8f1dc\"><img decoding=\"async\" src=\"https:\/\/standuppaddleboardworld.com\/wp-content\/uploads\/2020\/09\/Kleurrijke-kayaks-1024x556.jpg\" alt=\"Bunte-Kajaks\" title=\"\"><\/figure>\n\n\n\n<h2 class=\"wp-block-heading\" id=\"block-23c8144b-a73e-4e64-bc61-8893778aaae4\"><span class=\"ez-toc-section\" id=\"Kajak-Kleidung\"><\/span>Kajak-Kleidung<span class=\"ez-toc-section-end\"><\/span><\/h2>\n\n\n\n<p id=\"block-48815359-691e-4c58-b134-f925640c20cf\">Nat\u00fcrlich ist es nicht nur wichtig, ein gutes Kajak zu haben, sondern auch das richtige Outfit zum Kajakfahren zu haben. Hier findest du weitere Informationen dar\u00fcber, welche Kleidungsst\u00fccke beim Kajakfahren gut zu tragen sind und von welchen Bedingungen dies abh\u00e4ngt.<\/p>\n\n\n\n<div class=\"wp-block-buttons aligncenter is-layout-flex wp-block-buttons-is-layout-flex\">\n<div class=\"wp-block-button\"><a class=\"wp-block-button__link\">Lies mehr \u00fcber Kajakbekleidung<\/a><\/div>\n<\/div>\n\n\n\n<figure class=\"wp-block-image\" id=\"block-e74fa9e4-5aff-43fd-be04-fdf8ba5d542d\"><img decoding=\"async\" src=\"https:\/\/standuppaddleboardworld.com\/wp-content\/uploads\/2020\/08\/kayaking-sunglasses-1024x630.jpg\" alt=\"Kajak-Sonnenbrille\" title=\"\"><\/figure>\n\n\n\n<h2 class=\"wp-block-heading\" id=\"block-b5456884-c44e-49a6-903e-d6e21a76e4ba\"><span class=\"ez-toc-section\" id=\"Kajak-Paddel\"><\/span>Kajak-Paddel<span class=\"ez-toc-section-end\"><\/span><\/h2>\n\n\n\n<p id=\"block-520acb05-c56a-4943-8be4-c3b058a3d647\">Es gibt verschiedene Arten von Kajakpaddeln (auch Ruder genannt), zum Beispiel mit geradem oder gebogenem Schaft, in verschiedenen L\u00e4ngen, verschiedenen Materialien, verschiedenen Klingenformen und so viel mehr. Es ist nicht so einfach, wie einfach das erste Paddel zu greifen, das du siehst, dies h\u00e4ngt unter anderem auch von der geplanten Aktivit\u00e4t und dem Gew\u00e4sser ab, auf dem du es benutzen willst.<\/p>\n\n\n\n<div class=\"wp-block-buttons aligncenter is-layout-flex wp-block-buttons-is-layout-flex\">\n<div class=\"wp-block-button\"><a class=\"wp-block-button__link\">Lies mehr \u00fcber Kajak-Paddels<\/a><\/div>\n<\/div>\n\n\n\n<figure class=\"wp-block-image\" id=\"block-146fcf57-56f9-4887-9b5c-39c53d37ecda\"><img decoding=\"async\" src=\"https:\/\/standuppaddleboardworld.com\/wp-content\/uploads\/2020\/08\/kayaking-woman-1024x629.jpg\" alt=\"Kajak-Frau\" title=\"\"><\/figure>\n\n\n\n<h2 class=\"wp-block-heading\" id=\"block-bfc62047-1b7c-43b5-bb13-2089d1d85b7c\"><span class=\"ez-toc-section\" id=\"Aufblasbare_Kajaks_aufblasbare_Kanus\"><\/span>Aufblasbare Kajaks &amp; aufblasbare Kanus<span class=\"ez-toc-section-end\"><\/span><\/h2>\n\n\n\n<p id=\"block-d884602e-7181-4503-aec0-53530b001a5a\">Aufblasbare Kajaks und aufblasbare Kanus werden auf dem Markt immer beliebter, weil sie im Vergleich zu den gro\u00dfen regul\u00e4ren Schiffen so einfach zu transportieren und zu lagern sind. Aber was ist die Qualit\u00e4t dieser aufblasbaren Produkte im Vergleich zu den &#8222;echten&#8220;, wie einfach ist es, sie zu benutzen und welche anderen eindeutigen Vorteile haben aufblasbare Produkte gegen\u00fcber den soliden Versionen?<\/p>\n\n\n\n<div class=\"wp-block-buttons aligncenter is-layout-flex wp-block-buttons-is-layout-flex\">\n<div class=\"wp-block-button\"><a class=\"wp-block-button__link\">Lies mehr \u00fcber aufblasbare Kajaks &amp; aufblasbare Kanus<\/a><\/div>\n<\/div>\n\n\n\n<figure class=\"wp-block-image\" id=\"block-9550a4f8-4005-41a7-9480-89ca23ee52f6\"><img decoding=\"async\" src=\"https:\/\/standuppaddleboardworld.com\/wp-content\/uploads\/2020\/09\/Kayak-Paddle-Leash-1024x768.jpg\" alt=\"Kajak-Paddel-Leine\" title=\"\"><\/figure>\n\n\n\n<h2 class=\"wp-block-heading\" id=\"block-eed8dc1a-3228-46fb-8533-7d997a172c15\"><span class=\"ez-toc-section\" id=\"Kajak-Zubehoer\"><\/span>Kajak-Zubeh\u00f6r<span class=\"ez-toc-section-end\"><\/span><\/h2>\n\n\n\n<p id=\"block-98917364-fb67-4412-80f5-1e9f29e11870\">Neben dem Kajak und dem Erz gibt es noch andere Accessoires, die dir das ganze Kajakfahren erleichtern k\u00f6nnen. Einige sind fast eine Notwendigkeit (wie eine Pumpe, wenn du mit einem Schlauchboot rausf\u00e4hrst), andere sind eher eine Luxusoption. Hier findest du eine \u00dcbersicht \u00fcber eine Menge dieser Accessoires, an die du vielleicht noch nicht einmal gedacht hast!<\/p>\n\n\n\n<div class=\"wp-block-buttons aligncenter is-layout-flex wp-block-buttons-is-layout-flex\">\n<div class=\"wp-block-button\"><a class=\"wp-block-button__link\">Lies mehr \u00fcber Kajakzubeh\u00f6r<\/a><\/div>\n<\/div>\n\n\n\n<figure class=\"wp-block-image\" id=\"block-fd216bfd-9d72-474a-95ed-73f249289da4\"><img decoding=\"async\" src=\"https:\/\/standuppaddleboardworld.com\/wp-content\/uploads\/2020\/09\/Kayak-Rack-Car.jpg\" alt=\"Kajak-Rack-Car\" title=\"\"><\/figure>\n\n\n\n<h2 class=\"wp-block-heading\" id=\"block-88f47277-d17c-42dd-85b0-00f8af1b8337\"><span class=\"ez-toc-section\" id=\"Kajak-Dachtraeger\"><\/span>Kajak-Dachtr\u00e4ger<span class=\"ez-toc-section-end\"><\/span><\/h2>\n\n\n\n<p id=\"block-d2a2049d-327e-48e7-b137-02935c08ee88\">Wenn du kein aufblasbares Kajak oder Kanu hast, wird es etwas schwieriger zu transportieren sein, aber mit einem Kajakdachtr\u00e4ger wird das viel einfacher. Du kannst das Kajak oder Kanu auf dem Dach deines Autos befestigen und es mit aufs Wasser nehmen. Ohne gro\u00dfe Anstrengung und ohne dein Boot zu besch\u00e4digen, eine gro\u00dfartige Option, die nicht so viel Stauraum ben\u00f6tigt wie ein Kajakanh\u00e4nger.<\/p>\n\n\n\n<div class=\"wp-block-buttons aligncenter is-layout-flex wp-block-buttons-is-layout-flex\">\n<div class=\"wp-block-button\"><a class=\"wp-block-button__link\">Lies mehr \u00fcber Kajakdachtr\u00e4ger<\/a><\/div>\n<\/div>\n\n\n\n<figure class=\"wp-block-image\" id=\"block-f4dd8e88-5cbc-46a7-9ae4-41d8b69c620a\"><img decoding=\"async\" src=\"https:\/\/standuppaddleboardworld.com\/wp-content\/uploads\/2020\/09\/Kayak-Trailer-Bikes-1024x579.jpg\" alt=\"Kajak-Anh\u00e4nger-Bikes\" title=\"\"><\/figure>\n\n\n\n<h2 class=\"wp-block-heading\" id=\"block-95a87fcf-1d57-44b2-92a1-a3c0772718fd\"><span class=\"ez-toc-section\" id=\"Kajak-Anhaenger\"><\/span>Kajak-Anh\u00e4nger<span class=\"ez-toc-section-end\"><\/span><\/h2>\n\n\n\n<p id=\"block-24e1d9a4-4239-4570-a439-f4e6d7873ce9\">Eine weitere M\u00f6glichkeit, dein solides Kajak, Kanu oder Stand Up Paddle Board zu transportieren, ist ein Kajakanh\u00e4nger, den du an dein Auto anh\u00e4ngen und einfach mit an den Strand nehmen kannst. Vielleicht sogar ein paar Fahrr\u00e4der oder noch mehr Zubeh\u00f6r, das du mitnehmen m\u00f6chtest. Wenn du f\u00fcr ein Wochenende oder l\u00e4nger in den Urlaub f\u00e4hrst, ist dies eine tolle Wahl, um alles auf einmal mitzunehmen.<\/p>\n\n\n\n<div class=\"wp-block-buttons aligncenter is-layout-flex wp-block-buttons-is-layout-flex\">\n<div class=\"wp-block-button\"><a class=\"wp-block-button__link\">Lies mehr \u00fcber Kajakanh\u00e4nger<\/a><\/div>\n<\/div>\n\n\n\n<figure class=\"wp-block-image\" id=\"block-170a6bfd-8733-4c2d-a617-77baa565c392\"><img decoding=\"async\" src=\"https:\/\/standuppaddleboardworld.com\/wp-content\/uploads\/2020\/09\/kayak-beautiful-ocean-1024x690.jpg\" alt=\"kajak-sch\u00f6n-ozean\" title=\"\"><\/figure>\n\n\n\n<h2 class=\"wp-block-heading\" id=\"block-4e43782e-6a82-4381-83d5-f447db9e0947\"><span class=\"ez-toc-section\" id=\"Kajak-Standorte\"><\/span>Kajak-Standorte<span class=\"ez-toc-section-end\"><\/span><\/h2>\n\n\n\n<p id=\"block-55973897-72f2-48dc-b28a-fc563164b7a6\">Hast du schon einen Ort im Kopf, wohin du mit deinem Kajak fahren m\u00f6chtest, oder hast du dich noch nicht entschieden? Das kann auch Einfluss auf die Art des Kajaks haben, das du kaufst (oder mietest) und kann dir ein ganz anderes Erlebnis bieten. Du kannst dir vorstellen, dass ein kleiner, ruhiger See eine andere Herangehensweise braucht als ein Wildwasserfluss\u2026 <\/p>\n\n\n\n<div class=\"wp-block-buttons aligncenter is-layout-flex wp-block-buttons-is-layout-flex\">\n<div class=\"wp-block-button\"><a class=\"wp-block-button__link\">Lies mehr \u00fcber Kayak Locations<\/a><\/div>\n<\/div>\n\n\n\n<figure class=\"wp-block-image\" id=\"block-91453678-7acf-4909-a40c-7423b4746e59\"><img decoding=\"async\" src=\"https:\/\/standuppaddleboardworld.com\/wp-content\/uploads\/2020\/09\/Tandem-Kayak-1024x576.jpg\" alt=\"Tandem-Kajak\" title=\"\"><\/figure>\n\n\n\n<h2 class=\"wp-block-heading\" id=\"block-abfef8d4-43a2-427a-95cf-997c1d9289ad\"><span class=\"ez-toc-section\" id=\"Sit_On_Top_Kajak\"><\/span>Sit On Top Kajak<span class=\"ez-toc-section-end\"><\/span><\/h2>\n\n\n\n<p id=\"block-e3ebf7bf-a210-48fa-986e-b3aa86224812\">Ein Sit On Top Kajak ist ein bisschen anders als ein normales Kajak. Anstatt h\u00f6here Seiten zu haben, hast du mehr Platz, um deine Arme frei an den Seiten zu bewegen und dein Kajaksitz ist oben auf dem Kajak befestigt, anstatt bereits eingebaut. Lies \u00fcber die Vor- und Nachteile dieses speziellen Kajaktyps und finde heraus, ob er f\u00fcr dich geeignet ist.<\/p>\n\n\n\n<div class=\"wp-block-buttons aligncenter is-layout-flex wp-block-buttons-is-layout-flex\">\n<div class=\"wp-block-button\"><a class=\"wp-block-button__link\">Lies mehr \u00fcber Sit On Top Kayaks<\/a><\/div>\n<\/div>\n\n\n\n<figure class=\"wp-block-image\" id=\"block-f9ae3539-24af-4c83-98f5-244a25a50ef8\"><img decoding=\"async\" src=\"https:\/\/standuppaddleboardworld.com\/wp-content\/uploads\/2020\/09\/Perception-Pedal-Kayak-Crank-1024x683.jpg\" alt=\"Wahrnehmungs-Pedal-Kajak-Kurbel\" title=\"\"><\/figure>\n\n\n\n<h2 class=\"wp-block-heading\" id=\"block-22626134-9054-4138-894e-b24548691230\"><span class=\"ez-toc-section\" id=\"Pedal-Kajak\"><\/span>Pedal-Kajak<span class=\"ez-toc-section-end\"><\/span><\/h2>\n\n\n\n<p id=\"block-8b55077f-196f-4e5c-819d-5e4dd26af50c\">Wenn du Lust hast, deine Beine statt deiner Arme zu trainieren, oder vielleicht eine Verletzung hast, die dich am Paddeln hindert, ist das Pedal-Kajak eine tolle L\u00f6sung, die dir viel Spa\u00df auf dem Wasser bieten kann. Diese Pedal-Kajaks sind auch in verschiedenen Gr\u00f6\u00dfen und Formen erh\u00e4ltlich. Lies \u00fcber die verschiedenen Arten von Tretkajaks und was die Vor- und Nachteile im Vergleich zu einem normalen Kajak sind.<\/p>\n\n\n\n<div class=\"wp-block-buttons aligncenter is-layout-flex wp-block-buttons-is-layout-flex\">\n<div class=\"wp-block-button\"><a class=\"wp-block-button__link\">Lies mehr \u00fcber Pedal-Kajaks<\/a><\/div>\n<\/div>\n\n\n\n<figure class=\"wp-block-image\" id=\"block-0dc2777c-1c16-4c25-bb51-6288bc7c1fd6\"><img decoding=\"async\" src=\"https:\/\/standuppaddleboardworld.com\/wp-content\/uploads\/2020\/09\/Tandem-Kayak-Groups-1024x682.jpg\" alt=\"Tandem-Kajak-Gruppen\" title=\"\"><\/figure>\n\n\n\n<h2 class=\"wp-block-heading\" id=\"block-68f2e1d8-be3f-43ae-8930-6dc8c4f31b7c\"><span class=\"ez-toc-section\" id=\"Tandem-Kajak\"><\/span>Tandem-Kajak<span class=\"ez-toc-section-end\"><\/span><\/h2>\n\n\n\n<p id=\"block-d5655862-28d5-4419-b50c-3a709dfb071a\">Ein Tandemkajak bietet eine Menge Spa\u00df, um gemeinsam aufs Wasser zu gehen. Nat\u00fcrlich kann es sehr viel Spa\u00df machen und sch\u00f6n ruhig sein, wenn man alleine unterwegs ist, aber jemanden zu haben, mit dem man sich unterhalten und das Abenteuer gemeinsam genie\u00dfen kann, tr\u00e4gt ebenfalls sehr viel zum Erlebnis bei und kann es noch angenehmer machen. Hier findest du die besten Tandemkajaks und Tipps f\u00fcr gemeinsame Ausfahrten auf dem Wasser.<\/p>\n\n\n\n<div class=\"wp-block-buttons aligncenter is-layout-flex wp-block-buttons-is-layout-flex\">\n<div class=\"wp-block-button\"><a class=\"wp-block-button__link\">Lies mehr \u00fcber Tandem-Kajaks<\/a><\/div>\n<\/div>\n\n\n\n<figure class=\"wp-block-image\" id=\"block-0b04e2a0-36ef-49d4-9456-65d7c56fbefc\"><img decoding=\"async\" src=\"https:\/\/standuppaddleboardworld.com\/wp-content\/uploads\/2020\/09\/Kayak-Fishing-Fishermen-1-1024x682.jpg\" alt=\"Kajak-Fischerei-Fischer\" title=\"\"><\/figure>\n\n\n\n<h2 class=\"wp-block-heading\" id=\"block-3abb55af-cee8-4291-933e-e74019726cb2\"><span class=\"ez-toc-section\" id=\"Fischen_Kajak\"><\/span>Fischen Kajak<span class=\"ez-toc-section-end\"><\/span><\/h2>\n\n\n\n<p id=\"block-c96595cc-95dd-4ec1-8029-5d4a24e273c0\">Vom Kajak aus zu fischen kann eine sehr entspannende Erfahrung sein. Einfach auf dem ruhigen Wasser herumzutreiben und darauf zu warten, dass die Fische anbei\u00dfen. Die zuvor genannten Tretkajaks bieten ebenfalls eine gro\u00dfartige Gelegenheit, da du sicher sein kannst, dass deine H\u00e4nde immer frei sind, um deinen gro\u00dfen Fang einzuholen. Welche Extras bieten diese verschiedenen Kajaks und worauf musst du achten?<\/p>\n\n\n\n<div class=\"wp-block-buttons aligncenter is-layout-flex wp-block-buttons-is-layout-flex\">\n<div class=\"wp-block-button\"><a class=\"wp-block-button__link\">Lies mehr \u00fcber Fishing Kayaks<\/a><\/div>\n<\/div>\n\n\n\n<figure class=\"wp-block-image\" id=\"block-fe8eabd2-49da-4f16-ab36-4167441d689c\"><img decoding=\"async\" src=\"https:\/\/standuppaddleboardworld.com\/wp-content\/uploads\/2020\/08\/kayaking-group-1024x575.jpg\" alt=\"kayaking-group\" title=\"\"><\/figure>\n\n\n\n<h2 class=\"wp-block-heading\" id=\"block-b37e6a0b-45f9-4201-a7b6-09b2d26fd7ac\"><span class=\"ez-toc-section\" id=\"Kajaks_zum_Verkauf\"><\/span>Kajaks zum Verkauf<span class=\"ez-toc-section-end\"><\/span><\/h2>\n\n\n\n<p id=\"block-9d7baa7d-5b1a-45c4-a031-645736cbb2d4\">Es gibt eine Menge Kajaks auf dem Markt zu verkaufen, aber wo kann man die besten Kajaks finden und welche Gesch\u00e4fte in deiner N\u00e4he verkaufen Kajaks. Nat\u00fcrlich gibt es heutzutage auch eine Menge Online-Optionen, von denen ich einige zuverl\u00e4ssige Gesch\u00e4fte auflisten werde, bei denen du dein eigenes Kajak kaufen kannst.<\/p>\n\n\n\n<div class=\"wp-block-buttons aligncenter is-layout-flex wp-block-buttons-is-layout-flex\">\n<div class=\"wp-block-button\"><a class=\"wp-block-button__link\">Lies mehr \u00fcber Kayaks zum Verkauf<\/a><\/div>\n<\/div>\n","protected":false},"excerpt":{"rendered":"<p>Interessierst du dich f\u00fcr Kajaks und lernst mehr \u00fcber die verschiedenen Kajakarten, wie man Kajak f\u00e4hrt, welches Zubeh\u00f6r man haben sollte, die besten Pl\u00e4tze zum Kajakfahren und vieles mehr? Dann bist du hier genau richtig f\u00fcr all deine Kajak-Informationen. Kajak-Typen Es gibt viele verschiedene Arten von Kajaks auf dem Markt. Welche Kajaktypen passen am besten [&hellip;]<\/p>\n","protected":false},"author":1,"featured_media":13351,"parent":0,"menu_order":0,"comment_status":"closed","ping_status":"closed","template":"page-templates\/content-hub-101.php","meta":{"_genesis_hide_title":false,"_genesis_hide_breadcrumbs":false,"_genesis_hide_singular_image":false,"_genesis_hide_footer_widgets":false,"_genesis_custom_body_class":"","_genesis_custom_post_class":"","_genesis_layout":"","footnotes":""},"categories":[],"tags":[],"class_list":{"0":"post-11965","1":"page","2":"type-page","3":"status-publish","4":"has-post-thumbnail","6":"entry"},"acf":[],"_links":{"self":[{"href":"https:\/\/standuppaddleboardworld.com\/de\/wp-json\/wp\/v2\/pages\/11965","targetHints":{"allow":["GET"]}}],"collection":[{"href":"https:\/\/standuppaddleboardworld.com\/de\/wp-json\/wp\/v2\/pages"}],"about":[{"href":"https:\/\/standuppaddleboardworld.com\/de\/wp-json\/wp\/v2\/types\/page"}],"author":[{"embeddable":true,"href":"https:\/\/standuppaddleboardworld.com\/de\/wp-json\/wp\/v2\/users\/1"}],"replies":[{"embeddable":true,"href":"https:\/\/standuppaddleboardworld.com\/de\/wp-json\/wp\/v2\/comments?post=11965"}],"version-history":[{"count":0,"href":"https:\/\/standuppaddleboardworld.com\/de\/wp-json\/wp\/v2\/pages\/11965\/revisions"}],"wp:featuredmedia":[{"embeddable":true,"href":"https:\/\/standuppaddleboardworld.com\/de\/wp-json\/wp\/v2\/media\/13351"}],"wp:attachment":[{"href":"https:\/\/standuppaddleboardworld.com\/de\/wp-json\/wp\/v2\/media?parent=11965"}],"wp:term":[{"taxonomy":"category","embeddable":true,"href":"https:\/\/standuppaddleboardworld.com\/de\/wp-json\/wp\/v2\/categories?post=11965"},{"taxonomy":"post_tag","embeddable":true,"href":"https:\/\/standuppaddleboardworld.com\/de\/wp-json\/wp\/v2\/tags?post=11965"}],"curies":[{"name":"wp","href":"https:\/\/api.w.org\/{rel}","templated":true}]}}