{"id":10668,"date":"2020-08-10T13:43:39","date_gmt":"2020-08-10T12:43:39","guid":{"rendered":"https:\/\/standuppaddleboardworld.com\/?page_id=10668"},"modified":"2021-05-17T11:21:04","modified_gmt":"2021-05-17T10:21:04","slug":"sup-groesse","status":"publish","type":"page","link":"https:\/\/standuppaddleboardworld.com\/de\/sup\/sup-groesse\/","title":{"rendered":"SUP Gr\u00f6\u00dfe"},"content":{"rendered":"\n<h2 class=\"wp-block-heading\"><span class=\"ez-toc-section\" id=\"Alles_was_du_ueber_die_Wahl_der_richtigen_SUP_Groesse_fuer_dein_Board_wissen_musst\"><\/span>Alles, was du \u00fcber die Wahl der richtigen SUP Gr\u00f6\u00dfe f\u00fcr dein Board wissen musst<span class=\"ez-toc-section-end\"><\/span><\/h2><div id=\"ez-toc-container\" class=\"ez-toc-v2_0_82_2 counter-flat ez-toc-counter ez-toc-custom ez-toc-container-direction\">\n<label for=\"ez-toc-cssicon-toggle-item-69e88e91d02e4\" class=\"ez-toc-cssicon-toggle-label\"><span class=\"\"><span class=\"eztoc-hide\" style=\"display:none;\">Toggle<\/span><span class=\"ez-toc-icon-toggle-span\"><svg style=\"fill: #1a2b49;color:#1a2b49\" xmlns=\"http:\/\/www.w3.org\/2000\/svg\" class=\"list-377408\" width=\"20px\" height=\"20px\" viewBox=\"0 0 24 24\" fill=\"none\"><path d=\"M6 6H4v2h2V6zm14 0H8v2h12V6zM4 11h2v2H4v-2zm16 0H8v2h12v-2zM4 16h2v2H4v-2zm16 0H8v2h12v-2z\" fill=\"currentColor\"><\/path><\/svg><svg style=\"fill: #1a2b49;color:#1a2b49\" class=\"arrow-unsorted-368013\" xmlns=\"http:\/\/www.w3.org\/2000\/svg\" width=\"10px\" height=\"10px\" viewBox=\"0 0 24 24\" version=\"1.2\" baseProfile=\"tiny\"><path d=\"M18.2 9.3l-6.2-6.3-6.2 6.3c-.2.2-.3.4-.3.7s.1.5.3.7c.2.2.4.3.7.3h11c.3 0 .5-.1.7-.3.2-.2.3-.5.3-.7s-.1-.5-.3-.7zM5.8 14.7l6.2 6.3 6.2-6.3c.2-.2.3-.5.3-.7s-.1-.5-.3-.7c-.2-.2-.4-.3-.7-.3h-11c-.3 0-.5.1-.7.3-.2.2-.3.5-.3.7s.1.5.3.7z\"\/><\/svg><\/span><\/span><\/label><input type=\"checkbox\"  id=\"ez-toc-cssicon-toggle-item-69e88e91d02e4\"  aria-label=\"Toggle\" \/><nav><ul class='ez-toc-list ez-toc-list-level-1 ' ><li class='ez-toc-page-1'><a class=\"ez-toc-link ez-toc-heading-1\" href=\"https:\/\/standuppaddleboardworld.com\/de\/sup\/sup-groesse\/#Alles_was_du_ueber_die_Wahl_der_richtigen_SUP_Groesse_fuer_dein_Board_wissen_musst\" >Alles, was du \u00fcber die Wahl der richtigen SUP Gr\u00f6\u00dfe f\u00fcr dein Board wissen musst<\/a><\/li><li class='ez-toc-page-1'><a class=\"ez-toc-link ez-toc-heading-2\" href=\"https:\/\/standuppaddleboardworld.com\/de\/sup\/sup-groesse\/#Welche_SUP_Groesse_sollte_ich_fuer_mein_Board_nehmen\" >Welche SUP Gr\u00f6\u00dfe sollte ich f\u00fcr mein Board nehmen?<\/a><\/li><li class='ez-toc-page-1'><a class=\"ez-toc-link ez-toc-heading-3\" href=\"https:\/\/standuppaddleboardworld.com\/de\/sup\/sup-groesse\/#SUP_Groessen_nach_bestimmten_Nutzungsarten\" >SUP Gr\u00f6\u00dfen nach bestimmten Nutzungsarten<\/a><\/li><li class='ez-toc-page-1'><a class=\"ez-toc-link ez-toc-heading-4\" href=\"https:\/\/standuppaddleboardworld.com\/de\/sup\/sup-groesse\/#Die_Stabilitaet_im_Vergleich_zwischen_harten_und_aufblasbaren_Boards\" >Die Stabilit\u00e4t im Vergleich zwischen harten und aufblasbaren Boards<\/a><\/li><li class='ez-toc-page-1'><a class=\"ez-toc-link ez-toc-heading-5\" href=\"https:\/\/standuppaddleboardworld.com\/de\/sup\/sup-groesse\/#Allgemeine_SUP_Groessen_fuer_Boards_fuer_Anfaenger\" >Allgemeine SUP Gr\u00f6\u00dfen f\u00fcr Boards f\u00fcr Anf\u00e4nger<\/a><\/li><li class='ez-toc-page-1'><a class=\"ez-toc-link ez-toc-heading-6\" href=\"https:\/\/standuppaddleboardworld.com\/de\/sup\/sup-groesse\/#Allgemeine_Groessen_fuer_Boards_fuer_Fortgeschrittene_und_Profis\" >Allgemeine Gr\u00f6\u00dfen f\u00fcr Boards f\u00fcr Fortgeschrittene und Profis<\/a><\/li><li class='ez-toc-page-1'><a class=\"ez-toc-link ez-toc-heading-7\" href=\"https:\/\/standuppaddleboardworld.com\/de\/sup\/sup-groesse\/#Schlussfolgerung_zu_den_SUP_Groesse\" >Schlussfolgerung zu den SUP Gr\u00f6\u00dfe<\/a><\/li><\/ul><\/nav><\/div>\n\n\n\n\n<p>Willkommen zur Welt der SUPs. Wenn du gerade erst anf\u00e4ngst und dich fragst \u201e<em>welche SUP Gr\u00f6\u00dfe brauche ich f\u00fcr mein Board?<\/em>\u201c, dann bist du hier genau richtig! Heute reden wir \u00fcber SUP Gr\u00f6\u00dfen.<\/p>\n\n\n\n<p>Wenn du lernen willst, wie man richtig paddelt, dann solltest du schlie\u00dflich auch die richtige SUP Gr\u00f6\u00dfe basierend auf deiner Gr\u00f6\u00dfe, deinem Gewicht aber auch deinen geplanten Aktivit\u00e4ten auf dem Wasser w\u00e4hlen k\u00f6nnen. Das richtige SUP f\u00fcr dich sollte gut genug treiben und Stabilit\u00e4t bieten, aber das sollte schnellem und geschmeidigem Paddeln nicht im Weg stehen.<\/p>\n\n\n\n<p>Nun wir das gekl\u00e4rt haben, lass uns ein paar Gr\u00f6\u00dfen f\u00fcr Boards betrachten und einige wichtige Infos besprechen.<\/p>\n\n\n\n<figure class=\"wp-block-image size-large\"><img loading=\"lazy\" decoding=\"async\" width=\"1024\" height=\"541\" src=\"https:\/\/standuppaddleboardworld.com\/wp-content\/uploads\/2020\/06\/Bluefin-Cruise-Carbon-Girl-1024x541.jpg\" alt=\"Bluefin-Cruise-Carbon-Girl\" class=\"wp-image-8177\" title=\"\" srcset=\"https:\/\/standuppaddleboardworld.com\/wp-content\/uploads\/2020\/06\/Bluefin-Cruise-Carbon-Girl-1024x541.jpg 1024w, https:\/\/standuppaddleboardworld.com\/wp-content\/uploads\/2020\/06\/Bluefin-Cruise-Carbon-Girl-300x159.jpg 300w, https:\/\/standuppaddleboardworld.com\/wp-content\/uploads\/2020\/06\/Bluefin-Cruise-Carbon-Girl-768x406.jpg 768w, https:\/\/standuppaddleboardworld.com\/wp-content\/uploads\/2020\/06\/Bluefin-Cruise-Carbon-Girl.jpg 1230w\" sizes=\"auto, (max-width: 1024px) 100vw, 1024px\" \/><figcaption>Ein 12\u2018-langes Board ist gut f\u00fcr Touren auf dem Wasser<\/figcaption><\/figure>\n\n\n\n<h1 class=\"wp-block-heading\"><span class=\"ez-toc-section\" id=\"Welche_SUP_Groesse_sollte_ich_fuer_mein_Board_nehmen\"><\/span>Welche SUP Gr\u00f6\u00dfe sollte ich f\u00fcr mein Board nehmen?<span class=\"ez-toc-section-end\"><\/span><\/h1>\n\n\n\n<p>Die SUP Gr\u00f6\u00dfe deines Boards wird gr\u00f6\u00dftenteils <strong>von dir abh\u00e4ngen<\/strong>, sowie von den <strong>Aktivit\u00e4ten<\/strong>, die du damit aus\u00fcben m\u00f6chtest. Allerdings solltest du als generelle Regel ein Board zwischen 304 und 335 Zentimeter L\u00e4nge mit einer Breite von 81 bis 86 Zentimeter w\u00e4hlen. <\/p>\n\n\n\n<p>Wenn du ganz neu beim SUP-Fahren dabei bist, w\u00fcrde ich empfehlen ein breiteres Board im Bereich einer Breite von 86 Zentimeter zu w\u00e4hlen, um zus\u00e4tzliche Stabilit\u00e4t zu bieten. Aber w\u00e4hle kein zu breites Board, denn das wird die Geschwindigkeit beeintr\u00e4chtigen und die ganze Sache wird sich etwas langsam anf\u00fchlen.<\/p>\n\n\n\n<p class=\"block-highlight\">W\u00e4hrend die oben genannten Dimensionen f\u00fcr Boards die am meisten genutzten sind, k\u00f6nntest du auch, wenn du eine d\u00fcnnere Person mit schmalem K\u00f6rper bist, ein k\u00fcrzeres Board w\u00e4hlen, dass du dann einfacher kontrollieren kannst. <\/p>\n\n\n\n<p>Also, welche SUP Gr\u00f6\u00dfe brauche ich f\u00fcr meine K\u00f6rpergr\u00f6\u00dfe, k\u00f6nntest du fragen. Nun ja, wenn du unter 67 kg wiegst oder ein Board suchst, das einfacher im Wasser zu man\u00f6vrieren und zu transportieren ist, dann w\u00e4re ein Board mit der L\u00e4nge von 292 Zentimetern die richtige Wahl f\u00fcr dich.<br><br>F\u00fcr hervorragende Stabilit\u00e4t ist eine Breite zwischen 76 und 81 Zentimetern gro\u00dfartig. Wenn du ein breiteres Board w\u00e4hlst, wird es zu langsam f\u00fcrs Paddeln werden. <em>Und wo bleibt denn dann der Spa\u00df?<\/em><\/p>\n\n\n\n<figure class=\"wp-block-image size-large\"><img loading=\"lazy\" decoding=\"async\" width=\"1024\" height=\"768\" src=\"https:\/\/standuppaddleboardworld.com\/wp-content\/uploads\/2020\/05\/MOAI-10-6-Tom-Paddling-1024x768.jpg\" alt=\"MOAI-10-6-Tom-Paddling\" class=\"wp-image-6533\" title=\"\" srcset=\"https:\/\/standuppaddleboardworld.com\/wp-content\/uploads\/2020\/05\/MOAI-10-6-Tom-Paddling-1024x768.jpg 1024w, https:\/\/standuppaddleboardworld.com\/wp-content\/uploads\/2020\/05\/MOAI-10-6-Tom-Paddling-300x225.jpg 300w, https:\/\/standuppaddleboardworld.com\/wp-content\/uploads\/2020\/05\/MOAI-10-6-Tom-Paddling-768x576.jpg 768w, https:\/\/standuppaddleboardworld.com\/wp-content\/uploads\/2020\/05\/MOAI-10-6-Tom-Paddling-702x526.jpg 702w, https:\/\/standuppaddleboardworld.com\/wp-content\/uploads\/2020\/05\/MOAI-10-6-Tom-Paddling.jpg 1200w\" sizes=\"auto, (max-width: 1024px) 100vw, 1024px\" \/><figcaption>Ein etwas breiteres Board bietet zus\u00e4tzliche Balance f\u00fcr deine Abenteuer beim Paddeln<\/figcaption><\/figure>\n\n\n\n<p>F\u00fcr Abenteurer, die gleich etwas Geschwindigkeit und eine gerade Fahrtlinie haben m\u00f6chten w\u00e4re ein Board mit einer L\u00e4nge von 384 Zentimetern und einer Breite von 81 Zentimetern als optimale Option zu empfehlen. <\/p>\n\n\n\n<p>Du kannst auch runter auf eine Breite von 71 Zentimetern gehen, aber das w\u00e4re f\u00fcr einen Anf\u00e4nger ziemlich unstabil, da man als Anf\u00e4nger vor allem anderen Stabilit\u00e4t ben\u00f6tigt. Diese Boards sind gro\u00df und stabil aber bieten auch etwas Geschwindigkeit, was sie f\u00fcr lange Touren auf dem Wasser sehr gut geeignet macht.<\/p>\n\n\n\n<p>Eine Sache sollte ich allerdings noch erw\u00e4hnen. Wenn du ein 384 Zentimeter langes Board nimmst, wirst du viel Spa\u00df haben, aber du musst dich fragen, ob den Aufbewahrungsplatz daf\u00fcr hast. Wenn du allerdings ein <a href=\"https:\/\/standuppaddleboardworld.com\/de\/bestes-aufblasbares-paddelboard\/\" class=\"rank-math-link\">aufblasbares Board<\/a> nimmst, macht das die Sache nat\u00fcrlich einfacher. <\/p>\n\n\n\n<p>Qualitativ hochwertige aufblasbare Boards bieten immer noch hervorragende Leistungen, ohne die Sorgen bez\u00fcglich der Aufbewahrung. Und das ist im Grunde der <em><u>Hauptunterschied<\/u><\/em> zwischen einem harten Board und einer aufblasbaren Variante.<\/p>\n\n\n\n<figure class=\"wp-block-image size-large\"><img loading=\"lazy\" decoding=\"async\" width=\"1024\" height=\"431\" src=\"https:\/\/standuppaddleboardworld.com\/wp-content\/uploads\/2020\/06\/MOAI-SUP-Collectie-1-1024x431.jpg\" alt=\"MOAI-SUP-Collection Paddle Board Sizes\" class=\"wp-image-8217\" title=\"\" srcset=\"https:\/\/standuppaddleboardworld.com\/wp-content\/uploads\/2020\/06\/MOAI-SUP-Collectie-1-1024x431.jpg 1024w, https:\/\/standuppaddleboardworld.com\/wp-content\/uploads\/2020\/06\/MOAI-SUP-Collectie-1-300x126.jpg 300w, https:\/\/standuppaddleboardworld.com\/wp-content\/uploads\/2020\/06\/MOAI-SUP-Collectie-1-768x323.jpg 768w, https:\/\/standuppaddleboardworld.com\/wp-content\/uploads\/2020\/06\/MOAI-SUP-Collectie-1-1536x647.jpg 1536w, https:\/\/standuppaddleboardworld.com\/wp-content\/uploads\/2020\/06\/MOAI-SUP-Collectie-1.jpg 1900w\" sizes=\"auto, (max-width: 1024px) 100vw, 1024px\" \/><figcaption>Welche Gr\u00f6\u00dfe f\u00fcr dein Board bevorzugst du bei deinen Paddel-Abenteuern?<\/figcaption><\/figure>\n\n\n\n<h2 class=\"wp-block-heading\"><span class=\"ez-toc-section\" id=\"SUP_Groessen_nach_bestimmten_Nutzungsarten\"><\/span>SUP Gr\u00f6\u00dfen nach bestimmten Nutzungsarten<span class=\"ez-toc-section-end\"><\/span><\/h2>\n\n\n\n<p>Wenn du dachtest, das war schon genug Information \u00fcber die SUP Gr\u00f6\u00dfen von Boards, wirst du feststellen, dass ich dich so schnell nicht gehen lasse! Schlie\u00dflich wirst du eine bessere Entscheidung beim Kauf deines ersten Boards treffen, wenn du dich umso mehr informiert hast.<\/p>\n\n\n\n<p>Also, wenn du im <strong>Wildwasser<\/strong> oder in <strong>Stromschnellen<\/strong> paddeln willst, wird ein 91 Zentimeter breites Board passend sein, aber das w\u00e4re f\u00fcr normales Paddeln zu breit. Du wirst weit ausholen m\u00fcssen, um einen vertikalen Schlag auszuf\u00fchren und dieser wird dann langsamer sein als es der Fall sein sollte.<\/p>\n\n\n\n<p>Wenn du ein Board m\u00f6chtest, das f\u00fcrs Surfing entworfen ist, dann w\u00e4re ein k\u00fcrzeres Board von ungef\u00e4hr 274 Zentimetern sehr gut. Allerdings solltest du daran denken, dass ein k\u00fcrzeres und d\u00fcnneres Board weniger stabil f\u00fcr normales Paddeln sein wird.<\/p>\n\n\n\n<figure class=\"wp-block-image size-large\"><img loading=\"lazy\" decoding=\"async\" width=\"1024\" height=\"683\" src=\"https:\/\/standuppaddleboardworld.com\/wp-content\/uploads\/2020\/01\/FanaticFlyAirReviewGuyActionWaves-1024x683.jpg\" alt=\"FanaticFlyAirReviewGuyActionWaves\" class=\"wp-image-1938\" title=\"\" srcset=\"https:\/\/standuppaddleboardworld.com\/wp-content\/uploads\/2020\/01\/FanaticFlyAirReviewGuyActionWaves-1024x683.jpg 1024w, https:\/\/standuppaddleboardworld.com\/wp-content\/uploads\/2020\/01\/FanaticFlyAirReviewGuyActionWaves-300x200.jpg 300w, https:\/\/standuppaddleboardworld.com\/wp-content\/uploads\/2020\/01\/FanaticFlyAirReviewGuyActionWaves-768x512.jpg 768w, https:\/\/standuppaddleboardworld.com\/wp-content\/uploads\/2020\/01\/FanaticFlyAirReviewGuyActionWaves-1536x1024.jpg 1536w, https:\/\/standuppaddleboardworld.com\/wp-content\/uploads\/2020\/01\/FanaticFlyAirReviewGuyActionWaves.jpg 1750w\" sizes=\"auto, (max-width: 1024px) 100vw, 1024px\" \/><figcaption>Kannst du dir vorstellen auf deinem Paddle-Board die Wellen zu reiten? (Bild von <a href=\"https:\/\/standuppaddleboardworld.com\/de\/fanatic-paddel-boards\/fanatic-fly-air\/\" class=\"rank-math-link\">Fanaftic Fly Air<\/a>)<\/figcaption><\/figure>\n\n\n\n<h2 class=\"wp-block-heading\"><span class=\"ez-toc-section\" id=\"Die_Stabilitaet_im_Vergleich_zwischen_harten_und_aufblasbaren_Boards\"><\/span>Die Stabilit\u00e4t im Vergleich zwischen harten und aufblasbaren Boards<span class=\"ez-toc-section-end\"><\/span><\/h2>\n\n\n\n<p>Basierend auf der Herstellungsweise gibt es einen leichten Vorteil f\u00fcr aufblasbare Boards im Vergleich zu Hardboards, was die Stabilit\u00e4t betrifft. Da sie aufgepumpt sind, bekommen diese Boards eine einheitliche Dicke von Spitze bist Hinterseite und bis an beide Seiten. <\/p>\n\n\n\n<p class=\"block-important-note\">Dies macht sie stabiler im Vergleich mit einem harten Board in der gleichen SUP Gr\u00f6\u00dfe, weswegen aufblasbare Boards insbesondere f\u00fcr Anf\u00e4nger so gut geeignet sind.<\/p>\n\n\n\n<p>Die Hardboards haben ein geringeres Gewicht um sie f\u00fcr Geschwindigkeit und das Surfen zu optimieren. Obwohl sie f\u00fcr erfahrene Paddler eine bessere Leistung bieten, sind sie nicht so stabil, wenn es um die Nutzung durch Anf\u00e4nger geht.<\/p>\n\n\n\n<figure class=\"wp-block-image size-large\"><img loading=\"lazy\" decoding=\"async\" width=\"972\" height=\"809\" src=\"https:\/\/standuppaddleboardworld.com\/wp-content\/uploads\/2020\/06\/Isle-Megalodon-Group.jpg\" alt=\"Isle-Megalodon-Group\" class=\"wp-image-7660\" title=\"\" srcset=\"https:\/\/standuppaddleboardworld.com\/wp-content\/uploads\/2020\/06\/Isle-Megalodon-Group.jpg 972w, https:\/\/standuppaddleboardworld.com\/wp-content\/uploads\/2020\/06\/Isle-Megalodon-Group-300x250.jpg 300w, https:\/\/standuppaddleboardworld.com\/wp-content\/uploads\/2020\/06\/Isle-Megalodon-Group-768x639.jpg 768w\" sizes=\"auto, (max-width: 972px) 100vw, 972px\" \/><figcaption>Wie viel stabiler k\u00f6nnte man sich ein aufblasbares SUP \u00fcberhaupt vorstellen!? (Bild des <a href=\"https:\/\/standuppaddleboardworld.com\/de\/gigantischen-sup-boards\/\" class=\"rank-math-link\">Isle Megalodon<\/a>)<\/figcaption><\/figure>\n\n\n\n<p>Ein weiterer Aspekt der Stabilit\u00e4t und Performance der Boards ist die Dicke. Die meisten Paddler sollten Boards mit einer Dicke von 5 oder 6 Inch in Betracht ziehen. Allerdings solltest du, wenn du mehr als 100 kg wiegst, ein Board mit einer Dicke von 6 Inch w\u00e4hlen, da es insgesamt mehr Volumen hat, und daher stabiler auf dem Wasser sein wird.<\/p>\n\n\n\n<p>Nat\u00fcrlich beeinflussen viele Variablen abgesehen von der L\u00e4nge, Breite und zus\u00e4tzlichem Zubeh\u00f6r au\u00dferdem die Performance eines Boards. Ich habe auch eine Tabelle erstellt, die dich durch den Prozess f\u00fchrt, dein erstes Board zu kaufen ohne dabei einen Fehler zu machen.<\/p>\n\n\n\n<p>Benutze diese Abstufungen f\u00fcr die Gr\u00f6\u00dfe deines Boards f\u00fcr Allrounder-Boards die stabil und belastbar sind, sodass du das Paddeln leicht erlernen kannst. W\u00e4hrend die Zeit vergeht und du die Technik verbesserst, kannst du dein Board mit <a href=\"https:\/\/standuppaddleboardworld.com\/de\/sup-zubehoer\/\" class=\"rank-math-link\">zus\u00e4tzlichem Zubeh\u00f6r<\/a> upgraden, oder ein neues kaufen, dass dann mehr auf Performance als auf Stabilit\u00e4t gerichtet ist.<\/p>\n\n\n\n<figure class=\"wp-block-image size-large\"><img loading=\"lazy\" decoding=\"async\" width=\"1024\" height=\"768\" src=\"https:\/\/standuppaddleboardworld.com\/wp-content\/uploads\/2020\/06\/Bluefin-Cruise-Kayak-Seat-Action-Girl-1024x768.jpg\" alt=\"Bluefin-Cruise-Kayak-Seat-Action-Girl\" class=\"wp-image-8096\" title=\"\" srcset=\"https:\/\/standuppaddleboardworld.com\/wp-content\/uploads\/2020\/06\/Bluefin-Cruise-Kayak-Seat-Action-Girl-1024x768.jpg 1024w, https:\/\/standuppaddleboardworld.com\/wp-content\/uploads\/2020\/06\/Bluefin-Cruise-Kayak-Seat-Action-Girl-300x225.jpg 300w, https:\/\/standuppaddleboardworld.com\/wp-content\/uploads\/2020\/06\/Bluefin-Cruise-Kayak-Seat-Action-Girl-768x576.jpg 768w, https:\/\/standuppaddleboardworld.com\/wp-content\/uploads\/2020\/06\/Bluefin-Cruise-Kayak-Seat-Action-Girl-702x526.jpg 702w, https:\/\/standuppaddleboardworld.com\/wp-content\/uploads\/2020\/06\/Bluefin-Cruise-Kayak-Seat-Action-Girl.jpg 1200w\" sizes=\"auto, (max-width: 1024px) 100vw, 1024px\" \/><figcaption>Als Anf\u00e4nger kannst du dich auch einfach hinsetzen und paddeln um die Stabilit\u00e4t zu gew\u00e4hrleisten<\/figcaption><\/figure>\n\n\n\n<h2 class=\"wp-block-heading\"><span class=\"ez-toc-section\" id=\"Allgemeine_SUP_Groessen_fuer_Boards_fuer_Anfaenger\"><\/span>Allgemeine SUP Gr\u00f6\u00dfen f\u00fcr Boards f\u00fcr Anf\u00e4nger<span class=\"ez-toc-section-end\"><\/span><\/h2>\n\n\n\n<figure class=\"wp-block-image size-large\"><img loading=\"lazy\" decoding=\"async\" width=\"871\" height=\"279\" src=\"https:\/\/standuppaddleboardworld.com\/wp-content\/uploads\/2020\/06\/paddle-board-sizing-beginners.png\" alt=\"paddle-board-sizing-beginners\" class=\"wp-image-8714\" title=\"\" srcset=\"https:\/\/standuppaddleboardworld.com\/wp-content\/uploads\/2020\/06\/paddle-board-sizing-beginners.png 871w, https:\/\/standuppaddleboardworld.com\/wp-content\/uploads\/2020\/06\/paddle-board-sizing-beginners-300x96.png 300w, https:\/\/standuppaddleboardworld.com\/wp-content\/uploads\/2020\/06\/paddle-board-sizing-beginners-768x246.png 768w\" sizes=\"auto, (max-width: 871px) 100vw, 871px\" \/><\/figure>\n\n\n\n<p>W\u00e4hrend diese Tabelle gute allgemeine SUP Gr\u00f6\u00dfenangaben f\u00fcr Allrounder-Boards f\u00fcr Leute gibt, die gerade mit dem Paddeln beginnen, gibt es einige Unterschiede f\u00fcr den Fall, dass du ein erfahrenerer Paddler bist. F\u00fcr diesen Fall w\u00fcrde ich dir die folgenden SUP Gr\u00f6\u00dfenangaben naheliegen, die hier unten aufgelistet sind:<\/p>\n\n\n\n<h2 class=\"wp-block-heading\"><span class=\"ez-toc-section\" id=\"Allgemeine_Groessen_fuer_Boards_fuer_Fortgeschrittene_und_Profis\"><\/span>Allgemeine Gr\u00f6\u00dfen f\u00fcr Boards f\u00fcr Fortgeschrittene und Profis<span class=\"ez-toc-section-end\"><\/span><\/h2>\n\n\n\n<figure class=\"wp-block-image size-large\"><img loading=\"lazy\" decoding=\"async\" width=\"870\" height=\"280\" src=\"https:\/\/standuppaddleboardworld.com\/wp-content\/uploads\/2020\/06\/paddle-board-sizing-advanced.png\" alt=\"paddle-board-sizing-advanced\" class=\"wp-image-8711\" title=\"\" srcset=\"https:\/\/standuppaddleboardworld.com\/wp-content\/uploads\/2020\/06\/paddle-board-sizing-advanced.png 870w, https:\/\/standuppaddleboardworld.com\/wp-content\/uploads\/2020\/06\/paddle-board-sizing-advanced-300x97.png 300w, https:\/\/standuppaddleboardworld.com\/wp-content\/uploads\/2020\/06\/paddle-board-sizing-advanced-768x247.png 768w\" sizes=\"auto, (max-width: 870px) 100vw, 870px\" \/><\/figure>\n\n\n\n<p>Wenn du mehr und mehr Erfahrung sammelst beim Paddeln wird sogar die zweite Tabelle f\u00fcr dich irgendwann nutzlos werden, da Profi-Paddler sich Boards nach bestimmten Indikatoren f\u00fcr Leistung aussuchen, anstatt nach L\u00e4ngenma\u00dfen.<\/p>\n\n\n\n<p>Also, w\u00e4hrend die zweite Tabelle f\u00fcr erfahrene Paddler n\u00fctzlich sein sollte, <strong>bezieht es sich dennoch auf Allrounder-Board-Gr\u00f6\u00dfen anstatt auf spezifische Leistungsvorteile<\/strong>. Wenn du zum Beispiel surfen willst oder im Wildwasser unterwegs sein m\u00f6chtest, k\u00f6nnten die Gr\u00f6\u00dfen des Boards abweichen. <\/p>\n\n\n\n<p>Nun ich das gesagt habe: du hast vielleicht gesehen, dass sich die L\u00e4nge f\u00fcr Anf\u00e4nger und Fortgeschrittene nicht wirklich ver\u00e4ndert, als du die Tabellen verglichen hast. Die L\u00e4nge des Boards sollte nicht haupts\u00e4chlich auf das Gewicht des Sportlers zur\u00fcckgef\u00fchrt werden, sondern haupts\u00e4chlich auf:<\/p>\n\n\n\n<ul class=\"wp-block-list\"><li>Die bestimmte Aktivit\u00e4t, die du mit deinem Board aus\u00fcben willst<\/li><li>Die Bedingungen unter denen du dein Board nutzen willst (Bereich der Wind- und Wasserbedingungen)<\/li><li>Deine Gr\u00f6\u00dfe und die Reichweite deiner Arme<\/li><li>Ob du alleine paddeln willst oder Kinder\/Haustiere mit aufs Board nehmen m\u00f6chtest<\/li><\/ul>\n\n\n\n<figure class=\"wp-block-image size-large\"><img loading=\"lazy\" decoding=\"async\" width=\"1024\" height=\"768\" src=\"https:\/\/standuppaddleboardworld.com\/wp-content\/uploads\/2019\/12\/BlackfinModelXGirlDog-1024x768.jpg\" alt=\"BlackfinModelXGirlDog\" class=\"wp-image-592\" title=\"\" srcset=\"https:\/\/standuppaddleboardworld.com\/wp-content\/uploads\/2019\/12\/BlackfinModelXGirlDog-1024x768.jpg 1024w, https:\/\/standuppaddleboardworld.com\/wp-content\/uploads\/2019\/12\/BlackfinModelXGirlDog-300x225.jpg 300w, https:\/\/standuppaddleboardworld.com\/wp-content\/uploads\/2019\/12\/BlackfinModelXGirlDog-768x576.jpg 768w, https:\/\/standuppaddleboardworld.com\/wp-content\/uploads\/2019\/12\/BlackfinModelXGirlDog-702x526.jpg 702w, https:\/\/standuppaddleboardworld.com\/wp-content\/uploads\/2019\/12\/BlackfinModelXGirlDog.jpg 1440w\" sizes=\"auto, (max-width: 1024px) 100vw, 1024px\" \/><figcaption>Zusammen paddeln mit dem Hund auf einem <a href=\"https:\/\/standuppaddleboardworld.com\/de\/blackfin-sup-boards\/blackfin-model-x\/\" class=\"rank-math-link\">Blackfin Model X<\/a><\/figcaption><\/figure>\n\n\n\n<h2 class=\"wp-block-heading\"><span class=\"ez-toc-section\" id=\"Schlussfolgerung_zu_den_SUP_Groesse\"><\/span>Schlussfolgerung zu den SUP Gr\u00f6\u00dfe<span class=\"ez-toc-section-end\"><\/span><\/h2>\n\n\n\n<p class=\"block-conclusion\">W\u00e4hrend diese Infos dir ein grundlegendes Verst\u00e4ndnis gegeben haben sollten und du jetzt nicht mehr so verwirrt sein solltest wie zuvor, wenn du \u00fcber die Gr\u00f6\u00dfe deines ben\u00f6tigten Boards nachdenkst, gibt es trotzdem noch zus\u00e4tzliche Infos \u00fcber Accessoires und Ausr\u00fcstung sowie andere an der Leistung orientierte Indikatoren, die deine Kaufoptionen eingrenzen k\u00f6nnten.<br><br>Du kannst alles, was du wissen musst, in anderen Artikeln \u00fcber Boards und das Paddeln im Allgemeinen hier finden, also schau dich gerne um, jetzt wo du eh schonmal hier bist. <strong>Wenn du zudem noch Fragen oder Zweifel bez\u00fcglich der Gr\u00f6\u00dfen f\u00fcr dein Board oder das SUP-Fahren im Allgemeinen hast, schreib mich gerne an. Ich helfe gerne.<\/strong><\/p>\n\n\n\n<p><em><em>\u00dcber Kontakt zu mir gesprochen, vergiss auch nicht dir<\/em><\/em> <em>meine <a href=\"https:\/\/www.facebook.com\/Stand-up-Paddle-board-world-108155824075435\/\" target=\"_blank\" aria-label=\" (opens in a new tab)\" rel=\"noreferrer noopener\" class=\"rank-math-link\">Facebook<\/a> und <a href=\"https:\/\/www.instagram.com\/standuppaddleboardworld\/\" target=\"_blank\" aria-label=\" (opens in a new tab)\" rel=\"noreferrer noopener\" class=\"rank-math-link\">Instagram<\/a> <em>Accounts anzusehen, um mehr coole Tipps und Empfehlungen f\u00fcr SUP-Boards und Zubeh\u00f6r zu bekommen.<\/em><\/em><\/p>\n","protected":false},"excerpt":{"rendered":"<p>Alles, was du \u00fcber die Wahl der richtigen SUP Gr\u00f6\u00dfe f\u00fcr dein Board wissen musst Willkommen zur Welt der SUPs. Wenn du gerade erst anf\u00e4ngst und dich fragst \u201ewelche SUP Gr\u00f6\u00dfe brauche ich f\u00fcr mein Board?\u201c, dann bist du hier genau richtig! Heute reden wir \u00fcber SUP Gr\u00f6\u00dfen. Wenn du lernen willst, wie man richtig [&hellip;]<\/p>\n","protected":false},"author":1,"featured_media":8865,"parent":10673,"menu_order":0,"comment_status":"open","ping_status":"closed","template":"page-templates\/reviews.php","meta":{"_genesis_hide_title":false,"_genesis_hide_breadcrumbs":false,"_genesis_hide_singular_image":false,"_genesis_hide_footer_widgets":false,"_genesis_custom_body_class":"","_genesis_custom_post_class":"","_genesis_layout":"","footnotes":""},"categories":[],"tags":[],"class_list":{"0":"post-10668","1":"page","2":"type-page","3":"status-publish","4":"has-post-thumbnail","6":"entry"},"acf":[],"_links":{"self":[{"href":"https:\/\/standuppaddleboardworld.com\/de\/wp-json\/wp\/v2\/pages\/10668","targetHints":{"allow":["GET"]}}],"collection":[{"href":"https:\/\/standuppaddleboardworld.com\/de\/wp-json\/wp\/v2\/pages"}],"about":[{"href":"https:\/\/standuppaddleboardworld.com\/de\/wp-json\/wp\/v2\/types\/page"}],"author":[{"embeddable":true,"href":"https:\/\/standuppaddleboardworld.com\/de\/wp-json\/wp\/v2\/users\/1"}],"replies":[{"embeddable":true,"href":"https:\/\/standuppaddleboardworld.com\/de\/wp-json\/wp\/v2\/comments?post=10668"}],"version-history":[{"count":0,"href":"https:\/\/standuppaddleboardworld.com\/de\/wp-json\/wp\/v2\/pages\/10668\/revisions"}],"up":[{"embeddable":true,"href":"https:\/\/standuppaddleboardworld.com\/de\/wp-json\/wp\/v2\/pages\/10673"}],"wp:featuredmedia":[{"embeddable":true,"href":"https:\/\/standuppaddleboardworld.com\/de\/wp-json\/wp\/v2\/media\/8865"}],"wp:attachment":[{"href":"https:\/\/standuppaddleboardworld.com\/de\/wp-json\/wp\/v2\/media?parent=10668"}],"wp:term":[{"taxonomy":"category","embeddable":true,"href":"https:\/\/standuppaddleboardworld.com\/de\/wp-json\/wp\/v2\/categories?post=10668"},{"taxonomy":"post_tag","embeddable":true,"href":"https:\/\/standuppaddleboardworld.com\/de\/wp-json\/wp\/v2\/tags?post=10668"}],"curies":[{"name":"wp","href":"https:\/\/api.w.org\/{rel}","templated":true}]}}